{"id":44927,"date":"2025-12-27T06:33:53","date_gmt":"2025-12-27T06:33:53","guid":{"rendered":"https:\/\/vozolvapen.de\/?post_type=product&#038;p=44927"},"modified":"2026-02-10T11:00:22","modified_gmt":"2026-02-10T11:00:22","slug":"hifancy-storm-40000-strawberry-cherry-bubblegum","status":"publish","type":"product","link":"http:\/\/vozolvapen.de\/pl\/product\/hifancy-storm-40000-strawberry-cherry-bubblegum\/","title":{"rendered":"Hifancy Storm 40000 - Strawberry Cherry Bubblegum"},"content":{"rendered":"<h1 data-path-to-node=\"2\"><b data-path-to-node=\"2\" data-index-in-node=\"0\">HIFANCY STORM 40000 - Strawberry Cherry Bubblegum<\/b><\/h1>\n<p data-path-to-node=\"3\"><b class=\"\" data-path-to-node=\"3\" data-index-in-node=\"0\">Wprowadzenie do smaku:<\/b><span class=\"\"> Strawberry Cherry Bubblegum to nostalgiczny zapach,<\/span><span class=\"\"> wielowarstwowe arcydzie\u0142o zaprojektowane dla vaper\u00f3w, kt\u00f3rzy lubi\u0105 s\u0142odycze.<\/span><span class=\"\"> To <\/span><b class=\"\" data-path-to-node=\"3\" data-index-in-node=\"136\">HIFANCY STORM 40000<\/b><span class=\"\"> Sok \u0142\u0105czy dojrza\u0142\u0105 w s\u0142o\u0144cu s\u0142odycz truskawek z wyrazist\u0105 cierpko\u015bci\u0105 ciemnych wi\u015bni,<\/span><span class=\"\"> a wszystko to w klasycznym wydaniu,<\/span><span class=\"\"> s\u0142odki finisz z gumy balonowej.<\/span><span class=\"\"> Futurystyczny <\/span><b class=\"\" data-path-to-node=\"3\" data-index-in-node=\"318\">Pe\u0142ny ekran<\/b><span class=\"\"> oraz <\/span><b class=\"\" data-path-to-node=\"3\" data-index-in-node=\"334\">Prze\u0142\u0105cznik dotykowy<\/b><span class=\"\"> pozwala monitorowa\u0107 poziom 78 ml e-liquidu podczas delektowania si\u0119 t\u0105 inspirowan\u0105 cukierkami chmur\u0105.<\/span><span class=\"\"> Z <\/span><b class=\"\" data-path-to-node=\"3\" data-index-in-node=\"443\">Regulowany stopie\u0144 oblodzenia<\/b><span class=\"\">,<\/span><span class=\"\"> Mo\u017cesz wybra\u0107 mi\u0119dzy \u017cuciem w temperaturze pokojowej lub sch\u0142odzonym cukierkiem.<\/span><\/p>\n<h2 data-path-to-node=\"4\"><b class=\"\" data-path-to-node=\"4\" data-index-in-node=\"0\">Dlaczego warto wybra\u0107 HIFANCY STORM 40000 Strawberry Cherry Bubblegum?<\/b><\/h2>\n<ul data-path-to-node=\"5\">\n<li>\n<p data-path-to-node=\"5,0,0\"><b class=\"\" data-path-to-node=\"5,0,0\" data-index-in-node=\"0\">Z\u0142o\u017cony profil s\u0142odyczy:<\/b><span class=\"\"> Smak 3 w 1, kt\u00f3ry ewoluuje od owoc\u00f3w do cukierk\u00f3w z ka\u017cdym zaci\u0105gni\u0119ciem.<\/span><\/p>\n<\/li>\n<li>\n<p data-path-to-node=\"5,1,0\"><b class=\"\" data-path-to-node=\"5,1,0\" data-index-in-node=\"0\">Ogromna pojemno\u015b\u0107 78 ml:<\/b><span class=\"\"> Zasilany przez potr\u00f3jny system pod\u00f3w,<\/span><span class=\"\"> zapewniaj\u0105c, \u017ce ulubiony smak gumy balonowej utrzymuje si\u0119 przez ca\u0142y czas. <\/span><b class=\"\" data-path-to-node=\"5,1,0\" data-index-in-node=\"114\">40000 zaci\u0105gni\u0119\u0107<\/b><span class=\"\">.<\/span><\/p>\n<\/li>\n<li>\n<p data-path-to-node=\"5,2,0\"><b class=\"\" data-path-to-node=\"5,2,0\" data-index-in-node=\"0\">Interaktywna technologia:<\/b><span class=\"\"> Pierwszy w bran\u017cy <\/span><b class=\"\" data-path-to-node=\"5,2,0\" data-index-in-node=\"37\">Prze\u0142\u0105cznik dotykowy<\/b><span class=\"\"> sprawia, \u017ce nawigacja po ustawieniach jest tak \u0142atwa, jak korzystanie ze smartfona.<\/span><\/p>\n<\/li>\n<\/ul>\n<h3 data-path-to-node=\"55\"><b>Kluczowe specyfikacje Hifancy Storm 40000<\/b><\/h3>\n<table data-path-to-node=\"4\">\n<thead>\n<tr>\n<td><strong>Specyfikacja techniczna<\/strong><\/td>\n<td><strong>Dane dotycz\u0105ce wydajno\u015bci HIFANCY STORM 40000<\/strong><\/td>\n<\/tr>\n<\/thead>\n<tbody>\n<tr>\n<td><span data-path-to-node=\"4,1,0,0\"><b data-path-to-node=\"4,1,0,0\" data-index-in-node=\"0\">Nazwa modelu<\/b><\/span><\/td>\n<td><span data-path-to-node=\"4,1,1,0\">HIFANCY STORM 40000<\/span><\/td>\n<\/tr>\n<tr>\n<td><span data-path-to-node=\"4,2,0,0\"><b data-path-to-node=\"4,2,0,0\" data-index-in-node=\"0\">Interfejs u\u017cytkownika<\/b><\/span><\/td>\n<td><span data-path-to-node=\"4,2,1,0\"><b data-path-to-node=\"4,2,1,0\" data-index-in-node=\"0\">W pe\u0142ni inteligentny ekran i sterowanie prze\u0142\u0105cznikiem dotykowym<\/b><\/span><\/td>\n<\/tr>\n<tr>\n<td><span data-path-to-node=\"4,3,0,0\"><b data-path-to-node=\"4,3,0,0\" data-index-in-node=\"0\">Uk\u0142ad ch\u0142odzenia<\/b><\/span><\/td>\n<td><span data-path-to-node=\"4,3,1,0\"><b data-path-to-node=\"4,3,1,0\" data-index-in-node=\"0\">Regulowany stopie\u0144 oblodzenia (wielopoziomowy)<\/b><\/span><\/td>\n<\/tr>\n<tr>\n<td><span data-path-to-node=\"4,4,0,0\"><b data-path-to-node=\"4,4,0,0\" data-index-in-node=\"0\">Rdze\u0144 rozpylacza<\/b><\/span><\/td>\n<td><span data-path-to-node=\"4,4,1,0\">Ulepszona cewka siatkowa 1,0\u03a9<\/span><\/td>\n<\/tr>\n<tr>\n<td><span data-path-to-node=\"4,5,0,0\"><b data-path-to-node=\"4,5,0,0\" data-index-in-node=\"0\">Architektura zbiornik\u00f3w<\/b><\/span><\/td>\n<td><span data-path-to-node=\"4,5,1,0\"><b data-path-to-node=\"4,5,1,0\" data-index-in-node=\"0\">Podw\u00f3jny\/potr\u00f3jny system silos\u00f3w olejowych<\/b><\/span><\/td>\n<\/tr>\n<tr>\n<td><span data-path-to-node=\"4,6,0,0\"><b data-path-to-node=\"4,6,0,0\" data-index-in-node=\"0\">Pojemno\u015b\u0107 dmuchawy<\/b><\/span><\/td>\n<td><span data-path-to-node=\"4,6,1,0\">Do 40 000 zaci\u0105gni\u0119\u0107<\/span><\/td>\n<\/tr>\n<tr>\n<td><span data-path-to-node=\"4,7,0,0\"><b data-path-to-node=\"4,7,0,0\" data-index-in-node=\"0\">Port \u0142adowania<\/b><\/span><\/td>\n<td><span data-path-to-node=\"4,7,1,0\">Szybki akumulator typu C<\/span><\/td>\n<\/tr>\n<\/tbody>\n<\/table>\n<h3 dir=\"auto\">Oto dalsze zalecenia dla Ciebie:<\/h3>\n<p dir=\"auto\">Odkryj jeszcze wi\u0119cej niesamowitych smak\u00f3w dzi\u0119ki Hifancy Storm 40000 Puff Vape!<\/p>\n<p dir=\"auto\"><a href=\"https:\/\/vozolvapen.de\/pl\/product-category\/hifancy-vape\/hifancy-storm-40000-puffs-vape\/\" target=\"_blank\" rel=\"noopener noreferrer nofollow\">Zobacz wszystkie odmiany tutaj \u2192<\/a><\/p>\n<p dir=\"auto\">Zapoznaj si\u0119 z nasz\u0105 pe\u0142n\u0105 kolekcj\u0105 i kupuj produkty najlepszych marek vape, kt\u00f3re pokochasz.<\/p>\n<p dir=\"auto\"><a href=\"https:\/\/vozolvapen.de\/pl\/\" target=\"_blank\" rel=\"noopener noreferrer nofollow\">Przegl\u0105daj teraz wszystkie marki \u2192<\/a><\/p>\n<p dir=\"auto\">Sprawd\u017a ca\u0142\u0105 seri\u0119 Hifancy Vape - ka\u017cdy smak, ka\u017cdy styl!<\/p>\n<p dir=\"auto\"><a href=\"https:\/\/vozolvapen.de\/pl\/product-category\/hifancy-vape\/\" target=\"_blank\" rel=\"noopener noreferrer nofollow\">Zobacz pe\u0142n\u0105 kolekcj\u0119 Hifancy Vape \u2192<\/a><\/p>","protected":false},"excerpt":{"rendered":"<p>Nostalgiczna mieszanka cukierk\u00f3w 3 w 1. HIFANCY STORM 40000 zapewnia 40 000 zaci\u0105gni\u0119\u0107 s\u0142odk\u0105 truskawkow\u0105 i cierpk\u0105 wi\u015bniow\u0105 gum\u0105 balonow\u0105 z mo\u017cliwo\u015bci\u0105 dostosowania poziomu lodu.<\/p>","protected":false},"featured_media":45267,"comment_status":"open","ping_status":"closed","template":"","meta":{"_acf_changed":false},"product_brand":[],"product_cat":[134,98],"product_tag":[],"class_list":{"0":"post-44927","1":"product","2":"type-product","3":"status-publish","4":"has-post-thumbnail","6":"product_cat-eu-warehouse-in-stock","7":"product_cat-hifancy-storm-40000-puffs-vape","9":"first","10":"instock","11":"shipping-taxable","12":"purchasable","13":"product-type-variable"},"acf":[],"yoast_head":"<!-- This site is optimized with the Yoast SEO Premium plugin v26.1 (Yoast SEO v27.5) - https:\/\/yoast.com\/product\/yoast-seo-premium-wordpress\/ -->\n<title>Strawberry Cherry Bubblegum HIFANCY STORM 40000 Puffs - vozolvapen<\/title>\n<meta name=\"description\" content=\"Shop Strawberry Cherry Bubblegum HIFANCY 40k. 78mL capacity, Touch Switch, and Adjustable Ice. Fast EU shipping for 40000 puffs.\" \/>\n<meta name=\"robots\" content=\"index, follow, max-snippet:-1, max-image-preview:large, max-video-preview:-1\" \/>\n<link rel=\"canonical\" href=\"https:\/\/vozolvapen.de\/pl\/product\/hifancy-storm-40000-strawberry-cherry-bubblegum\/\" \/>\n<meta property=\"og:locale\" content=\"pl_PL\" \/>\n<meta property=\"og:type\" content=\"article\" \/>\n<meta property=\"og:title\" content=\"Hifancy Storm 40000 - Strawberry Cherry Bubblegum\" \/>\n<meta property=\"og:description\" content=\"Shop Strawberry Cherry Bubblegum HIFANCY 40k. 78mL capacity, Touch Switch, and Adjustable Ice. Fast EU shipping for 40000 puffs.\" \/>\n<meta property=\"og:url\" content=\"https:\/\/vozolvapen.de\/pl\/product\/hifancy-storm-40000-strawberry-cherry-bubblegum\/\" \/>\n<meta property=\"og:site_name\" content=\"vozolvapen\" \/>\n<meta property=\"article:modified_time\" content=\"2026-02-10T11:00:22+00:00\" \/>\n<meta property=\"og:image\" content=\"https:\/\/vozolvapen.de\/wp-content\/uploads\/2025\/12\/HIFANCY-STORM-40000-Strawberry-Cherry-Bubblegum.webp\" \/>\n\t<meta property=\"og:image:width\" content=\"1000\" \/>\n\t<meta property=\"og:image:height\" content=\"1000\" \/>\n\t<meta property=\"og:image:type\" content=\"image\/webp\" \/>\n<meta name=\"twitter:card\" content=\"summary_large_image\" \/>\n<meta name=\"twitter:label1\" content=\"Szacowany czas czytania\" \/>\n\t<meta name=\"twitter:data1\" content=\"2 minuty\" \/>\n<script type=\"application\/ld+json\" class=\"yoast-schema-graph\">{\"@context\":\"https:\\\/\\\/schema.org\",\"@graph\":[{\"@type\":\"WebPage\",\"@id\":\"https:\\\/\\\/vozolvapen.de\\\/product\\\/hifancy-storm-40000-strawberry-cherry-bubblegum\\\/\",\"url\":\"https:\\\/\\\/vozolvapen.de\\\/product\\\/hifancy-storm-40000-strawberry-cherry-bubblegum\\\/\",\"name\":\"Strawberry Cherry Bubblegum HIFANCY STORM 40000 Puffs - vozolvapen\",\"isPartOf\":{\"@id\":\"https:\\\/\\\/vozolvapen.de\\\/#website\"},\"primaryImageOfPage\":{\"@id\":\"https:\\\/\\\/vozolvapen.de\\\/product\\\/hifancy-storm-40000-strawberry-cherry-bubblegum\\\/#primaryimage\"},\"image\":{\"@id\":\"https:\\\/\\\/vozolvapen.de\\\/product\\\/hifancy-storm-40000-strawberry-cherry-bubblegum\\\/#primaryimage\"},\"thumbnailUrl\":\"https:\\\/\\\/vozolvapen.de\\\/wp-content\\\/uploads\\\/2025\\\/12\\\/HIFANCY-STORM-40000-Strawberry-Cherry-Bubblegum.webp\",\"datePublished\":\"2025-12-27T06:33:53+00:00\",\"dateModified\":\"2026-02-10T11:00:22+00:00\",\"description\":\"Shop Strawberry Cherry Bubblegum HIFANCY 40k. 78mL capacity, Touch Switch, and Adjustable Ice. Fast EU shipping for 40000 puffs.\",\"breadcrumb\":{\"@id\":\"https:\\\/\\\/vozolvapen.de\\\/product\\\/hifancy-storm-40000-strawberry-cherry-bubblegum\\\/#breadcrumb\"},\"inLanguage\":\"pl-PL\",\"potentialAction\":[{\"@type\":\"ReadAction\",\"target\":[\"https:\\\/\\\/vozolvapen.de\\\/product\\\/hifancy-storm-40000-strawberry-cherry-bubblegum\\\/\"]}]},{\"@type\":\"ImageObject\",\"inLanguage\":\"pl-PL\",\"@id\":\"https:\\\/\\\/vozolvapen.de\\\/product\\\/hifancy-storm-40000-strawberry-cherry-bubblegum\\\/#primaryimage\",\"url\":\"https:\\\/\\\/vozolvapen.de\\\/wp-content\\\/uploads\\\/2025\\\/12\\\/HIFANCY-STORM-40000-Strawberry-Cherry-Bubblegum.webp\",\"contentUrl\":\"https:\\\/\\\/vozolvapen.de\\\/wp-content\\\/uploads\\\/2025\\\/12\\\/HIFANCY-STORM-40000-Strawberry-Cherry-Bubblegum.webp\",\"width\":1000,\"height\":1000,\"caption\":\"HIFANCY STORM 40000 - Strawberry Cherry Bubblegum\"},{\"@type\":\"BreadcrumbList\",\"@id\":\"https:\\\/\\\/vozolvapen.de\\\/product\\\/hifancy-storm-40000-strawberry-cherry-bubblegum\\\/#breadcrumb\",\"itemListElement\":[{\"@type\":\"ListItem\",\"position\":1,\"name\":\"Home\",\"item\":\"https:\\\/\\\/vozolvapen.de\\\/de\\\/\"},{\"@type\":\"ListItem\",\"position\":2,\"name\":\"Shop\",\"item\":\"https:\\\/\\\/vozolvapen.de\\\/shop\\\/\"},{\"@type\":\"ListItem\",\"position\":3,\"name\":\"Hifancy Storm 40000 &#8211; Strawberry Cherry Bubblegum\"}]},{\"@type\":\"WebSite\",\"@id\":\"https:\\\/\\\/vozolvapen.de\\\/#website\",\"url\":\"https:\\\/\\\/vozolvapen.de\\\/\",\"name\":\"vozolvapen\",\"description\":\"vozolvapen\",\"publisher\":{\"@id\":\"https:\\\/\\\/vozolvapen.de\\\/#organization\"},\"potentialAction\":[{\"@type\":\"SearchAction\",\"target\":{\"@type\":\"EntryPoint\",\"urlTemplate\":\"https:\\\/\\\/vozolvapen.de\\\/?s={search_term_string}\"},\"query-input\":{\"@type\":\"PropertyValueSpecification\",\"valueRequired\":true,\"valueName\":\"search_term_string\"}}],\"inLanguage\":\"pl-PL\"},{\"@type\":\"Organization\",\"@id\":\"https:\\\/\\\/vozolvapen.de\\\/#organization\",\"name\":\"vozolvapen\",\"url\":\"https:\\\/\\\/vozolvapen.de\\\/\",\"logo\":{\"@type\":\"ImageObject\",\"inLanguage\":\"pl-PL\",\"@id\":\"https:\\\/\\\/vozolvapen.de\\\/#\\\/schema\\\/logo\\\/image\\\/\",\"url\":\"https:\\\/\\\/vozolvapen.de\\\/wp-content\\\/uploads\\\/2025\\\/12\\\/cropped-vozovapen-logo.webp\",\"contentUrl\":\"https:\\\/\\\/vozolvapen.de\\\/wp-content\\\/uploads\\\/2025\\\/12\\\/cropped-vozovapen-logo.webp\",\"width\":470,\"height\":110,\"caption\":\"vozolvapen\"},\"image\":{\"@id\":\"https:\\\/\\\/vozolvapen.de\\\/#\\\/schema\\\/logo\\\/image\\\/\"}}]}<\/script>\n<!-- \/ Yoast SEO Premium plugin. -->","yoast_head_json":{"title":"Strawberry Cherry Bubblegum HIFANCY STORM 40000 Puffs - vozolvapen","description":"Sklep Strawberry Cherry Bubblegum HIFANCY 40k. Pojemno\u015b\u0107 78 ml, prze\u0142\u0105cznik dotykowy i regulowany l\u00f3d. Szybka wysy\u0142ka na terenie UE za 40000 zaci\u0105gni\u0119\u0107.","robots":{"index":"index","follow":"follow","max-snippet":"max-snippet:-1","max-image-preview":"max-image-preview:large","max-video-preview":"max-video-preview:-1"},"canonical":"https:\/\/vozolvapen.de\/pl\/product\/hifancy-storm-40000-strawberry-cherry-bubblegum\/","og_locale":"pl_PL","og_type":"article","og_title":"Hifancy Storm 40000 - Strawberry Cherry Bubblegum","og_description":"Shop Strawberry Cherry Bubblegum HIFANCY 40k. 78mL capacity, Touch Switch, and Adjustable Ice. Fast EU shipping for 40000 puffs.","og_url":"https:\/\/vozolvapen.de\/pl\/product\/hifancy-storm-40000-strawberry-cherry-bubblegum\/","og_site_name":"vozolvapen","article_modified_time":"2026-02-10T11:00:22+00:00","og_image":[{"width":1000,"height":1000,"url":"https:\/\/vozolvapen.de\/wp-content\/uploads\/2025\/12\/HIFANCY-STORM-40000-Strawberry-Cherry-Bubblegum.webp","type":"image\/webp"}],"twitter_card":"summary_large_image","twitter_misc":{"Szacowany czas czytania":"2 minuty"},"schema":{"@context":"https:\/\/schema.org","@graph":[{"@type":"WebPage","@id":"https:\/\/vozolvapen.de\/product\/hifancy-storm-40000-strawberry-cherry-bubblegum\/","url":"https:\/\/vozolvapen.de\/product\/hifancy-storm-40000-strawberry-cherry-bubblegum\/","name":"Strawberry Cherry Bubblegum HIFANCY STORM 40000 Puffs - vozolvapen","isPartOf":{"@id":"https:\/\/vozolvapen.de\/#website"},"primaryImageOfPage":{"@id":"https:\/\/vozolvapen.de\/product\/hifancy-storm-40000-strawberry-cherry-bubblegum\/#primaryimage"},"image":{"@id":"https:\/\/vozolvapen.de\/product\/hifancy-storm-40000-strawberry-cherry-bubblegum\/#primaryimage"},"thumbnailUrl":"https:\/\/vozolvapen.de\/wp-content\/uploads\/2025\/12\/HIFANCY-STORM-40000-Strawberry-Cherry-Bubblegum.webp","datePublished":"2025-12-27T06:33:53+00:00","dateModified":"2026-02-10T11:00:22+00:00","description":"Sklep Strawberry Cherry Bubblegum HIFANCY 40k. Pojemno\u015b\u0107 78 ml, prze\u0142\u0105cznik dotykowy i regulowany l\u00f3d. Szybka wysy\u0142ka na terenie UE za 40000 zaci\u0105gni\u0119\u0107.","breadcrumb":{"@id":"https:\/\/vozolvapen.de\/product\/hifancy-storm-40000-strawberry-cherry-bubblegum\/#breadcrumb"},"inLanguage":"pl-PL","potentialAction":[{"@type":"ReadAction","target":["https:\/\/vozolvapen.de\/product\/hifancy-storm-40000-strawberry-cherry-bubblegum\/"]}]},{"@type":"ImageObject","inLanguage":"pl-PL","@id":"https:\/\/vozolvapen.de\/product\/hifancy-storm-40000-strawberry-cherry-bubblegum\/#primaryimage","url":"https:\/\/vozolvapen.de\/wp-content\/uploads\/2025\/12\/HIFANCY-STORM-40000-Strawberry-Cherry-Bubblegum.webp","contentUrl":"https:\/\/vozolvapen.de\/wp-content\/uploads\/2025\/12\/HIFANCY-STORM-40000-Strawberry-Cherry-Bubblegum.webp","width":1000,"height":1000,"caption":"HIFANCY STORM 40000 - Strawberry Cherry Bubblegum"},{"@type":"BreadcrumbList","@id":"https:\/\/vozolvapen.de\/product\/hifancy-storm-40000-strawberry-cherry-bubblegum\/#breadcrumb","itemListElement":[{"@type":"ListItem","position":1,"name":"Home","item":"https:\/\/vozolvapen.de\/de\/"},{"@type":"ListItem","position":2,"name":"Shop","item":"https:\/\/vozolvapen.de\/shop\/"},{"@type":"ListItem","position":3,"name":"Hifancy Storm 40000 &#8211; Strawberry Cherry Bubblegum"}]},{"@type":"WebSite","@id":"https:\/\/vozolvapen.de\/#website","url":"https:\/\/vozolvapen.de\/","name":"vozolvapen","description":"vozolvapen","publisher":{"@id":"https:\/\/vozolvapen.de\/#organization"},"potentialAction":[{"@type":"SearchAction","target":{"@type":"EntryPoint","urlTemplate":"https:\/\/vozolvapen.de\/?s={search_term_string}"},"query-input":{"@type":"PropertyValueSpecification","valueRequired":true,"valueName":"search_term_string"}}],"inLanguage":"pl-PL"},{"@type":"Organization","@id":"https:\/\/vozolvapen.de\/#organization","name":"vozolvapen","url":"https:\/\/vozolvapen.de\/","logo":{"@type":"ImageObject","inLanguage":"pl-PL","@id":"https:\/\/vozolvapen.de\/#\/schema\/logo\/image\/","url":"https:\/\/vozolvapen.de\/wp-content\/uploads\/2025\/12\/cropped-vozovapen-logo.webp","contentUrl":"https:\/\/vozolvapen.de\/wp-content\/uploads\/2025\/12\/cropped-vozovapen-logo.webp","width":470,"height":110,"caption":"vozolvapen"},"image":{"@id":"https:\/\/vozolvapen.de\/#\/schema\/logo\/image\/"}}]}},"tiered_pricing_type":"fixed","tiered_pricing_fixed_rules":{"30":"13.4","50":"10.7","100":"9","200":"8"},"tiered_pricing_product_settings":{"layout":"default","base_unit_name":{"singular":null,"plural":null},"default_variation":null},"tiered_pricing_minimum_quantity":10,"tiered_pricing_roles_data":[],"tiered_pricing_percentage_rules":[],"tiered_pricing_maximum_quantity":null,"tiered_pricing_quantity_step":"10","_links":{"self":[{"href":"http:\/\/vozolvapen.de\/pl\/wp-json\/wp\/v2\/product\/44927","targetHints":{"allow":["GET"]}}],"collection":[{"href":"http:\/\/vozolvapen.de\/pl\/wp-json\/wp\/v2\/product"}],"about":[{"href":"http:\/\/vozolvapen.de\/pl\/wp-json\/wp\/v2\/types\/product"}],"replies":[{"embeddable":true,"href":"http:\/\/vozolvapen.de\/pl\/wp-json\/wp\/v2\/comments?post=44927"}],"wp:featuredmedia":[{"embeddable":true,"href":"http:\/\/vozolvapen.de\/pl\/wp-json\/wp\/v2\/media\/45267"}],"wp:attachment":[{"href":"http:\/\/vozolvapen.de\/pl\/wp-json\/wp\/v2\/media?parent=44927"}],"wp:term":[{"taxonomy":"product_brand","embeddable":true,"href":"http:\/\/vozolvapen.de\/pl\/wp-json\/wp\/v2\/product_brand?post=44927"},{"taxonomy":"product_cat","embeddable":true,"href":"http:\/\/vozolvapen.de\/pl\/wp-json\/wp\/v2\/product_cat?post=44927"},{"taxonomy":"product_tag","embeddable":true,"href":"http:\/\/vozolvapen.de\/pl\/wp-json\/wp\/v2\/product_tag?post=44927"}],"curies":[{"name":"wp","href":"https:\/\/api.w.org\/{rel}","templated":true}]}}