{"id":45029,"date":"2025-12-27T06:33:59","date_gmt":"2025-12-27T06:33:59","guid":{"rendered":"https:\/\/vozolvapen.de\/?post_type=product&#038;p=45029"},"modified":"2026-02-10T11:00:15","modified_gmt":"2026-02-10T11:00:15","slug":"hifancy-storm-40000-blue-razz-lemon","status":"publish","type":"product","link":"http:\/\/vozolvapen.de\/pl\/product\/hifancy-storm-40000-blue-razz-lemon\/","title":{"rendered":"Hifancy Storm 40000 - Blue Razz Lemon"},"content":{"rendered":"<h1 data-path-to-node=\"20\"><b data-path-to-node=\"20\" data-index-in-node=\"0\">HIFANCY STORM 40000 - Blue Razz Lemon<\/b><\/h1>\n<p data-path-to-node=\"21\"><b data-path-to-node=\"21\" data-index-in-node=\"0\">Wprowadzenie do smaku:<\/b> Blue Razz Lemon to elektryczny duet, kt\u00f3ry r\u00f3wnowa\u017cy s\u0142odkie niebieskie maliny z ostr\u0105, kwa\u015bn\u0105 nut\u0105 cytryny. To <b data-path-to-node=\"21\" data-index-in-node=\"133\">HIFANCY STORM 40000<\/b> Profil zosta\u0142 zaprojektowany tak, aby mrowi\u0107 j\u0119zyk podczas wdechu i pozostawia\u0107 orze\u017awiaj\u0105c\u0105 cytrusow\u0105 sk\u00f3rk\u0119 podczas wydechu. Z <b data-path-to-node=\"21\" data-index-in-node=\"264\">40000 zaci\u0105gni\u0119\u0107<\/b> potencja\u0142u, urz\u0105dzenie to wykorzystuje sw\u00f3j <b data-path-to-node=\"21\" data-index-in-node=\"315\">Podw\u00f3jne silosy olejowe<\/b> aby zachowa\u0107 integralno\u015b\u0107 smaku, zapobiegaj\u0105c powszechnemu \u201cblakni\u0119ciu\u201d wyst\u0119puj\u0105cemu w mniejszych waporyzatorach. Waporyzator <b data-path-to-node=\"21\" data-index-in-node=\"421\">Pe\u0142ny ekran<\/b> zapewnia zaawansowany technologicznie wygl\u0105d, kt\u00f3ry pasuje do odwa\u017cnego smaku wewn\u0105trz.<\/p>\n<h2 data-path-to-node=\"22\"><b data-path-to-node=\"22\" data-index-in-node=\"0\">Dlaczego warto wybra\u0107 HIFANCY STORM 40000 Blue Razz Lemon?<\/b><\/h2>\n<ul data-path-to-node=\"23\">\n<li>\n<p data-path-to-node=\"23,0,0\"><b data-path-to-node=\"23,0,0\" data-index-in-node=\"0\">Tantalizing Balance:<\/b> Mistrzowska klasa w \u201cs\u0142odkim i kwa\u015bnym\u201d, kt\u00f3ra orze\u017awia podniebienie przez ca\u0142y dzie\u0144.<\/p>\n<\/li>\n<li>\n<p data-path-to-node=\"23,1,0\"><b data-path-to-node=\"23,1,0\" data-index-in-node=\"0\">Wysoka liczba zaci\u0105gni\u0119\u0107:<\/b> Jeden <b data-path-to-node=\"23,1,0\" data-index-in-node=\"21\">HIFANCY 40000<\/b> zast\u0119puje dziesi\u0105tki mniejszych jednoraz\u00f3wek, dzi\u0119ki czemu jest ekologiczny i op\u0142acalny.<\/p>\n<\/li>\n<li>\n<p data-path-to-node=\"23,2,0\"><b data-path-to-node=\"23,2,0\" data-index-in-node=\"0\">Reakcja na dotyk:<\/b> The <b data-path-to-node=\"23,2,0\" data-index-in-node=\"22\">Prze\u0142\u0105cznik dotykowy<\/b> umo\u017cliwia \u0142atw\u0105 nawigacj\u0119 po funkcjach urz\u0105dzenia.<\/p>\n<\/li>\n<\/ul>\n<h3 data-path-to-node=\"55\"><b>Kluczowe specyfikacje Hifancy Storm 40000<\/b><\/h3>\n<table data-path-to-node=\"12\">\n<thead>\n<tr>\n<td><strong>Specyfikacja zasilania B2B<\/strong><\/td>\n<td><strong>HIFANCY STORM 40000 Bulk Data<\/strong><\/td>\n<\/tr>\n<\/thead>\n<tbody>\n<tr>\n<td><span data-path-to-node=\"12,1,0,0\"><b data-path-to-node=\"12,1,0,0\" data-index-in-node=\"0\">To\u017csamo\u015b\u0107 marki<\/b><\/span><\/td>\n<td><span data-path-to-node=\"12,1,1,0\">HIFANCY Vape Official<\/span><\/td>\n<\/tr>\n<tr>\n<td><span data-path-to-node=\"12,2,0,0\"><b data-path-to-node=\"12,2,0,0\" data-index-in-node=\"0\">Pochodzenie wysy\u0142ki<\/b><\/span><\/td>\n<td><span data-path-to-node=\"12,2,1,0\"><b data-path-to-node=\"12,2,1,0\" data-index-in-node=\"0\">Magazyn europejski (bezc\u0142owy)<\/b><\/span><\/td>\n<\/tr>\n<tr>\n<td><span data-path-to-node=\"12,3,0,0\"><b data-path-to-node=\"12,3,0,0\" data-index-in-node=\"0\">Okno dostawy<\/b><\/span><\/td>\n<td><span data-path-to-node=\"12,3,1,0\">1-3 dni robocze (ekspresowa wysy\u0142ka do UE)<\/span><\/td>\n<\/tr>\n<tr>\n<td><span data-path-to-node=\"12,4,0,0\"><b data-path-to-node=\"12,4,0,0\" data-index-in-node=\"0\">Opakowanie standardowe<\/b><\/span><\/td>\n<td><span data-path-to-node=\"12,4,1,0\">10 sztuk w pude\u0142ku ekspozycyjnym<\/span><\/td>\n<\/tr>\n<tr>\n<td><span data-path-to-node=\"12,5,0,0\"><b data-path-to-node=\"12,5,0,0\" data-index-in-node=\"0\">Jednostka Waga<\/b><\/span><\/td>\n<td><span data-path-to-node=\"12,5,1,0\">130g Profesjonalna konstrukcja<\/span><\/td>\n<\/tr>\n<tr>\n<td><span data-path-to-node=\"12,6,0,0\"><b data-path-to-node=\"12,6,0,0\" data-index-in-node=\"0\">Stan zapas\u00f3w<\/b><\/span><\/td>\n<td><span data-path-to-node=\"12,6,1,0\">Gotowe do zam\u00f3wienia zbiorczego \/ w magazynie<\/span><\/td>\n<\/tr>\n<tr>\n<td><span data-path-to-node=\"12,7,0,0\"><b data-path-to-node=\"12,7,0,0\" data-index-in-node=\"0\">Ca\u0142kowity zbiornik<\/b><\/span><\/td>\n<td><span data-path-to-node=\"12,7,1,0\">78 ml (26 ml + 26 ml + 26 ml)<\/span><\/td>\n<\/tr>\n<\/tbody>\n<\/table>\n<h3 dir=\"auto\">Oto dalsze zalecenia dla Ciebie:<\/h3>\n<p dir=\"auto\">Odkryj jeszcze wi\u0119cej niesamowitych smak\u00f3w dzi\u0119ki Hifancy Storm 40000 Puff Vape!<\/p>\n<p dir=\"auto\"><a href=\"https:\/\/vozolvapen.de\/pl\/product-category\/hifancy-vape\/hifancy-storm-40000-puffs-vape\/\" target=\"_blank\" rel=\"noopener noreferrer nofollow\">Zobacz wszystkie odmiany tutaj \u2192<\/a><\/p>\n<p dir=\"auto\">Zapoznaj si\u0119 z nasz\u0105 pe\u0142n\u0105 kolekcj\u0105 i kupuj produkty najlepszych marek vape, kt\u00f3re pokochasz.<\/p>\n<p dir=\"auto\"><a href=\"https:\/\/vozolvapen.de\/pl\/\" target=\"_blank\" rel=\"noopener noreferrer nofollow\">Przegl\u0105daj teraz wszystkie marki \u2192<\/a><\/p>\n<p dir=\"auto\">Sprawd\u017a ca\u0142\u0105 seri\u0119 Hifancy Vape - ka\u017cdy smak, ka\u017cdy styl!<\/p>\n<p dir=\"auto\"><a href=\"https:\/\/vozolvapen.de\/pl\/product-category\/hifancy-vape\/\" target=\"_blank\" rel=\"noopener noreferrer nofollow\">Zobacz pe\u0142n\u0105 kolekcj\u0119 Hifancy Vape \u2192<\/a><\/p>","protected":false},"excerpt":{"rendered":"<p>S\u0142odka niebieska malina z ostr\u0105 cytrynow\u0105 nut\u0105. Ta jednorazowa fajka wodna o du\u017cej pojemno\u015bci 40000 zaci\u0105gni\u0119\u0107 zapewnia sta\u0142y smak dzi\u0119ki cewce siatkowej 1,0\u03a9.<\/p>","protected":false},"featured_media":45270,"comment_status":"open","ping_status":"closed","template":"","meta":{"_acf_changed":false},"product_brand":[],"product_cat":[134,98],"product_tag":[],"class_list":{"0":"post-45029","1":"product","2":"type-product","3":"status-publish","4":"has-post-thumbnail","6":"product_cat-eu-warehouse-in-stock","7":"product_cat-hifancy-storm-40000-puffs-vape","9":"first","10":"instock","11":"shipping-taxable","12":"purchasable","13":"product-type-variable"},"acf":[],"yoast_head":"<!-- This site is optimized with the Yoast SEO Premium plugin v26.1 (Yoast SEO v27.5) - https:\/\/yoast.com\/product\/yoast-seo-premium-wordpress\/ -->\n<title>Blue Razz Lemon HIFANCY STORM 40000 Vape - vozolvapen<\/title>\n<meta name=\"description\" content=\"Electric Blue Razz Lemon by HIFANCY 40k. 40,000 puffs, Triple Pod system, and Adjustable Cooling. Wholesale prices from EU stock.\" \/>\n<meta name=\"robots\" content=\"index, follow, max-snippet:-1, max-image-preview:large, max-video-preview:-1\" \/>\n<link rel=\"canonical\" href=\"https:\/\/vozolvapen.de\/pl\/product\/hifancy-storm-40000-blue-razz-lemon\/\" \/>\n<meta property=\"og:locale\" content=\"pl_PL\" \/>\n<meta property=\"og:type\" content=\"article\" \/>\n<meta property=\"og:title\" content=\"Hifancy Storm 40000 - Blue Razz Lemon\" \/>\n<meta property=\"og:description\" content=\"Electric Blue Razz Lemon by HIFANCY 40k. 40,000 puffs, Triple Pod system, and Adjustable Cooling. Wholesale prices from EU stock.\" \/>\n<meta property=\"og:url\" content=\"https:\/\/vozolvapen.de\/pl\/product\/hifancy-storm-40000-blue-razz-lemon\/\" \/>\n<meta property=\"og:site_name\" content=\"vozolvapen\" \/>\n<meta property=\"article:modified_time\" content=\"2026-02-10T11:00:15+00:00\" \/>\n<meta property=\"og:image\" content=\"https:\/\/vozolvapen.de\/wp-content\/uploads\/2025\/12\/HIFANCY-STORM-40000-Blue-Razz-Lemon.webp\" \/>\n\t<meta property=\"og:image:width\" content=\"1000\" \/>\n\t<meta property=\"og:image:height\" content=\"1000\" \/>\n\t<meta property=\"og:image:type\" content=\"image\/webp\" \/>\n<meta name=\"twitter:card\" content=\"summary_large_image\" \/>\n<meta name=\"twitter:label1\" content=\"Szacowany czas czytania\" \/>\n\t<meta name=\"twitter:data1\" content=\"2 minuty\" \/>\n<script type=\"application\/ld+json\" class=\"yoast-schema-graph\">{\"@context\":\"https:\\\/\\\/schema.org\",\"@graph\":[{\"@type\":\"WebPage\",\"@id\":\"https:\\\/\\\/vozolvapen.de\\\/product\\\/hifancy-storm-40000-blue-razz-lemon\\\/\",\"url\":\"https:\\\/\\\/vozolvapen.de\\\/product\\\/hifancy-storm-40000-blue-razz-lemon\\\/\",\"name\":\"Blue Razz Lemon HIFANCY STORM 40000 Vape - vozolvapen\",\"isPartOf\":{\"@id\":\"https:\\\/\\\/vozolvapen.de\\\/#website\"},\"primaryImageOfPage\":{\"@id\":\"https:\\\/\\\/vozolvapen.de\\\/product\\\/hifancy-storm-40000-blue-razz-lemon\\\/#primaryimage\"},\"image\":{\"@id\":\"https:\\\/\\\/vozolvapen.de\\\/product\\\/hifancy-storm-40000-blue-razz-lemon\\\/#primaryimage\"},\"thumbnailUrl\":\"https:\\\/\\\/vozolvapen.de\\\/wp-content\\\/uploads\\\/2025\\\/12\\\/HIFANCY-STORM-40000-Blue-Razz-Lemon.webp\",\"datePublished\":\"2025-12-27T06:33:59+00:00\",\"dateModified\":\"2026-02-10T11:00:15+00:00\",\"description\":\"Electric Blue Razz Lemon by HIFANCY 40k. 40,000 puffs, Triple Pod system, and Adjustable Cooling. Wholesale prices from EU stock.\",\"breadcrumb\":{\"@id\":\"https:\\\/\\\/vozolvapen.de\\\/product\\\/hifancy-storm-40000-blue-razz-lemon\\\/#breadcrumb\"},\"inLanguage\":\"pl-PL\",\"potentialAction\":[{\"@type\":\"ReadAction\",\"target\":[\"https:\\\/\\\/vozolvapen.de\\\/product\\\/hifancy-storm-40000-blue-razz-lemon\\\/\"]}]},{\"@type\":\"ImageObject\",\"inLanguage\":\"pl-PL\",\"@id\":\"https:\\\/\\\/vozolvapen.de\\\/product\\\/hifancy-storm-40000-blue-razz-lemon\\\/#primaryimage\",\"url\":\"https:\\\/\\\/vozolvapen.de\\\/wp-content\\\/uploads\\\/2025\\\/12\\\/HIFANCY-STORM-40000-Blue-Razz-Lemon.webp\",\"contentUrl\":\"https:\\\/\\\/vozolvapen.de\\\/wp-content\\\/uploads\\\/2025\\\/12\\\/HIFANCY-STORM-40000-Blue-Razz-Lemon.webp\",\"width\":1000,\"height\":1000,\"caption\":\"HIFANCY STORM 40000 - Blue Razz Lemon\"},{\"@type\":\"BreadcrumbList\",\"@id\":\"https:\\\/\\\/vozolvapen.de\\\/product\\\/hifancy-storm-40000-blue-razz-lemon\\\/#breadcrumb\",\"itemListElement\":[{\"@type\":\"ListItem\",\"position\":1,\"name\":\"Home\",\"item\":\"https:\\\/\\\/vozolvapen.de\\\/de\\\/\"},{\"@type\":\"ListItem\",\"position\":2,\"name\":\"Shop\",\"item\":\"https:\\\/\\\/vozolvapen.de\\\/shop\\\/\"},{\"@type\":\"ListItem\",\"position\":3,\"name\":\"Hifancy Storm 40000 &#8211; Blue Razz Lemon\"}]},{\"@type\":\"WebSite\",\"@id\":\"https:\\\/\\\/vozolvapen.de\\\/#website\",\"url\":\"https:\\\/\\\/vozolvapen.de\\\/\",\"name\":\"vozolvapen\",\"description\":\"vozolvapen\",\"publisher\":{\"@id\":\"https:\\\/\\\/vozolvapen.de\\\/#organization\"},\"potentialAction\":[{\"@type\":\"SearchAction\",\"target\":{\"@type\":\"EntryPoint\",\"urlTemplate\":\"https:\\\/\\\/vozolvapen.de\\\/?s={search_term_string}\"},\"query-input\":{\"@type\":\"PropertyValueSpecification\",\"valueRequired\":true,\"valueName\":\"search_term_string\"}}],\"inLanguage\":\"pl-PL\"},{\"@type\":\"Organization\",\"@id\":\"https:\\\/\\\/vozolvapen.de\\\/#organization\",\"name\":\"vozolvapen\",\"url\":\"https:\\\/\\\/vozolvapen.de\\\/\",\"logo\":{\"@type\":\"ImageObject\",\"inLanguage\":\"pl-PL\",\"@id\":\"https:\\\/\\\/vozolvapen.de\\\/#\\\/schema\\\/logo\\\/image\\\/\",\"url\":\"https:\\\/\\\/vozolvapen.de\\\/wp-content\\\/uploads\\\/2025\\\/12\\\/cropped-vozovapen-logo.webp\",\"contentUrl\":\"https:\\\/\\\/vozolvapen.de\\\/wp-content\\\/uploads\\\/2025\\\/12\\\/cropped-vozovapen-logo.webp\",\"width\":470,\"height\":110,\"caption\":\"vozolvapen\"},\"image\":{\"@id\":\"https:\\\/\\\/vozolvapen.de\\\/#\\\/schema\\\/logo\\\/image\\\/\"}}]}<\/script>\n<!-- \/ Yoast SEO Premium plugin. -->","yoast_head_json":{"title":"Blue Razz Lemon HIFANCY STORM 40000 Vape - vozolvapen","description":"Electric Blue Razz Lemon marki HIFANCY 40k. 40 000 zaci\u0105gni\u0119\u0107, system Triple Pod i regulowane ch\u0142odzenie. Ceny hurtowe z magazynu UE.","robots":{"index":"index","follow":"follow","max-snippet":"max-snippet:-1","max-image-preview":"max-image-preview:large","max-video-preview":"max-video-preview:-1"},"canonical":"https:\/\/vozolvapen.de\/pl\/product\/hifancy-storm-40000-blue-razz-lemon\/","og_locale":"pl_PL","og_type":"article","og_title":"Hifancy Storm 40000 - Blue Razz Lemon","og_description":"Electric Blue Razz Lemon by HIFANCY 40k. 40,000 puffs, Triple Pod system, and Adjustable Cooling. Wholesale prices from EU stock.","og_url":"https:\/\/vozolvapen.de\/pl\/product\/hifancy-storm-40000-blue-razz-lemon\/","og_site_name":"vozolvapen","article_modified_time":"2026-02-10T11:00:15+00:00","og_image":[{"width":1000,"height":1000,"url":"https:\/\/vozolvapen.de\/wp-content\/uploads\/2025\/12\/HIFANCY-STORM-40000-Blue-Razz-Lemon.webp","type":"image\/webp"}],"twitter_card":"summary_large_image","twitter_misc":{"Szacowany czas czytania":"2 minuty"},"schema":{"@context":"https:\/\/schema.org","@graph":[{"@type":"WebPage","@id":"https:\/\/vozolvapen.de\/product\/hifancy-storm-40000-blue-razz-lemon\/","url":"https:\/\/vozolvapen.de\/product\/hifancy-storm-40000-blue-razz-lemon\/","name":"Blue Razz Lemon HIFANCY STORM 40000 Vape - vozolvapen","isPartOf":{"@id":"https:\/\/vozolvapen.de\/#website"},"primaryImageOfPage":{"@id":"https:\/\/vozolvapen.de\/product\/hifancy-storm-40000-blue-razz-lemon\/#primaryimage"},"image":{"@id":"https:\/\/vozolvapen.de\/product\/hifancy-storm-40000-blue-razz-lemon\/#primaryimage"},"thumbnailUrl":"https:\/\/vozolvapen.de\/wp-content\/uploads\/2025\/12\/HIFANCY-STORM-40000-Blue-Razz-Lemon.webp","datePublished":"2025-12-27T06:33:59+00:00","dateModified":"2026-02-10T11:00:15+00:00","description":"Electric Blue Razz Lemon marki HIFANCY 40k. 40 000 zaci\u0105gni\u0119\u0107, system Triple Pod i regulowane ch\u0142odzenie. Ceny hurtowe z magazynu UE.","breadcrumb":{"@id":"https:\/\/vozolvapen.de\/product\/hifancy-storm-40000-blue-razz-lemon\/#breadcrumb"},"inLanguage":"pl-PL","potentialAction":[{"@type":"ReadAction","target":["https:\/\/vozolvapen.de\/product\/hifancy-storm-40000-blue-razz-lemon\/"]}]},{"@type":"ImageObject","inLanguage":"pl-PL","@id":"https:\/\/vozolvapen.de\/product\/hifancy-storm-40000-blue-razz-lemon\/#primaryimage","url":"https:\/\/vozolvapen.de\/wp-content\/uploads\/2025\/12\/HIFANCY-STORM-40000-Blue-Razz-Lemon.webp","contentUrl":"https:\/\/vozolvapen.de\/wp-content\/uploads\/2025\/12\/HIFANCY-STORM-40000-Blue-Razz-Lemon.webp","width":1000,"height":1000,"caption":"HIFANCY STORM 40000 - Blue Razz Lemon"},{"@type":"BreadcrumbList","@id":"https:\/\/vozolvapen.de\/product\/hifancy-storm-40000-blue-razz-lemon\/#breadcrumb","itemListElement":[{"@type":"ListItem","position":1,"name":"Home","item":"https:\/\/vozolvapen.de\/de\/"},{"@type":"ListItem","position":2,"name":"Shop","item":"https:\/\/vozolvapen.de\/shop\/"},{"@type":"ListItem","position":3,"name":"Hifancy Storm 40000 &#8211; Blue Razz Lemon"}]},{"@type":"WebSite","@id":"https:\/\/vozolvapen.de\/#website","url":"https:\/\/vozolvapen.de\/","name":"vozolvapen","description":"vozolvapen","publisher":{"@id":"https:\/\/vozolvapen.de\/#organization"},"potentialAction":[{"@type":"SearchAction","target":{"@type":"EntryPoint","urlTemplate":"https:\/\/vozolvapen.de\/?s={search_term_string}"},"query-input":{"@type":"PropertyValueSpecification","valueRequired":true,"valueName":"search_term_string"}}],"inLanguage":"pl-PL"},{"@type":"Organization","@id":"https:\/\/vozolvapen.de\/#organization","name":"vozolvapen","url":"https:\/\/vozolvapen.de\/","logo":{"@type":"ImageObject","inLanguage":"pl-PL","@id":"https:\/\/vozolvapen.de\/#\/schema\/logo\/image\/","url":"https:\/\/vozolvapen.de\/wp-content\/uploads\/2025\/12\/cropped-vozovapen-logo.webp","contentUrl":"https:\/\/vozolvapen.de\/wp-content\/uploads\/2025\/12\/cropped-vozovapen-logo.webp","width":470,"height":110,"caption":"vozolvapen"},"image":{"@id":"https:\/\/vozolvapen.de\/#\/schema\/logo\/image\/"}}]}},"tiered_pricing_type":"fixed","tiered_pricing_fixed_rules":{"30":"13.4","50":"10.7","100":"9","200":"8"},"tiered_pricing_product_settings":{"layout":"default","base_unit_name":{"singular":null,"plural":null},"default_variation":null},"tiered_pricing_minimum_quantity":10,"tiered_pricing_roles_data":[],"tiered_pricing_percentage_rules":[],"tiered_pricing_maximum_quantity":null,"tiered_pricing_quantity_step":"10","_links":{"self":[{"href":"http:\/\/vozolvapen.de\/pl\/wp-json\/wp\/v2\/product\/45029","targetHints":{"allow":["GET"]}}],"collection":[{"href":"http:\/\/vozolvapen.de\/pl\/wp-json\/wp\/v2\/product"}],"about":[{"href":"http:\/\/vozolvapen.de\/pl\/wp-json\/wp\/v2\/types\/product"}],"replies":[{"embeddable":true,"href":"http:\/\/vozolvapen.de\/pl\/wp-json\/wp\/v2\/comments?post=45029"}],"wp:featuredmedia":[{"embeddable":true,"href":"http:\/\/vozolvapen.de\/pl\/wp-json\/wp\/v2\/media\/45270"}],"wp:attachment":[{"href":"http:\/\/vozolvapen.de\/pl\/wp-json\/wp\/v2\/media?parent=45029"}],"wp:term":[{"taxonomy":"product_brand","embeddable":true,"href":"http:\/\/vozolvapen.de\/pl\/wp-json\/wp\/v2\/product_brand?post=45029"},{"taxonomy":"product_cat","embeddable":true,"href":"http:\/\/vozolvapen.de\/pl\/wp-json\/wp\/v2\/product_cat?post=45029"},{"taxonomy":"product_tag","embeddable":true,"href":"http:\/\/vozolvapen.de\/pl\/wp-json\/wp\/v2\/product_tag?post=45029"}],"curies":[{"name":"wp","href":"https:\/\/api.w.org\/{rel}","templated":true}]}}