{"id":45063,"date":"2025-12-27T06:34:01","date_gmt":"2025-12-27T06:34:01","guid":{"rendered":"https:\/\/vozolvapen.de\/?post_type=product&#038;p=45063"},"modified":"2026-02-10T11:00:13","modified_gmt":"2026-02-10T11:00:13","slug":"hifancy-storm-40000-blueberry-raspberry-ice","status":"publish","type":"product","link":"http:\/\/vozolvapen.de\/pl\/product\/hifancy-storm-40000-blueberry-raspberry-ice\/","title":{"rendered":"Hifancy Storm 40000 - Blueberry Raspberry Ice"},"content":{"rendered":"<h1 data-path-to-node=\"26\"><b data-path-to-node=\"26\" data-index-in-node=\"0\">HIFANCY STORM 40000 - Blueberry Raspberry Ice<\/b><\/h1>\n<p data-path-to-node=\"27\"><b data-path-to-node=\"27\" data-index-in-node=\"0\">Wprowadzenie do smaku:<\/b> Blueberry Raspberry Ice to mro\u017ana mieszanka owoc\u00f3w le\u015bnych, kt\u00f3ra definiuje orze\u017awienie. To <b data-path-to-node=\"27\" data-index-in-node=\"108\">HIFANCY STORM 40000<\/b> Smak zawiera s\u0142odkie, pulchne jagody i lekko cierpkie maliny, a wszystko to wyko\u0144czone grub\u0105 warstw\u0105 kruszonego lodu. Poniewa\u017c STORM 40k posiada <b data-path-to-node=\"27\" data-index-in-node=\"282\">Regulowany stopie\u0144 oblodzenia<\/b>, Jest to idealny smak do eksperymentowania - zmniejsz go, aby uzyska\u0107 czysty jagodowy smak lub zwi\u0119ksz go, aby uzyska\u0107 arktyczny podmuch. Jest to ostateczny wyb\u00f3r dla fan\u00f3w <b data-path-to-node=\"27\" data-index-in-node=\"466\">Jednorazowy vape 40000 puff<\/b>.<\/p>\n<h2 data-path-to-node=\"28\"><b data-path-to-node=\"28\" data-index-in-node=\"0\">Dlaczego warto wybra\u0107 HIFANCY STORM 40000 Blueberry Raspberry Ice?<\/b><\/h2>\n<ul data-path-to-node=\"29\">\n<li>\n<p data-path-to-node=\"29,0,0\"><b data-path-to-node=\"29,0,0\" data-index-in-node=\"0\">Double Berry Blast:<\/b> Dwa kultowe smaki jagodowe dzia\u0142aj\u0105ce w harmonii z wysokowydajn\u0105 cewk\u0105 siatkow\u0105.<\/p>\n<\/li>\n<li>\n<p data-path-to-node=\"29,1,0\"><b data-path-to-node=\"29,1,0\" data-index-in-node=\"0\">Konfigurowalny ch\u0142\u00f3d:<\/b> Jedyny <b data-path-to-node=\"29,1,0\" data-index-in-node=\"29\">HIFANCY 40k<\/b> urz\u0105dzenie, kt\u00f3re pozwala kontrolowa\u0107 poziom intensywno\u015bci mentolu.<\/p>\n<\/li>\n<li>\n<p data-path-to-node=\"29,2,0\"><b data-path-to-node=\"29,2,0\" data-index-in-node=\"0\">Ogromna pojemno\u015b\u0107 78 ml:<\/b> Nigdy przedwcze\u015bnie nie zabraknie ulubionej mieszanki jag\u00f3d z lodem.<\/p>\n<\/li>\n<\/ul>\n<h3 data-path-to-node=\"55\"><b>Kluczowe specyfikacje Hifancy Storm 40000<\/b><\/h3>\n<table data-path-to-node=\"20\">\n<thead>\n<tr>\n<td><strong>Szybka specyfikacja<\/strong><\/td>\n<td><strong>HIFANCY STORM 40,000 Puff\u00f3w<\/strong><\/td>\n<\/tr>\n<\/thead>\n<tbody>\n<tr>\n<td><span data-path-to-node=\"20,1,0,0\"><b data-path-to-node=\"20,1,0,0\" data-index-in-node=\"0\">Max Puffs<\/b><\/span><\/td>\n<td><span data-path-to-node=\"20,1,1,0\">40,000<\/span><\/td>\n<\/tr>\n<tr>\n<td><span data-path-to-node=\"20,2,0,0\"><b data-path-to-node=\"20,2,0,0\" data-index-in-node=\"0\">Wy\u015bwietlacz<\/b><\/span><\/td>\n<td><span data-path-to-node=\"20,2,1,0\">Pe\u0142ny ekran + interfejs dotykowy<\/span><\/td>\n<\/tr>\n<tr>\n<td><span data-path-to-node=\"20,3,0,0\"><b data-path-to-node=\"20,3,0,0\" data-index-in-node=\"0\">Pojemno\u015b\u0107 cieczy<\/b><\/span><\/td>\n<td><span data-path-to-node=\"20,3,1,0\">78 ml (zbiornik potr\u00f3jny)<\/span><\/td>\n<\/tr>\n<tr>\n<td><span data-path-to-node=\"20,4,0,0\"><b data-path-to-node=\"20,4,0,0\" data-index-in-node=\"0\">Akumulator\/\u0142adowanie<\/b><\/span><\/td>\n<td><span data-path-to-node=\"20,4,1,0\">800mAh \/ Typ-C<\/span><\/td>\n<\/tr>\n<tr>\n<td><span data-path-to-node=\"20,5,0,0\"><b data-path-to-node=\"20,5,0,0\" data-index-in-node=\"0\">Typ cewki<\/b><\/span><\/td>\n<td><span data-path-to-node=\"20,5,1,0\">Siatka 1,0\u03a9<\/span><\/td>\n<\/tr>\n<tr>\n<td><span data-path-to-node=\"20,6,0,0\"><b data-path-to-node=\"20,6,0,0\" data-index-in-node=\"0\">Ch\u0142odzenie<\/b><\/span><\/td>\n<td><span data-path-to-node=\"20,6,1,0\">Regulowany tryb lodu<\/span><\/td>\n<\/tr>\n<tr>\n<td><span data-path-to-node=\"20,7,0,0\"><b data-path-to-node=\"20,7,0,0\" data-index-in-node=\"0\">Wysy\u0142ka<\/b><\/span><\/td>\n<td><span data-path-to-node=\"20,7,1,0\">Szybka logistyka UE (1-3 dni)<\/span><\/td>\n<\/tr>\n<\/tbody>\n<\/table>\n<h3 dir=\"auto\">Oto dalsze zalecenia dla Ciebie:<\/h3>\n<p dir=\"auto\">Odkryj jeszcze wi\u0119cej niesamowitych smak\u00f3w dzi\u0119ki Hifancy Storm 40000 Puff Vape!<\/p>\n<p dir=\"auto\"><a href=\"https:\/\/vozolvapen.de\/pl\/product-category\/hifancy-vape\/hifancy-storm-40000-puffs-vape\/\" target=\"_blank\" rel=\"noopener noreferrer nofollow\">Zobacz wszystkie odmiany tutaj \u2192<\/a><\/p>\n<p dir=\"auto\">Zapoznaj si\u0119 z nasz\u0105 pe\u0142n\u0105 kolekcj\u0105 i kupuj produkty najlepszych marek vape, kt\u00f3re pokochasz.<\/p>\n<p dir=\"auto\"><a href=\"https:\/\/vozolvapen.de\/pl\/\" target=\"_blank\" rel=\"noopener noreferrer nofollow\">Przegl\u0105daj teraz wszystkie marki \u2192<\/a><\/p>\n<p dir=\"auto\">Sprawd\u017a ca\u0142\u0105 seri\u0119 Hifancy Vape - ka\u017cdy smak, ka\u017cdy styl!<\/p>\n<p dir=\"auto\"><a href=\"https:\/\/vozolvapen.de\/pl\/product-category\/hifancy-vape\/\" target=\"_blank\" rel=\"noopener noreferrer nofollow\">Zobacz pe\u0142n\u0105 kolekcj\u0119 Hifancy Vape \u2192<\/a><\/p>","protected":false},"excerpt":{"rendered":"<p>Sch\u0142odzona mieszanka jag\u00f3d. U\u017cyj prze\u0142\u0105cznika dotykowego, aby wybra\u0107 \u201cStopie\u0144 lodu\u201d i ciesz si\u0119 40 000 zaci\u0105gni\u0119\u0107 orze\u017awiaj\u0105cej jagodowo-malinowej rozkoszy.<\/p>","protected":false},"featured_media":45271,"comment_status":"open","ping_status":"closed","template":"","meta":{"_acf_changed":false},"product_brand":[],"product_cat":[134,98],"product_tag":[],"class_list":{"0":"post-45063","1":"product","2":"type-product","3":"status-publish","4":"has-post-thumbnail","6":"product_cat-eu-warehouse-in-stock","7":"product_cat-hifancy-storm-40000-puffs-vape","9":"first","10":"instock","11":"shipping-taxable","12":"purchasable","13":"product-type-variable"},"acf":[],"yoast_head":"<!-- This site is optimized with the Yoast SEO Premium plugin v26.1 (Yoast SEO v27.5) - https:\/\/yoast.com\/product\/yoast-seo-premium-wordpress\/ -->\n<title>Blueberry Raspberry Ice HIFANCY STORM 40k - vozolvapen<\/title>\n<meta name=\"description\" content=\"Frosty forest fruits in the HIFANCY STORM 40000. Features Adjustable Ice Degree and Full Screen tech. Fast 1-3 day EU delivery.\" \/>\n<meta name=\"robots\" content=\"index, follow, max-snippet:-1, max-image-preview:large, max-video-preview:-1\" \/>\n<link rel=\"canonical\" href=\"https:\/\/vozolvapen.de\/pl\/product\/hifancy-storm-40000-blueberry-raspberry-ice\/\" \/>\n<meta property=\"og:locale\" content=\"pl_PL\" \/>\n<meta property=\"og:type\" content=\"article\" \/>\n<meta property=\"og:title\" content=\"Hifancy Storm 40000 - Blueberry Raspberry Ice\" \/>\n<meta property=\"og:description\" content=\"Frosty forest fruits in the HIFANCY STORM 40000. Features Adjustable Ice Degree and Full Screen tech. Fast 1-3 day EU delivery.\" \/>\n<meta property=\"og:url\" content=\"https:\/\/vozolvapen.de\/pl\/product\/hifancy-storm-40000-blueberry-raspberry-ice\/\" \/>\n<meta property=\"og:site_name\" content=\"vozolvapen\" \/>\n<meta property=\"article:modified_time\" content=\"2026-02-10T11:00:13+00:00\" \/>\n<meta property=\"og:image\" content=\"https:\/\/vozolvapen.de\/wp-content\/uploads\/2025\/12\/HIFANCY-STORM-40000-Blueberry-Raspberry-Ice-.webp\" \/>\n\t<meta property=\"og:image:width\" content=\"1000\" \/>\n\t<meta property=\"og:image:height\" content=\"1000\" \/>\n\t<meta property=\"og:image:type\" content=\"image\/webp\" \/>\n<meta name=\"twitter:card\" content=\"summary_large_image\" \/>\n<meta name=\"twitter:label1\" content=\"Szacowany czas czytania\" \/>\n\t<meta name=\"twitter:data1\" content=\"2 minuty\" \/>\n<script type=\"application\/ld+json\" class=\"yoast-schema-graph\">{\"@context\":\"https:\\\/\\\/schema.org\",\"@graph\":[{\"@type\":\"WebPage\",\"@id\":\"https:\\\/\\\/vozolvapen.de\\\/product\\\/hifancy-storm-40000-blueberry-raspberry-ice\\\/\",\"url\":\"https:\\\/\\\/vozolvapen.de\\\/product\\\/hifancy-storm-40000-blueberry-raspberry-ice\\\/\",\"name\":\"Blueberry Raspberry Ice HIFANCY STORM 40k - vozolvapen\",\"isPartOf\":{\"@id\":\"https:\\\/\\\/vozolvapen.de\\\/#website\"},\"primaryImageOfPage\":{\"@id\":\"https:\\\/\\\/vozolvapen.de\\\/product\\\/hifancy-storm-40000-blueberry-raspberry-ice\\\/#primaryimage\"},\"image\":{\"@id\":\"https:\\\/\\\/vozolvapen.de\\\/product\\\/hifancy-storm-40000-blueberry-raspberry-ice\\\/#primaryimage\"},\"thumbnailUrl\":\"https:\\\/\\\/vozolvapen.de\\\/wp-content\\\/uploads\\\/2025\\\/12\\\/HIFANCY-STORM-40000-Blueberry-Raspberry-Ice-.webp\",\"datePublished\":\"2025-12-27T06:34:01+00:00\",\"dateModified\":\"2026-02-10T11:00:13+00:00\",\"description\":\"Frosty forest fruits in the HIFANCY STORM 40000. Features Adjustable Ice Degree and Full Screen tech. Fast 1-3 day EU delivery.\",\"breadcrumb\":{\"@id\":\"https:\\\/\\\/vozolvapen.de\\\/product\\\/hifancy-storm-40000-blueberry-raspberry-ice\\\/#breadcrumb\"},\"inLanguage\":\"pl-PL\",\"potentialAction\":[{\"@type\":\"ReadAction\",\"target\":[\"https:\\\/\\\/vozolvapen.de\\\/product\\\/hifancy-storm-40000-blueberry-raspberry-ice\\\/\"]}]},{\"@type\":\"ImageObject\",\"inLanguage\":\"pl-PL\",\"@id\":\"https:\\\/\\\/vozolvapen.de\\\/product\\\/hifancy-storm-40000-blueberry-raspberry-ice\\\/#primaryimage\",\"url\":\"https:\\\/\\\/vozolvapen.de\\\/wp-content\\\/uploads\\\/2025\\\/12\\\/HIFANCY-STORM-40000-Blueberry-Raspberry-Ice-.webp\",\"contentUrl\":\"https:\\\/\\\/vozolvapen.de\\\/wp-content\\\/uploads\\\/2025\\\/12\\\/HIFANCY-STORM-40000-Blueberry-Raspberry-Ice-.webp\",\"width\":1000,\"height\":1000,\"caption\":\"HIFANCY STORM 40000 - Blueberry Raspberry Ice\"},{\"@type\":\"BreadcrumbList\",\"@id\":\"https:\\\/\\\/vozolvapen.de\\\/product\\\/hifancy-storm-40000-blueberry-raspberry-ice\\\/#breadcrumb\",\"itemListElement\":[{\"@type\":\"ListItem\",\"position\":1,\"name\":\"Home\",\"item\":\"https:\\\/\\\/vozolvapen.de\\\/de\\\/\"},{\"@type\":\"ListItem\",\"position\":2,\"name\":\"Shop\",\"item\":\"https:\\\/\\\/vozolvapen.de\\\/shop\\\/\"},{\"@type\":\"ListItem\",\"position\":3,\"name\":\"Hifancy Storm 40000 &#8211; Blueberry Raspberry Ice\"}]},{\"@type\":\"WebSite\",\"@id\":\"https:\\\/\\\/vozolvapen.de\\\/#website\",\"url\":\"https:\\\/\\\/vozolvapen.de\\\/\",\"name\":\"vozolvapen\",\"description\":\"vozolvapen\",\"publisher\":{\"@id\":\"https:\\\/\\\/vozolvapen.de\\\/#organization\"},\"potentialAction\":[{\"@type\":\"SearchAction\",\"target\":{\"@type\":\"EntryPoint\",\"urlTemplate\":\"https:\\\/\\\/vozolvapen.de\\\/?s={search_term_string}\"},\"query-input\":{\"@type\":\"PropertyValueSpecification\",\"valueRequired\":true,\"valueName\":\"search_term_string\"}}],\"inLanguage\":\"pl-PL\"},{\"@type\":\"Organization\",\"@id\":\"https:\\\/\\\/vozolvapen.de\\\/#organization\",\"name\":\"vozolvapen\",\"url\":\"https:\\\/\\\/vozolvapen.de\\\/\",\"logo\":{\"@type\":\"ImageObject\",\"inLanguage\":\"pl-PL\",\"@id\":\"https:\\\/\\\/vozolvapen.de\\\/#\\\/schema\\\/logo\\\/image\\\/\",\"url\":\"https:\\\/\\\/vozolvapen.de\\\/wp-content\\\/uploads\\\/2025\\\/12\\\/cropped-vozovapen-logo.webp\",\"contentUrl\":\"https:\\\/\\\/vozolvapen.de\\\/wp-content\\\/uploads\\\/2025\\\/12\\\/cropped-vozovapen-logo.webp\",\"width\":470,\"height\":110,\"caption\":\"vozolvapen\"},\"image\":{\"@id\":\"https:\\\/\\\/vozolvapen.de\\\/#\\\/schema\\\/logo\\\/image\\\/\"}}]}<\/script>\n<!-- \/ Yoast SEO Premium plugin. -->","yoast_head_json":{"title":"Blueberry Raspberry Ice HIFANCY STORM 40k - vozolvapen","description":"Mro\u017ane owoce le\u015bne w HIFANCY STORM 40000. Posiada regulowany stopie\u0144 lodu i technologi\u0119 pe\u0142noekranow\u0105. Szybka dostawa w ci\u0105gu 1-3 dni w UE.","robots":{"index":"index","follow":"follow","max-snippet":"max-snippet:-1","max-image-preview":"max-image-preview:large","max-video-preview":"max-video-preview:-1"},"canonical":"https:\/\/vozolvapen.de\/pl\/product\/hifancy-storm-40000-blueberry-raspberry-ice\/","og_locale":"pl_PL","og_type":"article","og_title":"Hifancy Storm 40000 - Blueberry Raspberry Ice","og_description":"Frosty forest fruits in the HIFANCY STORM 40000. Features Adjustable Ice Degree and Full Screen tech. Fast 1-3 day EU delivery.","og_url":"https:\/\/vozolvapen.de\/pl\/product\/hifancy-storm-40000-blueberry-raspberry-ice\/","og_site_name":"vozolvapen","article_modified_time":"2026-02-10T11:00:13+00:00","og_image":[{"width":1000,"height":1000,"url":"https:\/\/vozolvapen.de\/wp-content\/uploads\/2025\/12\/HIFANCY-STORM-40000-Blueberry-Raspberry-Ice-.webp","type":"image\/webp"}],"twitter_card":"summary_large_image","twitter_misc":{"Szacowany czas czytania":"2 minuty"},"schema":{"@context":"https:\/\/schema.org","@graph":[{"@type":"WebPage","@id":"https:\/\/vozolvapen.de\/product\/hifancy-storm-40000-blueberry-raspberry-ice\/","url":"https:\/\/vozolvapen.de\/product\/hifancy-storm-40000-blueberry-raspberry-ice\/","name":"Blueberry Raspberry Ice HIFANCY STORM 40k - vozolvapen","isPartOf":{"@id":"https:\/\/vozolvapen.de\/#website"},"primaryImageOfPage":{"@id":"https:\/\/vozolvapen.de\/product\/hifancy-storm-40000-blueberry-raspberry-ice\/#primaryimage"},"image":{"@id":"https:\/\/vozolvapen.de\/product\/hifancy-storm-40000-blueberry-raspberry-ice\/#primaryimage"},"thumbnailUrl":"https:\/\/vozolvapen.de\/wp-content\/uploads\/2025\/12\/HIFANCY-STORM-40000-Blueberry-Raspberry-Ice-.webp","datePublished":"2025-12-27T06:34:01+00:00","dateModified":"2026-02-10T11:00:13+00:00","description":"Mro\u017ane owoce le\u015bne w HIFANCY STORM 40000. Posiada regulowany stopie\u0144 lodu i technologi\u0119 pe\u0142noekranow\u0105. Szybka dostawa w ci\u0105gu 1-3 dni w UE.","breadcrumb":{"@id":"https:\/\/vozolvapen.de\/product\/hifancy-storm-40000-blueberry-raspberry-ice\/#breadcrumb"},"inLanguage":"pl-PL","potentialAction":[{"@type":"ReadAction","target":["https:\/\/vozolvapen.de\/product\/hifancy-storm-40000-blueberry-raspberry-ice\/"]}]},{"@type":"ImageObject","inLanguage":"pl-PL","@id":"https:\/\/vozolvapen.de\/product\/hifancy-storm-40000-blueberry-raspberry-ice\/#primaryimage","url":"https:\/\/vozolvapen.de\/wp-content\/uploads\/2025\/12\/HIFANCY-STORM-40000-Blueberry-Raspberry-Ice-.webp","contentUrl":"https:\/\/vozolvapen.de\/wp-content\/uploads\/2025\/12\/HIFANCY-STORM-40000-Blueberry-Raspberry-Ice-.webp","width":1000,"height":1000,"caption":"HIFANCY STORM 40000 - Blueberry Raspberry Ice"},{"@type":"BreadcrumbList","@id":"https:\/\/vozolvapen.de\/product\/hifancy-storm-40000-blueberry-raspberry-ice\/#breadcrumb","itemListElement":[{"@type":"ListItem","position":1,"name":"Home","item":"https:\/\/vozolvapen.de\/de\/"},{"@type":"ListItem","position":2,"name":"Shop","item":"https:\/\/vozolvapen.de\/shop\/"},{"@type":"ListItem","position":3,"name":"Hifancy Storm 40000 &#8211; Blueberry Raspberry Ice"}]},{"@type":"WebSite","@id":"https:\/\/vozolvapen.de\/#website","url":"https:\/\/vozolvapen.de\/","name":"vozolvapen","description":"vozolvapen","publisher":{"@id":"https:\/\/vozolvapen.de\/#organization"},"potentialAction":[{"@type":"SearchAction","target":{"@type":"EntryPoint","urlTemplate":"https:\/\/vozolvapen.de\/?s={search_term_string}"},"query-input":{"@type":"PropertyValueSpecification","valueRequired":true,"valueName":"search_term_string"}}],"inLanguage":"pl-PL"},{"@type":"Organization","@id":"https:\/\/vozolvapen.de\/#organization","name":"vozolvapen","url":"https:\/\/vozolvapen.de\/","logo":{"@type":"ImageObject","inLanguage":"pl-PL","@id":"https:\/\/vozolvapen.de\/#\/schema\/logo\/image\/","url":"https:\/\/vozolvapen.de\/wp-content\/uploads\/2025\/12\/cropped-vozovapen-logo.webp","contentUrl":"https:\/\/vozolvapen.de\/wp-content\/uploads\/2025\/12\/cropped-vozovapen-logo.webp","width":470,"height":110,"caption":"vozolvapen"},"image":{"@id":"https:\/\/vozolvapen.de\/#\/schema\/logo\/image\/"}}]}},"tiered_pricing_type":"fixed","tiered_pricing_fixed_rules":{"30":"13.4","50":"10.7","100":"9","200":"8"},"tiered_pricing_product_settings":{"layout":"default","base_unit_name":{"singular":null,"plural":null},"default_variation":null},"tiered_pricing_minimum_quantity":10,"tiered_pricing_roles_data":[],"tiered_pricing_percentage_rules":[],"tiered_pricing_maximum_quantity":null,"tiered_pricing_quantity_step":"10","_links":{"self":[{"href":"http:\/\/vozolvapen.de\/pl\/wp-json\/wp\/v2\/product\/45063","targetHints":{"allow":["GET"]}}],"collection":[{"href":"http:\/\/vozolvapen.de\/pl\/wp-json\/wp\/v2\/product"}],"about":[{"href":"http:\/\/vozolvapen.de\/pl\/wp-json\/wp\/v2\/types\/product"}],"replies":[{"embeddable":true,"href":"http:\/\/vozolvapen.de\/pl\/wp-json\/wp\/v2\/comments?post=45063"}],"wp:featuredmedia":[{"embeddable":true,"href":"http:\/\/vozolvapen.de\/pl\/wp-json\/wp\/v2\/media\/45271"}],"wp:attachment":[{"href":"http:\/\/vozolvapen.de\/pl\/wp-json\/wp\/v2\/media?parent=45063"}],"wp:term":[{"taxonomy":"product_brand","embeddable":true,"href":"http:\/\/vozolvapen.de\/pl\/wp-json\/wp\/v2\/product_brand?post=45063"},{"taxonomy":"product_cat","embeddable":true,"href":"http:\/\/vozolvapen.de\/pl\/wp-json\/wp\/v2\/product_cat?post=45063"},{"taxonomy":"product_tag","embeddable":true,"href":"http:\/\/vozolvapen.de\/pl\/wp-json\/wp\/v2\/product_tag?post=45063"}],"curies":[{"name":"wp","href":"https:\/\/api.w.org\/{rel}","templated":true}]}}