{"id":45097,"date":"2025-12-27T06:34:03","date_gmt":"2025-12-27T06:34:03","guid":{"rendered":"https:\/\/vozolvapen.de\/?post_type=product&#038;p=45097"},"modified":"2026-02-10T11:00:10","modified_gmt":"2026-02-10T11:00:10","slug":"hifancy-storm-40000-apple-peach-juice","status":"publish","type":"product","link":"http:\/\/vozolvapen.de\/pl\/product\/hifancy-storm-40000-apple-peach-juice\/","title":{"rendered":"Hifancy Storm 40000 - Sok jab\u0142kowo-brzoskwiniowy"},"content":{"rendered":"<h1 data-path-to-node=\"32\"><b data-path-to-node=\"32\" data-index-in-node=\"0\">HIFANCY STORM 40000 - Sok jab\u0142kowo-brzoskwiniowy<\/b><\/h1>\n<p data-path-to-node=\"33\"><b data-path-to-node=\"33\" data-index-in-node=\"0\">Wprowadzenie do smaku:<\/b> Apple Peach Juice oddaje zdrowy, s\u0142odki i rze\u015bki smak \u015bwie\u017co wyci\u015bni\u0119tego soku owocowego. Wyobra\u017a sobie chrupko\u015b\u0107 czerwonego jab\u0142ka Fuji w po\u0142\u0105czeniu z delikatnymi, kwiatowymi nutami dojrza\u0142ej brzoskwini. Smak <b data-path-to-node=\"33\" data-index-in-node=\"215\">HIFANCY STORM 40000<\/b> o\u017cywia ten bar sokowy, wykorzystuj\u0105c jego <b data-path-to-node=\"33\" data-index-in-node=\"286\">Podw\u00f3jne silosy olejowe<\/b> aby zapewni\u0107, \u017ce ka\u017cdy puff pozostanie nawil\u017caj\u0105cy i s\u0142odki. Dzi\u0119ki <b data-path-to-node=\"33\" data-index-in-node=\"362\">Pe\u0142ny ekran<\/b> monitorowanie ka\u017cdego puffa, to <b data-path-to-node=\"33\" data-index-in-node=\"407\">HIFANCY 40k<\/b> Urz\u0105dzenie jest r\u00f3wnie niezawodne, co pyszne.<\/p>\n<h2 data-path-to-node=\"34\"><b data-path-to-node=\"34\" data-index-in-node=\"0\">Dlaczego warto wybra\u0107 HIFANCY STORM 40000 Apple Peach Juice?<\/b><\/h2>\n<ul data-path-to-node=\"35\">\n<li>\n<p data-path-to-node=\"35,0,0\"><b data-path-to-node=\"35,0,0\" data-index-in-node=\"0\">Autentyczny smak soku:<\/b> G\u0142adka, pozbawiona sztucznych owoc\u00f3w mieszanka, kt\u00f3ra idealnie nadaje si\u0119 do \u201cca\u0142odziennego wapowania\u201d.\u201d<\/p>\n<\/li>\n<li>\n<p data-path-to-node=\"35,1,0\"><b data-path-to-node=\"35,1,0\" data-index-in-node=\"0\">Zasilanie akumulatorowe:<\/b> Bateria o pojemno\u015bci 800 mAh zapewnia mo\u017cliwo\u015b\u0107 waporyzacji ka\u017cdej kropli soku o pojemno\u015bci 78 ml.<\/p>\n<\/li>\n<li>\n<p data-path-to-node=\"35,2,0\"><b data-path-to-node=\"35,2,0\" data-index-in-node=\"0\">Konstrukcja klasy premium:<\/b> Wa\u017c\u0105cy zaledwie 130 g STORM 40k oferuje profesjonaln\u0105 obs\u0142ug\u0119 i wysok\u0105 wydajno\u015b\u0107.<\/p>\n<\/li>\n<\/ul>\n<h3 data-path-to-node=\"55\"><b>Kluczowe specyfikacje Hifancy Storm 40000<\/b><\/h3>\n<table data-path-to-node=\"4\">\n<thead>\n<tr>\n<td><strong>Specyfikacja techniczna<\/strong><\/td>\n<td><strong>Dane dotycz\u0105ce wydajno\u015bci HIFANCY STORM 40000<\/strong><\/td>\n<\/tr>\n<\/thead>\n<tbody>\n<tr>\n<td><span data-path-to-node=\"4,1,0,0\"><b data-path-to-node=\"4,1,0,0\" data-index-in-node=\"0\">Nazwa modelu<\/b><\/span><\/td>\n<td><span data-path-to-node=\"4,1,1,0\">HIFANCY STORM 40000<\/span><\/td>\n<\/tr>\n<tr>\n<td><span data-path-to-node=\"4,2,0,0\"><b data-path-to-node=\"4,2,0,0\" data-index-in-node=\"0\">Interfejs u\u017cytkownika<\/b><\/span><\/td>\n<td><span data-path-to-node=\"4,2,1,0\"><b data-path-to-node=\"4,2,1,0\" data-index-in-node=\"0\">W pe\u0142ni inteligentny ekran i sterowanie prze\u0142\u0105cznikiem dotykowym<\/b><\/span><\/td>\n<\/tr>\n<tr>\n<td><span data-path-to-node=\"4,3,0,0\"><b data-path-to-node=\"4,3,0,0\" data-index-in-node=\"0\">Uk\u0142ad ch\u0142odzenia<\/b><\/span><\/td>\n<td><span data-path-to-node=\"4,3,1,0\"><b data-path-to-node=\"4,3,1,0\" data-index-in-node=\"0\">Regulowany stopie\u0144 oblodzenia (wielopoziomowy)<\/b><\/span><\/td>\n<\/tr>\n<tr>\n<td><span data-path-to-node=\"4,4,0,0\"><b data-path-to-node=\"4,4,0,0\" data-index-in-node=\"0\">Rdze\u0144 rozpylacza<\/b><\/span><\/td>\n<td><span data-path-to-node=\"4,4,1,0\">Ulepszona cewka siatkowa 1,0\u03a9<\/span><\/td>\n<\/tr>\n<tr>\n<td><span data-path-to-node=\"4,5,0,0\"><b data-path-to-node=\"4,5,0,0\" data-index-in-node=\"0\">Architektura zbiornik\u00f3w<\/b><\/span><\/td>\n<td><span data-path-to-node=\"4,5,1,0\"><b data-path-to-node=\"4,5,1,0\" data-index-in-node=\"0\">Podw\u00f3jny\/potr\u00f3jny system silos\u00f3w olejowych<\/b><\/span><\/td>\n<\/tr>\n<tr>\n<td><span data-path-to-node=\"4,6,0,0\"><b data-path-to-node=\"4,6,0,0\" data-index-in-node=\"0\">Pojemno\u015b\u0107 dmuchawy<\/b><\/span><\/td>\n<td><span data-path-to-node=\"4,6,1,0\">Do 40 000 zaci\u0105gni\u0119\u0107<\/span><\/td>\n<\/tr>\n<tr>\n<td><span data-path-to-node=\"4,7,0,0\"><b data-path-to-node=\"4,7,0,0\" data-index-in-node=\"0\">Port \u0142adowania<\/b><\/span><\/td>\n<td><span data-path-to-node=\"4,7,1,0\">Szybki akumulator typu C<\/span><\/td>\n<\/tr>\n<\/tbody>\n<\/table>\n<h3 dir=\"auto\">Oto dalsze zalecenia dla Ciebie:<\/h3>\n<p dir=\"auto\">Odkryj jeszcze wi\u0119cej niesamowitych smak\u00f3w dzi\u0119ki Hifancy Storm 40000 Puff Vape!<\/p>\n<p dir=\"auto\"><a href=\"https:\/\/vozolvapen.de\/pl\/product-category\/hifancy-vape\/hifancy-storm-40000-puffs-vape\/\" target=\"_blank\" rel=\"noopener noreferrer nofollow\">Zobacz wszystkie odmiany tutaj \u2192<\/a><\/p>\n<p dir=\"auto\">Zapoznaj si\u0119 z nasz\u0105 pe\u0142n\u0105 kolekcj\u0105 i kupuj produkty najlepszych marek vape, kt\u00f3re pokochasz.<\/p>\n<p dir=\"auto\"><a href=\"https:\/\/vozolvapen.de\/pl\/\" target=\"_blank\" rel=\"noopener noreferrer nofollow\">Przegl\u0105daj teraz wszystkie marki \u2192<\/a><\/p>\n<p dir=\"auto\">Sprawd\u017a ca\u0142\u0105 seri\u0119 Hifancy Vape - ka\u017cdy smak, ka\u017cdy styl!<\/p>\n<p dir=\"auto\"><a href=\"https:\/\/vozolvapen.de\/pl\/product-category\/hifancy-vape\/\" target=\"_blank\" rel=\"noopener noreferrer nofollow\">Zobacz pe\u0142n\u0105 kolekcj\u0119 Hifancy Vape \u2192<\/a><\/p>","protected":false},"excerpt":{"rendered":"<p>Chrupi\u0105ce czerwone jab\u0142ka \u0142\u0105cz\u0105 si\u0119 z aksamitnymi brzoskwiniami. Ten smak HIFANCY STORM 40000 oddaje czyst\u0105 esencj\u0119 soku barowego o niezr\u00f3wnanej pojemno\u015bci 78 ml z potr\u00f3jnym s\u0142oikiem.<\/p>","protected":false},"featured_media":45272,"comment_status":"open","ping_status":"closed","template":"","meta":{"_acf_changed":false},"product_brand":[],"product_cat":[134,98],"product_tag":[],"class_list":{"0":"post-45097","1":"product","2":"type-product","3":"status-publish","4":"has-post-thumbnail","6":"product_cat-eu-warehouse-in-stock","7":"product_cat-hifancy-storm-40000-puffs-vape","9":"first","10":"instock","11":"shipping-taxable","12":"purchasable","13":"product-type-variable"},"acf":[],"yoast_head":"<!-- This site is optimized with the Yoast SEO Premium plugin v26.1 (Yoast SEO v27.5) - https:\/\/yoast.com\/product\/yoast-seo-premium-wordpress\/ -->\n<title>Apple Peach Juice HIFANCY STORM 40000 Puffs - vozolvapen<\/title>\n<meta name=\"description\" content=\"Smooth Apple Peach Juice by HIFANCY 40k. 78mL pre-filled liquid, 800mAh battery, and Touch Switch. Premium 40000 puffs vape.\" \/>\n<meta name=\"robots\" content=\"index, follow, max-snippet:-1, max-image-preview:large, max-video-preview:-1\" \/>\n<link rel=\"canonical\" href=\"https:\/\/vozolvapen.de\/pl\/product\/hifancy-storm-40000-apple-peach-juice\/\" \/>\n<meta property=\"og:locale\" content=\"pl_PL\" \/>\n<meta property=\"og:type\" content=\"article\" \/>\n<meta property=\"og:title\" content=\"Hifancy Storm 40000 - Apple Peach Juice\" \/>\n<meta property=\"og:description\" content=\"Smooth Apple Peach Juice by HIFANCY 40k. 78mL pre-filled liquid, 800mAh battery, and Touch Switch. Premium 40000 puffs vape.\" \/>\n<meta property=\"og:url\" content=\"https:\/\/vozolvapen.de\/pl\/product\/hifancy-storm-40000-apple-peach-juice\/\" \/>\n<meta property=\"og:site_name\" content=\"vozolvapen\" \/>\n<meta property=\"article:modified_time\" content=\"2026-02-10T11:00:10+00:00\" \/>\n<meta property=\"og:image\" content=\"https:\/\/vozolvapen.de\/wp-content\/uploads\/2025\/12\/HIFANCY-STORM-40000-Apple-Peach-Juice-.webp\" \/>\n\t<meta property=\"og:image:width\" content=\"1000\" \/>\n\t<meta property=\"og:image:height\" content=\"1000\" \/>\n\t<meta property=\"og:image:type\" content=\"image\/webp\" \/>\n<meta name=\"twitter:card\" content=\"summary_large_image\" \/>\n<meta name=\"twitter:label1\" content=\"Szacowany czas czytania\" \/>\n\t<meta name=\"twitter:data1\" content=\"2 minuty\" \/>\n<script type=\"application\/ld+json\" class=\"yoast-schema-graph\">{\"@context\":\"https:\\\/\\\/schema.org\",\"@graph\":[{\"@type\":\"WebPage\",\"@id\":\"https:\\\/\\\/vozolvapen.de\\\/product\\\/hifancy-storm-40000-apple-peach-juice\\\/\",\"url\":\"https:\\\/\\\/vozolvapen.de\\\/product\\\/hifancy-storm-40000-apple-peach-juice\\\/\",\"name\":\"Apple Peach Juice HIFANCY STORM 40000 Puffs - vozolvapen\",\"isPartOf\":{\"@id\":\"https:\\\/\\\/vozolvapen.de\\\/#website\"},\"primaryImageOfPage\":{\"@id\":\"https:\\\/\\\/vozolvapen.de\\\/product\\\/hifancy-storm-40000-apple-peach-juice\\\/#primaryimage\"},\"image\":{\"@id\":\"https:\\\/\\\/vozolvapen.de\\\/product\\\/hifancy-storm-40000-apple-peach-juice\\\/#primaryimage\"},\"thumbnailUrl\":\"https:\\\/\\\/vozolvapen.de\\\/wp-content\\\/uploads\\\/2025\\\/12\\\/HIFANCY-STORM-40000-Apple-Peach-Juice-.webp\",\"datePublished\":\"2025-12-27T06:34:03+00:00\",\"dateModified\":\"2026-02-10T11:00:10+00:00\",\"description\":\"Smooth Apple Peach Juice by HIFANCY 40k. 78mL pre-filled liquid, 800mAh battery, and Touch Switch. Premium 40000 puffs vape.\",\"breadcrumb\":{\"@id\":\"https:\\\/\\\/vozolvapen.de\\\/product\\\/hifancy-storm-40000-apple-peach-juice\\\/#breadcrumb\"},\"inLanguage\":\"pl-PL\",\"potentialAction\":[{\"@type\":\"ReadAction\",\"target\":[\"https:\\\/\\\/vozolvapen.de\\\/product\\\/hifancy-storm-40000-apple-peach-juice\\\/\"]}]},{\"@type\":\"ImageObject\",\"inLanguage\":\"pl-PL\",\"@id\":\"https:\\\/\\\/vozolvapen.de\\\/product\\\/hifancy-storm-40000-apple-peach-juice\\\/#primaryimage\",\"url\":\"https:\\\/\\\/vozolvapen.de\\\/wp-content\\\/uploads\\\/2025\\\/12\\\/HIFANCY-STORM-40000-Apple-Peach-Juice-.webp\",\"contentUrl\":\"https:\\\/\\\/vozolvapen.de\\\/wp-content\\\/uploads\\\/2025\\\/12\\\/HIFANCY-STORM-40000-Apple-Peach-Juice-.webp\",\"width\":1000,\"height\":1000,\"caption\":\"HIFANCY STORM 40000 - Apple Peach Juice\"},{\"@type\":\"BreadcrumbList\",\"@id\":\"https:\\\/\\\/vozolvapen.de\\\/product\\\/hifancy-storm-40000-apple-peach-juice\\\/#breadcrumb\",\"itemListElement\":[{\"@type\":\"ListItem\",\"position\":1,\"name\":\"Home\",\"item\":\"https:\\\/\\\/vozolvapen.de\\\/de\\\/\"},{\"@type\":\"ListItem\",\"position\":2,\"name\":\"Shop\",\"item\":\"https:\\\/\\\/vozolvapen.de\\\/shop\\\/\"},{\"@type\":\"ListItem\",\"position\":3,\"name\":\"Hifancy Storm 40000 &#8211; Apple Peach Juice\"}]},{\"@type\":\"WebSite\",\"@id\":\"https:\\\/\\\/vozolvapen.de\\\/#website\",\"url\":\"https:\\\/\\\/vozolvapen.de\\\/\",\"name\":\"vozolvapen\",\"description\":\"vozolvapen\",\"publisher\":{\"@id\":\"https:\\\/\\\/vozolvapen.de\\\/#organization\"},\"potentialAction\":[{\"@type\":\"SearchAction\",\"target\":{\"@type\":\"EntryPoint\",\"urlTemplate\":\"https:\\\/\\\/vozolvapen.de\\\/?s={search_term_string}\"},\"query-input\":{\"@type\":\"PropertyValueSpecification\",\"valueRequired\":true,\"valueName\":\"search_term_string\"}}],\"inLanguage\":\"pl-PL\"},{\"@type\":\"Organization\",\"@id\":\"https:\\\/\\\/vozolvapen.de\\\/#organization\",\"name\":\"vozolvapen\",\"url\":\"https:\\\/\\\/vozolvapen.de\\\/\",\"logo\":{\"@type\":\"ImageObject\",\"inLanguage\":\"pl-PL\",\"@id\":\"https:\\\/\\\/vozolvapen.de\\\/#\\\/schema\\\/logo\\\/image\\\/\",\"url\":\"https:\\\/\\\/vozolvapen.de\\\/wp-content\\\/uploads\\\/2025\\\/12\\\/cropped-vozovapen-logo.webp\",\"contentUrl\":\"https:\\\/\\\/vozolvapen.de\\\/wp-content\\\/uploads\\\/2025\\\/12\\\/cropped-vozovapen-logo.webp\",\"width\":470,\"height\":110,\"caption\":\"vozolvapen\"},\"image\":{\"@id\":\"https:\\\/\\\/vozolvapen.de\\\/#\\\/schema\\\/logo\\\/image\\\/\"}}]}<\/script>\n<!-- \/ Yoast SEO Premium plugin. -->","yoast_head_json":{"title":"Sok jab\u0142kowo-brzoskwiniowy HIFANCY STORM 40000 Puff - vozolvapen","description":"Smooth Apple Peach Juice firmy HIFANCY 40k. 78 ml wst\u0119pnie nape\u0142nionego p\u0142ynu, bateria 800 mAh i prze\u0142\u0105cznik dotykowy. Premium 40000 zaci\u0105gni\u0119\u0107.","robots":{"index":"index","follow":"follow","max-snippet":"max-snippet:-1","max-image-preview":"max-image-preview:large","max-video-preview":"max-video-preview:-1"},"canonical":"https:\/\/vozolvapen.de\/pl\/product\/hifancy-storm-40000-apple-peach-juice\/","og_locale":"pl_PL","og_type":"article","og_title":"Hifancy Storm 40000 - Apple Peach Juice","og_description":"Smooth Apple Peach Juice by HIFANCY 40k. 78mL pre-filled liquid, 800mAh battery, and Touch Switch. Premium 40000 puffs vape.","og_url":"https:\/\/vozolvapen.de\/pl\/product\/hifancy-storm-40000-apple-peach-juice\/","og_site_name":"vozolvapen","article_modified_time":"2026-02-10T11:00:10+00:00","og_image":[{"width":1000,"height":1000,"url":"https:\/\/vozolvapen.de\/wp-content\/uploads\/2025\/12\/HIFANCY-STORM-40000-Apple-Peach-Juice-.webp","type":"image\/webp"}],"twitter_card":"summary_large_image","twitter_misc":{"Szacowany czas czytania":"2 minuty"},"schema":{"@context":"https:\/\/schema.org","@graph":[{"@type":"WebPage","@id":"https:\/\/vozolvapen.de\/product\/hifancy-storm-40000-apple-peach-juice\/","url":"https:\/\/vozolvapen.de\/product\/hifancy-storm-40000-apple-peach-juice\/","name":"Sok jab\u0142kowo-brzoskwiniowy HIFANCY STORM 40000 Puff - vozolvapen","isPartOf":{"@id":"https:\/\/vozolvapen.de\/#website"},"primaryImageOfPage":{"@id":"https:\/\/vozolvapen.de\/product\/hifancy-storm-40000-apple-peach-juice\/#primaryimage"},"image":{"@id":"https:\/\/vozolvapen.de\/product\/hifancy-storm-40000-apple-peach-juice\/#primaryimage"},"thumbnailUrl":"https:\/\/vozolvapen.de\/wp-content\/uploads\/2025\/12\/HIFANCY-STORM-40000-Apple-Peach-Juice-.webp","datePublished":"2025-12-27T06:34:03+00:00","dateModified":"2026-02-10T11:00:10+00:00","description":"Smooth Apple Peach Juice firmy HIFANCY 40k. 78 ml wst\u0119pnie nape\u0142nionego p\u0142ynu, bateria 800 mAh i prze\u0142\u0105cznik dotykowy. Premium 40000 zaci\u0105gni\u0119\u0107.","breadcrumb":{"@id":"https:\/\/vozolvapen.de\/product\/hifancy-storm-40000-apple-peach-juice\/#breadcrumb"},"inLanguage":"pl-PL","potentialAction":[{"@type":"ReadAction","target":["https:\/\/vozolvapen.de\/product\/hifancy-storm-40000-apple-peach-juice\/"]}]},{"@type":"ImageObject","inLanguage":"pl-PL","@id":"https:\/\/vozolvapen.de\/product\/hifancy-storm-40000-apple-peach-juice\/#primaryimage","url":"https:\/\/vozolvapen.de\/wp-content\/uploads\/2025\/12\/HIFANCY-STORM-40000-Apple-Peach-Juice-.webp","contentUrl":"https:\/\/vozolvapen.de\/wp-content\/uploads\/2025\/12\/HIFANCY-STORM-40000-Apple-Peach-Juice-.webp","width":1000,"height":1000,"caption":"HIFANCY STORM 40000 - Apple Peach Juice"},{"@type":"BreadcrumbList","@id":"https:\/\/vozolvapen.de\/product\/hifancy-storm-40000-apple-peach-juice\/#breadcrumb","itemListElement":[{"@type":"ListItem","position":1,"name":"Home","item":"https:\/\/vozolvapen.de\/de\/"},{"@type":"ListItem","position":2,"name":"Shop","item":"https:\/\/vozolvapen.de\/shop\/"},{"@type":"ListItem","position":3,"name":"Hifancy Storm 40000 &#8211; Apple Peach Juice"}]},{"@type":"WebSite","@id":"https:\/\/vozolvapen.de\/#website","url":"https:\/\/vozolvapen.de\/","name":"vozolvapen","description":"vozolvapen","publisher":{"@id":"https:\/\/vozolvapen.de\/#organization"},"potentialAction":[{"@type":"SearchAction","target":{"@type":"EntryPoint","urlTemplate":"https:\/\/vozolvapen.de\/?s={search_term_string}"},"query-input":{"@type":"PropertyValueSpecification","valueRequired":true,"valueName":"search_term_string"}}],"inLanguage":"pl-PL"},{"@type":"Organization","@id":"https:\/\/vozolvapen.de\/#organization","name":"vozolvapen","url":"https:\/\/vozolvapen.de\/","logo":{"@type":"ImageObject","inLanguage":"pl-PL","@id":"https:\/\/vozolvapen.de\/#\/schema\/logo\/image\/","url":"https:\/\/vozolvapen.de\/wp-content\/uploads\/2025\/12\/cropped-vozovapen-logo.webp","contentUrl":"https:\/\/vozolvapen.de\/wp-content\/uploads\/2025\/12\/cropped-vozovapen-logo.webp","width":470,"height":110,"caption":"vozolvapen"},"image":{"@id":"https:\/\/vozolvapen.de\/#\/schema\/logo\/image\/"}}]}},"tiered_pricing_type":"fixed","tiered_pricing_fixed_rules":{"30":"13.4","50":"10.7","100":"9","200":"8"},"tiered_pricing_product_settings":{"layout":"default","base_unit_name":{"singular":null,"plural":null},"default_variation":null},"tiered_pricing_minimum_quantity":10,"tiered_pricing_roles_data":[],"tiered_pricing_percentage_rules":[],"tiered_pricing_maximum_quantity":null,"tiered_pricing_quantity_step":"10","_links":{"self":[{"href":"http:\/\/vozolvapen.de\/pl\/wp-json\/wp\/v2\/product\/45097","targetHints":{"allow":["GET"]}}],"collection":[{"href":"http:\/\/vozolvapen.de\/pl\/wp-json\/wp\/v2\/product"}],"about":[{"href":"http:\/\/vozolvapen.de\/pl\/wp-json\/wp\/v2\/types\/product"}],"replies":[{"embeddable":true,"href":"http:\/\/vozolvapen.de\/pl\/wp-json\/wp\/v2\/comments?post=45097"}],"wp:featuredmedia":[{"embeddable":true,"href":"http:\/\/vozolvapen.de\/pl\/wp-json\/wp\/v2\/media\/45272"}],"wp:attachment":[{"href":"http:\/\/vozolvapen.de\/pl\/wp-json\/wp\/v2\/media?parent=45097"}],"wp:term":[{"taxonomy":"product_brand","embeddable":true,"href":"http:\/\/vozolvapen.de\/pl\/wp-json\/wp\/v2\/product_brand?post=45097"},{"taxonomy":"product_cat","embeddable":true,"href":"http:\/\/vozolvapen.de\/pl\/wp-json\/wp\/v2\/product_cat?post=45097"},{"taxonomy":"product_tag","embeddable":true,"href":"http:\/\/vozolvapen.de\/pl\/wp-json\/wp\/v2\/product_tag?post=45097"}],"curies":[{"name":"wp","href":"https:\/\/api.w.org\/{rel}","templated":true}]}}