{"id":45199,"date":"2025-12-27T06:34:09","date_gmt":"2025-12-27T06:34:09","guid":{"rendered":"https:\/\/vozolvapen.de\/?post_type=product&#038;p=45199"},"modified":"2026-02-10T11:00:03","modified_gmt":"2026-02-10T11:00:03","slug":"hifancy-storm-40000-fizz-cola-ice","status":"publish","type":"product","link":"http:\/\/vozolvapen.de\/pl\/product\/hifancy-storm-40000-fizz-cola-ice\/","title":{"rendered":"Hifancy Storm 40000 - Fizz Cola Ice"},"content":{"rendered":"<h1 data-path-to-node=\"47\"><b data-path-to-node=\"47\" data-index-in-node=\"0\">HIFANCY STORM 40000 - Fizz Cola Ice<\/b><\/h1>\n<p data-path-to-node=\"48\"><b data-path-to-node=\"48\" data-index-in-node=\"0\">Wprowadzenie do smaku:<\/b> Fizz Cola Ice odtwarza musuj\u0105ce, musuj\u0105ce uczucie zimnej szklanki coli. To <b data-path-to-node=\"48\" data-index-in-node=\"114\">HIFANCY STORM 40000<\/b> smak zapewnia s\u0142odk\u0105, ciemn\u0105 baz\u0119 sodow\u0105 z nut\u0105 cynamonu i cytrus\u00f3w, zako\u0144czon\u0105 gazowanym efektem \u201cmusowania\u201d na wydechu. Z jego <b data-path-to-node=\"48\" data-index-in-node=\"276\">Prze\u0142\u0105cznik dotykowy<\/b> i futurystyczny <b data-path-to-node=\"48\" data-index-in-node=\"304\">Pe\u0142ny ekran<\/b>, STORM 40k sprawia, \u017ce czujesz si\u0119, jakby\u015b wapowa\u0142 w przysz\u0142o\u015bci. To najlepszy wyb\u00f3r dla fan\u00f3w napoj\u00f3w gazowanych szukaj\u0105cych <b data-path-to-node=\"48\" data-index-in-node=\"433\">Jednorazowy vape 40000 puff<\/b>.<\/p>\n<h2 data-path-to-node=\"49\"><b data-path-to-node=\"49\" data-index-in-node=\"0\">Dlaczego warto wybra\u0107 HIFANCY STORM 40000 Fizz Cola Ice?<\/b><\/h2>\n<ul data-path-to-node=\"50\">\n<li>\n<p data-path-to-node=\"50,0,0\"><b data-path-to-node=\"50,0,0\" data-index-in-node=\"0\">Profil sody musuj\u0105cej:<\/b> Unikalny \u201cmusuj\u0105cy\u201d smak w ustach, kt\u00f3ry odr\u00f3\u017cnia go od standardowych waporyzator\u00f3w owocowych.<\/p>\n<\/li>\n<li>\n<p data-path-to-node=\"50,1,0\"><b data-path-to-node=\"50,1,0\" data-index-in-node=\"0\">Niezawodno\u015b\u0107 Triple Pod:<\/b> 78 ml wst\u0119pnie nape\u0142nionego soku z coli zapewnia, \u017ce smak pozostaje \u017cywy a\u017c do ostatniego zaci\u0105gni\u0119cia.<\/p>\n<\/li>\n<li>\n<p data-path-to-node=\"50,2,0\"><b data-path-to-node=\"50,2,0\" data-index-in-node=\"0\">Niezawodny sprz\u0119t:<\/b> Akumulator o pojemno\u015bci 800 mAh gwarantuje, \u017ce nigdy nie pozostaniesz bez napoju.<\/p>\n<\/li>\n<\/ul>\n<h3 data-path-to-node=\"55\"><b>Kluczowe specyfikacje Hifancy Storm 40000<\/b><\/h3>\n<table data-path-to-node=\"12\">\n<thead>\n<tr>\n<td><strong>Specyfikacja zasilania B2B<\/strong><\/td>\n<td><strong>HIFANCY STORM 40000 Bulk Data<\/strong><\/td>\n<\/tr>\n<\/thead>\n<tbody>\n<tr>\n<td><span data-path-to-node=\"12,1,0,0\"><b data-path-to-node=\"12,1,0,0\" data-index-in-node=\"0\">To\u017csamo\u015b\u0107 marki<\/b><\/span><\/td>\n<td><span data-path-to-node=\"12,1,1,0\">HIFANCY Vape Official<\/span><\/td>\n<\/tr>\n<tr>\n<td><span data-path-to-node=\"12,2,0,0\"><b data-path-to-node=\"12,2,0,0\" data-index-in-node=\"0\">Pochodzenie wysy\u0142ki<\/b><\/span><\/td>\n<td><span data-path-to-node=\"12,2,1,0\"><b data-path-to-node=\"12,2,1,0\" data-index-in-node=\"0\">Magazyn europejski (bezc\u0142owy)<\/b><\/span><\/td>\n<\/tr>\n<tr>\n<td><span data-path-to-node=\"12,3,0,0\"><b data-path-to-node=\"12,3,0,0\" data-index-in-node=\"0\">Okno dostawy<\/b><\/span><\/td>\n<td><span data-path-to-node=\"12,3,1,0\">1-3 dni robocze (ekspresowa wysy\u0142ka do UE)<\/span><\/td>\n<\/tr>\n<tr>\n<td><span data-path-to-node=\"12,4,0,0\"><b data-path-to-node=\"12,4,0,0\" data-index-in-node=\"0\">Opakowanie standardowe<\/b><\/span><\/td>\n<td><span data-path-to-node=\"12,4,1,0\">10 sztuk w pude\u0142ku ekspozycyjnym<\/span><\/td>\n<\/tr>\n<tr>\n<td><span data-path-to-node=\"12,5,0,0\"><b data-path-to-node=\"12,5,0,0\" data-index-in-node=\"0\">Jednostka Waga<\/b><\/span><\/td>\n<td><span data-path-to-node=\"12,5,1,0\">130g Profesjonalna konstrukcja<\/span><\/td>\n<\/tr>\n<tr>\n<td><span data-path-to-node=\"12,6,0,0\"><b data-path-to-node=\"12,6,0,0\" data-index-in-node=\"0\">Stan zapas\u00f3w<\/b><\/span><\/td>\n<td><span data-path-to-node=\"12,6,1,0\">Gotowe do zam\u00f3wienia zbiorczego \/ w magazynie<\/span><\/td>\n<\/tr>\n<tr>\n<td><span data-path-to-node=\"12,7,0,0\"><b data-path-to-node=\"12,7,0,0\" data-index-in-node=\"0\">Ca\u0142kowity zbiornik<\/b><\/span><\/td>\n<td><span data-path-to-node=\"12,7,1,0\">78 ml (26 ml + 26 ml + 26 ml)<\/span><\/td>\n<\/tr>\n<\/tbody>\n<\/table>\n<h3 dir=\"auto\">Oto dalsze zalecenia dla Ciebie:<\/h3>\n<p dir=\"auto\">Odkryj jeszcze wi\u0119cej niesamowitych smak\u00f3w dzi\u0119ki Hifancy Storm 40000 Puff Vape!<\/p>\n<p dir=\"auto\"><a href=\"https:\/\/vozolvapen.de\/pl\/product-category\/hifancy-vape\/hifancy-storm-40000-puffs-vape\/\" target=\"_blank\" rel=\"noopener noreferrer nofollow\">Zobacz wszystkie odmiany tutaj \u2192<\/a><\/p>\n<p dir=\"auto\">Zapoznaj si\u0119 z nasz\u0105 pe\u0142n\u0105 kolekcj\u0105 i kupuj produkty najlepszych marek vape, kt\u00f3re pokochasz.<\/p>\n<p dir=\"auto\"><a href=\"https:\/\/vozolvapen.de\/pl\/\" target=\"_blank\" rel=\"noopener noreferrer nofollow\">Przegl\u0105daj teraz wszystkie marki \u2192<\/a><\/p>\n<p dir=\"auto\">Sprawd\u017a ca\u0142\u0105 seri\u0119 Hifancy Vape - ka\u017cdy smak, ka\u017cdy styl!<\/p>\n<p dir=\"auto\"><a href=\"https:\/\/vozolvapen.de\/pl\/product-category\/hifancy-vape\/\" target=\"_blank\" rel=\"noopener noreferrer nofollow\">Zobacz pe\u0142n\u0105 kolekcj\u0119 Hifancy Vape \u2192<\/a><\/p>","protected":false},"excerpt":{"rendered":"<p>Uchwy\u0107 musowanie zimnego napoju gazowanego. Smak HIFANCY STORM 40000 zapewnia gazowan\u0105 col\u0119 z inteligentnym monitorowaniem i szybkim \u0142adowaniem typu C.<\/p>","protected":false},"featured_media":45275,"comment_status":"open","ping_status":"closed","template":"","meta":{"_acf_changed":false},"product_brand":[],"product_cat":[134,98],"product_tag":[],"class_list":{"0":"post-45199","1":"product","2":"type-product","3":"status-publish","4":"has-post-thumbnail","6":"product_cat-eu-warehouse-in-stock","7":"product_cat-hifancy-storm-40000-puffs-vape","9":"first","10":"instock","11":"shipping-taxable","12":"purchasable","13":"product-type-variable"},"acf":[],"yoast_head":"<!-- This site is optimized with the Yoast SEO Premium plugin v26.1 (Yoast SEO v27.5) - https:\/\/yoast.com\/product\/yoast-seo-premium-wordpress\/ -->\n<title>Fizz Cola Ice HIFANCY STORM 40000 Soda - vozolvapen<\/title>\n<meta name=\"description\" content=\"Sparkling Fizz Cola Ice by HIFANCY 40k. 40,000 puffs, Full Screen, and Touch Switch. The top-rated 40000 puff disposable vape.\" \/>\n<meta name=\"robots\" content=\"index, follow, max-snippet:-1, max-image-preview:large, max-video-preview:-1\" \/>\n<link rel=\"canonical\" href=\"https:\/\/vozolvapen.de\/pl\/product\/hifancy-storm-40000-fizz-cola-ice\/\" \/>\n<meta property=\"og:locale\" content=\"pl_PL\" \/>\n<meta property=\"og:type\" content=\"article\" \/>\n<meta property=\"og:title\" content=\"Hifancy Storm 40000 - Fizz Cola Ice\" \/>\n<meta property=\"og:description\" content=\"Sparkling Fizz Cola Ice by HIFANCY 40k. 40,000 puffs, Full Screen, and Touch Switch. The top-rated 40000 puff disposable vape.\" \/>\n<meta property=\"og:url\" content=\"https:\/\/vozolvapen.de\/pl\/product\/hifancy-storm-40000-fizz-cola-ice\/\" \/>\n<meta property=\"og:site_name\" content=\"vozolvapen\" \/>\n<meta property=\"article:modified_time\" content=\"2026-02-10T11:00:03+00:00\" \/>\n<meta property=\"og:image\" content=\"https:\/\/vozolvapen.de\/wp-content\/uploads\/2025\/12\/HIFANCY-STORM-40000-Fizz-Cola-Ice-.webp\" \/>\n\t<meta property=\"og:image:width\" content=\"1000\" \/>\n\t<meta property=\"og:image:height\" content=\"1000\" \/>\n\t<meta property=\"og:image:type\" content=\"image\/webp\" \/>\n<meta name=\"twitter:card\" content=\"summary_large_image\" \/>\n<meta name=\"twitter:label1\" content=\"Szacowany czas czytania\" \/>\n\t<meta name=\"twitter:data1\" content=\"2 minuty\" \/>\n<script type=\"application\/ld+json\" class=\"yoast-schema-graph\">{\"@context\":\"https:\\\/\\\/schema.org\",\"@graph\":[{\"@type\":\"WebPage\",\"@id\":\"https:\\\/\\\/vozolvapen.de\\\/product\\\/hifancy-storm-40000-fizz-cola-ice\\\/\",\"url\":\"https:\\\/\\\/vozolvapen.de\\\/product\\\/hifancy-storm-40000-fizz-cola-ice\\\/\",\"name\":\"Fizz Cola Ice HIFANCY STORM 40000 Soda - vozolvapen\",\"isPartOf\":{\"@id\":\"https:\\\/\\\/vozolvapen.de\\\/#website\"},\"primaryImageOfPage\":{\"@id\":\"https:\\\/\\\/vozolvapen.de\\\/product\\\/hifancy-storm-40000-fizz-cola-ice\\\/#primaryimage\"},\"image\":{\"@id\":\"https:\\\/\\\/vozolvapen.de\\\/product\\\/hifancy-storm-40000-fizz-cola-ice\\\/#primaryimage\"},\"thumbnailUrl\":\"https:\\\/\\\/vozolvapen.de\\\/wp-content\\\/uploads\\\/2025\\\/12\\\/HIFANCY-STORM-40000-Fizz-Cola-Ice-.webp\",\"datePublished\":\"2025-12-27T06:34:09+00:00\",\"dateModified\":\"2026-02-10T11:00:03+00:00\",\"description\":\"Sparkling Fizz Cola Ice by HIFANCY 40k. 40,000 puffs, Full Screen, and Touch Switch. The top-rated 40000 puff disposable vape.\",\"breadcrumb\":{\"@id\":\"https:\\\/\\\/vozolvapen.de\\\/product\\\/hifancy-storm-40000-fizz-cola-ice\\\/#breadcrumb\"},\"inLanguage\":\"pl-PL\",\"potentialAction\":[{\"@type\":\"ReadAction\",\"target\":[\"https:\\\/\\\/vozolvapen.de\\\/product\\\/hifancy-storm-40000-fizz-cola-ice\\\/\"]}]},{\"@type\":\"ImageObject\",\"inLanguage\":\"pl-PL\",\"@id\":\"https:\\\/\\\/vozolvapen.de\\\/product\\\/hifancy-storm-40000-fizz-cola-ice\\\/#primaryimage\",\"url\":\"https:\\\/\\\/vozolvapen.de\\\/wp-content\\\/uploads\\\/2025\\\/12\\\/HIFANCY-STORM-40000-Fizz-Cola-Ice-.webp\",\"contentUrl\":\"https:\\\/\\\/vozolvapen.de\\\/wp-content\\\/uploads\\\/2025\\\/12\\\/HIFANCY-STORM-40000-Fizz-Cola-Ice-.webp\",\"width\":1000,\"height\":1000,\"caption\":\"HIFANCY STORM 40000 - Fizz Cola Ice\"},{\"@type\":\"BreadcrumbList\",\"@id\":\"https:\\\/\\\/vozolvapen.de\\\/product\\\/hifancy-storm-40000-fizz-cola-ice\\\/#breadcrumb\",\"itemListElement\":[{\"@type\":\"ListItem\",\"position\":1,\"name\":\"Home\",\"item\":\"https:\\\/\\\/vozolvapen.de\\\/de\\\/\"},{\"@type\":\"ListItem\",\"position\":2,\"name\":\"Shop\",\"item\":\"https:\\\/\\\/vozolvapen.de\\\/shop\\\/\"},{\"@type\":\"ListItem\",\"position\":3,\"name\":\"Hifancy Storm 40000 &#8211; Fizz Cola Ice\"}]},{\"@type\":\"WebSite\",\"@id\":\"https:\\\/\\\/vozolvapen.de\\\/#website\",\"url\":\"https:\\\/\\\/vozolvapen.de\\\/\",\"name\":\"vozolvapen\",\"description\":\"vozolvapen\",\"publisher\":{\"@id\":\"https:\\\/\\\/vozolvapen.de\\\/#organization\"},\"potentialAction\":[{\"@type\":\"SearchAction\",\"target\":{\"@type\":\"EntryPoint\",\"urlTemplate\":\"https:\\\/\\\/vozolvapen.de\\\/?s={search_term_string}\"},\"query-input\":{\"@type\":\"PropertyValueSpecification\",\"valueRequired\":true,\"valueName\":\"search_term_string\"}}],\"inLanguage\":\"pl-PL\"},{\"@type\":\"Organization\",\"@id\":\"https:\\\/\\\/vozolvapen.de\\\/#organization\",\"name\":\"vozolvapen\",\"url\":\"https:\\\/\\\/vozolvapen.de\\\/\",\"logo\":{\"@type\":\"ImageObject\",\"inLanguage\":\"pl-PL\",\"@id\":\"https:\\\/\\\/vozolvapen.de\\\/#\\\/schema\\\/logo\\\/image\\\/\",\"url\":\"https:\\\/\\\/vozolvapen.de\\\/wp-content\\\/uploads\\\/2025\\\/12\\\/cropped-vozovapen-logo.webp\",\"contentUrl\":\"https:\\\/\\\/vozolvapen.de\\\/wp-content\\\/uploads\\\/2025\\\/12\\\/cropped-vozovapen-logo.webp\",\"width\":470,\"height\":110,\"caption\":\"vozolvapen\"},\"image\":{\"@id\":\"https:\\\/\\\/vozolvapen.de\\\/#\\\/schema\\\/logo\\\/image\\\/\"}}]}<\/script>\n<!-- \/ Yoast SEO Premium plugin. -->","yoast_head_json":{"title":"Fizz Cola Ice HIFANCY STORM 40000 Soda - vozolvapen","description":"Sparkling Fizz Cola Ice by HIFANCY 40k. 40 000 zaci\u0105gni\u0119\u0107, pe\u0142ny ekran i prze\u0142\u0105cznik dotykowy. Najwy\u017cej oceniany jednorazowy vape na 40000 zaci\u0105gni\u0119\u0107.","robots":{"index":"index","follow":"follow","max-snippet":"max-snippet:-1","max-image-preview":"max-image-preview:large","max-video-preview":"max-video-preview:-1"},"canonical":"https:\/\/vozolvapen.de\/pl\/product\/hifancy-storm-40000-fizz-cola-ice\/","og_locale":"pl_PL","og_type":"article","og_title":"Hifancy Storm 40000 - Fizz Cola Ice","og_description":"Sparkling Fizz Cola Ice by HIFANCY 40k. 40,000 puffs, Full Screen, and Touch Switch. The top-rated 40000 puff disposable vape.","og_url":"https:\/\/vozolvapen.de\/pl\/product\/hifancy-storm-40000-fizz-cola-ice\/","og_site_name":"vozolvapen","article_modified_time":"2026-02-10T11:00:03+00:00","og_image":[{"width":1000,"height":1000,"url":"https:\/\/vozolvapen.de\/wp-content\/uploads\/2025\/12\/HIFANCY-STORM-40000-Fizz-Cola-Ice-.webp","type":"image\/webp"}],"twitter_card":"summary_large_image","twitter_misc":{"Szacowany czas czytania":"2 minuty"},"schema":{"@context":"https:\/\/schema.org","@graph":[{"@type":"WebPage","@id":"https:\/\/vozolvapen.de\/product\/hifancy-storm-40000-fizz-cola-ice\/","url":"https:\/\/vozolvapen.de\/product\/hifancy-storm-40000-fizz-cola-ice\/","name":"Fizz Cola Ice HIFANCY STORM 40000 Soda - vozolvapen","isPartOf":{"@id":"https:\/\/vozolvapen.de\/#website"},"primaryImageOfPage":{"@id":"https:\/\/vozolvapen.de\/product\/hifancy-storm-40000-fizz-cola-ice\/#primaryimage"},"image":{"@id":"https:\/\/vozolvapen.de\/product\/hifancy-storm-40000-fizz-cola-ice\/#primaryimage"},"thumbnailUrl":"https:\/\/vozolvapen.de\/wp-content\/uploads\/2025\/12\/HIFANCY-STORM-40000-Fizz-Cola-Ice-.webp","datePublished":"2025-12-27T06:34:09+00:00","dateModified":"2026-02-10T11:00:03+00:00","description":"Sparkling Fizz Cola Ice by HIFANCY 40k. 40 000 zaci\u0105gni\u0119\u0107, pe\u0142ny ekran i prze\u0142\u0105cznik dotykowy. Najwy\u017cej oceniany jednorazowy vape na 40000 zaci\u0105gni\u0119\u0107.","breadcrumb":{"@id":"https:\/\/vozolvapen.de\/product\/hifancy-storm-40000-fizz-cola-ice\/#breadcrumb"},"inLanguage":"pl-PL","potentialAction":[{"@type":"ReadAction","target":["https:\/\/vozolvapen.de\/product\/hifancy-storm-40000-fizz-cola-ice\/"]}]},{"@type":"ImageObject","inLanguage":"pl-PL","@id":"https:\/\/vozolvapen.de\/product\/hifancy-storm-40000-fizz-cola-ice\/#primaryimage","url":"https:\/\/vozolvapen.de\/wp-content\/uploads\/2025\/12\/HIFANCY-STORM-40000-Fizz-Cola-Ice-.webp","contentUrl":"https:\/\/vozolvapen.de\/wp-content\/uploads\/2025\/12\/HIFANCY-STORM-40000-Fizz-Cola-Ice-.webp","width":1000,"height":1000,"caption":"HIFANCY STORM 40000 - Fizz Cola Ice"},{"@type":"BreadcrumbList","@id":"https:\/\/vozolvapen.de\/product\/hifancy-storm-40000-fizz-cola-ice\/#breadcrumb","itemListElement":[{"@type":"ListItem","position":1,"name":"Home","item":"https:\/\/vozolvapen.de\/de\/"},{"@type":"ListItem","position":2,"name":"Shop","item":"https:\/\/vozolvapen.de\/shop\/"},{"@type":"ListItem","position":3,"name":"Hifancy Storm 40000 &#8211; Fizz Cola Ice"}]},{"@type":"WebSite","@id":"https:\/\/vozolvapen.de\/#website","url":"https:\/\/vozolvapen.de\/","name":"vozolvapen","description":"vozolvapen","publisher":{"@id":"https:\/\/vozolvapen.de\/#organization"},"potentialAction":[{"@type":"SearchAction","target":{"@type":"EntryPoint","urlTemplate":"https:\/\/vozolvapen.de\/?s={search_term_string}"},"query-input":{"@type":"PropertyValueSpecification","valueRequired":true,"valueName":"search_term_string"}}],"inLanguage":"pl-PL"},{"@type":"Organization","@id":"https:\/\/vozolvapen.de\/#organization","name":"vozolvapen","url":"https:\/\/vozolvapen.de\/","logo":{"@type":"ImageObject","inLanguage":"pl-PL","@id":"https:\/\/vozolvapen.de\/#\/schema\/logo\/image\/","url":"https:\/\/vozolvapen.de\/wp-content\/uploads\/2025\/12\/cropped-vozovapen-logo.webp","contentUrl":"https:\/\/vozolvapen.de\/wp-content\/uploads\/2025\/12\/cropped-vozovapen-logo.webp","width":470,"height":110,"caption":"vozolvapen"},"image":{"@id":"https:\/\/vozolvapen.de\/#\/schema\/logo\/image\/"}}]}},"tiered_pricing_type":"fixed","tiered_pricing_fixed_rules":{"30":"13.4","50":"10.7","100":"9","200":"8"},"tiered_pricing_product_settings":{"layout":"default","base_unit_name":{"singular":null,"plural":null},"default_variation":null},"tiered_pricing_minimum_quantity":10,"tiered_pricing_roles_data":[],"tiered_pricing_percentage_rules":[],"tiered_pricing_maximum_quantity":null,"tiered_pricing_quantity_step":"10","_links":{"self":[{"href":"http:\/\/vozolvapen.de\/pl\/wp-json\/wp\/v2\/product\/45199","targetHints":{"allow":["GET"]}}],"collection":[{"href":"http:\/\/vozolvapen.de\/pl\/wp-json\/wp\/v2\/product"}],"about":[{"href":"http:\/\/vozolvapen.de\/pl\/wp-json\/wp\/v2\/types\/product"}],"replies":[{"embeddable":true,"href":"http:\/\/vozolvapen.de\/pl\/wp-json\/wp\/v2\/comments?post=45199"}],"wp:featuredmedia":[{"embeddable":true,"href":"http:\/\/vozolvapen.de\/pl\/wp-json\/wp\/v2\/media\/45275"}],"wp:attachment":[{"href":"http:\/\/vozolvapen.de\/pl\/wp-json\/wp\/v2\/media?parent=45199"}],"wp:term":[{"taxonomy":"product_brand","embeddable":true,"href":"http:\/\/vozolvapen.de\/pl\/wp-json\/wp\/v2\/product_brand?post=45199"},{"taxonomy":"product_cat","embeddable":true,"href":"http:\/\/vozolvapen.de\/pl\/wp-json\/wp\/v2\/product_cat?post=45199"},{"taxonomy":"product_tag","embeddable":true,"href":"http:\/\/vozolvapen.de\/pl\/wp-json\/wp\/v2\/product_tag?post=45199"}],"curies":[{"name":"wp","href":"https:\/\/api.w.org\/{rel}","templated":true}]}}