{"id":45386,"date":"2025-12-28T09:22:09","date_gmt":"2025-12-28T09:22:09","guid":{"rendered":"https:\/\/vozolvapen.de\/?post_type=product&#038;p=45386"},"modified":"2025-12-30T04:18:51","modified_gmt":"2025-12-30T04:18:51","slug":"puff-200k-bang-box-200k-berry-citrus-fusion","status":"publish","type":"product","link":"http:\/\/vozolvapen.de\/pl\/product\/puff-200k-bang-box-200k-berry-citrus-fusion\/","title":{"rendered":"Puff 200k Bang Box 200k - Berry Citrus Fusion"},"content":{"rendered":"<h1 data-path-to-node=\"2\"><b data-path-to-node=\"2\" data-index-in-node=\"0\"> Bang Box 200k Puffs 8 w 1: Blueberry Ice, Blueberry Watermelon, Raspberry, Lemon Lime<\/b><\/h1>\n<p data-path-to-node=\"3\"><b class=\"\" data-path-to-node=\"3\" data-index-in-node=\"0\">Berry Citrus Blast:<\/b><span class=\"\"> Zestaw ten jest przeznaczony dla waper\u00f3w, kt\u00f3rzy pragn\u0105 r\u00f3wnowagi mi\u0119dzy g\u0142\u0119bok\u0105 s\u0142odycz\u0105 jag\u00f3d i ostrymi nutami cytrusowymi.<\/span><span class=\"\"> Z <\/span><b class=\"\" data-path-to-node=\"3\" data-index-in-node=\"133\">Puff 200k Bang Box<\/b><span class=\"\"> System 8 w 1,<\/span><span class=\"\"> Mo\u017cesz prze\u0142\u0105cza\u0107 si\u0119 mi\u0119dzy czterema indywidualnymi czystymi smakami lub czterema profesjonalnie wymieszanymi kombinacjami.<\/span><span class=\"\"> 1.<\/span><span class=\"\">Siatka 0\u03a9 zapewnia, \u017ce cierpko\u015b\u0107 malin i smak limonki cytrynowej s\u0105 dostarczane z odwag\u0105,<\/span><span class=\"\"> sta\u0142a produkcja pary.<\/span><\/p>\n<h2 data-path-to-node=\"4\"><b class=\"\" data-path-to-node=\"4\" data-index-in-node=\"0\">The Berry Citrus Deep Dive<\/b><\/h2>\n<ul data-path-to-node=\"5\">\n<li>\n<p data-path-to-node=\"5,0,0\"><b class=\"\" data-path-to-node=\"5,0,0\" data-index-in-node=\"0\">Spos\u00f3b A - Blueberry Ice:<\/b><span class=\"\"> Czysty,<\/span><span class=\"\"> s\u0142odkie jagody z ch\u0142odz\u0105cym mentolowym finiszem.<\/span><\/p>\n<\/li>\n<li>\n<p data-path-to-node=\"5,1,0\"><b class=\"\" data-path-to-node=\"5,1,0\" data-index-in-node=\"0\">Mode B - Blueberry Watermelon:<\/b><span class=\"\"> Soczyste po\u0142\u0105czenie le\u015bnych jag\u00f3d i nawil\u017caj\u0105cego melona.<\/span><\/p>\n<\/li>\n<li>\n<p data-path-to-node=\"5,2,0\"><b class=\"\" data-path-to-node=\"5,2,0\" data-index-in-node=\"0\">Tryb C - Raspberry:<\/b><span class=\"\"> Ostry,<\/span><span class=\"\"> pikantny,<\/span><span class=\"\"> i autentyczne nuty czerwonych malin.<\/span><\/p>\n<\/li>\n<li>\n<p data-path-to-node=\"5,3,0\"><b class=\"\" data-path-to-node=\"5,3,0\" data-index-in-node=\"0\">Mode D - Lemon Lime:<\/b><span class=\"\"> Ostry,<\/span><span class=\"\"> orze\u017awiaj\u0105cy duet cytrus\u00f3w.<\/span><\/p>\n<\/li>\n<li>\n<p data-path-to-node=\"5,4,0\"><b class=\"\" data-path-to-node=\"5,4,0\" data-index-in-node=\"0\">Tryb E-H (tryby Combo):<\/b><span class=\"\"> Unikalne miksy, takie jak <\/span><i class=\"\" data-path-to-node=\"5,4,0\" data-index-in-node=\"42\">Jagoda-malina<\/i><span class=\"\"> oraz <\/span><i class=\"\" data-path-to-node=\"5,4,0\" data-index-in-node=\"66\">Fizz cytrusowo-jagodowy<\/i><span class=\"\"> dla wielowarstwowego do\u015bwiadczenia.<\/span><\/p>\n<\/li>\n<\/ul>\n<h2 data-path-to-node=\"3\"><b data-path-to-node=\"3\" data-index-in-node=\"0\">Dla kogo przeznaczony jest ten smak?<\/b><\/h2>\n<ul data-path-to-node=\"4\">\n<li>\n<p data-path-to-node=\"4,0,0\"><b data-path-to-node=\"4,0,0\" data-index-in-node=\"0\">Vaper odporny na nud\u0119:<\/b> Je\u015bli po kilku godzinach znudzi Ci si\u0119 ten sam smak, prze\u0142\u0105cznik 8 w 1 jest Twoim najlepszym przyjacielem. Prze\u0142\u0105cz si\u0119 ze s\u0142odkiej jagody na ostr\u0105 limonk\u0119, aby zachowa\u0107 \u015bwie\u017co\u015b\u0107 podniebienia.<\/p>\n<\/li>\n<li>\n<p data-path-to-node=\"4,1,0\"><b data-path-to-node=\"4,1,0\" data-index-in-node=\"0\">Ca\u0142odzienny u\u017cytkownik:<\/b> Idealny dla tych, kt\u00f3rzy chc\u0105 lekkiego, orze\u017awiaj\u0105cego smaku, kt\u00f3ry nie staje si\u0119 przyt\u0142aczaj\u0105cy pod koniec dnia.<\/p>\n<\/li>\n<\/ul>\n<h2 data-path-to-node=\"60\">Specyfikacja rdzenia Puff 200k Bang Box 200k<\/h2>\n<table data-path-to-node=\"4\">\n<thead>\n<tr>\n<td><strong>Funkcja innowacji<\/strong><\/td>\n<td><strong>Dane techniczne Bang Box 200k<\/strong><\/td>\n<\/tr>\n<\/thead>\n<tbody>\n<tr>\n<td><span data-path-to-node=\"4,1,0,0\"><b data-path-to-node=\"4,1,0,0\" data-index-in-node=\"0\">Seria modeli<\/b><\/span><\/td>\n<td><span data-path-to-node=\"4,1,1,0\">Puff 200k Bang Box 200k<\/span><\/td>\n<\/tr>\n<tr>\n<td><span data-path-to-node=\"4,2,0,0\"><b data-path-to-node=\"4,2,0,0\" data-index-in-node=\"0\">Flavor Logic<\/b><\/span><\/td>\n<td><span data-path-to-node=\"4,2,1,0\"><b data-path-to-node=\"4,2,1,0\" data-index-in-node=\"0\">System 8 w 1 (4 tryby Pure + 4 tryby hybrydowe)<\/b><\/span><\/td>\n<\/tr>\n<tr>\n<td><span data-path-to-node=\"4,3,0,0\"><b data-path-to-node=\"4,3,0,0\" data-index-in-node=\"0\">Typ wy\u015bwietlacza<\/b><\/span><\/td>\n<td><span data-path-to-node=\"4,3,1,0\">Zintegrowana inteligentna dioda LED (paliwo i zasilanie)<\/span><\/td>\n<\/tr>\n<tr>\n<td><span data-path-to-node=\"4,4,0,0\"><b data-path-to-node=\"4,4,0,0\" data-index-in-node=\"0\">Rdze\u0144 grzewczy<\/b><\/span><\/td>\n<td><span data-path-to-node=\"4,4,1,0\">Siatkowa cewka o wysokiej g\u0119sto\u015bci 1,0\u03a9<\/span><\/td>\n<\/tr>\n<tr>\n<td><span data-path-to-node=\"4,5,0,0\"><b data-path-to-node=\"4,5,0,0\" data-index-in-node=\"0\">Konstrukcja przep\u0142ywu powietrza<\/b><\/span><\/td>\n<td><span data-path-to-node=\"4,5,1,0\">Zoptymalizowany pod k\u0105tem bogatej produkcji pary<\/span><\/td>\n<\/tr>\n<tr>\n<td><span data-path-to-node=\"4,6,0,0\"><b data-path-to-node=\"4,6,0,0\" data-index-in-node=\"0\">Puff Rating<\/b><\/span><\/td>\n<td><span data-path-to-node=\"4,6,1,0\">Do 200 000 zaci\u0105gni\u0119\u0107<\/span><\/td>\n<\/tr>\n<tr>\n<td><span data-path-to-node=\"4,7,0,0\"><b data-path-to-node=\"4,7,0,0\" data-index-in-node=\"0\">Kontrola<\/b><\/span><\/td>\n<td><span data-path-to-node=\"4,7,1,0\">Intuicyjny mechanizm prze\u0142\u0105czania smak\u00f3w<\/span><\/td>\n<\/tr>\n<\/tbody>\n<\/table>\n<h3 dir=\"auto\">Oto dalsze zalecenia dla Ciebie:<\/h3>\n<p dir=\"auto\">Odkryj jeszcze wi\u0119cej niesamowitych smak\u00f3w dzi\u0119ki Puff 200k Bang Box 200k Vape!<\/p>\n<p dir=\"auto\"><a href=\"https:\/\/vozolvapen.de\/pl\/product-category\/bang-vape\/puff-200k-bang-box-200k-8-in-1\/\" target=\"_blank\" rel=\"noopener noreferrer nofollow\">Zobacz wszystkie odmiany tutaj \u2192<\/a><\/p>\n<p dir=\"auto\">Zapoznaj si\u0119 z nasz\u0105 pe\u0142n\u0105 kolekcj\u0105 i kupuj produkty najlepszych marek vape, kt\u00f3re pokochasz.<\/p>\n<p dir=\"auto\"><a href=\"https:\/\/vozolvapen.de\/pl\/\" target=\"_blank\" rel=\"noopener noreferrer nofollow\">Przegl\u0105daj teraz wszystkie marki \u2192<\/a><\/p>\n<p dir=\"auto\">Sprawd\u017a ca\u0142\u0105 seri\u0119 Bang Vape - ka\u017cdy smak, ka\u017cdy styl!<\/p>\n<p dir=\"auto\"><a href=\"https:\/\/vozolvapen.de\/pl\/product-category\/bang-vape\/\" target=\"_blank\" rel=\"noopener noreferrer nofollow\">Zobacz pe\u0142n\u0105 kolekcj\u0119 Bang Vape \u2192<\/a><\/p>","protected":false},"excerpt":{"rendered":"<p data-path-to-node=\"3\"><b data-path-to-node=\"3\" data-index-in-node=\"0\">Narz\u0119dzie wielofunkcyjne Berry-Citrus:<\/b> Do\u015bwiadcz najwy\u017cszej elastyczno\u015bci smaku dzi\u0119ki <b data-path-to-node=\"3\" data-index-in-node=\"81\">Puff 200k Bang Box<\/b>. Zestaw ten oferuje tryby 8 w 1, przechodz\u0105c od s\u0142odkiego Blueberry Ice do pikantnego Lemon Lime. Zasilany przez cewk\u0119 siatkow\u0105 1,0\u03a9 i zbiornik o pojemno\u015bci 40 ml, zapewnia do <b data-path-to-node=\"3\" data-index-in-node=\"254\">200 000 zaci\u0105gni\u0119\u0107<\/b> orze\u017awiaj\u0105cej, \u017cywej pary.<\/p>","protected":false},"featured_media":45837,"comment_status":"open","ping_status":"closed","template":"","meta":{"_acf_changed":false},"product_brand":[],"product_cat":[99],"product_tag":[],"class_list":{"0":"post-45386","1":"product","2":"type-product","3":"status-publish","4":"has-post-thumbnail","6":"product_cat-puff-200k-bang-box-200k-8-in-1","8":"first","9":"instock","10":"shipping-taxable","11":"purchasable","12":"product-type-variable"},"acf":[],"yoast_head":"<!-- This site is optimized with the Yoast SEO Premium plugin v26.1 (Yoast SEO v27.5) - https:\/\/yoast.com\/product\/yoast-seo-premium-wordpress\/ -->\n<title>Bang Box 200k Puffs Blueberry Ice &amp; Lemon Lime 8-in-1 - vozolvapen<\/title>\n<meta name=\"description\" content=\"A refreshing mix of sweet Blueberry Ice and zesty Lemon Lime. The Puff 200k Bang Box offers 8 flavor variations in one device, powered by a 40mL tank.\" \/>\n<meta name=\"robots\" content=\"index, follow, max-snippet:-1, max-image-preview:large, max-video-preview:-1\" \/>\n<link rel=\"canonical\" href=\"https:\/\/vozolvapen.de\/pl\/product\/puff-200k-bang-box-200k-berry-citrus-fusion\/\" \/>\n<meta property=\"og:locale\" content=\"pl_PL\" \/>\n<meta property=\"og:type\" content=\"article\" \/>\n<meta property=\"og:title\" content=\"Puff 200k Bang Box 200k - Berry Citrus Fusion\" \/>\n<meta property=\"og:description\" content=\"A refreshing mix of sweet Blueberry Ice and zesty Lemon Lime. The Puff 200k Bang Box offers 8 flavor variations in one device, powered by a 40mL tank.\" \/>\n<meta property=\"og:url\" content=\"https:\/\/vozolvapen.de\/pl\/product\/puff-200k-bang-box-200k-berry-citrus-fusion\/\" \/>\n<meta property=\"og:site_name\" content=\"vozolvapen\" \/>\n<meta property=\"article:modified_time\" content=\"2025-12-30T04:18:51+00:00\" \/>\n<meta property=\"og:image\" content=\"https:\/\/vozolvapen.de\/wp-content\/uploads\/2025\/12\/Puff-200k-Bang-Box-200k-Blueberry-IceBlueberry-WatermelonRaspberryLemon-Lime-2.webp\" \/>\n\t<meta property=\"og:image:width\" content=\"1200\" \/>\n\t<meta property=\"og:image:height\" content=\"1200\" \/>\n\t<meta property=\"og:image:type\" content=\"image\/webp\" \/>\n<meta name=\"twitter:card\" content=\"summary_large_image\" \/>\n<meta name=\"twitter:label1\" content=\"Szacowany czas czytania\" \/>\n\t<meta name=\"twitter:data1\" content=\"2 minuty\" \/>\n<script type=\"application\/ld+json\" class=\"yoast-schema-graph\">{\"@context\":\"https:\\\/\\\/schema.org\",\"@graph\":[{\"@type\":\"WebPage\",\"@id\":\"https:\\\/\\\/vozolvapen.de\\\/product\\\/puff-200k-bang-box-200k-berry-citrus-fusion\\\/\",\"url\":\"https:\\\/\\\/vozolvapen.de\\\/product\\\/puff-200k-bang-box-200k-berry-citrus-fusion\\\/\",\"name\":\"Bang Box 200k Puffs Blueberry Ice & Lemon Lime 8-in-1 - vozolvapen\",\"isPartOf\":{\"@id\":\"https:\\\/\\\/vozolvapen.de\\\/#website\"},\"primaryImageOfPage\":{\"@id\":\"https:\\\/\\\/vozolvapen.de\\\/product\\\/puff-200k-bang-box-200k-berry-citrus-fusion\\\/#primaryimage\"},\"image\":{\"@id\":\"https:\\\/\\\/vozolvapen.de\\\/product\\\/puff-200k-bang-box-200k-berry-citrus-fusion\\\/#primaryimage\"},\"thumbnailUrl\":\"https:\\\/\\\/vozolvapen.de\\\/wp-content\\\/uploads\\\/2025\\\/12\\\/Puff-200k-Bang-Box-200k-Blueberry-IceBlueberry-WatermelonRaspberryLemon-Lime-2.webp\",\"datePublished\":\"2025-12-28T09:22:09+00:00\",\"dateModified\":\"2025-12-30T04:18:51+00:00\",\"description\":\"A refreshing mix of sweet Blueberry Ice and zesty Lemon Lime. The Puff 200k Bang Box offers 8 flavor variations in one device, powered by a 40mL tank.\",\"breadcrumb\":{\"@id\":\"https:\\\/\\\/vozolvapen.de\\\/product\\\/puff-200k-bang-box-200k-berry-citrus-fusion\\\/#breadcrumb\"},\"inLanguage\":\"pl-PL\",\"potentialAction\":[{\"@type\":\"ReadAction\",\"target\":[\"https:\\\/\\\/vozolvapen.de\\\/product\\\/puff-200k-bang-box-200k-berry-citrus-fusion\\\/\"]}]},{\"@type\":\"ImageObject\",\"inLanguage\":\"pl-PL\",\"@id\":\"https:\\\/\\\/vozolvapen.de\\\/product\\\/puff-200k-bang-box-200k-berry-citrus-fusion\\\/#primaryimage\",\"url\":\"https:\\\/\\\/vozolvapen.de\\\/wp-content\\\/uploads\\\/2025\\\/12\\\/Puff-200k-Bang-Box-200k-Blueberry-IceBlueberry-WatermelonRaspberryLemon-Lime-2.webp\",\"contentUrl\":\"https:\\\/\\\/vozolvapen.de\\\/wp-content\\\/uploads\\\/2025\\\/12\\\/Puff-200k-Bang-Box-200k-Blueberry-IceBlueberry-WatermelonRaspberryLemon-Lime-2.webp\",\"width\":1200,\"height\":1200,\"caption\":\"Puff 200k Bang Box 200k - Blueberry Ice+Blueberry Watermelon+Raspberry+Lemon Lime (2)\"},{\"@type\":\"BreadcrumbList\",\"@id\":\"https:\\\/\\\/vozolvapen.de\\\/product\\\/puff-200k-bang-box-200k-berry-citrus-fusion\\\/#breadcrumb\",\"itemListElement\":[{\"@type\":\"ListItem\",\"position\":1,\"name\":\"Home\",\"item\":\"https:\\\/\\\/vozolvapen.de\\\/de\\\/\"},{\"@type\":\"ListItem\",\"position\":2,\"name\":\"Shop\",\"item\":\"https:\\\/\\\/vozolvapen.de\\\/shop\\\/\"},{\"@type\":\"ListItem\",\"position\":3,\"name\":\"Puff 200k Bang Box 200k &#8211; Berry Citrus Fusion\"}]},{\"@type\":\"WebSite\",\"@id\":\"https:\\\/\\\/vozolvapen.de\\\/#website\",\"url\":\"https:\\\/\\\/vozolvapen.de\\\/\",\"name\":\"vozolvapen\",\"description\":\"vozolvapen\",\"publisher\":{\"@id\":\"https:\\\/\\\/vozolvapen.de\\\/#organization\"},\"potentialAction\":[{\"@type\":\"SearchAction\",\"target\":{\"@type\":\"EntryPoint\",\"urlTemplate\":\"https:\\\/\\\/vozolvapen.de\\\/?s={search_term_string}\"},\"query-input\":{\"@type\":\"PropertyValueSpecification\",\"valueRequired\":true,\"valueName\":\"search_term_string\"}}],\"inLanguage\":\"pl-PL\"},{\"@type\":\"Organization\",\"@id\":\"https:\\\/\\\/vozolvapen.de\\\/#organization\",\"name\":\"vozolvapen\",\"url\":\"https:\\\/\\\/vozolvapen.de\\\/\",\"logo\":{\"@type\":\"ImageObject\",\"inLanguage\":\"pl-PL\",\"@id\":\"https:\\\/\\\/vozolvapen.de\\\/#\\\/schema\\\/logo\\\/image\\\/\",\"url\":\"https:\\\/\\\/vozolvapen.de\\\/wp-content\\\/uploads\\\/2025\\\/12\\\/cropped-vozovapen-logo.webp\",\"contentUrl\":\"https:\\\/\\\/vozolvapen.de\\\/wp-content\\\/uploads\\\/2025\\\/12\\\/cropped-vozovapen-logo.webp\",\"width\":470,\"height\":110,\"caption\":\"vozolvapen\"},\"image\":{\"@id\":\"https:\\\/\\\/vozolvapen.de\\\/#\\\/schema\\\/logo\\\/image\\\/\"}}]}<\/script>\n<!-- \/ Yoast SEO Premium plugin. -->","yoast_head_json":{"title":"Bang Box 200k Puffs Blueberry Ice &amp; Lemon Lime 8 w 1 - vozolvapen","description":"Orze\u017awiaj\u0105ca mieszanka s\u0142odkiego Blueberry Ice i pikantnej Lemon Lime. Puff 200k Bang Box oferuje 8 wariant\u00f3w smakowych w jednym urz\u0105dzeniu, zasilanym przez zbiornik o pojemno\u015bci 40 ml.","robots":{"index":"index","follow":"follow","max-snippet":"max-snippet:-1","max-image-preview":"max-image-preview:large","max-video-preview":"max-video-preview:-1"},"canonical":"https:\/\/vozolvapen.de\/pl\/product\/puff-200k-bang-box-200k-berry-citrus-fusion\/","og_locale":"pl_PL","og_type":"article","og_title":"Puff 200k Bang Box 200k - Berry Citrus Fusion","og_description":"A refreshing mix of sweet Blueberry Ice and zesty Lemon Lime. The Puff 200k Bang Box offers 8 flavor variations in one device, powered by a 40mL tank.","og_url":"https:\/\/vozolvapen.de\/pl\/product\/puff-200k-bang-box-200k-berry-citrus-fusion\/","og_site_name":"vozolvapen","article_modified_time":"2025-12-30T04:18:51+00:00","og_image":[{"width":1200,"height":1200,"url":"https:\/\/vozolvapen.de\/wp-content\/uploads\/2025\/12\/Puff-200k-Bang-Box-200k-Blueberry-IceBlueberry-WatermelonRaspberryLemon-Lime-2.webp","type":"image\/webp"}],"twitter_card":"summary_large_image","twitter_misc":{"Szacowany czas czytania":"2 minuty"},"schema":{"@context":"https:\/\/schema.org","@graph":[{"@type":"WebPage","@id":"https:\/\/vozolvapen.de\/product\/puff-200k-bang-box-200k-berry-citrus-fusion\/","url":"https:\/\/vozolvapen.de\/product\/puff-200k-bang-box-200k-berry-citrus-fusion\/","name":"Bang Box 200k Puffs Blueberry Ice &amp; Lemon Lime 8 w 1 - vozolvapen","isPartOf":{"@id":"https:\/\/vozolvapen.de\/#website"},"primaryImageOfPage":{"@id":"https:\/\/vozolvapen.de\/product\/puff-200k-bang-box-200k-berry-citrus-fusion\/#primaryimage"},"image":{"@id":"https:\/\/vozolvapen.de\/product\/puff-200k-bang-box-200k-berry-citrus-fusion\/#primaryimage"},"thumbnailUrl":"https:\/\/vozolvapen.de\/wp-content\/uploads\/2025\/12\/Puff-200k-Bang-Box-200k-Blueberry-IceBlueberry-WatermelonRaspberryLemon-Lime-2.webp","datePublished":"2025-12-28T09:22:09+00:00","dateModified":"2025-12-30T04:18:51+00:00","description":"Orze\u017awiaj\u0105ca mieszanka s\u0142odkiego Blueberry Ice i pikantnej Lemon Lime. Puff 200k Bang Box oferuje 8 wariant\u00f3w smakowych w jednym urz\u0105dzeniu, zasilanym przez zbiornik o pojemno\u015bci 40 ml.","breadcrumb":{"@id":"https:\/\/vozolvapen.de\/product\/puff-200k-bang-box-200k-berry-citrus-fusion\/#breadcrumb"},"inLanguage":"pl-PL","potentialAction":[{"@type":"ReadAction","target":["https:\/\/vozolvapen.de\/product\/puff-200k-bang-box-200k-berry-citrus-fusion\/"]}]},{"@type":"ImageObject","inLanguage":"pl-PL","@id":"https:\/\/vozolvapen.de\/product\/puff-200k-bang-box-200k-berry-citrus-fusion\/#primaryimage","url":"https:\/\/vozolvapen.de\/wp-content\/uploads\/2025\/12\/Puff-200k-Bang-Box-200k-Blueberry-IceBlueberry-WatermelonRaspberryLemon-Lime-2.webp","contentUrl":"https:\/\/vozolvapen.de\/wp-content\/uploads\/2025\/12\/Puff-200k-Bang-Box-200k-Blueberry-IceBlueberry-WatermelonRaspberryLemon-Lime-2.webp","width":1200,"height":1200,"caption":"Puff 200k Bang Box 200k - Blueberry Ice+Blueberry Watermelon+Raspberry+Lemon Lime (2)"},{"@type":"BreadcrumbList","@id":"https:\/\/vozolvapen.de\/product\/puff-200k-bang-box-200k-berry-citrus-fusion\/#breadcrumb","itemListElement":[{"@type":"ListItem","position":1,"name":"Home","item":"https:\/\/vozolvapen.de\/de\/"},{"@type":"ListItem","position":2,"name":"Shop","item":"https:\/\/vozolvapen.de\/shop\/"},{"@type":"ListItem","position":3,"name":"Puff 200k Bang Box 200k &#8211; Berry Citrus Fusion"}]},{"@type":"WebSite","@id":"https:\/\/vozolvapen.de\/#website","url":"https:\/\/vozolvapen.de\/","name":"vozolvapen","description":"vozolvapen","publisher":{"@id":"https:\/\/vozolvapen.de\/#organization"},"potentialAction":[{"@type":"SearchAction","target":{"@type":"EntryPoint","urlTemplate":"https:\/\/vozolvapen.de\/?s={search_term_string}"},"query-input":{"@type":"PropertyValueSpecification","valueRequired":true,"valueName":"search_term_string"}}],"inLanguage":"pl-PL"},{"@type":"Organization","@id":"https:\/\/vozolvapen.de\/#organization","name":"vozolvapen","url":"https:\/\/vozolvapen.de\/","logo":{"@type":"ImageObject","inLanguage":"pl-PL","@id":"https:\/\/vozolvapen.de\/#\/schema\/logo\/image\/","url":"https:\/\/vozolvapen.de\/wp-content\/uploads\/2025\/12\/cropped-vozovapen-logo.webp","contentUrl":"https:\/\/vozolvapen.de\/wp-content\/uploads\/2025\/12\/cropped-vozovapen-logo.webp","width":470,"height":110,"caption":"vozolvapen"},"image":{"@id":"https:\/\/vozolvapen.de\/#\/schema\/logo\/image\/"}}]}},"tiered_pricing_type":"fixed","tiered_pricing_fixed_rules":{"30":"14.3","50":"12.3","100":"11.3","200":"10.8"},"tiered_pricing_product_settings":{"layout":"default","base_unit_name":{"singular":null,"plural":null},"default_variation":{}},"tiered_pricing_minimum_quantity":10,"tiered_pricing_roles_data":[],"tiered_pricing_percentage_rules":[],"tiered_pricing_maximum_quantity":null,"tiered_pricing_quantity_step":"10","_links":{"self":[{"href":"http:\/\/vozolvapen.de\/pl\/wp-json\/wp\/v2\/product\/45386","targetHints":{"allow":["GET"]}}],"collection":[{"href":"http:\/\/vozolvapen.de\/pl\/wp-json\/wp\/v2\/product"}],"about":[{"href":"http:\/\/vozolvapen.de\/pl\/wp-json\/wp\/v2\/types\/product"}],"replies":[{"embeddable":true,"href":"http:\/\/vozolvapen.de\/pl\/wp-json\/wp\/v2\/comments?post=45386"}],"wp:featuredmedia":[{"embeddable":true,"href":"http:\/\/vozolvapen.de\/pl\/wp-json\/wp\/v2\/media\/45837"}],"wp:attachment":[{"href":"http:\/\/vozolvapen.de\/pl\/wp-json\/wp\/v2\/media?parent=45386"}],"wp:term":[{"taxonomy":"product_brand","embeddable":true,"href":"http:\/\/vozolvapen.de\/pl\/wp-json\/wp\/v2\/product_brand?post=45386"},{"taxonomy":"product_cat","embeddable":true,"href":"http:\/\/vozolvapen.de\/pl\/wp-json\/wp\/v2\/product_cat?post=45386"},{"taxonomy":"product_tag","embeddable":true,"href":"http:\/\/vozolvapen.de\/pl\/wp-json\/wp\/v2\/product_tag?post=45386"}],"curies":[{"name":"wp","href":"https:\/\/api.w.org\/{rel}","templated":true}]}}