{"id":45431,"date":"2025-12-28T09:22:11","date_gmt":"2025-12-28T09:22:11","guid":{"rendered":"https:\/\/vozolvapen.de\/?post_type=product&#038;p=45431"},"modified":"2025-12-30T04:18:46","modified_gmt":"2025-12-30T04:18:46","slug":"puff-200k-bang-box-200k-watermelon-cherry-sweetness","status":"publish","type":"product","link":"http:\/\/vozolvapen.de\/pl\/product\/puff-200k-bang-box-200k-watermelon-cherry-sweetness\/","title":{"rendered":"Puff 200k Bang Box 200k - Arbuzowa S\u0142odycz Wi\u015bni"},"content":{"rendered":"<h1 data-path-to-node=\"9\"><b data-path-to-node=\"9\" data-index-in-node=\"0\">Bang Box 200k Puffs 8 w 1: Watermelon Ice, Watermelon Bubblegum, Cherry Ice, Bubblegum<\/b><\/h1>\n<p data-path-to-node=\"10\"><b class=\"\" data-path-to-node=\"10\" data-index-in-node=\"0\">The Pink &amp; Red Candy Medley:<\/b><span class=\"\"> Raj dla mi\u0142o\u015bnik\u00f3w s\u0142odyczy,<\/span><span class=\"\"> nostalgiczne smaki.<\/span><span class=\"\"> To <\/span><b class=\"\" data-path-to-node=\"10\" data-index-in-node=\"85\">Bang Box 200k<\/b><span class=\"\"> Wyb\u00f3r koncentruje si\u0119 na legendarnym po\u0142\u0105czeniu arbuza i wi\u015bni z cukierkowym wyko\u0144czeniem.<\/span><span class=\"\"> The <\/span><b class=\"\" data-path-to-node=\"10\" data-index-in-node=\"199\">Technologia 8 w 1<\/b><span class=\"\"> Pozwala do\u015bwiadczy\u0107 chrupko\u015bci Watermelon Ice osobno lub w po\u0142\u0105czeniu z ci\u0105gn\u0105c\u0105 si\u0119 s\u0142odycz\u0105 Bubblegum, aby uzyska\u0107 prawdziwie \u015bwi\u0105teczny smak.<\/span><\/p>\n<h2 data-path-to-node=\"11\"><b class=\"\" data-path-to-node=\"11\" data-index-in-node=\"0\">R\u00f3\u017cowe i czerwone cukierki - g\u0142\u0119bokie zanurzenie<\/b><\/h2>\n<ul data-path-to-node=\"12\">\n<li>\n<p data-path-to-node=\"12,0,0\"><b class=\"\" data-path-to-node=\"12,0,0\" data-index-in-node=\"0\">Tryb A - Watermelon Ice:<\/b><span class=\"\"> Klasyczny,<\/span><span class=\"\"> sch\u0142odzone plastry arbuza.<\/span><\/p>\n<\/li>\n<li>\n<p data-path-to-node=\"12,1,0\"><b class=\"\" data-path-to-node=\"12,1,0\" data-index-in-node=\"0\">Mode B - Watermelon Bubblegum:<\/b><span class=\"\"> S\u0142odki melon na bazie s\u0142odkiej gumy do \u017cucia.<\/span><\/p>\n<\/li>\n<li>\n<p data-path-to-node=\"12,2,0\"><b class=\"\" data-path-to-node=\"12,2,0\" data-index-in-node=\"0\">Mode C - Cherry Ice:<\/b><span class=\"\"> G\u0142\u0119bokie,<\/span><span class=\"\"> ciemna wi\u015bnia z orze\u017awiaj\u0105cym, mro\u017anym wydechem.<\/span><\/p>\n<\/li>\n<li>\n<p data-path-to-node=\"12,3,0\"><b class=\"\" data-path-to-node=\"12,3,0\" data-index-in-node=\"0\">Mode D - Bubblegum:<\/b><span class=\"\"> Czysty,<\/span><span class=\"\"> nostalgiczny r\u00f3\u017cowy smak gumy balonowej.<\/span><\/p>\n<\/li>\n<li>\n<p data-path-to-node=\"12,4,0\"><b class=\"\" data-path-to-node=\"12,4,0\" data-index-in-node=\"0\">Tryb E-H (tryby Combo):<\/b><span class=\"\"> Do\u015bwiadczenie <\/span><i class=\"\" data-path-to-node=\"12,4,0\" data-index-in-node=\"35\">Wi\u015bnia-arbuz<\/i><span class=\"\"> oraz <\/span><i class=\"\" data-path-to-node=\"12,4,0\" data-index-in-node=\"57\">Double Bubblegum<\/i><span class=\"\"> mieszanki zapewniaj\u0105ce maksymaln\u0105 s\u0142odycz.<\/span><\/p>\n<\/li>\n<\/ul>\n<h2 data-path-to-node=\"6\"><b data-path-to-node=\"6\" data-index-in-node=\"0\">Dla kogo przeznaczony jest ten smak?<\/b><\/h2>\n<ul data-path-to-node=\"7\">\n<li>\n<p data-path-to-node=\"7,0,0\"><b data-path-to-node=\"7,0,0\" data-index-in-node=\"0\">Mi\u0142o\u015bnik s\u0142odyczy:<\/b> Je\u015bli Twoj\u0105 ulubion\u0105 alejk\u0105 w sklepie jest dzia\u0142 ze s\u0142odyczami, ta s\u0142odka, nostalgiczna mieszanka jest przeznaczona dla Ciebie.<\/p>\n<\/li>\n<li>\n<p data-path-to-node=\"7,1,0\"><b data-path-to-node=\"7,1,0\" data-index-in-node=\"0\">The Social Vaper:<\/b> S\u0142odki, aromatyczny zapach gumy balonowej i wi\u015bni sprawia, \u017ce jest to doskona\u0142y wyb\u00f3r do u\u017cytku w miejscach spotka\u0144 towarzyskich lub na imprezach.<\/p>\n<\/li>\n<\/ul>\n<h2 data-path-to-node=\"60\">Specyfikacja rdzenia Puff 200k Bang Box 200k<\/h2>\n<table data-path-to-node=\"8\">\n<thead>\n<tr>\n<td><strong>Parametr wytrzyma\u0142o\u015bci<\/strong><\/td>\n<td><strong>Specyfikacja wydajno\u015bci Puff 200000<\/strong><\/td>\n<\/tr>\n<\/thead>\n<tbody>\n<tr>\n<td><span data-path-to-node=\"8,1,0,0\"><b data-path-to-node=\"8,1,0,0\" data-index-in-node=\"0\">Obj\u0119to\u015b\u0107 p\u0142ynu E-Liquid<\/b><\/span><\/td>\n<td><span data-path-to-node=\"8,1,1,0\"><b data-path-to-node=\"8,1,1,0\" data-index-in-node=\"0\">Wst\u0119pnie nape\u0142niony zbiornik Mega Reservoir o pojemno\u015bci 40 ml<\/b><\/span><\/td>\n<\/tr>\n<tr>\n<td><span data-path-to-node=\"8,2,0,0\"><b data-path-to-node=\"8,2,0,0\" data-index-in-node=\"0\">Akumulator<\/b><\/span><\/td>\n<td><span data-path-to-node=\"8,2,1,0\">850mAh Pure Cobalt Lithium<\/span><\/td>\n<\/tr>\n<tr>\n<td><span data-path-to-node=\"8,3,0,0\"><b data-path-to-node=\"8,3,0,0\" data-index-in-node=\"0\">Port \u0142adowania<\/b><\/span><\/td>\n<td><span data-path-to-node=\"8,3,1,0\">Wydajne szybkie \u0142adowanie typu C<\/span><\/td>\n<\/tr>\n<tr>\n<td><span data-path-to-node=\"8,4,0,0\"><b data-path-to-node=\"8,4,0,0\" data-index-in-node=\"0\">Poziom nikotyny<\/b><\/span><\/td>\n<td><span data-path-to-node=\"8,4,1,0\">0%<\/span><\/td>\n<\/tr>\n<tr>\n<td><span data-path-to-node=\"8,5,0,0\"><b data-path-to-node=\"8,5,0,0\" data-index-in-node=\"0\">D\u0142ugowieczno\u015b\u0107<\/b><\/span><\/td>\n<td><span data-path-to-node=\"8,5,1,0\">Odpowiednik wielu standardowych urz\u0105dze\u0144<\/span><\/td>\n<\/tr>\n<tr>\n<td><span data-path-to-node=\"8,6,0,0\"><b data-path-to-node=\"8,6,0,0\" data-index-in-node=\"0\">Odporno\u015b\u0107 cewki<\/b><\/span><\/td>\n<td><span data-path-to-node=\"8,6,1,0\">1,0 Ohm (zoptymalizowany dla 200 tys. zaci\u0105gni\u0119\u0107)<\/span><\/td>\n<\/tr>\n<tr>\n<td><span data-path-to-node=\"8,7,0,0\"><b data-path-to-node=\"8,7,0,0\" data-index-in-node=\"0\">Aktualizacja statusu<\/b><\/span><\/td>\n<td><span data-path-to-node=\"8,7,1,0\">Cyfrowe \u015bledzenie baterii i e-cieczy<\/span><\/td>\n<\/tr>\n<\/tbody>\n<\/table>\n<h3 dir=\"auto\">Oto dalsze zalecenia dla Ciebie:<\/h3>\n<p dir=\"auto\">Odkryj jeszcze wi\u0119cej niesamowitych smak\u00f3w dzi\u0119ki Puff 200k Bang Box 200k Vape!<\/p>\n<p dir=\"auto\"><a href=\"https:\/\/vozolvapen.de\/pl\/product-category\/bang-vape\/puff-200k-bang-box-200k-8-in-1\/\" target=\"_blank\" rel=\"noopener noreferrer nofollow\">Zobacz wszystkie odmiany tutaj \u2192<\/a><\/p>\n<p dir=\"auto\">Zapoznaj si\u0119 z nasz\u0105 pe\u0142n\u0105 kolekcj\u0105 i kupuj produkty najlepszych marek vape, kt\u00f3re pokochasz.<\/p>\n<p dir=\"auto\"><a href=\"https:\/\/vozolvapen.de\/pl\/\" target=\"_blank\" rel=\"noopener noreferrer nofollow\">Przegl\u0105daj teraz wszystkie marki \u2192<\/a><\/p>\n<p dir=\"auto\">Sprawd\u017a ca\u0142\u0105 seri\u0119 Bang Vape - ka\u017cdy smak, ka\u017cdy styl!<\/p>\n<p dir=\"auto\"><a href=\"https:\/\/vozolvapen.de\/pl\/product-category\/bang-vape\/\" target=\"_blank\" rel=\"noopener noreferrer nofollow\">Zobacz pe\u0142n\u0105 kolekcj\u0119 Bang Vape \u2192<\/a><\/p>","protected":false},"excerpt":{"rendered":"<p><b data-path-to-node=\"5\" data-index-in-node=\"0\">Cukierkowy klasyk:<\/b> Zanurz si\u0119 w s\u0142odkim raju dzi\u0119ki <b data-path-to-node=\"5\" data-index-in-node=\"63\">bang 200k<\/b> Edycja Watermelon i Cherry Bubblegum. Prze\u0142\u0105czaj si\u0119 mi\u0119dzy czystymi nutami owocowymi i s\u0142odkimi kombinacjami gumy do \u017cucia za pomoc\u0105 prze\u0142\u0105cznika 8 w 1. Monitoruj poziom 40 ml e-liquidu na inteligentnym ekranie LED, ciesz\u0105c si\u0119 nostalgiczn\u0105 podr\u00f3\u017c\u0105 inspirowan\u0105 s\u0142odyczami.<\/p>","protected":false},"featured_media":45839,"comment_status":"open","ping_status":"closed","template":"","meta":{"_acf_changed":false},"product_brand":[],"product_cat":[99],"product_tag":[],"class_list":{"0":"post-45431","1":"product","2":"type-product","3":"status-publish","4":"has-post-thumbnail","6":"product_cat-puff-200k-bang-box-200k-8-in-1","8":"first","9":"instock","10":"shipping-taxable","11":"purchasable","12":"product-type-variable"},"acf":[],"yoast_head":"<!-- This site is optimized with the Yoast SEO Premium plugin v26.1 (Yoast SEO v27.5) - https:\/\/yoast.com\/product\/yoast-seo-premium-wordpress\/ -->\n<title>Puff 200000 Bang Box Watermelon Ice &amp; Cherry Bubblegum - vozolvapen<\/title>\n<meta name=\"description\" content=\"Dive into the juicy depths of Watermelon and Cherry Ice. This Puff 200k device features a Smart Display to track your 200,000 puff journey.\" \/>\n<meta name=\"robots\" content=\"index, follow, max-snippet:-1, max-image-preview:large, max-video-preview:-1\" \/>\n<link rel=\"canonical\" href=\"https:\/\/vozolvapen.de\/pl\/product\/puff-200k-bang-box-200k-watermelon-cherry-sweetness\/\" \/>\n<meta property=\"og:locale\" content=\"pl_PL\" \/>\n<meta property=\"og:type\" content=\"article\" \/>\n<meta property=\"og:title\" content=\"Puff 200k Bang Box 200k - Watermelon Cherry Sweetness\" \/>\n<meta property=\"og:description\" content=\"Dive into the juicy depths of Watermelon and Cherry Ice. This Puff 200k device features a Smart Display to track your 200,000 puff journey.\" \/>\n<meta property=\"og:url\" content=\"https:\/\/vozolvapen.de\/pl\/product\/puff-200k-bang-box-200k-watermelon-cherry-sweetness\/\" \/>\n<meta property=\"og:site_name\" content=\"vozolvapen\" \/>\n<meta property=\"article:modified_time\" content=\"2025-12-30T04:18:46+00:00\" \/>\n<meta property=\"og:image\" content=\"https:\/\/vozolvapen.de\/wp-content\/uploads\/2025\/12\/Puff-200k-Bang-Box-200k-Watermelon-IceWatermelon-BubblegumCherry-IceBubblegum-2.webp\" \/>\n\t<meta property=\"og:image:width\" content=\"1200\" \/>\n\t<meta property=\"og:image:height\" content=\"1200\" \/>\n\t<meta property=\"og:image:type\" content=\"image\/webp\" \/>\n<meta name=\"twitter:card\" content=\"summary_large_image\" \/>\n<meta name=\"twitter:label1\" content=\"Szacowany czas czytania\" \/>\n\t<meta name=\"twitter:data1\" content=\"2 minuty\" \/>\n<script type=\"application\/ld+json\" class=\"yoast-schema-graph\">{\"@context\":\"https:\\\/\\\/schema.org\",\"@graph\":[{\"@type\":\"WebPage\",\"@id\":\"https:\\\/\\\/vozolvapen.de\\\/product\\\/puff-200k-bang-box-200k-watermelon-cherry-sweetness\\\/\",\"url\":\"https:\\\/\\\/vozolvapen.de\\\/product\\\/puff-200k-bang-box-200k-watermelon-cherry-sweetness\\\/\",\"name\":\"Puff 200000 Bang Box Watermelon Ice & Cherry Bubblegum - vozolvapen\",\"isPartOf\":{\"@id\":\"https:\\\/\\\/vozolvapen.de\\\/#website\"},\"primaryImageOfPage\":{\"@id\":\"https:\\\/\\\/vozolvapen.de\\\/product\\\/puff-200k-bang-box-200k-watermelon-cherry-sweetness\\\/#primaryimage\"},\"image\":{\"@id\":\"https:\\\/\\\/vozolvapen.de\\\/product\\\/puff-200k-bang-box-200k-watermelon-cherry-sweetness\\\/#primaryimage\"},\"thumbnailUrl\":\"https:\\\/\\\/vozolvapen.de\\\/wp-content\\\/uploads\\\/2025\\\/12\\\/Puff-200k-Bang-Box-200k-Watermelon-IceWatermelon-BubblegumCherry-IceBubblegum-2.webp\",\"datePublished\":\"2025-12-28T09:22:11+00:00\",\"dateModified\":\"2025-12-30T04:18:46+00:00\",\"description\":\"Dive into the juicy depths of Watermelon and Cherry Ice. This Puff 200k device features a Smart Display to track your 200,000 puff journey.\",\"breadcrumb\":{\"@id\":\"https:\\\/\\\/vozolvapen.de\\\/product\\\/puff-200k-bang-box-200k-watermelon-cherry-sweetness\\\/#breadcrumb\"},\"inLanguage\":\"pl-PL\",\"potentialAction\":[{\"@type\":\"ReadAction\",\"target\":[\"https:\\\/\\\/vozolvapen.de\\\/product\\\/puff-200k-bang-box-200k-watermelon-cherry-sweetness\\\/\"]}]},{\"@type\":\"ImageObject\",\"inLanguage\":\"pl-PL\",\"@id\":\"https:\\\/\\\/vozolvapen.de\\\/product\\\/puff-200k-bang-box-200k-watermelon-cherry-sweetness\\\/#primaryimage\",\"url\":\"https:\\\/\\\/vozolvapen.de\\\/wp-content\\\/uploads\\\/2025\\\/12\\\/Puff-200k-Bang-Box-200k-Watermelon-IceWatermelon-BubblegumCherry-IceBubblegum-2.webp\",\"contentUrl\":\"https:\\\/\\\/vozolvapen.de\\\/wp-content\\\/uploads\\\/2025\\\/12\\\/Puff-200k-Bang-Box-200k-Watermelon-IceWatermelon-BubblegumCherry-IceBubblegum-2.webp\",\"width\":1200,\"height\":1200,\"caption\":\"Puff 200k Bang Box 200k - Watermelon Ice+Watermelon Bubblegum+Cherry Ice+Bubblegum (2)\"},{\"@type\":\"BreadcrumbList\",\"@id\":\"https:\\\/\\\/vozolvapen.de\\\/product\\\/puff-200k-bang-box-200k-watermelon-cherry-sweetness\\\/#breadcrumb\",\"itemListElement\":[{\"@type\":\"ListItem\",\"position\":1,\"name\":\"Home\",\"item\":\"https:\\\/\\\/vozolvapen.de\\\/de\\\/\"},{\"@type\":\"ListItem\",\"position\":2,\"name\":\"Shop\",\"item\":\"https:\\\/\\\/vozolvapen.de\\\/shop\\\/\"},{\"@type\":\"ListItem\",\"position\":3,\"name\":\"Puff 200k Bang Box 200k &#8211; Watermelon Cherry Sweetness\"}]},{\"@type\":\"WebSite\",\"@id\":\"https:\\\/\\\/vozolvapen.de\\\/#website\",\"url\":\"https:\\\/\\\/vozolvapen.de\\\/\",\"name\":\"vozolvapen\",\"description\":\"vozolvapen\",\"publisher\":{\"@id\":\"https:\\\/\\\/vozolvapen.de\\\/#organization\"},\"potentialAction\":[{\"@type\":\"SearchAction\",\"target\":{\"@type\":\"EntryPoint\",\"urlTemplate\":\"https:\\\/\\\/vozolvapen.de\\\/?s={search_term_string}\"},\"query-input\":{\"@type\":\"PropertyValueSpecification\",\"valueRequired\":true,\"valueName\":\"search_term_string\"}}],\"inLanguage\":\"pl-PL\"},{\"@type\":\"Organization\",\"@id\":\"https:\\\/\\\/vozolvapen.de\\\/#organization\",\"name\":\"vozolvapen\",\"url\":\"https:\\\/\\\/vozolvapen.de\\\/\",\"logo\":{\"@type\":\"ImageObject\",\"inLanguage\":\"pl-PL\",\"@id\":\"https:\\\/\\\/vozolvapen.de\\\/#\\\/schema\\\/logo\\\/image\\\/\",\"url\":\"https:\\\/\\\/vozolvapen.de\\\/wp-content\\\/uploads\\\/2025\\\/12\\\/cropped-vozovapen-logo.webp\",\"contentUrl\":\"https:\\\/\\\/vozolvapen.de\\\/wp-content\\\/uploads\\\/2025\\\/12\\\/cropped-vozovapen-logo.webp\",\"width\":470,\"height\":110,\"caption\":\"vozolvapen\"},\"image\":{\"@id\":\"https:\\\/\\\/vozolvapen.de\\\/#\\\/schema\\\/logo\\\/image\\\/\"}}]}<\/script>\n<!-- \/ Yoast SEO Premium plugin. -->","yoast_head_json":{"title":"Puff 200000 Bang Box Watermelon Ice &amp; Cherry Bubblegum - vozolvapen","description":"Zanurz si\u0119 w soczystej g\u0142\u0119bi arbuza i wi\u015bniowego lodu. To urz\u0105dzenie Puff 200k jest wyposa\u017cone w inteligentny wy\u015bwietlacz, kt\u00f3ry umo\u017cliwia \u015bledzenie podr\u00f3\u017cy 200 000 zaci\u0105gni\u0119\u0107.","robots":{"index":"index","follow":"follow","max-snippet":"max-snippet:-1","max-image-preview":"max-image-preview:large","max-video-preview":"max-video-preview:-1"},"canonical":"https:\/\/vozolvapen.de\/pl\/product\/puff-200k-bang-box-200k-watermelon-cherry-sweetness\/","og_locale":"pl_PL","og_type":"article","og_title":"Puff 200k Bang Box 200k - Watermelon Cherry Sweetness","og_description":"Dive into the juicy depths of Watermelon and Cherry Ice. This Puff 200k device features a Smart Display to track your 200,000 puff journey.","og_url":"https:\/\/vozolvapen.de\/pl\/product\/puff-200k-bang-box-200k-watermelon-cherry-sweetness\/","og_site_name":"vozolvapen","article_modified_time":"2025-12-30T04:18:46+00:00","og_image":[{"width":1200,"height":1200,"url":"https:\/\/vozolvapen.de\/wp-content\/uploads\/2025\/12\/Puff-200k-Bang-Box-200k-Watermelon-IceWatermelon-BubblegumCherry-IceBubblegum-2.webp","type":"image\/webp"}],"twitter_card":"summary_large_image","twitter_misc":{"Szacowany czas czytania":"2 minuty"},"schema":{"@context":"https:\/\/schema.org","@graph":[{"@type":"WebPage","@id":"https:\/\/vozolvapen.de\/product\/puff-200k-bang-box-200k-watermelon-cherry-sweetness\/","url":"https:\/\/vozolvapen.de\/product\/puff-200k-bang-box-200k-watermelon-cherry-sweetness\/","name":"Puff 200000 Bang Box Watermelon Ice &amp; Cherry Bubblegum - vozolvapen","isPartOf":{"@id":"https:\/\/vozolvapen.de\/#website"},"primaryImageOfPage":{"@id":"https:\/\/vozolvapen.de\/product\/puff-200k-bang-box-200k-watermelon-cherry-sweetness\/#primaryimage"},"image":{"@id":"https:\/\/vozolvapen.de\/product\/puff-200k-bang-box-200k-watermelon-cherry-sweetness\/#primaryimage"},"thumbnailUrl":"https:\/\/vozolvapen.de\/wp-content\/uploads\/2025\/12\/Puff-200k-Bang-Box-200k-Watermelon-IceWatermelon-BubblegumCherry-IceBubblegum-2.webp","datePublished":"2025-12-28T09:22:11+00:00","dateModified":"2025-12-30T04:18:46+00:00","description":"Zanurz si\u0119 w soczystej g\u0142\u0119bi arbuza i wi\u015bniowego lodu. To urz\u0105dzenie Puff 200k jest wyposa\u017cone w inteligentny wy\u015bwietlacz, kt\u00f3ry umo\u017cliwia \u015bledzenie podr\u00f3\u017cy 200 000 zaci\u0105gni\u0119\u0107.","breadcrumb":{"@id":"https:\/\/vozolvapen.de\/product\/puff-200k-bang-box-200k-watermelon-cherry-sweetness\/#breadcrumb"},"inLanguage":"pl-PL","potentialAction":[{"@type":"ReadAction","target":["https:\/\/vozolvapen.de\/product\/puff-200k-bang-box-200k-watermelon-cherry-sweetness\/"]}]},{"@type":"ImageObject","inLanguage":"pl-PL","@id":"https:\/\/vozolvapen.de\/product\/puff-200k-bang-box-200k-watermelon-cherry-sweetness\/#primaryimage","url":"https:\/\/vozolvapen.de\/wp-content\/uploads\/2025\/12\/Puff-200k-Bang-Box-200k-Watermelon-IceWatermelon-BubblegumCherry-IceBubblegum-2.webp","contentUrl":"https:\/\/vozolvapen.de\/wp-content\/uploads\/2025\/12\/Puff-200k-Bang-Box-200k-Watermelon-IceWatermelon-BubblegumCherry-IceBubblegum-2.webp","width":1200,"height":1200,"caption":"Puff 200k Bang Box 200k - Watermelon Ice+Watermelon Bubblegum+Cherry Ice+Bubblegum (2)"},{"@type":"BreadcrumbList","@id":"https:\/\/vozolvapen.de\/product\/puff-200k-bang-box-200k-watermelon-cherry-sweetness\/#breadcrumb","itemListElement":[{"@type":"ListItem","position":1,"name":"Home","item":"https:\/\/vozolvapen.de\/de\/"},{"@type":"ListItem","position":2,"name":"Shop","item":"https:\/\/vozolvapen.de\/shop\/"},{"@type":"ListItem","position":3,"name":"Puff 200k Bang Box 200k &#8211; Watermelon Cherry Sweetness"}]},{"@type":"WebSite","@id":"https:\/\/vozolvapen.de\/#website","url":"https:\/\/vozolvapen.de\/","name":"vozolvapen","description":"vozolvapen","publisher":{"@id":"https:\/\/vozolvapen.de\/#organization"},"potentialAction":[{"@type":"SearchAction","target":{"@type":"EntryPoint","urlTemplate":"https:\/\/vozolvapen.de\/?s={search_term_string}"},"query-input":{"@type":"PropertyValueSpecification","valueRequired":true,"valueName":"search_term_string"}}],"inLanguage":"pl-PL"},{"@type":"Organization","@id":"https:\/\/vozolvapen.de\/#organization","name":"vozolvapen","url":"https:\/\/vozolvapen.de\/","logo":{"@type":"ImageObject","inLanguage":"pl-PL","@id":"https:\/\/vozolvapen.de\/#\/schema\/logo\/image\/","url":"https:\/\/vozolvapen.de\/wp-content\/uploads\/2025\/12\/cropped-vozovapen-logo.webp","contentUrl":"https:\/\/vozolvapen.de\/wp-content\/uploads\/2025\/12\/cropped-vozovapen-logo.webp","width":470,"height":110,"caption":"vozolvapen"},"image":{"@id":"https:\/\/vozolvapen.de\/#\/schema\/logo\/image\/"}}]}},"tiered_pricing_type":"fixed","tiered_pricing_fixed_rules":{"30":"14.3","50":"12.3","100":"11.3","200":"10.8"},"tiered_pricing_product_settings":{"layout":"default","base_unit_name":{"singular":null,"plural":null},"default_variation":{}},"tiered_pricing_minimum_quantity":10,"tiered_pricing_roles_data":[],"tiered_pricing_percentage_rules":[],"tiered_pricing_maximum_quantity":null,"tiered_pricing_quantity_step":"10","_links":{"self":[{"href":"http:\/\/vozolvapen.de\/pl\/wp-json\/wp\/v2\/product\/45431","targetHints":{"allow":["GET"]}}],"collection":[{"href":"http:\/\/vozolvapen.de\/pl\/wp-json\/wp\/v2\/product"}],"about":[{"href":"http:\/\/vozolvapen.de\/pl\/wp-json\/wp\/v2\/types\/product"}],"replies":[{"embeddable":true,"href":"http:\/\/vozolvapen.de\/pl\/wp-json\/wp\/v2\/comments?post=45431"}],"wp:featuredmedia":[{"embeddable":true,"href":"http:\/\/vozolvapen.de\/pl\/wp-json\/wp\/v2\/media\/45839"}],"wp:attachment":[{"href":"http:\/\/vozolvapen.de\/pl\/wp-json\/wp\/v2\/media?parent=45431"}],"wp:term":[{"taxonomy":"product_brand","embeddable":true,"href":"http:\/\/vozolvapen.de\/pl\/wp-json\/wp\/v2\/product_brand?post=45431"},{"taxonomy":"product_cat","embeddable":true,"href":"http:\/\/vozolvapen.de\/pl\/wp-json\/wp\/v2\/product_cat?post=45431"},{"taxonomy":"product_tag","embeddable":true,"href":"http:\/\/vozolvapen.de\/pl\/wp-json\/wp\/v2\/product_tag?post=45431"}],"curies":[{"name":"wp","href":"https:\/\/api.w.org\/{rel}","templated":true}]}}