{"id":45476,"date":"2025-12-28T09:22:13","date_gmt":"2025-12-28T09:22:13","guid":{"rendered":"https:\/\/vozolvapen.de\/?post_type=product&#038;p=45476"},"modified":"2025-12-30T04:18:39","modified_gmt":"2025-12-30T04:18:39","slug":"puff-200k-bang-box-200k-mint-iceblueberry-raspberry-icegrape-icenerdz-candy","status":"publish","type":"product","link":"http:\/\/vozolvapen.de\/pl\/product\/puff-200k-bang-box-200k-mint-iceblueberry-raspberry-icegrape-icenerdz-candy\/","title":{"rendered":"Puff 200k Bang Box 200k - Mint Ice+Blueberry Raspberry Ice+Grape Ice+Nerdz Candy"},"content":{"rendered":"<h1 data-path-to-node=\"16\"><b data-path-to-node=\"16\" data-index-in-node=\"0\">Bang Box 200k Puffs 8 w 1: Mint Ice, Blueberry Raspberry Ice, Grape Ice, Nerdz Candy<\/b><\/h1>\n<p data-path-to-node=\"17\"><b class=\"\" data-path-to-node=\"17\" data-index-in-node=\"0\">Icy Candy Chill:<\/b><span class=\"\"> Zestaw ten skierowany jest do waper\u00f3w, kt\u00f3rzy wymagaj\u0105 intensywnego uderzenia w gard\u0142o i figlarnych nut s\u0142odyczy.<\/span><span class=\"\"> The <\/span><b class=\"\" data-path-to-node=\"17\" data-index-in-node=\"107\">bang 200k<\/b><span class=\"\"> zarz\u0105dza tymi z\u0142o\u017conymi profilami bez wysi\u0142ku,<\/span><span class=\"\"> dzi\u0119ki czemu Grape Ice jest ostry, a Nerdz Candy \u017cywy.<\/span><span class=\"\"> Inteligentny wy\u015bwietlacz gwarantuje, \u017ce nigdy nie zabraknie ulubionej lodowej mieszanki.<\/span><\/p>\n<h2 data-path-to-node=\"18\"><b class=\"\" data-path-to-node=\"18\" data-index-in-node=\"0\">The Icy Candy Deep Dive<\/b><\/h2>\n<ul data-path-to-node=\"19\">\n<li>\n<p data-path-to-node=\"19,0,0\"><b class=\"\" data-path-to-node=\"19,0,0\" data-index-in-node=\"0\">Tryb A - Mint Ice:<\/b><span class=\"\"> Ostry,<\/span><span class=\"\"> czyste,<\/span><span class=\"\"> i lodowaty podmuch mi\u0119ty pieprzowej.<\/span><\/p>\n<\/li>\n<li>\n<p data-path-to-node=\"19,1,0\"><b class=\"\" data-path-to-node=\"19,1,0\" data-index-in-node=\"0\">Mode B - Blueberry Raspberry Ice:<\/b><span class=\"\"> Mro\u017ana mieszanka owoc\u00f3w le\u015bnych.<\/span><\/p>\n<\/li>\n<li>\n<p data-path-to-node=\"19,2,0\"><b class=\"\" data-path-to-node=\"19,2,0\" data-index-in-node=\"0\">Tryb C - Grape Ice:<\/b><span class=\"\"> S\u0142odki,<\/span><span class=\"\"> ciemne winogrona z arktycznym akcentem.<\/span><\/p>\n<\/li>\n<li>\n<p data-path-to-node=\"19,3,0\"><b class=\"\" data-path-to-node=\"19,3,0\" data-index-in-node=\"0\">Mode D - Nerdz Candy:<\/b><span class=\"\"> Tarta,<\/span><span class=\"\"> chrupi\u0105ca s\u0142odycz inspirowana cukierkami.<\/span><\/p>\n<\/li>\n<li>\n<p data-path-to-node=\"19,4,0\"><b class=\"\" data-path-to-node=\"19,4,0\" data-index-in-node=\"0\">Tryb E-H (tryby Combo):<\/b><span class=\"\"> Wypr\u00f3buj <\/span><i class=\"\" data-path-to-node=\"19,4,0\" data-index-in-node=\"32\">Winogrono-mi\u0119ta<\/i><span class=\"\"> lub <\/span><i class=\"\" data-path-to-node=\"19,4,0\" data-index-in-node=\"46\">Berry-Candy<\/i><span class=\"\"> fuzje dla bardziej z\u0142o\u017conego profilu.<\/span><\/p>\n<\/li>\n<\/ul>\n<h2 data-path-to-node=\"9\"><b data-path-to-node=\"9\" data-index-in-node=\"0\">Dla kogo przeznaczony jest ten smak?<\/b><\/h2>\n<ul data-path-to-node=\"10\">\n<li>\n<p data-path-to-node=\"10,0,0\"><b data-path-to-node=\"10,0,0\" data-index-in-node=\"0\">The Ice Chaser:<\/b> Stworzony dla tych, kt\u00f3rzy wymagaj\u0105 ostrego, arktycznego uderzenia w gard\u0142o, kt\u00f3re pozostaje ostre od pierwszego zaci\u0105gni\u0119cia si\u0119 do 200 000.<\/p>\n<\/li>\n<li>\n<p data-path-to-node=\"10,1,0\"><b data-path-to-node=\"10,1,0\" data-index-in-node=\"0\">Poszukiwacz kontrast\u00f3w:<\/b> Idealny dla waper\u00f3w, kt\u00f3rzy lubi\u0105 \u201celektryczne\u201d uczucie kwa\u015bnych cukierk\u00f3w, a nast\u0119pnie g\u0142\u0119boko mro\u017cone mi\u0119towe wyko\u0144czenie.<\/p>\n<\/li>\n<\/ul>\n<h2 data-path-to-node=\"60\">Specyfikacja rdzenia Puff 200k Bang Box 200k<\/h2>\n<table data-path-to-node=\"12\">\n<thead>\n<tr>\n<td><strong>Profil sprz\u0119towy<\/strong><\/td>\n<td><strong>Specyfikacja fizyczna Bang 200k<\/strong><\/td>\n<\/tr>\n<\/thead>\n<tbody>\n<tr>\n<td><span data-path-to-node=\"12,1,0,0\"><b data-path-to-node=\"12,1,0,0\" data-index-in-node=\"0\">Materia\u0142 konstrukcyjny<\/b><\/span><\/td>\n<td><span data-path-to-node=\"12,1,1,0\">Lekki polimer klasy premium<\/span><\/td>\n<\/tr>\n<tr>\n<td><span data-path-to-node=\"12,2,0,0\"><b data-path-to-node=\"12,2,0,0\" data-index-in-node=\"0\">Masa podwozia<\/b><\/span><\/td>\n<td><span data-path-to-node=\"12,2,1,0\">125g Ergonomiczna konstrukcja<\/span><\/td>\n<\/tr>\n<tr>\n<td><span data-path-to-node=\"12,3,0,0\"><b data-path-to-node=\"12,3,0,0\" data-index-in-node=\"0\">Typ atomizera<\/b><\/span><\/td>\n<td><span data-path-to-node=\"12,3,1,0\">Pojedyncza siatka 1,0\u03a9 (wzmocniony smak)<\/span><\/td>\n<\/tr>\n<tr>\n<td><span data-path-to-node=\"12,4,0,0\"><b data-path-to-node=\"12,4,0,0\" data-index-in-node=\"0\">Wyb\u00f3r smaku<\/b><\/span><\/td>\n<td><span data-path-to-node=\"12,4,1,0\">10 dost\u0119pnych wszechstronnych opcji<\/span><\/td>\n<\/tr>\n<tr>\n<td><span data-path-to-node=\"12,5,0,0\"><b data-path-to-node=\"12,5,0,0\" data-index-in-node=\"0\">Tryb wewn\u0119trzny<\/b><\/span><\/td>\n<td><span data-path-to-node=\"12,5,1,0\">4 smaki podstawowe + 4 smaki Combo<\/span><\/td>\n<\/tr>\n<tr>\n<td><span data-path-to-node=\"12,6,0,0\"><b data-path-to-node=\"12,6,0,0\" data-index-in-node=\"0\">\u0179r\u00f3d\u0142o zasilania<\/b><\/span><\/td>\n<td><span data-path-to-node=\"12,6,1,0\">Akumulator wewn\u0119trzny 850 mAh<\/span><\/td>\n<\/tr>\n<tr>\n<td><span data-path-to-node=\"12,7,0,0\"><b data-path-to-node=\"12,7,0,0\" data-index-in-node=\"0\">Wskazanie u\u017cycia<\/b><\/span><\/td>\n<td><span data-path-to-node=\"12,7,1,0\">Monitorowanie ekranu LCD w czasie rzeczywistym<\/span><\/td>\n<\/tr>\n<\/tbody>\n<\/table>\n<h3 dir=\"auto\">Oto dalsze zalecenia dla Ciebie:<\/h3>\n<p dir=\"auto\">Odkryj jeszcze wi\u0119cej niesamowitych smak\u00f3w dzi\u0119ki Puff 200k Bang Box 200k Vape!<\/p>\n<p dir=\"auto\"><a href=\"https:\/\/vozolvapen.de\/pl\/product-category\/bang-vape\/puff-200k-bang-box-200k-8-in-1\/\" target=\"_blank\" rel=\"noopener noreferrer nofollow\">Zobacz wszystkie odmiany tutaj \u2192<\/a><\/p>\n<p dir=\"auto\">Zapoznaj si\u0119 z nasz\u0105 pe\u0142n\u0105 kolekcj\u0105 i kupuj produkty najlepszych marek vape, kt\u00f3re pokochasz.<\/p>\n<p dir=\"auto\"><a href=\"https:\/\/vozolvapen.de\/pl\/\" target=\"_blank\" rel=\"noopener noreferrer nofollow\">Przegl\u0105daj teraz wszystkie marki \u2192<\/a><\/p>\n<p dir=\"auto\">Sprawd\u017a ca\u0142\u0105 seri\u0119 Bang Vape - ka\u017cdy smak, ka\u017cdy styl!<\/p>\n<p dir=\"auto\"><a href=\"https:\/\/vozolvapen.de\/pl\/product-category\/bang-vape\/\" target=\"_blank\" rel=\"noopener noreferrer nofollow\">Zobacz pe\u0142n\u0105 kolekcj\u0119 Bang Vape \u2192<\/a><\/p>","protected":false},"excerpt":{"rendered":"<p><b data-path-to-node=\"7\" data-index-in-node=\"0\">Arctic Candy Blast:<\/b> Opanuj ch\u0142\u00f3d dzi\u0119ki <b data-path-to-node=\"7\" data-index-in-node=\"50\">Puff 200000<\/b> Wyb\u00f3r Mint Ice i Nerdz Candy. Ta du\u017ca pojemno\u015b\u0107 <b data-path-to-node=\"7\" data-index-in-node=\"117\">Bang Box<\/b> oferuje intensywne uderzenie w gard\u0142o i zabawn\u0105 s\u0142odycz cukierk\u00f3w. Dzi\u0119ki 8 prze\u0142\u0105czanym trybom i akumulatorowi o pojemno\u015bci 850 mAh jest to idealny, d\u0142ugoterminowy towarzysz dla mi\u0142o\u015bnik\u00f3w lodu.<\/p>","protected":false},"featured_media":45841,"comment_status":"open","ping_status":"closed","template":"","meta":{"_acf_changed":false},"product_brand":[],"product_cat":[99],"product_tag":[],"class_list":{"0":"post-45476","1":"product","2":"type-product","3":"status-publish","4":"has-post-thumbnail","6":"product_cat-puff-200k-bang-box-200k-8-in-1","8":"first","9":"instock","10":"shipping-taxable","11":"purchasable","12":"product-type-variable"},"acf":[],"yoast_head":"<!-- This site is optimized with the Yoast SEO Premium plugin v26.1 (Yoast SEO v27.5) - https:\/\/yoast.com\/product\/yoast-seo-premium-wordpress\/ -->\n<title>Bang Box 200k Puffs Mint Ice &amp; Nerdz Candy 8-in-1 - vozolvapen<\/title>\n<meta name=\"description\" content=\"Master the chill with Mint Ice and nostalgic Nerdz Candy. The bang 200k uses a 1.0\u03a9 mesh coil for maximum flavor saturation and dense vapor.\" \/>\n<meta name=\"robots\" content=\"index, follow, max-snippet:-1, max-image-preview:large, max-video-preview:-1\" \/>\n<link rel=\"canonical\" href=\"https:\/\/vozolvapen.de\/pl\/product\/puff-200k-bang-box-200k-mint-iceblueberry-raspberry-icegrape-icenerdz-candy\/\" \/>\n<meta property=\"og:locale\" content=\"pl_PL\" \/>\n<meta property=\"og:type\" content=\"article\" \/>\n<meta property=\"og:title\" content=\"Puff 200k Bang Box 200k - Mint Ice+Blueberry Raspberry Ice+Grape Ice+Nerdz Candy\" \/>\n<meta property=\"og:description\" content=\"Master the chill with Mint Ice and nostalgic Nerdz Candy. The bang 200k uses a 1.0\u03a9 mesh coil for maximum flavor saturation and dense vapor.\" \/>\n<meta property=\"og:url\" content=\"https:\/\/vozolvapen.de\/pl\/product\/puff-200k-bang-box-200k-mint-iceblueberry-raspberry-icegrape-icenerdz-candy\/\" \/>\n<meta property=\"og:site_name\" content=\"vozolvapen\" \/>\n<meta property=\"article:modified_time\" content=\"2025-12-30T04:18:39+00:00\" \/>\n<meta property=\"og:image\" content=\"https:\/\/vozolvapen.de\/wp-content\/uploads\/2025\/12\/Puff-200k-Bang-Box-200k-Mint-IceBlueberry-Raspberry-IceGrape-IceNerdz-Candy-2.webp\" \/>\n\t<meta property=\"og:image:width\" content=\"1200\" \/>\n\t<meta property=\"og:image:height\" content=\"1200\" \/>\n\t<meta property=\"og:image:type\" content=\"image\/webp\" \/>\n<meta name=\"twitter:card\" content=\"summary_large_image\" \/>\n<meta name=\"twitter:label1\" content=\"Szacowany czas czytania\" \/>\n\t<meta name=\"twitter:data1\" content=\"2 minuty\" \/>\n<script type=\"application\/ld+json\" class=\"yoast-schema-graph\">{\"@context\":\"https:\\\/\\\/schema.org\",\"@graph\":[{\"@type\":\"WebPage\",\"@id\":\"https:\\\/\\\/vozolvapen.de\\\/product\\\/puff-200k-bang-box-200k-mint-iceblueberry-raspberry-icegrape-icenerdz-candy\\\/\",\"url\":\"https:\\\/\\\/vozolvapen.de\\\/product\\\/puff-200k-bang-box-200k-mint-iceblueberry-raspberry-icegrape-icenerdz-candy\\\/\",\"name\":\"Bang Box 200k Puffs Mint Ice & Nerdz Candy 8-in-1 - vozolvapen\",\"isPartOf\":{\"@id\":\"https:\\\/\\\/vozolvapen.de\\\/#website\"},\"primaryImageOfPage\":{\"@id\":\"https:\\\/\\\/vozolvapen.de\\\/product\\\/puff-200k-bang-box-200k-mint-iceblueberry-raspberry-icegrape-icenerdz-candy\\\/#primaryimage\"},\"image\":{\"@id\":\"https:\\\/\\\/vozolvapen.de\\\/product\\\/puff-200k-bang-box-200k-mint-iceblueberry-raspberry-icegrape-icenerdz-candy\\\/#primaryimage\"},\"thumbnailUrl\":\"https:\\\/\\\/vozolvapen.de\\\/wp-content\\\/uploads\\\/2025\\\/12\\\/Puff-200k-Bang-Box-200k-Mint-IceBlueberry-Raspberry-IceGrape-IceNerdz-Candy-2.webp\",\"datePublished\":\"2025-12-28T09:22:13+00:00\",\"dateModified\":\"2025-12-30T04:18:39+00:00\",\"description\":\"Master the chill with Mint Ice and nostalgic Nerdz Candy. The bang 200k uses a 1.0\u03a9 mesh coil for maximum flavor saturation and dense vapor.\",\"breadcrumb\":{\"@id\":\"https:\\\/\\\/vozolvapen.de\\\/product\\\/puff-200k-bang-box-200k-mint-iceblueberry-raspberry-icegrape-icenerdz-candy\\\/#breadcrumb\"},\"inLanguage\":\"pl-PL\",\"potentialAction\":[{\"@type\":\"ReadAction\",\"target\":[\"https:\\\/\\\/vozolvapen.de\\\/product\\\/puff-200k-bang-box-200k-mint-iceblueberry-raspberry-icegrape-icenerdz-candy\\\/\"]}]},{\"@type\":\"ImageObject\",\"inLanguage\":\"pl-PL\",\"@id\":\"https:\\\/\\\/vozolvapen.de\\\/product\\\/puff-200k-bang-box-200k-mint-iceblueberry-raspberry-icegrape-icenerdz-candy\\\/#primaryimage\",\"url\":\"https:\\\/\\\/vozolvapen.de\\\/wp-content\\\/uploads\\\/2025\\\/12\\\/Puff-200k-Bang-Box-200k-Mint-IceBlueberry-Raspberry-IceGrape-IceNerdz-Candy-2.webp\",\"contentUrl\":\"https:\\\/\\\/vozolvapen.de\\\/wp-content\\\/uploads\\\/2025\\\/12\\\/Puff-200k-Bang-Box-200k-Mint-IceBlueberry-Raspberry-IceGrape-IceNerdz-Candy-2.webp\",\"width\":1200,\"height\":1200,\"caption\":\"Puff 200k Bang Box 200k - Mint Ice+Blueberry Raspberry Ice+Grape Ice+Nerdz Candy (2)\"},{\"@type\":\"BreadcrumbList\",\"@id\":\"https:\\\/\\\/vozolvapen.de\\\/product\\\/puff-200k-bang-box-200k-mint-iceblueberry-raspberry-icegrape-icenerdz-candy\\\/#breadcrumb\",\"itemListElement\":[{\"@type\":\"ListItem\",\"position\":1,\"name\":\"Home\",\"item\":\"https:\\\/\\\/vozolvapen.de\\\/de\\\/\"},{\"@type\":\"ListItem\",\"position\":2,\"name\":\"Shop\",\"item\":\"https:\\\/\\\/vozolvapen.de\\\/shop\\\/\"},{\"@type\":\"ListItem\",\"position\":3,\"name\":\"Puff 200k Bang Box 200k &#8211; Mint Ice+Blueberry Raspberry Ice+Grape Ice+Nerdz Candy\"}]},{\"@type\":\"WebSite\",\"@id\":\"https:\\\/\\\/vozolvapen.de\\\/#website\",\"url\":\"https:\\\/\\\/vozolvapen.de\\\/\",\"name\":\"vozolvapen\",\"description\":\"vozolvapen\",\"publisher\":{\"@id\":\"https:\\\/\\\/vozolvapen.de\\\/#organization\"},\"potentialAction\":[{\"@type\":\"SearchAction\",\"target\":{\"@type\":\"EntryPoint\",\"urlTemplate\":\"https:\\\/\\\/vozolvapen.de\\\/?s={search_term_string}\"},\"query-input\":{\"@type\":\"PropertyValueSpecification\",\"valueRequired\":true,\"valueName\":\"search_term_string\"}}],\"inLanguage\":\"pl-PL\"},{\"@type\":\"Organization\",\"@id\":\"https:\\\/\\\/vozolvapen.de\\\/#organization\",\"name\":\"vozolvapen\",\"url\":\"https:\\\/\\\/vozolvapen.de\\\/\",\"logo\":{\"@type\":\"ImageObject\",\"inLanguage\":\"pl-PL\",\"@id\":\"https:\\\/\\\/vozolvapen.de\\\/#\\\/schema\\\/logo\\\/image\\\/\",\"url\":\"https:\\\/\\\/vozolvapen.de\\\/wp-content\\\/uploads\\\/2025\\\/12\\\/cropped-vozovapen-logo.webp\",\"contentUrl\":\"https:\\\/\\\/vozolvapen.de\\\/wp-content\\\/uploads\\\/2025\\\/12\\\/cropped-vozovapen-logo.webp\",\"width\":470,\"height\":110,\"caption\":\"vozolvapen\"},\"image\":{\"@id\":\"https:\\\/\\\/vozolvapen.de\\\/#\\\/schema\\\/logo\\\/image\\\/\"}}]}<\/script>\n<!-- \/ Yoast SEO Premium plugin. -->","yoast_head_json":{"title":"Bang Box 200k Puffs Mint Ice &amp; Nerdz Candy 8 w 1 - vozolvapen","description":"Opanuj ch\u0142\u00f3d dzi\u0119ki Mint Ice i nostalgicznym cukierkom Nerdz Candy. Bang 200k wykorzystuje cewk\u0119 siatkow\u0105 1,0\u03a9 dla maksymalnego nasycenia smaku i g\u0119stej pary.","robots":{"index":"index","follow":"follow","max-snippet":"max-snippet:-1","max-image-preview":"max-image-preview:large","max-video-preview":"max-video-preview:-1"},"canonical":"https:\/\/vozolvapen.de\/pl\/product\/puff-200k-bang-box-200k-mint-iceblueberry-raspberry-icegrape-icenerdz-candy\/","og_locale":"pl_PL","og_type":"article","og_title":"Puff 200k Bang Box 200k - Mint Ice+Blueberry Raspberry Ice+Grape Ice+Nerdz Candy","og_description":"Master the chill with Mint Ice and nostalgic Nerdz Candy. The bang 200k uses a 1.0\u03a9 mesh coil for maximum flavor saturation and dense vapor.","og_url":"https:\/\/vozolvapen.de\/pl\/product\/puff-200k-bang-box-200k-mint-iceblueberry-raspberry-icegrape-icenerdz-candy\/","og_site_name":"vozolvapen","article_modified_time":"2025-12-30T04:18:39+00:00","og_image":[{"width":1200,"height":1200,"url":"https:\/\/vozolvapen.de\/wp-content\/uploads\/2025\/12\/Puff-200k-Bang-Box-200k-Mint-IceBlueberry-Raspberry-IceGrape-IceNerdz-Candy-2.webp","type":"image\/webp"}],"twitter_card":"summary_large_image","twitter_misc":{"Szacowany czas czytania":"2 minuty"},"schema":{"@context":"https:\/\/schema.org","@graph":[{"@type":"WebPage","@id":"https:\/\/vozolvapen.de\/product\/puff-200k-bang-box-200k-mint-iceblueberry-raspberry-icegrape-icenerdz-candy\/","url":"https:\/\/vozolvapen.de\/product\/puff-200k-bang-box-200k-mint-iceblueberry-raspberry-icegrape-icenerdz-candy\/","name":"Bang Box 200k Puffs Mint Ice &amp; Nerdz Candy 8 w 1 - vozolvapen","isPartOf":{"@id":"https:\/\/vozolvapen.de\/#website"},"primaryImageOfPage":{"@id":"https:\/\/vozolvapen.de\/product\/puff-200k-bang-box-200k-mint-iceblueberry-raspberry-icegrape-icenerdz-candy\/#primaryimage"},"image":{"@id":"https:\/\/vozolvapen.de\/product\/puff-200k-bang-box-200k-mint-iceblueberry-raspberry-icegrape-icenerdz-candy\/#primaryimage"},"thumbnailUrl":"https:\/\/vozolvapen.de\/wp-content\/uploads\/2025\/12\/Puff-200k-Bang-Box-200k-Mint-IceBlueberry-Raspberry-IceGrape-IceNerdz-Candy-2.webp","datePublished":"2025-12-28T09:22:13+00:00","dateModified":"2025-12-30T04:18:39+00:00","description":"Opanuj ch\u0142\u00f3d dzi\u0119ki Mint Ice i nostalgicznym cukierkom Nerdz Candy. Bang 200k wykorzystuje cewk\u0119 siatkow\u0105 1,0\u03a9 dla maksymalnego nasycenia smaku i g\u0119stej pary.","breadcrumb":{"@id":"https:\/\/vozolvapen.de\/product\/puff-200k-bang-box-200k-mint-iceblueberry-raspberry-icegrape-icenerdz-candy\/#breadcrumb"},"inLanguage":"pl-PL","potentialAction":[{"@type":"ReadAction","target":["https:\/\/vozolvapen.de\/product\/puff-200k-bang-box-200k-mint-iceblueberry-raspberry-icegrape-icenerdz-candy\/"]}]},{"@type":"ImageObject","inLanguage":"pl-PL","@id":"https:\/\/vozolvapen.de\/product\/puff-200k-bang-box-200k-mint-iceblueberry-raspberry-icegrape-icenerdz-candy\/#primaryimage","url":"https:\/\/vozolvapen.de\/wp-content\/uploads\/2025\/12\/Puff-200k-Bang-Box-200k-Mint-IceBlueberry-Raspberry-IceGrape-IceNerdz-Candy-2.webp","contentUrl":"https:\/\/vozolvapen.de\/wp-content\/uploads\/2025\/12\/Puff-200k-Bang-Box-200k-Mint-IceBlueberry-Raspberry-IceGrape-IceNerdz-Candy-2.webp","width":1200,"height":1200,"caption":"Puff 200k Bang Box 200k - Mint Ice+Blueberry Raspberry Ice+Grape Ice+Nerdz Candy (2)"},{"@type":"BreadcrumbList","@id":"https:\/\/vozolvapen.de\/product\/puff-200k-bang-box-200k-mint-iceblueberry-raspberry-icegrape-icenerdz-candy\/#breadcrumb","itemListElement":[{"@type":"ListItem","position":1,"name":"Home","item":"https:\/\/vozolvapen.de\/de\/"},{"@type":"ListItem","position":2,"name":"Shop","item":"https:\/\/vozolvapen.de\/shop\/"},{"@type":"ListItem","position":3,"name":"Puff 200k Bang Box 200k &#8211; Mint Ice+Blueberry Raspberry Ice+Grape Ice+Nerdz Candy"}]},{"@type":"WebSite","@id":"https:\/\/vozolvapen.de\/#website","url":"https:\/\/vozolvapen.de\/","name":"vozolvapen","description":"vozolvapen","publisher":{"@id":"https:\/\/vozolvapen.de\/#organization"},"potentialAction":[{"@type":"SearchAction","target":{"@type":"EntryPoint","urlTemplate":"https:\/\/vozolvapen.de\/?s={search_term_string}"},"query-input":{"@type":"PropertyValueSpecification","valueRequired":true,"valueName":"search_term_string"}}],"inLanguage":"pl-PL"},{"@type":"Organization","@id":"https:\/\/vozolvapen.de\/#organization","name":"vozolvapen","url":"https:\/\/vozolvapen.de\/","logo":{"@type":"ImageObject","inLanguage":"pl-PL","@id":"https:\/\/vozolvapen.de\/#\/schema\/logo\/image\/","url":"https:\/\/vozolvapen.de\/wp-content\/uploads\/2025\/12\/cropped-vozovapen-logo.webp","contentUrl":"https:\/\/vozolvapen.de\/wp-content\/uploads\/2025\/12\/cropped-vozovapen-logo.webp","width":470,"height":110,"caption":"vozolvapen"},"image":{"@id":"https:\/\/vozolvapen.de\/#\/schema\/logo\/image\/"}}]}},"tiered_pricing_type":"fixed","tiered_pricing_fixed_rules":{"30":"14.3","50":"12.3","100":"11.3","200":"10.8"},"tiered_pricing_product_settings":{"layout":"default","base_unit_name":{"singular":null,"plural":null},"default_variation":{}},"tiered_pricing_minimum_quantity":10,"tiered_pricing_roles_data":[],"tiered_pricing_percentage_rules":[],"tiered_pricing_maximum_quantity":null,"tiered_pricing_quantity_step":"10","_links":{"self":[{"href":"http:\/\/vozolvapen.de\/pl\/wp-json\/wp\/v2\/product\/45476","targetHints":{"allow":["GET"]}}],"collection":[{"href":"http:\/\/vozolvapen.de\/pl\/wp-json\/wp\/v2\/product"}],"about":[{"href":"http:\/\/vozolvapen.de\/pl\/wp-json\/wp\/v2\/types\/product"}],"replies":[{"embeddable":true,"href":"http:\/\/vozolvapen.de\/pl\/wp-json\/wp\/v2\/comments?post=45476"}],"wp:featuredmedia":[{"embeddable":true,"href":"http:\/\/vozolvapen.de\/pl\/wp-json\/wp\/v2\/media\/45841"}],"wp:attachment":[{"href":"http:\/\/vozolvapen.de\/pl\/wp-json\/wp\/v2\/media?parent=45476"}],"wp:term":[{"taxonomy":"product_brand","embeddable":true,"href":"http:\/\/vozolvapen.de\/pl\/wp-json\/wp\/v2\/product_brand?post=45476"},{"taxonomy":"product_cat","embeddable":true,"href":"http:\/\/vozolvapen.de\/pl\/wp-json\/wp\/v2\/product_cat?post=45476"},{"taxonomy":"product_tag","embeddable":true,"href":"http:\/\/vozolvapen.de\/pl\/wp-json\/wp\/v2\/product_tag?post=45476"}],"curies":[{"name":"wp","href":"https:\/\/api.w.org\/{rel}","templated":true}]}}