{"id":45521,"date":"2025-12-28T09:22:15","date_gmt":"2025-12-28T09:22:15","guid":{"rendered":"https:\/\/vozolvapen.de\/?post_type=product&#038;p=45521"},"modified":"2025-12-30T04:18:35","modified_gmt":"2025-12-30T04:18:35","slug":"puff-200k-bang-box-200k-tropical-melon-paradise","status":"publish","type":"product","link":"http:\/\/vozolvapen.de\/pl\/product\/puff-200k-bang-box-200k-tropical-melon-paradise\/","title":{"rendered":"Puff 200k Bang Box 200k - Tropical Melon Paradise"},"content":{"rendered":"<h1 data-path-to-node=\"23\"><b data-path-to-node=\"23\" data-index-in-node=\"0\">Bang Box 200k Puffs 8 w 1: Triple Honeydew, Love66, Passion Fruit, Pineapple Coconut Ice<\/b><\/h1>\n<p data-path-to-node=\"24\"><b data-path-to-node=\"24\" data-index-in-node=\"0\">Tropikalna oaza:<\/b> Wyrafinowany zestaw, kt\u00f3ry przenosi pla\u017c\u0119 do vape. Zawiera egzotyczne <b data-path-to-node=\"24\" data-index-in-node=\"97\">Love66<\/b> (s\u0142ynna kwiatowa mieszanka melon\u00f3w) i kremowy <b data-path-to-node=\"24\" data-index-in-node=\"147\">L\u00f3d ananasowo-kokosowy<\/b>, w <b data-path-to-node=\"24\" data-index-in-node=\"174\">Puff 200k<\/b> zapewnia \u015bwiatowej klasy wra\u017cenia z wakacji na ka\u017cdym kroku.<\/p>\n<h2 data-path-to-node=\"25\"><b data-path-to-node=\"25\" data-index-in-node=\"0\">G\u0142\u0119bokie zanurzenie w Tropikalnej Oazie<\/b><\/h2>\n<ul data-path-to-node=\"26\">\n<li>\n<p data-path-to-node=\"26,0,0\"><b data-path-to-node=\"26,0,0\" data-index-in-node=\"0\">Mode A - Triple Honeydew:<\/b> Bujna, s\u0142odka melonowa trifecta.<\/p>\n<\/li>\n<li>\n<p data-path-to-node=\"26,1,0\"><b data-path-to-node=\"26,1,0\" data-index-in-node=\"0\">Mode B - Love66:<\/b> Legendarny melonowy i kwiatowy smak shishy.<\/p>\n<\/li>\n<li>\n<p data-path-to-node=\"26,2,0\"><b data-path-to-node=\"26,2,0\" data-index-in-node=\"0\">Mode C - Passion Fruit:<\/b> Egzotyczny, cierpki i bardzo aromatyczny.<\/p>\n<\/li>\n<li>\n<p data-path-to-node=\"26,3,0\"><b data-path-to-node=\"26,3,0\" data-index-in-node=\"0\">Mode D - Pineapple Coconut Ice:<\/b> Kremowy, tropikalny smak Pina Colada.<\/p>\n<\/li>\n<li>\n<p data-path-to-node=\"26,4,0\"><b data-path-to-node=\"26,4,0\" data-index-in-node=\"0\">Tryb E-H (tryby Combo):<\/b> Egzotyczne mieszanki, takie jak <i data-path-to-node=\"26,4,0\" data-index-in-node=\"43\">Passion-Melon<\/i> oraz <i data-path-to-node=\"26,4,0\" data-index-in-node=\"61\">Ananas spadziowy<\/i>.<\/p>\n<\/li>\n<\/ul>\n<h2 data-path-to-node=\"12\"><b data-path-to-node=\"12\" data-index-in-node=\"0\">Dla kogo przeznaczony jest ten smak?<\/b><\/h2>\n<ul data-path-to-node=\"13\">\n<li>\n<p data-path-to-node=\"13,0,0\"><b data-path-to-node=\"13,0,0\" data-index-in-node=\"0\">The Shisha Enthusiast:<\/b> Je\u015bli uwielbiasz kwiatowe, z\u0142o\u017cone nuty hookah lounge, to <b data-path-to-node=\"13,0,0\" data-index-in-node=\"85\">Love66<\/b> i melona zapewni\u0105 najwy\u017cszej jako\u015bci doznania aromatyczne.<\/p>\n<\/li>\n<li>\n<p data-path-to-node=\"13,1,0\"><b data-path-to-node=\"13,1,0\" data-index-in-node=\"0\">Vaper w trybie wakacyjnym:<\/b> Idealny dla tych, kt\u00f3rzy chc\u0105 kremowego, egzotycznego smaku, kt\u00f3ry przypomina tropikalny koktajl na pla\u017cy.<\/p>\n<\/li>\n<\/ul>\n<h2 data-path-to-node=\"60\">Specyfikacja rdzenia Puff 200k Bang Box 200k<\/h2>\n<table data-path-to-node=\"16\">\n<thead>\n<tr>\n<td><strong>Specyfikacja dostaw<\/strong><\/td>\n<td><strong>Informacje o realizacji Bang Box 200k<\/strong><\/td>\n<\/tr>\n<\/thead>\n<tbody>\n<tr>\n<td><span data-path-to-node=\"16,1,0,0\"><b data-path-to-node=\"16,1,0,0\" data-index-in-node=\"0\">Centrum wysy\u0142kowe<\/b><\/span><\/td>\n<td><span data-path-to-node=\"16,1,1,0\"><b data-path-to-node=\"16,1,1,0\" data-index-in-node=\"0\">Magazyn europejski (bezc\u0142owy)<\/b><\/span><\/td>\n<\/tr>\n<tr>\n<td><span data-path-to-node=\"16,2,0,0\"><b data-path-to-node=\"16,2,0,0\" data-index-in-node=\"0\">Szybko\u015b\u0107 dostawy<\/b><\/span><\/td>\n<td><span data-path-to-node=\"16,2,1,0\">1-3 dni robocze na terenie UE<\/span><\/td>\n<\/tr>\n<tr>\n<td><span data-path-to-node=\"16,3,0,0\"><b data-path-to-node=\"16,3,0,0\" data-index-in-node=\"0\">Jednostka opakowania<\/b><\/span><\/td>\n<td><span data-path-to-node=\"16,3,1,0\">10 pojedynczych opakowa\u0144 w pude\u0142ku ekspozycyjnym<\/span><\/td>\n<\/tr>\n<tr>\n<td><span data-path-to-node=\"16,4,0,0\"><b data-path-to-node=\"16,4,0,0\" data-index-in-node=\"0\">Status sprzeda\u017cy hurtowej<\/b><\/span><\/td>\n<td><span data-path-to-node=\"16,4,1,0\">Globalne zapasy gotowe \/ w magazynie<\/span><\/td>\n<\/tr>\n<tr>\n<td><span data-path-to-node=\"16,5,0,0\"><b data-path-to-node=\"16,5,0,0\" data-index-in-node=\"0\">Si\u0142a nikotyny<\/b><\/span><\/td>\n<td><span data-path-to-node=\"16,5,1,0\">Dost\u0119pne dawki 0 mg, 20 mg, 30 mg i 50 mg<\/span><\/td>\n<\/tr>\n<tr>\n<td><span data-path-to-node=\"16,6,0,0\"><b data-path-to-node=\"16,6,0,0\" data-index-in-node=\"0\">Origin Brand<\/b><\/span><\/td>\n<td><span data-path-to-node=\"16,6,1,0\">Seria Bang Vape Professional<\/span><\/td>\n<\/tr>\n<tr>\n<td><span data-path-to-node=\"16,7,0,0\"><b data-path-to-node=\"16,7,0,0\" data-index-in-node=\"0\">Waga na jednostk\u0119<\/b><\/span><\/td>\n<td><span data-path-to-node=\"16,7,1,0\">125 g (przeno\u015bny i wytrzyma\u0142y)<\/span><\/td>\n<\/tr>\n<\/tbody>\n<\/table>\n<h3 dir=\"auto\">Oto dalsze zalecenia dla Ciebie:<\/h3>\n<p dir=\"auto\">Odkryj jeszcze wi\u0119cej niesamowitych smak\u00f3w dzi\u0119ki Puff 200k Bang Box 200k Vape!<\/p>\n<p dir=\"auto\"><a href=\"https:\/\/vozolvapen.de\/pl\/product-category\/bang-vape\/puff-200k-bang-box-200k-8-in-1\/\" target=\"_blank\" rel=\"noopener noreferrer nofollow\">Zobacz wszystkie odmiany tutaj \u2192<\/a><\/p>\n<p dir=\"auto\">Zapoznaj si\u0119 z nasz\u0105 pe\u0142n\u0105 kolekcj\u0105 i kupuj produkty najlepszych marek vape, kt\u00f3re pokochasz.<\/p>\n<p dir=\"auto\"><a href=\"https:\/\/vozolvapen.de\/pl\/\" target=\"_blank\" rel=\"noopener noreferrer nofollow\">Przegl\u0105daj teraz wszystkie marki \u2192<\/a><\/p>\n<p dir=\"auto\">Sprawd\u017a ca\u0142\u0105 seri\u0119 Bang Vape - ka\u017cdy smak, ka\u017cdy styl!<\/p>\n<p dir=\"auto\"><a href=\"https:\/\/vozolvapen.de\/pl\/product-category\/bang-vape\/\" target=\"_blank\" rel=\"noopener noreferrer nofollow\">Zobacz pe\u0142n\u0105 kolekcj\u0119 Bang Vape \u2192<\/a><\/p>","protected":false},"excerpt":{"rendered":"<p><b data-path-to-node=\"9\" data-index-in-node=\"0\">Egzotyczna Shisha Escape:<\/b> Przenie\u015b tropikalny salon do swojej kieszeni. Zawiera legendarny Love66 i kremowy Pineapple Coconut Ice. <b data-path-to-node=\"9\" data-index-in-node=\"138\">Puff 200k<\/b> Urz\u0105dzenie oferuje 8 egzotycznych wariant\u00f3w smakowych. Ogromny zbiornik o pojemno\u015bci 40 ml pozwala cieszy\u0107 si\u0119 tymi wyrafinowanymi nutami botanicznymi przez wiele tygodni.<\/p>","protected":false},"featured_media":45843,"comment_status":"open","ping_status":"closed","template":"","meta":{"_acf_changed":false},"product_brand":[],"product_cat":[99],"product_tag":[],"class_list":{"0":"post-45521","1":"product","2":"type-product","3":"status-publish","4":"has-post-thumbnail","6":"product_cat-puff-200k-bang-box-200k-8-in-1","8":"first","9":"instock","10":"shipping-taxable","11":"purchasable","12":"product-type-variable"},"acf":[],"yoast_head":"<!-- This site is optimized with the Yoast SEO Premium plugin v26.1 (Yoast SEO v27.5) - https:\/\/yoast.com\/product\/yoast-seo-premium-wordpress\/ -->\n<title>Puff 200000 Bang Box Triple Honeydew &amp; Pineapple Coconut - vozolvapen<\/title>\n<meta name=\"description\" content=\"An exotic escape with Honeydew and Pineapple Coconut Ice. Featuring 8-in-1 flavor modes and a massive 40mL pre-filled reservoir.\" \/>\n<meta name=\"robots\" content=\"index, follow, max-snippet:-1, max-image-preview:large, max-video-preview:-1\" \/>\n<link rel=\"canonical\" href=\"https:\/\/vozolvapen.de\/pl\/product\/puff-200k-bang-box-200k-tropical-melon-paradise\/\" \/>\n<meta property=\"og:locale\" content=\"pl_PL\" \/>\n<meta property=\"og:type\" content=\"article\" \/>\n<meta property=\"og:title\" content=\"Puff 200k Bang Box 200k - Tropical Melon Paradise\" \/>\n<meta property=\"og:description\" content=\"An exotic escape with Honeydew and Pineapple Coconut Ice. Featuring 8-in-1 flavor modes and a massive 40mL pre-filled reservoir.\" \/>\n<meta property=\"og:url\" content=\"https:\/\/vozolvapen.de\/pl\/product\/puff-200k-bang-box-200k-tropical-melon-paradise\/\" \/>\n<meta property=\"og:site_name\" content=\"vozolvapen\" \/>\n<meta property=\"article:modified_time\" content=\"2025-12-30T04:18:35+00:00\" \/>\n<meta property=\"og:image\" content=\"https:\/\/vozolvapen.de\/wp-content\/uploads\/2025\/12\/Puff-200k-Bang-Box-200k-Triple-HoneydewLove66Passion-FruitPineapple-Coconut-Ice-2.webp\" \/>\n\t<meta property=\"og:image:width\" content=\"1200\" \/>\n\t<meta property=\"og:image:height\" content=\"1200\" \/>\n\t<meta property=\"og:image:type\" content=\"image\/webp\" \/>\n<meta name=\"twitter:card\" content=\"summary_large_image\" \/>\n<meta name=\"twitter:label1\" content=\"Szacowany czas czytania\" \/>\n\t<meta name=\"twitter:data1\" content=\"2 minuty\" \/>\n<script type=\"application\/ld+json\" class=\"yoast-schema-graph\">{\"@context\":\"https:\\\/\\\/schema.org\",\"@graph\":[{\"@type\":\"WebPage\",\"@id\":\"https:\\\/\\\/vozolvapen.de\\\/product\\\/puff-200k-bang-box-200k-tropical-melon-paradise\\\/\",\"url\":\"https:\\\/\\\/vozolvapen.de\\\/product\\\/puff-200k-bang-box-200k-tropical-melon-paradise\\\/\",\"name\":\"Puff 200000 Bang Box Triple Honeydew & Pineapple Coconut - vozolvapen\",\"isPartOf\":{\"@id\":\"https:\\\/\\\/vozolvapen.de\\\/#website\"},\"primaryImageOfPage\":{\"@id\":\"https:\\\/\\\/vozolvapen.de\\\/product\\\/puff-200k-bang-box-200k-tropical-melon-paradise\\\/#primaryimage\"},\"image\":{\"@id\":\"https:\\\/\\\/vozolvapen.de\\\/product\\\/puff-200k-bang-box-200k-tropical-melon-paradise\\\/#primaryimage\"},\"thumbnailUrl\":\"https:\\\/\\\/vozolvapen.de\\\/wp-content\\\/uploads\\\/2025\\\/12\\\/Puff-200k-Bang-Box-200k-Triple-HoneydewLove66Passion-FruitPineapple-Coconut-Ice-2.webp\",\"datePublished\":\"2025-12-28T09:22:15+00:00\",\"dateModified\":\"2025-12-30T04:18:35+00:00\",\"description\":\"An exotic escape with Honeydew and Pineapple Coconut Ice. Featuring 8-in-1 flavor modes and a massive 40mL pre-filled reservoir.\",\"breadcrumb\":{\"@id\":\"https:\\\/\\\/vozolvapen.de\\\/product\\\/puff-200k-bang-box-200k-tropical-melon-paradise\\\/#breadcrumb\"},\"inLanguage\":\"pl-PL\",\"potentialAction\":[{\"@type\":\"ReadAction\",\"target\":[\"https:\\\/\\\/vozolvapen.de\\\/product\\\/puff-200k-bang-box-200k-tropical-melon-paradise\\\/\"]}]},{\"@type\":\"ImageObject\",\"inLanguage\":\"pl-PL\",\"@id\":\"https:\\\/\\\/vozolvapen.de\\\/product\\\/puff-200k-bang-box-200k-tropical-melon-paradise\\\/#primaryimage\",\"url\":\"https:\\\/\\\/vozolvapen.de\\\/wp-content\\\/uploads\\\/2025\\\/12\\\/Puff-200k-Bang-Box-200k-Triple-HoneydewLove66Passion-FruitPineapple-Coconut-Ice-2.webp\",\"contentUrl\":\"https:\\\/\\\/vozolvapen.de\\\/wp-content\\\/uploads\\\/2025\\\/12\\\/Puff-200k-Bang-Box-200k-Triple-HoneydewLove66Passion-FruitPineapple-Coconut-Ice-2.webp\",\"width\":1200,\"height\":1200,\"caption\":\"Puff 200k Bang Box 200k - Triple Honeydew+Love66+Passion Fruit+Pineapple Coconut Ice (2)\"},{\"@type\":\"BreadcrumbList\",\"@id\":\"https:\\\/\\\/vozolvapen.de\\\/product\\\/puff-200k-bang-box-200k-tropical-melon-paradise\\\/#breadcrumb\",\"itemListElement\":[{\"@type\":\"ListItem\",\"position\":1,\"name\":\"Home\",\"item\":\"https:\\\/\\\/vozolvapen.de\\\/de\\\/\"},{\"@type\":\"ListItem\",\"position\":2,\"name\":\"Shop\",\"item\":\"https:\\\/\\\/vozolvapen.de\\\/shop\\\/\"},{\"@type\":\"ListItem\",\"position\":3,\"name\":\"Puff 200k Bang Box 200k &#8211; Tropical Melon Paradise\"}]},{\"@type\":\"WebSite\",\"@id\":\"https:\\\/\\\/vozolvapen.de\\\/#website\",\"url\":\"https:\\\/\\\/vozolvapen.de\\\/\",\"name\":\"vozolvapen\",\"description\":\"vozolvapen\",\"publisher\":{\"@id\":\"https:\\\/\\\/vozolvapen.de\\\/#organization\"},\"potentialAction\":[{\"@type\":\"SearchAction\",\"target\":{\"@type\":\"EntryPoint\",\"urlTemplate\":\"https:\\\/\\\/vozolvapen.de\\\/?s={search_term_string}\"},\"query-input\":{\"@type\":\"PropertyValueSpecification\",\"valueRequired\":true,\"valueName\":\"search_term_string\"}}],\"inLanguage\":\"pl-PL\"},{\"@type\":\"Organization\",\"@id\":\"https:\\\/\\\/vozolvapen.de\\\/#organization\",\"name\":\"vozolvapen\",\"url\":\"https:\\\/\\\/vozolvapen.de\\\/\",\"logo\":{\"@type\":\"ImageObject\",\"inLanguage\":\"pl-PL\",\"@id\":\"https:\\\/\\\/vozolvapen.de\\\/#\\\/schema\\\/logo\\\/image\\\/\",\"url\":\"https:\\\/\\\/vozolvapen.de\\\/wp-content\\\/uploads\\\/2025\\\/12\\\/cropped-vozovapen-logo.webp\",\"contentUrl\":\"https:\\\/\\\/vozolvapen.de\\\/wp-content\\\/uploads\\\/2025\\\/12\\\/cropped-vozovapen-logo.webp\",\"width\":470,\"height\":110,\"caption\":\"vozolvapen\"},\"image\":{\"@id\":\"https:\\\/\\\/vozolvapen.de\\\/#\\\/schema\\\/logo\\\/image\\\/\"}}]}<\/script>\n<!-- \/ Yoast SEO Premium plugin. -->","yoast_head_json":{"title":"Puff 200000 Bang Box Triple Honeydew &amp; Pineapple Coconut - vozolvapen","description":"Egzotyczna ucieczka z Honeydew i Pineapple Coconut Ice. Wyposa\u017cony w tryby smakowe 8 w 1 i ogromny, wst\u0119pnie nape\u0142niony zbiornik o pojemno\u015bci 40 ml.","robots":{"index":"index","follow":"follow","max-snippet":"max-snippet:-1","max-image-preview":"max-image-preview:large","max-video-preview":"max-video-preview:-1"},"canonical":"https:\/\/vozolvapen.de\/pl\/product\/puff-200k-bang-box-200k-tropical-melon-paradise\/","og_locale":"pl_PL","og_type":"article","og_title":"Puff 200k Bang Box 200k - Tropical Melon Paradise","og_description":"An exotic escape with Honeydew and Pineapple Coconut Ice. Featuring 8-in-1 flavor modes and a massive 40mL pre-filled reservoir.","og_url":"https:\/\/vozolvapen.de\/pl\/product\/puff-200k-bang-box-200k-tropical-melon-paradise\/","og_site_name":"vozolvapen","article_modified_time":"2025-12-30T04:18:35+00:00","og_image":[{"width":1200,"height":1200,"url":"https:\/\/vozolvapen.de\/wp-content\/uploads\/2025\/12\/Puff-200k-Bang-Box-200k-Triple-HoneydewLove66Passion-FruitPineapple-Coconut-Ice-2.webp","type":"image\/webp"}],"twitter_card":"summary_large_image","twitter_misc":{"Szacowany czas czytania":"2 minuty"},"schema":{"@context":"https:\/\/schema.org","@graph":[{"@type":"WebPage","@id":"https:\/\/vozolvapen.de\/product\/puff-200k-bang-box-200k-tropical-melon-paradise\/","url":"https:\/\/vozolvapen.de\/product\/puff-200k-bang-box-200k-tropical-melon-paradise\/","name":"Puff 200000 Bang Box Triple Honeydew &amp; Pineapple Coconut - vozolvapen","isPartOf":{"@id":"https:\/\/vozolvapen.de\/#website"},"primaryImageOfPage":{"@id":"https:\/\/vozolvapen.de\/product\/puff-200k-bang-box-200k-tropical-melon-paradise\/#primaryimage"},"image":{"@id":"https:\/\/vozolvapen.de\/product\/puff-200k-bang-box-200k-tropical-melon-paradise\/#primaryimage"},"thumbnailUrl":"https:\/\/vozolvapen.de\/wp-content\/uploads\/2025\/12\/Puff-200k-Bang-Box-200k-Triple-HoneydewLove66Passion-FruitPineapple-Coconut-Ice-2.webp","datePublished":"2025-12-28T09:22:15+00:00","dateModified":"2025-12-30T04:18:35+00:00","description":"Egzotyczna ucieczka z Honeydew i Pineapple Coconut Ice. Wyposa\u017cony w tryby smakowe 8 w 1 i ogromny, wst\u0119pnie nape\u0142niony zbiornik o pojemno\u015bci 40 ml.","breadcrumb":{"@id":"https:\/\/vozolvapen.de\/product\/puff-200k-bang-box-200k-tropical-melon-paradise\/#breadcrumb"},"inLanguage":"pl-PL","potentialAction":[{"@type":"ReadAction","target":["https:\/\/vozolvapen.de\/product\/puff-200k-bang-box-200k-tropical-melon-paradise\/"]}]},{"@type":"ImageObject","inLanguage":"pl-PL","@id":"https:\/\/vozolvapen.de\/product\/puff-200k-bang-box-200k-tropical-melon-paradise\/#primaryimage","url":"https:\/\/vozolvapen.de\/wp-content\/uploads\/2025\/12\/Puff-200k-Bang-Box-200k-Triple-HoneydewLove66Passion-FruitPineapple-Coconut-Ice-2.webp","contentUrl":"https:\/\/vozolvapen.de\/wp-content\/uploads\/2025\/12\/Puff-200k-Bang-Box-200k-Triple-HoneydewLove66Passion-FruitPineapple-Coconut-Ice-2.webp","width":1200,"height":1200,"caption":"Puff 200k Bang Box 200k - Triple Honeydew+Love66+Passion Fruit+Pineapple Coconut Ice (2)"},{"@type":"BreadcrumbList","@id":"https:\/\/vozolvapen.de\/product\/puff-200k-bang-box-200k-tropical-melon-paradise\/#breadcrumb","itemListElement":[{"@type":"ListItem","position":1,"name":"Home","item":"https:\/\/vozolvapen.de\/de\/"},{"@type":"ListItem","position":2,"name":"Shop","item":"https:\/\/vozolvapen.de\/shop\/"},{"@type":"ListItem","position":3,"name":"Puff 200k Bang Box 200k &#8211; Tropical Melon Paradise"}]},{"@type":"WebSite","@id":"https:\/\/vozolvapen.de\/#website","url":"https:\/\/vozolvapen.de\/","name":"vozolvapen","description":"vozolvapen","publisher":{"@id":"https:\/\/vozolvapen.de\/#organization"},"potentialAction":[{"@type":"SearchAction","target":{"@type":"EntryPoint","urlTemplate":"https:\/\/vozolvapen.de\/?s={search_term_string}"},"query-input":{"@type":"PropertyValueSpecification","valueRequired":true,"valueName":"search_term_string"}}],"inLanguage":"pl-PL"},{"@type":"Organization","@id":"https:\/\/vozolvapen.de\/#organization","name":"vozolvapen","url":"https:\/\/vozolvapen.de\/","logo":{"@type":"ImageObject","inLanguage":"pl-PL","@id":"https:\/\/vozolvapen.de\/#\/schema\/logo\/image\/","url":"https:\/\/vozolvapen.de\/wp-content\/uploads\/2025\/12\/cropped-vozovapen-logo.webp","contentUrl":"https:\/\/vozolvapen.de\/wp-content\/uploads\/2025\/12\/cropped-vozovapen-logo.webp","width":470,"height":110,"caption":"vozolvapen"},"image":{"@id":"https:\/\/vozolvapen.de\/#\/schema\/logo\/image\/"}}]}},"tiered_pricing_type":"fixed","tiered_pricing_fixed_rules":{"30":"14.3","50":"12.3","100":"11.3","200":"10.8"},"tiered_pricing_product_settings":{"layout":"default","base_unit_name":{"singular":null,"plural":null},"default_variation":{}},"tiered_pricing_minimum_quantity":10,"tiered_pricing_roles_data":[],"tiered_pricing_percentage_rules":[],"tiered_pricing_maximum_quantity":null,"tiered_pricing_quantity_step":"10","_links":{"self":[{"href":"http:\/\/vozolvapen.de\/pl\/wp-json\/wp\/v2\/product\/45521","targetHints":{"allow":["GET"]}}],"collection":[{"href":"http:\/\/vozolvapen.de\/pl\/wp-json\/wp\/v2\/product"}],"about":[{"href":"http:\/\/vozolvapen.de\/pl\/wp-json\/wp\/v2\/types\/product"}],"replies":[{"embeddable":true,"href":"http:\/\/vozolvapen.de\/pl\/wp-json\/wp\/v2\/comments?post=45521"}],"wp:featuredmedia":[{"embeddable":true,"href":"http:\/\/vozolvapen.de\/pl\/wp-json\/wp\/v2\/media\/45843"}],"wp:attachment":[{"href":"http:\/\/vozolvapen.de\/pl\/wp-json\/wp\/v2\/media?parent=45521"}],"wp:term":[{"taxonomy":"product_brand","embeddable":true,"href":"http:\/\/vozolvapen.de\/pl\/wp-json\/wp\/v2\/product_brand?post=45521"},{"taxonomy":"product_cat","embeddable":true,"href":"http:\/\/vozolvapen.de\/pl\/wp-json\/wp\/v2\/product_cat?post=45521"},{"taxonomy":"product_tag","embeddable":true,"href":"http:\/\/vozolvapen.de\/pl\/wp-json\/wp\/v2\/product_tag?post=45521"}],"curies":[{"name":"wp","href":"https:\/\/api.w.org\/{rel}","templated":true}]}}