{"id":45566,"date":"2025-12-28T09:22:17","date_gmt":"2025-12-28T09:22:17","guid":{"rendered":"https:\/\/vozolvapen.de\/?post_type=product&#038;p=45566"},"modified":"2026-02-10T10:59:58","modified_gmt":"2026-02-10T10:59:58","slug":"puff-200k-bang-box-200k-orchard-fruit-fusion","status":"publish","type":"product","link":"http:\/\/vozolvapen.de\/pl\/product\/puff-200k-bang-box-200k-orchard-fruit-fusion\/","title":{"rendered":"Puff 200k Bang Box 200k - Orchard Fruit Fusion"},"content":{"rendered":"<h1 data-path-to-node=\"30\"><b data-path-to-node=\"30\" data-index-in-node=\"0\">Bang Box 200k Puffs 8 w 1: Podw\u00f3jne jab\u0142ko, kwa\u015bne jab\u0142ko malina, je\u017cyna lodowa, ananas brzoskwinia<\/b><\/h1>\n<p data-path-to-node=\"31\"><b data-path-to-node=\"31\" data-index-in-node=\"0\">\u017bniwa w sadzie:<\/b> Chrupi\u0105cy i soczysty wyb\u00f3r, kt\u00f3ry oddaje esencj\u0119 \u015bwie\u017cych owoc\u00f3w z ogrodu. Od cierpko\u015bci <b data-path-to-node=\"31\" data-index-in-node=\"119\">Kwa\u015bne jab\u0142ko malina<\/b> do aksamitnej s\u0142odyczy <b data-path-to-node=\"31\" data-index-in-node=\"168\">Ananas Brzoskwinia<\/b>, to <b data-path-to-node=\"31\" data-index-in-node=\"190\">bang 200k<\/b> Zestaw zapewnia najlepsz\u0105 odmian\u0119 sadownicz\u0105.<\/p>\n<h2 data-path-to-node=\"32\"><b data-path-to-node=\"32\" data-index-in-node=\"0\">Szczeg\u00f3\u0142owa analiza zbior\u00f3w w sadach<\/b><\/h2>\n<ul data-path-to-node=\"33\">\n<li>\n<p data-path-to-node=\"33,0,0\"><b data-path-to-node=\"33,0,0\" data-index-in-node=\"0\">Tryb A - Podw\u00f3jne jab\u0142ko:<\/b> S\u0142odkie i chrupi\u0105ce czerwone i zielone jab\u0142ka.<\/p>\n<\/li>\n<li>\n<p data-path-to-node=\"33,1,0\"><b data-path-to-node=\"33,1,0\" data-index-in-node=\"0\">Mode B - Sour Apple Raspberry:<\/b> Pikantna jab\u0142kowa baza z cierpkimi jagodami.<\/p>\n<\/li>\n<li>\n<p data-path-to-node=\"33,2,0\"><b data-path-to-node=\"33,2,0\" data-index-in-node=\"0\">Mode C - Blackberry Ice:<\/b> Ciemne, soczyste je\u017cyny z ch\u0142odnym finiszem.<\/p>\n<\/li>\n<li>\n<p data-path-to-node=\"33,3,0\"><b data-path-to-node=\"33,3,0\" data-index-in-node=\"0\">Mode D - Pineapple Peach:<\/b> Aksamitna brzoskwinia po\u0142\u0105czona z tropikalnym ananasem.<\/p>\n<\/li>\n<li>\n<p data-path-to-node=\"33,4,0\"><b data-path-to-node=\"33,4,0\" data-index-in-node=\"0\">Tryb E-H (tryby Combo):<\/b> <i data-path-to-node=\"33,4,0\" data-index-in-node=\"24\">Jab\u0142ko-jagoda<\/i> oraz <i data-path-to-node=\"33,4,0\" data-index-in-node=\"40\">Ananas-jab\u0142ko<\/i> owocowe fuzje.<\/p>\n<\/li>\n<\/ul>\n<h2 data-path-to-node=\"15\"><b data-path-to-node=\"15\" data-index-in-node=\"0\">Dla kogo przeznaczony jest ten smak?<\/b><\/h2>\n<ul data-path-to-node=\"16\">\n<li>\n<p data-path-to-node=\"16,0,0\"><b data-path-to-node=\"16,0,0\" data-index-in-node=\"0\">Owocowy purysta:<\/b> Je\u015bli wolisz naturalne, chrupi\u0105ce i soczyste smaki od sztucznych cukierk\u00f3w, ta mieszanka \u201cprosto z drzewa\u201d jest dla Ciebie.<\/p>\n<\/li>\n<li>\n<p data-path-to-node=\"16,1,0\"><b data-path-to-node=\"16,1,0\" data-index-in-node=\"0\">Zr\u00f3wnowa\u017cony Vaper:<\/b> \u015awietny dla tych, kt\u00f3rzy lubi\u0105 mieszank\u0119 cierpkich jab\u0142ek i aksamitnych brzoskwi\u0144 bez ci\u0119\u017ckiego mentolu.<\/p>\n<\/li>\n<\/ul>\n<h2 data-path-to-node=\"60\">Specyfikacja rdzenia Puff 200k Bang Box 200k<\/h2>\n<table data-path-to-node=\"20\">\n<thead>\n<tr>\n<td><strong>Szybkie fakty<\/strong><\/td>\n<td><strong>Bang Box 200,000 Najwa\u017cniejsze informacje<\/strong><\/td>\n<\/tr>\n<\/thead>\n<tbody>\n<tr>\n<td><span data-path-to-node=\"20,1,0,0\"><b data-path-to-node=\"20,1,0,0\" data-index-in-node=\"0\">Total Puffs<\/b><\/span><\/td>\n<td><span data-path-to-node=\"20,1,1,0\">200 000 Maksymalna pojemno\u015b\u0107<\/span><\/td>\n<\/tr>\n<tr>\n<td><span data-path-to-node=\"20,2,0,0\"><b data-path-to-node=\"20,2,0,0\" data-index-in-node=\"0\">Obj\u0119to\u015b\u0107 oleju<\/b><\/span><\/td>\n<td><span data-path-to-node=\"20,2,1,0\">40 ml (sok o wysokiej g\u0119sto\u015bci)<\/span><\/td>\n<\/tr>\n<tr>\n<td><span data-path-to-node=\"20,3,0,0\"><b data-path-to-node=\"20,3,0,0\" data-index-in-node=\"0\">Zakres nikotyny<\/b><\/span><\/td>\n<td><span data-path-to-node=\"20,3,1,0\">0% - 5% Wyb\u00f3r<\/span><\/td>\n<\/tr>\n<tr>\n<td><span data-path-to-node=\"20,4,0,0\"><b data-path-to-node=\"20,4,0,0\" data-index-in-node=\"0\">Interakcja<\/b><\/span><\/td>\n<td><span data-path-to-node=\"20,4,1,0\">8 w 1 Flavor Toggle Tech<\/span><\/td>\n<\/tr>\n<tr>\n<td><span data-path-to-node=\"20,5,0,0\"><b data-path-to-node=\"20,5,0,0\" data-index-in-node=\"0\">Monitorowanie<\/b><\/span><\/td>\n<td><span data-path-to-node=\"20,5,1,0\">Inteligentny ekran baterii i e-cieczy<\/span><\/td>\n<\/tr>\n<tr>\n<td><span data-path-to-node=\"20,6,0,0\"><b data-path-to-node=\"20,6,0,0\" data-index-in-node=\"0\">\u0141adowanie<\/b><\/span><\/td>\n<td><span data-path-to-node=\"20,6,1,0\">Interfejs \u0142adowania typu C<\/span><\/td>\n<\/tr>\n<tr>\n<td><span data-path-to-node=\"20,7,0,0\"><b data-path-to-node=\"20,7,0,0\" data-index-in-node=\"0\">Wysy\u0142ka<\/b><\/span><\/td>\n<td><span data-path-to-node=\"20,7,1,0\">Ekspresowa dostawa europejska (1-3 dni)<\/span><\/td>\n<\/tr>\n<\/tbody>\n<\/table>\n<h3 dir=\"auto\">Oto dalsze zalecenia dla Ciebie:<\/h3>\n<p dir=\"auto\">Odkryj jeszcze wi\u0119cej niesamowitych smak\u00f3w dzi\u0119ki Puff 200k Bang Box 200k Vape!<\/p>\n<p dir=\"auto\"><a href=\"https:\/\/vozolvapen.de\/pl\/product-category\/bang-vape\/puff-200k-bang-box-200k-8-in-1\/\" target=\"_blank\" rel=\"noopener noreferrer nofollow\">Zobacz wszystkie odmiany tutaj \u2192<\/a><\/p>\n<p dir=\"auto\">Zapoznaj si\u0119 z nasz\u0105 pe\u0142n\u0105 kolekcj\u0105 i kupuj produkty najlepszych marek vape, kt\u00f3re pokochasz.<\/p>\n<p dir=\"auto\"><a href=\"https:\/\/vozolvapen.de\/pl\/\" target=\"_blank\" rel=\"noopener noreferrer nofollow\">Przegl\u0105daj teraz wszystkie marki \u2192<\/a><\/p>\n<p dir=\"auto\">Sprawd\u017a ca\u0142\u0105 seri\u0119 Bang Vape - ka\u017cdy smak, ka\u017cdy styl!<\/p>\n<p dir=\"auto\"><a href=\"https:\/\/vozolvapen.de\/pl\/product-category\/bang-vape\/\" target=\"_blank\" rel=\"noopener noreferrer nofollow\">Zobacz pe\u0142n\u0105 kolekcj\u0119 Bang Vape \u2192<\/a><\/p>","protected":false},"excerpt":{"rendered":"<p><b data-path-to-node=\"11\" data-index-in-node=\"0\">The Orchard Harvest Mix:<\/b> Chrupi\u0105ce, soczyste i doskonale zbalansowane. Wino <b data-path-to-node=\"11\" data-index-in-node=\"67\">Puff 200k Bang Box 200k<\/b> Edycja Orchard \u0142\u0105czy Double Apple z aksamitnym Pineapple Peach. Wykorzystaj <b data-path-to-node=\"11\" data-index-in-node=\"169\">System aromat\u00f3w 8 w 1<\/b> aby znale\u017a\u0107 idealne proporcje owoc\u00f3w, wszystkie \u015bledzone przez inteligentny wy\u015bwietlacz w czasie rzeczywistym.<\/p>","protected":false},"featured_media":45845,"comment_status":"open","ping_status":"closed","template":"","meta":{"_acf_changed":false},"product_brand":[],"product_cat":[134,99],"product_tag":[],"class_list":{"0":"post-45566","1":"product","2":"type-product","3":"status-publish","4":"has-post-thumbnail","6":"product_cat-eu-warehouse-in-stock","7":"product_cat-puff-200k-bang-box-200k-8-in-1","9":"first","10":"instock","11":"shipping-taxable","12":"purchasable","13":"product-type-variable"},"acf":[],"yoast_head":"<!-- This site is optimized with the Yoast SEO Premium plugin v26.1 (Yoast SEO v27.5) - https:\/\/yoast.com\/product\/yoast-seo-premium-wordpress\/ -->\n<title>Bang Box 200k Puffs Double Apple &amp; Blackberry Ice - vozolvapen<\/title>\n<meta name=\"description\" content=\"Crisp apples and juicy peaches meet dark blackberries. The Puff 200k Bang Box ensures a smooth hit with its 850mAh rechargeable battery.\" \/>\n<meta name=\"robots\" content=\"index, follow, max-snippet:-1, max-image-preview:large, max-video-preview:-1\" \/>\n<link rel=\"canonical\" href=\"https:\/\/vozolvapen.de\/pl\/product\/puff-200k-bang-box-200k-orchard-fruit-fusion\/\" \/>\n<meta property=\"og:locale\" content=\"pl_PL\" \/>\n<meta property=\"og:type\" content=\"article\" \/>\n<meta property=\"og:title\" content=\"Puff 200k Bang Box 200k - Orchard Fruit Fusion\" \/>\n<meta property=\"og:description\" content=\"Crisp apples and juicy peaches meet dark blackberries. The Puff 200k Bang Box ensures a smooth hit with its 850mAh rechargeable battery.\" \/>\n<meta property=\"og:url\" content=\"https:\/\/vozolvapen.de\/pl\/product\/puff-200k-bang-box-200k-orchard-fruit-fusion\/\" \/>\n<meta property=\"og:site_name\" content=\"vozolvapen\" \/>\n<meta property=\"article:modified_time\" content=\"2026-02-10T10:59:58+00:00\" \/>\n<meta property=\"og:image\" content=\"https:\/\/vozolvapen.de\/wp-content\/uploads\/2025\/12\/Puff-200k-Bang-Box-200k-Double-AppleSour-Apple-RaspberryBlackberry-IcePineapple-Peach-2.webp\" \/>\n\t<meta property=\"og:image:width\" content=\"1200\" \/>\n\t<meta property=\"og:image:height\" content=\"1200\" \/>\n\t<meta property=\"og:image:type\" content=\"image\/webp\" \/>\n<meta name=\"twitter:card\" content=\"summary_large_image\" \/>\n<meta name=\"twitter:label1\" content=\"Szacowany czas czytania\" \/>\n\t<meta name=\"twitter:data1\" content=\"2 minuty\" \/>\n<script type=\"application\/ld+json\" class=\"yoast-schema-graph\">{\"@context\":\"https:\\\/\\\/schema.org\",\"@graph\":[{\"@type\":\"WebPage\",\"@id\":\"https:\\\/\\\/vozolvapen.de\\\/product\\\/puff-200k-bang-box-200k-orchard-fruit-fusion\\\/\",\"url\":\"https:\\\/\\\/vozolvapen.de\\\/product\\\/puff-200k-bang-box-200k-orchard-fruit-fusion\\\/\",\"name\":\"Bang Box 200k Puffs Double Apple & Blackberry Ice - vozolvapen\",\"isPartOf\":{\"@id\":\"https:\\\/\\\/vozolvapen.de\\\/#website\"},\"primaryImageOfPage\":{\"@id\":\"https:\\\/\\\/vozolvapen.de\\\/product\\\/puff-200k-bang-box-200k-orchard-fruit-fusion\\\/#primaryimage\"},\"image\":{\"@id\":\"https:\\\/\\\/vozolvapen.de\\\/product\\\/puff-200k-bang-box-200k-orchard-fruit-fusion\\\/#primaryimage\"},\"thumbnailUrl\":\"https:\\\/\\\/vozolvapen.de\\\/wp-content\\\/uploads\\\/2025\\\/12\\\/Puff-200k-Bang-Box-200k-Double-AppleSour-Apple-RaspberryBlackberry-IcePineapple-Peach-2.webp\",\"datePublished\":\"2025-12-28T09:22:17+00:00\",\"dateModified\":\"2026-02-10T10:59:58+00:00\",\"description\":\"Crisp apples and juicy peaches meet dark blackberries. The Puff 200k Bang Box ensures a smooth hit with its 850mAh rechargeable battery.\",\"breadcrumb\":{\"@id\":\"https:\\\/\\\/vozolvapen.de\\\/product\\\/puff-200k-bang-box-200k-orchard-fruit-fusion\\\/#breadcrumb\"},\"inLanguage\":\"pl-PL\",\"potentialAction\":[{\"@type\":\"ReadAction\",\"target\":[\"https:\\\/\\\/vozolvapen.de\\\/product\\\/puff-200k-bang-box-200k-orchard-fruit-fusion\\\/\"]}]},{\"@type\":\"ImageObject\",\"inLanguage\":\"pl-PL\",\"@id\":\"https:\\\/\\\/vozolvapen.de\\\/product\\\/puff-200k-bang-box-200k-orchard-fruit-fusion\\\/#primaryimage\",\"url\":\"https:\\\/\\\/vozolvapen.de\\\/wp-content\\\/uploads\\\/2025\\\/12\\\/Puff-200k-Bang-Box-200k-Double-AppleSour-Apple-RaspberryBlackberry-IcePineapple-Peach-2.webp\",\"contentUrl\":\"https:\\\/\\\/vozolvapen.de\\\/wp-content\\\/uploads\\\/2025\\\/12\\\/Puff-200k-Bang-Box-200k-Double-AppleSour-Apple-RaspberryBlackberry-IcePineapple-Peach-2.webp\",\"width\":1200,\"height\":1200,\"caption\":\"Puff 200k Bang Box 200k - Double Apple+Sour Apple Raspberry+Blackberry Ice+Pineapple Peach (2)\"},{\"@type\":\"BreadcrumbList\",\"@id\":\"https:\\\/\\\/vozolvapen.de\\\/product\\\/puff-200k-bang-box-200k-orchard-fruit-fusion\\\/#breadcrumb\",\"itemListElement\":[{\"@type\":\"ListItem\",\"position\":1,\"name\":\"Home\",\"item\":\"https:\\\/\\\/vozolvapen.de\\\/de\\\/\"},{\"@type\":\"ListItem\",\"position\":2,\"name\":\"Shop\",\"item\":\"https:\\\/\\\/vozolvapen.de\\\/shop\\\/\"},{\"@type\":\"ListItem\",\"position\":3,\"name\":\"Puff 200k Bang Box 200k &#8211; Orchard Fruit Fusion\"}]},{\"@type\":\"WebSite\",\"@id\":\"https:\\\/\\\/vozolvapen.de\\\/#website\",\"url\":\"https:\\\/\\\/vozolvapen.de\\\/\",\"name\":\"vozolvapen\",\"description\":\"vozolvapen\",\"publisher\":{\"@id\":\"https:\\\/\\\/vozolvapen.de\\\/#organization\"},\"potentialAction\":[{\"@type\":\"SearchAction\",\"target\":{\"@type\":\"EntryPoint\",\"urlTemplate\":\"https:\\\/\\\/vozolvapen.de\\\/?s={search_term_string}\"},\"query-input\":{\"@type\":\"PropertyValueSpecification\",\"valueRequired\":true,\"valueName\":\"search_term_string\"}}],\"inLanguage\":\"pl-PL\"},{\"@type\":\"Organization\",\"@id\":\"https:\\\/\\\/vozolvapen.de\\\/#organization\",\"name\":\"vozolvapen\",\"url\":\"https:\\\/\\\/vozolvapen.de\\\/\",\"logo\":{\"@type\":\"ImageObject\",\"inLanguage\":\"pl-PL\",\"@id\":\"https:\\\/\\\/vozolvapen.de\\\/#\\\/schema\\\/logo\\\/image\\\/\",\"url\":\"https:\\\/\\\/vozolvapen.de\\\/wp-content\\\/uploads\\\/2025\\\/12\\\/cropped-vozovapen-logo.webp\",\"contentUrl\":\"https:\\\/\\\/vozolvapen.de\\\/wp-content\\\/uploads\\\/2025\\\/12\\\/cropped-vozovapen-logo.webp\",\"width\":470,\"height\":110,\"caption\":\"vozolvapen\"},\"image\":{\"@id\":\"https:\\\/\\\/vozolvapen.de\\\/#\\\/schema\\\/logo\\\/image\\\/\"}}]}<\/script>\n<!-- \/ Yoast SEO Premium plugin. -->","yoast_head_json":{"title":"Bang Box 200k Puffs Double Apple &amp; Blackberry Ice - vozolvapen","description":"Chrupi\u0105ce jab\u0142ka i soczyste brzoskwinie spotykaj\u0105 si\u0119 z ciemnymi je\u017cynami. Puff 200k Bang Box zapewnia p\u0142ynne uderzenie dzi\u0119ki akumulatorowi o pojemno\u015bci 850 mAh.","robots":{"index":"index","follow":"follow","max-snippet":"max-snippet:-1","max-image-preview":"max-image-preview:large","max-video-preview":"max-video-preview:-1"},"canonical":"https:\/\/vozolvapen.de\/pl\/product\/puff-200k-bang-box-200k-orchard-fruit-fusion\/","og_locale":"pl_PL","og_type":"article","og_title":"Puff 200k Bang Box 200k - Orchard Fruit Fusion","og_description":"Crisp apples and juicy peaches meet dark blackberries. The Puff 200k Bang Box ensures a smooth hit with its 850mAh rechargeable battery.","og_url":"https:\/\/vozolvapen.de\/pl\/product\/puff-200k-bang-box-200k-orchard-fruit-fusion\/","og_site_name":"vozolvapen","article_modified_time":"2026-02-10T10:59:58+00:00","og_image":[{"width":1200,"height":1200,"url":"https:\/\/vozolvapen.de\/wp-content\/uploads\/2025\/12\/Puff-200k-Bang-Box-200k-Double-AppleSour-Apple-RaspberryBlackberry-IcePineapple-Peach-2.webp","type":"image\/webp"}],"twitter_card":"summary_large_image","twitter_misc":{"Szacowany czas czytania":"2 minuty"},"schema":{"@context":"https:\/\/schema.org","@graph":[{"@type":"WebPage","@id":"https:\/\/vozolvapen.de\/product\/puff-200k-bang-box-200k-orchard-fruit-fusion\/","url":"https:\/\/vozolvapen.de\/product\/puff-200k-bang-box-200k-orchard-fruit-fusion\/","name":"Bang Box 200k Puffs Double Apple &amp; Blackberry Ice - vozolvapen","isPartOf":{"@id":"https:\/\/vozolvapen.de\/#website"},"primaryImageOfPage":{"@id":"https:\/\/vozolvapen.de\/product\/puff-200k-bang-box-200k-orchard-fruit-fusion\/#primaryimage"},"image":{"@id":"https:\/\/vozolvapen.de\/product\/puff-200k-bang-box-200k-orchard-fruit-fusion\/#primaryimage"},"thumbnailUrl":"https:\/\/vozolvapen.de\/wp-content\/uploads\/2025\/12\/Puff-200k-Bang-Box-200k-Double-AppleSour-Apple-RaspberryBlackberry-IcePineapple-Peach-2.webp","datePublished":"2025-12-28T09:22:17+00:00","dateModified":"2026-02-10T10:59:58+00:00","description":"Chrupi\u0105ce jab\u0142ka i soczyste brzoskwinie spotykaj\u0105 si\u0119 z ciemnymi je\u017cynami. Puff 200k Bang Box zapewnia p\u0142ynne uderzenie dzi\u0119ki akumulatorowi o pojemno\u015bci 850 mAh.","breadcrumb":{"@id":"https:\/\/vozolvapen.de\/product\/puff-200k-bang-box-200k-orchard-fruit-fusion\/#breadcrumb"},"inLanguage":"pl-PL","potentialAction":[{"@type":"ReadAction","target":["https:\/\/vozolvapen.de\/product\/puff-200k-bang-box-200k-orchard-fruit-fusion\/"]}]},{"@type":"ImageObject","inLanguage":"pl-PL","@id":"https:\/\/vozolvapen.de\/product\/puff-200k-bang-box-200k-orchard-fruit-fusion\/#primaryimage","url":"https:\/\/vozolvapen.de\/wp-content\/uploads\/2025\/12\/Puff-200k-Bang-Box-200k-Double-AppleSour-Apple-RaspberryBlackberry-IcePineapple-Peach-2.webp","contentUrl":"https:\/\/vozolvapen.de\/wp-content\/uploads\/2025\/12\/Puff-200k-Bang-Box-200k-Double-AppleSour-Apple-RaspberryBlackberry-IcePineapple-Peach-2.webp","width":1200,"height":1200,"caption":"Puff 200k Bang Box 200k - Double Apple+Sour Apple Raspberry+Blackberry Ice+Pineapple Peach (2)"},{"@type":"BreadcrumbList","@id":"https:\/\/vozolvapen.de\/product\/puff-200k-bang-box-200k-orchard-fruit-fusion\/#breadcrumb","itemListElement":[{"@type":"ListItem","position":1,"name":"Home","item":"https:\/\/vozolvapen.de\/de\/"},{"@type":"ListItem","position":2,"name":"Shop","item":"https:\/\/vozolvapen.de\/shop\/"},{"@type":"ListItem","position":3,"name":"Puff 200k Bang Box 200k &#8211; Orchard Fruit Fusion"}]},{"@type":"WebSite","@id":"https:\/\/vozolvapen.de\/#website","url":"https:\/\/vozolvapen.de\/","name":"vozolvapen","description":"vozolvapen","publisher":{"@id":"https:\/\/vozolvapen.de\/#organization"},"potentialAction":[{"@type":"SearchAction","target":{"@type":"EntryPoint","urlTemplate":"https:\/\/vozolvapen.de\/?s={search_term_string}"},"query-input":{"@type":"PropertyValueSpecification","valueRequired":true,"valueName":"search_term_string"}}],"inLanguage":"pl-PL"},{"@type":"Organization","@id":"https:\/\/vozolvapen.de\/#organization","name":"vozolvapen","url":"https:\/\/vozolvapen.de\/","logo":{"@type":"ImageObject","inLanguage":"pl-PL","@id":"https:\/\/vozolvapen.de\/#\/schema\/logo\/image\/","url":"https:\/\/vozolvapen.de\/wp-content\/uploads\/2025\/12\/cropped-vozovapen-logo.webp","contentUrl":"https:\/\/vozolvapen.de\/wp-content\/uploads\/2025\/12\/cropped-vozovapen-logo.webp","width":470,"height":110,"caption":"vozolvapen"},"image":{"@id":"https:\/\/vozolvapen.de\/#\/schema\/logo\/image\/"}}]}},"tiered_pricing_type":"fixed","tiered_pricing_fixed_rules":{"30":"14.3","50":"12.3","100":"11.3","200":"10.8"},"tiered_pricing_product_settings":{"layout":"default","base_unit_name":{"singular":null,"plural":null},"default_variation":{}},"tiered_pricing_minimum_quantity":10,"tiered_pricing_roles_data":[],"tiered_pricing_percentage_rules":[],"tiered_pricing_maximum_quantity":null,"tiered_pricing_quantity_step":"10","_links":{"self":[{"href":"http:\/\/vozolvapen.de\/pl\/wp-json\/wp\/v2\/product\/45566","targetHints":{"allow":["GET"]}}],"collection":[{"href":"http:\/\/vozolvapen.de\/pl\/wp-json\/wp\/v2\/product"}],"about":[{"href":"http:\/\/vozolvapen.de\/pl\/wp-json\/wp\/v2\/types\/product"}],"replies":[{"embeddable":true,"href":"http:\/\/vozolvapen.de\/pl\/wp-json\/wp\/v2\/comments?post=45566"}],"wp:featuredmedia":[{"embeddable":true,"href":"http:\/\/vozolvapen.de\/pl\/wp-json\/wp\/v2\/media\/45845"}],"wp:attachment":[{"href":"http:\/\/vozolvapen.de\/pl\/wp-json\/wp\/v2\/media?parent=45566"}],"wp:term":[{"taxonomy":"product_brand","embeddable":true,"href":"http:\/\/vozolvapen.de\/pl\/wp-json\/wp\/v2\/product_brand?post=45566"},{"taxonomy":"product_cat","embeddable":true,"href":"http:\/\/vozolvapen.de\/pl\/wp-json\/wp\/v2\/product_cat?post=45566"},{"taxonomy":"product_tag","embeddable":true,"href":"http:\/\/vozolvapen.de\/pl\/wp-json\/wp\/v2\/product_tag?post=45566"}],"curies":[{"name":"wp","href":"https:\/\/api.w.org\/{rel}","templated":true}]}}