{"id":45611,"date":"2025-12-28T09:22:19","date_gmt":"2025-12-28T09:22:19","guid":{"rendered":"https:\/\/vozolvapen.de\/?post_type=product&#038;p=45611"},"modified":"2025-12-30T04:18:27","modified_gmt":"2025-12-30T04:18:27","slug":"puff-200k-bang-box-200k-strawberry-pink-lemonade","status":"publish","type":"product","link":"http:\/\/vozolvapen.de\/pl\/product\/puff-200k-bang-box-200k-strawberry-pink-lemonade\/","title":{"rendered":"Puff 200k Bang Box 200k - Strawberry Pink Lemonade"},"content":{"rendered":"<h1 data-path-to-node=\"38\"><b data-path-to-node=\"38\" data-index-in-node=\"0\">Bang Box 200k Puffs 8 w 1: L\u00f3d truskawkowy, Kiwi truskawkowe, L\u00f3d malinowy, Lemoniada r\u00f3\u017cowa<\/b><\/h1>\n<p data-path-to-node=\"39\"><b data-path-to-node=\"39\" data-index-in-node=\"0\">Strawberry Lemonade Fizz:<\/b> Jasny, jagodowy zestaw z musuj\u0105cym wyko\u0144czeniem lemoniady. U\u017cywaj\u0105c <b data-path-to-node=\"39\" data-index-in-node=\"102\">Prze\u0142\u0105cznik smaku 8 w 1<\/b>, mo\u017cesz cieszy\u0107 si\u0119 klasyk\u0105 <b data-path-to-node=\"39\" data-index-in-node=\"150\">Truskawka Kiwi<\/b> lub prze\u0142\u0105czy\u0107 na ch\u0142odzenie <b data-path-to-node=\"39\" data-index-in-node=\"191\">Blue Raspberry Ice<\/b> dla od\u015bwie\u017cenia.<\/p>\n<h2 data-path-to-node=\"40\"><b data-path-to-node=\"40\" data-index-in-node=\"0\">Strawberry Fizz Deep Dive<\/b><\/h2>\n<ul data-path-to-node=\"41\">\n<li>\n<p data-path-to-node=\"41,0,0\"><b data-path-to-node=\"41,0,0\" data-index-in-node=\"0\">Tryb A - Strawberry Ice:<\/b> S\u0142odkie truskawki z mro\u017an\u0105 nut\u0105.<\/p>\n<\/li>\n<li>\n<p data-path-to-node=\"41,1,0\"><b data-path-to-node=\"41,1,0\" data-index-in-node=\"0\">Mode B - Strawberry Kiwi:<\/b> Klasyczny duet s\u0142odkich i cierpkich owoc\u00f3w.<\/p>\n<\/li>\n<li>\n<p data-path-to-node=\"41,2,0\"><b data-path-to-node=\"41,2,0\" data-index-in-node=\"0\">Mode C - Blue Raspberry Ice:<\/b> Elektrycznie niebieska malina z zimnym wydechem.<\/p>\n<\/li>\n<li>\n<p data-path-to-node=\"41,3,0\"><b data-path-to-node=\"41,3,0\" data-index-in-node=\"0\">Mode D - Pink Lemonade:<\/b> Pikantna, gazowana i lekko s\u0142odka lemoniada.<\/p>\n<\/li>\n<li>\n<p data-path-to-node=\"41,4,0\"><b data-path-to-node=\"41,4,0\" data-index-in-node=\"0\">Tryb E-H (tryby Combo):<\/b> Orze\u017awiaj\u0105ce mieszanki, takie jak <i data-path-to-node=\"41,4,0\" data-index-in-node=\"46\">Berry-Lemonade<\/i> oraz <i data-path-to-node=\"41,4,0\" data-index-in-node=\"65\">Strawberry-Blue-Razz<\/i>.<\/p>\n<\/li>\n<\/ul>\n<h2 data-path-to-node=\"18\"><b data-path-to-node=\"18\" data-index-in-node=\"0\">Dla kogo przeznaczony jest ten smak?<\/b><\/h2>\n<ul data-path-to-node=\"19\">\n<li>\n<p data-path-to-node=\"19,0,0\"><b data-path-to-node=\"19,0,0\" data-index-in-node=\"0\">The Summer Dreamer:<\/b> Je\u015bli pragniesz musuj\u0105cego, gazowanego uczucia zimnej lemoniady w upalny dzie\u0144, ten zestaw zapewni Ci t\u0119 s\u0142oneczn\u0105 atmosfer\u0119.<\/p>\n<\/li>\n<li>\n<p data-path-to-node=\"19,1,0\"><b data-path-to-node=\"19,1,0\" data-index-in-node=\"0\">The Smooth Hitter:<\/b> Truskawka i kiwi zapewniaj\u0105 jeden z naj\u0142agodniejszych i najbardziej zr\u00f3wnowa\u017conych wdech\u00f3w. <b data-path-to-node=\"19,1,0\" data-index-in-node=\"98\">Bang Box 200k<\/b> sk\u0142ad.<\/p>\n<\/li>\n<\/ul>\n<h2 data-path-to-node=\"60\">Specyfikacja rdzenia Puff 200k Bang Box 200k<\/h2>\n<table data-path-to-node=\"4\">\n<thead>\n<tr>\n<td><strong>Funkcja innowacji<\/strong><\/td>\n<td><strong>Dane techniczne Bang Box 200k<\/strong><\/td>\n<\/tr>\n<\/thead>\n<tbody>\n<tr>\n<td><span data-path-to-node=\"4,1,0,0\"><b data-path-to-node=\"4,1,0,0\" data-index-in-node=\"0\">Seria modeli<\/b><\/span><\/td>\n<td><span data-path-to-node=\"4,1,1,0\">Puff 200k Bang Box 200k<\/span><\/td>\n<\/tr>\n<tr>\n<td><span data-path-to-node=\"4,2,0,0\"><b data-path-to-node=\"4,2,0,0\" data-index-in-node=\"0\">Flavor Logic<\/b><\/span><\/td>\n<td><span data-path-to-node=\"4,2,1,0\"><b data-path-to-node=\"4,2,1,0\" data-index-in-node=\"0\">System 8 w 1 (4 tryby Pure + 4 tryby hybrydowe)<\/b><\/span><\/td>\n<\/tr>\n<tr>\n<td><span data-path-to-node=\"4,3,0,0\"><b data-path-to-node=\"4,3,0,0\" data-index-in-node=\"0\">Typ wy\u015bwietlacza<\/b><\/span><\/td>\n<td><span data-path-to-node=\"4,3,1,0\">Zintegrowana inteligentna dioda LED (paliwo i zasilanie)<\/span><\/td>\n<\/tr>\n<tr>\n<td><span data-path-to-node=\"4,4,0,0\"><b data-path-to-node=\"4,4,0,0\" data-index-in-node=\"0\">Rdze\u0144 grzewczy<\/b><\/span><\/td>\n<td><span data-path-to-node=\"4,4,1,0\">Siatkowa cewka o wysokiej g\u0119sto\u015bci 1,0\u03a9<\/span><\/td>\n<\/tr>\n<tr>\n<td><span data-path-to-node=\"4,5,0,0\"><b data-path-to-node=\"4,5,0,0\" data-index-in-node=\"0\">Konstrukcja przep\u0142ywu powietrza<\/b><\/span><\/td>\n<td><span data-path-to-node=\"4,5,1,0\">Zoptymalizowany pod k\u0105tem bogatej produkcji pary<\/span><\/td>\n<\/tr>\n<tr>\n<td><span data-path-to-node=\"4,6,0,0\"><b data-path-to-node=\"4,6,0,0\" data-index-in-node=\"0\">Puff Rating<\/b><\/span><\/td>\n<td><span data-path-to-node=\"4,6,1,0\">Do 200 000 zaci\u0105gni\u0119\u0107<\/span><\/td>\n<\/tr>\n<tr>\n<td><span data-path-to-node=\"4,7,0,0\"><b data-path-to-node=\"4,7,0,0\" data-index-in-node=\"0\">Kontrola<\/b><\/span><\/td>\n<td><span data-path-to-node=\"4,7,1,0\">Intuicyjny mechanizm prze\u0142\u0105czania smak\u00f3w<\/span><\/td>\n<\/tr>\n<\/tbody>\n<\/table>\n<h3 dir=\"auto\">Oto dalsze zalecenia dla Ciebie:<\/h3>\n<p dir=\"auto\">Odkryj jeszcze wi\u0119cej niesamowitych smak\u00f3w dzi\u0119ki Puff 200k Bang Box 200k Vape!<\/p>\n<p dir=\"auto\"><a href=\"https:\/\/vozolvapen.de\/pl\/product-category\/bang-vape\/puff-200k-bang-box-200k-8-in-1\/\" target=\"_blank\" rel=\"noopener noreferrer nofollow\">Zobacz wszystkie odmiany tutaj \u2192<\/a><\/p>\n<p dir=\"auto\">Zapoznaj si\u0119 z nasz\u0105 pe\u0142n\u0105 kolekcj\u0105 i kupuj produkty najlepszych marek vape, kt\u00f3re pokochasz.<\/p>\n<p dir=\"auto\"><a href=\"https:\/\/vozolvapen.de\/pl\/\" target=\"_blank\" rel=\"noopener noreferrer nofollow\">Przegl\u0105daj teraz wszystkie marki \u2192<\/a><\/p>\n<p dir=\"auto\">Sprawd\u017a ca\u0142\u0105 seri\u0119 Bang Vape - ka\u017cdy smak, ka\u017cdy styl!<\/p>\n<p dir=\"auto\"><a href=\"https:\/\/vozolvapen.de\/pl\/product-category\/bang-vape\/\" target=\"_blank\" rel=\"noopener noreferrer nofollow\">Zobacz pe\u0142n\u0105 kolekcj\u0119 Bang Vape \u2192<\/a><\/p>","protected":false},"excerpt":{"rendered":"<p><b data-path-to-node=\"13\" data-index-in-node=\"0\">Summer Fizz Sensation:<\/b> Jasna i musuj\u0105ca mieszanka jag\u00f3d. To <b data-path-to-node=\"13\" data-index-in-node=\"66\">bang 200k<\/b> Zestaw zawiera ulubione przez fan\u00f3w Pink Lemonade i Strawberry Kiwi. Dzi\u0119ki 4 czystym smakom i 4 gazowanym kombinacjom jest to najbardziej wszechstronny letni vape na rynku, gotowy do dostawy w ci\u0105gu 1-3 dni z naszego magazynu w UE.<\/p>","protected":false},"featured_media":45847,"comment_status":"open","ping_status":"closed","template":"","meta":{"_acf_changed":false},"product_brand":[],"product_cat":[99],"product_tag":[],"class_list":{"0":"post-45611","1":"product","2":"type-product","3":"status-publish","4":"has-post-thumbnail","6":"product_cat-puff-200k-bang-box-200k-8-in-1","8":"first","9":"instock","10":"shipping-taxable","11":"purchasable","12":"product-type-variable"},"acf":[],"yoast_head":"<!-- This site is optimized with the Yoast SEO Premium plugin v26.1 (Yoast SEO v27.5) - https:\/\/yoast.com\/product\/yoast-seo-premium-wordpress\/ -->\n<title>Puff 200k Bang Box Strawberry Kiwi &amp; Pink Lemonade - vozolvapen<\/title>\n<meta name=\"description\" content=\"Zesty Pink Lemonade meets sweet Strawberry Kiwi. Monitor your fuel on the Smart LED screen while enjoying the ultimate berry lemonade mix.\" \/>\n<meta name=\"robots\" content=\"index, follow, max-snippet:-1, max-image-preview:large, max-video-preview:-1\" \/>\n<link rel=\"canonical\" href=\"https:\/\/vozolvapen.de\/pl\/product\/puff-200k-bang-box-200k-strawberry-pink-lemonade\/\" \/>\n<meta property=\"og:locale\" content=\"pl_PL\" \/>\n<meta property=\"og:type\" content=\"article\" \/>\n<meta property=\"og:title\" content=\"Puff 200k Bang Box 200k - Strawberry Pink Lemonade\" \/>\n<meta property=\"og:description\" content=\"Zesty Pink Lemonade meets sweet Strawberry Kiwi. Monitor your fuel on the Smart LED screen while enjoying the ultimate berry lemonade mix.\" \/>\n<meta property=\"og:url\" content=\"https:\/\/vozolvapen.de\/pl\/product\/puff-200k-bang-box-200k-strawberry-pink-lemonade\/\" \/>\n<meta property=\"og:site_name\" content=\"vozolvapen\" \/>\n<meta property=\"article:modified_time\" content=\"2025-12-30T04:18:27+00:00\" \/>\n<meta property=\"og:image\" content=\"https:\/\/vozolvapen.de\/wp-content\/uploads\/2025\/12\/Puff-200k-Bang-Box-200k-Strawberry-IceStrawberry-KiwiBlue-Raspberry-IcePink-Lemonade-2.webp\" \/>\n\t<meta property=\"og:image:width\" content=\"1200\" \/>\n\t<meta property=\"og:image:height\" content=\"1200\" \/>\n\t<meta property=\"og:image:type\" content=\"image\/webp\" \/>\n<meta name=\"twitter:card\" content=\"summary_large_image\" \/>\n<meta name=\"twitter:label1\" content=\"Szacowany czas czytania\" \/>\n\t<meta name=\"twitter:data1\" content=\"2 minuty\" \/>\n<script type=\"application\/ld+json\" class=\"yoast-schema-graph\">{\"@context\":\"https:\\\/\\\/schema.org\",\"@graph\":[{\"@type\":\"WebPage\",\"@id\":\"https:\\\/\\\/vozolvapen.de\\\/product\\\/puff-200k-bang-box-200k-strawberry-pink-lemonade\\\/\",\"url\":\"https:\\\/\\\/vozolvapen.de\\\/product\\\/puff-200k-bang-box-200k-strawberry-pink-lemonade\\\/\",\"name\":\"Puff 200k Bang Box Strawberry Kiwi & Pink Lemonade - vozolvapen\",\"isPartOf\":{\"@id\":\"https:\\\/\\\/vozolvapen.de\\\/#website\"},\"primaryImageOfPage\":{\"@id\":\"https:\\\/\\\/vozolvapen.de\\\/product\\\/puff-200k-bang-box-200k-strawberry-pink-lemonade\\\/#primaryimage\"},\"image\":{\"@id\":\"https:\\\/\\\/vozolvapen.de\\\/product\\\/puff-200k-bang-box-200k-strawberry-pink-lemonade\\\/#primaryimage\"},\"thumbnailUrl\":\"https:\\\/\\\/vozolvapen.de\\\/wp-content\\\/uploads\\\/2025\\\/12\\\/Puff-200k-Bang-Box-200k-Strawberry-IceStrawberry-KiwiBlue-Raspberry-IcePink-Lemonade-2.webp\",\"datePublished\":\"2025-12-28T09:22:19+00:00\",\"dateModified\":\"2025-12-30T04:18:27+00:00\",\"description\":\"Zesty Pink Lemonade meets sweet Strawberry Kiwi. Monitor your fuel on the Smart LED screen while enjoying the ultimate berry lemonade mix.\",\"breadcrumb\":{\"@id\":\"https:\\\/\\\/vozolvapen.de\\\/product\\\/puff-200k-bang-box-200k-strawberry-pink-lemonade\\\/#breadcrumb\"},\"inLanguage\":\"pl-PL\",\"potentialAction\":[{\"@type\":\"ReadAction\",\"target\":[\"https:\\\/\\\/vozolvapen.de\\\/product\\\/puff-200k-bang-box-200k-strawberry-pink-lemonade\\\/\"]}]},{\"@type\":\"ImageObject\",\"inLanguage\":\"pl-PL\",\"@id\":\"https:\\\/\\\/vozolvapen.de\\\/product\\\/puff-200k-bang-box-200k-strawberry-pink-lemonade\\\/#primaryimage\",\"url\":\"https:\\\/\\\/vozolvapen.de\\\/wp-content\\\/uploads\\\/2025\\\/12\\\/Puff-200k-Bang-Box-200k-Strawberry-IceStrawberry-KiwiBlue-Raspberry-IcePink-Lemonade-2.webp\",\"contentUrl\":\"https:\\\/\\\/vozolvapen.de\\\/wp-content\\\/uploads\\\/2025\\\/12\\\/Puff-200k-Bang-Box-200k-Strawberry-IceStrawberry-KiwiBlue-Raspberry-IcePink-Lemonade-2.webp\",\"width\":1200,\"height\":1200,\"caption\":\"Puff 200k Bang Box 200k - Strawberry Ice+Strawberry Kiwi+Blue Raspberry Ice+Pink Lemonade (2)\"},{\"@type\":\"BreadcrumbList\",\"@id\":\"https:\\\/\\\/vozolvapen.de\\\/product\\\/puff-200k-bang-box-200k-strawberry-pink-lemonade\\\/#breadcrumb\",\"itemListElement\":[{\"@type\":\"ListItem\",\"position\":1,\"name\":\"Home\",\"item\":\"https:\\\/\\\/vozolvapen.de\\\/de\\\/\"},{\"@type\":\"ListItem\",\"position\":2,\"name\":\"Shop\",\"item\":\"https:\\\/\\\/vozolvapen.de\\\/shop\\\/\"},{\"@type\":\"ListItem\",\"position\":3,\"name\":\"Puff 200k Bang Box 200k &#8211; Strawberry Pink Lemonade\"}]},{\"@type\":\"WebSite\",\"@id\":\"https:\\\/\\\/vozolvapen.de\\\/#website\",\"url\":\"https:\\\/\\\/vozolvapen.de\\\/\",\"name\":\"vozolvapen\",\"description\":\"vozolvapen\",\"publisher\":{\"@id\":\"https:\\\/\\\/vozolvapen.de\\\/#organization\"},\"potentialAction\":[{\"@type\":\"SearchAction\",\"target\":{\"@type\":\"EntryPoint\",\"urlTemplate\":\"https:\\\/\\\/vozolvapen.de\\\/?s={search_term_string}\"},\"query-input\":{\"@type\":\"PropertyValueSpecification\",\"valueRequired\":true,\"valueName\":\"search_term_string\"}}],\"inLanguage\":\"pl-PL\"},{\"@type\":\"Organization\",\"@id\":\"https:\\\/\\\/vozolvapen.de\\\/#organization\",\"name\":\"vozolvapen\",\"url\":\"https:\\\/\\\/vozolvapen.de\\\/\",\"logo\":{\"@type\":\"ImageObject\",\"inLanguage\":\"pl-PL\",\"@id\":\"https:\\\/\\\/vozolvapen.de\\\/#\\\/schema\\\/logo\\\/image\\\/\",\"url\":\"https:\\\/\\\/vozolvapen.de\\\/wp-content\\\/uploads\\\/2025\\\/12\\\/cropped-vozovapen-logo.webp\",\"contentUrl\":\"https:\\\/\\\/vozolvapen.de\\\/wp-content\\\/uploads\\\/2025\\\/12\\\/cropped-vozovapen-logo.webp\",\"width\":470,\"height\":110,\"caption\":\"vozolvapen\"},\"image\":{\"@id\":\"https:\\\/\\\/vozolvapen.de\\\/#\\\/schema\\\/logo\\\/image\\\/\"}}]}<\/script>\n<!-- \/ Yoast SEO Premium plugin. -->","yoast_head_json":{"title":"Puff 200k Bang Box Strawberry Kiwi &amp; Pink Lemonade - vozolvapen","description":"Smakowita r\u00f3\u017cowa lemoniada \u0142\u0105czy si\u0119 ze s\u0142odk\u0105 truskawk\u0105 kiwi. Monitoruj zu\u017cycie paliwa na inteligentnym ekranie LED, delektuj\u0105c si\u0119 doskona\u0142\u0105 mieszank\u0105 lemoniady jagodowej.","robots":{"index":"index","follow":"follow","max-snippet":"max-snippet:-1","max-image-preview":"max-image-preview:large","max-video-preview":"max-video-preview:-1"},"canonical":"https:\/\/vozolvapen.de\/pl\/product\/puff-200k-bang-box-200k-strawberry-pink-lemonade\/","og_locale":"pl_PL","og_type":"article","og_title":"Puff 200k Bang Box 200k - Strawberry Pink Lemonade","og_description":"Zesty Pink Lemonade meets sweet Strawberry Kiwi. Monitor your fuel on the Smart LED screen while enjoying the ultimate berry lemonade mix.","og_url":"https:\/\/vozolvapen.de\/pl\/product\/puff-200k-bang-box-200k-strawberry-pink-lemonade\/","og_site_name":"vozolvapen","article_modified_time":"2025-12-30T04:18:27+00:00","og_image":[{"width":1200,"height":1200,"url":"https:\/\/vozolvapen.de\/wp-content\/uploads\/2025\/12\/Puff-200k-Bang-Box-200k-Strawberry-IceStrawberry-KiwiBlue-Raspberry-IcePink-Lemonade-2.webp","type":"image\/webp"}],"twitter_card":"summary_large_image","twitter_misc":{"Szacowany czas czytania":"2 minuty"},"schema":{"@context":"https:\/\/schema.org","@graph":[{"@type":"WebPage","@id":"https:\/\/vozolvapen.de\/product\/puff-200k-bang-box-200k-strawberry-pink-lemonade\/","url":"https:\/\/vozolvapen.de\/product\/puff-200k-bang-box-200k-strawberry-pink-lemonade\/","name":"Puff 200k Bang Box Strawberry Kiwi &amp; Pink Lemonade - vozolvapen","isPartOf":{"@id":"https:\/\/vozolvapen.de\/#website"},"primaryImageOfPage":{"@id":"https:\/\/vozolvapen.de\/product\/puff-200k-bang-box-200k-strawberry-pink-lemonade\/#primaryimage"},"image":{"@id":"https:\/\/vozolvapen.de\/product\/puff-200k-bang-box-200k-strawberry-pink-lemonade\/#primaryimage"},"thumbnailUrl":"https:\/\/vozolvapen.de\/wp-content\/uploads\/2025\/12\/Puff-200k-Bang-Box-200k-Strawberry-IceStrawberry-KiwiBlue-Raspberry-IcePink-Lemonade-2.webp","datePublished":"2025-12-28T09:22:19+00:00","dateModified":"2025-12-30T04:18:27+00:00","description":"Smakowita r\u00f3\u017cowa lemoniada \u0142\u0105czy si\u0119 ze s\u0142odk\u0105 truskawk\u0105 kiwi. Monitoruj zu\u017cycie paliwa na inteligentnym ekranie LED, delektuj\u0105c si\u0119 doskona\u0142\u0105 mieszank\u0105 lemoniady jagodowej.","breadcrumb":{"@id":"https:\/\/vozolvapen.de\/product\/puff-200k-bang-box-200k-strawberry-pink-lemonade\/#breadcrumb"},"inLanguage":"pl-PL","potentialAction":[{"@type":"ReadAction","target":["https:\/\/vozolvapen.de\/product\/puff-200k-bang-box-200k-strawberry-pink-lemonade\/"]}]},{"@type":"ImageObject","inLanguage":"pl-PL","@id":"https:\/\/vozolvapen.de\/product\/puff-200k-bang-box-200k-strawberry-pink-lemonade\/#primaryimage","url":"https:\/\/vozolvapen.de\/wp-content\/uploads\/2025\/12\/Puff-200k-Bang-Box-200k-Strawberry-IceStrawberry-KiwiBlue-Raspberry-IcePink-Lemonade-2.webp","contentUrl":"https:\/\/vozolvapen.de\/wp-content\/uploads\/2025\/12\/Puff-200k-Bang-Box-200k-Strawberry-IceStrawberry-KiwiBlue-Raspberry-IcePink-Lemonade-2.webp","width":1200,"height":1200,"caption":"Puff 200k Bang Box 200k - Strawberry Ice+Strawberry Kiwi+Blue Raspberry Ice+Pink Lemonade (2)"},{"@type":"BreadcrumbList","@id":"https:\/\/vozolvapen.de\/product\/puff-200k-bang-box-200k-strawberry-pink-lemonade\/#breadcrumb","itemListElement":[{"@type":"ListItem","position":1,"name":"Home","item":"https:\/\/vozolvapen.de\/de\/"},{"@type":"ListItem","position":2,"name":"Shop","item":"https:\/\/vozolvapen.de\/shop\/"},{"@type":"ListItem","position":3,"name":"Puff 200k Bang Box 200k &#8211; Strawberry Pink Lemonade"}]},{"@type":"WebSite","@id":"https:\/\/vozolvapen.de\/#website","url":"https:\/\/vozolvapen.de\/","name":"vozolvapen","description":"vozolvapen","publisher":{"@id":"https:\/\/vozolvapen.de\/#organization"},"potentialAction":[{"@type":"SearchAction","target":{"@type":"EntryPoint","urlTemplate":"https:\/\/vozolvapen.de\/?s={search_term_string}"},"query-input":{"@type":"PropertyValueSpecification","valueRequired":true,"valueName":"search_term_string"}}],"inLanguage":"pl-PL"},{"@type":"Organization","@id":"https:\/\/vozolvapen.de\/#organization","name":"vozolvapen","url":"https:\/\/vozolvapen.de\/","logo":{"@type":"ImageObject","inLanguage":"pl-PL","@id":"https:\/\/vozolvapen.de\/#\/schema\/logo\/image\/","url":"https:\/\/vozolvapen.de\/wp-content\/uploads\/2025\/12\/cropped-vozovapen-logo.webp","contentUrl":"https:\/\/vozolvapen.de\/wp-content\/uploads\/2025\/12\/cropped-vozovapen-logo.webp","width":470,"height":110,"caption":"vozolvapen"},"image":{"@id":"https:\/\/vozolvapen.de\/#\/schema\/logo\/image\/"}}]}},"tiered_pricing_type":"fixed","tiered_pricing_fixed_rules":{"30":"14.3","50":"12.3","100":"11.3","200":"10.8"},"tiered_pricing_product_settings":{"layout":"default","base_unit_name":{"singular":null,"plural":null},"default_variation":{}},"tiered_pricing_minimum_quantity":10,"tiered_pricing_roles_data":[],"tiered_pricing_percentage_rules":[],"tiered_pricing_maximum_quantity":null,"tiered_pricing_quantity_step":"10","_links":{"self":[{"href":"http:\/\/vozolvapen.de\/pl\/wp-json\/wp\/v2\/product\/45611","targetHints":{"allow":["GET"]}}],"collection":[{"href":"http:\/\/vozolvapen.de\/pl\/wp-json\/wp\/v2\/product"}],"about":[{"href":"http:\/\/vozolvapen.de\/pl\/wp-json\/wp\/v2\/types\/product"}],"replies":[{"embeddable":true,"href":"http:\/\/vozolvapen.de\/pl\/wp-json\/wp\/v2\/comments?post=45611"}],"wp:featuredmedia":[{"embeddable":true,"href":"http:\/\/vozolvapen.de\/pl\/wp-json\/wp\/v2\/media\/45847"}],"wp:attachment":[{"href":"http:\/\/vozolvapen.de\/pl\/wp-json\/wp\/v2\/media?parent=45611"}],"wp:term":[{"taxonomy":"product_brand","embeddable":true,"href":"http:\/\/vozolvapen.de\/pl\/wp-json\/wp\/v2\/product_brand?post=45611"},{"taxonomy":"product_cat","embeddable":true,"href":"http:\/\/vozolvapen.de\/pl\/wp-json\/wp\/v2\/product_cat?post=45611"},{"taxonomy":"product_tag","embeddable":true,"href":"http:\/\/vozolvapen.de\/pl\/wp-json\/wp\/v2\/product_tag?post=45611"}],"curies":[{"name":"wp","href":"https:\/\/api.w.org\/{rel}","templated":true}]}}