{"id":45656,"date":"2025-12-28T09:22:21","date_gmt":"2025-12-28T09:22:21","guid":{"rendered":"https:\/\/vozolvapen.de\/?post_type=product&#038;p=45656"},"modified":"2026-03-11T09:27:47","modified_gmt":"2026-03-11T09:27:47","slug":"puff-200k-bang-box-200k-sparkling-berry-cola","status":"publish","type":"product","link":"http:\/\/vozolvapen.de\/pl\/product\/puff-200k-bang-box-200k-sparkling-berry-cola\/","title":{"rendered":"Puff 200k Bang Box 200k - Sparkling Berry Cola"},"content":{"rendered":"<h1 data-path-to-node=\"43\"><b data-path-to-node=\"43\" data-index-in-node=\"0\">Bang Box 200k Puffs 8 w 1: Cherry Cola, Blueberry Cherry, Cranberry, Strawberry Raspberry<\/b><\/h1>\n<p data-path-to-node=\"44\"><b data-path-to-node=\"44\" data-index-in-node=\"0\">Sparkling Berry Soda:<\/b> Ten zestaw oddaje musowanie zimnego napoju gazowanego zmieszanego z ciemnymi, cierpkimi jagodami. Zestaw <b data-path-to-node=\"44\" data-index-in-node=\"112\">Puff 200k<\/b> Siatkowa cewka 1,0\u03a9 doskonale podkre\u015bla pikantne nuty tytoniu <b data-path-to-node=\"44\" data-index-in-node=\"177\">Cherry Cola<\/b> obok ostro\u015bci Cranberry.<\/p>\n<h2 data-path-to-node=\"45\"><b data-path-to-node=\"45\" data-index-in-node=\"0\">The Berry Soda Deep Dive<\/b><\/h2>\n<ul data-path-to-node=\"46\">\n<li>\n<p data-path-to-node=\"46,0,0\"><b data-path-to-node=\"46,0,0\" data-index-in-node=\"0\">Tryb A - Cherry Cola:<\/b> Gazowana, przyprawiona cola z wi\u015bniow\u0105 nut\u0105.<\/p>\n<\/li>\n<li>\n<p data-path-to-node=\"46,1,0\"><b data-path-to-node=\"46,1,0\" data-index-in-node=\"0\">Mode B - Blueberry Cherry:<\/b> Po\u0142\u0105czenie s\u0142odkich i ciemnych jag\u00f3d.<\/p>\n<\/li>\n<li>\n<p data-path-to-node=\"46,2,0\"><b data-path-to-node=\"46,2,0\" data-index-in-node=\"0\">Tryb C - \u017burawina:<\/b> Ostra, cierpka i autentyczna czerwona \u017curawina.<\/p>\n<\/li>\n<li>\n<p data-path-to-node=\"46,3,0\"><b data-path-to-node=\"46,3,0\" data-index-in-node=\"0\">Mode D - Strawberry Raspberry:<\/b> Klasyczna mieszanka czerwonych jag\u00f3d.<\/p>\n<\/li>\n<li>\n<p data-path-to-node=\"46,4,0\"><b data-path-to-node=\"46,4,0\" data-index-in-node=\"0\">Tryb E-H (tryby Combo):<\/b> Spr\u00f3buj <i data-path-to-node=\"46,4,0\" data-index-in-node=\"28\">Cola-Berry<\/i> oraz <i data-path-to-node=\"46,4,0\" data-index-in-node=\"43\">Triple-Berry-Fizz<\/i> kombinacje.<\/p>\n<\/li>\n<\/ul>\n<h2 data-path-to-node=\"21\"><b data-path-to-node=\"21\" data-index-in-node=\"0\">Dla kogo przeznaczony jest ten smak?<\/b><\/h2>\n<ul data-path-to-node=\"22\">\n<li>\n<p data-path-to-node=\"22,0,0\"><b data-path-to-node=\"22,0,0\" data-index-in-node=\"0\">Fanatyk napoj\u00f3w gazowanych:<\/b> Zaprojektowany specjalnie dla tych, kt\u00f3rzy chc\u0105 poczu\u0107 \u201cb\u0105belkowy\u201d smak i korzenne nuty klasycznej Cherry Coli.<\/p>\n<\/li>\n<li>\n<p data-path-to-node=\"22,1,0\"><b data-path-to-node=\"22,1,0\" data-index-in-node=\"0\">The Bold Vaper:<\/b> Idealny dla os\u00f3b, kt\u00f3re preferuj\u0105 ciemne, ci\u0119\u017ckie nuty jagodowe (takie jak \u017curawina) zamiast lekkich owoc\u00f3w tropikalnych.<\/p>\n<\/li>\n<\/ul>\n<h2 data-path-to-node=\"60\">Specyfikacja rdzenia Puff 200k Bang Box 200k<\/h2>\n<table data-path-to-node=\"8\">\n<thead>\n<tr>\n<td><strong>Parametr wytrzyma\u0142o\u015bci<\/strong><\/td>\n<td><strong>Specyfikacja wydajno\u015bci Puff 200000<\/strong><\/td>\n<\/tr>\n<\/thead>\n<tbody>\n<tr>\n<td><span data-path-to-node=\"8,1,0,0\"><b data-path-to-node=\"8,1,0,0\" data-index-in-node=\"0\">Obj\u0119to\u015b\u0107 p\u0142ynu E-Liquid<\/b><\/span><\/td>\n<td><span data-path-to-node=\"8,1,1,0\"><b data-path-to-node=\"8,1,1,0\" data-index-in-node=\"0\">Wst\u0119pnie nape\u0142niony zbiornik Mega Reservoir o pojemno\u015bci 40 ml<\/b><\/span><\/td>\n<\/tr>\n<tr>\n<td><span data-path-to-node=\"8,2,0,0\"><b data-path-to-node=\"8,2,0,0\" data-index-in-node=\"0\">Akumulator<\/b><\/span><\/td>\n<td><span data-path-to-node=\"8,2,1,0\">850mAh Pure Cobalt Lithium<\/span><\/td>\n<\/tr>\n<tr>\n<td><span data-path-to-node=\"8,3,0,0\"><b data-path-to-node=\"8,3,0,0\" data-index-in-node=\"0\">Port \u0142adowania<\/b><\/span><\/td>\n<td><span data-path-to-node=\"8,3,1,0\">Wydajne szybkie \u0142adowanie typu C<\/span><\/td>\n<\/tr>\n<tr>\n<td><span data-path-to-node=\"8,4,0,0\"><b data-path-to-node=\"8,4,0,0\" data-index-in-node=\"0\">Poziom nikotyny<\/b><\/span><\/td>\n<td><span data-path-to-node=\"8,4,1,0\">0%<\/span><\/td>\n<\/tr>\n<tr>\n<td><span data-path-to-node=\"8,5,0,0\"><b data-path-to-node=\"8,5,0,0\" data-index-in-node=\"0\">D\u0142ugowieczno\u015b\u0107<\/b><\/span><\/td>\n<td><span data-path-to-node=\"8,5,1,0\">Odpowiednik wielu standardowych urz\u0105dze\u0144<\/span><\/td>\n<\/tr>\n<tr>\n<td><span data-path-to-node=\"8,6,0,0\"><b data-path-to-node=\"8,6,0,0\" data-index-in-node=\"0\">Odporno\u015b\u0107 cewki<\/b><\/span><\/td>\n<td><span data-path-to-node=\"8,6,1,0\">1,0 Ohm (zoptymalizowany dla 200 tys. zaci\u0105gni\u0119\u0107)<\/span><\/td>\n<\/tr>\n<tr>\n<td><span data-path-to-node=\"8,7,0,0\"><b data-path-to-node=\"8,7,0,0\" data-index-in-node=\"0\">Aktualizacja statusu<\/b><\/span><\/td>\n<td><span data-path-to-node=\"8,7,1,0\">Cyfrowe \u015bledzenie baterii i e-cieczy<\/span><\/td>\n<\/tr>\n<\/tbody>\n<\/table>\n<h3 dir=\"auto\">Oto dalsze zalecenia dla Ciebie:<\/h3>\n<p dir=\"auto\">Odkryj jeszcze wi\u0119cej niesamowitych smak\u00f3w dzi\u0119ki Puff 200k Bang Box 200k Vape!<\/p>\n<p dir=\"auto\"><a href=\"https:\/\/vozolvapen.de\/pl\/product-category\/bang-vape\/puff-200k-bang-box-200k-8-in-1\/\" target=\"_blank\" rel=\"noopener noreferrer nofollow\">Zobacz wszystkie odmiany tutaj \u2192<\/a><\/p>\n<p dir=\"auto\">Zapoznaj si\u0119 z nasz\u0105 pe\u0142n\u0105 kolekcj\u0105 i kupuj produkty najlepszych marek vape, kt\u00f3re pokochasz.<\/p>\n<p dir=\"auto\"><a href=\"https:\/\/vozolvapen.de\/pl\/\" target=\"_blank\" rel=\"noopener noreferrer nofollow\">Przegl\u0105daj teraz wszystkie marki \u2192<\/a><\/p>\n<p dir=\"auto\">Sprawd\u017a ca\u0142\u0105 seri\u0119 Bang Vape - ka\u017cdy smak, ka\u017cdy styl!<\/p>\n<p dir=\"auto\"><a href=\"https:\/\/vozolvapen.de\/pl\/product-category\/bang-vape\/\" target=\"_blank\" rel=\"noopener noreferrer nofollow\">Zobacz pe\u0142n\u0105 kolekcj\u0119 Bang Vape \u2192<\/a><\/p>","protected":false},"excerpt":{"rendered":"<p><b data-path-to-node=\"15\" data-index-in-node=\"0\">Sparkling Soda Fusion:<\/b> Poczuj musowanie Cherry Coli zmieszanej z cierpkimi czerwonymi jagodami. The <b data-path-to-node=\"15\" data-index-in-node=\"104\">Puff 200000<\/b> Edycja Soda wykorzystuje zaawansowan\u0105 technologi\u0119 cewki siatkowej, aby odtworzy\u0107 \u201cmusowanie\u201d zimnego napoju. Osiem r\u00f3\u017cnych tryb\u00f3w zapewnia pe\u0142n\u0105 kontrol\u0119 nad stosunkiem sody do owoc\u00f3w.<\/p>","protected":false},"featured_media":45849,"comment_status":"open","ping_status":"closed","template":"","meta":{"_acf_changed":false},"product_brand":[],"product_cat":[99],"product_tag":[],"class_list":{"0":"post-45656","1":"product","2":"type-product","3":"status-publish","4":"has-post-thumbnail","6":"product_cat-puff-200k-bang-box-200k-8-in-1","8":"first","9":"instock","10":"shipping-taxable","11":"purchasable","12":"product-type-variable"},"acf":[],"yoast_head":"<!-- This site is optimized with the Yoast SEO Premium plugin v26.1 (Yoast SEO v27.5) - https:\/\/yoast.com\/product\/yoast-seo-premium-wordpress\/ -->\n<title>Bang Box 200k Puffs Cherry Cola &amp; Cranberry 8-in-1 - vozolvapen<\/title>\n<meta name=\"description\" content=\"A fizzy soda sensation. This Puff 200000 vape delivers the perfect balance of Cherry Cola and tart Cranberry through its 8-in-1 mode.\" \/>\n<meta name=\"robots\" content=\"index, follow, max-snippet:-1, max-image-preview:large, max-video-preview:-1\" \/>\n<link rel=\"canonical\" href=\"https:\/\/vozolvapen.de\/pl\/product\/puff-200k-bang-box-200k-sparkling-berry-cola\/\" \/>\n<meta property=\"og:locale\" content=\"pl_PL\" \/>\n<meta property=\"og:type\" content=\"article\" \/>\n<meta property=\"og:title\" content=\"Puff 200k Bang Box 200k - Sparkling Berry Cola\" \/>\n<meta property=\"og:description\" content=\"A fizzy soda sensation. This Puff 200000 vape delivers the perfect balance of Cherry Cola and tart Cranberry through its 8-in-1 mode.\" \/>\n<meta property=\"og:url\" content=\"https:\/\/vozolvapen.de\/pl\/product\/puff-200k-bang-box-200k-sparkling-berry-cola\/\" \/>\n<meta property=\"og:site_name\" content=\"vozolvapen\" \/>\n<meta property=\"article:modified_time\" content=\"2026-03-11T09:27:47+00:00\" \/>\n<meta property=\"og:image\" content=\"https:\/\/vozolvapen.de\/wp-content\/uploads\/2025\/12\/Puff-200k-Bang-Box-200k-Cherry-ColaBlueberry-CherryCranberryStrawberry-Raspberry-2.webp\" \/>\n\t<meta property=\"og:image:width\" content=\"1200\" \/>\n\t<meta property=\"og:image:height\" content=\"1200\" \/>\n\t<meta property=\"og:image:type\" content=\"image\/webp\" \/>\n<meta name=\"twitter:card\" content=\"summary_large_image\" \/>\n<meta name=\"twitter:label1\" content=\"Szacowany czas czytania\" \/>\n\t<meta name=\"twitter:data1\" content=\"2 minuty\" \/>\n<script type=\"application\/ld+json\" class=\"yoast-schema-graph\">{\"@context\":\"https:\\\/\\\/schema.org\",\"@graph\":[{\"@type\":\"WebPage\",\"@id\":\"https:\\\/\\\/vozolvapen.de\\\/product\\\/puff-200k-bang-box-200k-sparkling-berry-cola\\\/\",\"url\":\"https:\\\/\\\/vozolvapen.de\\\/product\\\/puff-200k-bang-box-200k-sparkling-berry-cola\\\/\",\"name\":\"Bang Box 200k Puffs Cherry Cola & Cranberry 8-in-1 - vozolvapen\",\"isPartOf\":{\"@id\":\"https:\\\/\\\/vozolvapen.de\\\/#website\"},\"primaryImageOfPage\":{\"@id\":\"https:\\\/\\\/vozolvapen.de\\\/product\\\/puff-200k-bang-box-200k-sparkling-berry-cola\\\/#primaryimage\"},\"image\":{\"@id\":\"https:\\\/\\\/vozolvapen.de\\\/product\\\/puff-200k-bang-box-200k-sparkling-berry-cola\\\/#primaryimage\"},\"thumbnailUrl\":\"https:\\\/\\\/vozolvapen.de\\\/wp-content\\\/uploads\\\/2025\\\/12\\\/Puff-200k-Bang-Box-200k-Cherry-ColaBlueberry-CherryCranberryStrawberry-Raspberry-2.webp\",\"datePublished\":\"2025-12-28T09:22:21+00:00\",\"dateModified\":\"2026-03-11T09:27:47+00:00\",\"description\":\"A fizzy soda sensation. This Puff 200000 vape delivers the perfect balance of Cherry Cola and tart Cranberry through its 8-in-1 mode.\",\"breadcrumb\":{\"@id\":\"https:\\\/\\\/vozolvapen.de\\\/product\\\/puff-200k-bang-box-200k-sparkling-berry-cola\\\/#breadcrumb\"},\"inLanguage\":\"pl-PL\",\"potentialAction\":[{\"@type\":\"ReadAction\",\"target\":[\"https:\\\/\\\/vozolvapen.de\\\/product\\\/puff-200k-bang-box-200k-sparkling-berry-cola\\\/\"]}]},{\"@type\":\"ImageObject\",\"inLanguage\":\"pl-PL\",\"@id\":\"https:\\\/\\\/vozolvapen.de\\\/product\\\/puff-200k-bang-box-200k-sparkling-berry-cola\\\/#primaryimage\",\"url\":\"https:\\\/\\\/vozolvapen.de\\\/wp-content\\\/uploads\\\/2025\\\/12\\\/Puff-200k-Bang-Box-200k-Cherry-ColaBlueberry-CherryCranberryStrawberry-Raspberry-2.webp\",\"contentUrl\":\"https:\\\/\\\/vozolvapen.de\\\/wp-content\\\/uploads\\\/2025\\\/12\\\/Puff-200k-Bang-Box-200k-Cherry-ColaBlueberry-CherryCranberryStrawberry-Raspberry-2.webp\",\"width\":1200,\"height\":1200,\"caption\":\"Puff 200k Bang Box 200k - Cherry Cola+Blueberry Cherry+Cranberry+Strawberry Raspberry (2)\"},{\"@type\":\"BreadcrumbList\",\"@id\":\"https:\\\/\\\/vozolvapen.de\\\/product\\\/puff-200k-bang-box-200k-sparkling-berry-cola\\\/#breadcrumb\",\"itemListElement\":[{\"@type\":\"ListItem\",\"position\":1,\"name\":\"Home\",\"item\":\"https:\\\/\\\/vozolvapen.de\\\/de\\\/\"},{\"@type\":\"ListItem\",\"position\":2,\"name\":\"Shop\",\"item\":\"https:\\\/\\\/vozolvapen.de\\\/shop\\\/\"},{\"@type\":\"ListItem\",\"position\":3,\"name\":\"Puff 200k Bang Box 200k &#8211; Sparkling Berry Cola\"}]},{\"@type\":\"WebSite\",\"@id\":\"https:\\\/\\\/vozolvapen.de\\\/#website\",\"url\":\"https:\\\/\\\/vozolvapen.de\\\/\",\"name\":\"vozolvapen\",\"description\":\"vozolvapen\",\"publisher\":{\"@id\":\"https:\\\/\\\/vozolvapen.de\\\/#organization\"},\"potentialAction\":[{\"@type\":\"SearchAction\",\"target\":{\"@type\":\"EntryPoint\",\"urlTemplate\":\"https:\\\/\\\/vozolvapen.de\\\/?s={search_term_string}\"},\"query-input\":{\"@type\":\"PropertyValueSpecification\",\"valueRequired\":true,\"valueName\":\"search_term_string\"}}],\"inLanguage\":\"pl-PL\"},{\"@type\":\"Organization\",\"@id\":\"https:\\\/\\\/vozolvapen.de\\\/#organization\",\"name\":\"vozolvapen\",\"url\":\"https:\\\/\\\/vozolvapen.de\\\/\",\"logo\":{\"@type\":\"ImageObject\",\"inLanguage\":\"pl-PL\",\"@id\":\"https:\\\/\\\/vozolvapen.de\\\/#\\\/schema\\\/logo\\\/image\\\/\",\"url\":\"https:\\\/\\\/vozolvapen.de\\\/wp-content\\\/uploads\\\/2025\\\/12\\\/cropped-vozovapen-logo.webp\",\"contentUrl\":\"https:\\\/\\\/vozolvapen.de\\\/wp-content\\\/uploads\\\/2025\\\/12\\\/cropped-vozovapen-logo.webp\",\"width\":470,\"height\":110,\"caption\":\"vozolvapen\"},\"image\":{\"@id\":\"https:\\\/\\\/vozolvapen.de\\\/#\\\/schema\\\/logo\\\/image\\\/\"}}]}<\/script>\n<!-- \/ Yoast SEO Premium plugin. -->","yoast_head_json":{"title":"Bang Box 200k Puffs Cherry Cola &amp; Cranberry 8 w 1 - vozolvapen","description":"Gazowany nap\u00f3j gazowany. Ten vape Puff 200000 zapewnia idealn\u0105 r\u00f3wnowag\u0119 Cherry Cola i cierpkiej \u017curawiny dzi\u0119ki trybowi 8 w 1.","robots":{"index":"index","follow":"follow","max-snippet":"max-snippet:-1","max-image-preview":"max-image-preview:large","max-video-preview":"max-video-preview:-1"},"canonical":"https:\/\/vozolvapen.de\/pl\/product\/puff-200k-bang-box-200k-sparkling-berry-cola\/","og_locale":"pl_PL","og_type":"article","og_title":"Puff 200k Bang Box 200k - Sparkling Berry Cola","og_description":"A fizzy soda sensation. This Puff 200000 vape delivers the perfect balance of Cherry Cola and tart Cranberry through its 8-in-1 mode.","og_url":"https:\/\/vozolvapen.de\/pl\/product\/puff-200k-bang-box-200k-sparkling-berry-cola\/","og_site_name":"vozolvapen","article_modified_time":"2026-03-11T09:27:47+00:00","og_image":[{"width":1200,"height":1200,"url":"https:\/\/vozolvapen.de\/wp-content\/uploads\/2025\/12\/Puff-200k-Bang-Box-200k-Cherry-ColaBlueberry-CherryCranberryStrawberry-Raspberry-2.webp","type":"image\/webp"}],"twitter_card":"summary_large_image","twitter_misc":{"Szacowany czas czytania":"2 minuty"},"schema":{"@context":"https:\/\/schema.org","@graph":[{"@type":"WebPage","@id":"https:\/\/vozolvapen.de\/product\/puff-200k-bang-box-200k-sparkling-berry-cola\/","url":"https:\/\/vozolvapen.de\/product\/puff-200k-bang-box-200k-sparkling-berry-cola\/","name":"Bang Box 200k Puffs Cherry Cola &amp; Cranberry 8 w 1 - vozolvapen","isPartOf":{"@id":"https:\/\/vozolvapen.de\/#website"},"primaryImageOfPage":{"@id":"https:\/\/vozolvapen.de\/product\/puff-200k-bang-box-200k-sparkling-berry-cola\/#primaryimage"},"image":{"@id":"https:\/\/vozolvapen.de\/product\/puff-200k-bang-box-200k-sparkling-berry-cola\/#primaryimage"},"thumbnailUrl":"https:\/\/vozolvapen.de\/wp-content\/uploads\/2025\/12\/Puff-200k-Bang-Box-200k-Cherry-ColaBlueberry-CherryCranberryStrawberry-Raspberry-2.webp","datePublished":"2025-12-28T09:22:21+00:00","dateModified":"2026-03-11T09:27:47+00:00","description":"Gazowany nap\u00f3j gazowany. Ten vape Puff 200000 zapewnia idealn\u0105 r\u00f3wnowag\u0119 Cherry Cola i cierpkiej \u017curawiny dzi\u0119ki trybowi 8 w 1.","breadcrumb":{"@id":"https:\/\/vozolvapen.de\/product\/puff-200k-bang-box-200k-sparkling-berry-cola\/#breadcrumb"},"inLanguage":"pl-PL","potentialAction":[{"@type":"ReadAction","target":["https:\/\/vozolvapen.de\/product\/puff-200k-bang-box-200k-sparkling-berry-cola\/"]}]},{"@type":"ImageObject","inLanguage":"pl-PL","@id":"https:\/\/vozolvapen.de\/product\/puff-200k-bang-box-200k-sparkling-berry-cola\/#primaryimage","url":"https:\/\/vozolvapen.de\/wp-content\/uploads\/2025\/12\/Puff-200k-Bang-Box-200k-Cherry-ColaBlueberry-CherryCranberryStrawberry-Raspberry-2.webp","contentUrl":"https:\/\/vozolvapen.de\/wp-content\/uploads\/2025\/12\/Puff-200k-Bang-Box-200k-Cherry-ColaBlueberry-CherryCranberryStrawberry-Raspberry-2.webp","width":1200,"height":1200,"caption":"Puff 200k Bang Box 200k - Cherry Cola+Blueberry Cherry+Cranberry+Strawberry Raspberry (2)"},{"@type":"BreadcrumbList","@id":"https:\/\/vozolvapen.de\/product\/puff-200k-bang-box-200k-sparkling-berry-cola\/#breadcrumb","itemListElement":[{"@type":"ListItem","position":1,"name":"Home","item":"https:\/\/vozolvapen.de\/de\/"},{"@type":"ListItem","position":2,"name":"Shop","item":"https:\/\/vozolvapen.de\/shop\/"},{"@type":"ListItem","position":3,"name":"Puff 200k Bang Box 200k &#8211; Sparkling Berry Cola"}]},{"@type":"WebSite","@id":"https:\/\/vozolvapen.de\/#website","url":"https:\/\/vozolvapen.de\/","name":"vozolvapen","description":"vozolvapen","publisher":{"@id":"https:\/\/vozolvapen.de\/#organization"},"potentialAction":[{"@type":"SearchAction","target":{"@type":"EntryPoint","urlTemplate":"https:\/\/vozolvapen.de\/?s={search_term_string}"},"query-input":{"@type":"PropertyValueSpecification","valueRequired":true,"valueName":"search_term_string"}}],"inLanguage":"pl-PL"},{"@type":"Organization","@id":"https:\/\/vozolvapen.de\/#organization","name":"vozolvapen","url":"https:\/\/vozolvapen.de\/","logo":{"@type":"ImageObject","inLanguage":"pl-PL","@id":"https:\/\/vozolvapen.de\/#\/schema\/logo\/image\/","url":"https:\/\/vozolvapen.de\/wp-content\/uploads\/2025\/12\/cropped-vozovapen-logo.webp","contentUrl":"https:\/\/vozolvapen.de\/wp-content\/uploads\/2025\/12\/cropped-vozovapen-logo.webp","width":470,"height":110,"caption":"vozolvapen"},"image":{"@id":"https:\/\/vozolvapen.de\/#\/schema\/logo\/image\/"}}]}},"tiered_pricing_type":"fixed","tiered_pricing_fixed_rules":{"30":"14.3","50":"12.3","100":"11.3","200":"10.8"},"tiered_pricing_product_settings":{"layout":"default","base_unit_name":{"singular":null,"plural":null},"default_variation":{}},"tiered_pricing_minimum_quantity":10,"tiered_pricing_roles_data":[],"tiered_pricing_percentage_rules":[],"tiered_pricing_maximum_quantity":null,"tiered_pricing_quantity_step":"10","_links":{"self":[{"href":"http:\/\/vozolvapen.de\/pl\/wp-json\/wp\/v2\/product\/45656","targetHints":{"allow":["GET"]}}],"collection":[{"href":"http:\/\/vozolvapen.de\/pl\/wp-json\/wp\/v2\/product"}],"about":[{"href":"http:\/\/vozolvapen.de\/pl\/wp-json\/wp\/v2\/types\/product"}],"replies":[{"embeddable":true,"href":"http:\/\/vozolvapen.de\/pl\/wp-json\/wp\/v2\/comments?post=45656"}],"wp:featuredmedia":[{"embeddable":true,"href":"http:\/\/vozolvapen.de\/pl\/wp-json\/wp\/v2\/media\/45849"}],"wp:attachment":[{"href":"http:\/\/vozolvapen.de\/pl\/wp-json\/wp\/v2\/media?parent=45656"}],"wp:term":[{"taxonomy":"product_brand","embeddable":true,"href":"http:\/\/vozolvapen.de\/pl\/wp-json\/wp\/v2\/product_brand?post=45656"},{"taxonomy":"product_cat","embeddable":true,"href":"http:\/\/vozolvapen.de\/pl\/wp-json\/wp\/v2\/product_cat?post=45656"},{"taxonomy":"product_tag","embeddable":true,"href":"http:\/\/vozolvapen.de\/pl\/wp-json\/wp\/v2\/product_tag?post=45656"}],"curies":[{"name":"wp","href":"https:\/\/api.w.org\/{rel}","templated":true}]}}