{"id":45746,"date":"2025-12-28T09:22:25","date_gmt":"2025-12-28T09:22:25","guid":{"rendered":"https:\/\/vozolvapen.de\/?post_type=product&#038;p=45746"},"modified":"2026-01-04T06:28:32","modified_gmt":"2026-01-04T06:28:32","slug":"puff-200k-bang-box-200k-exotic-dragon-berry","status":"publish","type":"product","link":"http:\/\/vozolvapen.de\/pl\/product\/puff-200k-bang-box-200k-exotic-dragon-berry\/","title":{"rendered":"Puff 200k Bang Box 200k - Exotic Dragon Berry"},"content":{"rendered":"<h1 data-path-to-node=\"53\"><b data-path-to-node=\"53\" data-index-in-node=\"0\">Bang Box 200k Puffs 8 w 1: Black Dragon Ice, Strawberry Pitaya, Triple Berry, Cherry Cranberry<\/b><\/h1>\n<p data-path-to-node=\"54\"><b data-path-to-node=\"54\" data-index-in-node=\"0\">Egzotyczny smok jagodowy:<\/b> Dla tych, kt\u00f3rzy chc\u0105 czego\u015b tajemniczego i wyj\u0105tkowego. <b data-path-to-node=\"54\" data-index-in-node=\"77\">Black Dragon Ice<\/b> oraz <b data-path-to-node=\"54\" data-index-in-node=\"98\">Pitaya truskawkowa<\/b> (Dragon Fruit) oferuj\u0105 wyrafinowany profil smakowy, kt\u00f3ry wyr\u00f3\u017cnia si\u0119 w <b data-path-to-node=\"54\" data-index-in-node=\"191\">Puff 200,000<\/b> rynek.<\/p>\n<h2 data-path-to-node=\"55\"><b data-path-to-node=\"55\" data-index-in-node=\"0\">G\u0142\u0119bokie zanurzenie w egzotycznym smoku<\/b><\/h2>\n<ul data-path-to-node=\"56\">\n<li>\n<p data-path-to-node=\"56,0,0\"><b data-path-to-node=\"56,0,0\" data-index-in-node=\"0\">Tryb A - Black Dragon Ice:<\/b> Tajemnicze, ciemne owoce z lodowatym posmakiem.<\/p>\n<\/li>\n<li>\n<p data-path-to-node=\"56,1,0\"><b data-path-to-node=\"56,1,0\" data-index-in-node=\"0\">Mode B - Strawberry Pitaya:<\/b> Egzotyczny smoczy owoc ze s\u0142odk\u0105 truskawk\u0105.<\/p>\n<\/li>\n<li>\n<p data-path-to-node=\"56,2,0\"><b data-path-to-node=\"56,2,0\" data-index-in-node=\"0\">Tryb C - Triple Berry:<\/b> Pot\u0119\u017cna mieszanka le\u015bnych jag\u00f3d.<\/p>\n<\/li>\n<li>\n<p data-path-to-node=\"56,3,0\"><b data-path-to-node=\"56,3,0\" data-index-in-node=\"0\">Mode D - Cherry Cranberry:<\/b> Cierpki i soczysty duet czerwonych owoc\u00f3w.<\/p>\n<\/li>\n<li>\n<p data-path-to-node=\"56,4,0\"><b data-path-to-node=\"56,4,0\" data-index-in-node=\"0\">Tryb E-H (tryby Combo):<\/b> <i data-path-to-node=\"56,4,0\" data-index-in-node=\"24\">Dragon-Berry<\/i> oraz <i data-path-to-node=\"56,4,0\" data-index-in-node=\"41\">Truskawka-wi\u015bnia<\/i> egzotyczne fuzje.<\/p>\n<\/li>\n<\/ul>\n<h2 data-path-to-node=\"27\"><b data-path-to-node=\"27\" data-index-in-node=\"0\">Dla kogo przeznaczony jest ten smak?<\/b><\/h2>\n<ul data-path-to-node=\"28\">\n<li>\n<p data-path-to-node=\"28,0,0\"><b data-path-to-node=\"28,0,0\" data-index-in-node=\"0\">Poszukiwacz przyg\u00f3d:<\/b> Je\u015bli szukasz czego\u015b tajemniczego i niekonwencjonalnego, to <b data-path-to-node=\"28,0,0\" data-index-in-node=\"91\">Black Dragon Ice<\/b> oferuje unikalny profil, kt\u00f3rego nie znajdziesz w standardowych jednoraz\u00f3wkach.<\/p>\n<\/li>\n<li>\n<p data-path-to-node=\"28,1,0\"><b data-path-to-node=\"28,1,0\" data-index-in-node=\"0\">The Cloud Connoisseur:<\/b> G\u0142\u0119bokie, ciemne nuty jagodowe s\u0105 zoptymalizowane pod k\u0105tem cewki o oczku 1,0 \u03a9, tworz\u0105c g\u0119ste, aromatyczne chmury.<\/p>\n<\/li>\n<\/ul>\n<h2 data-path-to-node=\"60\">Specyfikacja rdzenia Puff 200k Bang Box 200k<\/h2>\n<table data-path-to-node=\"16\">\n<thead>\n<tr>\n<td><strong>Specyfikacja dostaw<\/strong><\/td>\n<td><strong>Informacje o realizacji Bang Box 200k<\/strong><\/td>\n<\/tr>\n<\/thead>\n<tbody>\n<tr>\n<td><span data-path-to-node=\"16,1,0,0\"><b data-path-to-node=\"16,1,0,0\" data-index-in-node=\"0\">Centrum wysy\u0142kowe<\/b><\/span><\/td>\n<td><span data-path-to-node=\"16,1,1,0\"><b data-path-to-node=\"16,1,1,0\" data-index-in-node=\"0\">Magazyn europejski (bezc\u0142owy)<\/b><\/span><\/td>\n<\/tr>\n<tr>\n<td><span data-path-to-node=\"16,2,0,0\"><b data-path-to-node=\"16,2,0,0\" data-index-in-node=\"0\">Szybko\u015b\u0107 dostawy<\/b><\/span><\/td>\n<td><span data-path-to-node=\"16,2,1,0\">1-3 dni robocze na terenie UE<\/span><\/td>\n<\/tr>\n<tr>\n<td><span data-path-to-node=\"16,3,0,0\"><b data-path-to-node=\"16,3,0,0\" data-index-in-node=\"0\">Jednostka opakowania<\/b><\/span><\/td>\n<td><span data-path-to-node=\"16,3,1,0\">10 pojedynczych opakowa\u0144 w pude\u0142ku ekspozycyjnym<\/span><\/td>\n<\/tr>\n<tr>\n<td><span data-path-to-node=\"16,4,0,0\"><b data-path-to-node=\"16,4,0,0\" data-index-in-node=\"0\">Status sprzeda\u017cy hurtowej<\/b><\/span><\/td>\n<td><span data-path-to-node=\"16,4,1,0\">Globalne zapasy gotowe \/ w magazynie<\/span><\/td>\n<\/tr>\n<tr>\n<td><span data-path-to-node=\"16,5,0,0\"><b data-path-to-node=\"16,5,0,0\" data-index-in-node=\"0\">Si\u0142a nikotyny<\/b><\/span><\/td>\n<td><span data-path-to-node=\"16,5,1,0\">Dost\u0119pne dawki 0 mg, 20 mg, 30 mg i 50 mg<\/span><\/td>\n<\/tr>\n<tr>\n<td><span data-path-to-node=\"16,6,0,0\"><b data-path-to-node=\"16,6,0,0\" data-index-in-node=\"0\">Origin Brand<\/b><\/span><\/td>\n<td><span data-path-to-node=\"16,6,1,0\">Seria Bang Vape Professional<\/span><\/td>\n<\/tr>\n<tr>\n<td><span data-path-to-node=\"16,7,0,0\"><b data-path-to-node=\"16,7,0,0\" data-index-in-node=\"0\">Waga na jednostk\u0119<\/b><\/span><\/td>\n<td><span data-path-to-node=\"16,7,1,0\">125 g (przeno\u015bny i wytrzyma\u0142y)<\/span><\/td>\n<\/tr>\n<\/tbody>\n<\/table>\n<h3 dir=\"auto\">Oto dalsze zalecenia dla Ciebie:<\/h3>\n<p dir=\"auto\">Odkryj jeszcze wi\u0119cej niesamowitych smak\u00f3w dzi\u0119ki Puff 200k Bang Box 200k Vape!<\/p>\n<p dir=\"auto\"><a href=\"https:\/\/vozolvapen.de\/pl\/product-category\/bang-vape\/puff-200k-bang-box-200k-8-in-1\/\" target=\"_blank\" rel=\"noopener noreferrer nofollow\">Zobacz wszystkie odmiany tutaj \u2192<\/a><\/p>\n<p dir=\"auto\">Zapoznaj si\u0119 z nasz\u0105 pe\u0142n\u0105 kolekcj\u0105 i kupuj produkty najlepszych marek vape, kt\u00f3re pokochasz.<\/p>\n<p dir=\"auto\"><a href=\"https:\/\/vozolvapen.de\/pl\/\" target=\"_blank\" rel=\"noopener noreferrer nofollow\">Przegl\u0105daj teraz wszystkie marki \u2192<\/a><\/p>\n<p dir=\"auto\">Sprawd\u017a ca\u0142\u0105 seri\u0119 Bang Vape - ka\u017cdy smak, ka\u017cdy styl!<\/p>\n<p dir=\"auto\"><a href=\"https:\/\/vozolvapen.de\/pl\/product-category\/bang-vape\/\" target=\"_blank\" rel=\"noopener noreferrer nofollow\">Zobacz pe\u0142n\u0105 kolekcj\u0119 Bang Vape \u2192<\/a><\/p>","protected":false},"excerpt":{"rendered":"<p><b data-path-to-node=\"19\" data-index-in-node=\"0\">Tajemnica egzotycznego smoka:<\/b> Dla poszukiwaczy przyg\u00f3d szukaj\u0105cych czego\u015b wyj\u0105tkowego. The <b data-path-to-node=\"19\" data-index-in-node=\"82\">Puff 200k<\/b> Zestaw Black Dragon Ice i Strawberry Pitaya oferuje wyrafinowane, ciemne profile owocowe. Prze\u0142\u0105czaj si\u0119 mi\u0119dzy 8 egzotycznymi trybami i monitoruj stan baterii na zaawansowanym technologicznie inteligentnym ekranie.<\/p>","protected":false},"featured_media":45853,"comment_status":"open","ping_status":"closed","template":"","meta":{"_acf_changed":false},"product_brand":[],"product_cat":[99],"product_tag":[],"class_list":{"0":"post-45746","1":"product","2":"type-product","3":"status-publish","4":"has-post-thumbnail","6":"product_cat-puff-200k-bang-box-200k-8-in-1","8":"first","9":"instock","10":"featured","11":"shipping-taxable","12":"purchasable","13":"product-type-variable"},"acf":[],"yoast_head":"<!-- This site is optimized with the Yoast SEO Premium plugin v26.1 (Yoast SEO v27.5) - https:\/\/yoast.com\/product\/yoast-seo-premium-wordpress\/ -->\n<title>Bang Box 200k Puffs Black Dragon Ice &amp; Triple Berry - vozolvapen<\/title>\n<meta name=\"description\" content=\"Discover the mysterious Black Dragon Ice and exotic Strawberry Pitaya. 200,000 puffs of premium vapor with zero nicotine options available.\" \/>\n<meta name=\"robots\" content=\"index, follow, max-snippet:-1, max-image-preview:large, max-video-preview:-1\" \/>\n<link rel=\"canonical\" href=\"https:\/\/vozolvapen.de\/pl\/product\/puff-200k-bang-box-200k-exotic-dragon-berry\/\" \/>\n<meta property=\"og:locale\" content=\"pl_PL\" \/>\n<meta property=\"og:type\" content=\"article\" \/>\n<meta property=\"og:title\" content=\"Puff 200k Bang Box 200k - Exotic Dragon Berry\" \/>\n<meta property=\"og:description\" content=\"Discover the mysterious Black Dragon Ice and exotic Strawberry Pitaya. 200,000 puffs of premium vapor with zero nicotine options available.\" \/>\n<meta property=\"og:url\" content=\"https:\/\/vozolvapen.de\/pl\/product\/puff-200k-bang-box-200k-exotic-dragon-berry\/\" \/>\n<meta property=\"og:site_name\" content=\"vozolvapen\" \/>\n<meta property=\"article:modified_time\" content=\"2026-01-04T06:28:32+00:00\" \/>\n<meta property=\"og:image\" content=\"https:\/\/vozolvapen.de\/wp-content\/uploads\/2025\/12\/Puff-200k-Bang-Box-200k-Black-Dragon-IceStrawberry-PitayaTriple-BerryCherry-Cranberry-2.webp\" \/>\n\t<meta property=\"og:image:width\" content=\"1200\" \/>\n\t<meta property=\"og:image:height\" content=\"1200\" \/>\n\t<meta property=\"og:image:type\" content=\"image\/webp\" \/>\n<meta name=\"twitter:card\" content=\"summary_large_image\" \/>\n<meta name=\"twitter:label1\" content=\"Szacowany czas czytania\" \/>\n\t<meta name=\"twitter:data1\" content=\"2 minuty\" \/>\n<script type=\"application\/ld+json\" class=\"yoast-schema-graph\">{\"@context\":\"https:\\\/\\\/schema.org\",\"@graph\":[{\"@type\":\"WebPage\",\"@id\":\"https:\\\/\\\/vozolvapen.de\\\/product\\\/puff-200k-bang-box-200k-exotic-dragon-berry\\\/\",\"url\":\"https:\\\/\\\/vozolvapen.de\\\/product\\\/puff-200k-bang-box-200k-exotic-dragon-berry\\\/\",\"name\":\"Bang Box 200k Puffs Black Dragon Ice & Triple Berry - vozolvapen\",\"isPartOf\":{\"@id\":\"https:\\\/\\\/vozolvapen.de\\\/#website\"},\"primaryImageOfPage\":{\"@id\":\"https:\\\/\\\/vozolvapen.de\\\/product\\\/puff-200k-bang-box-200k-exotic-dragon-berry\\\/#primaryimage\"},\"image\":{\"@id\":\"https:\\\/\\\/vozolvapen.de\\\/product\\\/puff-200k-bang-box-200k-exotic-dragon-berry\\\/#primaryimage\"},\"thumbnailUrl\":\"https:\\\/\\\/vozolvapen.de\\\/wp-content\\\/uploads\\\/2025\\\/12\\\/Puff-200k-Bang-Box-200k-Black-Dragon-IceStrawberry-PitayaTriple-BerryCherry-Cranberry-2.webp\",\"datePublished\":\"2025-12-28T09:22:25+00:00\",\"dateModified\":\"2026-01-04T06:28:32+00:00\",\"description\":\"Discover the mysterious Black Dragon Ice and exotic Strawberry Pitaya. 200,000 puffs of premium vapor with zero nicotine options available.\",\"breadcrumb\":{\"@id\":\"https:\\\/\\\/vozolvapen.de\\\/product\\\/puff-200k-bang-box-200k-exotic-dragon-berry\\\/#breadcrumb\"},\"inLanguage\":\"pl-PL\",\"potentialAction\":[{\"@type\":\"ReadAction\",\"target\":[\"https:\\\/\\\/vozolvapen.de\\\/product\\\/puff-200k-bang-box-200k-exotic-dragon-berry\\\/\"]}]},{\"@type\":\"ImageObject\",\"inLanguage\":\"pl-PL\",\"@id\":\"https:\\\/\\\/vozolvapen.de\\\/product\\\/puff-200k-bang-box-200k-exotic-dragon-berry\\\/#primaryimage\",\"url\":\"https:\\\/\\\/vozolvapen.de\\\/wp-content\\\/uploads\\\/2025\\\/12\\\/Puff-200k-Bang-Box-200k-Black-Dragon-IceStrawberry-PitayaTriple-BerryCherry-Cranberry-2.webp\",\"contentUrl\":\"https:\\\/\\\/vozolvapen.de\\\/wp-content\\\/uploads\\\/2025\\\/12\\\/Puff-200k-Bang-Box-200k-Black-Dragon-IceStrawberry-PitayaTriple-BerryCherry-Cranberry-2.webp\",\"width\":1200,\"height\":1200,\"caption\":\"Puff 200k Bang Box 200k - Black Dragon Ice+Strawberry Pitaya+Triple Berry+Cherry Cranberry (2)\"},{\"@type\":\"BreadcrumbList\",\"@id\":\"https:\\\/\\\/vozolvapen.de\\\/product\\\/puff-200k-bang-box-200k-exotic-dragon-berry\\\/#breadcrumb\",\"itemListElement\":[{\"@type\":\"ListItem\",\"position\":1,\"name\":\"Home\",\"item\":\"https:\\\/\\\/vozolvapen.de\\\/de\\\/\"},{\"@type\":\"ListItem\",\"position\":2,\"name\":\"Shop\",\"item\":\"https:\\\/\\\/vozolvapen.de\\\/shop\\\/\"},{\"@type\":\"ListItem\",\"position\":3,\"name\":\"Puff 200k Bang Box 200k &#8211; Exotic Dragon Berry\"}]},{\"@type\":\"WebSite\",\"@id\":\"https:\\\/\\\/vozolvapen.de\\\/#website\",\"url\":\"https:\\\/\\\/vozolvapen.de\\\/\",\"name\":\"vozolvapen\",\"description\":\"vozolvapen\",\"publisher\":{\"@id\":\"https:\\\/\\\/vozolvapen.de\\\/#organization\"},\"potentialAction\":[{\"@type\":\"SearchAction\",\"target\":{\"@type\":\"EntryPoint\",\"urlTemplate\":\"https:\\\/\\\/vozolvapen.de\\\/?s={search_term_string}\"},\"query-input\":{\"@type\":\"PropertyValueSpecification\",\"valueRequired\":true,\"valueName\":\"search_term_string\"}}],\"inLanguage\":\"pl-PL\"},{\"@type\":\"Organization\",\"@id\":\"https:\\\/\\\/vozolvapen.de\\\/#organization\",\"name\":\"vozolvapen\",\"url\":\"https:\\\/\\\/vozolvapen.de\\\/\",\"logo\":{\"@type\":\"ImageObject\",\"inLanguage\":\"pl-PL\",\"@id\":\"https:\\\/\\\/vozolvapen.de\\\/#\\\/schema\\\/logo\\\/image\\\/\",\"url\":\"https:\\\/\\\/vozolvapen.de\\\/wp-content\\\/uploads\\\/2025\\\/12\\\/cropped-vozovapen-logo.webp\",\"contentUrl\":\"https:\\\/\\\/vozolvapen.de\\\/wp-content\\\/uploads\\\/2025\\\/12\\\/cropped-vozovapen-logo.webp\",\"width\":470,\"height\":110,\"caption\":\"vozolvapen\"},\"image\":{\"@id\":\"https:\\\/\\\/vozolvapen.de\\\/#\\\/schema\\\/logo\\\/image\\\/\"}}]}<\/script>\n<!-- \/ Yoast SEO Premium plugin. -->","yoast_head_json":{"title":"Bang Box 200k Puffs Black Dragon Ice &amp; Triple Berry - vozolvapen","description":"Odkryj tajemniczy Black Dragon Ice i egzotyczny Strawberry Pitaya. 200 000 zaci\u0105gni\u0119\u0107 najwy\u017cszej jako\u015bci pary z dost\u0119pnymi opcjami bez nikotyny.","robots":{"index":"index","follow":"follow","max-snippet":"max-snippet:-1","max-image-preview":"max-image-preview:large","max-video-preview":"max-video-preview:-1"},"canonical":"https:\/\/vozolvapen.de\/pl\/product\/puff-200k-bang-box-200k-exotic-dragon-berry\/","og_locale":"pl_PL","og_type":"article","og_title":"Puff 200k Bang Box 200k - Exotic Dragon Berry","og_description":"Discover the mysterious Black Dragon Ice and exotic Strawberry Pitaya. 200,000 puffs of premium vapor with zero nicotine options available.","og_url":"https:\/\/vozolvapen.de\/pl\/product\/puff-200k-bang-box-200k-exotic-dragon-berry\/","og_site_name":"vozolvapen","article_modified_time":"2026-01-04T06:28:32+00:00","og_image":[{"width":1200,"height":1200,"url":"https:\/\/vozolvapen.de\/wp-content\/uploads\/2025\/12\/Puff-200k-Bang-Box-200k-Black-Dragon-IceStrawberry-PitayaTriple-BerryCherry-Cranberry-2.webp","type":"image\/webp"}],"twitter_card":"summary_large_image","twitter_misc":{"Szacowany czas czytania":"2 minuty"},"schema":{"@context":"https:\/\/schema.org","@graph":[{"@type":"WebPage","@id":"https:\/\/vozolvapen.de\/product\/puff-200k-bang-box-200k-exotic-dragon-berry\/","url":"https:\/\/vozolvapen.de\/product\/puff-200k-bang-box-200k-exotic-dragon-berry\/","name":"Bang Box 200k Puffs Black Dragon Ice &amp; Triple Berry - vozolvapen","isPartOf":{"@id":"https:\/\/vozolvapen.de\/#website"},"primaryImageOfPage":{"@id":"https:\/\/vozolvapen.de\/product\/puff-200k-bang-box-200k-exotic-dragon-berry\/#primaryimage"},"image":{"@id":"https:\/\/vozolvapen.de\/product\/puff-200k-bang-box-200k-exotic-dragon-berry\/#primaryimage"},"thumbnailUrl":"https:\/\/vozolvapen.de\/wp-content\/uploads\/2025\/12\/Puff-200k-Bang-Box-200k-Black-Dragon-IceStrawberry-PitayaTriple-BerryCherry-Cranberry-2.webp","datePublished":"2025-12-28T09:22:25+00:00","dateModified":"2026-01-04T06:28:32+00:00","description":"Odkryj tajemniczy Black Dragon Ice i egzotyczny Strawberry Pitaya. 200 000 zaci\u0105gni\u0119\u0107 najwy\u017cszej jako\u015bci pary z dost\u0119pnymi opcjami bez nikotyny.","breadcrumb":{"@id":"https:\/\/vozolvapen.de\/product\/puff-200k-bang-box-200k-exotic-dragon-berry\/#breadcrumb"},"inLanguage":"pl-PL","potentialAction":[{"@type":"ReadAction","target":["https:\/\/vozolvapen.de\/product\/puff-200k-bang-box-200k-exotic-dragon-berry\/"]}]},{"@type":"ImageObject","inLanguage":"pl-PL","@id":"https:\/\/vozolvapen.de\/product\/puff-200k-bang-box-200k-exotic-dragon-berry\/#primaryimage","url":"https:\/\/vozolvapen.de\/wp-content\/uploads\/2025\/12\/Puff-200k-Bang-Box-200k-Black-Dragon-IceStrawberry-PitayaTriple-BerryCherry-Cranberry-2.webp","contentUrl":"https:\/\/vozolvapen.de\/wp-content\/uploads\/2025\/12\/Puff-200k-Bang-Box-200k-Black-Dragon-IceStrawberry-PitayaTriple-BerryCherry-Cranberry-2.webp","width":1200,"height":1200,"caption":"Puff 200k Bang Box 200k - Black Dragon Ice+Strawberry Pitaya+Triple Berry+Cherry Cranberry (2)"},{"@type":"BreadcrumbList","@id":"https:\/\/vozolvapen.de\/product\/puff-200k-bang-box-200k-exotic-dragon-berry\/#breadcrumb","itemListElement":[{"@type":"ListItem","position":1,"name":"Home","item":"https:\/\/vozolvapen.de\/de\/"},{"@type":"ListItem","position":2,"name":"Shop","item":"https:\/\/vozolvapen.de\/shop\/"},{"@type":"ListItem","position":3,"name":"Puff 200k Bang Box 200k &#8211; Exotic Dragon Berry"}]},{"@type":"WebSite","@id":"https:\/\/vozolvapen.de\/#website","url":"https:\/\/vozolvapen.de\/","name":"vozolvapen","description":"vozolvapen","publisher":{"@id":"https:\/\/vozolvapen.de\/#organization"},"potentialAction":[{"@type":"SearchAction","target":{"@type":"EntryPoint","urlTemplate":"https:\/\/vozolvapen.de\/?s={search_term_string}"},"query-input":{"@type":"PropertyValueSpecification","valueRequired":true,"valueName":"search_term_string"}}],"inLanguage":"pl-PL"},{"@type":"Organization","@id":"https:\/\/vozolvapen.de\/#organization","name":"vozolvapen","url":"https:\/\/vozolvapen.de\/","logo":{"@type":"ImageObject","inLanguage":"pl-PL","@id":"https:\/\/vozolvapen.de\/#\/schema\/logo\/image\/","url":"https:\/\/vozolvapen.de\/wp-content\/uploads\/2025\/12\/cropped-vozovapen-logo.webp","contentUrl":"https:\/\/vozolvapen.de\/wp-content\/uploads\/2025\/12\/cropped-vozovapen-logo.webp","width":470,"height":110,"caption":"vozolvapen"},"image":{"@id":"https:\/\/vozolvapen.de\/#\/schema\/logo\/image\/"}}]}},"tiered_pricing_type":"fixed","tiered_pricing_fixed_rules":{"30":"14.3","50":"12.3","100":"11.3","200":"10.8"},"tiered_pricing_product_settings":{"layout":"default","base_unit_name":{"singular":null,"plural":null},"default_variation":{}},"tiered_pricing_minimum_quantity":10,"tiered_pricing_roles_data":[],"tiered_pricing_percentage_rules":[],"tiered_pricing_maximum_quantity":null,"tiered_pricing_quantity_step":"10","_links":{"self":[{"href":"http:\/\/vozolvapen.de\/pl\/wp-json\/wp\/v2\/product\/45746","targetHints":{"allow":["GET"]}}],"collection":[{"href":"http:\/\/vozolvapen.de\/pl\/wp-json\/wp\/v2\/product"}],"about":[{"href":"http:\/\/vozolvapen.de\/pl\/wp-json\/wp\/v2\/types\/product"}],"replies":[{"embeddable":true,"href":"http:\/\/vozolvapen.de\/pl\/wp-json\/wp\/v2\/comments?post=45746"}],"wp:featuredmedia":[{"embeddable":true,"href":"http:\/\/vozolvapen.de\/pl\/wp-json\/wp\/v2\/media\/45853"}],"wp:attachment":[{"href":"http:\/\/vozolvapen.de\/pl\/wp-json\/wp\/v2\/media?parent=45746"}],"wp:term":[{"taxonomy":"product_brand","embeddable":true,"href":"http:\/\/vozolvapen.de\/pl\/wp-json\/wp\/v2\/product_brand?post=45746"},{"taxonomy":"product_cat","embeddable":true,"href":"http:\/\/vozolvapen.de\/pl\/wp-json\/wp\/v2\/product_cat?post=45746"},{"taxonomy":"product_tag","embeddable":true,"href":"http:\/\/vozolvapen.de\/pl\/wp-json\/wp\/v2\/product_tag?post=45746"}],"curies":[{"name":"wp","href":"https:\/\/api.w.org\/{rel}","templated":true}]}}