{"id":45791,"date":"2025-12-28T09:22:28","date_gmt":"2025-12-28T09:22:28","guid":{"rendered":"https:\/\/vozolvapen.de\/?post_type=product&#038;p=45791"},"modified":"2025-12-30T04:17:43","modified_gmt":"2025-12-30T04:17:43","slug":"puff-200k-bang-box-200k-mango-pineapple-tropical","status":"publish","type":"product","link":"http:\/\/vozolvapen.de\/pl\/product\/puff-200k-bang-box-200k-mango-pineapple-tropical\/","title":{"rendered":"Puff 200k Bang Box 200k - Mango Pineapple Tropical"},"content":{"rendered":"<h1 data-path-to-node=\"58\"><b data-path-to-node=\"58\" data-index-in-node=\"0\">Bang Box 200k Puffs 8 w 1: Triple Mango, Mango Passion Fruit, Pineapple Ice, Strawberry Mango<\/b><\/h1>\n<p data-path-to-node=\"59\"><b data-path-to-node=\"59\" data-index-in-node=\"0\">Najlepszy raj dla mi\u0142o\u015bnik\u00f3w mango:<\/b> Najlepszy wyb\u00f3r dla mi\u0142o\u015bnik\u00f3w mango. To <b data-path-to-node=\"59\" data-index-in-node=\"74\">Bang Box 200k<\/b> Zestaw bada ka\u017cdy aspekt mango, od czystego <b data-path-to-node=\"59\" data-index-in-node=\"141\">Potr\u00f3jne Mango<\/b> do egzotyki <b data-path-to-node=\"59\" data-index-in-node=\"168\">Mango Passion Fruit<\/b>.<\/p>\n<h2 data-path-to-node=\"60\"><b data-path-to-node=\"60\" data-index-in-node=\"0\">G\u0142\u0119bokie zanurzenie w Mango Paradise<\/b><\/h2>\n<ul data-path-to-node=\"61\">\n<li>\n<p data-path-to-node=\"61,0,0\"><b data-path-to-node=\"61,0,0\" data-index-in-node=\"0\">Mode A - Triple Mango:<\/b> Ostateczna eksplozja dojrza\u0142ego mango.<\/p>\n<\/li>\n<li>\n<p data-path-to-node=\"61,1,0\"><b data-path-to-node=\"61,1,0\" data-index-in-node=\"0\">Mode B - Mango Passion Fruit:<\/b> Egzotyczna, cierpka marakuja ze s\u0142odkim mango.<\/p>\n<\/li>\n<li>\n<p data-path-to-node=\"61,2,0\"><b data-path-to-node=\"61,2,0\" data-index-in-node=\"0\">Mode C - Pineapple Ice:<\/b> Sch\u0142odzony, tropikalny sok ananasowy.<\/p>\n<\/li>\n<li>\n<p data-path-to-node=\"61,3,0\"><b data-path-to-node=\"61,3,0\" data-index-in-node=\"0\">Mode D - Strawberry Mango:<\/b> G\u0142adka, s\u0142odka mieszanka owoc\u00f3w.<\/p>\n<\/li>\n<li>\n<p data-path-to-node=\"61,4,0\"><b data-path-to-node=\"61,4,0\" data-index-in-node=\"0\">Tryb E-H (tryby Combo):<\/b> Tropikalne mieszanki, takie jak <i data-path-to-node=\"61,4,0\" data-index-in-node=\"44\">Mango - Ananas<\/i> oraz <i data-path-to-node=\"61,4,0\" data-index-in-node=\"64\">Berry-Mango-Ice<\/i>.<\/p>\n<\/li>\n<\/ul>\n<h2 data-path-to-node=\"30\"><b data-path-to-node=\"30\" data-index-in-node=\"0\">Dla kogo przeznaczony jest ten smak?<\/b><\/h2>\n<ul data-path-to-node=\"31\">\n<li>\n<p data-path-to-node=\"31,0,0\"><b data-path-to-node=\"31,0,0\" data-index-in-node=\"0\">The Mango Obsessed:<\/b> To jest ostateczny zestaw \u201cMango King\u201d. Je\u015bli nie masz do\u015b\u0107 kr\u00f3la owoc\u00f3w, posiadanie 4 r\u00f3\u017cnych odmian mango w jednym urz\u0105dzeniu to spe\u0142nienie marze\u0144.<\/p>\n<\/li>\n<li>\n<p data-path-to-node=\"31,1,0\"><b data-path-to-node=\"31,1,0\" data-index-in-node=\"0\">Tropical Hardcore:<\/b> Idealny dla waper\u00f3w, kt\u00f3rzy uwielbiaj\u0105 smaki o wysokim nasyceniu i wysokiej s\u0142odyczy, kt\u00f3re wype\u0142niaj\u0105 pomieszczenie tropikalnym aromatem.<\/p>\n<\/li>\n<\/ul>\n<h2 data-path-to-node=\"60\">Specyfikacja rdzenia Puff 200k Bang Box 200k<\/h2>\n<table data-path-to-node=\"20\">\n<thead>\n<tr>\n<td><strong>Szybkie fakty<\/strong><\/td>\n<td><strong>Bang Box 200,000 Najwa\u017cniejsze informacje<\/strong><\/td>\n<\/tr>\n<\/thead>\n<tbody>\n<tr>\n<td><span data-path-to-node=\"20,1,0,0\"><b data-path-to-node=\"20,1,0,0\" data-index-in-node=\"0\">Total Puffs<\/b><\/span><\/td>\n<td><span data-path-to-node=\"20,1,1,0\">200 000 Maksymalna pojemno\u015b\u0107<\/span><\/td>\n<\/tr>\n<tr>\n<td><span data-path-to-node=\"20,2,0,0\"><b data-path-to-node=\"20,2,0,0\" data-index-in-node=\"0\">Obj\u0119to\u015b\u0107 oleju<\/b><\/span><\/td>\n<td><span data-path-to-node=\"20,2,1,0\">40 ml (sok o wysokiej g\u0119sto\u015bci)<\/span><\/td>\n<\/tr>\n<tr>\n<td><span data-path-to-node=\"20,3,0,0\"><b data-path-to-node=\"20,3,0,0\" data-index-in-node=\"0\">Zakres nikotyny<\/b><\/span><\/td>\n<td><span data-path-to-node=\"20,3,1,0\">0% - 5% Wyb\u00f3r<\/span><\/td>\n<\/tr>\n<tr>\n<td><span data-path-to-node=\"20,4,0,0\"><b data-path-to-node=\"20,4,0,0\" data-index-in-node=\"0\">Interakcja<\/b><\/span><\/td>\n<td><span data-path-to-node=\"20,4,1,0\">8 w 1 Flavor Toggle Tech<\/span><\/td>\n<\/tr>\n<tr>\n<td><span data-path-to-node=\"20,5,0,0\"><b data-path-to-node=\"20,5,0,0\" data-index-in-node=\"0\">Monitorowanie<\/b><\/span><\/td>\n<td><span data-path-to-node=\"20,5,1,0\">Inteligentny ekran baterii i e-cieczy<\/span><\/td>\n<\/tr>\n<tr>\n<td><span data-path-to-node=\"20,6,0,0\"><b data-path-to-node=\"20,6,0,0\" data-index-in-node=\"0\">\u0141adowanie<\/b><\/span><\/td>\n<td><span data-path-to-node=\"20,6,1,0\">Interfejs \u0142adowania typu C<\/span><\/td>\n<\/tr>\n<tr>\n<td><span data-path-to-node=\"20,7,0,0\"><b data-path-to-node=\"20,7,0,0\" data-index-in-node=\"0\">Wysy\u0142ka<\/b><\/span><\/td>\n<td><span data-path-to-node=\"20,7,1,0\">Ekspresowa dostawa europejska (1-3 dni)<\/span><\/td>\n<\/tr>\n<\/tbody>\n<\/table>\n<h3 dir=\"auto\">Oto dalsze zalecenia dla Ciebie:<\/h3>\n<p dir=\"auto\">Odkryj jeszcze wi\u0119cej niesamowitych smak\u00f3w dzi\u0119ki Puff 200k Bang Box 200k Vape!<\/p>\n<p dir=\"auto\"><a href=\"https:\/\/vozolvapen.de\/pl\/product-category\/bang-vape\/puff-200k-bang-box-200k-8-in-1\/\" target=\"_blank\" rel=\"noopener noreferrer nofollow\">Zobacz wszystkie odmiany tutaj \u2192<\/a><\/p>\n<p dir=\"auto\">Zapoznaj si\u0119 z nasz\u0105 pe\u0142n\u0105 kolekcj\u0105 i kupuj produkty najlepszych marek vape, kt\u00f3re pokochasz.<\/p>\n<p dir=\"auto\"><a href=\"https:\/\/vozolvapen.de\/pl\/\" target=\"_blank\" rel=\"noopener noreferrer nofollow\">Przegl\u0105daj teraz wszystkie marki \u2192<\/a><\/p>\n<p dir=\"auto\">Sprawd\u017a ca\u0142\u0105 seri\u0119 Bang Vape - ka\u017cdy smak, ka\u017cdy styl!<\/p>\n<p dir=\"auto\"><a href=\"https:\/\/vozolvapen.de\/pl\/product-category\/bang-vape\/\" target=\"_blank\" rel=\"noopener noreferrer nofollow\">Zobacz pe\u0142n\u0105 kolekcj\u0119 Bang Vape \u2192<\/a><\/p>","protected":false},"excerpt":{"rendered":"<p><b data-path-to-node=\"21\" data-index-in-node=\"0\">Ostateczne kr\u00f3lestwo mango:<\/b> Najlepszy wyb\u00f3r dla entuzjast\u00f3w mango. To <b data-path-to-node=\"21\" data-index-in-node=\"78\">Puff 200k Bang Box 200k<\/b> zawiera 4 r\u00f3\u017cne bazy mango i 4 pyszne kombinacje. Jest to kr\u00f3l tropikalnych waporyzacji, oferuj\u0105cy ogromn\u0105 produkcj\u0119 pary i r\u00f3\u017cnorodno\u015b\u0107 8 w 1 w eleganckiej obudowie o wadze 125 g.<\/p>","protected":false},"featured_media":45855,"comment_status":"open","ping_status":"closed","template":"","meta":{"_acf_changed":false},"product_brand":[],"product_cat":[99],"product_tag":[],"class_list":{"0":"post-45791","1":"product","2":"type-product","3":"status-publish","4":"has-post-thumbnail","6":"product_cat-puff-200k-bang-box-200k-8-in-1","8":"first","9":"instock","10":"shipping-taxable","11":"purchasable","12":"product-type-variable"},"acf":[],"yoast_head":"<!-- This site is optimized with the Yoast SEO Premium plugin v26.1 (Yoast SEO v27.5) - https:\/\/yoast.com\/product\/yoast-seo-premium-wordpress\/ -->\n<title>Puff 200000 Bang Box Triple Mango &amp; Pineapple Ice - vozolvapen<\/title>\n<meta name=\"description\" content=\"The king of mangoes! A lush blend of Triple Mango and Pineapple Ice. The Puff 200k features 8 modes to keep your palate excited.\" \/>\n<meta name=\"robots\" content=\"index, follow, max-snippet:-1, max-image-preview:large, max-video-preview:-1\" \/>\n<link rel=\"canonical\" href=\"https:\/\/vozolvapen.de\/pl\/product\/puff-200k-bang-box-200k-mango-pineapple-tropical\/\" \/>\n<meta property=\"og:locale\" content=\"pl_PL\" \/>\n<meta property=\"og:type\" content=\"article\" \/>\n<meta property=\"og:title\" content=\"Puff 200k Bang Box 200k - Mango Pineapple Tropical\" \/>\n<meta property=\"og:description\" content=\"The king of mangoes! A lush blend of Triple Mango and Pineapple Ice. The Puff 200k features 8 modes to keep your palate excited.\" \/>\n<meta property=\"og:url\" content=\"https:\/\/vozolvapen.de\/pl\/product\/puff-200k-bang-box-200k-mango-pineapple-tropical\/\" \/>\n<meta property=\"og:site_name\" content=\"vozolvapen\" \/>\n<meta property=\"article:modified_time\" content=\"2025-12-30T04:17:43+00:00\" \/>\n<meta property=\"og:image\" content=\"https:\/\/vozolvapen.de\/wp-content\/uploads\/2025\/12\/Puff-200k-Bang-Box-200k-Triple-MangoMango-Passion-FruitPineapple-IceStrawberry-Mango-2.webp\" \/>\n\t<meta property=\"og:image:width\" content=\"1200\" \/>\n\t<meta property=\"og:image:height\" content=\"1200\" \/>\n\t<meta property=\"og:image:type\" content=\"image\/webp\" \/>\n<meta name=\"twitter:card\" content=\"summary_large_image\" \/>\n<meta name=\"twitter:label1\" content=\"Szacowany czas czytania\" \/>\n\t<meta name=\"twitter:data1\" content=\"2 minuty\" \/>\n<script type=\"application\/ld+json\" class=\"yoast-schema-graph\">{\"@context\":\"https:\\\/\\\/schema.org\",\"@graph\":[{\"@type\":\"WebPage\",\"@id\":\"https:\\\/\\\/vozolvapen.de\\\/product\\\/puff-200k-bang-box-200k-mango-pineapple-tropical\\\/\",\"url\":\"https:\\\/\\\/vozolvapen.de\\\/product\\\/puff-200k-bang-box-200k-mango-pineapple-tropical\\\/\",\"name\":\"Puff 200000 Bang Box Triple Mango & Pineapple Ice - vozolvapen\",\"isPartOf\":{\"@id\":\"https:\\\/\\\/vozolvapen.de\\\/#website\"},\"primaryImageOfPage\":{\"@id\":\"https:\\\/\\\/vozolvapen.de\\\/product\\\/puff-200k-bang-box-200k-mango-pineapple-tropical\\\/#primaryimage\"},\"image\":{\"@id\":\"https:\\\/\\\/vozolvapen.de\\\/product\\\/puff-200k-bang-box-200k-mango-pineapple-tropical\\\/#primaryimage\"},\"thumbnailUrl\":\"https:\\\/\\\/vozolvapen.de\\\/wp-content\\\/uploads\\\/2025\\\/12\\\/Puff-200k-Bang-Box-200k-Triple-MangoMango-Passion-FruitPineapple-IceStrawberry-Mango-2.webp\",\"datePublished\":\"2025-12-28T09:22:28+00:00\",\"dateModified\":\"2025-12-30T04:17:43+00:00\",\"description\":\"The king of mangoes! A lush blend of Triple Mango and Pineapple Ice. The Puff 200k features 8 modes to keep your palate excited.\",\"breadcrumb\":{\"@id\":\"https:\\\/\\\/vozolvapen.de\\\/product\\\/puff-200k-bang-box-200k-mango-pineapple-tropical\\\/#breadcrumb\"},\"inLanguage\":\"pl-PL\",\"potentialAction\":[{\"@type\":\"ReadAction\",\"target\":[\"https:\\\/\\\/vozolvapen.de\\\/product\\\/puff-200k-bang-box-200k-mango-pineapple-tropical\\\/\"]}]},{\"@type\":\"ImageObject\",\"inLanguage\":\"pl-PL\",\"@id\":\"https:\\\/\\\/vozolvapen.de\\\/product\\\/puff-200k-bang-box-200k-mango-pineapple-tropical\\\/#primaryimage\",\"url\":\"https:\\\/\\\/vozolvapen.de\\\/wp-content\\\/uploads\\\/2025\\\/12\\\/Puff-200k-Bang-Box-200k-Triple-MangoMango-Passion-FruitPineapple-IceStrawberry-Mango-2.webp\",\"contentUrl\":\"https:\\\/\\\/vozolvapen.de\\\/wp-content\\\/uploads\\\/2025\\\/12\\\/Puff-200k-Bang-Box-200k-Triple-MangoMango-Passion-FruitPineapple-IceStrawberry-Mango-2.webp\",\"width\":1200,\"height\":1200,\"caption\":\"Puff 200k Bang Box 200k - Triple Mango+Mango Passion Fruit+Pineapple Ice+Strawberry Mango (2)\"},{\"@type\":\"BreadcrumbList\",\"@id\":\"https:\\\/\\\/vozolvapen.de\\\/product\\\/puff-200k-bang-box-200k-mango-pineapple-tropical\\\/#breadcrumb\",\"itemListElement\":[{\"@type\":\"ListItem\",\"position\":1,\"name\":\"Home\",\"item\":\"https:\\\/\\\/vozolvapen.de\\\/de\\\/\"},{\"@type\":\"ListItem\",\"position\":2,\"name\":\"Shop\",\"item\":\"https:\\\/\\\/vozolvapen.de\\\/shop\\\/\"},{\"@type\":\"ListItem\",\"position\":3,\"name\":\"Puff 200k Bang Box 200k &#8211; Mango Pineapple Tropical\"}]},{\"@type\":\"WebSite\",\"@id\":\"https:\\\/\\\/vozolvapen.de\\\/#website\",\"url\":\"https:\\\/\\\/vozolvapen.de\\\/\",\"name\":\"vozolvapen\",\"description\":\"vozolvapen\",\"publisher\":{\"@id\":\"https:\\\/\\\/vozolvapen.de\\\/#organization\"},\"potentialAction\":[{\"@type\":\"SearchAction\",\"target\":{\"@type\":\"EntryPoint\",\"urlTemplate\":\"https:\\\/\\\/vozolvapen.de\\\/?s={search_term_string}\"},\"query-input\":{\"@type\":\"PropertyValueSpecification\",\"valueRequired\":true,\"valueName\":\"search_term_string\"}}],\"inLanguage\":\"pl-PL\"},{\"@type\":\"Organization\",\"@id\":\"https:\\\/\\\/vozolvapen.de\\\/#organization\",\"name\":\"vozolvapen\",\"url\":\"https:\\\/\\\/vozolvapen.de\\\/\",\"logo\":{\"@type\":\"ImageObject\",\"inLanguage\":\"pl-PL\",\"@id\":\"https:\\\/\\\/vozolvapen.de\\\/#\\\/schema\\\/logo\\\/image\\\/\",\"url\":\"https:\\\/\\\/vozolvapen.de\\\/wp-content\\\/uploads\\\/2025\\\/12\\\/cropped-vozovapen-logo.webp\",\"contentUrl\":\"https:\\\/\\\/vozolvapen.de\\\/wp-content\\\/uploads\\\/2025\\\/12\\\/cropped-vozovapen-logo.webp\",\"width\":470,\"height\":110,\"caption\":\"vozolvapen\"},\"image\":{\"@id\":\"https:\\\/\\\/vozolvapen.de\\\/#\\\/schema\\\/logo\\\/image\\\/\"}}]}<\/script>\n<!-- \/ Yoast SEO Premium plugin. -->","yoast_head_json":{"title":"Puff 200000 Bang Box Triple Mango &amp; Pineapple Ice - vozolvapen","description":"Kr\u00f3l mango! Bujna mieszanka Triple Mango i Pineapple Ice. Puff 200k oferuje 8 tryb\u00f3w, kt\u00f3re podniecaj\u0105 podniebienie.","robots":{"index":"index","follow":"follow","max-snippet":"max-snippet:-1","max-image-preview":"max-image-preview:large","max-video-preview":"max-video-preview:-1"},"canonical":"https:\/\/vozolvapen.de\/pl\/product\/puff-200k-bang-box-200k-mango-pineapple-tropical\/","og_locale":"pl_PL","og_type":"article","og_title":"Puff 200k Bang Box 200k - Mango Pineapple Tropical","og_description":"The king of mangoes! A lush blend of Triple Mango and Pineapple Ice. The Puff 200k features 8 modes to keep your palate excited.","og_url":"https:\/\/vozolvapen.de\/pl\/product\/puff-200k-bang-box-200k-mango-pineapple-tropical\/","og_site_name":"vozolvapen","article_modified_time":"2025-12-30T04:17:43+00:00","og_image":[{"width":1200,"height":1200,"url":"https:\/\/vozolvapen.de\/wp-content\/uploads\/2025\/12\/Puff-200k-Bang-Box-200k-Triple-MangoMango-Passion-FruitPineapple-IceStrawberry-Mango-2.webp","type":"image\/webp"}],"twitter_card":"summary_large_image","twitter_misc":{"Szacowany czas czytania":"2 minuty"},"schema":{"@context":"https:\/\/schema.org","@graph":[{"@type":"WebPage","@id":"https:\/\/vozolvapen.de\/product\/puff-200k-bang-box-200k-mango-pineapple-tropical\/","url":"https:\/\/vozolvapen.de\/product\/puff-200k-bang-box-200k-mango-pineapple-tropical\/","name":"Puff 200000 Bang Box Triple Mango &amp; Pineapple Ice - vozolvapen","isPartOf":{"@id":"https:\/\/vozolvapen.de\/#website"},"primaryImageOfPage":{"@id":"https:\/\/vozolvapen.de\/product\/puff-200k-bang-box-200k-mango-pineapple-tropical\/#primaryimage"},"image":{"@id":"https:\/\/vozolvapen.de\/product\/puff-200k-bang-box-200k-mango-pineapple-tropical\/#primaryimage"},"thumbnailUrl":"https:\/\/vozolvapen.de\/wp-content\/uploads\/2025\/12\/Puff-200k-Bang-Box-200k-Triple-MangoMango-Passion-FruitPineapple-IceStrawberry-Mango-2.webp","datePublished":"2025-12-28T09:22:28+00:00","dateModified":"2025-12-30T04:17:43+00:00","description":"Kr\u00f3l mango! Bujna mieszanka Triple Mango i Pineapple Ice. Puff 200k oferuje 8 tryb\u00f3w, kt\u00f3re podniecaj\u0105 podniebienie.","breadcrumb":{"@id":"https:\/\/vozolvapen.de\/product\/puff-200k-bang-box-200k-mango-pineapple-tropical\/#breadcrumb"},"inLanguage":"pl-PL","potentialAction":[{"@type":"ReadAction","target":["https:\/\/vozolvapen.de\/product\/puff-200k-bang-box-200k-mango-pineapple-tropical\/"]}]},{"@type":"ImageObject","inLanguage":"pl-PL","@id":"https:\/\/vozolvapen.de\/product\/puff-200k-bang-box-200k-mango-pineapple-tropical\/#primaryimage","url":"https:\/\/vozolvapen.de\/wp-content\/uploads\/2025\/12\/Puff-200k-Bang-Box-200k-Triple-MangoMango-Passion-FruitPineapple-IceStrawberry-Mango-2.webp","contentUrl":"https:\/\/vozolvapen.de\/wp-content\/uploads\/2025\/12\/Puff-200k-Bang-Box-200k-Triple-MangoMango-Passion-FruitPineapple-IceStrawberry-Mango-2.webp","width":1200,"height":1200,"caption":"Puff 200k Bang Box 200k - Triple Mango+Mango Passion Fruit+Pineapple Ice+Strawberry Mango (2)"},{"@type":"BreadcrumbList","@id":"https:\/\/vozolvapen.de\/product\/puff-200k-bang-box-200k-mango-pineapple-tropical\/#breadcrumb","itemListElement":[{"@type":"ListItem","position":1,"name":"Home","item":"https:\/\/vozolvapen.de\/de\/"},{"@type":"ListItem","position":2,"name":"Shop","item":"https:\/\/vozolvapen.de\/shop\/"},{"@type":"ListItem","position":3,"name":"Puff 200k Bang Box 200k &#8211; Mango Pineapple Tropical"}]},{"@type":"WebSite","@id":"https:\/\/vozolvapen.de\/#website","url":"https:\/\/vozolvapen.de\/","name":"vozolvapen","description":"vozolvapen","publisher":{"@id":"https:\/\/vozolvapen.de\/#organization"},"potentialAction":[{"@type":"SearchAction","target":{"@type":"EntryPoint","urlTemplate":"https:\/\/vozolvapen.de\/?s={search_term_string}"},"query-input":{"@type":"PropertyValueSpecification","valueRequired":true,"valueName":"search_term_string"}}],"inLanguage":"pl-PL"},{"@type":"Organization","@id":"https:\/\/vozolvapen.de\/#organization","name":"vozolvapen","url":"https:\/\/vozolvapen.de\/","logo":{"@type":"ImageObject","inLanguage":"pl-PL","@id":"https:\/\/vozolvapen.de\/#\/schema\/logo\/image\/","url":"https:\/\/vozolvapen.de\/wp-content\/uploads\/2025\/12\/cropped-vozovapen-logo.webp","contentUrl":"https:\/\/vozolvapen.de\/wp-content\/uploads\/2025\/12\/cropped-vozovapen-logo.webp","width":470,"height":110,"caption":"vozolvapen"},"image":{"@id":"https:\/\/vozolvapen.de\/#\/schema\/logo\/image\/"}}]}},"tiered_pricing_type":"fixed","tiered_pricing_fixed_rules":{"30":"14.3","50":"12.3","100":"11.3","200":"10.8"},"tiered_pricing_product_settings":{"layout":"default","base_unit_name":{"singular":null,"plural":null},"default_variation":{}},"tiered_pricing_minimum_quantity":10,"tiered_pricing_roles_data":[],"tiered_pricing_percentage_rules":[],"tiered_pricing_maximum_quantity":null,"tiered_pricing_quantity_step":"10","_links":{"self":[{"href":"http:\/\/vozolvapen.de\/pl\/wp-json\/wp\/v2\/product\/45791","targetHints":{"allow":["GET"]}}],"collection":[{"href":"http:\/\/vozolvapen.de\/pl\/wp-json\/wp\/v2\/product"}],"about":[{"href":"http:\/\/vozolvapen.de\/pl\/wp-json\/wp\/v2\/types\/product"}],"replies":[{"embeddable":true,"href":"http:\/\/vozolvapen.de\/pl\/wp-json\/wp\/v2\/comments?post=45791"}],"wp:featuredmedia":[{"embeddable":true,"href":"http:\/\/vozolvapen.de\/pl\/wp-json\/wp\/v2\/media\/45855"}],"wp:attachment":[{"href":"http:\/\/vozolvapen.de\/pl\/wp-json\/wp\/v2\/media?parent=45791"}],"wp:term":[{"taxonomy":"product_brand","embeddable":true,"href":"http:\/\/vozolvapen.de\/pl\/wp-json\/wp\/v2\/product_brand?post=45791"},{"taxonomy":"product_cat","embeddable":true,"href":"http:\/\/vozolvapen.de\/pl\/wp-json\/wp\/v2\/product_cat?post=45791"},{"taxonomy":"product_tag","embeddable":true,"href":"http:\/\/vozolvapen.de\/pl\/wp-json\/wp\/v2\/product_tag?post=45791"}],"curies":[{"name":"wp","href":"https:\/\/api.w.org\/{rel}","templated":true}]}}