{"id":45896,"date":"2025-12-28T10:16:02","date_gmt":"2025-12-28T10:16:02","guid":{"rendered":"https:\/\/vozolvapen.de\/?post_type=product&#038;p=45896"},"modified":"2026-02-10T10:59:56","modified_gmt":"2026-02-10T10:59:56","slug":"hifancy-legend-20000-strawberry-mango","status":"publish","type":"product","link":"http:\/\/vozolvapen.de\/pl\/product\/hifancy-legend-20000-strawberry-mango\/","title":{"rendered":"Hifancy Legend 20000 - Strawberry Mango"},"content":{"rendered":"<h1 data-path-to-node=\"2\"><b data-path-to-node=\"2\" data-index-in-node=\"0\">HIFANCY LEGEND 20000 Strawberry Mango: 20000 puff\u00f3w w trybie pe\u0142noekranowym i podw\u00f3jnym<\/b><\/h1>\n<p data-path-to-node=\"3\"><span class=\"\">Odkryj intensywnie tropikalny <\/span><b class=\"\" data-path-to-node=\"3\" data-index-in-node=\"32\">HIFANCY LEGEND 20000<\/b><span class=\"\"> w Strawberry Mango.<\/span><span class=\"\"> Ta soczysta mieszanka dojrza\u0142ych w s\u0142o\u0144cu truskawek i egzotycznego nektaru z mango jest bezb\u0142\u0119dnie dostarczana przez zaawansowany 1.<\/span><span class=\"\">Technologia 0\u03a9 Mesh Coil.<\/span><span class=\"\"> Masywny <\/span><b class=\"\" data-path-to-node=\"3\" data-index-in-node=\"225\">20000 Puff\u00f3w<\/b><span class=\"\"> pojemno\u015b\u0107,<\/span><span class=\"\"> Akumulator o pojemno\u015bci 750 mAh,<\/span><span class=\"\"> i wci\u0105gaj\u0105ca <\/span><b class=\"\" data-path-to-node=\"3\" data-index-in-node=\"290\">Pe\u0142ny ekran<\/b><span class=\"\"> wy\u015bwietla\u0107 to <\/span><b class=\"\" data-path-to-node=\"3\" data-index-in-node=\"320\">HIFANCY 20k<\/b><span class=\"\"> najlepszy wyb\u00f3r dla entuzjast\u00f3w smaku.<\/span><\/p>\n<h2 data-path-to-node=\"4\"><b class=\"\" data-path-to-node=\"4\" data-index-in-node=\"0\">Profil smakowy i w\u0142a\u015bciwo\u015bci<\/b><\/h2>\n<p data-path-to-node=\"4\"><span class=\"\"> Ten profil oferuje \u017cywe po\u0142\u0105czenie s\u0142odkich czerwonych truskawek u\u0142o\u017conych na g\u0142adkiej warstwie,<\/span><span class=\"\"> kremowa baza z mango.<\/span><span class=\"\"> Spersonalizuj swoje do\u015bwiadczenie dzi\u0119ki <\/span><b class=\"\" data-path-to-node=\"4\" data-index-in-node=\"167\">Dwa tryby ogrzewania<\/b><span class=\"\">-Prze\u0142\u0105cz si\u0119 na tryb boost, aby uzyska\u0107 bardziej intensywn\u0105 eksplozj\u0119 owoc\u00f3w lub pozosta\u0144 w trybie standardowym, aby uzyska\u0107 maksymaln\u0105 trwa\u0142o\u015b\u0107.<\/span><span class=\"\"> Z <\/span><b class=\"\" data-path-to-node=\"4\" data-index-in-node=\"296\">30ML e-liquidu<\/b><span class=\"\"> zbiornik,<\/span><span class=\"\"> w <\/span><b class=\"\" data-path-to-node=\"4\" data-index-in-node=\"325\">hifancy 20000<\/b><span class=\"\"> zapewnia premi\u0119,<\/span><span class=\"\"> d\u0142ugotrwa\u0142a tropikalna ucieczka.<\/span><\/p>\n<h2 data-path-to-node=\"5\"><b class=\"\" data-path-to-node=\"5\" data-index-in-node=\"0\">Dla kogo przeznaczony jest ten smak?<\/b><\/h2>\n<p data-path-to-node=\"5\"><b class=\"\" data-path-to-node=\"5\" data-index-in-node=\"24\">Najlepszy wyb\u00f3r:<\/b> <span class=\"\">Vaperzy, kt\u00f3rzy lubi\u0105 tropikalne mieszanki o wysokim nasyceniu i chc\u0105 s\u0142odyczy,<\/span><span class=\"\"> nektarowy profil, kt\u00f3ry pozostaje sp\u00f3jny przez 20,<\/span><span class=\"\">000 zaci\u0105gni\u0119\u0107.<\/span><\/p>\n<h2>Tabela specyfikacji produktu Hifancy Legend 20000 Puffs<\/h2>\n<table data-path-to-node=\"5\">\n<thead>\n<tr>\n<td><strong>Innowacje techniczne<\/strong><\/td>\n<td><strong>HIFANCY LEGEND 20k Szczeg\u00f3\u0142y<\/strong><\/td>\n<\/tr>\n<\/thead>\n<tbody>\n<tr>\n<td><span data-path-to-node=\"5,1,0,0\"><b data-path-to-node=\"5,1,0,0\" data-index-in-node=\"0\">Nazwa modelu<\/b><\/span><\/td>\n<td><span data-path-to-node=\"5,1,1,0\">HIFANCY LEGEND 20000<\/span><\/td>\n<\/tr>\n<tr>\n<td><span data-path-to-node=\"5,2,0,0\"><b data-path-to-node=\"5,2,0,0\" data-index-in-node=\"0\">Interfejs u\u017cytkownika<\/b><\/span><\/td>\n<td><span data-path-to-node=\"5,2,1,0\"><b data-path-to-node=\"5,2,1,0\" data-index-in-node=\"0\">Zintegrowany w pe\u0142ni inteligentny ekran<\/b><\/span><\/td>\n<\/tr>\n<tr>\n<td><span data-path-to-node=\"5,3,0,0\"><b data-path-to-node=\"5,3,0,0\" data-index-in-node=\"0\">Personalizacja<\/b><\/span><\/td>\n<td><span data-path-to-node=\"5,3,1,0\"><b data-path-to-node=\"5,3,1,0\" data-index-in-node=\"0\">Dwa tryby ogrzewania (podw\u00f3jna wydajno\u015b\u0107)<\/b><\/span><\/td>\n<\/tr>\n<tr>\n<td><span data-path-to-node=\"5,4,0,0\"><b data-path-to-node=\"5,4,0,0\" data-index-in-node=\"0\">Vapor Core<\/b><\/span><\/td>\n<td><span data-path-to-node=\"5,4,1,0\">Precyzyjna cewka siatkowa 1,0\u03a9<\/span><\/td>\n<\/tr>\n<tr>\n<td><span data-path-to-node=\"5,5,0,0\"><b data-path-to-node=\"5,5,0,0\" data-index-in-node=\"0\">Interakcja<\/b><\/span><\/td>\n<td><span data-path-to-node=\"5,5,1,0\">Monitor baterii i soku w czasie rzeczywistym<\/span><\/td>\n<\/tr>\n<tr>\n<td><span data-path-to-node=\"5,6,0,0\"><b data-path-to-node=\"5,6,0,0\" data-index-in-node=\"0\">Maximum Puffs<\/b><\/span><\/td>\n<td><span data-path-to-node=\"5,6,1,0\">Do 20 000 zaci\u0105gni\u0119\u0107<\/span><\/td>\n<\/tr>\n<tr>\n<td><span data-path-to-node=\"5,7,0,0\"><b data-path-to-node=\"5,7,0,0\" data-index-in-node=\"0\">Aktywacja<\/b><\/span><\/td>\n<td><span data-path-to-node=\"5,7,1,0\">Wysoka czu\u0142o\u015b\u0107 aktywowana rysowaniem<\/span><\/td>\n<\/tr>\n<\/tbody>\n<\/table>\n<h3 dir=\"auto\">Oto dalsze zalecenia dla Ciebie:<\/h3>\n<p dir=\"auto\">Odkryj jeszcze wi\u0119cej niesamowitych smak\u00f3w dzi\u0119ki Hifancy Legend 20000 Puff Vape!<\/p>\n<p dir=\"auto\"><a href=\"https:\/\/vozolvapen.de\/pl\/product-category\/hifancy-vape\/hifancy-legend-20000-puffs-vape\/\" target=\"_blank\" rel=\"noopener noreferrer nofollow\">Zobacz wszystkie odmiany tutaj \u2192<\/a><\/p>\n<p dir=\"auto\">Zapoznaj si\u0119 z nasz\u0105 pe\u0142n\u0105 kolekcj\u0105 i kupuj produkty najlepszych marek vape, kt\u00f3re pokochasz.<\/p>\n<p dir=\"auto\"><a href=\"https:\/\/vozolvapen.de\/pl\/\" target=\"_blank\" rel=\"noopener noreferrer nofollow\">Przegl\u0105daj teraz wszystkie marki \u2192<\/a><\/p>\n<p dir=\"auto\">Sprawd\u017a ca\u0142\u0105 seri\u0119 Hifancy Vape - ka\u017cdy smak, ka\u017cdy styl!<\/p>\n<p dir=\"auto\"><a href=\"https:\/\/vozolvapen.de\/pl\/product-category\/hifancy-vape\/\" target=\"_blank\" rel=\"noopener noreferrer nofollow\">Zobacz pe\u0142n\u0105 kolekcj\u0119 Hifancy Vape \u2192<\/a><\/p>","protected":false},"excerpt":{"rendered":"<p>Tropikalne arcydzie\u0142o. The <b data-path-to-node=\"3,1,3,0\" data-index-in-node=\"28\">HIFANCY LEGEND 20000<\/b> Strawberry Mango \u0142\u0105czy dojrzewaj\u0105ce w s\u0142o\u0144cu truskawki z egzotycznym nektarem z mango, zoptymalizowanym przez zw\u00f3j siatki 1,0\u03a9.<\/p>","protected":false},"featured_media":46238,"comment_status":"open","ping_status":"closed","template":"","meta":{"_acf_changed":false},"product_brand":[],"product_cat":[134,100],"product_tag":[],"class_list":{"0":"post-45896","1":"product","2":"type-product","3":"status-publish","4":"has-post-thumbnail","6":"product_cat-eu-warehouse-in-stock","7":"product_cat-hifancy-legend-20000-puffs-vape","9":"first","10":"instock","11":"shipping-taxable","12":"purchasable","13":"product-type-variable"},"acf":[],"yoast_head":"<!-- This site is optimized with the Yoast SEO Premium plugin v26.1 (Yoast SEO v27.5) - https:\/\/yoast.com\/product\/yoast-seo-premium-wordpress\/ -->\n<title>Strawberry Mango HIFANCY LEGEND 20000 - vozolvapen<\/title>\n<meta name=\"description\" content=\"Experience 20,000 puffs of Strawberry Mango with the HIFANCY 20k. Features Full Screen, Dual Modes, and 30mL juice. Fast EU delivery!\" \/>\n<meta name=\"robots\" content=\"index, follow, max-snippet:-1, max-image-preview:large, max-video-preview:-1\" \/>\n<link rel=\"canonical\" href=\"https:\/\/vozolvapen.de\/pl\/product\/hifancy-legend-20000-strawberry-mango\/\" \/>\n<meta property=\"og:locale\" content=\"pl_PL\" \/>\n<meta property=\"og:type\" content=\"article\" \/>\n<meta property=\"og:title\" content=\"Hifancy Legend 20000 - Strawberry Mango\" \/>\n<meta property=\"og:description\" content=\"Experience 20,000 puffs of Strawberry Mango with the HIFANCY 20k. Features Full Screen, Dual Modes, and 30mL juice. Fast EU delivery!\" \/>\n<meta property=\"og:url\" content=\"https:\/\/vozolvapen.de\/pl\/product\/hifancy-legend-20000-strawberry-mango\/\" \/>\n<meta property=\"og:site_name\" content=\"vozolvapen\" \/>\n<meta property=\"article:modified_time\" content=\"2026-02-10T10:59:56+00:00\" \/>\n<meta property=\"og:image\" content=\"https:\/\/vozolvapen.de\/wp-content\/uploads\/2025\/12\/HIFANCY-LEGEND-20000-Strawberry-Mango-3.webp\" \/>\n\t<meta property=\"og:image:width\" content=\"1200\" \/>\n\t<meta property=\"og:image:height\" content=\"1200\" \/>\n\t<meta property=\"og:image:type\" content=\"image\/webp\" \/>\n<meta name=\"twitter:card\" content=\"summary_large_image\" \/>\n<meta name=\"twitter:label1\" content=\"Szacowany czas czytania\" \/>\n\t<meta name=\"twitter:data1\" content=\"2 minuty\" \/>\n<script type=\"application\/ld+json\" class=\"yoast-schema-graph\">{\"@context\":\"https:\\\/\\\/schema.org\",\"@graph\":[{\"@type\":\"WebPage\",\"@id\":\"https:\\\/\\\/vozolvapen.de\\\/product\\\/hifancy-legend-20000-strawberry-mango\\\/\",\"url\":\"https:\\\/\\\/vozolvapen.de\\\/product\\\/hifancy-legend-20000-strawberry-mango\\\/\",\"name\":\"Strawberry Mango HIFANCY LEGEND 20000 - vozolvapen\",\"isPartOf\":{\"@id\":\"https:\\\/\\\/vozolvapen.de\\\/#website\"},\"primaryImageOfPage\":{\"@id\":\"https:\\\/\\\/vozolvapen.de\\\/product\\\/hifancy-legend-20000-strawberry-mango\\\/#primaryimage\"},\"image\":{\"@id\":\"https:\\\/\\\/vozolvapen.de\\\/product\\\/hifancy-legend-20000-strawberry-mango\\\/#primaryimage\"},\"thumbnailUrl\":\"https:\\\/\\\/vozolvapen.de\\\/wp-content\\\/uploads\\\/2025\\\/12\\\/HIFANCY-LEGEND-20000-Strawberry-Mango-3.webp\",\"datePublished\":\"2025-12-28T10:16:02+00:00\",\"dateModified\":\"2026-02-10T10:59:56+00:00\",\"description\":\"Experience 20,000 puffs of Strawberry Mango with the HIFANCY 20k. Features Full Screen, Dual Modes, and 30mL juice. Fast EU delivery!\",\"breadcrumb\":{\"@id\":\"https:\\\/\\\/vozolvapen.de\\\/product\\\/hifancy-legend-20000-strawberry-mango\\\/#breadcrumb\"},\"inLanguage\":\"pl-PL\",\"potentialAction\":[{\"@type\":\"ReadAction\",\"target\":[\"https:\\\/\\\/vozolvapen.de\\\/product\\\/hifancy-legend-20000-strawberry-mango\\\/\"]}]},{\"@type\":\"ImageObject\",\"inLanguage\":\"pl-PL\",\"@id\":\"https:\\\/\\\/vozolvapen.de\\\/product\\\/hifancy-legend-20000-strawberry-mango\\\/#primaryimage\",\"url\":\"https:\\\/\\\/vozolvapen.de\\\/wp-content\\\/uploads\\\/2025\\\/12\\\/HIFANCY-LEGEND-20000-Strawberry-Mango-3.webp\",\"contentUrl\":\"https:\\\/\\\/vozolvapen.de\\\/wp-content\\\/uploads\\\/2025\\\/12\\\/HIFANCY-LEGEND-20000-Strawberry-Mango-3.webp\",\"width\":1200,\"height\":1200,\"caption\":\"HIFANCY LEGEND 20000 - Strawberry Mango (3)\"},{\"@type\":\"BreadcrumbList\",\"@id\":\"https:\\\/\\\/vozolvapen.de\\\/product\\\/hifancy-legend-20000-strawberry-mango\\\/#breadcrumb\",\"itemListElement\":[{\"@type\":\"ListItem\",\"position\":1,\"name\":\"Home\",\"item\":\"https:\\\/\\\/vozolvapen.de\\\/de\\\/\"},{\"@type\":\"ListItem\",\"position\":2,\"name\":\"Shop\",\"item\":\"https:\\\/\\\/vozolvapen.de\\\/shop\\\/\"},{\"@type\":\"ListItem\",\"position\":3,\"name\":\"Hifancy Legend 20000 &#8211; Strawberry Mango\"}]},{\"@type\":\"WebSite\",\"@id\":\"https:\\\/\\\/vozolvapen.de\\\/#website\",\"url\":\"https:\\\/\\\/vozolvapen.de\\\/\",\"name\":\"vozolvapen\",\"description\":\"vozolvapen\",\"publisher\":{\"@id\":\"https:\\\/\\\/vozolvapen.de\\\/#organization\"},\"potentialAction\":[{\"@type\":\"SearchAction\",\"target\":{\"@type\":\"EntryPoint\",\"urlTemplate\":\"https:\\\/\\\/vozolvapen.de\\\/?s={search_term_string}\"},\"query-input\":{\"@type\":\"PropertyValueSpecification\",\"valueRequired\":true,\"valueName\":\"search_term_string\"}}],\"inLanguage\":\"pl-PL\"},{\"@type\":\"Organization\",\"@id\":\"https:\\\/\\\/vozolvapen.de\\\/#organization\",\"name\":\"vozolvapen\",\"url\":\"https:\\\/\\\/vozolvapen.de\\\/\",\"logo\":{\"@type\":\"ImageObject\",\"inLanguage\":\"pl-PL\",\"@id\":\"https:\\\/\\\/vozolvapen.de\\\/#\\\/schema\\\/logo\\\/image\\\/\",\"url\":\"https:\\\/\\\/vozolvapen.de\\\/wp-content\\\/uploads\\\/2025\\\/12\\\/cropped-vozovapen-logo.webp\",\"contentUrl\":\"https:\\\/\\\/vozolvapen.de\\\/wp-content\\\/uploads\\\/2025\\\/12\\\/cropped-vozovapen-logo.webp\",\"width\":470,\"height\":110,\"caption\":\"vozolvapen\"},\"image\":{\"@id\":\"https:\\\/\\\/vozolvapen.de\\\/#\\\/schema\\\/logo\\\/image\\\/\"}}]}<\/script>\n<!-- \/ Yoast SEO Premium plugin. -->","yoast_head_json":{"title":"Strawberry Mango HIFANCY LEGEND 20000 - vozolvapen","description":"Do\u015bwiadcz 20 000 zaci\u0105gni\u0119\u0107 truskawkowym mango dzi\u0119ki HIFANCY 20k. Posiada pe\u0142ny ekran, dwa tryby i 30 ml soku. Szybka dostawa na terenie UE!","robots":{"index":"index","follow":"follow","max-snippet":"max-snippet:-1","max-image-preview":"max-image-preview:large","max-video-preview":"max-video-preview:-1"},"canonical":"https:\/\/vozolvapen.de\/pl\/product\/hifancy-legend-20000-strawberry-mango\/","og_locale":"pl_PL","og_type":"article","og_title":"Hifancy Legend 20000 - Strawberry Mango","og_description":"Experience 20,000 puffs of Strawberry Mango with the HIFANCY 20k. Features Full Screen, Dual Modes, and 30mL juice. Fast EU delivery!","og_url":"https:\/\/vozolvapen.de\/pl\/product\/hifancy-legend-20000-strawberry-mango\/","og_site_name":"vozolvapen","article_modified_time":"2026-02-10T10:59:56+00:00","og_image":[{"width":1200,"height":1200,"url":"https:\/\/vozolvapen.de\/wp-content\/uploads\/2025\/12\/HIFANCY-LEGEND-20000-Strawberry-Mango-3.webp","type":"image\/webp"}],"twitter_card":"summary_large_image","twitter_misc":{"Szacowany czas czytania":"2 minuty"},"schema":{"@context":"https:\/\/schema.org","@graph":[{"@type":"WebPage","@id":"https:\/\/vozolvapen.de\/product\/hifancy-legend-20000-strawberry-mango\/","url":"https:\/\/vozolvapen.de\/product\/hifancy-legend-20000-strawberry-mango\/","name":"Strawberry Mango HIFANCY LEGEND 20000 - vozolvapen","isPartOf":{"@id":"https:\/\/vozolvapen.de\/#website"},"primaryImageOfPage":{"@id":"https:\/\/vozolvapen.de\/product\/hifancy-legend-20000-strawberry-mango\/#primaryimage"},"image":{"@id":"https:\/\/vozolvapen.de\/product\/hifancy-legend-20000-strawberry-mango\/#primaryimage"},"thumbnailUrl":"https:\/\/vozolvapen.de\/wp-content\/uploads\/2025\/12\/HIFANCY-LEGEND-20000-Strawberry-Mango-3.webp","datePublished":"2025-12-28T10:16:02+00:00","dateModified":"2026-02-10T10:59:56+00:00","description":"Do\u015bwiadcz 20 000 zaci\u0105gni\u0119\u0107 truskawkowym mango dzi\u0119ki HIFANCY 20k. Posiada pe\u0142ny ekran, dwa tryby i 30 ml soku. Szybka dostawa na terenie UE!","breadcrumb":{"@id":"https:\/\/vozolvapen.de\/product\/hifancy-legend-20000-strawberry-mango\/#breadcrumb"},"inLanguage":"pl-PL","potentialAction":[{"@type":"ReadAction","target":["https:\/\/vozolvapen.de\/product\/hifancy-legend-20000-strawberry-mango\/"]}]},{"@type":"ImageObject","inLanguage":"pl-PL","@id":"https:\/\/vozolvapen.de\/product\/hifancy-legend-20000-strawberry-mango\/#primaryimage","url":"https:\/\/vozolvapen.de\/wp-content\/uploads\/2025\/12\/HIFANCY-LEGEND-20000-Strawberry-Mango-3.webp","contentUrl":"https:\/\/vozolvapen.de\/wp-content\/uploads\/2025\/12\/HIFANCY-LEGEND-20000-Strawberry-Mango-3.webp","width":1200,"height":1200,"caption":"HIFANCY LEGEND 20000 - Strawberry Mango (3)"},{"@type":"BreadcrumbList","@id":"https:\/\/vozolvapen.de\/product\/hifancy-legend-20000-strawberry-mango\/#breadcrumb","itemListElement":[{"@type":"ListItem","position":1,"name":"Home","item":"https:\/\/vozolvapen.de\/de\/"},{"@type":"ListItem","position":2,"name":"Shop","item":"https:\/\/vozolvapen.de\/shop\/"},{"@type":"ListItem","position":3,"name":"Hifancy Legend 20000 &#8211; Strawberry Mango"}]},{"@type":"WebSite","@id":"https:\/\/vozolvapen.de\/#website","url":"https:\/\/vozolvapen.de\/","name":"vozolvapen","description":"vozolvapen","publisher":{"@id":"https:\/\/vozolvapen.de\/#organization"},"potentialAction":[{"@type":"SearchAction","target":{"@type":"EntryPoint","urlTemplate":"https:\/\/vozolvapen.de\/?s={search_term_string}"},"query-input":{"@type":"PropertyValueSpecification","valueRequired":true,"valueName":"search_term_string"}}],"inLanguage":"pl-PL"},{"@type":"Organization","@id":"https:\/\/vozolvapen.de\/#organization","name":"vozolvapen","url":"https:\/\/vozolvapen.de\/","logo":{"@type":"ImageObject","inLanguage":"pl-PL","@id":"https:\/\/vozolvapen.de\/#\/schema\/logo\/image\/","url":"https:\/\/vozolvapen.de\/wp-content\/uploads\/2025\/12\/cropped-vozovapen-logo.webp","contentUrl":"https:\/\/vozolvapen.de\/wp-content\/uploads\/2025\/12\/cropped-vozovapen-logo.webp","width":470,"height":110,"caption":"vozolvapen"},"image":{"@id":"https:\/\/vozolvapen.de\/#\/schema\/logo\/image\/"}}]}},"tiered_pricing_type":"fixed","tiered_pricing_fixed_rules":{"30":"14.24","50":"10.6","100":"9.3","200":"8.5"},"tiered_pricing_product_settings":{"layout":"default","base_unit_name":{"singular":null,"plural":null},"default_variation":{}},"tiered_pricing_minimum_quantity":10,"tiered_pricing_roles_data":[],"tiered_pricing_percentage_rules":[],"tiered_pricing_maximum_quantity":null,"tiered_pricing_quantity_step":"10","_links":{"self":[{"href":"http:\/\/vozolvapen.de\/pl\/wp-json\/wp\/v2\/product\/45896","targetHints":{"allow":["GET"]}}],"collection":[{"href":"http:\/\/vozolvapen.de\/pl\/wp-json\/wp\/v2\/product"}],"about":[{"href":"http:\/\/vozolvapen.de\/pl\/wp-json\/wp\/v2\/types\/product"}],"replies":[{"embeddable":true,"href":"http:\/\/vozolvapen.de\/pl\/wp-json\/wp\/v2\/comments?post=45896"}],"wp:featuredmedia":[{"embeddable":true,"href":"http:\/\/vozolvapen.de\/pl\/wp-json\/wp\/v2\/media\/46238"}],"wp:attachment":[{"href":"http:\/\/vozolvapen.de\/pl\/wp-json\/wp\/v2\/media?parent=45896"}],"wp:term":[{"taxonomy":"product_brand","embeddable":true,"href":"http:\/\/vozolvapen.de\/pl\/wp-json\/wp\/v2\/product_brand?post=45896"},{"taxonomy":"product_cat","embeddable":true,"href":"http:\/\/vozolvapen.de\/pl\/wp-json\/wp\/v2\/product_cat?post=45896"},{"taxonomy":"product_tag","embeddable":true,"href":"http:\/\/vozolvapen.de\/pl\/wp-json\/wp\/v2\/product_tag?post=45896"}],"curies":[{"name":"wp","href":"https:\/\/api.w.org\/{rel}","templated":true}]}}