{"id":45930,"date":"2025-12-28T10:16:04","date_gmt":"2025-12-28T10:16:04","guid":{"rendered":"https:\/\/vozolvapen.de\/?post_type=product&#038;p=45930"},"modified":"2026-02-10T10:59:54","modified_gmt":"2026-02-10T10:59:54","slug":"hifancy-legend-20000-strawberry-watermelon","status":"publish","type":"product","link":"http:\/\/vozolvapen.de\/pl\/product\/hifancy-legend-20000-strawberry-watermelon\/","title":{"rendered":"Hifancy Legend 20000 - Truskawkowy arbuz"},"content":{"rendered":"<h1 data-path-to-node=\"8\"><b data-path-to-node=\"8\" data-index-in-node=\"0\">HIFANCY LEGEND 20000 Strawberry Watermelon: 20000 puff\u00f3w w trybie pe\u0142noekranowym i podw\u00f3jnym<\/b><\/h1>\n<p data-path-to-node=\"9\"><span class=\"\">Poznaj najpopularniejszy owocowy duet na \u015bwiecie dzi\u0119ki <\/span><b class=\"\" data-path-to-node=\"9\" data-index-in-node=\"55\">HIFANCY LEGEND 20000<\/b><span class=\"\"> Arbuz truskawkowy.<\/span><span class=\"\"> Ta od\u015bwie\u017caj\u0105ca kombinacja jest zoptymalizowana przez <\/span><b class=\"\" data-path-to-node=\"9\" data-index-in-node=\"147\">HIFANCY 20k<\/b><span class=\"\">\u2018dwutrybowy system ogrzewania,<\/span><span class=\"\"> zapewniaj\u0105c soczysty i rze\u015bki wdech za ka\u017cdym razem.<\/span><span class=\"\"> Z jego masywnym <\/span><b class=\"\" data-path-to-node=\"9\" data-index-in-node=\"250\">Pojemno\u015b\u0107 30 ml<\/b><span class=\"\"> i inteligentny <\/span><b class=\"\" data-path-to-node=\"9\" data-index-in-node=\"274\">Pe\u0142ny ekran<\/b><span class=\"\">,<\/span><span class=\"\"> \u015aledzenie danych dotycz\u0105cych waporyzacji nigdy nie by\u0142o \u0142atwiejsze.<\/span><\/p>\n<h2 data-path-to-node=\"10\"><b class=\"\" data-path-to-node=\"10\" data-index-in-node=\"0\">Profil smakowy i w\u0142a\u015bciwo\u015bci<\/b><\/h2>\n<p data-path-to-node=\"10\"><span class=\"\">Doskona\u0142a harmonia nawil\u017cenia,<\/span><span class=\"\"> chrupi\u0105cy arbuz i s\u0142odkie letnie truskawki.<\/span><span class=\"\"> U\u017cyj zintegrowanego <\/span><b class=\"\" data-path-to-node=\"10\" data-index-in-node=\"125\">Pe\u0142ny ekran<\/b><span class=\"\"> aby monitorowa\u0107 poziom na\u0142adowania baterii i energii, jednocze\u015bnie ciesz\u0105c si\u0119 p\u0142ynn\u0105 prac\u0105 1.<\/span><span class=\"\">0\u03a9.<\/span><span class=\"\"> The <\/span><b class=\"\" data-path-to-node=\"10\" data-index-in-node=\"238\">hifancy 20000 puff<\/b><span class=\"\"> Urz\u0105dzenie oferuje zr\u00f3wnowa\u017cony,<\/span><span class=\"\"> ca\u0142odzienny vape, kt\u00f3ry nigdy nie traci zapa\u0142u.<\/span><\/p>\n<h2 data-path-to-node=\"11\"><b class=\"\" data-path-to-node=\"11\" data-index-in-node=\"0\">Dla kogo przeznaczony jest ten smak?<\/b><\/h2>\n<p data-path-to-node=\"11\"><b class=\"\" data-path-to-node=\"11\" data-index-in-node=\"24\">Najlepszy wyb\u00f3r:<\/b><span class=\"\">Fani klasycznych po\u0142\u0105cze\u0144 owocowych, dla kt\u00f3rych priorytetem jest r\u00f3wnowaga,<\/span><span class=\"\"> orze\u017awiaj\u0105cy smak, kt\u00f3ry nie jest ani zbyt cierpki, ani zbyt s\u0142odki.<\/span><\/p>\n<h2>Tabela specyfikacji produktu Hifancy Legend 20000 Puffs<\/h2>\n<table data-path-to-node=\"9\">\n<thead>\n<tr>\n<td><strong>Specyfikacje wydajno\u015bci<\/strong><\/td>\n<td><strong>Specyfikacja HIFANCY 20000<\/strong><\/td>\n<\/tr>\n<\/thead>\n<tbody>\n<tr>\n<td><span data-path-to-node=\"9,1,0,0\"><b data-path-to-node=\"9,1,0,0\" data-index-in-node=\"0\">Ca\u0142kowity zbiornik<\/b><\/span><\/td>\n<td><span data-path-to-node=\"9,1,1,0\"><b data-path-to-node=\"9,1,1,0\" data-index-in-node=\"0\">Zbiornik o du\u017cej pojemno\u015bci 30 ml<\/b><\/span><\/td>\n<\/tr>\n<tr>\n<td><span data-path-to-node=\"9,2,0,0\"><b data-path-to-node=\"9,2,0,0\" data-index-in-node=\"0\">Zawarto\u015b\u0107 nikotyny<\/b><\/span><\/td>\n<td><span data-path-to-node=\"9,2,1,0\">2% (20 mg) \/ 3% (30 mg) \/ 5% (50 mg)<\/span><\/td>\n<\/tr>\n<tr>\n<td><span data-path-to-node=\"9,3,0,0\"><b data-path-to-node=\"9,3,0,0\" data-index-in-node=\"0\">Jednostka zasilaj\u0105ca<\/b><\/span><\/td>\n<td><span data-path-to-node=\"9,3,1,0\">Bateria litowa 750 mAh<\/span><\/td>\n<\/tr>\n<tr>\n<td><span data-path-to-node=\"9,4,0,0\"><b data-path-to-node=\"9,4,0,0\" data-index-in-node=\"0\">Cykl \u017cycia puffa<\/b><\/span><\/td>\n<td><span data-path-to-node=\"9,4,1,0\">20 000 zaci\u0105gni\u0119\u0107 (tryb standardowy)<\/span><\/td>\n<\/tr>\n<tr>\n<td><span data-path-to-node=\"9,5,0,0\"><b data-path-to-node=\"9,5,0,0\" data-index-in-node=\"0\">Coil Tech<\/b><\/span><\/td>\n<td><span data-path-to-node=\"9,5,1,0\">Siatka 1,0 Ohm (bogaty smak)<\/span><\/td>\n<\/tr>\n<tr>\n<td><span data-path-to-node=\"9,6,0,0\"><b data-path-to-node=\"9,6,0,0\" data-index-in-node=\"0\">Budowa podwozia<\/b><\/span><\/td>\n<td><span data-path-to-node=\"9,6,1,0\">Ergonomiczna przeno\u015bna seria Legend<\/span><\/td>\n<\/tr>\n<tr>\n<td><span data-path-to-node=\"9,7,0,0\"><b data-path-to-node=\"9,7,0,0\" data-index-in-node=\"0\">Wska\u017aniki<\/b><\/span><\/td>\n<td><span data-path-to-node=\"9,7,1,0\">Cyfrowa warto\u015b\u0107 procentowa oleju\/akumulatora<\/span><\/td>\n<\/tr>\n<\/tbody>\n<\/table>\n<h3 dir=\"auto\">Oto dalsze zalecenia dla Ciebie:<\/h3>\n<p dir=\"auto\">Odkryj jeszcze wi\u0119cej niesamowitych smak\u00f3w dzi\u0119ki Hifancy Legend 20000 Puff Vape!<\/p>\n<p dir=\"auto\"><a href=\"https:\/\/vozolvapen.de\/pl\/product-category\/hifancy-vape\/hifancy-legend-20000-puffs-vape\/\" target=\"_blank\" rel=\"noopener noreferrer nofollow\">Zobacz wszystkie odmiany tutaj \u2192<\/a><\/p>\n<p dir=\"auto\">Zapoznaj si\u0119 z nasz\u0105 pe\u0142n\u0105 kolekcj\u0105 i kupuj produkty najlepszych marek vape, kt\u00f3re pokochasz.<\/p>\n<p dir=\"auto\"><a href=\"https:\/\/vozolvapen.de\/pl\/\" target=\"_blank\" rel=\"noopener noreferrer nofollow\">Przegl\u0105daj teraz wszystkie marki \u2192<\/a><\/p>\n<p dir=\"auto\">Sprawd\u017a ca\u0142\u0105 seri\u0119 Hifancy Vape - ka\u017cdy smak, ka\u017cdy styl!<\/p>\n<p dir=\"auto\"><a href=\"https:\/\/vozolvapen.de\/pl\/product-category\/hifancy-vape\/\" target=\"_blank\" rel=\"noopener noreferrer nofollow\">Zobacz pe\u0142n\u0105 kolekcj\u0119 Hifancy Vape \u2192<\/a><\/p>","protected":false},"excerpt":{"rendered":"<p>Ulubiony duet na \u015bwiecie. To <b data-path-to-node=\"3,2,3,0\" data-index-in-node=\"31\">Jednorazowy vape 20000 puff<\/b> zapewnia rze\u015bkie, nawil\u017caj\u0105ce uderzenie arbuza i s\u0142odkich jag\u00f3d przy ka\u017cdym legendarnym zaci\u0105gni\u0119ciu.<\/p>","protected":false},"featured_media":46241,"comment_status":"open","ping_status":"closed","template":"","meta":{"_acf_changed":false},"product_brand":[],"product_cat":[134,100],"product_tag":[],"class_list":{"0":"post-45930","1":"product","2":"type-product","3":"status-publish","4":"has-post-thumbnail","6":"product_cat-eu-warehouse-in-stock","7":"product_cat-hifancy-legend-20000-puffs-vape","9":"first","10":"instock","11":"shipping-taxable","12":"purchasable","13":"product-type-variable"},"acf":[],"yoast_head":"<!-- This site is optimized with the Yoast SEO Premium plugin v26.1 (Yoast SEO v27.5) - https:\/\/yoast.com\/product\/yoast-seo-premium-wordpress\/ -->\n<title>HIFANCY 20k Strawberry Watermelon 20000 Puffs - vozolvapen<\/title>\n<meta name=\"description\" content=\"Shop the Strawberry Watermelon HIFANCY LEGEND 20000. 30mL capacity, Smart Display, and 20k puffs. Duty-free shipping from EU warehouse.\" \/>\n<meta name=\"robots\" content=\"index, follow, max-snippet:-1, max-image-preview:large, max-video-preview:-1\" \/>\n<link rel=\"canonical\" href=\"https:\/\/vozolvapen.de\/pl\/product\/hifancy-legend-20000-strawberry-watermelon\/\" \/>\n<meta property=\"og:locale\" content=\"pl_PL\" \/>\n<meta property=\"og:type\" content=\"article\" \/>\n<meta property=\"og:title\" content=\"Hifancy Legend 20000 - Strawberry Watermelon\" \/>\n<meta property=\"og:description\" content=\"Shop the Strawberry Watermelon HIFANCY LEGEND 20000. 30mL capacity, Smart Display, and 20k puffs. Duty-free shipping from EU warehouse.\" \/>\n<meta property=\"og:url\" content=\"https:\/\/vozolvapen.de\/pl\/product\/hifancy-legend-20000-strawberry-watermelon\/\" \/>\n<meta property=\"og:site_name\" content=\"vozolvapen\" \/>\n<meta property=\"article:modified_time\" content=\"2026-02-10T10:59:54+00:00\" \/>\n<meta property=\"og:image\" content=\"https:\/\/vozolvapen.de\/wp-content\/uploads\/2025\/12\/HIFANCY-LEGEND-20000-Strawberry-Watermelon-2.webp\" \/>\n\t<meta property=\"og:image:width\" content=\"1200\" \/>\n\t<meta property=\"og:image:height\" content=\"1200\" \/>\n\t<meta property=\"og:image:type\" content=\"image\/webp\" \/>\n<meta name=\"twitter:card\" content=\"summary_large_image\" \/>\n<meta name=\"twitter:label1\" content=\"Szacowany czas czytania\" \/>\n\t<meta name=\"twitter:data1\" content=\"2 minuty\" \/>\n<script type=\"application\/ld+json\" class=\"yoast-schema-graph\">{\"@context\":\"https:\\\/\\\/schema.org\",\"@graph\":[{\"@type\":\"WebPage\",\"@id\":\"https:\\\/\\\/vozolvapen.de\\\/product\\\/hifancy-legend-20000-strawberry-watermelon\\\/\",\"url\":\"https:\\\/\\\/vozolvapen.de\\\/product\\\/hifancy-legend-20000-strawberry-watermelon\\\/\",\"name\":\"HIFANCY 20k Strawberry Watermelon 20000 Puffs - vozolvapen\",\"isPartOf\":{\"@id\":\"https:\\\/\\\/vozolvapen.de\\\/#website\"},\"primaryImageOfPage\":{\"@id\":\"https:\\\/\\\/vozolvapen.de\\\/product\\\/hifancy-legend-20000-strawberry-watermelon\\\/#primaryimage\"},\"image\":{\"@id\":\"https:\\\/\\\/vozolvapen.de\\\/product\\\/hifancy-legend-20000-strawberry-watermelon\\\/#primaryimage\"},\"thumbnailUrl\":\"https:\\\/\\\/vozolvapen.de\\\/wp-content\\\/uploads\\\/2025\\\/12\\\/HIFANCY-LEGEND-20000-Strawberry-Watermelon-2.webp\",\"datePublished\":\"2025-12-28T10:16:04+00:00\",\"dateModified\":\"2026-02-10T10:59:54+00:00\",\"description\":\"Shop the Strawberry Watermelon HIFANCY LEGEND 20000. 30mL capacity, Smart Display, and 20k puffs. Duty-free shipping from EU warehouse.\",\"breadcrumb\":{\"@id\":\"https:\\\/\\\/vozolvapen.de\\\/product\\\/hifancy-legend-20000-strawberry-watermelon\\\/#breadcrumb\"},\"inLanguage\":\"pl-PL\",\"potentialAction\":[{\"@type\":\"ReadAction\",\"target\":[\"https:\\\/\\\/vozolvapen.de\\\/product\\\/hifancy-legend-20000-strawberry-watermelon\\\/\"]}]},{\"@type\":\"ImageObject\",\"inLanguage\":\"pl-PL\",\"@id\":\"https:\\\/\\\/vozolvapen.de\\\/product\\\/hifancy-legend-20000-strawberry-watermelon\\\/#primaryimage\",\"url\":\"https:\\\/\\\/vozolvapen.de\\\/wp-content\\\/uploads\\\/2025\\\/12\\\/HIFANCY-LEGEND-20000-Strawberry-Watermelon-2.webp\",\"contentUrl\":\"https:\\\/\\\/vozolvapen.de\\\/wp-content\\\/uploads\\\/2025\\\/12\\\/HIFANCY-LEGEND-20000-Strawberry-Watermelon-2.webp\",\"width\":1200,\"height\":1200,\"caption\":\"HIFANCY LEGEND 20000 - Strawberry Watermelon (2)\"},{\"@type\":\"BreadcrumbList\",\"@id\":\"https:\\\/\\\/vozolvapen.de\\\/product\\\/hifancy-legend-20000-strawberry-watermelon\\\/#breadcrumb\",\"itemListElement\":[{\"@type\":\"ListItem\",\"position\":1,\"name\":\"Home\",\"item\":\"https:\\\/\\\/vozolvapen.de\\\/de\\\/\"},{\"@type\":\"ListItem\",\"position\":2,\"name\":\"Shop\",\"item\":\"https:\\\/\\\/vozolvapen.de\\\/shop\\\/\"},{\"@type\":\"ListItem\",\"position\":3,\"name\":\"Hifancy Legend 20000 &#8211; Strawberry Watermelon\"}]},{\"@type\":\"WebSite\",\"@id\":\"https:\\\/\\\/vozolvapen.de\\\/#website\",\"url\":\"https:\\\/\\\/vozolvapen.de\\\/\",\"name\":\"vozolvapen\",\"description\":\"vozolvapen\",\"publisher\":{\"@id\":\"https:\\\/\\\/vozolvapen.de\\\/#organization\"},\"potentialAction\":[{\"@type\":\"SearchAction\",\"target\":{\"@type\":\"EntryPoint\",\"urlTemplate\":\"https:\\\/\\\/vozolvapen.de\\\/?s={search_term_string}\"},\"query-input\":{\"@type\":\"PropertyValueSpecification\",\"valueRequired\":true,\"valueName\":\"search_term_string\"}}],\"inLanguage\":\"pl-PL\"},{\"@type\":\"Organization\",\"@id\":\"https:\\\/\\\/vozolvapen.de\\\/#organization\",\"name\":\"vozolvapen\",\"url\":\"https:\\\/\\\/vozolvapen.de\\\/\",\"logo\":{\"@type\":\"ImageObject\",\"inLanguage\":\"pl-PL\",\"@id\":\"https:\\\/\\\/vozolvapen.de\\\/#\\\/schema\\\/logo\\\/image\\\/\",\"url\":\"https:\\\/\\\/vozolvapen.de\\\/wp-content\\\/uploads\\\/2025\\\/12\\\/cropped-vozovapen-logo.webp\",\"contentUrl\":\"https:\\\/\\\/vozolvapen.de\\\/wp-content\\\/uploads\\\/2025\\\/12\\\/cropped-vozovapen-logo.webp\",\"width\":470,\"height\":110,\"caption\":\"vozolvapen\"},\"image\":{\"@id\":\"https:\\\/\\\/vozolvapen.de\\\/#\\\/schema\\\/logo\\\/image\\\/\"}}]}<\/script>\n<!-- \/ Yoast SEO Premium plugin. -->","yoast_head_json":{"title":"HIFANCY 20k Strawberry Watermelon 20000 Puffs - vozolvapen","description":"Kup Truskawkowy Arbuz HIFANCY LEGEND 20000. Pojemno\u015b\u0107 30 ml, inteligentny wy\u015bwietlacz i 20 tys. zaci\u0105gni\u0119\u0107. Bezc\u0142owa wysy\u0142ka z magazynu w UE.","robots":{"index":"index","follow":"follow","max-snippet":"max-snippet:-1","max-image-preview":"max-image-preview:large","max-video-preview":"max-video-preview:-1"},"canonical":"https:\/\/vozolvapen.de\/pl\/product\/hifancy-legend-20000-strawberry-watermelon\/","og_locale":"pl_PL","og_type":"article","og_title":"Hifancy Legend 20000 - Strawberry Watermelon","og_description":"Shop the Strawberry Watermelon HIFANCY LEGEND 20000. 30mL capacity, Smart Display, and 20k puffs. Duty-free shipping from EU warehouse.","og_url":"https:\/\/vozolvapen.de\/pl\/product\/hifancy-legend-20000-strawberry-watermelon\/","og_site_name":"vozolvapen","article_modified_time":"2026-02-10T10:59:54+00:00","og_image":[{"width":1200,"height":1200,"url":"https:\/\/vozolvapen.de\/wp-content\/uploads\/2025\/12\/HIFANCY-LEGEND-20000-Strawberry-Watermelon-2.webp","type":"image\/webp"}],"twitter_card":"summary_large_image","twitter_misc":{"Szacowany czas czytania":"2 minuty"},"schema":{"@context":"https:\/\/schema.org","@graph":[{"@type":"WebPage","@id":"https:\/\/vozolvapen.de\/product\/hifancy-legend-20000-strawberry-watermelon\/","url":"https:\/\/vozolvapen.de\/product\/hifancy-legend-20000-strawberry-watermelon\/","name":"HIFANCY 20k Strawberry Watermelon 20000 Puffs - vozolvapen","isPartOf":{"@id":"https:\/\/vozolvapen.de\/#website"},"primaryImageOfPage":{"@id":"https:\/\/vozolvapen.de\/product\/hifancy-legend-20000-strawberry-watermelon\/#primaryimage"},"image":{"@id":"https:\/\/vozolvapen.de\/product\/hifancy-legend-20000-strawberry-watermelon\/#primaryimage"},"thumbnailUrl":"https:\/\/vozolvapen.de\/wp-content\/uploads\/2025\/12\/HIFANCY-LEGEND-20000-Strawberry-Watermelon-2.webp","datePublished":"2025-12-28T10:16:04+00:00","dateModified":"2026-02-10T10:59:54+00:00","description":"Kup Truskawkowy Arbuz HIFANCY LEGEND 20000. Pojemno\u015b\u0107 30 ml, inteligentny wy\u015bwietlacz i 20 tys. zaci\u0105gni\u0119\u0107. Bezc\u0142owa wysy\u0142ka z magazynu w UE.","breadcrumb":{"@id":"https:\/\/vozolvapen.de\/product\/hifancy-legend-20000-strawberry-watermelon\/#breadcrumb"},"inLanguage":"pl-PL","potentialAction":[{"@type":"ReadAction","target":["https:\/\/vozolvapen.de\/product\/hifancy-legend-20000-strawberry-watermelon\/"]}]},{"@type":"ImageObject","inLanguage":"pl-PL","@id":"https:\/\/vozolvapen.de\/product\/hifancy-legend-20000-strawberry-watermelon\/#primaryimage","url":"https:\/\/vozolvapen.de\/wp-content\/uploads\/2025\/12\/HIFANCY-LEGEND-20000-Strawberry-Watermelon-2.webp","contentUrl":"https:\/\/vozolvapen.de\/wp-content\/uploads\/2025\/12\/HIFANCY-LEGEND-20000-Strawberry-Watermelon-2.webp","width":1200,"height":1200,"caption":"HIFANCY LEGEND 20000 - Strawberry Watermelon (2)"},{"@type":"BreadcrumbList","@id":"https:\/\/vozolvapen.de\/product\/hifancy-legend-20000-strawberry-watermelon\/#breadcrumb","itemListElement":[{"@type":"ListItem","position":1,"name":"Home","item":"https:\/\/vozolvapen.de\/de\/"},{"@type":"ListItem","position":2,"name":"Shop","item":"https:\/\/vozolvapen.de\/shop\/"},{"@type":"ListItem","position":3,"name":"Hifancy Legend 20000 &#8211; Strawberry Watermelon"}]},{"@type":"WebSite","@id":"https:\/\/vozolvapen.de\/#website","url":"https:\/\/vozolvapen.de\/","name":"vozolvapen","description":"vozolvapen","publisher":{"@id":"https:\/\/vozolvapen.de\/#organization"},"potentialAction":[{"@type":"SearchAction","target":{"@type":"EntryPoint","urlTemplate":"https:\/\/vozolvapen.de\/?s={search_term_string}"},"query-input":{"@type":"PropertyValueSpecification","valueRequired":true,"valueName":"search_term_string"}}],"inLanguage":"pl-PL"},{"@type":"Organization","@id":"https:\/\/vozolvapen.de\/#organization","name":"vozolvapen","url":"https:\/\/vozolvapen.de\/","logo":{"@type":"ImageObject","inLanguage":"pl-PL","@id":"https:\/\/vozolvapen.de\/#\/schema\/logo\/image\/","url":"https:\/\/vozolvapen.de\/wp-content\/uploads\/2025\/12\/cropped-vozovapen-logo.webp","contentUrl":"https:\/\/vozolvapen.de\/wp-content\/uploads\/2025\/12\/cropped-vozovapen-logo.webp","width":470,"height":110,"caption":"vozolvapen"},"image":{"@id":"https:\/\/vozolvapen.de\/#\/schema\/logo\/image\/"}}]}},"tiered_pricing_type":"fixed","tiered_pricing_fixed_rules":{"30":"14.24","50":"10.6","100":"9.3","200":"8.5"},"tiered_pricing_product_settings":{"layout":"default","base_unit_name":{"singular":null,"plural":null},"default_variation":{}},"tiered_pricing_minimum_quantity":10,"tiered_pricing_roles_data":[],"tiered_pricing_percentage_rules":[],"tiered_pricing_maximum_quantity":null,"tiered_pricing_quantity_step":"10","_links":{"self":[{"href":"http:\/\/vozolvapen.de\/pl\/wp-json\/wp\/v2\/product\/45930","targetHints":{"allow":["GET"]}}],"collection":[{"href":"http:\/\/vozolvapen.de\/pl\/wp-json\/wp\/v2\/product"}],"about":[{"href":"http:\/\/vozolvapen.de\/pl\/wp-json\/wp\/v2\/types\/product"}],"replies":[{"embeddable":true,"href":"http:\/\/vozolvapen.de\/pl\/wp-json\/wp\/v2\/comments?post=45930"}],"wp:featuredmedia":[{"embeddable":true,"href":"http:\/\/vozolvapen.de\/pl\/wp-json\/wp\/v2\/media\/46241"}],"wp:attachment":[{"href":"http:\/\/vozolvapen.de\/pl\/wp-json\/wp\/v2\/media?parent=45930"}],"wp:term":[{"taxonomy":"product_brand","embeddable":true,"href":"http:\/\/vozolvapen.de\/pl\/wp-json\/wp\/v2\/product_brand?post=45930"},{"taxonomy":"product_cat","embeddable":true,"href":"http:\/\/vozolvapen.de\/pl\/wp-json\/wp\/v2\/product_cat?post=45930"},{"taxonomy":"product_tag","embeddable":true,"href":"http:\/\/vozolvapen.de\/pl\/wp-json\/wp\/v2\/product_tag?post=45930"}],"curies":[{"name":"wp","href":"https:\/\/api.w.org\/{rel}","templated":true}]}}