{"id":45964,"date":"2025-12-28T10:16:06","date_gmt":"2025-12-28T10:16:06","guid":{"rendered":"https:\/\/vozolvapen.de\/?post_type=product&#038;p=45964"},"modified":"2026-02-10T10:59:50","modified_gmt":"2026-02-10T10:59:50","slug":"hifancy-legend-20000-energy-drink","status":"publish","type":"product","link":"http:\/\/vozolvapen.de\/pl\/product\/hifancy-legend-20000-energy-drink\/","title":{"rendered":"Hifancy Legend 20000 - Nap\u00f3j energetyczny"},"content":{"rendered":"<h1 data-path-to-node=\"13\"><b data-path-to-node=\"13\" data-index-in-node=\"0\">HIFANCY LEGEND 20000 Energy Drink: 20000 Puff\u00f3w Pe\u0142ny ekran i podw\u00f3jny tryb<\/b><\/h1>\n<p data-path-to-node=\"14\">Uzyskaj ekscytuj\u0105cy smak swojego ulubionego napoju dzi\u0119ki <b data-path-to-node=\"14\" data-index-in-node=\"62\">HIFANCY LEGEND 20000<\/b> Nap\u00f3j energetyczny. Ten pikantny i lekko gazowany profil o\u017cywa dzi\u0119ki wysokiej wydajno\u015bci <b data-path-to-node=\"14\" data-index-in-node=\"178\">20k puff\u00f3w vape<\/b> technologia. Akumulator o pojemno\u015bci 750 mAh zapewnia moc pozwalaj\u0105c\u0105 na utrzymanie energii przez 20 000 zaci\u0105gni\u0119\u0107.<\/p>\n<h2 data-path-to-node=\"15\"><b data-path-to-node=\"15\" data-index-in-node=\"0\">Profil smakowy i w\u0142a\u015bciwo\u015bci<\/b><\/h2>\n<p data-path-to-node=\"15\">Ten profil odtwarza ostre, inspirowane tauryn\u0105 nuty klasycznego napoju energetycznego z ch\u0142odnym, musuj\u0105cym wyko\u0144czeniem. Prze\u0142\u0105czaj mi\u0119dzy <b data-path-to-node=\"15\" data-index-in-node=\"160\">Dwa tryby ogrzewania<\/b> aby znale\u017a\u0107 preferowan\u0105 intensywno\u015b\u0107. W przypadku <b data-path-to-node=\"15\" data-index-in-node=\"216\">hifancy 20k<\/b> zapewnia idealne po\u0142\u0105czenie zaawansowanej technologicznie estetyki i odwa\u017cnego smaku inspirowanego napojami.<\/p>\n<h2 data-path-to-node=\"16\"><b data-path-to-node=\"16\" data-index-in-node=\"0\">Dla kogo przeznaczony jest ten smak?<\/b><\/h2>\n<p data-path-to-node=\"16\"><b data-path-to-node=\"16\" data-index-in-node=\"24\">Najlepszy wyb\u00f3r:<\/b> Vaperzy poszukuj\u0105cy smaku \u201cna pobudzenie\u201d, kt\u00f3ry jest pikantny, wyj\u0105tkowy i r\u00f3\u017cni si\u0119 od tradycyjnych mieszanek owocowych.<\/p>\n<h2>Tabela specyfikacji produktu Hifancy Legend 20000 Puffs<\/h2>\n<table data-path-to-node=\"13\">\n<thead>\n<tr>\n<td><strong>Sprz\u0119t urz\u0105dzenia<\/strong><\/td>\n<td><strong>Profil HIFANCY 20k Legend<\/strong><\/td>\n<\/tr>\n<\/thead>\n<tbody>\n<tr>\n<td><span data-path-to-node=\"13,1,0,0\"><b data-path-to-node=\"13,1,0,0\" data-index-in-node=\"0\">Bateria wewn\u0119trzna<\/b><\/span><\/td>\n<td><span data-path-to-node=\"13,1,1,0\">Akumulator 750 mAh<\/span><\/td>\n<\/tr>\n<tr>\n<td><span data-path-to-node=\"13,2,0,0\"><b data-path-to-node=\"13,2,0,0\" data-index-in-node=\"0\">Op\u00f3r atomizera<\/b><\/span><\/td>\n<td><span data-path-to-node=\"13,2,1,0\">Technologia siatki 1.0\u03a9<\/span><\/td>\n<\/tr>\n<tr>\n<td><span data-path-to-node=\"13,3,0,0\"><b data-path-to-node=\"13,3,0,0\" data-index-in-node=\"0\">Port \u0142adowania<\/b><\/span><\/td>\n<td><span data-path-to-node=\"13,3,1,0\"><b data-path-to-node=\"13,3,1,0\" data-index-in-node=\"0\">Szybkie \u0142adowanie typu C<\/b><\/span><\/td>\n<\/tr>\n<tr>\n<td><span data-path-to-node=\"13,4,0,0\"><b data-path-to-node=\"13,4,0,0\" data-index-in-node=\"0\">Wst\u0119pne nape\u0142nianie E-Liquid<\/b><\/span><\/td>\n<td><span data-path-to-node=\"13,4,1,0\">30 ml Premium Salt Nic<\/span><\/td>\n<\/tr>\n<tr>\n<td><span data-path-to-node=\"13,5,0,0\"><b data-path-to-node=\"13,5,0,0\" data-index-in-node=\"0\">Regulacja wyj\u015bcia<\/b><\/span><\/td>\n<td><span data-path-to-node=\"13,5,1,0\">Podw\u00f3jne tryby zasilania (Boost\/Standard)<\/span><\/td>\n<\/tr>\n<tr>\n<td><span data-path-to-node=\"13,6,0,0\"><b data-path-to-node=\"13,6,0,0\" data-index-in-node=\"0\">Monitorowanie<\/b><\/span><\/td>\n<td><span data-path-to-node=\"13,6,1,0\">Informacje zwrotne dotycz\u0105ce ekranu Full HD<\/span><\/td>\n<\/tr>\n<tr>\n<td><span data-path-to-node=\"13,7,0,0\"><b data-path-to-node=\"13,7,0,0\" data-index-in-node=\"0\">Opakowanie<\/b><\/span><\/td>\n<td><span data-path-to-node=\"13,7,1,0\">Standardowo 10 sztuk w opakowaniu<\/span><\/td>\n<\/tr>\n<\/tbody>\n<\/table>\n<h3 dir=\"auto\">Oto dalsze zalecenia dla Ciebie:<\/h3>\n<p dir=\"auto\">Odkryj jeszcze wi\u0119cej niesamowitych smak\u00f3w dzi\u0119ki Hifancy Legend 20000 Puff Vape!<\/p>\n<p dir=\"auto\"><a href=\"https:\/\/vozolvapen.de\/pl\/product-category\/hifancy-vape\/hifancy-legend-20000-puffs-vape\/\" target=\"_blank\" rel=\"noopener noreferrer nofollow\">Zobacz wszystkie odmiany tutaj \u2192<\/a><\/p>\n<p dir=\"auto\">Zapoznaj si\u0119 z nasz\u0105 pe\u0142n\u0105 kolekcj\u0105 i kupuj produkty najlepszych marek vape, kt\u00f3re pokochasz.<\/p>\n<p dir=\"auto\"><a href=\"https:\/\/vozolvapen.de\/pl\/\" target=\"_blank\" rel=\"noopener noreferrer nofollow\">Przegl\u0105daj teraz wszystkie marki \u2192<\/a><\/p>\n<p dir=\"auto\">Sprawd\u017a ca\u0142\u0105 seri\u0119 Hifancy Vape - ka\u017cdy smak, ka\u017cdy styl!<\/p>\n<p dir=\"auto\"><a href=\"https:\/\/vozolvapen.de\/pl\/product-category\/hifancy-vape\/\" target=\"_blank\" rel=\"noopener noreferrer nofollow\">Zobacz pe\u0142n\u0105 kolekcj\u0119 Hifancy Vape \u2192<\/a><\/p>","protected":false},"excerpt":{"rendered":"<p>Pikantny, ekscytuj\u0105cy i odwa\u017cny. To <b data-path-to-node=\"3,3,3,0\" data-index-in-node=\"36\">HIFANCY 20000<\/b> smak imituje ulubiony gazowany nap\u00f3j energetyczny, a tryb Boost zapewnia dodatkow\u0105 intensywno\u015b\u0107.<\/p>","protected":false},"featured_media":46244,"comment_status":"open","ping_status":"closed","template":"","meta":{"_acf_changed":false},"product_brand":[],"product_cat":[134,100],"product_tag":[],"class_list":{"0":"post-45964","1":"product","2":"type-product","3":"status-publish","4":"has-post-thumbnail","6":"product_cat-eu-warehouse-in-stock","7":"product_cat-hifancy-legend-20000-puffs-vape","9":"first","10":"instock","11":"shipping-taxable","12":"purchasable","13":"product-type-variable"},"acf":[],"yoast_head":"<!-- This site is optimized with the Yoast SEO Premium plugin v26.1 (Yoast SEO v27.5) - https:\/\/yoast.com\/product\/yoast-seo-premium-wordpress\/ -->\n<title>Energy Drink HIFANCY LEGEND 20k Vape - vozolvapen<\/title>\n<meta name=\"description\" content=\"Get the buzz with Energy Drink flavor from HIFANCY 20000. Full Screen, Dual Heating Modes, and Type-C charging. Order your 20k puffs now!\" \/>\n<meta name=\"robots\" content=\"index, follow, max-snippet:-1, max-image-preview:large, max-video-preview:-1\" \/>\n<link rel=\"canonical\" href=\"https:\/\/vozolvapen.de\/pl\/product\/hifancy-legend-20000-energy-drink\/\" \/>\n<meta property=\"og:locale\" content=\"pl_PL\" \/>\n<meta property=\"og:type\" content=\"article\" \/>\n<meta property=\"og:title\" content=\"Hifancy Legend 20000 - Energy Drink\" \/>\n<meta property=\"og:description\" content=\"Get the buzz with Energy Drink flavor from HIFANCY 20000. Full Screen, Dual Heating Modes, and Type-C charging. Order your 20k puffs now!\" \/>\n<meta property=\"og:url\" content=\"https:\/\/vozolvapen.de\/pl\/product\/hifancy-legend-20000-energy-drink\/\" \/>\n<meta property=\"og:site_name\" content=\"vozolvapen\" \/>\n<meta property=\"article:modified_time\" content=\"2026-02-10T10:59:50+00:00\" \/>\n<meta property=\"og:image\" content=\"https:\/\/vozolvapen.de\/wp-content\/uploads\/2025\/12\/HIFANCY-LEGEND-20000-Energy-Drink-3.webp\" \/>\n\t<meta property=\"og:image:width\" content=\"1200\" \/>\n\t<meta property=\"og:image:height\" content=\"1200\" \/>\n\t<meta property=\"og:image:type\" content=\"image\/webp\" \/>\n<meta name=\"twitter:card\" content=\"summary_large_image\" \/>\n<meta name=\"twitter:label1\" content=\"Szacowany czas czytania\" \/>\n\t<meta name=\"twitter:data1\" content=\"2 minuty\" \/>\n<script type=\"application\/ld+json\" class=\"yoast-schema-graph\">{\"@context\":\"https:\\\/\\\/schema.org\",\"@graph\":[{\"@type\":\"WebPage\",\"@id\":\"https:\\\/\\\/vozolvapen.de\\\/product\\\/hifancy-legend-20000-energy-drink\\\/\",\"url\":\"https:\\\/\\\/vozolvapen.de\\\/product\\\/hifancy-legend-20000-energy-drink\\\/\",\"name\":\"Energy Drink HIFANCY LEGEND 20k Vape - vozolvapen\",\"isPartOf\":{\"@id\":\"https:\\\/\\\/vozolvapen.de\\\/#website\"},\"primaryImageOfPage\":{\"@id\":\"https:\\\/\\\/vozolvapen.de\\\/product\\\/hifancy-legend-20000-energy-drink\\\/#primaryimage\"},\"image\":{\"@id\":\"https:\\\/\\\/vozolvapen.de\\\/product\\\/hifancy-legend-20000-energy-drink\\\/#primaryimage\"},\"thumbnailUrl\":\"https:\\\/\\\/vozolvapen.de\\\/wp-content\\\/uploads\\\/2025\\\/12\\\/HIFANCY-LEGEND-20000-Energy-Drink-3.webp\",\"datePublished\":\"2025-12-28T10:16:06+00:00\",\"dateModified\":\"2026-02-10T10:59:50+00:00\",\"description\":\"Get the buzz with Energy Drink flavor from HIFANCY 20000. Full Screen, Dual Heating Modes, and Type-C charging. Order your 20k puffs now!\",\"breadcrumb\":{\"@id\":\"https:\\\/\\\/vozolvapen.de\\\/product\\\/hifancy-legend-20000-energy-drink\\\/#breadcrumb\"},\"inLanguage\":\"pl-PL\",\"potentialAction\":[{\"@type\":\"ReadAction\",\"target\":[\"https:\\\/\\\/vozolvapen.de\\\/product\\\/hifancy-legend-20000-energy-drink\\\/\"]}]},{\"@type\":\"ImageObject\",\"inLanguage\":\"pl-PL\",\"@id\":\"https:\\\/\\\/vozolvapen.de\\\/product\\\/hifancy-legend-20000-energy-drink\\\/#primaryimage\",\"url\":\"https:\\\/\\\/vozolvapen.de\\\/wp-content\\\/uploads\\\/2025\\\/12\\\/HIFANCY-LEGEND-20000-Energy-Drink-3.webp\",\"contentUrl\":\"https:\\\/\\\/vozolvapen.de\\\/wp-content\\\/uploads\\\/2025\\\/12\\\/HIFANCY-LEGEND-20000-Energy-Drink-3.webp\",\"width\":1200,\"height\":1200,\"caption\":\"HIFANCY LEGEND 20000 - Energy Drink (3)\"},{\"@type\":\"BreadcrumbList\",\"@id\":\"https:\\\/\\\/vozolvapen.de\\\/product\\\/hifancy-legend-20000-energy-drink\\\/#breadcrumb\",\"itemListElement\":[{\"@type\":\"ListItem\",\"position\":1,\"name\":\"Home\",\"item\":\"https:\\\/\\\/vozolvapen.de\\\/de\\\/\"},{\"@type\":\"ListItem\",\"position\":2,\"name\":\"Shop\",\"item\":\"https:\\\/\\\/vozolvapen.de\\\/shop\\\/\"},{\"@type\":\"ListItem\",\"position\":3,\"name\":\"Hifancy Legend 20000 &#8211; Energy Drink\"}]},{\"@type\":\"WebSite\",\"@id\":\"https:\\\/\\\/vozolvapen.de\\\/#website\",\"url\":\"https:\\\/\\\/vozolvapen.de\\\/\",\"name\":\"vozolvapen\",\"description\":\"vozolvapen\",\"publisher\":{\"@id\":\"https:\\\/\\\/vozolvapen.de\\\/#organization\"},\"potentialAction\":[{\"@type\":\"SearchAction\",\"target\":{\"@type\":\"EntryPoint\",\"urlTemplate\":\"https:\\\/\\\/vozolvapen.de\\\/?s={search_term_string}\"},\"query-input\":{\"@type\":\"PropertyValueSpecification\",\"valueRequired\":true,\"valueName\":\"search_term_string\"}}],\"inLanguage\":\"pl-PL\"},{\"@type\":\"Organization\",\"@id\":\"https:\\\/\\\/vozolvapen.de\\\/#organization\",\"name\":\"vozolvapen\",\"url\":\"https:\\\/\\\/vozolvapen.de\\\/\",\"logo\":{\"@type\":\"ImageObject\",\"inLanguage\":\"pl-PL\",\"@id\":\"https:\\\/\\\/vozolvapen.de\\\/#\\\/schema\\\/logo\\\/image\\\/\",\"url\":\"https:\\\/\\\/vozolvapen.de\\\/wp-content\\\/uploads\\\/2025\\\/12\\\/cropped-vozovapen-logo.webp\",\"contentUrl\":\"https:\\\/\\\/vozolvapen.de\\\/wp-content\\\/uploads\\\/2025\\\/12\\\/cropped-vozovapen-logo.webp\",\"width\":470,\"height\":110,\"caption\":\"vozolvapen\"},\"image\":{\"@id\":\"https:\\\/\\\/vozolvapen.de\\\/#\\\/schema\\\/logo\\\/image\\\/\"}}]}<\/script>\n<!-- \/ Yoast SEO Premium plugin. -->","yoast_head_json":{"title":"Energy Drink HIFANCY LEGEND 20k Vape - vozolvapen","description":"Poczuj smak napoju energetycznego od HIFANCY 20000. Pe\u0142ny ekran, podw\u00f3jne tryby ogrzewania i \u0142adowanie typu C. Zam\u00f3w 20 tysi\u0119cy zaci\u0105gni\u0119\u0107 ju\u017c teraz!","robots":{"index":"index","follow":"follow","max-snippet":"max-snippet:-1","max-image-preview":"max-image-preview:large","max-video-preview":"max-video-preview:-1"},"canonical":"https:\/\/vozolvapen.de\/pl\/product\/hifancy-legend-20000-energy-drink\/","og_locale":"pl_PL","og_type":"article","og_title":"Hifancy Legend 20000 - Energy Drink","og_description":"Get the buzz with Energy Drink flavor from HIFANCY 20000. Full Screen, Dual Heating Modes, and Type-C charging. Order your 20k puffs now!","og_url":"https:\/\/vozolvapen.de\/pl\/product\/hifancy-legend-20000-energy-drink\/","og_site_name":"vozolvapen","article_modified_time":"2026-02-10T10:59:50+00:00","og_image":[{"width":1200,"height":1200,"url":"https:\/\/vozolvapen.de\/wp-content\/uploads\/2025\/12\/HIFANCY-LEGEND-20000-Energy-Drink-3.webp","type":"image\/webp"}],"twitter_card":"summary_large_image","twitter_misc":{"Szacowany czas czytania":"2 minuty"},"schema":{"@context":"https:\/\/schema.org","@graph":[{"@type":"WebPage","@id":"https:\/\/vozolvapen.de\/product\/hifancy-legend-20000-energy-drink\/","url":"https:\/\/vozolvapen.de\/product\/hifancy-legend-20000-energy-drink\/","name":"Energy Drink HIFANCY LEGEND 20k Vape - vozolvapen","isPartOf":{"@id":"https:\/\/vozolvapen.de\/#website"},"primaryImageOfPage":{"@id":"https:\/\/vozolvapen.de\/product\/hifancy-legend-20000-energy-drink\/#primaryimage"},"image":{"@id":"https:\/\/vozolvapen.de\/product\/hifancy-legend-20000-energy-drink\/#primaryimage"},"thumbnailUrl":"https:\/\/vozolvapen.de\/wp-content\/uploads\/2025\/12\/HIFANCY-LEGEND-20000-Energy-Drink-3.webp","datePublished":"2025-12-28T10:16:06+00:00","dateModified":"2026-02-10T10:59:50+00:00","description":"Poczuj smak napoju energetycznego od HIFANCY 20000. Pe\u0142ny ekran, podw\u00f3jne tryby ogrzewania i \u0142adowanie typu C. Zam\u00f3w 20 tysi\u0119cy zaci\u0105gni\u0119\u0107 ju\u017c teraz!","breadcrumb":{"@id":"https:\/\/vozolvapen.de\/product\/hifancy-legend-20000-energy-drink\/#breadcrumb"},"inLanguage":"pl-PL","potentialAction":[{"@type":"ReadAction","target":["https:\/\/vozolvapen.de\/product\/hifancy-legend-20000-energy-drink\/"]}]},{"@type":"ImageObject","inLanguage":"pl-PL","@id":"https:\/\/vozolvapen.de\/product\/hifancy-legend-20000-energy-drink\/#primaryimage","url":"https:\/\/vozolvapen.de\/wp-content\/uploads\/2025\/12\/HIFANCY-LEGEND-20000-Energy-Drink-3.webp","contentUrl":"https:\/\/vozolvapen.de\/wp-content\/uploads\/2025\/12\/HIFANCY-LEGEND-20000-Energy-Drink-3.webp","width":1200,"height":1200,"caption":"HIFANCY LEGEND 20000 - Energy Drink (3)"},{"@type":"BreadcrumbList","@id":"https:\/\/vozolvapen.de\/product\/hifancy-legend-20000-energy-drink\/#breadcrumb","itemListElement":[{"@type":"ListItem","position":1,"name":"Home","item":"https:\/\/vozolvapen.de\/de\/"},{"@type":"ListItem","position":2,"name":"Shop","item":"https:\/\/vozolvapen.de\/shop\/"},{"@type":"ListItem","position":3,"name":"Hifancy Legend 20000 &#8211; Energy Drink"}]},{"@type":"WebSite","@id":"https:\/\/vozolvapen.de\/#website","url":"https:\/\/vozolvapen.de\/","name":"vozolvapen","description":"vozolvapen","publisher":{"@id":"https:\/\/vozolvapen.de\/#organization"},"potentialAction":[{"@type":"SearchAction","target":{"@type":"EntryPoint","urlTemplate":"https:\/\/vozolvapen.de\/?s={search_term_string}"},"query-input":{"@type":"PropertyValueSpecification","valueRequired":true,"valueName":"search_term_string"}}],"inLanguage":"pl-PL"},{"@type":"Organization","@id":"https:\/\/vozolvapen.de\/#organization","name":"vozolvapen","url":"https:\/\/vozolvapen.de\/","logo":{"@type":"ImageObject","inLanguage":"pl-PL","@id":"https:\/\/vozolvapen.de\/#\/schema\/logo\/image\/","url":"https:\/\/vozolvapen.de\/wp-content\/uploads\/2025\/12\/cropped-vozovapen-logo.webp","contentUrl":"https:\/\/vozolvapen.de\/wp-content\/uploads\/2025\/12\/cropped-vozovapen-logo.webp","width":470,"height":110,"caption":"vozolvapen"},"image":{"@id":"https:\/\/vozolvapen.de\/#\/schema\/logo\/image\/"}}]}},"tiered_pricing_type":"fixed","tiered_pricing_fixed_rules":{"30":"14.24","50":"10.6","100":"9.3","200":"8.5"},"tiered_pricing_product_settings":{"layout":"default","base_unit_name":{"singular":null,"plural":null},"default_variation":{}},"tiered_pricing_minimum_quantity":10,"tiered_pricing_roles_data":[],"tiered_pricing_percentage_rules":[],"tiered_pricing_maximum_quantity":null,"tiered_pricing_quantity_step":"10","_links":{"self":[{"href":"http:\/\/vozolvapen.de\/pl\/wp-json\/wp\/v2\/product\/45964","targetHints":{"allow":["GET"]}}],"collection":[{"href":"http:\/\/vozolvapen.de\/pl\/wp-json\/wp\/v2\/product"}],"about":[{"href":"http:\/\/vozolvapen.de\/pl\/wp-json\/wp\/v2\/types\/product"}],"replies":[{"embeddable":true,"href":"http:\/\/vozolvapen.de\/pl\/wp-json\/wp\/v2\/comments?post=45964"}],"wp:featuredmedia":[{"embeddable":true,"href":"http:\/\/vozolvapen.de\/pl\/wp-json\/wp\/v2\/media\/46244"}],"wp:attachment":[{"href":"http:\/\/vozolvapen.de\/pl\/wp-json\/wp\/v2\/media?parent=45964"}],"wp:term":[{"taxonomy":"product_brand","embeddable":true,"href":"http:\/\/vozolvapen.de\/pl\/wp-json\/wp\/v2\/product_brand?post=45964"},{"taxonomy":"product_cat","embeddable":true,"href":"http:\/\/vozolvapen.de\/pl\/wp-json\/wp\/v2\/product_cat?post=45964"},{"taxonomy":"product_tag","embeddable":true,"href":"http:\/\/vozolvapen.de\/pl\/wp-json\/wp\/v2\/product_tag?post=45964"}],"curies":[{"name":"wp","href":"https:\/\/api.w.org\/{rel}","templated":true}]}}