{"id":46032,"date":"2025-12-28T10:16:09","date_gmt":"2025-12-28T10:16:09","guid":{"rendered":"https:\/\/vozolvapen.de\/?post_type=product&#038;p=46032"},"modified":"2026-02-10T10:59:46","modified_gmt":"2026-02-10T10:59:46","slug":"hifancy-legend-20000-blueberry-raspberry-grape","status":"publish","type":"product","link":"http:\/\/vozolvapen.de\/pl\/product\/hifancy-legend-20000-blueberry-raspberry-grape\/","title":{"rendered":"Hifancy Legend 20000 - Blueberry Raspberry Grape"},"content":{"rendered":"<h1 data-path-to-node=\"23\"><b data-path-to-node=\"23\" data-index-in-node=\"0\">HIFANCY LEGEND 20000 Blueberry Raspberry Grape: 20000 puff\u00f3w w trybie pe\u0142noekranowym i podw\u00f3jnym<\/b><\/h1>\n<p data-path-to-node=\"24\">Odkryj symfoni\u0119 ciemnych owoc\u00f3w z <b data-path-to-node=\"24\" data-index-in-node=\"40\">HIFANCY LEGEND 20000<\/b> Jagoda Malina Winogrono. Ta potr\u00f3jnie owocowa mieszanka jest z\u0142o\u017con\u0105 podr\u00f3\u017c\u0105 dla podniebienia, zarz\u0105dzan\u0105 przez futurystyczny <b data-path-to-node=\"24\" data-index-in-node=\"176\">Pe\u0142ny ekran<\/b> interfejs <b data-path-to-node=\"24\" data-index-in-node=\"205\">HIFANCY 20k<\/b>.<\/p>\n<h2 data-path-to-node=\"25\"><b data-path-to-node=\"25\" data-index-in-node=\"0\">Profil smakowy i w\u0142a\u015bciwo\u015bci<\/b><\/h2>\n<p data-path-to-node=\"25\">G\u0142\u0119bokie nuty cierpkiej maliny i s\u0142odkiej bor\u00f3wki s\u0105 dope\u0142nione soczystym wydechem winogronowym. Z <b data-path-to-node=\"25\" data-index-in-node=\"125\">Dwa tryby ogrzewania<\/b>, Mo\u017cna wzmocni\u0107 nuty winogronowe lub skupi\u0107 si\u0119 na cierpko\u015bci jag\u00f3d. To <b data-path-to-node=\"25\" data-index-in-node=\"213\">20k puff\u00f3w vape<\/b> zapewnia wielowarstwowe wra\u017cenia podczas ka\u017cdego losowania.<\/p>\n<h2 data-path-to-node=\"26\"><b data-path-to-node=\"26\" data-index-in-node=\"0\">Dla kogo przeznaczony jest ten smak?<\/b><\/h2>\n<p data-path-to-node=\"26\"><b data-path-to-node=\"26\" data-index-in-node=\"24\">Najlepszy wyb\u00f3r:<\/b> Vaperzy, kt\u00f3rzy lubi\u0105 z\u0142o\u017cone, ciemne profile jagodowe i vape, kt\u00f3re zapewniaj\u0105 bogat\u0105, ewoluuj\u0105c\u0105 histori\u0119 smaku.<\/p>\n<h2>Tabela specyfikacji produktu Hifancy Legend 20000 Puffs<\/h2>\n<table data-path-to-node=\"21\">\n<thead>\n<tr>\n<td><strong>Szybkie fakty<\/strong><\/td>\n<td><strong>HIFANCY 20,000 w skr\u00f3cie<\/strong><\/td>\n<\/tr>\n<\/thead>\n<tbody>\n<tr>\n<td><span data-path-to-node=\"21,1,0,0\"><b data-path-to-node=\"21,1,0,0\" data-index-in-node=\"0\">Model<\/b><\/span><\/td>\n<td><span data-path-to-node=\"21,1,1,0\">HIFANCY LEGEND 20k<\/span><\/td>\n<\/tr>\n<tr>\n<td><span data-path-to-node=\"21,2,0,0\"><b data-path-to-node=\"21,2,0,0\" data-index-in-node=\"0\">Maksymalna pojemno\u015b\u0107<\/b><\/span><\/td>\n<td><span data-path-to-node=\"21,2,1,0\">20,000 Puffs<\/span><\/td>\n<\/tr>\n<tr>\n<td><span data-path-to-node=\"21,3,0,0\"><b data-path-to-node=\"21,3,0,0\" data-index-in-node=\"0\">Poziom cieczy<\/b><\/span><\/td>\n<td><span data-path-to-node=\"21,3,1,0\">30 ml (zbiornik masywny)<\/span><\/td>\n<\/tr>\n<tr>\n<td><span data-path-to-node=\"21,4,0,0\"><b data-path-to-node=\"21,4,0,0\" data-index-in-node=\"0\">Typ ekranu<\/b><\/span><\/td>\n<td><span data-path-to-node=\"21,4,1,0\">Wy\u015bwietlacz cyfrowy z przodu<\/span><\/td>\n<\/tr>\n<tr>\n<td><span data-path-to-node=\"21,5,0,0\"><b data-path-to-node=\"21,5,0,0\" data-index-in-node=\"0\">Tryby<\/b><\/span><\/td>\n<td><span data-path-to-node=\"21,5,1,0\">Tryb Boost i tryb zwyk\u0142y<\/span><\/td>\n<\/tr>\n<tr>\n<td><span data-path-to-node=\"21,6,0,0\"><b data-path-to-node=\"21,6,0,0\" data-index-in-node=\"0\">Akumulator\/\u0142adowanie<\/b><\/span><\/td>\n<td><span data-path-to-node=\"21,6,1,0\">750 mAh \/ USB typu C<\/span><\/td>\n<\/tr>\n<tr>\n<td><span data-path-to-node=\"21,7,0,0\"><b data-path-to-node=\"21,7,0,0\" data-index-in-node=\"0\">Rdze\u0144<\/b><\/span><\/td>\n<td><span data-path-to-node=\"21,7,1,0\">System cewek siatkowych (1,0\u03a9)<\/span><\/td>\n<\/tr>\n<\/tbody>\n<\/table>\n<h3 dir=\"auto\">Oto dalsze zalecenia dla Ciebie:<\/h3>\n<p dir=\"auto\">Odkryj jeszcze wi\u0119cej niesamowitych smak\u00f3w dzi\u0119ki Hifancy Legend 20000 Puff Vape!<\/p>\n<p dir=\"auto\"><a href=\"https:\/\/vozolvapen.de\/pl\/product-category\/hifancy-vape\/hifancy-legend-20000-puffs-vape\/\" target=\"_blank\" rel=\"noopener noreferrer nofollow\">Zobacz wszystkie odmiany tutaj \u2192<\/a><\/p>\n<p dir=\"auto\">Zapoznaj si\u0119 z nasz\u0105 pe\u0142n\u0105 kolekcj\u0105 i kupuj produkty najlepszych marek vape, kt\u00f3re pokochasz.<\/p>\n<p dir=\"auto\"><a href=\"https:\/\/vozolvapen.de\/pl\/\" target=\"_blank\" rel=\"noopener noreferrer nofollow\">Przegl\u0105daj teraz wszystkie marki \u2192<\/a><\/p>\n<p dir=\"auto\">Sprawd\u017a ca\u0142\u0105 seri\u0119 Hifancy Vape - ka\u017cdy smak, ka\u017cdy styl!<\/p>\n<p dir=\"auto\"><a href=\"https:\/\/vozolvapen.de\/pl\/product-category\/hifancy-vape\/\" target=\"_blank\" rel=\"noopener noreferrer nofollow\">Zobacz pe\u0142n\u0105 kolekcj\u0119 Hifancy Vape \u2192<\/a><\/p>","protected":false},"excerpt":{"rendered":"<p>Symfonia ciemnych owoc\u00f3w. Do\u015bwiadczenie cierpkich malin i s\u0142odkich winogron w <b data-path-to-node=\"3,5,3,0\" data-index-in-node=\"75\">HIFANCY 20k<\/b>, Zawiera 30 ml p\u0142ynu na tygodnie waporyzacji najwy\u017cszej jako\u015bci.<\/p>","protected":false},"featured_media":46250,"comment_status":"open","ping_status":"closed","template":"","meta":{"_acf_changed":false},"product_brand":[],"product_cat":[134,100],"product_tag":[],"class_list":{"0":"post-46032","1":"product","2":"type-product","3":"status-publish","4":"has-post-thumbnail","6":"product_cat-eu-warehouse-in-stock","7":"product_cat-hifancy-legend-20000-puffs-vape","9":"first","10":"instock","11":"shipping-taxable","12":"purchasable","13":"product-type-variable"},"acf":[],"yoast_head":"<!-- This site is optimized with the Yoast SEO Premium plugin v26.1 (Yoast SEO v27.5) - https:\/\/yoast.com\/product\/yoast-seo-premium-wordpress\/ -->\n<title>Blueberry Raspberry Grape HIFANCY 20k - vozolvapen<\/title>\n<meta name=\"description\" content=\"Discover the triple-fruit blend of HIFANCY LEGEND 20000. 20k puffs, Dual Mesh-style flavor, and Smart Screen. In stock for EU shipping.\" \/>\n<meta name=\"robots\" content=\"index, follow, max-snippet:-1, max-image-preview:large, max-video-preview:-1\" \/>\n<link rel=\"canonical\" href=\"https:\/\/vozolvapen.de\/pl\/product\/hifancy-legend-20000-blueberry-raspberry-grape\/\" \/>\n<meta property=\"og:locale\" content=\"pl_PL\" \/>\n<meta property=\"og:type\" content=\"article\" \/>\n<meta property=\"og:title\" content=\"Hifancy Legend 20000 - Blueberry Raspberry Grape\" \/>\n<meta property=\"og:description\" content=\"Discover the triple-fruit blend of HIFANCY LEGEND 20000. 20k puffs, Dual Mesh-style flavor, and Smart Screen. In stock for EU shipping.\" \/>\n<meta property=\"og:url\" content=\"https:\/\/vozolvapen.de\/pl\/product\/hifancy-legend-20000-blueberry-raspberry-grape\/\" \/>\n<meta property=\"og:site_name\" content=\"vozolvapen\" \/>\n<meta property=\"article:modified_time\" content=\"2026-02-10T10:59:46+00:00\" \/>\n<meta property=\"og:image\" content=\"https:\/\/vozolvapen.de\/wp-content\/uploads\/2025\/12\/HIFANCY-LEGEND-20000-Blueberry-Raspberry-Grape-3.webp\" \/>\n\t<meta property=\"og:image:width\" content=\"1200\" \/>\n\t<meta property=\"og:image:height\" content=\"1200\" \/>\n\t<meta property=\"og:image:type\" content=\"image\/webp\" \/>\n<meta name=\"twitter:card\" content=\"summary_large_image\" \/>\n<meta name=\"twitter:label1\" content=\"Szacowany czas czytania\" \/>\n\t<meta name=\"twitter:data1\" content=\"2 minuty\" \/>\n<script type=\"application\/ld+json\" class=\"yoast-schema-graph\">{\"@context\":\"https:\\\/\\\/schema.org\",\"@graph\":[{\"@type\":\"WebPage\",\"@id\":\"https:\\\/\\\/vozolvapen.de\\\/product\\\/hifancy-legend-20000-blueberry-raspberry-grape\\\/\",\"url\":\"https:\\\/\\\/vozolvapen.de\\\/product\\\/hifancy-legend-20000-blueberry-raspberry-grape\\\/\",\"name\":\"Blueberry Raspberry Grape HIFANCY 20k - vozolvapen\",\"isPartOf\":{\"@id\":\"https:\\\/\\\/vozolvapen.de\\\/#website\"},\"primaryImageOfPage\":{\"@id\":\"https:\\\/\\\/vozolvapen.de\\\/product\\\/hifancy-legend-20000-blueberry-raspberry-grape\\\/#primaryimage\"},\"image\":{\"@id\":\"https:\\\/\\\/vozolvapen.de\\\/product\\\/hifancy-legend-20000-blueberry-raspberry-grape\\\/#primaryimage\"},\"thumbnailUrl\":\"https:\\\/\\\/vozolvapen.de\\\/wp-content\\\/uploads\\\/2025\\\/12\\\/HIFANCY-LEGEND-20000-Blueberry-Raspberry-Grape-3.webp\",\"datePublished\":\"2025-12-28T10:16:09+00:00\",\"dateModified\":\"2026-02-10T10:59:46+00:00\",\"description\":\"Discover the triple-fruit blend of HIFANCY LEGEND 20000. 20k puffs, Dual Mesh-style flavor, and Smart Screen. In stock for EU shipping.\",\"breadcrumb\":{\"@id\":\"https:\\\/\\\/vozolvapen.de\\\/product\\\/hifancy-legend-20000-blueberry-raspberry-grape\\\/#breadcrumb\"},\"inLanguage\":\"pl-PL\",\"potentialAction\":[{\"@type\":\"ReadAction\",\"target\":[\"https:\\\/\\\/vozolvapen.de\\\/product\\\/hifancy-legend-20000-blueberry-raspberry-grape\\\/\"]}]},{\"@type\":\"ImageObject\",\"inLanguage\":\"pl-PL\",\"@id\":\"https:\\\/\\\/vozolvapen.de\\\/product\\\/hifancy-legend-20000-blueberry-raspberry-grape\\\/#primaryimage\",\"url\":\"https:\\\/\\\/vozolvapen.de\\\/wp-content\\\/uploads\\\/2025\\\/12\\\/HIFANCY-LEGEND-20000-Blueberry-Raspberry-Grape-3.webp\",\"contentUrl\":\"https:\\\/\\\/vozolvapen.de\\\/wp-content\\\/uploads\\\/2025\\\/12\\\/HIFANCY-LEGEND-20000-Blueberry-Raspberry-Grape-3.webp\",\"width\":1200,\"height\":1200,\"caption\":\"HIFANCY LEGEND 20000 - Blueberry Raspberry Grape (3)\"},{\"@type\":\"BreadcrumbList\",\"@id\":\"https:\\\/\\\/vozolvapen.de\\\/product\\\/hifancy-legend-20000-blueberry-raspberry-grape\\\/#breadcrumb\",\"itemListElement\":[{\"@type\":\"ListItem\",\"position\":1,\"name\":\"Home\",\"item\":\"https:\\\/\\\/vozolvapen.de\\\/de\\\/\"},{\"@type\":\"ListItem\",\"position\":2,\"name\":\"Shop\",\"item\":\"https:\\\/\\\/vozolvapen.de\\\/shop\\\/\"},{\"@type\":\"ListItem\",\"position\":3,\"name\":\"Hifancy Legend 20000 &#8211; Blueberry Raspberry Grape\"}]},{\"@type\":\"WebSite\",\"@id\":\"https:\\\/\\\/vozolvapen.de\\\/#website\",\"url\":\"https:\\\/\\\/vozolvapen.de\\\/\",\"name\":\"vozolvapen\",\"description\":\"vozolvapen\",\"publisher\":{\"@id\":\"https:\\\/\\\/vozolvapen.de\\\/#organization\"},\"potentialAction\":[{\"@type\":\"SearchAction\",\"target\":{\"@type\":\"EntryPoint\",\"urlTemplate\":\"https:\\\/\\\/vozolvapen.de\\\/?s={search_term_string}\"},\"query-input\":{\"@type\":\"PropertyValueSpecification\",\"valueRequired\":true,\"valueName\":\"search_term_string\"}}],\"inLanguage\":\"pl-PL\"},{\"@type\":\"Organization\",\"@id\":\"https:\\\/\\\/vozolvapen.de\\\/#organization\",\"name\":\"vozolvapen\",\"url\":\"https:\\\/\\\/vozolvapen.de\\\/\",\"logo\":{\"@type\":\"ImageObject\",\"inLanguage\":\"pl-PL\",\"@id\":\"https:\\\/\\\/vozolvapen.de\\\/#\\\/schema\\\/logo\\\/image\\\/\",\"url\":\"https:\\\/\\\/vozolvapen.de\\\/wp-content\\\/uploads\\\/2025\\\/12\\\/cropped-vozovapen-logo.webp\",\"contentUrl\":\"https:\\\/\\\/vozolvapen.de\\\/wp-content\\\/uploads\\\/2025\\\/12\\\/cropped-vozovapen-logo.webp\",\"width\":470,\"height\":110,\"caption\":\"vozolvapen\"},\"image\":{\"@id\":\"https:\\\/\\\/vozolvapen.de\\\/#\\\/schema\\\/logo\\\/image\\\/\"}}]}<\/script>\n<!-- \/ Yoast SEO Premium plugin. -->","yoast_head_json":{"title":"Blueberry Raspberry Grape HIFANCY 20k - vozolvapen","description":"Odkryj potr\u00f3jnie owocow\u0105 mieszank\u0119 HIFANCY LEGEND 20000. 20 tys. zaci\u0105gni\u0119\u0107, smak w stylu Dual Mesh i inteligentny ekran. W magazynie do wysy\u0142ki na terenie UE.","robots":{"index":"index","follow":"follow","max-snippet":"max-snippet:-1","max-image-preview":"max-image-preview:large","max-video-preview":"max-video-preview:-1"},"canonical":"https:\/\/vozolvapen.de\/pl\/product\/hifancy-legend-20000-blueberry-raspberry-grape\/","og_locale":"pl_PL","og_type":"article","og_title":"Hifancy Legend 20000 - Blueberry Raspberry Grape","og_description":"Discover the triple-fruit blend of HIFANCY LEGEND 20000. 20k puffs, Dual Mesh-style flavor, and Smart Screen. In stock for EU shipping.","og_url":"https:\/\/vozolvapen.de\/pl\/product\/hifancy-legend-20000-blueberry-raspberry-grape\/","og_site_name":"vozolvapen","article_modified_time":"2026-02-10T10:59:46+00:00","og_image":[{"width":1200,"height":1200,"url":"https:\/\/vozolvapen.de\/wp-content\/uploads\/2025\/12\/HIFANCY-LEGEND-20000-Blueberry-Raspberry-Grape-3.webp","type":"image\/webp"}],"twitter_card":"summary_large_image","twitter_misc":{"Szacowany czas czytania":"2 minuty"},"schema":{"@context":"https:\/\/schema.org","@graph":[{"@type":"WebPage","@id":"https:\/\/vozolvapen.de\/product\/hifancy-legend-20000-blueberry-raspberry-grape\/","url":"https:\/\/vozolvapen.de\/product\/hifancy-legend-20000-blueberry-raspberry-grape\/","name":"Blueberry Raspberry Grape HIFANCY 20k - vozolvapen","isPartOf":{"@id":"https:\/\/vozolvapen.de\/#website"},"primaryImageOfPage":{"@id":"https:\/\/vozolvapen.de\/product\/hifancy-legend-20000-blueberry-raspberry-grape\/#primaryimage"},"image":{"@id":"https:\/\/vozolvapen.de\/product\/hifancy-legend-20000-blueberry-raspberry-grape\/#primaryimage"},"thumbnailUrl":"https:\/\/vozolvapen.de\/wp-content\/uploads\/2025\/12\/HIFANCY-LEGEND-20000-Blueberry-Raspberry-Grape-3.webp","datePublished":"2025-12-28T10:16:09+00:00","dateModified":"2026-02-10T10:59:46+00:00","description":"Odkryj potr\u00f3jnie owocow\u0105 mieszank\u0119 HIFANCY LEGEND 20000. 20 tys. zaci\u0105gni\u0119\u0107, smak w stylu Dual Mesh i inteligentny ekran. W magazynie do wysy\u0142ki na terenie UE.","breadcrumb":{"@id":"https:\/\/vozolvapen.de\/product\/hifancy-legend-20000-blueberry-raspberry-grape\/#breadcrumb"},"inLanguage":"pl-PL","potentialAction":[{"@type":"ReadAction","target":["https:\/\/vozolvapen.de\/product\/hifancy-legend-20000-blueberry-raspberry-grape\/"]}]},{"@type":"ImageObject","inLanguage":"pl-PL","@id":"https:\/\/vozolvapen.de\/product\/hifancy-legend-20000-blueberry-raspberry-grape\/#primaryimage","url":"https:\/\/vozolvapen.de\/wp-content\/uploads\/2025\/12\/HIFANCY-LEGEND-20000-Blueberry-Raspberry-Grape-3.webp","contentUrl":"https:\/\/vozolvapen.de\/wp-content\/uploads\/2025\/12\/HIFANCY-LEGEND-20000-Blueberry-Raspberry-Grape-3.webp","width":1200,"height":1200,"caption":"HIFANCY LEGEND 20000 - Blueberry Raspberry Grape (3)"},{"@type":"BreadcrumbList","@id":"https:\/\/vozolvapen.de\/product\/hifancy-legend-20000-blueberry-raspberry-grape\/#breadcrumb","itemListElement":[{"@type":"ListItem","position":1,"name":"Home","item":"https:\/\/vozolvapen.de\/de\/"},{"@type":"ListItem","position":2,"name":"Shop","item":"https:\/\/vozolvapen.de\/shop\/"},{"@type":"ListItem","position":3,"name":"Hifancy Legend 20000 &#8211; Blueberry Raspberry Grape"}]},{"@type":"WebSite","@id":"https:\/\/vozolvapen.de\/#website","url":"https:\/\/vozolvapen.de\/","name":"vozolvapen","description":"vozolvapen","publisher":{"@id":"https:\/\/vozolvapen.de\/#organization"},"potentialAction":[{"@type":"SearchAction","target":{"@type":"EntryPoint","urlTemplate":"https:\/\/vozolvapen.de\/?s={search_term_string}"},"query-input":{"@type":"PropertyValueSpecification","valueRequired":true,"valueName":"search_term_string"}}],"inLanguage":"pl-PL"},{"@type":"Organization","@id":"https:\/\/vozolvapen.de\/#organization","name":"vozolvapen","url":"https:\/\/vozolvapen.de\/","logo":{"@type":"ImageObject","inLanguage":"pl-PL","@id":"https:\/\/vozolvapen.de\/#\/schema\/logo\/image\/","url":"https:\/\/vozolvapen.de\/wp-content\/uploads\/2025\/12\/cropped-vozovapen-logo.webp","contentUrl":"https:\/\/vozolvapen.de\/wp-content\/uploads\/2025\/12\/cropped-vozovapen-logo.webp","width":470,"height":110,"caption":"vozolvapen"},"image":{"@id":"https:\/\/vozolvapen.de\/#\/schema\/logo\/image\/"}}]}},"tiered_pricing_type":"fixed","tiered_pricing_fixed_rules":{"30":"14.24","50":"10.6","100":"9.3","200":"8.5"},"tiered_pricing_product_settings":{"layout":"default","base_unit_name":{"singular":null,"plural":null},"default_variation":{}},"tiered_pricing_minimum_quantity":10,"tiered_pricing_roles_data":[],"tiered_pricing_percentage_rules":[],"tiered_pricing_maximum_quantity":null,"tiered_pricing_quantity_step":"10","_links":{"self":[{"href":"http:\/\/vozolvapen.de\/pl\/wp-json\/wp\/v2\/product\/46032","targetHints":{"allow":["GET"]}}],"collection":[{"href":"http:\/\/vozolvapen.de\/pl\/wp-json\/wp\/v2\/product"}],"about":[{"href":"http:\/\/vozolvapen.de\/pl\/wp-json\/wp\/v2\/types\/product"}],"replies":[{"embeddable":true,"href":"http:\/\/vozolvapen.de\/pl\/wp-json\/wp\/v2\/comments?post=46032"}],"wp:featuredmedia":[{"embeddable":true,"href":"http:\/\/vozolvapen.de\/pl\/wp-json\/wp\/v2\/media\/46250"}],"wp:attachment":[{"href":"http:\/\/vozolvapen.de\/pl\/wp-json\/wp\/v2\/media?parent=46032"}],"wp:term":[{"taxonomy":"product_brand","embeddable":true,"href":"http:\/\/vozolvapen.de\/pl\/wp-json\/wp\/v2\/product_brand?post=46032"},{"taxonomy":"product_cat","embeddable":true,"href":"http:\/\/vozolvapen.de\/pl\/wp-json\/wp\/v2\/product_cat?post=46032"},{"taxonomy":"product_tag","embeddable":true,"href":"http:\/\/vozolvapen.de\/pl\/wp-json\/wp\/v2\/product_tag?post=46032"}],"curies":[{"name":"wp","href":"https:\/\/api.w.org\/{rel}","templated":true}]}}