{"id":46134,"date":"2025-12-28T10:16:15","date_gmt":"2025-12-28T10:16:15","guid":{"rendered":"https:\/\/vozolvapen.de\/?post_type=product&#038;p=46134"},"modified":"2026-02-10T10:59:39","modified_gmt":"2026-02-10T10:59:39","slug":"hifancy-legend-20000-raspberry-watermelon-lce","status":"publish","type":"product","link":"http:\/\/vozolvapen.de\/pl\/product\/hifancy-legend-20000-raspberry-watermelon-lce\/","title":{"rendered":"Hifancy Legend 20000 - malinowy arbuz lce"},"content":{"rendered":"<h1 data-path-to-node=\"38\"><b data-path-to-node=\"38\" data-index-in-node=\"0\">HIFANCY LEGEND 20000 Raspberry Watermelon Ice: 20000 puff\u00f3w w trybie pe\u0142noekranowym i podw\u00f3jnym<\/b><\/h1>\n<p data-path-to-node=\"39\">Zachowaj ch\u0142\u00f3d dzi\u0119ki <b data-path-to-node=\"39\" data-index-in-node=\"19\">HIFANCY LEGEND 20000<\/b> Raspberry Watermelon Ice. Ten orze\u017awiaj\u0105cy, bogaty w jagody profil jest wzmocniony arktycznym podmuchem, dzi\u0119ki czemu wyr\u00f3\u017cnia si\u0119 na rynku. <b data-path-to-node=\"39\" data-index-in-node=\"163\">HIFANCY 20000 puff\u00f3w<\/b> seria.<\/p>\n<h2 data-path-to-node=\"40\"><b data-path-to-node=\"40\" data-index-in-node=\"0\">Profil smakowy i w\u0142a\u015bciwo\u015bci<\/b><\/h2>\n<p data-path-to-node=\"40\">Ostre maliny i nawil\u017caj\u0105ce plastry arbuza wyko\u0144czone grub\u0105 warstw\u0105 kruszonego lodu. Dostosowywanie <b data-path-to-node=\"40\" data-index-in-node=\"136\">Dwa tryby ogrzewania<\/b> pozwala uzyska\u0107 idealn\u0105 r\u00f3wnowag\u0119 mi\u0119dzy owocami i mrozem. W <b data-path-to-node=\"40\" data-index-in-node=\"220\">hifancy 20k<\/b> to najlepszy towarzysz na gor\u0105ce letnie dni.<\/p>\n<h2 data-path-to-node=\"41\"><b data-path-to-node=\"41\" data-index-in-node=\"0\">Dla kogo przeznaczony jest ten smak?<\/b><\/h2>\n<p data-path-to-node=\"41\"><b data-path-to-node=\"41\" data-index-in-node=\"24\">Najlepszy wyb\u00f3r:<\/b> \u201cIce Chasers\u201d, kt\u00f3rzy potrzebuj\u0105 rze\u015bkiego, mro\u017anego wyko\u0144czenia, aby zr\u00f3wnowa\u017cy\u0107 owocowe smaki.<\/p>\n<h2>Tabela specyfikacji produktu Hifancy Legend 20000 Puffs<\/h2>\n<table data-path-to-node=\"13\">\n<thead>\n<tr>\n<td><strong>Sprz\u0119t urz\u0105dzenia<\/strong><\/td>\n<td><strong>Profil HIFANCY 20k Legend<\/strong><\/td>\n<\/tr>\n<\/thead>\n<tbody>\n<tr>\n<td><span data-path-to-node=\"13,1,0,0\"><b data-path-to-node=\"13,1,0,0\" data-index-in-node=\"0\">Bateria wewn\u0119trzna<\/b><\/span><\/td>\n<td><span data-path-to-node=\"13,1,1,0\">Akumulator 750 mAh<\/span><\/td>\n<\/tr>\n<tr>\n<td><span data-path-to-node=\"13,2,0,0\"><b data-path-to-node=\"13,2,0,0\" data-index-in-node=\"0\">Op\u00f3r atomizera<\/b><\/span><\/td>\n<td><span data-path-to-node=\"13,2,1,0\">Technologia siatki 1.0\u03a9<\/span><\/td>\n<\/tr>\n<tr>\n<td><span data-path-to-node=\"13,3,0,0\"><b data-path-to-node=\"13,3,0,0\" data-index-in-node=\"0\">Port \u0142adowania<\/b><\/span><\/td>\n<td><span data-path-to-node=\"13,3,1,0\"><b data-path-to-node=\"13,3,1,0\" data-index-in-node=\"0\">Szybkie \u0142adowanie typu C<\/b><\/span><\/td>\n<\/tr>\n<tr>\n<td><span data-path-to-node=\"13,4,0,0\"><b data-path-to-node=\"13,4,0,0\" data-index-in-node=\"0\">Wst\u0119pne nape\u0142nianie E-Liquid<\/b><\/span><\/td>\n<td><span data-path-to-node=\"13,4,1,0\">30 ml Premium Salt Nic<\/span><\/td>\n<\/tr>\n<tr>\n<td><span data-path-to-node=\"13,5,0,0\"><b data-path-to-node=\"13,5,0,0\" data-index-in-node=\"0\">Regulacja wyj\u015bcia<\/b><\/span><\/td>\n<td><span data-path-to-node=\"13,5,1,0\">Podw\u00f3jne tryby zasilania (Boost\/Standard)<\/span><\/td>\n<\/tr>\n<tr>\n<td><span data-path-to-node=\"13,6,0,0\"><b data-path-to-node=\"13,6,0,0\" data-index-in-node=\"0\">Monitorowanie<\/b><\/span><\/td>\n<td><span data-path-to-node=\"13,6,1,0\">Informacje zwrotne dotycz\u0105ce ekranu Full HD<\/span><\/td>\n<\/tr>\n<tr>\n<td><span data-path-to-node=\"13,7,0,0\"><b data-path-to-node=\"13,7,0,0\" data-index-in-node=\"0\">Opakowanie<\/b><\/span><\/td>\n<td><span data-path-to-node=\"13,7,1,0\">Standardowo 10 sztuk w opakowaniu<\/span><\/td>\n<\/tr>\n<\/tbody>\n<\/table>\n<h3 dir=\"auto\">Oto dalsze zalecenia dla Ciebie:<\/h3>\n<p dir=\"auto\">Odkryj jeszcze wi\u0119cej niesamowitych smak\u00f3w dzi\u0119ki Hifancy Legend 20000 Puff Vape!<\/p>\n<p dir=\"auto\"><a href=\"https:\/\/vozolvapen.de\/pl\/product-category\/hifancy-vape\/hifancy-legend-20000-puffs-vape\/\" target=\"_blank\" rel=\"noopener noreferrer nofollow\">Zobacz wszystkie odmiany tutaj \u2192<\/a><\/p>\n<p dir=\"auto\">Zapoznaj si\u0119 z nasz\u0105 pe\u0142n\u0105 kolekcj\u0105 i kupuj produkty najlepszych marek vape, kt\u00f3re pokochasz.<\/p>\n<p dir=\"auto\"><a href=\"https:\/\/vozolvapen.de\/pl\/\" target=\"_blank\" rel=\"noopener noreferrer nofollow\">Przegl\u0105daj teraz wszystkie marki \u2192<\/a><\/p>\n<p dir=\"auto\">Sprawd\u017a ca\u0142\u0105 seri\u0119 Hifancy Vape - ka\u017cdy smak, ka\u017cdy styl!<\/p>\n<p dir=\"auto\"><a href=\"https:\/\/vozolvapen.de\/pl\/product-category\/hifancy-vape\/\" target=\"_blank\" rel=\"noopener noreferrer nofollow\">Zobacz pe\u0142n\u0105 kolekcj\u0119 Hifancy Vape \u2192<\/a><\/p>","protected":false},"excerpt":{"rendered":"<p>Sch\u0142odzone owoce le\u015bne spotykaj\u0105 si\u0119 z nawil\u017caj\u0105cym melonem. To <b data-path-to-node=\"3,8,3,0\" data-index-in-node=\"49\">HIFANCY 20000 puff\u00f3w<\/b> Urz\u0105dzenie dodaje mro\u017anego wydechu do cierpkiej mieszanki malin i s\u0142odkiego arbuza.<\/p>","protected":false},"featured_media":46259,"comment_status":"open","ping_status":"closed","template":"","meta":{"_acf_changed":false},"product_brand":[],"product_cat":[134,100],"product_tag":[],"class_list":{"0":"post-46134","1":"product","2":"type-product","3":"status-publish","4":"has-post-thumbnail","6":"product_cat-eu-warehouse-in-stock","7":"product_cat-hifancy-legend-20000-puffs-vape","9":"first","10":"instock","11":"shipping-taxable","12":"purchasable","13":"product-type-variable"},"acf":[],"yoast_head":"<!-- This site is optimized with the Yoast SEO Premium plugin v26.1 (Yoast SEO v27.5) - https:\/\/yoast.com\/product\/yoast-seo-premium-wordpress\/ -->\n<title>Raspberry Watermelon Ice HIFANCY 20k - vozolvapen<\/title>\n<meta name=\"description\" content=\"Frosty Raspberry Watermelon Ice by HIFANCY LEGEND 20000. Features Two Heating Modes and a Full Screen display. Fast EU logistics.\" \/>\n<meta name=\"robots\" content=\"index, follow, max-snippet:-1, max-image-preview:large, max-video-preview:-1\" \/>\n<link rel=\"canonical\" href=\"https:\/\/vozolvapen.de\/pl\/product\/hifancy-legend-20000-raspberry-watermelon-lce\/\" \/>\n<meta property=\"og:locale\" content=\"pl_PL\" \/>\n<meta property=\"og:type\" content=\"article\" \/>\n<meta property=\"og:title\" content=\"Hifancy Legend 20000 - Raspberry Watermelon lce\" \/>\n<meta property=\"og:description\" content=\"Frosty Raspberry Watermelon Ice by HIFANCY LEGEND 20000. Features Two Heating Modes and a Full Screen display. Fast EU logistics.\" \/>\n<meta property=\"og:url\" content=\"https:\/\/vozolvapen.de\/pl\/product\/hifancy-legend-20000-raspberry-watermelon-lce\/\" \/>\n<meta property=\"og:site_name\" content=\"vozolvapen\" \/>\n<meta property=\"article:modified_time\" content=\"2026-02-10T10:59:39+00:00\" \/>\n<meta property=\"og:image\" content=\"https:\/\/vozolvapen.de\/wp-content\/uploads\/2025\/12\/HIFANCY-LEGEND-20000-Raspberry-Watermelon-lce-3.webp\" \/>\n\t<meta property=\"og:image:width\" content=\"1200\" \/>\n\t<meta property=\"og:image:height\" content=\"1200\" \/>\n\t<meta property=\"og:image:type\" content=\"image\/webp\" \/>\n<meta name=\"twitter:card\" content=\"summary_large_image\" \/>\n<meta name=\"twitter:label1\" content=\"Szacowany czas czytania\" \/>\n\t<meta name=\"twitter:data1\" content=\"2 minuty\" \/>\n<script type=\"application\/ld+json\" class=\"yoast-schema-graph\">{\"@context\":\"https:\\\/\\\/schema.org\",\"@graph\":[{\"@type\":\"WebPage\",\"@id\":\"https:\\\/\\\/vozolvapen.de\\\/product\\\/hifancy-legend-20000-raspberry-watermelon-lce\\\/\",\"url\":\"https:\\\/\\\/vozolvapen.de\\\/product\\\/hifancy-legend-20000-raspberry-watermelon-lce\\\/\",\"name\":\"Raspberry Watermelon Ice HIFANCY 20k - vozolvapen\",\"isPartOf\":{\"@id\":\"https:\\\/\\\/vozolvapen.de\\\/#website\"},\"primaryImageOfPage\":{\"@id\":\"https:\\\/\\\/vozolvapen.de\\\/product\\\/hifancy-legend-20000-raspberry-watermelon-lce\\\/#primaryimage\"},\"image\":{\"@id\":\"https:\\\/\\\/vozolvapen.de\\\/product\\\/hifancy-legend-20000-raspberry-watermelon-lce\\\/#primaryimage\"},\"thumbnailUrl\":\"https:\\\/\\\/vozolvapen.de\\\/wp-content\\\/uploads\\\/2025\\\/12\\\/HIFANCY-LEGEND-20000-Raspberry-Watermelon-lce-3.webp\",\"datePublished\":\"2025-12-28T10:16:15+00:00\",\"dateModified\":\"2026-02-10T10:59:39+00:00\",\"description\":\"Frosty Raspberry Watermelon Ice by HIFANCY LEGEND 20000. Features Two Heating Modes and a Full Screen display. Fast EU logistics.\",\"breadcrumb\":{\"@id\":\"https:\\\/\\\/vozolvapen.de\\\/product\\\/hifancy-legend-20000-raspberry-watermelon-lce\\\/#breadcrumb\"},\"inLanguage\":\"pl-PL\",\"potentialAction\":[{\"@type\":\"ReadAction\",\"target\":[\"https:\\\/\\\/vozolvapen.de\\\/product\\\/hifancy-legend-20000-raspberry-watermelon-lce\\\/\"]}]},{\"@type\":\"ImageObject\",\"inLanguage\":\"pl-PL\",\"@id\":\"https:\\\/\\\/vozolvapen.de\\\/product\\\/hifancy-legend-20000-raspberry-watermelon-lce\\\/#primaryimage\",\"url\":\"https:\\\/\\\/vozolvapen.de\\\/wp-content\\\/uploads\\\/2025\\\/12\\\/HIFANCY-LEGEND-20000-Raspberry-Watermelon-lce-3.webp\",\"contentUrl\":\"https:\\\/\\\/vozolvapen.de\\\/wp-content\\\/uploads\\\/2025\\\/12\\\/HIFANCY-LEGEND-20000-Raspberry-Watermelon-lce-3.webp\",\"width\":1200,\"height\":1200,\"caption\":\"HIFANCY LEGEND 20000 - Raspberry Watermelon lce (3)\"},{\"@type\":\"BreadcrumbList\",\"@id\":\"https:\\\/\\\/vozolvapen.de\\\/product\\\/hifancy-legend-20000-raspberry-watermelon-lce\\\/#breadcrumb\",\"itemListElement\":[{\"@type\":\"ListItem\",\"position\":1,\"name\":\"Home\",\"item\":\"https:\\\/\\\/vozolvapen.de\\\/de\\\/\"},{\"@type\":\"ListItem\",\"position\":2,\"name\":\"Shop\",\"item\":\"https:\\\/\\\/vozolvapen.de\\\/shop\\\/\"},{\"@type\":\"ListItem\",\"position\":3,\"name\":\"Hifancy Legend 20000 &#8211; Raspberry Watermelon lce\"}]},{\"@type\":\"WebSite\",\"@id\":\"https:\\\/\\\/vozolvapen.de\\\/#website\",\"url\":\"https:\\\/\\\/vozolvapen.de\\\/\",\"name\":\"vozolvapen\",\"description\":\"vozolvapen\",\"publisher\":{\"@id\":\"https:\\\/\\\/vozolvapen.de\\\/#organization\"},\"potentialAction\":[{\"@type\":\"SearchAction\",\"target\":{\"@type\":\"EntryPoint\",\"urlTemplate\":\"https:\\\/\\\/vozolvapen.de\\\/?s={search_term_string}\"},\"query-input\":{\"@type\":\"PropertyValueSpecification\",\"valueRequired\":true,\"valueName\":\"search_term_string\"}}],\"inLanguage\":\"pl-PL\"},{\"@type\":\"Organization\",\"@id\":\"https:\\\/\\\/vozolvapen.de\\\/#organization\",\"name\":\"vozolvapen\",\"url\":\"https:\\\/\\\/vozolvapen.de\\\/\",\"logo\":{\"@type\":\"ImageObject\",\"inLanguage\":\"pl-PL\",\"@id\":\"https:\\\/\\\/vozolvapen.de\\\/#\\\/schema\\\/logo\\\/image\\\/\",\"url\":\"https:\\\/\\\/vozolvapen.de\\\/wp-content\\\/uploads\\\/2025\\\/12\\\/cropped-vozovapen-logo.webp\",\"contentUrl\":\"https:\\\/\\\/vozolvapen.de\\\/wp-content\\\/uploads\\\/2025\\\/12\\\/cropped-vozovapen-logo.webp\",\"width\":470,\"height\":110,\"caption\":\"vozolvapen\"},\"image\":{\"@id\":\"https:\\\/\\\/vozolvapen.de\\\/#\\\/schema\\\/logo\\\/image\\\/\"}}]}<\/script>\n<!-- \/ Yoast SEO Premium plugin. -->","yoast_head_json":{"title":"Raspberry Watermelon Ice HIFANCY 20k - vozolvapen","description":"Frosty Raspberry Watermelon Ice marki HIFANCY LEGEND 20000. Posiada dwa tryby ogrzewania i wy\u015bwietlacz pe\u0142noekranowy. Szybka logistyka na terenie UE.","robots":{"index":"index","follow":"follow","max-snippet":"max-snippet:-1","max-image-preview":"max-image-preview:large","max-video-preview":"max-video-preview:-1"},"canonical":"https:\/\/vozolvapen.de\/pl\/product\/hifancy-legend-20000-raspberry-watermelon-lce\/","og_locale":"pl_PL","og_type":"article","og_title":"Hifancy Legend 20000 - Raspberry Watermelon lce","og_description":"Frosty Raspberry Watermelon Ice by HIFANCY LEGEND 20000. Features Two Heating Modes and a Full Screen display. Fast EU logistics.","og_url":"https:\/\/vozolvapen.de\/pl\/product\/hifancy-legend-20000-raspberry-watermelon-lce\/","og_site_name":"vozolvapen","article_modified_time":"2026-02-10T10:59:39+00:00","og_image":[{"width":1200,"height":1200,"url":"https:\/\/vozolvapen.de\/wp-content\/uploads\/2025\/12\/HIFANCY-LEGEND-20000-Raspberry-Watermelon-lce-3.webp","type":"image\/webp"}],"twitter_card":"summary_large_image","twitter_misc":{"Szacowany czas czytania":"2 minuty"},"schema":{"@context":"https:\/\/schema.org","@graph":[{"@type":"WebPage","@id":"https:\/\/vozolvapen.de\/product\/hifancy-legend-20000-raspberry-watermelon-lce\/","url":"https:\/\/vozolvapen.de\/product\/hifancy-legend-20000-raspberry-watermelon-lce\/","name":"Raspberry Watermelon Ice HIFANCY 20k - vozolvapen","isPartOf":{"@id":"https:\/\/vozolvapen.de\/#website"},"primaryImageOfPage":{"@id":"https:\/\/vozolvapen.de\/product\/hifancy-legend-20000-raspberry-watermelon-lce\/#primaryimage"},"image":{"@id":"https:\/\/vozolvapen.de\/product\/hifancy-legend-20000-raspberry-watermelon-lce\/#primaryimage"},"thumbnailUrl":"https:\/\/vozolvapen.de\/wp-content\/uploads\/2025\/12\/HIFANCY-LEGEND-20000-Raspberry-Watermelon-lce-3.webp","datePublished":"2025-12-28T10:16:15+00:00","dateModified":"2026-02-10T10:59:39+00:00","description":"Frosty Raspberry Watermelon Ice marki HIFANCY LEGEND 20000. Posiada dwa tryby ogrzewania i wy\u015bwietlacz pe\u0142noekranowy. Szybka logistyka na terenie UE.","breadcrumb":{"@id":"https:\/\/vozolvapen.de\/product\/hifancy-legend-20000-raspberry-watermelon-lce\/#breadcrumb"},"inLanguage":"pl-PL","potentialAction":[{"@type":"ReadAction","target":["https:\/\/vozolvapen.de\/product\/hifancy-legend-20000-raspberry-watermelon-lce\/"]}]},{"@type":"ImageObject","inLanguage":"pl-PL","@id":"https:\/\/vozolvapen.de\/product\/hifancy-legend-20000-raspberry-watermelon-lce\/#primaryimage","url":"https:\/\/vozolvapen.de\/wp-content\/uploads\/2025\/12\/HIFANCY-LEGEND-20000-Raspberry-Watermelon-lce-3.webp","contentUrl":"https:\/\/vozolvapen.de\/wp-content\/uploads\/2025\/12\/HIFANCY-LEGEND-20000-Raspberry-Watermelon-lce-3.webp","width":1200,"height":1200,"caption":"HIFANCY LEGEND 20000 - Raspberry Watermelon lce (3)"},{"@type":"BreadcrumbList","@id":"https:\/\/vozolvapen.de\/product\/hifancy-legend-20000-raspberry-watermelon-lce\/#breadcrumb","itemListElement":[{"@type":"ListItem","position":1,"name":"Home","item":"https:\/\/vozolvapen.de\/de\/"},{"@type":"ListItem","position":2,"name":"Shop","item":"https:\/\/vozolvapen.de\/shop\/"},{"@type":"ListItem","position":3,"name":"Hifancy Legend 20000 &#8211; Raspberry Watermelon lce"}]},{"@type":"WebSite","@id":"https:\/\/vozolvapen.de\/#website","url":"https:\/\/vozolvapen.de\/","name":"vozolvapen","description":"vozolvapen","publisher":{"@id":"https:\/\/vozolvapen.de\/#organization"},"potentialAction":[{"@type":"SearchAction","target":{"@type":"EntryPoint","urlTemplate":"https:\/\/vozolvapen.de\/?s={search_term_string}"},"query-input":{"@type":"PropertyValueSpecification","valueRequired":true,"valueName":"search_term_string"}}],"inLanguage":"pl-PL"},{"@type":"Organization","@id":"https:\/\/vozolvapen.de\/#organization","name":"vozolvapen","url":"https:\/\/vozolvapen.de\/","logo":{"@type":"ImageObject","inLanguage":"pl-PL","@id":"https:\/\/vozolvapen.de\/#\/schema\/logo\/image\/","url":"https:\/\/vozolvapen.de\/wp-content\/uploads\/2025\/12\/cropped-vozovapen-logo.webp","contentUrl":"https:\/\/vozolvapen.de\/wp-content\/uploads\/2025\/12\/cropped-vozovapen-logo.webp","width":470,"height":110,"caption":"vozolvapen"},"image":{"@id":"https:\/\/vozolvapen.de\/#\/schema\/logo\/image\/"}}]}},"tiered_pricing_type":"fixed","tiered_pricing_fixed_rules":{"30":"14.24","50":"10.6","100":"9.3","200":"8.5"},"tiered_pricing_product_settings":{"layout":"default","base_unit_name":{"singular":null,"plural":null},"default_variation":{}},"tiered_pricing_minimum_quantity":10,"tiered_pricing_roles_data":[],"tiered_pricing_percentage_rules":[],"tiered_pricing_maximum_quantity":null,"tiered_pricing_quantity_step":"10","_links":{"self":[{"href":"http:\/\/vozolvapen.de\/pl\/wp-json\/wp\/v2\/product\/46134","targetHints":{"allow":["GET"]}}],"collection":[{"href":"http:\/\/vozolvapen.de\/pl\/wp-json\/wp\/v2\/product"}],"about":[{"href":"http:\/\/vozolvapen.de\/pl\/wp-json\/wp\/v2\/types\/product"}],"replies":[{"embeddable":true,"href":"http:\/\/vozolvapen.de\/pl\/wp-json\/wp\/v2\/comments?post=46134"}],"wp:featuredmedia":[{"embeddable":true,"href":"http:\/\/vozolvapen.de\/pl\/wp-json\/wp\/v2\/media\/46259"}],"wp:attachment":[{"href":"http:\/\/vozolvapen.de\/pl\/wp-json\/wp\/v2\/media?parent=46134"}],"wp:term":[{"taxonomy":"product_brand","embeddable":true,"href":"http:\/\/vozolvapen.de\/pl\/wp-json\/wp\/v2\/product_brand?post=46134"},{"taxonomy":"product_cat","embeddable":true,"href":"http:\/\/vozolvapen.de\/pl\/wp-json\/wp\/v2\/product_cat?post=46134"},{"taxonomy":"product_tag","embeddable":true,"href":"http:\/\/vozolvapen.de\/pl\/wp-json\/wp\/v2\/product_tag?post=46134"}],"curies":[{"name":"wp","href":"https:\/\/api.w.org\/{rel}","templated":true}]}}