{"id":46168,"date":"2025-12-28T10:16:16","date_gmt":"2025-12-28T10:16:16","guid":{"rendered":"https:\/\/vozolvapen.de\/?post_type=product&#038;p=46168"},"modified":"2026-02-10T10:59:37","modified_gmt":"2026-02-10T10:59:37","slug":"hifancy-legend-20000-watermelon-bubblegum","status":"publish","type":"product","link":"http:\/\/vozolvapen.de\/pl\/product\/hifancy-legend-20000-watermelon-bubblegum\/","title":{"rendered":"Hifancy Legend 20000 - Watermelon Bubblegum"},"content":{"rendered":"<h1 data-path-to-node=\"43\"><b data-path-to-node=\"43\" data-index-in-node=\"0\">HIFANCY LEGEND 20000 Watermelon Bubblegum: 20000 puff\u00f3w na pe\u0142nym ekranie i w dw\u00f3ch trybach<\/b><\/h1>\n<p data-path-to-node=\"44\">Ciesz si\u0119 nostalgiczn\u0105 s\u0142odycz\u0105 <b data-path-to-node=\"44\" data-index-in-node=\"37\">HIFANCY LEGEND 20000<\/b> Watermelon Bubblegum. Ten s\u0142odki, inspirowany cukierkami smak jest dostarczany z imponuj\u0105c\u0105 g\u0119sto\u015bci\u0105 przez <b data-path-to-node=\"44\" data-index-in-node=\"159\">HIFANCY 20k<\/b> Podw\u00f3jna cewka 1,0\u03a9.<\/p>\n<h2 data-path-to-node=\"45\"><b data-path-to-node=\"45\" data-index-in-node=\"0\">Profil smakowy i w\u0142a\u015bciwo\u015bci<\/b><\/h2>\n<p data-path-to-node=\"45\">Soczysty arbuzowy wdech ze s\u0142odkim, ci\u0105gn\u0105cym si\u0119 wydechem r\u00f3\u017cowej gumy balonowej. The <b data-path-to-node=\"45\" data-index-in-node=\"99\">Pe\u0142ny ekran<\/b> zapewnia, \u017ce dok\u0142adnie wiesz, ile <b data-path-to-node=\"45\" data-index-in-node=\"153\">30ML e-liquidu<\/b> pozostaje podczas delektowania si\u0119 tym cukierkowym klasykiem.<\/p>\n<h2 data-path-to-node=\"46\"><b data-path-to-node=\"46\" data-index-in-node=\"0\">Dla kogo przeznaczony jest ten smak?<\/b><\/h2>\n<p data-path-to-node=\"46\"><b data-path-to-node=\"46\" data-index-in-node=\"24\">Najlepszy wyb\u00f3r:<\/b> Vaperzy ze s\u0142odyczami, kt\u00f3rzy uwielbiaj\u0105 nostalgiczne, pe\u0142ne zabawy profile s\u0142odyczy.<\/p>\n<h2>Tabela specyfikacji produktu Hifancy Legend 20000 Puffs<\/h2>\n<table data-path-to-node=\"17\">\n<thead>\n<tr>\n<td><strong>Dane dotycz\u0105ce dostaw hurtowych<\/strong><\/td>\n<td><strong>HIFANCY LEGEND 20000 Sprzeda\u017c hurtowa<\/strong><\/td>\n<\/tr>\n<\/thead>\n<tbody>\n<tr>\n<td><span data-path-to-node=\"17,1,0,0\"><b data-path-to-node=\"17,1,0,0\" data-index-in-node=\"0\">To\u017csamo\u015b\u0107 marki<\/b><\/span><\/td>\n<td><span data-path-to-node=\"17,1,1,0\">HIFANCY VAPE<\/span><\/td>\n<\/tr>\n<tr>\n<td><span data-path-to-node=\"17,2,0,0\"><b data-path-to-node=\"17,2,0,0\" data-index-in-node=\"0\">Szybko\u015b\u0107 logistyki<\/b><\/span><\/td>\n<td><span data-path-to-node=\"17,2,1,0\"><b data-path-to-node=\"17,2,1,0\" data-index-in-node=\"0\">Magazyn europejski (dostawa w ci\u0105gu 1-3 dni)<\/b><\/span><\/td>\n<\/tr>\n<tr>\n<td><span data-path-to-node=\"17,3,0,0\"><b data-path-to-node=\"17,3,0,0\" data-index-in-node=\"0\">Waga opakowania<\/b><\/span><\/td>\n<td><span data-path-to-node=\"17,3,1,0\">Profesjonalna, lekka konstrukcja<\/span><\/td>\n<\/tr>\n<tr>\n<td><span data-path-to-node=\"17,4,0,0\"><b data-path-to-node=\"17,4,0,0\" data-index-in-node=\"0\">Opakowanie zbiorcze<\/b><\/span><\/td>\n<td><span data-path-to-node=\"17,4,1,0\">10 opakowa\u0144 waporyzator\u00f3w na wy\u015bwietlacz<\/span><\/td>\n<\/tr>\n<tr>\n<td><span data-path-to-node=\"17,5,0,0\"><b data-path-to-node=\"17,5,0,0\" data-index-in-node=\"0\">Segment rynku<\/b><\/span><\/td>\n<td><span data-path-to-node=\"17,5,1,0\">Vape o du\u017cej pojemno\u015bci 20 tys. zaci\u0105gni\u0119\u0107<\/span><\/td>\n<\/tr>\n<tr>\n<td><span data-path-to-node=\"17,6,0,0\"><b data-path-to-node=\"17,6,0,0\" data-index-in-node=\"0\">Puff Count<\/b><\/span><\/td>\n<td><span data-path-to-node=\"17,6,1,0\">Gwarantowane 20 000 zaci\u0105gni\u0119\u0107<\/span><\/td>\n<\/tr>\n<tr>\n<td><span data-path-to-node=\"17,7,0,0\"><b data-path-to-node=\"17,7,0,0\" data-index-in-node=\"0\">Dost\u0119pno\u015b\u0107<\/b><\/span><\/td>\n<td><span data-path-to-node=\"17,7,1,0\">Op\u0142acone \/ W magazynie<\/span><\/td>\n<\/tr>\n<\/tbody>\n<\/table>\n<h3 dir=\"auto\">Oto dalsze zalecenia dla Ciebie:<\/h3>\n<p dir=\"auto\">Odkryj jeszcze wi\u0119cej niesamowitych smak\u00f3w dzi\u0119ki Hifancy Legend 20000 Puff Vape!<\/p>\n<p dir=\"auto\"><a href=\"https:\/\/vozolvapen.de\/pl\/product-category\/hifancy-vape\/hifancy-legend-20000-puffs-vape\/\" target=\"_blank\" rel=\"noopener noreferrer nofollow\">Zobacz wszystkie odmiany tutaj \u2192<\/a><\/p>\n<p dir=\"auto\">Zapoznaj si\u0119 z nasz\u0105 pe\u0142n\u0105 kolekcj\u0105 i kupuj produkty najlepszych marek vape, kt\u00f3re pokochasz.<\/p>\n<p dir=\"auto\"><a href=\"https:\/\/vozolvapen.de\/pl\/\" target=\"_blank\" rel=\"noopener noreferrer nofollow\">Przegl\u0105daj teraz wszystkie marki \u2192<\/a><\/p>\n<p dir=\"auto\">Sprawd\u017a ca\u0142\u0105 seri\u0119 Hifancy Vape - ka\u017cdy smak, ka\u017cdy styl!<\/p>\n<p dir=\"auto\"><a href=\"https:\/\/vozolvapen.de\/pl\/product-category\/hifancy-vape\/\" target=\"_blank\" rel=\"noopener noreferrer nofollow\">Zobacz pe\u0142n\u0105 kolekcj\u0119 Hifancy Vape \u2192<\/a><\/p>","protected":false},"excerpt":{"rendered":"<p>S\u0142odki, ci\u0105gn\u0105cy i orze\u017awiaj\u0105cy. To <b data-path-to-node=\"3,9,3,0\" data-index-in-node=\"35\">20k puff\u00f3w vape<\/b> \u0142\u0105czy soczystego arbuza z nostalgiczn\u0105 r\u00f3\u017cow\u0105 baz\u0105 z gumy balonowej, zapewniaj\u0105c zabawny, cukierkowy smak.<\/p>","protected":false},"featured_media":46262,"comment_status":"open","ping_status":"closed","template":"","meta":{"_acf_changed":false},"product_brand":[],"product_cat":[134,100],"product_tag":[],"class_list":{"0":"post-46168","1":"product","2":"type-product","3":"status-publish","4":"has-post-thumbnail","6":"product_cat-eu-warehouse-in-stock","7":"product_cat-hifancy-legend-20000-puffs-vape","9":"first","10":"instock","11":"shipping-taxable","12":"purchasable","13":"product-type-variable"},"acf":[],"yoast_head":"<!-- This site is optimized with the Yoast SEO Premium plugin v26.1 (Yoast SEO v27.5) - https:\/\/yoast.com\/product\/yoast-seo-premium-wordpress\/ -->\n<title>Watermelon Bubblegum HIFANCY LEGEND 20k - vozolvapen<\/title>\n<meta name=\"description\" content=\"Sweet Watermelon Bubblegum HIFANCY 20000. 20k puffs, 30mL capacity, and Smart LED screen. Buy wholesale from our European warehouse.\" \/>\n<meta name=\"robots\" content=\"index, follow, max-snippet:-1, max-image-preview:large, max-video-preview:-1\" \/>\n<link rel=\"canonical\" href=\"https:\/\/vozolvapen.de\/pl\/product\/hifancy-legend-20000-watermelon-bubblegum\/\" \/>\n<meta property=\"og:locale\" content=\"pl_PL\" \/>\n<meta property=\"og:type\" content=\"article\" \/>\n<meta property=\"og:title\" content=\"Hifancy Legend 20000 - Watermelon Bubblegum\" \/>\n<meta property=\"og:description\" content=\"Sweet Watermelon Bubblegum HIFANCY 20000. 20k puffs, 30mL capacity, and Smart LED screen. Buy wholesale from our European warehouse.\" \/>\n<meta property=\"og:url\" content=\"https:\/\/vozolvapen.de\/pl\/product\/hifancy-legend-20000-watermelon-bubblegum\/\" \/>\n<meta property=\"og:site_name\" content=\"vozolvapen\" \/>\n<meta property=\"article:modified_time\" content=\"2026-02-10T10:59:37+00:00\" \/>\n<meta property=\"og:image\" content=\"https:\/\/vozolvapen.de\/wp-content\/uploads\/2025\/12\/HIFANCY-LEGEND-20000-Watermelon-Bubblegum-3.webp\" \/>\n\t<meta property=\"og:image:width\" content=\"1200\" \/>\n\t<meta property=\"og:image:height\" content=\"1200\" \/>\n\t<meta property=\"og:image:type\" content=\"image\/webp\" \/>\n<meta name=\"twitter:card\" content=\"summary_large_image\" \/>\n<meta name=\"twitter:label1\" content=\"Szacowany czas czytania\" \/>\n\t<meta name=\"twitter:data1\" content=\"2 minuty\" \/>\n<script type=\"application\/ld+json\" class=\"yoast-schema-graph\">{\"@context\":\"https:\\\/\\\/schema.org\",\"@graph\":[{\"@type\":\"WebPage\",\"@id\":\"https:\\\/\\\/vozolvapen.de\\\/product\\\/hifancy-legend-20000-watermelon-bubblegum\\\/\",\"url\":\"https:\\\/\\\/vozolvapen.de\\\/product\\\/hifancy-legend-20000-watermelon-bubblegum\\\/\",\"name\":\"Watermelon Bubblegum HIFANCY LEGEND 20k - vozolvapen\",\"isPartOf\":{\"@id\":\"https:\\\/\\\/vozolvapen.de\\\/#website\"},\"primaryImageOfPage\":{\"@id\":\"https:\\\/\\\/vozolvapen.de\\\/product\\\/hifancy-legend-20000-watermelon-bubblegum\\\/#primaryimage\"},\"image\":{\"@id\":\"https:\\\/\\\/vozolvapen.de\\\/product\\\/hifancy-legend-20000-watermelon-bubblegum\\\/#primaryimage\"},\"thumbnailUrl\":\"https:\\\/\\\/vozolvapen.de\\\/wp-content\\\/uploads\\\/2025\\\/12\\\/HIFANCY-LEGEND-20000-Watermelon-Bubblegum-3.webp\",\"datePublished\":\"2025-12-28T10:16:16+00:00\",\"dateModified\":\"2026-02-10T10:59:37+00:00\",\"description\":\"Sweet Watermelon Bubblegum HIFANCY 20000. 20k puffs, 30mL capacity, and Smart LED screen. Buy wholesale from our European warehouse.\",\"breadcrumb\":{\"@id\":\"https:\\\/\\\/vozolvapen.de\\\/product\\\/hifancy-legend-20000-watermelon-bubblegum\\\/#breadcrumb\"},\"inLanguage\":\"pl-PL\",\"potentialAction\":[{\"@type\":\"ReadAction\",\"target\":[\"https:\\\/\\\/vozolvapen.de\\\/product\\\/hifancy-legend-20000-watermelon-bubblegum\\\/\"]}]},{\"@type\":\"ImageObject\",\"inLanguage\":\"pl-PL\",\"@id\":\"https:\\\/\\\/vozolvapen.de\\\/product\\\/hifancy-legend-20000-watermelon-bubblegum\\\/#primaryimage\",\"url\":\"https:\\\/\\\/vozolvapen.de\\\/wp-content\\\/uploads\\\/2025\\\/12\\\/HIFANCY-LEGEND-20000-Watermelon-Bubblegum-3.webp\",\"contentUrl\":\"https:\\\/\\\/vozolvapen.de\\\/wp-content\\\/uploads\\\/2025\\\/12\\\/HIFANCY-LEGEND-20000-Watermelon-Bubblegum-3.webp\",\"width\":1200,\"height\":1200,\"caption\":\"HIFANCY LEGEND 20000 - Watermelon Bubblegum (3)\"},{\"@type\":\"BreadcrumbList\",\"@id\":\"https:\\\/\\\/vozolvapen.de\\\/product\\\/hifancy-legend-20000-watermelon-bubblegum\\\/#breadcrumb\",\"itemListElement\":[{\"@type\":\"ListItem\",\"position\":1,\"name\":\"Home\",\"item\":\"https:\\\/\\\/vozolvapen.de\\\/de\\\/\"},{\"@type\":\"ListItem\",\"position\":2,\"name\":\"Shop\",\"item\":\"https:\\\/\\\/vozolvapen.de\\\/shop\\\/\"},{\"@type\":\"ListItem\",\"position\":3,\"name\":\"Hifancy Legend 20000 &#8211; Watermelon Bubblegum\"}]},{\"@type\":\"WebSite\",\"@id\":\"https:\\\/\\\/vozolvapen.de\\\/#website\",\"url\":\"https:\\\/\\\/vozolvapen.de\\\/\",\"name\":\"vozolvapen\",\"description\":\"vozolvapen\",\"publisher\":{\"@id\":\"https:\\\/\\\/vozolvapen.de\\\/#organization\"},\"potentialAction\":[{\"@type\":\"SearchAction\",\"target\":{\"@type\":\"EntryPoint\",\"urlTemplate\":\"https:\\\/\\\/vozolvapen.de\\\/?s={search_term_string}\"},\"query-input\":{\"@type\":\"PropertyValueSpecification\",\"valueRequired\":true,\"valueName\":\"search_term_string\"}}],\"inLanguage\":\"pl-PL\"},{\"@type\":\"Organization\",\"@id\":\"https:\\\/\\\/vozolvapen.de\\\/#organization\",\"name\":\"vozolvapen\",\"url\":\"https:\\\/\\\/vozolvapen.de\\\/\",\"logo\":{\"@type\":\"ImageObject\",\"inLanguage\":\"pl-PL\",\"@id\":\"https:\\\/\\\/vozolvapen.de\\\/#\\\/schema\\\/logo\\\/image\\\/\",\"url\":\"https:\\\/\\\/vozolvapen.de\\\/wp-content\\\/uploads\\\/2025\\\/12\\\/cropped-vozovapen-logo.webp\",\"contentUrl\":\"https:\\\/\\\/vozolvapen.de\\\/wp-content\\\/uploads\\\/2025\\\/12\\\/cropped-vozovapen-logo.webp\",\"width\":470,\"height\":110,\"caption\":\"vozolvapen\"},\"image\":{\"@id\":\"https:\\\/\\\/vozolvapen.de\\\/#\\\/schema\\\/logo\\\/image\\\/\"}}]}<\/script>\n<!-- \/ Yoast SEO Premium plugin. -->","yoast_head_json":{"title":"Watermelon Bubblegum HIFANCY LEGEND 20k - vozolvapen","description":"Sweet Watermelon Bubblegum HIFANCY 20000. 20 tys. zaci\u0105gni\u0119\u0107, pojemno\u015b\u0107 30 ml i inteligentny ekran LED. Zakup hurtowy z naszego europejskiego magazynu.","robots":{"index":"index","follow":"follow","max-snippet":"max-snippet:-1","max-image-preview":"max-image-preview:large","max-video-preview":"max-video-preview:-1"},"canonical":"https:\/\/vozolvapen.de\/pl\/product\/hifancy-legend-20000-watermelon-bubblegum\/","og_locale":"pl_PL","og_type":"article","og_title":"Hifancy Legend 20000 - Watermelon Bubblegum","og_description":"Sweet Watermelon Bubblegum HIFANCY 20000. 20k puffs, 30mL capacity, and Smart LED screen. Buy wholesale from our European warehouse.","og_url":"https:\/\/vozolvapen.de\/pl\/product\/hifancy-legend-20000-watermelon-bubblegum\/","og_site_name":"vozolvapen","article_modified_time":"2026-02-10T10:59:37+00:00","og_image":[{"width":1200,"height":1200,"url":"https:\/\/vozolvapen.de\/wp-content\/uploads\/2025\/12\/HIFANCY-LEGEND-20000-Watermelon-Bubblegum-3.webp","type":"image\/webp"}],"twitter_card":"summary_large_image","twitter_misc":{"Szacowany czas czytania":"2 minuty"},"schema":{"@context":"https:\/\/schema.org","@graph":[{"@type":"WebPage","@id":"https:\/\/vozolvapen.de\/product\/hifancy-legend-20000-watermelon-bubblegum\/","url":"https:\/\/vozolvapen.de\/product\/hifancy-legend-20000-watermelon-bubblegum\/","name":"Watermelon Bubblegum HIFANCY LEGEND 20k - vozolvapen","isPartOf":{"@id":"https:\/\/vozolvapen.de\/#website"},"primaryImageOfPage":{"@id":"https:\/\/vozolvapen.de\/product\/hifancy-legend-20000-watermelon-bubblegum\/#primaryimage"},"image":{"@id":"https:\/\/vozolvapen.de\/product\/hifancy-legend-20000-watermelon-bubblegum\/#primaryimage"},"thumbnailUrl":"https:\/\/vozolvapen.de\/wp-content\/uploads\/2025\/12\/HIFANCY-LEGEND-20000-Watermelon-Bubblegum-3.webp","datePublished":"2025-12-28T10:16:16+00:00","dateModified":"2026-02-10T10:59:37+00:00","description":"Sweet Watermelon Bubblegum HIFANCY 20000. 20 tys. zaci\u0105gni\u0119\u0107, pojemno\u015b\u0107 30 ml i inteligentny ekran LED. Zakup hurtowy z naszego europejskiego magazynu.","breadcrumb":{"@id":"https:\/\/vozolvapen.de\/product\/hifancy-legend-20000-watermelon-bubblegum\/#breadcrumb"},"inLanguage":"pl-PL","potentialAction":[{"@type":"ReadAction","target":["https:\/\/vozolvapen.de\/product\/hifancy-legend-20000-watermelon-bubblegum\/"]}]},{"@type":"ImageObject","inLanguage":"pl-PL","@id":"https:\/\/vozolvapen.de\/product\/hifancy-legend-20000-watermelon-bubblegum\/#primaryimage","url":"https:\/\/vozolvapen.de\/wp-content\/uploads\/2025\/12\/HIFANCY-LEGEND-20000-Watermelon-Bubblegum-3.webp","contentUrl":"https:\/\/vozolvapen.de\/wp-content\/uploads\/2025\/12\/HIFANCY-LEGEND-20000-Watermelon-Bubblegum-3.webp","width":1200,"height":1200,"caption":"HIFANCY LEGEND 20000 - Watermelon Bubblegum (3)"},{"@type":"BreadcrumbList","@id":"https:\/\/vozolvapen.de\/product\/hifancy-legend-20000-watermelon-bubblegum\/#breadcrumb","itemListElement":[{"@type":"ListItem","position":1,"name":"Home","item":"https:\/\/vozolvapen.de\/de\/"},{"@type":"ListItem","position":2,"name":"Shop","item":"https:\/\/vozolvapen.de\/shop\/"},{"@type":"ListItem","position":3,"name":"Hifancy Legend 20000 &#8211; Watermelon Bubblegum"}]},{"@type":"WebSite","@id":"https:\/\/vozolvapen.de\/#website","url":"https:\/\/vozolvapen.de\/","name":"vozolvapen","description":"vozolvapen","publisher":{"@id":"https:\/\/vozolvapen.de\/#organization"},"potentialAction":[{"@type":"SearchAction","target":{"@type":"EntryPoint","urlTemplate":"https:\/\/vozolvapen.de\/?s={search_term_string}"},"query-input":{"@type":"PropertyValueSpecification","valueRequired":true,"valueName":"search_term_string"}}],"inLanguage":"pl-PL"},{"@type":"Organization","@id":"https:\/\/vozolvapen.de\/#organization","name":"vozolvapen","url":"https:\/\/vozolvapen.de\/","logo":{"@type":"ImageObject","inLanguage":"pl-PL","@id":"https:\/\/vozolvapen.de\/#\/schema\/logo\/image\/","url":"https:\/\/vozolvapen.de\/wp-content\/uploads\/2025\/12\/cropped-vozovapen-logo.webp","contentUrl":"https:\/\/vozolvapen.de\/wp-content\/uploads\/2025\/12\/cropped-vozovapen-logo.webp","width":470,"height":110,"caption":"vozolvapen"},"image":{"@id":"https:\/\/vozolvapen.de\/#\/schema\/logo\/image\/"}}]}},"tiered_pricing_type":"fixed","tiered_pricing_fixed_rules":{"30":"14.24","50":"10.6","100":"9.3","200":"8.5"},"tiered_pricing_product_settings":{"layout":"default","base_unit_name":{"singular":null,"plural":null},"default_variation":{}},"tiered_pricing_minimum_quantity":10,"tiered_pricing_roles_data":[],"tiered_pricing_percentage_rules":[],"tiered_pricing_maximum_quantity":null,"tiered_pricing_quantity_step":"10","_links":{"self":[{"href":"http:\/\/vozolvapen.de\/pl\/wp-json\/wp\/v2\/product\/46168","targetHints":{"allow":["GET"]}}],"collection":[{"href":"http:\/\/vozolvapen.de\/pl\/wp-json\/wp\/v2\/product"}],"about":[{"href":"http:\/\/vozolvapen.de\/pl\/wp-json\/wp\/v2\/types\/product"}],"replies":[{"embeddable":true,"href":"http:\/\/vozolvapen.de\/pl\/wp-json\/wp\/v2\/comments?post=46168"}],"wp:featuredmedia":[{"embeddable":true,"href":"http:\/\/vozolvapen.de\/pl\/wp-json\/wp\/v2\/media\/46262"}],"wp:attachment":[{"href":"http:\/\/vozolvapen.de\/pl\/wp-json\/wp\/v2\/media?parent=46168"}],"wp:term":[{"taxonomy":"product_brand","embeddable":true,"href":"http:\/\/vozolvapen.de\/pl\/wp-json\/wp\/v2\/product_brand?post=46168"},{"taxonomy":"product_cat","embeddable":true,"href":"http:\/\/vozolvapen.de\/pl\/wp-json\/wp\/v2\/product_cat?post=46168"},{"taxonomy":"product_tag","embeddable":true,"href":"http:\/\/vozolvapen.de\/pl\/wp-json\/wp\/v2\/product_tag?post=46168"}],"curies":[{"name":"wp","href":"https:\/\/api.w.org\/{rel}","templated":true}]}}