{"id":46202,"date":"2025-12-28T10:16:18","date_gmt":"2025-12-28T10:16:18","guid":{"rendered":"https:\/\/vozolvapen.de\/?post_type=product&#038;p=46202"},"modified":"2026-02-10T10:59:34","modified_gmt":"2026-02-10T10:59:34","slug":"hifancy-legend-20000-peach-berry-ice","status":"publish","type":"product","link":"http:\/\/vozolvapen.de\/pl\/product\/hifancy-legend-20000-peach-berry-ice\/","title":{"rendered":"Hifancy Legend 20000 - Peach Berry Ice"},"content":{"rendered":"<h1 data-path-to-node=\"48\"><b data-path-to-node=\"48\" data-index-in-node=\"0\">HIFANCY LEGEND 20000 Peach Berry Ice: 20000 puff\u00f3w w trybie pe\u0142noekranowym i podw\u00f3jnym<\/b><\/h1>\n<p data-path-to-node=\"49\">Odkryj aksamitn\u0105 g\u0142adko\u015b\u0107 <b data-path-to-node=\"49\" data-index-in-node=\"39\">HIFANCY LEGEND 20000<\/b> Peach Berry Ice. Ta elegancka mieszanka \u0142\u0105czy w sobie delikatne brzoskwinie i mieszane le\u015bne jagody z ch\u0142odz\u0105cym akcentem, umieszczonym w wysokiej jako\u015bci opakowaniu. <b data-path-to-node=\"49\" data-index-in-node=\"187\">hifancy 20000 puff<\/b> podwozie.<\/p>\n<h2 data-path-to-node=\"50\"><b data-path-to-node=\"50\" data-index-in-node=\"0\">Profil smakowy i w\u0142a\u015bciwo\u015bci<\/b><\/h2>\n<p data-path-to-node=\"50\">Kwiatowe, delikatne brzoskwiniowe wej\u015bcie z cierpk\u0105 jagodow\u0105 mieszank\u0105 i lodowatym wyko\u0144czeniem. Bateria o pojemno\u015bci 750 mAh i \u0142adowanie typu C sprawiaj\u0105, \u017ce <b data-path-to-node=\"50\" data-index-in-node=\"145\">HIFANCY 20k<\/b> niezawodny partner dla tego delikatnego, ale aromatycznego profilu.<\/p>\n<h2 data-path-to-node=\"51\"><b data-path-to-node=\"51\" data-index-in-node=\"0\">Dla kogo przeznaczony jest ten smak?<\/b><\/h2>\n<p data-path-to-node=\"51\"><b data-path-to-node=\"51\" data-index-in-node=\"24\">Najlepszy wyb\u00f3r:<\/b> Vaperzy, kt\u00f3rzy preferuj\u0105 g\u0142adkie, eleganckie i aromatyczne mieszanki owocowe z delikatnym uczuciem ch\u0142odzenia.<\/p>\n<h2>Tabela specyfikacji produktu Hifancy Legend 20000 Puffs<\/h2>\n<table data-path-to-node=\"21\">\n<thead>\n<tr>\n<td><strong>Szybkie fakty<\/strong><\/td>\n<td><strong>HIFANCY 20,000 w skr\u00f3cie<\/strong><\/td>\n<\/tr>\n<\/thead>\n<tbody>\n<tr>\n<td><span data-path-to-node=\"21,1,0,0\"><b data-path-to-node=\"21,1,0,0\" data-index-in-node=\"0\">Model<\/b><\/span><\/td>\n<td><span data-path-to-node=\"21,1,1,0\">HIFANCY LEGEND 20k<\/span><\/td>\n<\/tr>\n<tr>\n<td><span data-path-to-node=\"21,2,0,0\"><b data-path-to-node=\"21,2,0,0\" data-index-in-node=\"0\">Maksymalna pojemno\u015b\u0107<\/b><\/span><\/td>\n<td><span data-path-to-node=\"21,2,1,0\">20,000 Puffs<\/span><\/td>\n<\/tr>\n<tr>\n<td><span data-path-to-node=\"21,3,0,0\"><b data-path-to-node=\"21,3,0,0\" data-index-in-node=\"0\">Poziom cieczy<\/b><\/span><\/td>\n<td><span data-path-to-node=\"21,3,1,0\">30 ml (zbiornik masywny)<\/span><\/td>\n<\/tr>\n<tr>\n<td><span data-path-to-node=\"21,4,0,0\"><b data-path-to-node=\"21,4,0,0\" data-index-in-node=\"0\">Typ ekranu<\/b><\/span><\/td>\n<td><span data-path-to-node=\"21,4,1,0\">Wy\u015bwietlacz cyfrowy z przodu<\/span><\/td>\n<\/tr>\n<tr>\n<td><span data-path-to-node=\"21,5,0,0\"><b data-path-to-node=\"21,5,0,0\" data-index-in-node=\"0\">Tryby<\/b><\/span><\/td>\n<td><span data-path-to-node=\"21,5,1,0\">Tryb Boost i tryb zwyk\u0142y<\/span><\/td>\n<\/tr>\n<tr>\n<td><span data-path-to-node=\"21,6,0,0\"><b data-path-to-node=\"21,6,0,0\" data-index-in-node=\"0\">Akumulator\/\u0142adowanie<\/b><\/span><\/td>\n<td><span data-path-to-node=\"21,6,1,0\">750 mAh \/ USB typu C<\/span><\/td>\n<\/tr>\n<tr>\n<td><span data-path-to-node=\"21,7,0,0\"><b data-path-to-node=\"21,7,0,0\" data-index-in-node=\"0\">Rdze\u0144<\/b><\/span><\/td>\n<td><span data-path-to-node=\"21,7,1,0\">System cewek siatkowych (1,0\u03a9)<\/span><\/td>\n<\/tr>\n<\/tbody>\n<\/table>\n<h3 dir=\"auto\">Oto dalsze zalecenia dla Ciebie:<\/h3>\n<p dir=\"auto\">Odkryj jeszcze wi\u0119cej niesamowitych smak\u00f3w dzi\u0119ki Hifancy Legend 20000 Puff Vape!<\/p>\n<p dir=\"auto\"><a href=\"https:\/\/vozolvapen.de\/pl\/product-category\/hifancy-vape\/hifancy-legend-20000-puffs-vape\/\" target=\"_blank\" rel=\"noopener noreferrer nofollow\">Zobacz wszystkie odmiany tutaj \u2192<\/a><\/p>\n<p dir=\"auto\">Zapoznaj si\u0119 z nasz\u0105 pe\u0142n\u0105 kolekcj\u0105 i kupuj produkty najlepszych marek vape, kt\u00f3re pokochasz.<\/p>\n<p dir=\"auto\"><a href=\"https:\/\/vozolvapen.de\/pl\/\" target=\"_blank\" rel=\"noopener noreferrer nofollow\">Przegl\u0105daj teraz wszystkie marki \u2192<\/a><\/p>\n<p dir=\"auto\">Sprawd\u017a ca\u0142\u0105 seri\u0119 Hifancy Vape - ka\u017cdy smak, ka\u017cdy styl!<\/p>\n<p dir=\"auto\"><a href=\"https:\/\/vozolvapen.de\/pl\/product-category\/hifancy-vape\/\" target=\"_blank\" rel=\"noopener noreferrer nofollow\">Zobacz pe\u0142n\u0105 kolekcj\u0119 Hifancy Vape \u2192<\/a><\/p>","protected":false},"excerpt":{"rendered":"<p>G\u0142adki i aromatyczny. W smaku <b data-path-to-node=\"3,10,3,0\" data-index-in-node=\"25\">HIFANCY LEGEND 20000<\/b> Peach Berry Ice \u0142\u0105czy mi\u0119kkie brzoskwinie i le\u015bne jagody z rze\u015bkim, lodowatym wyko\u0144czeniem, zapewniaj\u0105c zr\u00f3wnowa\u017con\u0105 waporyzacj\u0119.<\/p>","protected":false},"featured_media":46265,"comment_status":"open","ping_status":"closed","template":"","meta":{"_acf_changed":false},"product_brand":[],"product_cat":[134,100],"product_tag":[],"class_list":{"0":"post-46202","1":"product","2":"type-product","3":"status-publish","4":"has-post-thumbnail","6":"product_cat-eu-warehouse-in-stock","7":"product_cat-hifancy-legend-20000-puffs-vape","9":"first","10":"instock","11":"shipping-taxable","12":"purchasable","13":"product-type-variable"},"acf":[],"yoast_head":"<!-- This site is optimized with the Yoast SEO Premium plugin v26.1 (Yoast SEO v27.5) - https:\/\/yoast.com\/product\/yoast-seo-premium-wordpress\/ -->\n<title>Peach Berry Ice HIFANCY LEGEND 20000 - vozolvapen<\/title>\n<meta name=\"description\" content=\"Velvety Peach Berry Ice from HIFANCY 20k. 20000 puffs, Dual Mode power, and 30mL pre-filled oil. The legendary high-capacity disposable.\" \/>\n<meta name=\"robots\" content=\"index, follow, max-snippet:-1, max-image-preview:large, max-video-preview:-1\" \/>\n<link rel=\"canonical\" href=\"https:\/\/vozolvapen.de\/pl\/product\/hifancy-legend-20000-peach-berry-ice\/\" \/>\n<meta property=\"og:locale\" content=\"pl_PL\" \/>\n<meta property=\"og:type\" content=\"article\" \/>\n<meta property=\"og:title\" content=\"Hifancy Legend 20000 - Peach Berry Ice\" \/>\n<meta property=\"og:description\" content=\"Velvety Peach Berry Ice from HIFANCY 20k. 20000 puffs, Dual Mode power, and 30mL pre-filled oil. The legendary high-capacity disposable.\" \/>\n<meta property=\"og:url\" content=\"https:\/\/vozolvapen.de\/pl\/product\/hifancy-legend-20000-peach-berry-ice\/\" \/>\n<meta property=\"og:site_name\" content=\"vozolvapen\" \/>\n<meta property=\"article:modified_time\" content=\"2026-02-10T10:59:34+00:00\" \/>\n<meta property=\"og:image\" content=\"https:\/\/vozolvapen.de\/wp-content\/uploads\/2025\/12\/HIFANCY-LEGEND-20000-Peach-Berry-Ice-3.webp\" \/>\n\t<meta property=\"og:image:width\" content=\"1200\" \/>\n\t<meta property=\"og:image:height\" content=\"1200\" \/>\n\t<meta property=\"og:image:type\" content=\"image\/webp\" \/>\n<meta name=\"twitter:card\" content=\"summary_large_image\" \/>\n<meta name=\"twitter:label1\" content=\"Szacowany czas czytania\" \/>\n\t<meta name=\"twitter:data1\" content=\"2 minuty\" \/>\n<script type=\"application\/ld+json\" class=\"yoast-schema-graph\">{\"@context\":\"https:\\\/\\\/schema.org\",\"@graph\":[{\"@type\":\"WebPage\",\"@id\":\"https:\\\/\\\/vozolvapen.de\\\/product\\\/hifancy-legend-20000-peach-berry-ice\\\/\",\"url\":\"https:\\\/\\\/vozolvapen.de\\\/product\\\/hifancy-legend-20000-peach-berry-ice\\\/\",\"name\":\"Peach Berry Ice HIFANCY LEGEND 20000 - vozolvapen\",\"isPartOf\":{\"@id\":\"https:\\\/\\\/vozolvapen.de\\\/#website\"},\"primaryImageOfPage\":{\"@id\":\"https:\\\/\\\/vozolvapen.de\\\/product\\\/hifancy-legend-20000-peach-berry-ice\\\/#primaryimage\"},\"image\":{\"@id\":\"https:\\\/\\\/vozolvapen.de\\\/product\\\/hifancy-legend-20000-peach-berry-ice\\\/#primaryimage\"},\"thumbnailUrl\":\"https:\\\/\\\/vozolvapen.de\\\/wp-content\\\/uploads\\\/2025\\\/12\\\/HIFANCY-LEGEND-20000-Peach-Berry-Ice-3.webp\",\"datePublished\":\"2025-12-28T10:16:18+00:00\",\"dateModified\":\"2026-02-10T10:59:34+00:00\",\"description\":\"Velvety Peach Berry Ice from HIFANCY 20k. 20000 puffs, Dual Mode power, and 30mL pre-filled oil. The legendary high-capacity disposable.\",\"breadcrumb\":{\"@id\":\"https:\\\/\\\/vozolvapen.de\\\/product\\\/hifancy-legend-20000-peach-berry-ice\\\/#breadcrumb\"},\"inLanguage\":\"pl-PL\",\"potentialAction\":[{\"@type\":\"ReadAction\",\"target\":[\"https:\\\/\\\/vozolvapen.de\\\/product\\\/hifancy-legend-20000-peach-berry-ice\\\/\"]}]},{\"@type\":\"ImageObject\",\"inLanguage\":\"pl-PL\",\"@id\":\"https:\\\/\\\/vozolvapen.de\\\/product\\\/hifancy-legend-20000-peach-berry-ice\\\/#primaryimage\",\"url\":\"https:\\\/\\\/vozolvapen.de\\\/wp-content\\\/uploads\\\/2025\\\/12\\\/HIFANCY-LEGEND-20000-Peach-Berry-Ice-3.webp\",\"contentUrl\":\"https:\\\/\\\/vozolvapen.de\\\/wp-content\\\/uploads\\\/2025\\\/12\\\/HIFANCY-LEGEND-20000-Peach-Berry-Ice-3.webp\",\"width\":1200,\"height\":1200,\"caption\":\"HIFANCY LEGEND 20000 - Peach Berry Ice (3)\"},{\"@type\":\"BreadcrumbList\",\"@id\":\"https:\\\/\\\/vozolvapen.de\\\/product\\\/hifancy-legend-20000-peach-berry-ice\\\/#breadcrumb\",\"itemListElement\":[{\"@type\":\"ListItem\",\"position\":1,\"name\":\"Home\",\"item\":\"https:\\\/\\\/vozolvapen.de\\\/de\\\/\"},{\"@type\":\"ListItem\",\"position\":2,\"name\":\"Shop\",\"item\":\"https:\\\/\\\/vozolvapen.de\\\/shop\\\/\"},{\"@type\":\"ListItem\",\"position\":3,\"name\":\"Hifancy Legend 20000 &#8211; Peach Berry Ice\"}]},{\"@type\":\"WebSite\",\"@id\":\"https:\\\/\\\/vozolvapen.de\\\/#website\",\"url\":\"https:\\\/\\\/vozolvapen.de\\\/\",\"name\":\"vozolvapen\",\"description\":\"vozolvapen\",\"publisher\":{\"@id\":\"https:\\\/\\\/vozolvapen.de\\\/#organization\"},\"potentialAction\":[{\"@type\":\"SearchAction\",\"target\":{\"@type\":\"EntryPoint\",\"urlTemplate\":\"https:\\\/\\\/vozolvapen.de\\\/?s={search_term_string}\"},\"query-input\":{\"@type\":\"PropertyValueSpecification\",\"valueRequired\":true,\"valueName\":\"search_term_string\"}}],\"inLanguage\":\"pl-PL\"},{\"@type\":\"Organization\",\"@id\":\"https:\\\/\\\/vozolvapen.de\\\/#organization\",\"name\":\"vozolvapen\",\"url\":\"https:\\\/\\\/vozolvapen.de\\\/\",\"logo\":{\"@type\":\"ImageObject\",\"inLanguage\":\"pl-PL\",\"@id\":\"https:\\\/\\\/vozolvapen.de\\\/#\\\/schema\\\/logo\\\/image\\\/\",\"url\":\"https:\\\/\\\/vozolvapen.de\\\/wp-content\\\/uploads\\\/2025\\\/12\\\/cropped-vozovapen-logo.webp\",\"contentUrl\":\"https:\\\/\\\/vozolvapen.de\\\/wp-content\\\/uploads\\\/2025\\\/12\\\/cropped-vozovapen-logo.webp\",\"width\":470,\"height\":110,\"caption\":\"vozolvapen\"},\"image\":{\"@id\":\"https:\\\/\\\/vozolvapen.de\\\/#\\\/schema\\\/logo\\\/image\\\/\"}}]}<\/script>\n<!-- \/ Yoast SEO Premium plugin. -->","yoast_head_json":{"title":"Peach Berry Ice HIFANCY LEGEND 20000 - vozolvapen","description":"Aksamitny Peach Berry Ice od HIFANCY 20k. 20000 zaci\u0105gni\u0119\u0107, moc Dual Mode i 30 ml wst\u0119pnie nape\u0142nionego oleju. Legendarny jednorazowy papieros o du\u017cej pojemno\u015bci.","robots":{"index":"index","follow":"follow","max-snippet":"max-snippet:-1","max-image-preview":"max-image-preview:large","max-video-preview":"max-video-preview:-1"},"canonical":"https:\/\/vozolvapen.de\/pl\/product\/hifancy-legend-20000-peach-berry-ice\/","og_locale":"pl_PL","og_type":"article","og_title":"Hifancy Legend 20000 - Peach Berry Ice","og_description":"Velvety Peach Berry Ice from HIFANCY 20k. 20000 puffs, Dual Mode power, and 30mL pre-filled oil. The legendary high-capacity disposable.","og_url":"https:\/\/vozolvapen.de\/pl\/product\/hifancy-legend-20000-peach-berry-ice\/","og_site_name":"vozolvapen","article_modified_time":"2026-02-10T10:59:34+00:00","og_image":[{"width":1200,"height":1200,"url":"https:\/\/vozolvapen.de\/wp-content\/uploads\/2025\/12\/HIFANCY-LEGEND-20000-Peach-Berry-Ice-3.webp","type":"image\/webp"}],"twitter_card":"summary_large_image","twitter_misc":{"Szacowany czas czytania":"2 minuty"},"schema":{"@context":"https:\/\/schema.org","@graph":[{"@type":"WebPage","@id":"https:\/\/vozolvapen.de\/product\/hifancy-legend-20000-peach-berry-ice\/","url":"https:\/\/vozolvapen.de\/product\/hifancy-legend-20000-peach-berry-ice\/","name":"Peach Berry Ice HIFANCY LEGEND 20000 - vozolvapen","isPartOf":{"@id":"https:\/\/vozolvapen.de\/#website"},"primaryImageOfPage":{"@id":"https:\/\/vozolvapen.de\/product\/hifancy-legend-20000-peach-berry-ice\/#primaryimage"},"image":{"@id":"https:\/\/vozolvapen.de\/product\/hifancy-legend-20000-peach-berry-ice\/#primaryimage"},"thumbnailUrl":"https:\/\/vozolvapen.de\/wp-content\/uploads\/2025\/12\/HIFANCY-LEGEND-20000-Peach-Berry-Ice-3.webp","datePublished":"2025-12-28T10:16:18+00:00","dateModified":"2026-02-10T10:59:34+00:00","description":"Aksamitny Peach Berry Ice od HIFANCY 20k. 20000 zaci\u0105gni\u0119\u0107, moc Dual Mode i 30 ml wst\u0119pnie nape\u0142nionego oleju. Legendarny jednorazowy papieros o du\u017cej pojemno\u015bci.","breadcrumb":{"@id":"https:\/\/vozolvapen.de\/product\/hifancy-legend-20000-peach-berry-ice\/#breadcrumb"},"inLanguage":"pl-PL","potentialAction":[{"@type":"ReadAction","target":["https:\/\/vozolvapen.de\/product\/hifancy-legend-20000-peach-berry-ice\/"]}]},{"@type":"ImageObject","inLanguage":"pl-PL","@id":"https:\/\/vozolvapen.de\/product\/hifancy-legend-20000-peach-berry-ice\/#primaryimage","url":"https:\/\/vozolvapen.de\/wp-content\/uploads\/2025\/12\/HIFANCY-LEGEND-20000-Peach-Berry-Ice-3.webp","contentUrl":"https:\/\/vozolvapen.de\/wp-content\/uploads\/2025\/12\/HIFANCY-LEGEND-20000-Peach-Berry-Ice-3.webp","width":1200,"height":1200,"caption":"HIFANCY LEGEND 20000 - Peach Berry Ice (3)"},{"@type":"BreadcrumbList","@id":"https:\/\/vozolvapen.de\/product\/hifancy-legend-20000-peach-berry-ice\/#breadcrumb","itemListElement":[{"@type":"ListItem","position":1,"name":"Home","item":"https:\/\/vozolvapen.de\/de\/"},{"@type":"ListItem","position":2,"name":"Shop","item":"https:\/\/vozolvapen.de\/shop\/"},{"@type":"ListItem","position":3,"name":"Hifancy Legend 20000 &#8211; Peach Berry Ice"}]},{"@type":"WebSite","@id":"https:\/\/vozolvapen.de\/#website","url":"https:\/\/vozolvapen.de\/","name":"vozolvapen","description":"vozolvapen","publisher":{"@id":"https:\/\/vozolvapen.de\/#organization"},"potentialAction":[{"@type":"SearchAction","target":{"@type":"EntryPoint","urlTemplate":"https:\/\/vozolvapen.de\/?s={search_term_string}"},"query-input":{"@type":"PropertyValueSpecification","valueRequired":true,"valueName":"search_term_string"}}],"inLanguage":"pl-PL"},{"@type":"Organization","@id":"https:\/\/vozolvapen.de\/#organization","name":"vozolvapen","url":"https:\/\/vozolvapen.de\/","logo":{"@type":"ImageObject","inLanguage":"pl-PL","@id":"https:\/\/vozolvapen.de\/#\/schema\/logo\/image\/","url":"https:\/\/vozolvapen.de\/wp-content\/uploads\/2025\/12\/cropped-vozovapen-logo.webp","contentUrl":"https:\/\/vozolvapen.de\/wp-content\/uploads\/2025\/12\/cropped-vozovapen-logo.webp","width":470,"height":110,"caption":"vozolvapen"},"image":{"@id":"https:\/\/vozolvapen.de\/#\/schema\/logo\/image\/"}}]}},"tiered_pricing_type":"fixed","tiered_pricing_fixed_rules":{"30":"14.24","50":"10.6","100":"9.3","200":"8.5"},"tiered_pricing_product_settings":{"layout":"default","base_unit_name":{"singular":null,"plural":null},"default_variation":{}},"tiered_pricing_minimum_quantity":10,"tiered_pricing_roles_data":[],"tiered_pricing_percentage_rules":[],"tiered_pricing_maximum_quantity":null,"tiered_pricing_quantity_step":"10","_links":{"self":[{"href":"http:\/\/vozolvapen.de\/pl\/wp-json\/wp\/v2\/product\/46202","targetHints":{"allow":["GET"]}}],"collection":[{"href":"http:\/\/vozolvapen.de\/pl\/wp-json\/wp\/v2\/product"}],"about":[{"href":"http:\/\/vozolvapen.de\/pl\/wp-json\/wp\/v2\/types\/product"}],"replies":[{"embeddable":true,"href":"http:\/\/vozolvapen.de\/pl\/wp-json\/wp\/v2\/comments?post=46202"}],"wp:featuredmedia":[{"embeddable":true,"href":"http:\/\/vozolvapen.de\/pl\/wp-json\/wp\/v2\/media\/46265"}],"wp:attachment":[{"href":"http:\/\/vozolvapen.de\/pl\/wp-json\/wp\/v2\/media?parent=46202"}],"wp:term":[{"taxonomy":"product_brand","embeddable":true,"href":"http:\/\/vozolvapen.de\/pl\/wp-json\/wp\/v2\/product_brand?post=46202"},{"taxonomy":"product_cat","embeddable":true,"href":"http:\/\/vozolvapen.de\/pl\/wp-json\/wp\/v2\/product_cat?post=46202"},{"taxonomy":"product_tag","embeddable":true,"href":"http:\/\/vozolvapen.de\/pl\/wp-json\/wp\/v2\/product_tag?post=46202"}],"curies":[{"name":"wp","href":"https:\/\/api.w.org\/{rel}","templated":true}]}}