{"id":46378,"date":"2025-12-29T03:52:15","date_gmt":"2025-12-29T03:52:15","guid":{"rendered":"https:\/\/vozolvapen.de\/?post_type=product&#038;p=46378"},"modified":"2025-12-30T05:13:25","modified_gmt":"2025-12-30T05:13:25","slug":"puff-110k-bang-leader-110k-fuji-ice-apple-grape-cherry-pomegranate","status":"publish","type":"product","link":"http:\/\/vozolvapen.de\/pl\/product\/puff-110k-bang-leader-110k-fuji-ice-apple-grape-cherry-pomegranate\/","title":{"rendered":"Puff 110k Bang Leader 110K - Fuji Ice &amp; Apple Grape &amp; Cherry Pomegranate"},"content":{"rendered":"<h1 data-path-to-node=\"8\"><b data-path-to-node=\"8\" data-index-in-node=\"0\">Bang Leader 110K Puffs 6 w 1: Fuji Ice, Apple Grape, Cherry Pomegranate<\/b><\/h1>\n<p data-path-to-node=\"9\"><b data-path-to-node=\"9\" data-index-in-node=\"0\">\u017bniwa w sadzie:<\/b> Wyrafinowany wyb\u00f3r dla tych, kt\u00f3rzy ceni\u0105 sobie rze\u015bkie, cierpkie i wielowarstwowe nuty owocowe. Ten zestaw podkre\u015bla precyzj\u0119 Bang Leader, pozwalaj\u0105c delikatnemu jab\u0142ku Fuji i odwa\u017cnemu granatowi b\u0142yszcze\u0107 indywidualnie lub razem.<\/p>\n<h2 data-path-to-node=\"10\"><b data-path-to-node=\"10\" data-index-in-node=\"0\">The Orchard Deep Dive<\/b><\/h2>\n<ul data-path-to-node=\"11\">\n<li>\n<p data-path-to-node=\"11,0,0\"><b data-path-to-node=\"11,0,0\" data-index-in-node=\"0\">Tryb A - Fuji Ice:<\/b> Orze\u017awiaj\u0105ce nuty jab\u0142ka Fuji z rze\u015bkim, zimnym akcentem.<\/p>\n<\/li>\n<li>\n<p data-path-to-node=\"11,1,0\"><b data-path-to-node=\"11,1,0\" data-index-in-node=\"0\">Tryb B - Apple Grape:<\/b> S\u0142odka mieszanka zielonych jab\u0142ek i ciemnofioletowych winogron.<\/p>\n<\/li>\n<li>\n<p data-path-to-node=\"11,2,0\"><b data-path-to-node=\"11,2,0\" data-index-in-node=\"0\">Mode C - Cherry Pomegranate:<\/b> Cierpka, wyrafinowana mieszanka g\u0142\u0119bokiej czerwonej wi\u015bni i egzotycznego granatu.<\/p>\n<\/li>\n<li>\n<p data-path-to-node=\"11,3,0\"><b data-path-to-node=\"11,3,0\" data-index-in-node=\"0\">Tryby hybrydowe:<\/b> Do\u015bwiadcz unikalnych fuzji \u201cFuji-Pomegranate\u201d lub \u201cGrape-Cherry\u201d, kt\u00f3re na nowo definiuj\u0105 z\u0142o\u017cono\u015b\u0107 owoc\u00f3w.<\/p>\n<\/li>\n<\/ul>\n<h2 data-path-to-node=\"12\"><b data-path-to-node=\"12\" data-index-in-node=\"0\">Dla kogo przeznaczony jest ten smak?<\/b><\/h2>\n<p data-path-to-node=\"12\"><b data-path-to-node=\"12\" data-index-in-node=\"24\">Wyrafinowane podniebienie:<\/b> Idealny dla waper\u00f3w, kt\u00f3rzy lubi\u0105 \u201cczyste\u201d smaki owocowe, kt\u00f3re oferuj\u0105 r\u00f3wnowag\u0119 s\u0142odyczy i naturalnej kwasowo\u015bci.<\/p>\n<h2 data-path-to-node=\"62\"><b data-path-to-node=\"62\" data-index-in-node=\"0\">Specyfikacja rdzenia Puff 110k Bang Leader 110K<\/b><\/h2>\n<table data-path-to-node=\"9\">\n<thead>\n<tr>\n<td><strong>Moc i wyj\u015bcie<\/strong><\/td>\n<td><strong>Specyfikacja Bang Leader 110,000 Puffs<\/strong><\/td>\n<\/tr>\n<\/thead>\n<tbody>\n<tr>\n<td><span data-path-to-node=\"9,1,0,0\"><b data-path-to-node=\"9,1,0,0\" data-index-in-node=\"0\">Ogniwo akumulatora<\/b><\/span><\/td>\n<td><span data-path-to-node=\"9,1,1,0\">850mAh Czysty kobalt (wysoka stabilno\u015b\u0107)<\/span><\/td>\n<\/tr>\n<tr>\n<td><span data-path-to-node=\"9,2,0,0\"><b data-path-to-node=\"9,2,0,0\" data-index-in-node=\"0\">Recharge Tech<\/b><\/span><\/td>\n<td><span data-path-to-node=\"9,2,1,0\"><b data-path-to-node=\"9,2,1,0\" data-index-in-node=\"0\">Ultraszybkie \u0142adowanie typu C<\/b><\/span><\/td>\n<\/tr>\n<tr>\n<td><span data-path-to-node=\"9,3,0,0\"><b data-path-to-node=\"9,3,0,0\" data-index-in-node=\"0\">Zakres nikotyny<\/b><\/span><\/td>\n<td><span data-path-to-node=\"9,3,1,0\">0% \/ 2% \/ 3% \/ 5% S\u00f3l nikotynowa<\/span><\/td>\n<\/tr>\n<tr>\n<td><span data-path-to-node=\"9,4,0,0\"><b data-path-to-node=\"9,4,0,0\" data-index-in-node=\"0\">Sp\u00f3jno\u015b\u0107<\/b><\/span><\/td>\n<td><span data-path-to-node=\"9,4,1,0\">Tryb smaku A, B, C Sta\u0142e wyj\u015bcie<\/span><\/td>\n<\/tr>\n<tr>\n<td><span data-path-to-node=\"9,5,0,0\"><b data-path-to-node=\"9,5,0,0\" data-index-in-node=\"0\">Konserwacja oleju<\/b><\/span><\/td>\n<td><span data-path-to-node=\"9,5,1,0\">Potr\u00f3jny zbiornik zapobiegaj\u0105cy wyciekom<\/span><\/td>\n<\/tr>\n<tr>\n<td><span data-path-to-node=\"9,6,0,0\"><b data-path-to-node=\"9,6,0,0\" data-index-in-node=\"0\">Ca\u0142kowita pojemno\u015b\u0107<\/b><\/span><\/td>\n<td><span data-path-to-node=\"9,6,1,0\">Obj\u0119to\u015b\u0107 dmuchania klasy przemys\u0142owej 110 tys.<\/span><\/td>\n<\/tr>\n<tr>\n<td><span data-path-to-node=\"9,7,0,0\"><b data-path-to-node=\"9,7,0,0\" data-index-in-node=\"0\">Wydajno\u015b\u0107<\/b><\/span><\/td>\n<td><span data-path-to-node=\"9,7,1,0\">Zoptymalizowany stosunek cieczy do pary<\/span><\/td>\n<\/tr>\n<\/tbody>\n<\/table>\n<h3 dir=\"auto\">Oto dalsze zalecenia dla Ciebie:<\/h3>\n<p dir=\"auto\">Odkryj jeszcze wi\u0119cej niesamowitych smak\u00f3w dzi\u0119ki Puff 110k Bang Leader 110K Vape!<\/p>\n<p dir=\"auto\"><a href=\"https:\/\/vozolvapen.de\/pl\/product-category\/bang-vape\/puff-110k-bang-leader-110k-6-in-1\/\" target=\"_blank\" rel=\"noopener noreferrer nofollow\">Zobacz wszystkie odmiany tutaj \u2192<\/a><\/p>\n<p dir=\"auto\">Zapoznaj si\u0119 z nasz\u0105 pe\u0142n\u0105 kolekcj\u0105 i kupuj produkty najlepszych marek vape, kt\u00f3re pokochasz.<\/p>\n<p dir=\"auto\"><a href=\"https:\/\/vozolvapen.de\/pl\/\" target=\"_blank\" rel=\"noopener noreferrer nofollow\">Przegl\u0105daj teraz wszystkie marki \u2192<\/a><\/p>\n<p dir=\"auto\">Sprawd\u017a ca\u0142\u0105 seri\u0119 Bang Vape - ka\u017cdy smak, ka\u017cdy styl!<\/p>\n<p dir=\"auto\"><a href=\"https:\/\/vozolvapen.de\/pl\/product-category\/bang-vape\/\" target=\"_blank\" rel=\"noopener noreferrer nofollow\">Zobacz pe\u0142n\u0105 kolekcj\u0119 Bang Vape \u2192<\/a><\/p>","protected":false},"excerpt":{"rendered":"<p>Chrupi\u0105ce zbiory z sadu w kieszeni. Bez wysi\u0142ku prze\u0142\u0105czaj si\u0119 mi\u0119dzy Fuji Ice i Cherry Pomegranate za pomoc\u0105 aplikacji <b data-path-to-node=\"3,2,4,0\" data-index-in-node=\"109\">Lider Bang 110 tys.<\/b>\u2018inteligentny prze\u0142\u0105cznik.<\/p>","protected":false},"featured_media":46786,"comment_status":"open","ping_status":"closed","template":"","meta":{"_acf_changed":false},"product_brand":[],"product_cat":[101],"product_tag":[],"class_list":{"0":"post-46378","1":"product","2":"type-product","3":"status-publish","4":"has-post-thumbnail","6":"product_cat-puff-110k-bang-leader-110k-6-in-1","8":"first","9":"instock","10":"shipping-taxable","11":"purchasable","12":"product-type-variable"},"acf":[],"yoast_head":"<!-- This site is optimized with the Yoast SEO Premium plugin v26.1 (Yoast SEO v27.5) - https:\/\/yoast.com\/product\/yoast-seo-premium-wordpress\/ -->\n<title>Fuji Ice &amp; Apple Grape Bang Leader 110k Puffs - vozolvapen<\/title>\n<meta name=\"description\" content=\"Shop the Fuji Ice &amp; Apple Grape Bang 110k. 6-in-1 hybrid flavor tech, 110,000 puff capacity, and LED display. Duty-free shipping from EU.\" \/>\n<meta name=\"robots\" content=\"index, follow, max-snippet:-1, max-image-preview:large, max-video-preview:-1\" \/>\n<link rel=\"canonical\" href=\"https:\/\/vozolvapen.de\/pl\/product\/puff-110k-bang-leader-110k-fuji-ice-apple-grape-cherry-pomegranate\/\" \/>\n<meta property=\"og:locale\" content=\"pl_PL\" \/>\n<meta property=\"og:type\" content=\"article\" \/>\n<meta property=\"og:title\" content=\"Puff 110k Bang Leader 110K - Fuji Ice &amp; Apple Grape &amp; Cherry Pomegranate\" \/>\n<meta property=\"og:description\" content=\"Shop the Fuji Ice &amp; Apple Grape Bang 110k. 6-in-1 hybrid flavor tech, 110,000 puff capacity, and LED display. Duty-free shipping from EU.\" \/>\n<meta property=\"og:url\" content=\"https:\/\/vozolvapen.de\/pl\/product\/puff-110k-bang-leader-110k-fuji-ice-apple-grape-cherry-pomegranate\/\" \/>\n<meta property=\"og:site_name\" content=\"vozolvapen\" \/>\n<meta property=\"article:modified_time\" content=\"2025-12-30T05:13:25+00:00\" \/>\n<meta property=\"og:image\" content=\"https:\/\/vozolvapen.de\/wp-content\/uploads\/2025\/12\/Puff-110k-Bang-Leader-110K-Fuji-Ice-Apple-Grape-Cherry-Pomegranate.webp\" \/>\n\t<meta property=\"og:image:width\" content=\"1200\" \/>\n\t<meta property=\"og:image:height\" content=\"1200\" \/>\n\t<meta property=\"og:image:type\" content=\"image\/webp\" \/>\n<meta name=\"twitter:card\" content=\"summary_large_image\" \/>\n<meta name=\"twitter:label1\" content=\"Szacowany czas czytania\" \/>\n\t<meta name=\"twitter:data1\" content=\"2 minuty\" \/>\n<script type=\"application\/ld+json\" class=\"yoast-schema-graph\">{\"@context\":\"https:\\\/\\\/schema.org\",\"@graph\":[{\"@type\":\"WebPage\",\"@id\":\"https:\\\/\\\/vozolvapen.de\\\/product\\\/puff-110k-bang-leader-110k-fuji-ice-apple-grape-cherry-pomegranate\\\/\",\"url\":\"https:\\\/\\\/vozolvapen.de\\\/product\\\/puff-110k-bang-leader-110k-fuji-ice-apple-grape-cherry-pomegranate\\\/\",\"name\":\"Fuji Ice & Apple Grape Bang Leader 110k Puffs - vozolvapen\",\"isPartOf\":{\"@id\":\"https:\\\/\\\/vozolvapen.de\\\/#website\"},\"primaryImageOfPage\":{\"@id\":\"https:\\\/\\\/vozolvapen.de\\\/product\\\/puff-110k-bang-leader-110k-fuji-ice-apple-grape-cherry-pomegranate\\\/#primaryimage\"},\"image\":{\"@id\":\"https:\\\/\\\/vozolvapen.de\\\/product\\\/puff-110k-bang-leader-110k-fuji-ice-apple-grape-cherry-pomegranate\\\/#primaryimage\"},\"thumbnailUrl\":\"https:\\\/\\\/vozolvapen.de\\\/wp-content\\\/uploads\\\/2025\\\/12\\\/Puff-110k-Bang-Leader-110K-Fuji-Ice-Apple-Grape-Cherry-Pomegranate.webp\",\"datePublished\":\"2025-12-29T03:52:15+00:00\",\"dateModified\":\"2025-12-30T05:13:25+00:00\",\"description\":\"Shop the Fuji Ice & Apple Grape Bang 110k. 6-in-1 hybrid flavor tech, 110,000 puff capacity, and LED display. Duty-free shipping from EU.\",\"breadcrumb\":{\"@id\":\"https:\\\/\\\/vozolvapen.de\\\/product\\\/puff-110k-bang-leader-110k-fuji-ice-apple-grape-cherry-pomegranate\\\/#breadcrumb\"},\"inLanguage\":\"pl-PL\",\"potentialAction\":[{\"@type\":\"ReadAction\",\"target\":[\"https:\\\/\\\/vozolvapen.de\\\/product\\\/puff-110k-bang-leader-110k-fuji-ice-apple-grape-cherry-pomegranate\\\/\"]}]},{\"@type\":\"ImageObject\",\"inLanguage\":\"pl-PL\",\"@id\":\"https:\\\/\\\/vozolvapen.de\\\/product\\\/puff-110k-bang-leader-110k-fuji-ice-apple-grape-cherry-pomegranate\\\/#primaryimage\",\"url\":\"https:\\\/\\\/vozolvapen.de\\\/wp-content\\\/uploads\\\/2025\\\/12\\\/Puff-110k-Bang-Leader-110K-Fuji-Ice-Apple-Grape-Cherry-Pomegranate.webp\",\"contentUrl\":\"https:\\\/\\\/vozolvapen.de\\\/wp-content\\\/uploads\\\/2025\\\/12\\\/Puff-110k-Bang-Leader-110K-Fuji-Ice-Apple-Grape-Cherry-Pomegranate.webp\",\"width\":1200,\"height\":1200,\"caption\":\"Puff 110k Bang Leader 110K - Fuji Ice & Apple Grape & Cherry Pomegranate\"},{\"@type\":\"BreadcrumbList\",\"@id\":\"https:\\\/\\\/vozolvapen.de\\\/product\\\/puff-110k-bang-leader-110k-fuji-ice-apple-grape-cherry-pomegranate\\\/#breadcrumb\",\"itemListElement\":[{\"@type\":\"ListItem\",\"position\":1,\"name\":\"Home\",\"item\":\"https:\\\/\\\/vozolvapen.de\\\/de\\\/\"},{\"@type\":\"ListItem\",\"position\":2,\"name\":\"Shop\",\"item\":\"https:\\\/\\\/vozolvapen.de\\\/shop\\\/\"},{\"@type\":\"ListItem\",\"position\":3,\"name\":\"Puff 110k Bang Leader 110K &#8211; Fuji Ice &#038; Apple Grape &#038; Cherry Pomegranate\"}]},{\"@type\":\"WebSite\",\"@id\":\"https:\\\/\\\/vozolvapen.de\\\/#website\",\"url\":\"https:\\\/\\\/vozolvapen.de\\\/\",\"name\":\"vozolvapen\",\"description\":\"vozolvapen\",\"publisher\":{\"@id\":\"https:\\\/\\\/vozolvapen.de\\\/#organization\"},\"potentialAction\":[{\"@type\":\"SearchAction\",\"target\":{\"@type\":\"EntryPoint\",\"urlTemplate\":\"https:\\\/\\\/vozolvapen.de\\\/?s={search_term_string}\"},\"query-input\":{\"@type\":\"PropertyValueSpecification\",\"valueRequired\":true,\"valueName\":\"search_term_string\"}}],\"inLanguage\":\"pl-PL\"},{\"@type\":\"Organization\",\"@id\":\"https:\\\/\\\/vozolvapen.de\\\/#organization\",\"name\":\"vozolvapen\",\"url\":\"https:\\\/\\\/vozolvapen.de\\\/\",\"logo\":{\"@type\":\"ImageObject\",\"inLanguage\":\"pl-PL\",\"@id\":\"https:\\\/\\\/vozolvapen.de\\\/#\\\/schema\\\/logo\\\/image\\\/\",\"url\":\"https:\\\/\\\/vozolvapen.de\\\/wp-content\\\/uploads\\\/2025\\\/12\\\/cropped-vozovapen-logo.webp\",\"contentUrl\":\"https:\\\/\\\/vozolvapen.de\\\/wp-content\\\/uploads\\\/2025\\\/12\\\/cropped-vozovapen-logo.webp\",\"width\":470,\"height\":110,\"caption\":\"vozolvapen\"},\"image\":{\"@id\":\"https:\\\/\\\/vozolvapen.de\\\/#\\\/schema\\\/logo\\\/image\\\/\"}}]}<\/script>\n<!-- \/ Yoast SEO Premium plugin. -->","yoast_head_json":{"title":"Fuji Ice &amp; Apple Grape Bang Leader 110k Puffs - vozolvapen","description":"Kup Fuji Ice &amp; Apple Grape Bang 110k. Hybrydowa technologia 6 w 1, pojemno\u015b\u0107 110 000 zaci\u0105gni\u0119\u0107 i wy\u015bwietlacz LED. Bezc\u0142owa wysy\u0142ka z UE.","robots":{"index":"index","follow":"follow","max-snippet":"max-snippet:-1","max-image-preview":"max-image-preview:large","max-video-preview":"max-video-preview:-1"},"canonical":"https:\/\/vozolvapen.de\/pl\/product\/puff-110k-bang-leader-110k-fuji-ice-apple-grape-cherry-pomegranate\/","og_locale":"pl_PL","og_type":"article","og_title":"Puff 110k Bang Leader 110K - Fuji Ice & Apple Grape & Cherry Pomegranate","og_description":"Shop the Fuji Ice & Apple Grape Bang 110k. 6-in-1 hybrid flavor tech, 110,000 puff capacity, and LED display. Duty-free shipping from EU.","og_url":"https:\/\/vozolvapen.de\/pl\/product\/puff-110k-bang-leader-110k-fuji-ice-apple-grape-cherry-pomegranate\/","og_site_name":"vozolvapen","article_modified_time":"2025-12-30T05:13:25+00:00","og_image":[{"width":1200,"height":1200,"url":"https:\/\/vozolvapen.de\/wp-content\/uploads\/2025\/12\/Puff-110k-Bang-Leader-110K-Fuji-Ice-Apple-Grape-Cherry-Pomegranate.webp","type":"image\/webp"}],"twitter_card":"summary_large_image","twitter_misc":{"Szacowany czas czytania":"2 minuty"},"schema":{"@context":"https:\/\/schema.org","@graph":[{"@type":"WebPage","@id":"https:\/\/vozolvapen.de\/product\/puff-110k-bang-leader-110k-fuji-ice-apple-grape-cherry-pomegranate\/","url":"https:\/\/vozolvapen.de\/product\/puff-110k-bang-leader-110k-fuji-ice-apple-grape-cherry-pomegranate\/","name":"Fuji Ice &amp; Apple Grape Bang Leader 110k Puffs - vozolvapen","isPartOf":{"@id":"https:\/\/vozolvapen.de\/#website"},"primaryImageOfPage":{"@id":"https:\/\/vozolvapen.de\/product\/puff-110k-bang-leader-110k-fuji-ice-apple-grape-cherry-pomegranate\/#primaryimage"},"image":{"@id":"https:\/\/vozolvapen.de\/product\/puff-110k-bang-leader-110k-fuji-ice-apple-grape-cherry-pomegranate\/#primaryimage"},"thumbnailUrl":"https:\/\/vozolvapen.de\/wp-content\/uploads\/2025\/12\/Puff-110k-Bang-Leader-110K-Fuji-Ice-Apple-Grape-Cherry-Pomegranate.webp","datePublished":"2025-12-29T03:52:15+00:00","dateModified":"2025-12-30T05:13:25+00:00","description":"Kup Fuji Ice &amp; Apple Grape Bang 110k. Hybrydowa technologia 6 w 1, pojemno\u015b\u0107 110 000 zaci\u0105gni\u0119\u0107 i wy\u015bwietlacz LED. Bezc\u0142owa wysy\u0142ka z UE.","breadcrumb":{"@id":"https:\/\/vozolvapen.de\/product\/puff-110k-bang-leader-110k-fuji-ice-apple-grape-cherry-pomegranate\/#breadcrumb"},"inLanguage":"pl-PL","potentialAction":[{"@type":"ReadAction","target":["https:\/\/vozolvapen.de\/product\/puff-110k-bang-leader-110k-fuji-ice-apple-grape-cherry-pomegranate\/"]}]},{"@type":"ImageObject","inLanguage":"pl-PL","@id":"https:\/\/vozolvapen.de\/product\/puff-110k-bang-leader-110k-fuji-ice-apple-grape-cherry-pomegranate\/#primaryimage","url":"https:\/\/vozolvapen.de\/wp-content\/uploads\/2025\/12\/Puff-110k-Bang-Leader-110K-Fuji-Ice-Apple-Grape-Cherry-Pomegranate.webp","contentUrl":"https:\/\/vozolvapen.de\/wp-content\/uploads\/2025\/12\/Puff-110k-Bang-Leader-110K-Fuji-Ice-Apple-Grape-Cherry-Pomegranate.webp","width":1200,"height":1200,"caption":"Puff 110k Bang Leader 110K - Fuji Ice & Apple Grape & Cherry Pomegranate"},{"@type":"BreadcrumbList","@id":"https:\/\/vozolvapen.de\/product\/puff-110k-bang-leader-110k-fuji-ice-apple-grape-cherry-pomegranate\/#breadcrumb","itemListElement":[{"@type":"ListItem","position":1,"name":"Home","item":"https:\/\/vozolvapen.de\/de\/"},{"@type":"ListItem","position":2,"name":"Shop","item":"https:\/\/vozolvapen.de\/shop\/"},{"@type":"ListItem","position":3,"name":"Puff 110k Bang Leader 110K &#8211; Fuji Ice &#038; Apple Grape &#038; Cherry Pomegranate"}]},{"@type":"WebSite","@id":"https:\/\/vozolvapen.de\/#website","url":"https:\/\/vozolvapen.de\/","name":"vozolvapen","description":"vozolvapen","publisher":{"@id":"https:\/\/vozolvapen.de\/#organization"},"potentialAction":[{"@type":"SearchAction","target":{"@type":"EntryPoint","urlTemplate":"https:\/\/vozolvapen.de\/?s={search_term_string}"},"query-input":{"@type":"PropertyValueSpecification","valueRequired":true,"valueName":"search_term_string"}}],"inLanguage":"pl-PL"},{"@type":"Organization","@id":"https:\/\/vozolvapen.de\/#organization","name":"vozolvapen","url":"https:\/\/vozolvapen.de\/","logo":{"@type":"ImageObject","inLanguage":"pl-PL","@id":"https:\/\/vozolvapen.de\/#\/schema\/logo\/image\/","url":"https:\/\/vozolvapen.de\/wp-content\/uploads\/2025\/12\/cropped-vozovapen-logo.webp","contentUrl":"https:\/\/vozolvapen.de\/wp-content\/uploads\/2025\/12\/cropped-vozovapen-logo.webp","width":470,"height":110,"caption":"vozolvapen"},"image":{"@id":"https:\/\/vozolvapen.de\/#\/schema\/logo\/image\/"}}]}},"tiered_pricing_type":"fixed","tiered_pricing_fixed_rules":{"30":"12.65","50":"10.65","100":"9.65","200":"9"},"tiered_pricing_product_settings":{"layout":"default","base_unit_name":{"singular":null,"plural":null},"default_variation":{}},"tiered_pricing_minimum_quantity":10,"tiered_pricing_roles_data":[],"tiered_pricing_percentage_rules":[],"tiered_pricing_maximum_quantity":null,"tiered_pricing_quantity_step":"10","_links":{"self":[{"href":"http:\/\/vozolvapen.de\/pl\/wp-json\/wp\/v2\/product\/46378","targetHints":{"allow":["GET"]}}],"collection":[{"href":"http:\/\/vozolvapen.de\/pl\/wp-json\/wp\/v2\/product"}],"about":[{"href":"http:\/\/vozolvapen.de\/pl\/wp-json\/wp\/v2\/types\/product"}],"replies":[{"embeddable":true,"href":"http:\/\/vozolvapen.de\/pl\/wp-json\/wp\/v2\/comments?post=46378"}],"wp:featuredmedia":[{"embeddable":true,"href":"http:\/\/vozolvapen.de\/pl\/wp-json\/wp\/v2\/media\/46786"}],"wp:attachment":[{"href":"http:\/\/vozolvapen.de\/pl\/wp-json\/wp\/v2\/media?parent=46378"}],"wp:term":[{"taxonomy":"product_brand","embeddable":true,"href":"http:\/\/vozolvapen.de\/pl\/wp-json\/wp\/v2\/product_brand?post=46378"},{"taxonomy":"product_cat","embeddable":true,"href":"http:\/\/vozolvapen.de\/pl\/wp-json\/wp\/v2\/product_cat?post=46378"},{"taxonomy":"product_tag","embeddable":true,"href":"http:\/\/vozolvapen.de\/pl\/wp-json\/wp\/v2\/product_tag?post=46378"}],"curies":[{"name":"wp","href":"https:\/\/api.w.org\/{rel}","templated":true}]}}