{"id":46558,"date":"2025-12-29T03:52:23","date_gmt":"2025-12-29T03:52:23","guid":{"rendered":"https:\/\/vozolvapen.de\/?post_type=product&#038;p=46558"},"modified":"2025-12-30T05:13:08","modified_gmt":"2025-12-30T05:13:08","slug":"puff-110k-bang-leader-110k-strawberry-ice-peach-lemon-kiwi-passion-fruit-guava","status":"publish","type":"product","link":"http:\/\/vozolvapen.de\/pl\/product\/puff-110k-bang-leader-110k-strawberry-ice-peach-lemon-kiwi-passion-fruit-guava\/","title":{"rendered":"Puff 110k Bang Leader 110K - Strawberry Ice &amp; Peach Lemon &amp; Kiwi Passion Fruit Guava"},"content":{"rendered":"<h1 data-path-to-node=\"32\"><b data-path-to-node=\"32\" data-index-in-node=\"0\">Bang Leader 110K Puffs 6 w 1: Strawberry Ice, Peach Lemon, Kiwi Passion Fruit Guava<\/b><\/h1>\n<p data-path-to-node=\"33\"><b data-path-to-node=\"33\" data-index-in-node=\"0\">Botaniczna egzotyka:<\/b> Ten zestaw oferuje najwi\u0119ksz\u0105 r\u00f3\u017cnorodno\u015b\u0107, od klasycznego Strawberry Ice do z\u0142o\u017conego, aromatycznego Kiwi Passion Fruit Guava.<\/p>\n<h2 data-path-to-node=\"34\"><b data-path-to-node=\"34\" data-index-in-node=\"0\">G\u0142\u0119bokie zanurzenie w egzotyce botanicznej<\/b><\/h2>\n<ul data-path-to-node=\"35\">\n<li>\n<p data-path-to-node=\"35,0,0\"><b data-path-to-node=\"35,0,0\" data-index-in-node=\"0\">Tryb A - Strawberry Ice:<\/b> Klasyczne s\u0142odkie truskawki z ch\u0142odnym finiszem.<\/p>\n<\/li>\n<li>\n<p data-path-to-node=\"35,1,0\"><b data-path-to-node=\"35,1,0\" data-index-in-node=\"0\">Tryb B - Peach Lemon:<\/b> Unikalna, pikantna mieszanka brzoskwini, kt\u00f3ra jest zar\u00f3wno kwiatowa, jak i cierpka.<\/p>\n<\/li>\n<li>\n<p data-path-to-node=\"35,2,0\"><b data-path-to-node=\"35,2,0\" data-index-in-node=\"0\">Mode C - Kiwi Passion Fruit Guava:<\/b> Najlepsze tropikalne trio z wysokimi nutami aromatycznymi.<\/p>\n<\/li>\n<li>\n<p data-path-to-node=\"35,3,0\"><b data-path-to-node=\"35,3,0\" data-index-in-node=\"0\">Tryby hybrydowe:<\/b> Odblokuj fuzje \u201cTruskawka-Kiwi\u201d lub \u201cBrzoskwinia-Pasja\u201d, aby uzyska\u0107 zaawansowane wra\u017cenia.<\/p>\n<\/li>\n<\/ul>\n<h2 data-path-to-node=\"36\"><b data-path-to-node=\"36\" data-index-in-node=\"0\">Dla kogo przeznaczony jest ten smak?<\/b><\/h2>\n<p data-path-to-node=\"36\"><b data-path-to-node=\"36\" data-index-in-node=\"24\">The Variety Hunter:<\/b> Idealny dla vaper\u00f3w, kt\u00f3rzy chc\u0105, aby ich 110 000 zaci\u0105gni\u0119\u0107 obejmowa\u0142o zar\u00f3wno proste klasyki, jak i z\u0142o\u017cone mieszanki tropikalne.<\/p>\n<h2 data-path-to-node=\"62\"><b data-path-to-node=\"62\" data-index-in-node=\"0\">Specyfikacja rdzenia Puff 110k Bang Leader 110K<\/b><\/h2>\n<table data-path-to-node=\"5\">\n<thead>\n<tr>\n<td><strong>Innowacje techniczne<\/strong><\/td>\n<td><strong>Bang Leader 110K Data Profile<\/strong><\/td>\n<\/tr>\n<\/thead>\n<tbody>\n<tr>\n<td><span data-path-to-node=\"5,1,0,0\"><b data-path-to-node=\"5,1,0,0\" data-index-in-node=\"0\">Seria modeli<\/b><\/span><\/td>\n<td><span data-path-to-node=\"5,1,1,0\">Bang Leader 110K (Puff 110k)<\/span><\/td>\n<\/tr>\n<tr>\n<td><span data-path-to-node=\"5,2,0,0\"><b data-path-to-node=\"5,2,0,0\" data-index-in-node=\"0\">Interfejs u\u017cytkownika<\/b><\/span><\/td>\n<td><span data-path-to-node=\"5,2,1,0\"><b data-path-to-node=\"5,2,1,0\" data-index-in-node=\"0\">Inteligentna deska rozdzielcza LED (wy\u015bwietlacz HD)<\/b><\/span><\/td>\n<\/tr>\n<tr>\n<td><span data-path-to-node=\"5,3,0,0\"><b data-path-to-node=\"5,3,0,0\" data-index-in-node=\"0\">Interakcja smaku<\/b><\/span><\/td>\n<td><span data-path-to-node=\"5,3,1,0\"><b data-path-to-node=\"5,3,1,0\" data-index-in-node=\"0\">System hybrydowy 6 w 1 (3 Pure + 3 Mixed)<\/b><\/span><\/td>\n<\/tr>\n<tr>\n<td><span data-path-to-node=\"5,4,0,0\"><b data-path-to-node=\"5,4,0,0\" data-index-in-node=\"0\">\u017bywotno\u015b\u0107 puffa<\/b><\/span><\/td>\n<td><span data-path-to-node=\"5,4,1,0\">Do 110 000 zaci\u0105gni\u0119\u0107 o du\u017cej obj\u0119to\u015bci<\/span><\/td>\n<\/tr>\n<tr>\n<td><span data-path-to-node=\"5,5,0,0\"><b data-path-to-node=\"5,5,0,0\" data-index-in-node=\"0\">Funkcje monitorowania<\/b><\/span><\/td>\n<td><span data-path-to-node=\"5,5,1,0\">\u015aledzenie baterii, zaci\u0105gni\u0119\u0107 i trybu w czasie rzeczywistym<\/span><\/td>\n<\/tr>\n<tr>\n<td><span data-path-to-node=\"5,6,0,0\"><b data-path-to-node=\"5,6,0,0\" data-index-in-node=\"0\">Ergonomia urz\u0105dzenia<\/b><\/span><\/td>\n<td><span data-path-to-node=\"5,6,1,0\">Zr\u00f3wnowa\u017cona obudowa Premium o wadze 160 g<\/span><\/td>\n<\/tr>\n<tr>\n<td><span data-path-to-node=\"5,7,0,0\"><b data-path-to-node=\"5,7,0,0\" data-index-in-node=\"0\">Technologia cewek<\/b><\/span><\/td>\n<td><span data-path-to-node=\"5,7,1,0\">Zaawansowana atomizacja siatki<\/span><\/td>\n<\/tr>\n<\/tbody>\n<\/table>\n<h3 dir=\"auto\">Oto dalsze zalecenia dla Ciebie:<\/h3>\n<p dir=\"auto\">Odkryj jeszcze wi\u0119cej niesamowitych smak\u00f3w dzi\u0119ki Puff 110k Bang Leader 110K Vape!<\/p>\n<p dir=\"auto\"><a href=\"https:\/\/vozolvapen.de\/pl\/product-category\/bang-vape\/puff-110k-bang-leader-110k-6-in-1\/\" target=\"_blank\" rel=\"noopener noreferrer nofollow\">Zobacz wszystkie odmiany tutaj \u2192<\/a><\/p>\n<p dir=\"auto\">Zapoznaj si\u0119 z nasz\u0105 pe\u0142n\u0105 kolekcj\u0105 i kupuj produkty najlepszych marek vape, kt\u00f3re pokochasz.<\/p>\n<p dir=\"auto\"><a href=\"https:\/\/vozolvapen.de\/pl\/\" target=\"_blank\" rel=\"noopener noreferrer nofollow\">Przegl\u0105daj teraz wszystkie marki \u2192<\/a><\/p>\n<p dir=\"auto\">Sprawd\u017a ca\u0142\u0105 seri\u0119 Bang Vape - ka\u017cdy smak, ka\u017cdy styl!<\/p>\n<p dir=\"auto\"><a href=\"https:\/\/vozolvapen.de\/pl\/product-category\/bang-vape\/\" target=\"_blank\" rel=\"noopener noreferrer nofollow\">Zobacz pe\u0142n\u0105 kolekcj\u0119 Bang Vape \u2192<\/a><\/p>","protected":false},"excerpt":{"rendered":"<p>Egzotyczna kolekcja botaniczna. Wszechstronna <b data-path-to-node=\"3,6,4,0\" data-index-in-node=\"45\">Vape 110k<\/b> od klasycznych truskawek po wysokiej klasy aromatyczne mieszanki kiwi i guawy.<\/p>","protected":false},"featured_media":46794,"comment_status":"open","ping_status":"closed","template":"","meta":{"_acf_changed":false},"product_brand":[],"product_cat":[101],"product_tag":[],"class_list":{"0":"post-46558","1":"product","2":"type-product","3":"status-publish","4":"has-post-thumbnail","6":"product_cat-puff-110k-bang-leader-110k-6-in-1","8":"first","9":"instock","10":"shipping-taxable","11":"purchasable","12":"product-type-variable"},"acf":[],"yoast_head":"<!-- This site is optimized with the Yoast SEO Premium plugin v26.1 (Yoast SEO v27.5) - https:\/\/yoast.com\/product\/yoast-seo-premium-wordpress\/ -->\n<title>Strawberry Ice &amp; Peach Lemon Bang Leader 110k - vozolvapen<\/title>\n<meta name=\"description\" content=\"From Strawberry Ice to Kiwi Passion Fruit, enjoy 6 flavors in one Bang Leader 110k. 110,000 puffs &amp; LED screen. 1-3 day delivery.\" \/>\n<meta name=\"robots\" content=\"index, follow, max-snippet:-1, max-image-preview:large, max-video-preview:-1\" \/>\n<link rel=\"canonical\" href=\"https:\/\/vozolvapen.de\/pl\/product\/puff-110k-bang-leader-110k-strawberry-ice-peach-lemon-kiwi-passion-fruit-guava\/\" \/>\n<meta property=\"og:locale\" content=\"pl_PL\" \/>\n<meta property=\"og:type\" content=\"article\" \/>\n<meta property=\"og:title\" content=\"Puff 110k Bang Leader 110K - Strawberry Ice &amp; Peach Lemon &amp; Kiwi Passion Fruit Guava\" \/>\n<meta property=\"og:description\" content=\"From Strawberry Ice to Kiwi Passion Fruit, enjoy 6 flavors in one Bang Leader 110k. 110,000 puffs &amp; LED screen. 1-3 day delivery.\" \/>\n<meta property=\"og:url\" content=\"https:\/\/vozolvapen.de\/pl\/product\/puff-110k-bang-leader-110k-strawberry-ice-peach-lemon-kiwi-passion-fruit-guava\/\" \/>\n<meta property=\"og:site_name\" content=\"vozolvapen\" \/>\n<meta property=\"article:modified_time\" content=\"2025-12-30T05:13:08+00:00\" \/>\n<meta property=\"og:image\" content=\"https:\/\/vozolvapen.de\/wp-content\/uploads\/2025\/12\/Puff-110k-Bang-Leader-110K-Strawberry-Ice-Peach-Lemon-Kiwi-Passion-Fruit-Guava.webp\" \/>\n\t<meta property=\"og:image:width\" content=\"1200\" \/>\n\t<meta property=\"og:image:height\" content=\"1200\" \/>\n\t<meta property=\"og:image:type\" content=\"image\/webp\" \/>\n<meta name=\"twitter:card\" content=\"summary_large_image\" \/>\n<meta name=\"twitter:label1\" content=\"Szacowany czas czytania\" \/>\n\t<meta name=\"twitter:data1\" content=\"2 minuty\" \/>\n<script type=\"application\/ld+json\" class=\"yoast-schema-graph\">{\"@context\":\"https:\\\/\\\/schema.org\",\"@graph\":[{\"@type\":\"WebPage\",\"@id\":\"https:\\\/\\\/vozolvapen.de\\\/product\\\/puff-110k-bang-leader-110k-strawberry-ice-peach-lemon-kiwi-passion-fruit-guava\\\/\",\"url\":\"https:\\\/\\\/vozolvapen.de\\\/product\\\/puff-110k-bang-leader-110k-strawberry-ice-peach-lemon-kiwi-passion-fruit-guava\\\/\",\"name\":\"Strawberry Ice & Peach Lemon Bang Leader 110k - vozolvapen\",\"isPartOf\":{\"@id\":\"https:\\\/\\\/vozolvapen.de\\\/#website\"},\"primaryImageOfPage\":{\"@id\":\"https:\\\/\\\/vozolvapen.de\\\/product\\\/puff-110k-bang-leader-110k-strawberry-ice-peach-lemon-kiwi-passion-fruit-guava\\\/#primaryimage\"},\"image\":{\"@id\":\"https:\\\/\\\/vozolvapen.de\\\/product\\\/puff-110k-bang-leader-110k-strawberry-ice-peach-lemon-kiwi-passion-fruit-guava\\\/#primaryimage\"},\"thumbnailUrl\":\"https:\\\/\\\/vozolvapen.de\\\/wp-content\\\/uploads\\\/2025\\\/12\\\/Puff-110k-Bang-Leader-110K-Strawberry-Ice-Peach-Lemon-Kiwi-Passion-Fruit-Guava.webp\",\"datePublished\":\"2025-12-29T03:52:23+00:00\",\"dateModified\":\"2025-12-30T05:13:08+00:00\",\"description\":\"From Strawberry Ice to Kiwi Passion Fruit, enjoy 6 flavors in one Bang Leader 110k. 110,000 puffs & LED screen. 1-3 day delivery.\",\"breadcrumb\":{\"@id\":\"https:\\\/\\\/vozolvapen.de\\\/product\\\/puff-110k-bang-leader-110k-strawberry-ice-peach-lemon-kiwi-passion-fruit-guava\\\/#breadcrumb\"},\"inLanguage\":\"pl-PL\",\"potentialAction\":[{\"@type\":\"ReadAction\",\"target\":[\"https:\\\/\\\/vozolvapen.de\\\/product\\\/puff-110k-bang-leader-110k-strawberry-ice-peach-lemon-kiwi-passion-fruit-guava\\\/\"]}]},{\"@type\":\"ImageObject\",\"inLanguage\":\"pl-PL\",\"@id\":\"https:\\\/\\\/vozolvapen.de\\\/product\\\/puff-110k-bang-leader-110k-strawberry-ice-peach-lemon-kiwi-passion-fruit-guava\\\/#primaryimage\",\"url\":\"https:\\\/\\\/vozolvapen.de\\\/wp-content\\\/uploads\\\/2025\\\/12\\\/Puff-110k-Bang-Leader-110K-Strawberry-Ice-Peach-Lemon-Kiwi-Passion-Fruit-Guava.webp\",\"contentUrl\":\"https:\\\/\\\/vozolvapen.de\\\/wp-content\\\/uploads\\\/2025\\\/12\\\/Puff-110k-Bang-Leader-110K-Strawberry-Ice-Peach-Lemon-Kiwi-Passion-Fruit-Guava.webp\",\"width\":1200,\"height\":1200,\"caption\":\"Puff 110k Bang Leader 110K - Strawberry Ice & Peach Lemon & Kiwi Passion Fruit Guava\"},{\"@type\":\"BreadcrumbList\",\"@id\":\"https:\\\/\\\/vozolvapen.de\\\/product\\\/puff-110k-bang-leader-110k-strawberry-ice-peach-lemon-kiwi-passion-fruit-guava\\\/#breadcrumb\",\"itemListElement\":[{\"@type\":\"ListItem\",\"position\":1,\"name\":\"Home\",\"item\":\"https:\\\/\\\/vozolvapen.de\\\/de\\\/\"},{\"@type\":\"ListItem\",\"position\":2,\"name\":\"Shop\",\"item\":\"https:\\\/\\\/vozolvapen.de\\\/shop\\\/\"},{\"@type\":\"ListItem\",\"position\":3,\"name\":\"Puff 110k Bang Leader 110K &#8211; Strawberry Ice &#038; Peach Lemon &#038; Kiwi Passion Fruit Guava\"}]},{\"@type\":\"WebSite\",\"@id\":\"https:\\\/\\\/vozolvapen.de\\\/#website\",\"url\":\"https:\\\/\\\/vozolvapen.de\\\/\",\"name\":\"vozolvapen\",\"description\":\"vozolvapen\",\"publisher\":{\"@id\":\"https:\\\/\\\/vozolvapen.de\\\/#organization\"},\"potentialAction\":[{\"@type\":\"SearchAction\",\"target\":{\"@type\":\"EntryPoint\",\"urlTemplate\":\"https:\\\/\\\/vozolvapen.de\\\/?s={search_term_string}\"},\"query-input\":{\"@type\":\"PropertyValueSpecification\",\"valueRequired\":true,\"valueName\":\"search_term_string\"}}],\"inLanguage\":\"pl-PL\"},{\"@type\":\"Organization\",\"@id\":\"https:\\\/\\\/vozolvapen.de\\\/#organization\",\"name\":\"vozolvapen\",\"url\":\"https:\\\/\\\/vozolvapen.de\\\/\",\"logo\":{\"@type\":\"ImageObject\",\"inLanguage\":\"pl-PL\",\"@id\":\"https:\\\/\\\/vozolvapen.de\\\/#\\\/schema\\\/logo\\\/image\\\/\",\"url\":\"https:\\\/\\\/vozolvapen.de\\\/wp-content\\\/uploads\\\/2025\\\/12\\\/cropped-vozovapen-logo.webp\",\"contentUrl\":\"https:\\\/\\\/vozolvapen.de\\\/wp-content\\\/uploads\\\/2025\\\/12\\\/cropped-vozovapen-logo.webp\",\"width\":470,\"height\":110,\"caption\":\"vozolvapen\"},\"image\":{\"@id\":\"https:\\\/\\\/vozolvapen.de\\\/#\\\/schema\\\/logo\\\/image\\\/\"}}]}<\/script>\n<!-- \/ Yoast SEO Premium plugin. -->","yoast_head_json":{"title":"Strawberry Ice &amp; Peach Lemon Bang Leader 110k - vozolvapen","description":"Od Strawberry Ice po Kiwi Passion Fruit, ciesz si\u0119 6 smakami w jednym Bang Leader 110k. 110 000 zaci\u0105gni\u0119\u0107 i ekran LED. Dostawa w ci\u0105gu 1-3 dni.","robots":{"index":"index","follow":"follow","max-snippet":"max-snippet:-1","max-image-preview":"max-image-preview:large","max-video-preview":"max-video-preview:-1"},"canonical":"https:\/\/vozolvapen.de\/pl\/product\/puff-110k-bang-leader-110k-strawberry-ice-peach-lemon-kiwi-passion-fruit-guava\/","og_locale":"pl_PL","og_type":"article","og_title":"Puff 110k Bang Leader 110K - Strawberry Ice & Peach Lemon & Kiwi Passion Fruit Guava","og_description":"From Strawberry Ice to Kiwi Passion Fruit, enjoy 6 flavors in one Bang Leader 110k. 110,000 puffs & LED screen. 1-3 day delivery.","og_url":"https:\/\/vozolvapen.de\/pl\/product\/puff-110k-bang-leader-110k-strawberry-ice-peach-lemon-kiwi-passion-fruit-guava\/","og_site_name":"vozolvapen","article_modified_time":"2025-12-30T05:13:08+00:00","og_image":[{"width":1200,"height":1200,"url":"https:\/\/vozolvapen.de\/wp-content\/uploads\/2025\/12\/Puff-110k-Bang-Leader-110K-Strawberry-Ice-Peach-Lemon-Kiwi-Passion-Fruit-Guava.webp","type":"image\/webp"}],"twitter_card":"summary_large_image","twitter_misc":{"Szacowany czas czytania":"2 minuty"},"schema":{"@context":"https:\/\/schema.org","@graph":[{"@type":"WebPage","@id":"https:\/\/vozolvapen.de\/product\/puff-110k-bang-leader-110k-strawberry-ice-peach-lemon-kiwi-passion-fruit-guava\/","url":"https:\/\/vozolvapen.de\/product\/puff-110k-bang-leader-110k-strawberry-ice-peach-lemon-kiwi-passion-fruit-guava\/","name":"Strawberry Ice &amp; Peach Lemon Bang Leader 110k - vozolvapen","isPartOf":{"@id":"https:\/\/vozolvapen.de\/#website"},"primaryImageOfPage":{"@id":"https:\/\/vozolvapen.de\/product\/puff-110k-bang-leader-110k-strawberry-ice-peach-lemon-kiwi-passion-fruit-guava\/#primaryimage"},"image":{"@id":"https:\/\/vozolvapen.de\/product\/puff-110k-bang-leader-110k-strawberry-ice-peach-lemon-kiwi-passion-fruit-guava\/#primaryimage"},"thumbnailUrl":"https:\/\/vozolvapen.de\/wp-content\/uploads\/2025\/12\/Puff-110k-Bang-Leader-110K-Strawberry-Ice-Peach-Lemon-Kiwi-Passion-Fruit-Guava.webp","datePublished":"2025-12-29T03:52:23+00:00","dateModified":"2025-12-30T05:13:08+00:00","description":"Od Strawberry Ice po Kiwi Passion Fruit, ciesz si\u0119 6 smakami w jednym Bang Leader 110k. 110 000 zaci\u0105gni\u0119\u0107 i ekran LED. Dostawa w ci\u0105gu 1-3 dni.","breadcrumb":{"@id":"https:\/\/vozolvapen.de\/product\/puff-110k-bang-leader-110k-strawberry-ice-peach-lemon-kiwi-passion-fruit-guava\/#breadcrumb"},"inLanguage":"pl-PL","potentialAction":[{"@type":"ReadAction","target":["https:\/\/vozolvapen.de\/product\/puff-110k-bang-leader-110k-strawberry-ice-peach-lemon-kiwi-passion-fruit-guava\/"]}]},{"@type":"ImageObject","inLanguage":"pl-PL","@id":"https:\/\/vozolvapen.de\/product\/puff-110k-bang-leader-110k-strawberry-ice-peach-lemon-kiwi-passion-fruit-guava\/#primaryimage","url":"https:\/\/vozolvapen.de\/wp-content\/uploads\/2025\/12\/Puff-110k-Bang-Leader-110K-Strawberry-Ice-Peach-Lemon-Kiwi-Passion-Fruit-Guava.webp","contentUrl":"https:\/\/vozolvapen.de\/wp-content\/uploads\/2025\/12\/Puff-110k-Bang-Leader-110K-Strawberry-Ice-Peach-Lemon-Kiwi-Passion-Fruit-Guava.webp","width":1200,"height":1200,"caption":"Puff 110k Bang Leader 110K - Strawberry Ice & Peach Lemon & Kiwi Passion Fruit Guava"},{"@type":"BreadcrumbList","@id":"https:\/\/vozolvapen.de\/product\/puff-110k-bang-leader-110k-strawberry-ice-peach-lemon-kiwi-passion-fruit-guava\/#breadcrumb","itemListElement":[{"@type":"ListItem","position":1,"name":"Home","item":"https:\/\/vozolvapen.de\/de\/"},{"@type":"ListItem","position":2,"name":"Shop","item":"https:\/\/vozolvapen.de\/shop\/"},{"@type":"ListItem","position":3,"name":"Puff 110k Bang Leader 110K &#8211; Strawberry Ice &#038; Peach Lemon &#038; Kiwi Passion Fruit Guava"}]},{"@type":"WebSite","@id":"https:\/\/vozolvapen.de\/#website","url":"https:\/\/vozolvapen.de\/","name":"vozolvapen","description":"vozolvapen","publisher":{"@id":"https:\/\/vozolvapen.de\/#organization"},"potentialAction":[{"@type":"SearchAction","target":{"@type":"EntryPoint","urlTemplate":"https:\/\/vozolvapen.de\/?s={search_term_string}"},"query-input":{"@type":"PropertyValueSpecification","valueRequired":true,"valueName":"search_term_string"}}],"inLanguage":"pl-PL"},{"@type":"Organization","@id":"https:\/\/vozolvapen.de\/#organization","name":"vozolvapen","url":"https:\/\/vozolvapen.de\/","logo":{"@type":"ImageObject","inLanguage":"pl-PL","@id":"https:\/\/vozolvapen.de\/#\/schema\/logo\/image\/","url":"https:\/\/vozolvapen.de\/wp-content\/uploads\/2025\/12\/cropped-vozovapen-logo.webp","contentUrl":"https:\/\/vozolvapen.de\/wp-content\/uploads\/2025\/12\/cropped-vozovapen-logo.webp","width":470,"height":110,"caption":"vozolvapen"},"image":{"@id":"https:\/\/vozolvapen.de\/#\/schema\/logo\/image\/"}}]}},"tiered_pricing_type":"fixed","tiered_pricing_fixed_rules":{"30":"12.65","50":"10.65","100":"9.65","200":"9"},"tiered_pricing_product_settings":{"layout":"default","base_unit_name":{"singular":null,"plural":null},"default_variation":{}},"tiered_pricing_minimum_quantity":10,"tiered_pricing_roles_data":[],"tiered_pricing_percentage_rules":[],"tiered_pricing_maximum_quantity":null,"tiered_pricing_quantity_step":"10","_links":{"self":[{"href":"http:\/\/vozolvapen.de\/pl\/wp-json\/wp\/v2\/product\/46558","targetHints":{"allow":["GET"]}}],"collection":[{"href":"http:\/\/vozolvapen.de\/pl\/wp-json\/wp\/v2\/product"}],"about":[{"href":"http:\/\/vozolvapen.de\/pl\/wp-json\/wp\/v2\/types\/product"}],"replies":[{"embeddable":true,"href":"http:\/\/vozolvapen.de\/pl\/wp-json\/wp\/v2\/comments?post=46558"}],"wp:featuredmedia":[{"embeddable":true,"href":"http:\/\/vozolvapen.de\/pl\/wp-json\/wp\/v2\/media\/46794"}],"wp:attachment":[{"href":"http:\/\/vozolvapen.de\/pl\/wp-json\/wp\/v2\/media?parent=46558"}],"wp:term":[{"taxonomy":"product_brand","embeddable":true,"href":"http:\/\/vozolvapen.de\/pl\/wp-json\/wp\/v2\/product_brand?post=46558"},{"taxonomy":"product_cat","embeddable":true,"href":"http:\/\/vozolvapen.de\/pl\/wp-json\/wp\/v2\/product_cat?post=46558"},{"taxonomy":"product_tag","embeddable":true,"href":"http:\/\/vozolvapen.de\/pl\/wp-json\/wp\/v2\/product_tag?post=46558"}],"curies":[{"name":"wp","href":"https:\/\/api.w.org\/{rel}","templated":true}]}}