{"id":46693,"date":"2025-12-29T03:52:29","date_gmt":"2025-12-29T03:52:29","guid":{"rendered":"https:\/\/vozolvapen.de\/?post_type=product&#038;p=46693"},"modified":"2025-12-30T05:12:49","modified_gmt":"2025-12-30T05:12:49","slug":"puff-110k-bang-leader-110k-lemon-romance-blueberry-raspberry-peach-menthol","status":"publish","type":"product","link":"http:\/\/vozolvapen.de\/pl\/product\/puff-110k-bang-leader-110k-lemon-romance-blueberry-raspberry-peach-menthol\/","title":{"rendered":"Puff 110k Bang Leader 110K - Lemon Romance &amp; Blueberry Raspberry &amp; Peach Menthol"},"content":{"rendered":"<h1 data-path-to-node=\"50\"><b data-path-to-node=\"50\" data-index-in-node=\"0\">Bang Leader 110K Puffs 6 w 1: Lemon Romance, Blueberry Raspberry, Peach Menthol<\/b><\/h1>\n<p data-path-to-node=\"51\"><b data-path-to-node=\"51\" data-index-in-node=\"0\">Kwiatowe orze\u017awienie:<\/b> Romantyczny i aromatyczny zestaw, kt\u00f3ry doskonale oczyszcza podniebienie. Czysty, rze\u015bki i wysokiej klasy.<\/p>\n<h2 data-path-to-node=\"52\"><b data-path-to-node=\"52\" data-index-in-node=\"0\">G\u0142\u0119bokie zanurzenie w kwiatach<\/b><\/h2>\n<ul data-path-to-node=\"53\">\n<li>\n<p data-path-to-node=\"53,0,0\"><b data-path-to-node=\"53,0,0\" data-index-in-node=\"0\">Mode A - Lemon Romance:<\/b> Wyrafinowany, lekko kwiatowo-cytrynowy zapach.<\/p>\n<\/li>\n<li>\n<p data-path-to-node=\"53,1,0\"><b data-path-to-node=\"53,1,0\" data-index-in-node=\"0\">Mode B - Blueberry Raspberry:<\/b> Ostry i s\u0142odki duet le\u015bnych jag\u00f3d.<\/p>\n<\/li>\n<li>\n<p data-path-to-node=\"53,2,0\"><b data-path-to-node=\"53,2,0\" data-index-in-node=\"0\">Mode C - Peach Menthol:<\/b> Kwiatowy aromat brzoskwini z wyra\u017anym, ch\u0142odz\u0105cym uderzeniem w gard\u0142o.<\/p>\n<\/li>\n<li>\n<p data-path-to-node=\"53,3,0\"><b data-path-to-node=\"53,3,0\" data-index-in-node=\"0\">Tryby hybrydowe:<\/b> Stw\u00f3rz fuzje \u201cBlueberry Lemonade\u201d lub \u201cPeachy Berry\u201d.<\/p>\n<\/li>\n<\/ul>\n<h2 data-path-to-node=\"54\"><b data-path-to-node=\"54\" data-index-in-node=\"0\">Dla kogo przeznaczony jest ten smak?<\/b><\/h2>\n<p data-path-to-node=\"54\"><b data-path-to-node=\"54\" data-index-in-node=\"24\">The Elegant Vaper:<\/b> Dla tych, kt\u00f3rzy ceni\u0105 sobie niekonwencjonalne, aromatyczne smaki, kt\u00f3re s\u0105 lekkie i orze\u017awiaj\u0105ce.<\/p>\n<h2 data-path-to-node=\"62\"><b data-path-to-node=\"62\" data-index-in-node=\"0\">Specyfikacja rdzenia Puff 110k Bang Leader 110K<\/b><\/h2>\n<table data-path-to-node=\"17\">\n<thead>\n<tr>\n<td><strong>Informacje o \u0142a\u0144cuchu dostaw<\/strong><\/td>\n<td><strong>Dane dotycz\u0105ce dystrybucji Bang 110k<\/strong><\/td>\n<\/tr>\n<\/thead>\n<tbody>\n<tr>\n<td><span data-path-to-node=\"17,1,0,0\"><b data-path-to-node=\"17,1,0,0\" data-index-in-node=\"0\">Pochodzenie wysy\u0142ki<\/b><\/span><\/td>\n<td><span data-path-to-node=\"17,1,1,0\"><b data-path-to-node=\"17,1,1,0\" data-index-in-node=\"0\">Magazyn europejski (bezc\u0142owy)<\/b><\/span><\/td>\n<\/tr>\n<tr>\n<td><span data-path-to-node=\"17,2,0,0\"><b data-path-to-node=\"17,2,0,0\" data-index-in-node=\"0\">Szybko\u015b\u0107 dostawy<\/b><\/span><\/td>\n<td><span data-path-to-node=\"17,2,1,0\"><b data-path-to-node=\"17,2,1,0\" data-index-in-node=\"0\">1-3 dni robocze na terenie UE<\/b><\/span><\/td>\n<\/tr>\n<tr>\n<td><span data-path-to-node=\"17,3,0,0\"><b data-path-to-node=\"17,3,0,0\" data-index-in-node=\"0\">Standardowe opakowanie<\/b><\/span><\/td>\n<td><span data-path-to-node=\"17,3,1,0\">10 pojedynczych sztuk w pude\u0142ku ekspozycyjnym<\/span><\/td>\n<\/tr>\n<tr>\n<td><span data-path-to-node=\"17,4,0,0\"><b data-path-to-node=\"17,4,0,0\" data-index-in-node=\"0\">Status sprzeda\u017cy hurtowej<\/b><\/span><\/td>\n<td><span data-path-to-node=\"17,4,1,0\">Bulk Stock Ready \/ Gotowy do sprzeda\u017cy detalicznej<\/span><\/td>\n<\/tr>\n<tr>\n<td><span data-path-to-node=\"17,5,0,0\"><b data-path-to-node=\"17,5,0,0\" data-index-in-node=\"0\">Puff Integrity<\/b><\/span><\/td>\n<td><span data-path-to-node=\"17,5,1,0\">Certyfikowany zasi\u0119g 110 000 zaci\u0105gni\u0119\u0107<\/span><\/td>\n<\/tr>\n<tr>\n<td><span data-path-to-node=\"17,6,0,0\"><b data-path-to-node=\"17,6,0,0\" data-index-in-node=\"0\">R\u00f3\u017cnorodno\u015b\u0107 smak\u00f3w<\/b><\/span><\/td>\n<td><span data-path-to-node=\"17,6,1,0\">10 zestaw\u00f3w smak\u00f3w Master-Blend<\/span><\/td>\n<\/tr>\n<tr>\n<td><span data-path-to-node=\"17,7,0,0\"><b data-path-to-node=\"17,7,0,0\" data-index-in-node=\"0\">U\u017cytkownik docelowy<\/b><\/span><\/td>\n<td><span data-path-to-node=\"17,7,1,0\">Ci\u0119\u017ccy vaperzy i poszukiwacze r\u00f3\u017cnorodno\u015bci<\/span><\/td>\n<\/tr>\n<\/tbody>\n<\/table>\n<h3 dir=\"auto\">Oto dalsze zalecenia dla Ciebie:<\/h3>\n<p dir=\"auto\">Odkryj jeszcze wi\u0119cej niesamowitych smak\u00f3w dzi\u0119ki Puff 110k Bang Leader 110K Vape!<\/p>\n<p dir=\"auto\"><a href=\"https:\/\/vozolvapen.de\/pl\/product-category\/bang-vape\/puff-110k-bang-leader-110k-6-in-1\/\" target=\"_blank\" rel=\"noopener noreferrer nofollow\">Zobacz wszystkie odmiany tutaj \u2192<\/a><\/p>\n<p dir=\"auto\">Zapoznaj si\u0119 z nasz\u0105 pe\u0142n\u0105 kolekcj\u0105 i kupuj produkty najlepszych marek vape, kt\u00f3re pokochasz.<\/p>\n<p dir=\"auto\"><a href=\"https:\/\/vozolvapen.de\/pl\/\" target=\"_blank\" rel=\"noopener noreferrer nofollow\">Przegl\u0105daj teraz wszystkie marki \u2192<\/a><\/p>\n<p dir=\"auto\">Sprawd\u017a ca\u0142\u0105 seri\u0119 Bang Vape - ka\u017cdy smak, ka\u017cdy styl!<\/p>\n<p dir=\"auto\"><a href=\"https:\/\/vozolvapen.de\/pl\/product-category\/bang-vape\/\" target=\"_blank\" rel=\"noopener noreferrer nofollow\">Zobacz pe\u0142n\u0105 kolekcj\u0119 Bang Vape \u2192<\/a><\/p>","protected":false},"excerpt":{"rendered":"<p>Kwiatowe orze\u017awienie oczyszczaj\u0105ce podniebienie. To <b data-path-to-node=\"3,9,4,0\" data-index-in-node=\"45\">Bang 110k<\/b> Zawiera aromatyczne nuty cytryny i brzoskwini, idealne dla vaper\u00f3w poszukuj\u0105cych czystego, wysokiej klasy smaku.<\/p>","protected":false},"featured_media":46800,"comment_status":"open","ping_status":"closed","template":"","meta":{"_acf_changed":false},"product_brand":[],"product_cat":[101],"product_tag":[],"class_list":{"0":"post-46693","1":"product","2":"type-product","3":"status-publish","4":"has-post-thumbnail","6":"product_cat-puff-110k-bang-leader-110k-6-in-1","8":"first","9":"instock","10":"shipping-taxable","11":"purchasable","12":"product-type-variable"},"acf":[],"yoast_head":"<!-- This site is optimized with the Yoast SEO Premium plugin v26.1 (Yoast SEO v27.5) - https:\/\/yoast.com\/product\/yoast-seo-premium-wordpress\/ -->\n<title>Lemon Romance &amp; Peach Menthol Bang Leader 110k - vozolvapen<\/title>\n<meta name=\"description\" content=\"Floral and fresh! Lemon Romance &amp; Peach Menthol 6-in-1 flavor Bang 110k. 110,000 puffs &amp; smart display. Duty-free EU warehouse stock.\" \/>\n<meta name=\"robots\" content=\"index, follow, max-snippet:-1, max-image-preview:large, max-video-preview:-1\" \/>\n<link rel=\"canonical\" href=\"https:\/\/vozolvapen.de\/pl\/product\/puff-110k-bang-leader-110k-lemon-romance-blueberry-raspberry-peach-menthol\/\" \/>\n<meta property=\"og:locale\" content=\"pl_PL\" \/>\n<meta property=\"og:type\" content=\"article\" \/>\n<meta property=\"og:title\" content=\"Puff 110k Bang Leader 110K - Lemon Romance &amp; Blueberry Raspberry &amp; Peach Menthol\" \/>\n<meta property=\"og:description\" content=\"Floral and fresh! Lemon Romance &amp; Peach Menthol 6-in-1 flavor Bang 110k. 110,000 puffs &amp; smart display. Duty-free EU warehouse stock.\" \/>\n<meta property=\"og:url\" content=\"https:\/\/vozolvapen.de\/pl\/product\/puff-110k-bang-leader-110k-lemon-romance-blueberry-raspberry-peach-menthol\/\" \/>\n<meta property=\"og:site_name\" content=\"vozolvapen\" \/>\n<meta property=\"article:modified_time\" content=\"2025-12-30T05:12:49+00:00\" \/>\n<meta property=\"og:image\" content=\"https:\/\/vozolvapen.de\/wp-content\/uploads\/2025\/12\/Puff-110k-Bang-Leader-110K-Lemon-Romance-Blueberry-Raspberry-Peach-Menthol.webp\" \/>\n\t<meta property=\"og:image:width\" content=\"1200\" \/>\n\t<meta property=\"og:image:height\" content=\"1200\" \/>\n\t<meta property=\"og:image:type\" content=\"image\/webp\" \/>\n<meta name=\"twitter:card\" content=\"summary_large_image\" \/>\n<meta name=\"twitter:label1\" content=\"Szacowany czas czytania\" \/>\n\t<meta name=\"twitter:data1\" content=\"2 minuty\" \/>\n<script type=\"application\/ld+json\" class=\"yoast-schema-graph\">{\"@context\":\"https:\\\/\\\/schema.org\",\"@graph\":[{\"@type\":\"WebPage\",\"@id\":\"https:\\\/\\\/vozolvapen.de\\\/product\\\/puff-110k-bang-leader-110k-lemon-romance-blueberry-raspberry-peach-menthol\\\/\",\"url\":\"https:\\\/\\\/vozolvapen.de\\\/product\\\/puff-110k-bang-leader-110k-lemon-romance-blueberry-raspberry-peach-menthol\\\/\",\"name\":\"Lemon Romance & Peach Menthol Bang Leader 110k - vozolvapen\",\"isPartOf\":{\"@id\":\"https:\\\/\\\/vozolvapen.de\\\/#website\"},\"primaryImageOfPage\":{\"@id\":\"https:\\\/\\\/vozolvapen.de\\\/product\\\/puff-110k-bang-leader-110k-lemon-romance-blueberry-raspberry-peach-menthol\\\/#primaryimage\"},\"image\":{\"@id\":\"https:\\\/\\\/vozolvapen.de\\\/product\\\/puff-110k-bang-leader-110k-lemon-romance-blueberry-raspberry-peach-menthol\\\/#primaryimage\"},\"thumbnailUrl\":\"https:\\\/\\\/vozolvapen.de\\\/wp-content\\\/uploads\\\/2025\\\/12\\\/Puff-110k-Bang-Leader-110K-Lemon-Romance-Blueberry-Raspberry-Peach-Menthol.webp\",\"datePublished\":\"2025-12-29T03:52:29+00:00\",\"dateModified\":\"2025-12-30T05:12:49+00:00\",\"description\":\"Floral and fresh! Lemon Romance & Peach Menthol 6-in-1 flavor Bang 110k. 110,000 puffs & smart display. Duty-free EU warehouse stock.\",\"breadcrumb\":{\"@id\":\"https:\\\/\\\/vozolvapen.de\\\/product\\\/puff-110k-bang-leader-110k-lemon-romance-blueberry-raspberry-peach-menthol\\\/#breadcrumb\"},\"inLanguage\":\"pl-PL\",\"potentialAction\":[{\"@type\":\"ReadAction\",\"target\":[\"https:\\\/\\\/vozolvapen.de\\\/product\\\/puff-110k-bang-leader-110k-lemon-romance-blueberry-raspberry-peach-menthol\\\/\"]}]},{\"@type\":\"ImageObject\",\"inLanguage\":\"pl-PL\",\"@id\":\"https:\\\/\\\/vozolvapen.de\\\/product\\\/puff-110k-bang-leader-110k-lemon-romance-blueberry-raspberry-peach-menthol\\\/#primaryimage\",\"url\":\"https:\\\/\\\/vozolvapen.de\\\/wp-content\\\/uploads\\\/2025\\\/12\\\/Puff-110k-Bang-Leader-110K-Lemon-Romance-Blueberry-Raspberry-Peach-Menthol.webp\",\"contentUrl\":\"https:\\\/\\\/vozolvapen.de\\\/wp-content\\\/uploads\\\/2025\\\/12\\\/Puff-110k-Bang-Leader-110K-Lemon-Romance-Blueberry-Raspberry-Peach-Menthol.webp\",\"width\":1200,\"height\":1200,\"caption\":\"Puff 110k Bang Leader 110K - Lemon Romance & Blueberry Raspberry & Peach Menthol\"},{\"@type\":\"BreadcrumbList\",\"@id\":\"https:\\\/\\\/vozolvapen.de\\\/product\\\/puff-110k-bang-leader-110k-lemon-romance-blueberry-raspberry-peach-menthol\\\/#breadcrumb\",\"itemListElement\":[{\"@type\":\"ListItem\",\"position\":1,\"name\":\"Home\",\"item\":\"https:\\\/\\\/vozolvapen.de\\\/de\\\/\"},{\"@type\":\"ListItem\",\"position\":2,\"name\":\"Shop\",\"item\":\"https:\\\/\\\/vozolvapen.de\\\/shop\\\/\"},{\"@type\":\"ListItem\",\"position\":3,\"name\":\"Puff 110k Bang Leader 110K &#8211; Lemon Romance &#038; Blueberry Raspberry &#038; Peach Menthol\"}]},{\"@type\":\"WebSite\",\"@id\":\"https:\\\/\\\/vozolvapen.de\\\/#website\",\"url\":\"https:\\\/\\\/vozolvapen.de\\\/\",\"name\":\"vozolvapen\",\"description\":\"vozolvapen\",\"publisher\":{\"@id\":\"https:\\\/\\\/vozolvapen.de\\\/#organization\"},\"potentialAction\":[{\"@type\":\"SearchAction\",\"target\":{\"@type\":\"EntryPoint\",\"urlTemplate\":\"https:\\\/\\\/vozolvapen.de\\\/?s={search_term_string}\"},\"query-input\":{\"@type\":\"PropertyValueSpecification\",\"valueRequired\":true,\"valueName\":\"search_term_string\"}}],\"inLanguage\":\"pl-PL\"},{\"@type\":\"Organization\",\"@id\":\"https:\\\/\\\/vozolvapen.de\\\/#organization\",\"name\":\"vozolvapen\",\"url\":\"https:\\\/\\\/vozolvapen.de\\\/\",\"logo\":{\"@type\":\"ImageObject\",\"inLanguage\":\"pl-PL\",\"@id\":\"https:\\\/\\\/vozolvapen.de\\\/#\\\/schema\\\/logo\\\/image\\\/\",\"url\":\"https:\\\/\\\/vozolvapen.de\\\/wp-content\\\/uploads\\\/2025\\\/12\\\/cropped-vozovapen-logo.webp\",\"contentUrl\":\"https:\\\/\\\/vozolvapen.de\\\/wp-content\\\/uploads\\\/2025\\\/12\\\/cropped-vozovapen-logo.webp\",\"width\":470,\"height\":110,\"caption\":\"vozolvapen\"},\"image\":{\"@id\":\"https:\\\/\\\/vozolvapen.de\\\/#\\\/schema\\\/logo\\\/image\\\/\"}}]}<\/script>\n<!-- \/ Yoast SEO Premium plugin. -->","yoast_head_json":{"title":"Lemon Romance &amp; Peach Menthol Bang Leader 110k - vozolvapen","description":"Kwiatowy i \u015bwie\u017cy! Lemon Romance &amp; Peach Menthol 6 w 1 smak Bang 110k. 110 000 zaci\u0105gni\u0119\u0107 i inteligentny wy\u015bwietlacz. Bezc\u0142owy magazyn UE.","robots":{"index":"index","follow":"follow","max-snippet":"max-snippet:-1","max-image-preview":"max-image-preview:large","max-video-preview":"max-video-preview:-1"},"canonical":"https:\/\/vozolvapen.de\/pl\/product\/puff-110k-bang-leader-110k-lemon-romance-blueberry-raspberry-peach-menthol\/","og_locale":"pl_PL","og_type":"article","og_title":"Puff 110k Bang Leader 110K - Lemon Romance & Blueberry Raspberry & Peach Menthol","og_description":"Floral and fresh! Lemon Romance & Peach Menthol 6-in-1 flavor Bang 110k. 110,000 puffs & smart display. Duty-free EU warehouse stock.","og_url":"https:\/\/vozolvapen.de\/pl\/product\/puff-110k-bang-leader-110k-lemon-romance-blueberry-raspberry-peach-menthol\/","og_site_name":"vozolvapen","article_modified_time":"2025-12-30T05:12:49+00:00","og_image":[{"width":1200,"height":1200,"url":"https:\/\/vozolvapen.de\/wp-content\/uploads\/2025\/12\/Puff-110k-Bang-Leader-110K-Lemon-Romance-Blueberry-Raspberry-Peach-Menthol.webp","type":"image\/webp"}],"twitter_card":"summary_large_image","twitter_misc":{"Szacowany czas czytania":"2 minuty"},"schema":{"@context":"https:\/\/schema.org","@graph":[{"@type":"WebPage","@id":"https:\/\/vozolvapen.de\/product\/puff-110k-bang-leader-110k-lemon-romance-blueberry-raspberry-peach-menthol\/","url":"https:\/\/vozolvapen.de\/product\/puff-110k-bang-leader-110k-lemon-romance-blueberry-raspberry-peach-menthol\/","name":"Lemon Romance &amp; Peach Menthol Bang Leader 110k - vozolvapen","isPartOf":{"@id":"https:\/\/vozolvapen.de\/#website"},"primaryImageOfPage":{"@id":"https:\/\/vozolvapen.de\/product\/puff-110k-bang-leader-110k-lemon-romance-blueberry-raspberry-peach-menthol\/#primaryimage"},"image":{"@id":"https:\/\/vozolvapen.de\/product\/puff-110k-bang-leader-110k-lemon-romance-blueberry-raspberry-peach-menthol\/#primaryimage"},"thumbnailUrl":"https:\/\/vozolvapen.de\/wp-content\/uploads\/2025\/12\/Puff-110k-Bang-Leader-110K-Lemon-Romance-Blueberry-Raspberry-Peach-Menthol.webp","datePublished":"2025-12-29T03:52:29+00:00","dateModified":"2025-12-30T05:12:49+00:00","description":"Kwiatowy i \u015bwie\u017cy! Lemon Romance &amp; Peach Menthol 6 w 1 smak Bang 110k. 110 000 zaci\u0105gni\u0119\u0107 i inteligentny wy\u015bwietlacz. Bezc\u0142owy magazyn UE.","breadcrumb":{"@id":"https:\/\/vozolvapen.de\/product\/puff-110k-bang-leader-110k-lemon-romance-blueberry-raspberry-peach-menthol\/#breadcrumb"},"inLanguage":"pl-PL","potentialAction":[{"@type":"ReadAction","target":["https:\/\/vozolvapen.de\/product\/puff-110k-bang-leader-110k-lemon-romance-blueberry-raspberry-peach-menthol\/"]}]},{"@type":"ImageObject","inLanguage":"pl-PL","@id":"https:\/\/vozolvapen.de\/product\/puff-110k-bang-leader-110k-lemon-romance-blueberry-raspberry-peach-menthol\/#primaryimage","url":"https:\/\/vozolvapen.de\/wp-content\/uploads\/2025\/12\/Puff-110k-Bang-Leader-110K-Lemon-Romance-Blueberry-Raspberry-Peach-Menthol.webp","contentUrl":"https:\/\/vozolvapen.de\/wp-content\/uploads\/2025\/12\/Puff-110k-Bang-Leader-110K-Lemon-Romance-Blueberry-Raspberry-Peach-Menthol.webp","width":1200,"height":1200,"caption":"Puff 110k Bang Leader 110K - Lemon Romance & Blueberry Raspberry & Peach Menthol"},{"@type":"BreadcrumbList","@id":"https:\/\/vozolvapen.de\/product\/puff-110k-bang-leader-110k-lemon-romance-blueberry-raspberry-peach-menthol\/#breadcrumb","itemListElement":[{"@type":"ListItem","position":1,"name":"Home","item":"https:\/\/vozolvapen.de\/de\/"},{"@type":"ListItem","position":2,"name":"Shop","item":"https:\/\/vozolvapen.de\/shop\/"},{"@type":"ListItem","position":3,"name":"Puff 110k Bang Leader 110K &#8211; Lemon Romance &#038; Blueberry Raspberry &#038; Peach Menthol"}]},{"@type":"WebSite","@id":"https:\/\/vozolvapen.de\/#website","url":"https:\/\/vozolvapen.de\/","name":"vozolvapen","description":"vozolvapen","publisher":{"@id":"https:\/\/vozolvapen.de\/#organization"},"potentialAction":[{"@type":"SearchAction","target":{"@type":"EntryPoint","urlTemplate":"https:\/\/vozolvapen.de\/?s={search_term_string}"},"query-input":{"@type":"PropertyValueSpecification","valueRequired":true,"valueName":"search_term_string"}}],"inLanguage":"pl-PL"},{"@type":"Organization","@id":"https:\/\/vozolvapen.de\/#organization","name":"vozolvapen","url":"https:\/\/vozolvapen.de\/","logo":{"@type":"ImageObject","inLanguage":"pl-PL","@id":"https:\/\/vozolvapen.de\/#\/schema\/logo\/image\/","url":"https:\/\/vozolvapen.de\/wp-content\/uploads\/2025\/12\/cropped-vozovapen-logo.webp","contentUrl":"https:\/\/vozolvapen.de\/wp-content\/uploads\/2025\/12\/cropped-vozovapen-logo.webp","width":470,"height":110,"caption":"vozolvapen"},"image":{"@id":"https:\/\/vozolvapen.de\/#\/schema\/logo\/image\/"}}]}},"tiered_pricing_type":"fixed","tiered_pricing_fixed_rules":{"30":"12.65","50":"10.65","100":"9.65","200":"9"},"tiered_pricing_product_settings":{"layout":"default","base_unit_name":{"singular":null,"plural":null},"default_variation":{}},"tiered_pricing_minimum_quantity":10,"tiered_pricing_roles_data":[],"tiered_pricing_percentage_rules":[],"tiered_pricing_maximum_quantity":null,"tiered_pricing_quantity_step":"10","_links":{"self":[{"href":"http:\/\/vozolvapen.de\/pl\/wp-json\/wp\/v2\/product\/46693","targetHints":{"allow":["GET"]}}],"collection":[{"href":"http:\/\/vozolvapen.de\/pl\/wp-json\/wp\/v2\/product"}],"about":[{"href":"http:\/\/vozolvapen.de\/pl\/wp-json\/wp\/v2\/types\/product"}],"replies":[{"embeddable":true,"href":"http:\/\/vozolvapen.de\/pl\/wp-json\/wp\/v2\/comments?post=46693"}],"wp:featuredmedia":[{"embeddable":true,"href":"http:\/\/vozolvapen.de\/pl\/wp-json\/wp\/v2\/media\/46800"}],"wp:attachment":[{"href":"http:\/\/vozolvapen.de\/pl\/wp-json\/wp\/v2\/media?parent=46693"}],"wp:term":[{"taxonomy":"product_brand","embeddable":true,"href":"http:\/\/vozolvapen.de\/pl\/wp-json\/wp\/v2\/product_brand?post=46693"},{"taxonomy":"product_cat","embeddable":true,"href":"http:\/\/vozolvapen.de\/pl\/wp-json\/wp\/v2\/product_cat?post=46693"},{"taxonomy":"product_tag","embeddable":true,"href":"http:\/\/vozolvapen.de\/pl\/wp-json\/wp\/v2\/product_tag?post=46693"}],"curies":[{"name":"wp","href":"https:\/\/api.w.org\/{rel}","templated":true}]}}