{"id":46738,"date":"2025-12-29T03:52:31","date_gmt":"2025-12-29T03:52:31","guid":{"rendered":"https:\/\/vozolvapen.de\/?post_type=product&#038;p=46738"},"modified":"2026-01-09T08:55:46","modified_gmt":"2026-01-09T08:55:46","slug":"puff-110k-bang-leader-110k-peach-ice-blackcurrant-pineapple-ice-green-apple-kiwi","status":"publish","type":"product","link":"http:\/\/vozolvapen.de\/pl\/product\/puff-110k-bang-leader-110k-peach-ice-blackcurrant-pineapple-ice-green-apple-kiwi\/","title":{"rendered":"Puff 110k Bang Leader 110K - Peach Ice &amp; Blackcurrant Pineapple Ice &amp; Green Apple Kiwi"},"content":{"rendered":"<h1 data-path-to-node=\"56\"><b data-path-to-node=\"56\" data-index-in-node=\"0\">Bang Leader 110K Puffs 6 w 1: Peach Ice, Blackcurrant Pineapple Ice, Green Apple Kiwi<\/b><\/h1>\n<p data-path-to-node=\"57\"><b data-path-to-node=\"57\" data-index-in-node=\"0\">Tangy Ice King:<\/b> Ciemny, ostry owocowy zestaw z ci\u0119\u017ckim lodowym wyko\u0144czeniem. Ten zestaw jest idealny dla tych, kt\u00f3rzy chc\u0105, aby ich puffy 110k by\u0142y odwa\u017cne i mro\u017ane.<\/p>\n<h2 data-path-to-node=\"58\"><b data-path-to-node=\"58\" data-index-in-node=\"0\">Tangy Ice Deep Dive<\/b><\/h2>\n<ul data-path-to-node=\"59\">\n<li>\n<p data-path-to-node=\"59,0,0\"><b data-path-to-node=\"59,0,0\" data-index-in-node=\"0\">Tryb A - Peach Ice:<\/b> Dojrzewaj\u0105ce w s\u0142o\u0144cu brzoskwinie z silnym mentolowym ch\u0142odem.<\/p>\n<\/li>\n<li>\n<p data-path-to-node=\"59,1,0\"><b data-path-to-node=\"59,1,0\" data-index-in-node=\"0\">Mode B - Blackcurrant Pineapple Ice:<\/b> G\u0142\u0119bokie, ciemne jagody zmieszane z ostrym, mro\u017anym ananasem.<\/p>\n<\/li>\n<li>\n<p data-path-to-node=\"59,2,0\"><b data-path-to-node=\"59,2,0\" data-index-in-node=\"0\">Mode C - Green Apple Kiwi:<\/b> Cierpkie, pikantne i orze\u017awiaj\u0105ce po\u0142\u0105czenie zielonych owoc\u00f3w.<\/p>\n<\/li>\n<li>\n<p data-path-to-node=\"59,3,0\"><b data-path-to-node=\"59,3,0\" data-index-in-node=\"0\">Tryby hybrydowe:<\/b> Odblokuj \u201cBrzoskwinia-czarna porzeczka\u201d lub \u201cJab\u0142ko-ananas\u201d, aby uzyska\u0107 cierpk\u0105 lodow\u0105 eksplozj\u0119.<\/p>\n<\/li>\n<\/ul>\n<h2 data-path-to-node=\"60\"><b data-path-to-node=\"60\" data-index-in-node=\"0\">Dla kogo przeznaczony jest ten smak?<\/b><\/h2>\n<p data-path-to-node=\"60\"><b data-path-to-node=\"60\" data-index-in-node=\"24\">The Heavy Chiller:<\/b> Dla waper\u00f3w, kt\u00f3rzy kochaj\u0105 ciemne, cierpkie owoce i silne uczucie ch\u0142odzenia.<\/p>\n<h2 data-path-to-node=\"62\"><b data-path-to-node=\"62\" data-index-in-node=\"0\">Specyfikacja rdzenia Puff 110k Bang Leader 110K<\/b><\/h2>\n<table data-path-to-node=\"21\">\n<thead>\n<tr>\n<td><strong>Szybkie statystyki<\/strong><\/td>\n<td><strong>Bang Leader 110k Highlights<\/strong><\/td>\n<\/tr>\n<\/thead>\n<tbody>\n<tr>\n<td><span data-path-to-node=\"21,1,0,0\"><b data-path-to-node=\"21,1,0,0\" data-index-in-node=\"0\">Maksymalna pojemno\u015b\u0107<\/b><\/span><\/td>\n<td><span data-path-to-node=\"21,1,1,0\">110,000 Puff (Puff 110k)<\/span><\/td>\n<\/tr>\n<tr>\n<td><span data-path-to-node=\"21,2,0,0\"><b data-path-to-node=\"21,2,0,0\" data-index-in-node=\"0\">R\u00f3\u017cnorodno\u015b\u0107 tryb\u00f3w<\/b><\/span><\/td>\n<td><span data-path-to-node=\"21,2,1,0\">3 kombinacje Pure + 3 Hybrid<\/span><\/td>\n<\/tr>\n<tr>\n<td><span data-path-to-node=\"21,3,0,0\"><b data-path-to-node=\"21,3,0,0\" data-index-in-node=\"0\">Poziom na\u0142adowania baterii<\/b><\/span><\/td>\n<td><span data-path-to-node=\"21,3,1,0\">850 mAh (akumulator typu C)<\/span><\/td>\n<\/tr>\n<tr>\n<td><span data-path-to-node=\"21,4,0,0\"><b data-path-to-node=\"21,4,0,0\" data-index-in-node=\"0\">S\u00f3l nikotynowa<\/b><\/span><\/td>\n<td><span data-path-to-node=\"21,4,1,0\">Wyb\u00f3r wielu wytrzyma\u0142o\u015bci (0%-5%)<\/span><\/td>\n<\/tr>\n<tr>\n<td><span data-path-to-node=\"21,5,0,0\"><b data-path-to-node=\"21,5,0,0\" data-index-in-node=\"0\">Screen Tech<\/b><\/span><\/td>\n<td><span data-path-to-node=\"21,5,1,0\">Ekran HD Puff i procent na\u0142adowania baterii<\/span><\/td>\n<\/tr>\n<tr>\n<td><span data-path-to-node=\"21,6,0,0\"><b data-path-to-node=\"21,6,0,0\" data-index-in-node=\"0\">Klasa wagowa<\/b><\/span><\/td>\n<td><span data-path-to-node=\"21,6,1,0\">160g Solidna konstrukcja<\/span><\/td>\n<\/tr>\n<tr>\n<td><span data-path-to-node=\"21,7,0,0\"><b data-path-to-node=\"21,7,0,0\" data-index-in-node=\"0\">Logistyka UE<\/b><\/span><\/td>\n<td><span data-path-to-node=\"21,7,1,0\">Wysy\u0142ka ekspresowa (z podatkiem)<\/span><\/td>\n<\/tr>\n<\/tbody>\n<\/table>\n<h3 dir=\"auto\">Oto dalsze zalecenia dla Ciebie:<\/h3>\n<p dir=\"auto\">Odkryj jeszcze wi\u0119cej niesamowitych smak\u00f3w dzi\u0119ki Puff 110k Bang Leader 110K Vape!<\/p>\n<p dir=\"auto\"><a href=\"https:\/\/vozolvapen.de\/pl\/product-category\/bang-vape\/puff-110k-bang-leader-110k-6-in-1\/\" target=\"_blank\" rel=\"noopener noreferrer nofollow\">Zobacz wszystkie odmiany tutaj \u2192<\/a><\/p>\n<p dir=\"auto\">Zapoznaj si\u0119 z nasz\u0105 pe\u0142n\u0105 kolekcj\u0105 i kupuj produkty najlepszych marek vape, kt\u00f3re pokochasz.<\/p>\n<p dir=\"auto\"><a href=\"https:\/\/vozolvapen.de\/pl\/\" target=\"_blank\" rel=\"noopener noreferrer nofollow\">Przegl\u0105daj teraz wszystkie marki \u2192<\/a><\/p>\n<p dir=\"auto\">Sprawd\u017a ca\u0142\u0105 seri\u0119 Bang Vape - ka\u017cdy smak, ka\u017cdy styl!<\/p>\n<p dir=\"auto\"><a href=\"https:\/\/vozolvapen.de\/pl\/product-category\/bang-vape\/\" target=\"_blank\" rel=\"noopener noreferrer nofollow\">Zobacz pe\u0142n\u0105 kolekcj\u0119 Bang Vape \u2192<\/a><\/p>","protected":false},"excerpt":{"rendered":"<p>Pikantny lodowy kr\u00f3l. Ciemna czarna porzeczka i cierpkie zielone jab\u0142ko dominuj\u0105 w tym winie. <b data-path-to-node=\"3,10,4,0\" data-index-in-node=\"73\">Puff 110k<\/b> oferuj\u0105cy 6 tryb\u00f3w mro\u017cenia dla intensywnego efektu ch\u0142odzenia.<\/p>","protected":false},"featured_media":46802,"comment_status":"open","ping_status":"closed","template":"","meta":{"_acf_changed":false},"product_brand":[],"product_cat":[101],"product_tag":[],"class_list":{"0":"post-46738","1":"product","2":"type-product","3":"status-publish","4":"has-post-thumbnail","6":"product_cat-puff-110k-bang-leader-110k-6-in-1","8":"first","9":"instock","10":"featured","11":"shipping-taxable","12":"purchasable","13":"product-type-variable"},"acf":[],"yoast_head":"<!-- This site is optimized with the Yoast SEO Premium plugin v26.1 (Yoast SEO v27.5) - https:\/\/yoast.com\/product\/yoast-seo-premium-wordpress\/ -->\n<title>Peach Ice &amp; Blackcurrant Bang Leader 110k - vozolvapen<\/title>\n<meta name=\"description\" content=\"Tangy Ice King: Peach, Blackcurrant &amp; Green Apple 6-in-1 hybrid. 110,000 puffs with LED screen tracking. Fast 1-3 day EU delivery.\" \/>\n<meta name=\"robots\" content=\"index, follow, max-snippet:-1, max-image-preview:large, max-video-preview:-1\" \/>\n<link rel=\"canonical\" href=\"https:\/\/vozolvapen.de\/pl\/product\/puff-110k-bang-leader-110k-peach-ice-blackcurrant-pineapple-ice-green-apple-kiwi\/\" \/>\n<meta property=\"og:locale\" content=\"pl_PL\" \/>\n<meta property=\"og:type\" content=\"article\" \/>\n<meta property=\"og:title\" content=\"Puff 110k Bang Leader 110K - Peach Ice &amp; Blackcurrant Pineapple Ice &amp; Green Apple Kiwi\" \/>\n<meta property=\"og:description\" content=\"Tangy Ice King: Peach, Blackcurrant &amp; Green Apple 6-in-1 hybrid. 110,000 puffs with LED screen tracking. Fast 1-3 day EU delivery.\" \/>\n<meta property=\"og:url\" content=\"https:\/\/vozolvapen.de\/pl\/product\/puff-110k-bang-leader-110k-peach-ice-blackcurrant-pineapple-ice-green-apple-kiwi\/\" \/>\n<meta property=\"og:site_name\" content=\"vozolvapen\" \/>\n<meta property=\"article:modified_time\" content=\"2026-01-09T08:55:46+00:00\" \/>\n<meta property=\"og:image\" content=\"https:\/\/vozolvapen.de\/wp-content\/uploads\/2025\/12\/Puff-110k-Bang-Leader-110K-Peach-Ice-Blackcurrant-Pineapple-Ice-Green-Apple-Kiwi.webp\" \/>\n\t<meta property=\"og:image:width\" content=\"1200\" \/>\n\t<meta property=\"og:image:height\" content=\"1200\" \/>\n\t<meta property=\"og:image:type\" content=\"image\/webp\" \/>\n<meta name=\"twitter:card\" content=\"summary_large_image\" \/>\n<meta name=\"twitter:label1\" content=\"Szacowany czas czytania\" \/>\n\t<meta name=\"twitter:data1\" content=\"2 minuty\" \/>\n<script type=\"application\/ld+json\" class=\"yoast-schema-graph\">{\"@context\":\"https:\\\/\\\/schema.org\",\"@graph\":[{\"@type\":\"WebPage\",\"@id\":\"https:\\\/\\\/vozolvapen.de\\\/product\\\/puff-110k-bang-leader-110k-peach-ice-blackcurrant-pineapple-ice-green-apple-kiwi\\\/\",\"url\":\"https:\\\/\\\/vozolvapen.de\\\/product\\\/puff-110k-bang-leader-110k-peach-ice-blackcurrant-pineapple-ice-green-apple-kiwi\\\/\",\"name\":\"Peach Ice & Blackcurrant Bang Leader 110k - vozolvapen\",\"isPartOf\":{\"@id\":\"https:\\\/\\\/vozolvapen.de\\\/#website\"},\"primaryImageOfPage\":{\"@id\":\"https:\\\/\\\/vozolvapen.de\\\/product\\\/puff-110k-bang-leader-110k-peach-ice-blackcurrant-pineapple-ice-green-apple-kiwi\\\/#primaryimage\"},\"image\":{\"@id\":\"https:\\\/\\\/vozolvapen.de\\\/product\\\/puff-110k-bang-leader-110k-peach-ice-blackcurrant-pineapple-ice-green-apple-kiwi\\\/#primaryimage\"},\"thumbnailUrl\":\"https:\\\/\\\/vozolvapen.de\\\/wp-content\\\/uploads\\\/2025\\\/12\\\/Puff-110k-Bang-Leader-110K-Peach-Ice-Blackcurrant-Pineapple-Ice-Green-Apple-Kiwi.webp\",\"datePublished\":\"2025-12-29T03:52:31+00:00\",\"dateModified\":\"2026-01-09T08:55:46+00:00\",\"description\":\"Tangy Ice King: Peach, Blackcurrant & Green Apple 6-in-1 hybrid. 110,000 puffs with LED screen tracking. Fast 1-3 day EU delivery.\",\"breadcrumb\":{\"@id\":\"https:\\\/\\\/vozolvapen.de\\\/product\\\/puff-110k-bang-leader-110k-peach-ice-blackcurrant-pineapple-ice-green-apple-kiwi\\\/#breadcrumb\"},\"inLanguage\":\"pl-PL\",\"potentialAction\":[{\"@type\":\"ReadAction\",\"target\":[\"https:\\\/\\\/vozolvapen.de\\\/product\\\/puff-110k-bang-leader-110k-peach-ice-blackcurrant-pineapple-ice-green-apple-kiwi\\\/\"]}]},{\"@type\":\"ImageObject\",\"inLanguage\":\"pl-PL\",\"@id\":\"https:\\\/\\\/vozolvapen.de\\\/product\\\/puff-110k-bang-leader-110k-peach-ice-blackcurrant-pineapple-ice-green-apple-kiwi\\\/#primaryimage\",\"url\":\"https:\\\/\\\/vozolvapen.de\\\/wp-content\\\/uploads\\\/2025\\\/12\\\/Puff-110k-Bang-Leader-110K-Peach-Ice-Blackcurrant-Pineapple-Ice-Green-Apple-Kiwi.webp\",\"contentUrl\":\"https:\\\/\\\/vozolvapen.de\\\/wp-content\\\/uploads\\\/2025\\\/12\\\/Puff-110k-Bang-Leader-110K-Peach-Ice-Blackcurrant-Pineapple-Ice-Green-Apple-Kiwi.webp\",\"width\":1200,\"height\":1200,\"caption\":\"Puff 110k Bang Leader 110K - Peach Ice & Blackcurrant Pineapple Ice & Green Apple Kiwi\"},{\"@type\":\"BreadcrumbList\",\"@id\":\"https:\\\/\\\/vozolvapen.de\\\/product\\\/puff-110k-bang-leader-110k-peach-ice-blackcurrant-pineapple-ice-green-apple-kiwi\\\/#breadcrumb\",\"itemListElement\":[{\"@type\":\"ListItem\",\"position\":1,\"name\":\"Home\",\"item\":\"https:\\\/\\\/vozolvapen.de\\\/de\\\/\"},{\"@type\":\"ListItem\",\"position\":2,\"name\":\"Shop\",\"item\":\"https:\\\/\\\/vozolvapen.de\\\/shop\\\/\"},{\"@type\":\"ListItem\",\"position\":3,\"name\":\"Puff 110k Bang Leader 110K &#8211; Peach Ice &#038; Blackcurrant Pineapple Ice &#038; Green Apple Kiwi\"}]},{\"@type\":\"WebSite\",\"@id\":\"https:\\\/\\\/vozolvapen.de\\\/#website\",\"url\":\"https:\\\/\\\/vozolvapen.de\\\/\",\"name\":\"vozolvapen\",\"description\":\"vozolvapen\",\"publisher\":{\"@id\":\"https:\\\/\\\/vozolvapen.de\\\/#organization\"},\"potentialAction\":[{\"@type\":\"SearchAction\",\"target\":{\"@type\":\"EntryPoint\",\"urlTemplate\":\"https:\\\/\\\/vozolvapen.de\\\/?s={search_term_string}\"},\"query-input\":{\"@type\":\"PropertyValueSpecification\",\"valueRequired\":true,\"valueName\":\"search_term_string\"}}],\"inLanguage\":\"pl-PL\"},{\"@type\":\"Organization\",\"@id\":\"https:\\\/\\\/vozolvapen.de\\\/#organization\",\"name\":\"vozolvapen\",\"url\":\"https:\\\/\\\/vozolvapen.de\\\/\",\"logo\":{\"@type\":\"ImageObject\",\"inLanguage\":\"pl-PL\",\"@id\":\"https:\\\/\\\/vozolvapen.de\\\/#\\\/schema\\\/logo\\\/image\\\/\",\"url\":\"https:\\\/\\\/vozolvapen.de\\\/wp-content\\\/uploads\\\/2025\\\/12\\\/cropped-vozovapen-logo.webp\",\"contentUrl\":\"https:\\\/\\\/vozolvapen.de\\\/wp-content\\\/uploads\\\/2025\\\/12\\\/cropped-vozovapen-logo.webp\",\"width\":470,\"height\":110,\"caption\":\"vozolvapen\"},\"image\":{\"@id\":\"https:\\\/\\\/vozolvapen.de\\\/#\\\/schema\\\/logo\\\/image\\\/\"}}]}<\/script>\n<!-- \/ Yoast SEO Premium plugin. -->","yoast_head_json":{"title":"Peach Ice &amp; Blackcurrant Bang Leader 110k - vozolvapen","description":"Tangy Ice King: Brzoskwinia, czarna porzeczka i zielone jab\u0142ko - hybryda 6 w 1. 110 000 zaci\u0105gni\u0119\u0107 ze \u015bledzeniem na ekranie LED. Szybka dostawa w ci\u0105gu 1-3 dni w UE.","robots":{"index":"index","follow":"follow","max-snippet":"max-snippet:-1","max-image-preview":"max-image-preview:large","max-video-preview":"max-video-preview:-1"},"canonical":"https:\/\/vozolvapen.de\/pl\/product\/puff-110k-bang-leader-110k-peach-ice-blackcurrant-pineapple-ice-green-apple-kiwi\/","og_locale":"pl_PL","og_type":"article","og_title":"Puff 110k Bang Leader 110K - Peach Ice & Blackcurrant Pineapple Ice & Green Apple Kiwi","og_description":"Tangy Ice King: Peach, Blackcurrant & Green Apple 6-in-1 hybrid. 110,000 puffs with LED screen tracking. Fast 1-3 day EU delivery.","og_url":"https:\/\/vozolvapen.de\/pl\/product\/puff-110k-bang-leader-110k-peach-ice-blackcurrant-pineapple-ice-green-apple-kiwi\/","og_site_name":"vozolvapen","article_modified_time":"2026-01-09T08:55:46+00:00","og_image":[{"width":1200,"height":1200,"url":"https:\/\/vozolvapen.de\/wp-content\/uploads\/2025\/12\/Puff-110k-Bang-Leader-110K-Peach-Ice-Blackcurrant-Pineapple-Ice-Green-Apple-Kiwi.webp","type":"image\/webp"}],"twitter_card":"summary_large_image","twitter_misc":{"Szacowany czas czytania":"2 minuty"},"schema":{"@context":"https:\/\/schema.org","@graph":[{"@type":"WebPage","@id":"https:\/\/vozolvapen.de\/product\/puff-110k-bang-leader-110k-peach-ice-blackcurrant-pineapple-ice-green-apple-kiwi\/","url":"https:\/\/vozolvapen.de\/product\/puff-110k-bang-leader-110k-peach-ice-blackcurrant-pineapple-ice-green-apple-kiwi\/","name":"Peach Ice &amp; Blackcurrant Bang Leader 110k - vozolvapen","isPartOf":{"@id":"https:\/\/vozolvapen.de\/#website"},"primaryImageOfPage":{"@id":"https:\/\/vozolvapen.de\/product\/puff-110k-bang-leader-110k-peach-ice-blackcurrant-pineapple-ice-green-apple-kiwi\/#primaryimage"},"image":{"@id":"https:\/\/vozolvapen.de\/product\/puff-110k-bang-leader-110k-peach-ice-blackcurrant-pineapple-ice-green-apple-kiwi\/#primaryimage"},"thumbnailUrl":"https:\/\/vozolvapen.de\/wp-content\/uploads\/2025\/12\/Puff-110k-Bang-Leader-110K-Peach-Ice-Blackcurrant-Pineapple-Ice-Green-Apple-Kiwi.webp","datePublished":"2025-12-29T03:52:31+00:00","dateModified":"2026-01-09T08:55:46+00:00","description":"Tangy Ice King: Brzoskwinia, czarna porzeczka i zielone jab\u0142ko - hybryda 6 w 1. 110 000 zaci\u0105gni\u0119\u0107 ze \u015bledzeniem na ekranie LED. Szybka dostawa w ci\u0105gu 1-3 dni w UE.","breadcrumb":{"@id":"https:\/\/vozolvapen.de\/product\/puff-110k-bang-leader-110k-peach-ice-blackcurrant-pineapple-ice-green-apple-kiwi\/#breadcrumb"},"inLanguage":"pl-PL","potentialAction":[{"@type":"ReadAction","target":["https:\/\/vozolvapen.de\/product\/puff-110k-bang-leader-110k-peach-ice-blackcurrant-pineapple-ice-green-apple-kiwi\/"]}]},{"@type":"ImageObject","inLanguage":"pl-PL","@id":"https:\/\/vozolvapen.de\/product\/puff-110k-bang-leader-110k-peach-ice-blackcurrant-pineapple-ice-green-apple-kiwi\/#primaryimage","url":"https:\/\/vozolvapen.de\/wp-content\/uploads\/2025\/12\/Puff-110k-Bang-Leader-110K-Peach-Ice-Blackcurrant-Pineapple-Ice-Green-Apple-Kiwi.webp","contentUrl":"https:\/\/vozolvapen.de\/wp-content\/uploads\/2025\/12\/Puff-110k-Bang-Leader-110K-Peach-Ice-Blackcurrant-Pineapple-Ice-Green-Apple-Kiwi.webp","width":1200,"height":1200,"caption":"Puff 110k Bang Leader 110K - Peach Ice & Blackcurrant Pineapple Ice & Green Apple Kiwi"},{"@type":"BreadcrumbList","@id":"https:\/\/vozolvapen.de\/product\/puff-110k-bang-leader-110k-peach-ice-blackcurrant-pineapple-ice-green-apple-kiwi\/#breadcrumb","itemListElement":[{"@type":"ListItem","position":1,"name":"Home","item":"https:\/\/vozolvapen.de\/de\/"},{"@type":"ListItem","position":2,"name":"Shop","item":"https:\/\/vozolvapen.de\/shop\/"},{"@type":"ListItem","position":3,"name":"Puff 110k Bang Leader 110K &#8211; Peach Ice &#038; Blackcurrant Pineapple Ice &#038; Green Apple Kiwi"}]},{"@type":"WebSite","@id":"https:\/\/vozolvapen.de\/#website","url":"https:\/\/vozolvapen.de\/","name":"vozolvapen","description":"vozolvapen","publisher":{"@id":"https:\/\/vozolvapen.de\/#organization"},"potentialAction":[{"@type":"SearchAction","target":{"@type":"EntryPoint","urlTemplate":"https:\/\/vozolvapen.de\/?s={search_term_string}"},"query-input":{"@type":"PropertyValueSpecification","valueRequired":true,"valueName":"search_term_string"}}],"inLanguage":"pl-PL"},{"@type":"Organization","@id":"https:\/\/vozolvapen.de\/#organization","name":"vozolvapen","url":"https:\/\/vozolvapen.de\/","logo":{"@type":"ImageObject","inLanguage":"pl-PL","@id":"https:\/\/vozolvapen.de\/#\/schema\/logo\/image\/","url":"https:\/\/vozolvapen.de\/wp-content\/uploads\/2025\/12\/cropped-vozovapen-logo.webp","contentUrl":"https:\/\/vozolvapen.de\/wp-content\/uploads\/2025\/12\/cropped-vozovapen-logo.webp","width":470,"height":110,"caption":"vozolvapen"},"image":{"@id":"https:\/\/vozolvapen.de\/#\/schema\/logo\/image\/"}}]}},"tiered_pricing_type":"fixed","tiered_pricing_fixed_rules":{"30":"12.65","50":"10.65","100":"9.65","200":"9"},"tiered_pricing_product_settings":{"layout":"default","base_unit_name":{"singular":null,"plural":null},"default_variation":{}},"tiered_pricing_minimum_quantity":10,"tiered_pricing_roles_data":[],"tiered_pricing_percentage_rules":[],"tiered_pricing_maximum_quantity":null,"tiered_pricing_quantity_step":"10","_links":{"self":[{"href":"http:\/\/vozolvapen.de\/pl\/wp-json\/wp\/v2\/product\/46738","targetHints":{"allow":["GET"]}}],"collection":[{"href":"http:\/\/vozolvapen.de\/pl\/wp-json\/wp\/v2\/product"}],"about":[{"href":"http:\/\/vozolvapen.de\/pl\/wp-json\/wp\/v2\/types\/product"}],"replies":[{"embeddable":true,"href":"http:\/\/vozolvapen.de\/pl\/wp-json\/wp\/v2\/comments?post=46738"}],"wp:featuredmedia":[{"embeddable":true,"href":"http:\/\/vozolvapen.de\/pl\/wp-json\/wp\/v2\/media\/46802"}],"wp:attachment":[{"href":"http:\/\/vozolvapen.de\/pl\/wp-json\/wp\/v2\/media?parent=46738"}],"wp:term":[{"taxonomy":"product_brand","embeddable":true,"href":"http:\/\/vozolvapen.de\/pl\/wp-json\/wp\/v2\/product_brand?post=46738"},{"taxonomy":"product_cat","embeddable":true,"href":"http:\/\/vozolvapen.de\/pl\/wp-json\/wp\/v2\/product_cat?post=46738"},{"taxonomy":"product_tag","embeddable":true,"href":"http:\/\/vozolvapen.de\/pl\/wp-json\/wp\/v2\/product_tag?post=46738"}],"curies":[{"name":"wp","href":"https:\/\/api.w.org\/{rel}","templated":true}]}}