{"id":46909,"date":"2025-12-29T11:21:57","date_gmt":"2025-12-29T11:21:57","guid":{"rendered":"https:\/\/vozolvapen.de\/?post_type=product&#038;p=46909"},"modified":"2026-02-10T10:59:31","modified_gmt":"2026-02-10T10:59:31","slug":"fumot-50k-eco-2in1-50000-black-mamba-mr-blue","status":"publish","type":"product","link":"http:\/\/vozolvapen.de\/pl\/product\/fumot-50k-eco-2in1-50000-black-mamba-mr-blue\/","title":{"rendered":"Fumot 50k ECO 2w1 50000 - Black Mamba &amp; Mr Blue"},"content":{"rendered":"<h1 data-path-to-node=\"2\"><b data-path-to-node=\"2\" data-index-in-node=\"0\">Fumot 50k ECO 2w1 50000 Puff\u00f3w: Black Mamba &amp; Mr Blue<\/b><\/h1>\n<p data-path-to-node=\"3\"><b data-path-to-node=\"3\" data-index-in-node=\"0\">Mroczny tajemniczy duet:<\/b> Dla waper\u00f3w, kt\u00f3rzy lubi\u0105 intensywne, ciemne profile jagodowe z legendarnym lodowym wyko\u0144czeniem. To <b data-path-to-node=\"3\" data-index-in-node=\"106\">Fumot 50k<\/b> Zestaw wykorzystuje podw\u00f3jny system zbiornik\u00f3w 10 ml + 10 ml, aby utrzyma\u0107 tajemnicz\u0105, cytrusow\u0105 tonacj\u0119 Black Mamba doskonale odizolowan\u0105 od kultowego jagodowo-mentolowego ch\u0142odu Mr Blue. Siatkowa cewka 0,9\u03a9 zapewnia, \u017ce ka\u017cde zaci\u0105gni\u0119cie <b data-path-to-node=\"3\" data-index-in-node=\"321\">p\u0142yn fumot<\/b> jest bogata i wysokiej rozdzielczo\u015bci.<\/p>\n<h2 data-path-to-node=\"4\"><b data-path-to-node=\"4\" data-index-in-node=\"0\">G\u0142\u0119bokie zanurzenie w mrocznej tajemnicy<\/b><\/h2>\n<ul data-path-to-node=\"5\">\n<li>\n<p data-path-to-node=\"5,0,0\"><b data-path-to-node=\"5,0,0\" data-index-in-node=\"0\">Smak 1 - Czarna Mamba:<\/b> Wyrafinowana mieszanka ciemnych le\u015bnych jag\u00f3d z subteln\u0105, pikantn\u0105 nut\u0105 cytrusow\u0105.<\/p>\n<\/li>\n<li>\n<p data-path-to-node=\"5,1,0\"><b data-path-to-node=\"5,1,0\" data-index-in-node=\"0\">Smak 2 - Mr Blue:<\/b> Ulubiona przez fan\u00f3w mieszanka s\u0142odkich jag\u00f3d, je\u017cyn i malin z ostrym, arktycznym podmuchem.<\/p>\n<\/li>\n<\/ul>\n<h2 data-path-to-node=\"6\"><b data-path-to-node=\"6\" data-index-in-node=\"0\">Dla kogo przeznaczony jest ten smak?<\/b><\/h2>\n<p data-path-to-node=\"6\"><b data-path-to-node=\"6\" data-index-in-node=\"24\">Odwa\u017cny fan jag\u00f3d:<\/b> Idealny dla tych, kt\u00f3rzy chc\u0105 prze\u0142\u0105cza\u0107 si\u0119 mi\u0119dzy z\u0142o\u017conym, ciemnym profilem owocowym a klasycznym, orze\u017awiaj\u0105cym uderzeniem niebieskiego mentolu.<\/p>\n<h2 data-path-to-node=\"60\">Specyfikacja Fumot 50k ECO 2w1 50000 Core<\/h2>\n<table data-path-to-node=\"5\">\n<thead>\n<tr>\n<td><strong>Innowacje techniczne<\/strong><\/td>\n<td><strong>Fumot 50k ECO 2w1 Szczeg\u00f3\u0142y<\/strong><\/td>\n<\/tr>\n<\/thead>\n<tbody>\n<tr>\n<td><span data-path-to-node=\"5,1,0,0\"><b data-path-to-node=\"5,1,0,0\" data-index-in-node=\"0\">Numer modelu<\/b><\/span><\/td>\n<td><span data-path-to-node=\"5,1,1,0\">Fumot ECO 2w1 50000<\/span><\/td>\n<\/tr>\n<tr>\n<td><span data-path-to-node=\"5,2,0,0\"><b data-path-to-node=\"5,2,0,0\" data-index-in-node=\"0\">\u017bywotno\u015b\u0107 puffa<\/b><\/span><\/td>\n<td><span data-path-to-node=\"5,2,1,0\"><b data-path-to-node=\"5,2,1,0\" data-index-in-node=\"0\">Do 50 000 zaci\u0105gni\u0119\u0107 o wysokim nasyceniu<\/b><\/span><\/td>\n<\/tr>\n<tr>\n<td><span data-path-to-node=\"5,3,0,0\"><b data-path-to-node=\"5,3,0,0\" data-index-in-node=\"0\">Rdze\u0144 atomizacji<\/b><\/span><\/td>\n<td><span data-path-to-node=\"5,3,1,0\"><b data-path-to-node=\"5,3,1,0\" data-index-in-node=\"0\">Zaawansowana cewka siatkowa 0,9\u03a9<\/b><\/span><\/td>\n<\/tr>\n<tr>\n<td><span data-path-to-node=\"5,4,0,0\"><b data-path-to-node=\"5,4,0,0\" data-index-in-node=\"0\">System aromat\u00f3w<\/b><\/span><\/td>\n<td><span data-path-to-node=\"5,4,1,0\">Niezale\u017cne zbiorniki 2 w 1 o pojemno\u015bci 10 ml<\/span><\/td>\n<\/tr>\n<tr>\n<td><span data-path-to-node=\"5,5,0,0\"><b data-path-to-node=\"5,5,0,0\" data-index-in-node=\"0\">Interfejs wizualny<\/b><\/span><\/td>\n<td><span data-path-to-node=\"5,5,1,0\">Inteligentny wy\u015bwietlacz cyfrowy (bateria i sok)<\/span><\/td>\n<\/tr>\n<tr>\n<td><span data-path-to-node=\"5,6,0,0\"><b data-path-to-node=\"5,6,0,0\" data-index-in-node=\"0\">O\u015bwietlenie atmosferyczne<\/b><\/span><\/td>\n<td><span data-path-to-node=\"5,6,1,0\">Charakterystyczny opalizuj\u0105cy efekt \u015bwietlny<\/span><\/td>\n<\/tr>\n<tr>\n<td><span data-path-to-node=\"5,7,0,0\"><b data-path-to-node=\"5,7,0,0\" data-index-in-node=\"0\">Si\u0142a nikotyny<\/b><\/span><\/td>\n<td><span data-path-to-node=\"5,7,1,0\">Regulacja 0% \/ 2% \/ 3% \/ 5%<\/span><\/td>\n<\/tr>\n<\/tbody>\n<\/table>\n<h3 dir=\"auto\">Oto dalsze zalecenia dla Ciebie:<\/h3>\n<p dir=\"auto\">Odkryj jeszcze wi\u0119cej niesamowitych smak\u00f3w dzi\u0119ki Fumot 50k ECO 2w1 50000 Puff Vape!<\/p>\n<p dir=\"auto\"><a href=\"https:\/\/vozolvapen.de\/pl\/product-category\/fumot-vape\/fumot-50k-eco-2in1-50000-puffs\/\" target=\"_blank\" rel=\"noopener noreferrer nofollow\">Zobacz wszystkie odmiany tutaj \u2192<\/a><\/p>\n<p dir=\"auto\">Zapoznaj si\u0119 z nasz\u0105 pe\u0142n\u0105 kolekcj\u0105 i kupuj produkty najlepszych marek vape, kt\u00f3re pokochasz.<\/p>\n<p dir=\"auto\"><a href=\"https:\/\/vozolvapen.de\/pl\/product-category\/fumot-vape\/\" target=\"_blank\" rel=\"noopener noreferrer nofollow\">Przegl\u0105daj teraz wszystkie marki \u2192<\/a><\/p>\n<p dir=\"auto\">Sprawd\u017a ca\u0142\u0105 seri\u0119 Fumot Vape - ka\u017cdy smak, ka\u017cdy styl!<\/p>\n<p dir=\"auto\"><a href=\"https:\/\/vozolvapen.de\/pl\/product-category\/fumot-vape\/\" target=\"_blank\" rel=\"noopener noreferrer nofollow\">Zobacz pe\u0142n\u0105 kolekcj\u0119 Fumot Vape \u2192<\/a><\/p>","protected":false},"excerpt":{"rendered":"<p>Podw\u00f3jne jagody, podw\u00f3jna zabawa. To <b data-path-to-node=\"3,1,4,0\" data-index-in-node=\"39\">Fumot 50k ECO 2w1 50000<\/b> zawiera mroczn\u0105 tajemnic\u0119 Black Mamba i lodowaty jagodowy poncz Mr Blue w jednym urz\u0105dzeniu.<\/p>","protected":false},"featured_media":48023,"comment_status":"open","ping_status":"closed","template":"","meta":{"_acf_changed":false},"product_brand":[],"product_cat":[134,102],"product_tag":[],"class_list":{"0":"post-46909","1":"product","2":"type-product","3":"status-publish","4":"has-post-thumbnail","6":"product_cat-eu-warehouse-in-stock","7":"product_cat-fumot-50k-eco-2in1-50000-puffs","9":"first","10":"instock","11":"shipping-taxable","12":"purchasable","13":"product-type-variable"},"acf":[],"yoast_head":"<!-- This site is optimized with the Yoast SEO Premium plugin v26.1 (Yoast SEO v27.5) - https:\/\/yoast.com\/product\/yoast-seo-premium-wordpress\/ -->\n<title>Black Mamba &amp; Mr Blue | Fumot 50k ECO 2in1 50000 - vozolvapen<\/title>\n<meta name=\"description\" content=\"Switch between Black Mamba &amp; Mr Blue with the Fumot 50k. 50,000 puffs, 2-in-1 dual tanks, and smart screen. Fast 1-3 day EU delivery.\" \/>\n<meta name=\"robots\" content=\"index, follow, max-snippet:-1, max-image-preview:large, max-video-preview:-1\" \/>\n<link rel=\"canonical\" href=\"https:\/\/vozolvapen.de\/pl\/product\/fumot-50k-eco-2in1-50000-black-mamba-mr-blue\/\" \/>\n<meta property=\"og:locale\" content=\"pl_PL\" \/>\n<meta property=\"og:type\" content=\"article\" \/>\n<meta property=\"og:title\" content=\"Fumot 50k ECO 2in1 50000 - Black Mamba &amp; Mr Blue\" \/>\n<meta property=\"og:description\" content=\"Switch between Black Mamba &amp; Mr Blue with the Fumot 50k. 50,000 puffs, 2-in-1 dual tanks, and smart screen. Fast 1-3 day EU delivery.\" \/>\n<meta property=\"og:url\" content=\"https:\/\/vozolvapen.de\/pl\/product\/fumot-50k-eco-2in1-50000-black-mamba-mr-blue\/\" \/>\n<meta property=\"og:site_name\" content=\"vozolvapen\" \/>\n<meta property=\"article:modified_time\" content=\"2026-02-10T10:59:31+00:00\" \/>\n<meta property=\"og:image\" content=\"https:\/\/vozolvapen.de\/wp-content\/uploads\/2025\/12\/Fumot-50k-ECO-2in1-50000-Black-mamba-Mr-blue-3.webp\" \/>\n\t<meta property=\"og:image:width\" content=\"1200\" \/>\n\t<meta property=\"og:image:height\" content=\"1200\" \/>\n\t<meta property=\"og:image:type\" content=\"image\/webp\" \/>\n<meta name=\"twitter:card\" content=\"summary_large_image\" \/>\n<meta name=\"twitter:label1\" content=\"Szacowany czas czytania\" \/>\n\t<meta name=\"twitter:data1\" content=\"2 minuty\" \/>\n<script type=\"application\/ld+json\" class=\"yoast-schema-graph\">{\"@context\":\"https:\\\/\\\/schema.org\",\"@graph\":[{\"@type\":\"WebPage\",\"@id\":\"https:\\\/\\\/vozolvapen.de\\\/product\\\/fumot-50k-eco-2in1-50000-black-mamba-mr-blue\\\/\",\"url\":\"https:\\\/\\\/vozolvapen.de\\\/product\\\/fumot-50k-eco-2in1-50000-black-mamba-mr-blue\\\/\",\"name\":\"Black Mamba & Mr Blue | Fumot 50k ECO 2in1 50000 - vozolvapen\",\"isPartOf\":{\"@id\":\"https:\\\/\\\/vozolvapen.de\\\/#website\"},\"primaryImageOfPage\":{\"@id\":\"https:\\\/\\\/vozolvapen.de\\\/product\\\/fumot-50k-eco-2in1-50000-black-mamba-mr-blue\\\/#primaryimage\"},\"image\":{\"@id\":\"https:\\\/\\\/vozolvapen.de\\\/product\\\/fumot-50k-eco-2in1-50000-black-mamba-mr-blue\\\/#primaryimage\"},\"thumbnailUrl\":\"https:\\\/\\\/vozolvapen.de\\\/wp-content\\\/uploads\\\/2025\\\/12\\\/Fumot-50k-ECO-2in1-50000-Black-mamba-Mr-blue-3.webp\",\"datePublished\":\"2025-12-29T11:21:57+00:00\",\"dateModified\":\"2026-02-10T10:59:31+00:00\",\"description\":\"Switch between Black Mamba & Mr Blue with the Fumot 50k. 50,000 puffs, 2-in-1 dual tanks, and smart screen. Fast 1-3 day EU delivery.\",\"breadcrumb\":{\"@id\":\"https:\\\/\\\/vozolvapen.de\\\/product\\\/fumot-50k-eco-2in1-50000-black-mamba-mr-blue\\\/#breadcrumb\"},\"inLanguage\":\"pl-PL\",\"potentialAction\":[{\"@type\":\"ReadAction\",\"target\":[\"https:\\\/\\\/vozolvapen.de\\\/product\\\/fumot-50k-eco-2in1-50000-black-mamba-mr-blue\\\/\"]}]},{\"@type\":\"ImageObject\",\"inLanguage\":\"pl-PL\",\"@id\":\"https:\\\/\\\/vozolvapen.de\\\/product\\\/fumot-50k-eco-2in1-50000-black-mamba-mr-blue\\\/#primaryimage\",\"url\":\"https:\\\/\\\/vozolvapen.de\\\/wp-content\\\/uploads\\\/2025\\\/12\\\/Fumot-50k-ECO-2in1-50000-Black-mamba-Mr-blue-3.webp\",\"contentUrl\":\"https:\\\/\\\/vozolvapen.de\\\/wp-content\\\/uploads\\\/2025\\\/12\\\/Fumot-50k-ECO-2in1-50000-Black-mamba-Mr-blue-3.webp\",\"width\":1200,\"height\":1200,\"caption\":\"Fumot 50k ECO 2in1 50000 - Black mamba & Mr blue (3)\"},{\"@type\":\"BreadcrumbList\",\"@id\":\"https:\\\/\\\/vozolvapen.de\\\/product\\\/fumot-50k-eco-2in1-50000-black-mamba-mr-blue\\\/#breadcrumb\",\"itemListElement\":[{\"@type\":\"ListItem\",\"position\":1,\"name\":\"Home\",\"item\":\"https:\\\/\\\/vozolvapen.de\\\/de\\\/\"},{\"@type\":\"ListItem\",\"position\":2,\"name\":\"Shop\",\"item\":\"https:\\\/\\\/vozolvapen.de\\\/shop\\\/\"},{\"@type\":\"ListItem\",\"position\":3,\"name\":\"Fumot 50k ECO 2in1 50000 &#8211; Black Mamba &#038; Mr Blue\"}]},{\"@type\":\"WebSite\",\"@id\":\"https:\\\/\\\/vozolvapen.de\\\/#website\",\"url\":\"https:\\\/\\\/vozolvapen.de\\\/\",\"name\":\"vozolvapen\",\"description\":\"vozolvapen\",\"publisher\":{\"@id\":\"https:\\\/\\\/vozolvapen.de\\\/#organization\"},\"potentialAction\":[{\"@type\":\"SearchAction\",\"target\":{\"@type\":\"EntryPoint\",\"urlTemplate\":\"https:\\\/\\\/vozolvapen.de\\\/?s={search_term_string}\"},\"query-input\":{\"@type\":\"PropertyValueSpecification\",\"valueRequired\":true,\"valueName\":\"search_term_string\"}}],\"inLanguage\":\"pl-PL\"},{\"@type\":\"Organization\",\"@id\":\"https:\\\/\\\/vozolvapen.de\\\/#organization\",\"name\":\"vozolvapen\",\"url\":\"https:\\\/\\\/vozolvapen.de\\\/\",\"logo\":{\"@type\":\"ImageObject\",\"inLanguage\":\"pl-PL\",\"@id\":\"https:\\\/\\\/vozolvapen.de\\\/#\\\/schema\\\/logo\\\/image\\\/\",\"url\":\"https:\\\/\\\/vozolvapen.de\\\/wp-content\\\/uploads\\\/2025\\\/12\\\/cropped-vozovapen-logo.webp\",\"contentUrl\":\"https:\\\/\\\/vozolvapen.de\\\/wp-content\\\/uploads\\\/2025\\\/12\\\/cropped-vozovapen-logo.webp\",\"width\":470,\"height\":110,\"caption\":\"vozolvapen\"},\"image\":{\"@id\":\"https:\\\/\\\/vozolvapen.de\\\/#\\\/schema\\\/logo\\\/image\\\/\"}}]}<\/script>\n<!-- \/ Yoast SEO Premium plugin. -->","yoast_head_json":{"title":"Black Mamba &amp; Mr Blue | Fumot 50k ECO 2w1 50000 - vozolvapen","description":"Prze\u0142\u0105czaj si\u0119 mi\u0119dzy Black Mamba i Mr Blue dzi\u0119ki Fumot 50k. 50 000 zaci\u0105gni\u0119\u0107, podw\u00f3jne zbiorniki 2 w 1 i inteligentny ekran. Szybka dostawa w ci\u0105gu 1-3 dni w UE.","robots":{"index":"index","follow":"follow","max-snippet":"max-snippet:-1","max-image-preview":"max-image-preview:large","max-video-preview":"max-video-preview:-1"},"canonical":"https:\/\/vozolvapen.de\/pl\/product\/fumot-50k-eco-2in1-50000-black-mamba-mr-blue\/","og_locale":"pl_PL","og_type":"article","og_title":"Fumot 50k ECO 2in1 50000 - Black Mamba & Mr Blue","og_description":"Switch between Black Mamba & Mr Blue with the Fumot 50k. 50,000 puffs, 2-in-1 dual tanks, and smart screen. Fast 1-3 day EU delivery.","og_url":"https:\/\/vozolvapen.de\/pl\/product\/fumot-50k-eco-2in1-50000-black-mamba-mr-blue\/","og_site_name":"vozolvapen","article_modified_time":"2026-02-10T10:59:31+00:00","og_image":[{"width":1200,"height":1200,"url":"https:\/\/vozolvapen.de\/wp-content\/uploads\/2025\/12\/Fumot-50k-ECO-2in1-50000-Black-mamba-Mr-blue-3.webp","type":"image\/webp"}],"twitter_card":"summary_large_image","twitter_misc":{"Szacowany czas czytania":"2 minuty"},"schema":{"@context":"https:\/\/schema.org","@graph":[{"@type":"WebPage","@id":"https:\/\/vozolvapen.de\/product\/fumot-50k-eco-2in1-50000-black-mamba-mr-blue\/","url":"https:\/\/vozolvapen.de\/product\/fumot-50k-eco-2in1-50000-black-mamba-mr-blue\/","name":"Black Mamba &amp; Mr Blue | Fumot 50k ECO 2w1 50000 - vozolvapen","isPartOf":{"@id":"https:\/\/vozolvapen.de\/#website"},"primaryImageOfPage":{"@id":"https:\/\/vozolvapen.de\/product\/fumot-50k-eco-2in1-50000-black-mamba-mr-blue\/#primaryimage"},"image":{"@id":"https:\/\/vozolvapen.de\/product\/fumot-50k-eco-2in1-50000-black-mamba-mr-blue\/#primaryimage"},"thumbnailUrl":"https:\/\/vozolvapen.de\/wp-content\/uploads\/2025\/12\/Fumot-50k-ECO-2in1-50000-Black-mamba-Mr-blue-3.webp","datePublished":"2025-12-29T11:21:57+00:00","dateModified":"2026-02-10T10:59:31+00:00","description":"Prze\u0142\u0105czaj si\u0119 mi\u0119dzy Black Mamba i Mr Blue dzi\u0119ki Fumot 50k. 50 000 zaci\u0105gni\u0119\u0107, podw\u00f3jne zbiorniki 2 w 1 i inteligentny ekran. Szybka dostawa w ci\u0105gu 1-3 dni w UE.","breadcrumb":{"@id":"https:\/\/vozolvapen.de\/product\/fumot-50k-eco-2in1-50000-black-mamba-mr-blue\/#breadcrumb"},"inLanguage":"pl-PL","potentialAction":[{"@type":"ReadAction","target":["https:\/\/vozolvapen.de\/product\/fumot-50k-eco-2in1-50000-black-mamba-mr-blue\/"]}]},{"@type":"ImageObject","inLanguage":"pl-PL","@id":"https:\/\/vozolvapen.de\/product\/fumot-50k-eco-2in1-50000-black-mamba-mr-blue\/#primaryimage","url":"https:\/\/vozolvapen.de\/wp-content\/uploads\/2025\/12\/Fumot-50k-ECO-2in1-50000-Black-mamba-Mr-blue-3.webp","contentUrl":"https:\/\/vozolvapen.de\/wp-content\/uploads\/2025\/12\/Fumot-50k-ECO-2in1-50000-Black-mamba-Mr-blue-3.webp","width":1200,"height":1200,"caption":"Fumot 50k ECO 2in1 50000 - Black mamba & Mr blue (3)"},{"@type":"BreadcrumbList","@id":"https:\/\/vozolvapen.de\/product\/fumot-50k-eco-2in1-50000-black-mamba-mr-blue\/#breadcrumb","itemListElement":[{"@type":"ListItem","position":1,"name":"Home","item":"https:\/\/vozolvapen.de\/de\/"},{"@type":"ListItem","position":2,"name":"Shop","item":"https:\/\/vozolvapen.de\/shop\/"},{"@type":"ListItem","position":3,"name":"Fumot 50k ECO 2in1 50000 &#8211; Black Mamba &#038; Mr Blue"}]},{"@type":"WebSite","@id":"https:\/\/vozolvapen.de\/#website","url":"https:\/\/vozolvapen.de\/","name":"vozolvapen","description":"vozolvapen","publisher":{"@id":"https:\/\/vozolvapen.de\/#organization"},"potentialAction":[{"@type":"SearchAction","target":{"@type":"EntryPoint","urlTemplate":"https:\/\/vozolvapen.de\/?s={search_term_string}"},"query-input":{"@type":"PropertyValueSpecification","valueRequired":true,"valueName":"search_term_string"}}],"inLanguage":"pl-PL"},{"@type":"Organization","@id":"https:\/\/vozolvapen.de\/#organization","name":"vozolvapen","url":"https:\/\/vozolvapen.de\/","logo":{"@type":"ImageObject","inLanguage":"pl-PL","@id":"https:\/\/vozolvapen.de\/#\/schema\/logo\/image\/","url":"https:\/\/vozolvapen.de\/wp-content\/uploads\/2025\/12\/cropped-vozovapen-logo.webp","contentUrl":"https:\/\/vozolvapen.de\/wp-content\/uploads\/2025\/12\/cropped-vozovapen-logo.webp","width":470,"height":110,"caption":"vozolvapen"},"image":{"@id":"https:\/\/vozolvapen.de\/#\/schema\/logo\/image\/"}}]}},"tiered_pricing_type":"fixed","tiered_pricing_fixed_rules":{"30":"14.6","50":"12.6","100":"11.6","200":"11.1"},"tiered_pricing_product_settings":{"layout":"default","base_unit_name":{"singular":null,"plural":null},"default_variation":{}},"tiered_pricing_minimum_quantity":10,"tiered_pricing_roles_data":[],"tiered_pricing_percentage_rules":[],"tiered_pricing_maximum_quantity":null,"tiered_pricing_quantity_step":"10","_links":{"self":[{"href":"http:\/\/vozolvapen.de\/pl\/wp-json\/wp\/v2\/product\/46909","targetHints":{"allow":["GET"]}}],"collection":[{"href":"http:\/\/vozolvapen.de\/pl\/wp-json\/wp\/v2\/product"}],"about":[{"href":"http:\/\/vozolvapen.de\/pl\/wp-json\/wp\/v2\/types\/product"}],"replies":[{"embeddable":true,"href":"http:\/\/vozolvapen.de\/pl\/wp-json\/wp\/v2\/comments?post=46909"}],"wp:featuredmedia":[{"embeddable":true,"href":"http:\/\/vozolvapen.de\/pl\/wp-json\/wp\/v2\/media\/48023"}],"wp:attachment":[{"href":"http:\/\/vozolvapen.de\/pl\/wp-json\/wp\/v2\/media?parent=46909"}],"wp:term":[{"taxonomy":"product_brand","embeddable":true,"href":"http:\/\/vozolvapen.de\/pl\/wp-json\/wp\/v2\/product_brand?post=46909"},{"taxonomy":"product_cat","embeddable":true,"href":"http:\/\/vozolvapen.de\/pl\/wp-json\/wp\/v2\/product_cat?post=46909"},{"taxonomy":"product_tag","embeddable":true,"href":"http:\/\/vozolvapen.de\/pl\/wp-json\/wp\/v2\/product_tag?post=46909"}],"curies":[{"name":"wp","href":"https:\/\/api.w.org\/{rel}","templated":true}]}}