{"id":47414,"date":"2025-12-29T11:22:17","date_gmt":"2025-12-29T11:22:17","guid":{"rendered":"https:\/\/vozolvapen.de\/?post_type=product&#038;p=47414"},"modified":"2026-02-10T10:59:19","modified_gmt":"2026-02-10T10:59:19","slug":"fumot-50k-eco-2in1-50000-grape-gummy-bear-strawberry-gummy-bear","status":"publish","type":"product","link":"http:\/\/vozolvapen.de\/pl\/product\/fumot-50k-eco-2in1-50000-grape-gummy-bear-strawberry-gummy-bear\/","title":{"rendered":"Fumot 50k ECO 2w1 50000 - Grape Gummy Bear i Strawberry Gummy Bear"},"content":{"rendered":"<h1 data-path-to-node=\"32\"><b data-path-to-node=\"32\" data-index-in-node=\"0\">Fumot 50k ECO 2w1 50000 Puff: Grape Gummy Bear i Strawberry Gummy Bear<\/b><\/h1>\n<p data-path-to-node=\"33\"><b data-path-to-node=\"33\" data-index-in-node=\"0\">The Gummy Medley:<\/b> Po co wybiera\u0107 jednego misia, skoro mo\u017cna mie\u0107 dwa? To <b data-path-to-node=\"33\" data-index-in-node=\"66\">Fumot 50k<\/b> Zestaw ten celebruje owocow\u0105 smakowito\u015b\u0107 gumowatych cukierk\u00f3w. Opalizuj\u0105ce \u015bwiat\u0142o dodaje imprezowego klimatu, gdy prze\u0142\u0105czasz si\u0119 mi\u0119dzy winogronem a truskawk\u0105.<\/p>\n<h2 data-path-to-node=\"34\"><b data-path-to-node=\"34\" data-index-in-node=\"0\">G\u0142\u0119bokie zanurzenie w Gummy Medley<\/b><\/h2>\n<ul data-path-to-node=\"35\">\n<li>\n<p data-path-to-node=\"35,0,0\"><b data-path-to-node=\"35,0,0\" data-index-in-node=\"0\">Smak 1 - Grape Gummy Bear:<\/b> Cukierki o s\u0142odkim smaku fioletowych winogron o konsystencji gumy do \u017cucia.<\/p>\n<\/li>\n<li>\n<p data-path-to-node=\"35,1,0\"><b data-path-to-node=\"35,1,0\" data-index-in-node=\"0\">Smak 2 - Truskawkowy \u017celkowy mi\u015b:<\/b> Klasyczna s\u0142odycz czerwonych truskawek z g\u0119stym, d\u017cemowym finiszem.<\/p>\n<\/li>\n<\/ul>\n<h2 data-path-to-node=\"36\"><b data-path-to-node=\"36\" data-index-in-node=\"0\">Dla kogo przeznaczony jest ten smak?<\/b><\/h2>\n<p data-path-to-node=\"36\"><b data-path-to-node=\"36\" data-index-in-node=\"24\">The Social Vaper:<\/b> Przyci\u0105gaj\u0105cy t\u0142umy zapach, kt\u00f3ry doskonale nadaje si\u0119 dla tych, kt\u00f3rzy kochaj\u0105 s\u0142odkie, owocowe zapachy o wysokim nasyceniu.<\/p>\n<h2 data-path-to-node=\"60\">Specyfikacja Fumot 50k ECO 2w1 50000 Core<\/h2>\n<table data-path-to-node=\"9\">\n<thead>\n<tr>\n<td><strong>Profil wydajno\u015bci<\/strong><\/td>\n<td><strong>Specyfikacja Fumot 50000<\/strong><\/td>\n<\/tr>\n<\/thead>\n<tbody>\n<tr>\n<td><span data-path-to-node=\"9,1,0,0\"><b data-path-to-node=\"9,1,0,0\" data-index-in-node=\"0\">Ca\u0142kowita obj\u0119to\u015b\u0107 cieczy<\/b><\/span><\/td>\n<td><span data-path-to-node=\"9,1,1,0\"><b data-path-to-node=\"9,1,1,0\" data-index-in-node=\"0\">20ML Premium Fumot Liquid (10ml + 10ml)<\/b><\/span><\/td>\n<\/tr>\n<tr>\n<td><span data-path-to-node=\"9,2,0,0\"><b data-path-to-node=\"9,2,0,0\" data-index-in-node=\"0\">Akumulator<\/b><\/span><\/td>\n<td><span data-path-to-node=\"9,2,1,0\">Akumulator o wysokiej g\u0119sto\u015bci 950 mAh<\/span><\/td>\n<\/tr>\n<tr>\n<td><span data-path-to-node=\"9,3,0,0\"><b data-path-to-node=\"9,3,0,0\" data-index-in-node=\"0\">Port \u0142adowania<\/b><\/span><\/td>\n<td><span data-path-to-node=\"9,3,1,0\">Technologia szybkiego \u0142adowania typu C<\/span><\/td>\n<\/tr>\n<tr>\n<td><span data-path-to-node=\"9,4,0,0\"><b data-path-to-node=\"9,4,0,0\" data-index-in-node=\"0\">Pojemno\u015b\u0107 dmuchawy<\/b><\/span><\/td>\n<td><span data-path-to-node=\"9,4,1,0\">Zaprojektowany dla 50 000 zaci\u0105gni\u0119\u0107<\/span><\/td>\n<\/tr>\n<tr>\n<td><span data-path-to-node=\"9,5,0,0\"><b data-path-to-node=\"9,5,0,0\" data-index-in-node=\"0\">Technologia smaku<\/b><\/span><\/td>\n<td><span data-path-to-node=\"9,5,1,0\">System Dual-Flavor Toggle<\/span><\/td>\n<\/tr>\n<tr>\n<td><span data-path-to-node=\"9,6,0,0\"><b data-path-to-node=\"9,6,0,0\" data-index-in-node=\"0\">Odporno\u015b\u0107 cewki<\/b><\/span><\/td>\n<td><span data-path-to-node=\"9,6,1,0\">Siatka 0,9 Ohm dla zoptymalizowanej pary<\/span><\/td>\n<\/tr>\n<tr>\n<td><span data-path-to-node=\"9,7,0,0\"><b data-path-to-node=\"9,7,0,0\" data-index-in-node=\"0\">Typ wy\u015bwietlacza<\/b><\/span><\/td>\n<td><span data-path-to-node=\"9,7,1,0\">Monitor mocy i paliwa w czasie rzeczywistym<\/span><\/td>\n<\/tr>\n<\/tbody>\n<\/table>\n<h3 dir=\"auto\">Oto dalsze zalecenia dla Ciebie:<\/h3>\n<p dir=\"auto\">Odkryj jeszcze wi\u0119cej niesamowitych smak\u00f3w dzi\u0119ki Fumot 50k ECO 2w1 50000 Puff Vape!<\/p>\n<p dir=\"auto\"><a href=\"https:\/\/vozolvapen.de\/pl\/product-category\/fumot-vape\/fumot-50k-eco-2in1-50000-puffs\/\" target=\"_blank\" rel=\"noopener noreferrer nofollow\">Zobacz wszystkie odmiany tutaj \u2192<\/a><\/p>\n<p dir=\"auto\">Zapoznaj si\u0119 z nasz\u0105 pe\u0142n\u0105 kolekcj\u0105 i kupuj produkty najlepszych marek vape, kt\u00f3re pokochasz.<\/p>\n<p dir=\"auto\"><a href=\"https:\/\/vozolvapen.de\/pl\/product-category\/fumot-vape\/\" target=\"_blank\" rel=\"noopener noreferrer nofollow\">Przegl\u0105daj teraz wszystkie marki \u2192<\/a><\/p>\n<p dir=\"auto\">Sprawd\u017a ca\u0142\u0105 seri\u0119 Fumot Vape - ka\u017cdy smak, ka\u017cdy styl!<\/p>\n<p dir=\"auto\"><a href=\"https:\/\/vozolvapen.de\/pl\/product-category\/fumot-vape\/\" target=\"_blank\" rel=\"noopener noreferrer nofollow\">Zobacz pe\u0142n\u0105 kolekcj\u0119 Fumot Vape \u2192<\/a><\/p>","protected":false},"excerpt":{"rendered":"<p>Dlaczego warto wybra\u0107 jednego nied\u017awiedzia? The <b data-path-to-node=\"3,6,4,0\" data-index-in-node=\"25\">Fumot 50k ECO 2w1 50000<\/b> umo\u017cliwia natychmiastowe prze\u0142\u0105czanie mi\u0119dzy soczystymi winogronami i klasycznymi truskawkowymi smakami \u017celk\u00f3w.<\/p>","protected":false},"featured_media":48143,"comment_status":"open","ping_status":"closed","template":"","meta":{"_acf_changed":false},"product_brand":[],"product_cat":[134,102],"product_tag":[],"class_list":{"0":"post-47414","1":"product","2":"type-product","3":"status-publish","4":"has-post-thumbnail","6":"product_cat-eu-warehouse-in-stock","7":"product_cat-fumot-50k-eco-2in1-50000-puffs","9":"first","10":"instock","11":"shipping-taxable","12":"purchasable","13":"product-type-variable"},"acf":[],"yoast_head":"<!-- This site is optimized with the Yoast SEO Premium plugin v26.1 (Yoast SEO v27.5) - https:\/\/yoast.com\/product\/yoast-seo-premium-wordpress\/ -->\n<title>Gummy Bear Duo | Fumot 50k ECO 2in1 50000 - vozolvapen<\/title>\n<meta name=\"description\" content=\"Switch between Grape &amp; Strawberry Gummy Bear. Fumot 50k with smart display, iridescent light, and 20ml e-liquid. Fast delivery from EU.\" \/>\n<meta name=\"robots\" content=\"index, follow, max-snippet:-1, max-image-preview:large, max-video-preview:-1\" \/>\n<link rel=\"canonical\" href=\"https:\/\/vozolvapen.de\/pl\/product\/fumot-50k-eco-2in1-50000-grape-gummy-bear-strawberry-gummy-bear\/\" \/>\n<meta property=\"og:locale\" content=\"pl_PL\" \/>\n<meta property=\"og:type\" content=\"article\" \/>\n<meta property=\"og:title\" content=\"Fumot 50k ECO 2in1 50000 - Grape Gummy Bear &amp; Strawberry Gummy Bear\" \/>\n<meta property=\"og:description\" content=\"Switch between Grape &amp; Strawberry Gummy Bear. Fumot 50k with smart display, iridescent light, and 20ml e-liquid. Fast delivery from EU.\" \/>\n<meta property=\"og:url\" content=\"https:\/\/vozolvapen.de\/pl\/product\/fumot-50k-eco-2in1-50000-grape-gummy-bear-strawberry-gummy-bear\/\" \/>\n<meta property=\"og:site_name\" content=\"vozolvapen\" \/>\n<meta property=\"article:modified_time\" content=\"2026-02-10T10:59:19+00:00\" \/>\n<meta property=\"og:image\" content=\"https:\/\/vozolvapen.de\/wp-content\/uploads\/2025\/12\/Fumot-50k-ECO-2in1-50000-Grape-gummy-bear-Strawberry-gummy-bear-3.webp\" \/>\n\t<meta property=\"og:image:width\" content=\"1200\" \/>\n\t<meta property=\"og:image:height\" content=\"1200\" \/>\n\t<meta property=\"og:image:type\" content=\"image\/webp\" \/>\n<meta name=\"twitter:card\" content=\"summary_large_image\" \/>\n<meta name=\"twitter:label1\" content=\"Szacowany czas czytania\" \/>\n\t<meta name=\"twitter:data1\" content=\"2 minuty\" \/>\n<script type=\"application\/ld+json\" class=\"yoast-schema-graph\">{\"@context\":\"https:\\\/\\\/schema.org\",\"@graph\":[{\"@type\":\"WebPage\",\"@id\":\"https:\\\/\\\/vozolvapen.de\\\/product\\\/fumot-50k-eco-2in1-50000-grape-gummy-bear-strawberry-gummy-bear\\\/\",\"url\":\"https:\\\/\\\/vozolvapen.de\\\/product\\\/fumot-50k-eco-2in1-50000-grape-gummy-bear-strawberry-gummy-bear\\\/\",\"name\":\"Gummy Bear Duo | Fumot 50k ECO 2in1 50000 - vozolvapen\",\"isPartOf\":{\"@id\":\"https:\\\/\\\/vozolvapen.de\\\/#website\"},\"primaryImageOfPage\":{\"@id\":\"https:\\\/\\\/vozolvapen.de\\\/product\\\/fumot-50k-eco-2in1-50000-grape-gummy-bear-strawberry-gummy-bear\\\/#primaryimage\"},\"image\":{\"@id\":\"https:\\\/\\\/vozolvapen.de\\\/product\\\/fumot-50k-eco-2in1-50000-grape-gummy-bear-strawberry-gummy-bear\\\/#primaryimage\"},\"thumbnailUrl\":\"https:\\\/\\\/vozolvapen.de\\\/wp-content\\\/uploads\\\/2025\\\/12\\\/Fumot-50k-ECO-2in1-50000-Grape-gummy-bear-Strawberry-gummy-bear-3.webp\",\"datePublished\":\"2025-12-29T11:22:17+00:00\",\"dateModified\":\"2026-02-10T10:59:19+00:00\",\"description\":\"Switch between Grape & Strawberry Gummy Bear. Fumot 50k with smart display, iridescent light, and 20ml e-liquid. Fast delivery from EU.\",\"breadcrumb\":{\"@id\":\"https:\\\/\\\/vozolvapen.de\\\/product\\\/fumot-50k-eco-2in1-50000-grape-gummy-bear-strawberry-gummy-bear\\\/#breadcrumb\"},\"inLanguage\":\"pl-PL\",\"potentialAction\":[{\"@type\":\"ReadAction\",\"target\":[\"https:\\\/\\\/vozolvapen.de\\\/product\\\/fumot-50k-eco-2in1-50000-grape-gummy-bear-strawberry-gummy-bear\\\/\"]}]},{\"@type\":\"ImageObject\",\"inLanguage\":\"pl-PL\",\"@id\":\"https:\\\/\\\/vozolvapen.de\\\/product\\\/fumot-50k-eco-2in1-50000-grape-gummy-bear-strawberry-gummy-bear\\\/#primaryimage\",\"url\":\"https:\\\/\\\/vozolvapen.de\\\/wp-content\\\/uploads\\\/2025\\\/12\\\/Fumot-50k-ECO-2in1-50000-Grape-gummy-bear-Strawberry-gummy-bear-3.webp\",\"contentUrl\":\"https:\\\/\\\/vozolvapen.de\\\/wp-content\\\/uploads\\\/2025\\\/12\\\/Fumot-50k-ECO-2in1-50000-Grape-gummy-bear-Strawberry-gummy-bear-3.webp\",\"width\":1200,\"height\":1200,\"caption\":\"Fumot 50k ECO 2in1 50000 - Grape gummy bear & Strawberry gummy bear (3)\"},{\"@type\":\"BreadcrumbList\",\"@id\":\"https:\\\/\\\/vozolvapen.de\\\/product\\\/fumot-50k-eco-2in1-50000-grape-gummy-bear-strawberry-gummy-bear\\\/#breadcrumb\",\"itemListElement\":[{\"@type\":\"ListItem\",\"position\":1,\"name\":\"Home\",\"item\":\"https:\\\/\\\/vozolvapen.de\\\/de\\\/\"},{\"@type\":\"ListItem\",\"position\":2,\"name\":\"Shop\",\"item\":\"https:\\\/\\\/vozolvapen.de\\\/shop\\\/\"},{\"@type\":\"ListItem\",\"position\":3,\"name\":\"Fumot 50k ECO 2in1 50000 &#8211; Grape Gummy Bear &#038; Strawberry Gummy Bear\"}]},{\"@type\":\"WebSite\",\"@id\":\"https:\\\/\\\/vozolvapen.de\\\/#website\",\"url\":\"https:\\\/\\\/vozolvapen.de\\\/\",\"name\":\"vozolvapen\",\"description\":\"vozolvapen\",\"publisher\":{\"@id\":\"https:\\\/\\\/vozolvapen.de\\\/#organization\"},\"potentialAction\":[{\"@type\":\"SearchAction\",\"target\":{\"@type\":\"EntryPoint\",\"urlTemplate\":\"https:\\\/\\\/vozolvapen.de\\\/?s={search_term_string}\"},\"query-input\":{\"@type\":\"PropertyValueSpecification\",\"valueRequired\":true,\"valueName\":\"search_term_string\"}}],\"inLanguage\":\"pl-PL\"},{\"@type\":\"Organization\",\"@id\":\"https:\\\/\\\/vozolvapen.de\\\/#organization\",\"name\":\"vozolvapen\",\"url\":\"https:\\\/\\\/vozolvapen.de\\\/\",\"logo\":{\"@type\":\"ImageObject\",\"inLanguage\":\"pl-PL\",\"@id\":\"https:\\\/\\\/vozolvapen.de\\\/#\\\/schema\\\/logo\\\/image\\\/\",\"url\":\"https:\\\/\\\/vozolvapen.de\\\/wp-content\\\/uploads\\\/2025\\\/12\\\/cropped-vozovapen-logo.webp\",\"contentUrl\":\"https:\\\/\\\/vozolvapen.de\\\/wp-content\\\/uploads\\\/2025\\\/12\\\/cropped-vozovapen-logo.webp\",\"width\":470,\"height\":110,\"caption\":\"vozolvapen\"},\"image\":{\"@id\":\"https:\\\/\\\/vozolvapen.de\\\/#\\\/schema\\\/logo\\\/image\\\/\"}}]}<\/script>\n<!-- \/ Yoast SEO Premium plugin. -->","yoast_head_json":{"title":"Gummy Bear Duo | Fumot 50k ECO 2w1 50000 - vozolvapen","description":"Prze\u0142\u0105czanie mi\u0119dzy Grape i Strawberry Gummy Bear. Fumot 50k z inteligentnym wy\u015bwietlaczem, opalizuj\u0105cym \u015bwiat\u0142em i 20 ml e-liquidu. Szybka dostawa z UE.","robots":{"index":"index","follow":"follow","max-snippet":"max-snippet:-1","max-image-preview":"max-image-preview:large","max-video-preview":"max-video-preview:-1"},"canonical":"https:\/\/vozolvapen.de\/pl\/product\/fumot-50k-eco-2in1-50000-grape-gummy-bear-strawberry-gummy-bear\/","og_locale":"pl_PL","og_type":"article","og_title":"Fumot 50k ECO 2in1 50000 - Grape Gummy Bear & Strawberry Gummy Bear","og_description":"Switch between Grape & Strawberry Gummy Bear. Fumot 50k with smart display, iridescent light, and 20ml e-liquid. Fast delivery from EU.","og_url":"https:\/\/vozolvapen.de\/pl\/product\/fumot-50k-eco-2in1-50000-grape-gummy-bear-strawberry-gummy-bear\/","og_site_name":"vozolvapen","article_modified_time":"2026-02-10T10:59:19+00:00","og_image":[{"width":1200,"height":1200,"url":"https:\/\/vozolvapen.de\/wp-content\/uploads\/2025\/12\/Fumot-50k-ECO-2in1-50000-Grape-gummy-bear-Strawberry-gummy-bear-3.webp","type":"image\/webp"}],"twitter_card":"summary_large_image","twitter_misc":{"Szacowany czas czytania":"2 minuty"},"schema":{"@context":"https:\/\/schema.org","@graph":[{"@type":"WebPage","@id":"https:\/\/vozolvapen.de\/product\/fumot-50k-eco-2in1-50000-grape-gummy-bear-strawberry-gummy-bear\/","url":"https:\/\/vozolvapen.de\/product\/fumot-50k-eco-2in1-50000-grape-gummy-bear-strawberry-gummy-bear\/","name":"Gummy Bear Duo | Fumot 50k ECO 2w1 50000 - vozolvapen","isPartOf":{"@id":"https:\/\/vozolvapen.de\/#website"},"primaryImageOfPage":{"@id":"https:\/\/vozolvapen.de\/product\/fumot-50k-eco-2in1-50000-grape-gummy-bear-strawberry-gummy-bear\/#primaryimage"},"image":{"@id":"https:\/\/vozolvapen.de\/product\/fumot-50k-eco-2in1-50000-grape-gummy-bear-strawberry-gummy-bear\/#primaryimage"},"thumbnailUrl":"https:\/\/vozolvapen.de\/wp-content\/uploads\/2025\/12\/Fumot-50k-ECO-2in1-50000-Grape-gummy-bear-Strawberry-gummy-bear-3.webp","datePublished":"2025-12-29T11:22:17+00:00","dateModified":"2026-02-10T10:59:19+00:00","description":"Prze\u0142\u0105czanie mi\u0119dzy Grape i Strawberry Gummy Bear. Fumot 50k z inteligentnym wy\u015bwietlaczem, opalizuj\u0105cym \u015bwiat\u0142em i 20 ml e-liquidu. Szybka dostawa z UE.","breadcrumb":{"@id":"https:\/\/vozolvapen.de\/product\/fumot-50k-eco-2in1-50000-grape-gummy-bear-strawberry-gummy-bear\/#breadcrumb"},"inLanguage":"pl-PL","potentialAction":[{"@type":"ReadAction","target":["https:\/\/vozolvapen.de\/product\/fumot-50k-eco-2in1-50000-grape-gummy-bear-strawberry-gummy-bear\/"]}]},{"@type":"ImageObject","inLanguage":"pl-PL","@id":"https:\/\/vozolvapen.de\/product\/fumot-50k-eco-2in1-50000-grape-gummy-bear-strawberry-gummy-bear\/#primaryimage","url":"https:\/\/vozolvapen.de\/wp-content\/uploads\/2025\/12\/Fumot-50k-ECO-2in1-50000-Grape-gummy-bear-Strawberry-gummy-bear-3.webp","contentUrl":"https:\/\/vozolvapen.de\/wp-content\/uploads\/2025\/12\/Fumot-50k-ECO-2in1-50000-Grape-gummy-bear-Strawberry-gummy-bear-3.webp","width":1200,"height":1200,"caption":"Fumot 50k ECO 2in1 50000 - Grape gummy bear & Strawberry gummy bear (3)"},{"@type":"BreadcrumbList","@id":"https:\/\/vozolvapen.de\/product\/fumot-50k-eco-2in1-50000-grape-gummy-bear-strawberry-gummy-bear\/#breadcrumb","itemListElement":[{"@type":"ListItem","position":1,"name":"Home","item":"https:\/\/vozolvapen.de\/de\/"},{"@type":"ListItem","position":2,"name":"Shop","item":"https:\/\/vozolvapen.de\/shop\/"},{"@type":"ListItem","position":3,"name":"Fumot 50k ECO 2in1 50000 &#8211; Grape Gummy Bear &#038; Strawberry Gummy Bear"}]},{"@type":"WebSite","@id":"https:\/\/vozolvapen.de\/#website","url":"https:\/\/vozolvapen.de\/","name":"vozolvapen","description":"vozolvapen","publisher":{"@id":"https:\/\/vozolvapen.de\/#organization"},"potentialAction":[{"@type":"SearchAction","target":{"@type":"EntryPoint","urlTemplate":"https:\/\/vozolvapen.de\/?s={search_term_string}"},"query-input":{"@type":"PropertyValueSpecification","valueRequired":true,"valueName":"search_term_string"}}],"inLanguage":"pl-PL"},{"@type":"Organization","@id":"https:\/\/vozolvapen.de\/#organization","name":"vozolvapen","url":"https:\/\/vozolvapen.de\/","logo":{"@type":"ImageObject","inLanguage":"pl-PL","@id":"https:\/\/vozolvapen.de\/#\/schema\/logo\/image\/","url":"https:\/\/vozolvapen.de\/wp-content\/uploads\/2025\/12\/cropped-vozovapen-logo.webp","contentUrl":"https:\/\/vozolvapen.de\/wp-content\/uploads\/2025\/12\/cropped-vozovapen-logo.webp","width":470,"height":110,"caption":"vozolvapen"},"image":{"@id":"https:\/\/vozolvapen.de\/#\/schema\/logo\/image\/"}}]}},"tiered_pricing_type":"fixed","tiered_pricing_fixed_rules":{"30":"14.6","50":"12.6","100":"11.6","200":"11.1"},"tiered_pricing_product_settings":{"layout":"default","base_unit_name":{"singular":null,"plural":null},"default_variation":{}},"tiered_pricing_minimum_quantity":10,"tiered_pricing_roles_data":[],"tiered_pricing_percentage_rules":[],"tiered_pricing_maximum_quantity":null,"tiered_pricing_quantity_step":"10","_links":{"self":[{"href":"http:\/\/vozolvapen.de\/pl\/wp-json\/wp\/v2\/product\/47414","targetHints":{"allow":["GET"]}}],"collection":[{"href":"http:\/\/vozolvapen.de\/pl\/wp-json\/wp\/v2\/product"}],"about":[{"href":"http:\/\/vozolvapen.de\/pl\/wp-json\/wp\/v2\/types\/product"}],"replies":[{"embeddable":true,"href":"http:\/\/vozolvapen.de\/pl\/wp-json\/wp\/v2\/comments?post=47414"}],"wp:featuredmedia":[{"embeddable":true,"href":"http:\/\/vozolvapen.de\/pl\/wp-json\/wp\/v2\/media\/48143"}],"wp:attachment":[{"href":"http:\/\/vozolvapen.de\/pl\/wp-json\/wp\/v2\/media?parent=47414"}],"wp:term":[{"taxonomy":"product_brand","embeddable":true,"href":"http:\/\/vozolvapen.de\/pl\/wp-json\/wp\/v2\/product_brand?post=47414"},{"taxonomy":"product_cat","embeddable":true,"href":"http:\/\/vozolvapen.de\/pl\/wp-json\/wp\/v2\/product_cat?post=47414"},{"taxonomy":"product_tag","embeddable":true,"href":"http:\/\/vozolvapen.de\/pl\/wp-json\/wp\/v2\/product_tag?post=47414"}],"curies":[{"name":"wp","href":"https:\/\/api.w.org\/{rel}","templated":true}]}}