{"id":47717,"date":"2025-12-29T11:22:30","date_gmt":"2025-12-29T11:22:30","guid":{"rendered":"https:\/\/vozolvapen.de\/?post_type=product&#038;p=47717"},"modified":"2026-02-10T10:59:12","modified_gmt":"2026-02-10T10:59:12","slug":"fumot-50k-eco-2in1-50000-gummy-bear-skittles","status":"publish","type":"product","link":"http:\/\/vozolvapen.de\/pl\/product\/fumot-50k-eco-2in1-50000-gummy-bear-skittles\/","title":{"rendered":"Fumot 50k ECO 2w1 50000 - Gummy Bear &amp; Skittles"},"content":{"rendered":"<h1 data-path-to-node=\"50\"><b data-path-to-node=\"50\" data-index-in-node=\"0\">Fumot 50k ECO 2w1 50000 Puff: Gummy Bear &amp; Skittles<\/b><\/h1>\n<p data-path-to-node=\"51\"><b data-path-to-node=\"51\" data-index-in-node=\"0\">T\u0119czowa cukiernica:<\/b> Wysoko intensywna dawka cukru dla mi\u0142o\u015bnik\u00f3w s\u0142odyczy. To <b data-path-to-node=\"51\" data-index-in-node=\"87\">p\u0142yn fumot<\/b> Zestaw oferuje spektrum owocowych nut s\u0142odyczy, \u015bledzonych przez inteligentny wy\u015bwietlacz, aby nigdy nie zabrak\u0142o s\u0142odyczy.<\/p>\n<h2 data-path-to-node=\"52\"><b data-path-to-node=\"52\" data-index-in-node=\"0\">G\u0142\u0119bokie zanurzenie Candy Bowl<\/b><\/h2>\n<ul data-path-to-node=\"53\">\n<li>\n<p data-path-to-node=\"53,0,0\"><b data-path-to-node=\"53,0,0\" data-index-in-node=\"0\">Smak 1 - Gummy Bear:<\/b> Mieszanka owocowa z nutami \u017celkowych cukierk\u00f3w - s\u0142odka, ci\u0105gn\u0105ca si\u0119 i nostalgiczna.<\/p>\n<\/li>\n<li>\n<p data-path-to-node=\"53,1,0\"><b data-path-to-node=\"53,1,0\" data-index-in-node=\"0\">Smak 2 - Skittles:<\/b> Cierpki, \u201csmak t\u0119czy\u201d z nutami limonki, cytryny i cukierk\u00f3w jagodowych.<\/p>\n<\/li>\n<\/ul>\n<h2 data-path-to-node=\"54\"><b data-path-to-node=\"54\" data-index-in-node=\"0\">Dla kogo przeznaczony jest ten smak?<\/b><\/h2>\n<p data-path-to-node=\"54\"><b data-path-to-node=\"54\" data-index-in-node=\"24\">Koneser s\u0142odyczy:<\/b> Dla tych, kt\u00f3rzy chc\u0105 maksymalnego nasycenia smaku i trwa\u0142ego profilu wysokiej s\u0142odyczy.<\/p>\n<h2 data-path-to-node=\"60\">Specyfikacja Fumot 50k ECO 2w1 50000 Core<\/h2>\n<table data-path-to-node=\"5\">\n<thead>\n<tr>\n<td><strong>Innowacje techniczne<\/strong><\/td>\n<td><strong>Fumot 50k ECO 2w1 Szczeg\u00f3\u0142y<\/strong><\/td>\n<\/tr>\n<\/thead>\n<tbody>\n<tr>\n<td><span data-path-to-node=\"5,1,0,0\"><b data-path-to-node=\"5,1,0,0\" data-index-in-node=\"0\">Numer modelu<\/b><\/span><\/td>\n<td><span data-path-to-node=\"5,1,1,0\">Fumot ECO 2w1 50000<\/span><\/td>\n<\/tr>\n<tr>\n<td><span data-path-to-node=\"5,2,0,0\"><b data-path-to-node=\"5,2,0,0\" data-index-in-node=\"0\">\u017bywotno\u015b\u0107 puffa<\/b><\/span><\/td>\n<td><span data-path-to-node=\"5,2,1,0\"><b data-path-to-node=\"5,2,1,0\" data-index-in-node=\"0\">Do 50 000 zaci\u0105gni\u0119\u0107 o wysokim nasyceniu<\/b><\/span><\/td>\n<\/tr>\n<tr>\n<td><span data-path-to-node=\"5,3,0,0\"><b data-path-to-node=\"5,3,0,0\" data-index-in-node=\"0\">Rdze\u0144 atomizacji<\/b><\/span><\/td>\n<td><span data-path-to-node=\"5,3,1,0\"><b data-path-to-node=\"5,3,1,0\" data-index-in-node=\"0\">Zaawansowana cewka siatkowa 0,9\u03a9<\/b><\/span><\/td>\n<\/tr>\n<tr>\n<td><span data-path-to-node=\"5,4,0,0\"><b data-path-to-node=\"5,4,0,0\" data-index-in-node=\"0\">System aromat\u00f3w<\/b><\/span><\/td>\n<td><span data-path-to-node=\"5,4,1,0\">Niezale\u017cne zbiorniki 2 w 1 o pojemno\u015bci 10 ml<\/span><\/td>\n<\/tr>\n<tr>\n<td><span data-path-to-node=\"5,5,0,0\"><b data-path-to-node=\"5,5,0,0\" data-index-in-node=\"0\">Interfejs wizualny<\/b><\/span><\/td>\n<td><span data-path-to-node=\"5,5,1,0\">Inteligentny wy\u015bwietlacz cyfrowy (bateria i sok)<\/span><\/td>\n<\/tr>\n<tr>\n<td><span data-path-to-node=\"5,6,0,0\"><b data-path-to-node=\"5,6,0,0\" data-index-in-node=\"0\">O\u015bwietlenie atmosferyczne<\/b><\/span><\/td>\n<td><span data-path-to-node=\"5,6,1,0\">Charakterystyczny opalizuj\u0105cy efekt \u015bwietlny<\/span><\/td>\n<\/tr>\n<tr>\n<td><span data-path-to-node=\"5,7,0,0\"><b data-path-to-node=\"5,7,0,0\" data-index-in-node=\"0\">Si\u0142a nikotyny<\/b><\/span><\/td>\n<td><span data-path-to-node=\"5,7,1,0\">Regulacja 0% \/ 2% \/ 3% \/ 5%<\/span><\/td>\n<\/tr>\n<\/tbody>\n<\/table>\n<h3 dir=\"auto\">Oto dalsze zalecenia dla Ciebie:<\/h3>\n<p dir=\"auto\">Odkryj jeszcze wi\u0119cej niesamowitych smak\u00f3w dzi\u0119ki Fumot 50k ECO 2w1 50000 Puff Vape!<\/p>\n<p dir=\"auto\"><a href=\"https:\/\/vozolvapen.de\/pl\/product-category\/fumot-vape\/fumot-50k-eco-2in1-50000-puffs\/\" target=\"_blank\" rel=\"noopener noreferrer nofollow\">Zobacz wszystkie odmiany tutaj \u2192<\/a><\/p>\n<p dir=\"auto\">Zapoznaj si\u0119 z nasz\u0105 pe\u0142n\u0105 kolekcj\u0105 i kupuj produkty najlepszych marek vape, kt\u00f3re pokochasz.<\/p>\n<p dir=\"auto\"><a href=\"https:\/\/vozolvapen.de\/pl\/product-category\/fumot-vape\/\" target=\"_blank\" rel=\"noopener noreferrer nofollow\">Przegl\u0105daj teraz wszystkie marki \u2192<\/a><\/p>\n<p dir=\"auto\">Sprawd\u017a ca\u0142\u0105 seri\u0119 Fumot Vape - ka\u017cdy smak, ka\u017cdy styl!<\/p>\n<p dir=\"auto\"><a href=\"https:\/\/vozolvapen.de\/pl\/product-category\/fumot-vape\/\" target=\"_blank\" rel=\"noopener noreferrer nofollow\">Zobacz pe\u0142n\u0105 kolekcj\u0119 Fumot Vape \u2192<\/a><\/p>","protected":false},"excerpt":{"rendered":"<p>T\u0119cza s\u0142odyczy. U\u017cyj inteligentnego wy\u015bwietlacza, aby \u015bledzi\u0107 <b data-path-to-node=\"3,9,4,0\" data-index-in-node=\"60\">p\u0142yn fumot<\/b> prze\u0142\u0105czaj\u0105c si\u0119 mi\u0119dzy gumowatymi \u017celkami a t\u0119czowymi cukierkami.<\/p>","protected":false},"featured_media":48155,"comment_status":"open","ping_status":"closed","template":"","meta":{"_acf_changed":false},"product_brand":[],"product_cat":[134,102],"product_tag":[],"class_list":{"0":"post-47717","1":"product","2":"type-product","3":"status-publish","4":"has-post-thumbnail","6":"product_cat-eu-warehouse-in-stock","7":"product_cat-fumot-50k-eco-2in1-50000-puffs","9":"first","10":"instock","11":"shipping-taxable","12":"purchasable","13":"product-type-variable"},"acf":[],"yoast_head":"<!-- This site is optimized with the Yoast SEO Premium plugin v26.1 (Yoast SEO v27.5) - https:\/\/yoast.com\/product\/yoast-seo-premium-wordpress\/ -->\n<title>Gummy Bear &amp; Skittles | Fumot 50k ECO 2in1 - vozolvapen<\/title>\n<meta name=\"description\" content=\"The ultimate candy mix! Gummy Bear &amp; Skittles Fumot 50k. 50,000 puffs, dual flavor tanks, and LED display. Fast 1-3 day EU shipping.\" \/>\n<meta name=\"robots\" content=\"index, follow, max-snippet:-1, max-image-preview:large, max-video-preview:-1\" \/>\n<link rel=\"canonical\" href=\"https:\/\/vozolvapen.de\/pl\/product\/fumot-50k-eco-2in1-50000-gummy-bear-skittles\/\" \/>\n<meta property=\"og:locale\" content=\"pl_PL\" \/>\n<meta property=\"og:type\" content=\"article\" \/>\n<meta property=\"og:title\" content=\"Fumot 50k ECO 2in1 50000 - Gummy Bear &amp; Skittles\" \/>\n<meta property=\"og:description\" content=\"The ultimate candy mix! Gummy Bear &amp; Skittles Fumot 50k. 50,000 puffs, dual flavor tanks, and LED display. Fast 1-3 day EU shipping.\" \/>\n<meta property=\"og:url\" content=\"https:\/\/vozolvapen.de\/pl\/product\/fumot-50k-eco-2in1-50000-gummy-bear-skittles\/\" \/>\n<meta property=\"og:site_name\" content=\"vozolvapen\" \/>\n<meta property=\"article:modified_time\" content=\"2026-02-10T10:59:12+00:00\" \/>\n<meta property=\"og:image\" content=\"https:\/\/vozolvapen.de\/wp-content\/uploads\/2025\/12\/Fumot-50k-ECO-2in1-50000-Gummy-bear-Skittles-3.webp\" \/>\n\t<meta property=\"og:image:width\" content=\"1200\" \/>\n\t<meta property=\"og:image:height\" content=\"1200\" \/>\n\t<meta property=\"og:image:type\" content=\"image\/webp\" \/>\n<meta name=\"twitter:card\" content=\"summary_large_image\" \/>\n<meta name=\"twitter:label1\" content=\"Szacowany czas czytania\" \/>\n\t<meta name=\"twitter:data1\" content=\"2 minuty\" \/>\n<script type=\"application\/ld+json\" class=\"yoast-schema-graph\">{\"@context\":\"https:\\\/\\\/schema.org\",\"@graph\":[{\"@type\":\"WebPage\",\"@id\":\"https:\\\/\\\/vozolvapen.de\\\/product\\\/fumot-50k-eco-2in1-50000-gummy-bear-skittles\\\/\",\"url\":\"https:\\\/\\\/vozolvapen.de\\\/product\\\/fumot-50k-eco-2in1-50000-gummy-bear-skittles\\\/\",\"name\":\"Gummy Bear & Skittles | Fumot 50k ECO 2in1 - vozolvapen\",\"isPartOf\":{\"@id\":\"https:\\\/\\\/vozolvapen.de\\\/#website\"},\"primaryImageOfPage\":{\"@id\":\"https:\\\/\\\/vozolvapen.de\\\/product\\\/fumot-50k-eco-2in1-50000-gummy-bear-skittles\\\/#primaryimage\"},\"image\":{\"@id\":\"https:\\\/\\\/vozolvapen.de\\\/product\\\/fumot-50k-eco-2in1-50000-gummy-bear-skittles\\\/#primaryimage\"},\"thumbnailUrl\":\"https:\\\/\\\/vozolvapen.de\\\/wp-content\\\/uploads\\\/2025\\\/12\\\/Fumot-50k-ECO-2in1-50000-Gummy-bear-Skittles-3.webp\",\"datePublished\":\"2025-12-29T11:22:30+00:00\",\"dateModified\":\"2026-02-10T10:59:12+00:00\",\"description\":\"The ultimate candy mix! Gummy Bear & Skittles Fumot 50k. 50,000 puffs, dual flavor tanks, and LED display. Fast 1-3 day EU shipping.\",\"breadcrumb\":{\"@id\":\"https:\\\/\\\/vozolvapen.de\\\/product\\\/fumot-50k-eco-2in1-50000-gummy-bear-skittles\\\/#breadcrumb\"},\"inLanguage\":\"pl-PL\",\"potentialAction\":[{\"@type\":\"ReadAction\",\"target\":[\"https:\\\/\\\/vozolvapen.de\\\/product\\\/fumot-50k-eco-2in1-50000-gummy-bear-skittles\\\/\"]}]},{\"@type\":\"ImageObject\",\"inLanguage\":\"pl-PL\",\"@id\":\"https:\\\/\\\/vozolvapen.de\\\/product\\\/fumot-50k-eco-2in1-50000-gummy-bear-skittles\\\/#primaryimage\",\"url\":\"https:\\\/\\\/vozolvapen.de\\\/wp-content\\\/uploads\\\/2025\\\/12\\\/Fumot-50k-ECO-2in1-50000-Gummy-bear-Skittles-3.webp\",\"contentUrl\":\"https:\\\/\\\/vozolvapen.de\\\/wp-content\\\/uploads\\\/2025\\\/12\\\/Fumot-50k-ECO-2in1-50000-Gummy-bear-Skittles-3.webp\",\"width\":1200,\"height\":1200,\"caption\":\"Fumot 50k ECO 2in1 50000 - Gummy bear & Skittles (3)\"},{\"@type\":\"BreadcrumbList\",\"@id\":\"https:\\\/\\\/vozolvapen.de\\\/product\\\/fumot-50k-eco-2in1-50000-gummy-bear-skittles\\\/#breadcrumb\",\"itemListElement\":[{\"@type\":\"ListItem\",\"position\":1,\"name\":\"Home\",\"item\":\"https:\\\/\\\/vozolvapen.de\\\/de\\\/\"},{\"@type\":\"ListItem\",\"position\":2,\"name\":\"Shop\",\"item\":\"https:\\\/\\\/vozolvapen.de\\\/shop\\\/\"},{\"@type\":\"ListItem\",\"position\":3,\"name\":\"Fumot 50k ECO 2in1 50000 &#8211; Gummy Bear &#038; Skittles\"}]},{\"@type\":\"WebSite\",\"@id\":\"https:\\\/\\\/vozolvapen.de\\\/#website\",\"url\":\"https:\\\/\\\/vozolvapen.de\\\/\",\"name\":\"vozolvapen\",\"description\":\"vozolvapen\",\"publisher\":{\"@id\":\"https:\\\/\\\/vozolvapen.de\\\/#organization\"},\"potentialAction\":[{\"@type\":\"SearchAction\",\"target\":{\"@type\":\"EntryPoint\",\"urlTemplate\":\"https:\\\/\\\/vozolvapen.de\\\/?s={search_term_string}\"},\"query-input\":{\"@type\":\"PropertyValueSpecification\",\"valueRequired\":true,\"valueName\":\"search_term_string\"}}],\"inLanguage\":\"pl-PL\"},{\"@type\":\"Organization\",\"@id\":\"https:\\\/\\\/vozolvapen.de\\\/#organization\",\"name\":\"vozolvapen\",\"url\":\"https:\\\/\\\/vozolvapen.de\\\/\",\"logo\":{\"@type\":\"ImageObject\",\"inLanguage\":\"pl-PL\",\"@id\":\"https:\\\/\\\/vozolvapen.de\\\/#\\\/schema\\\/logo\\\/image\\\/\",\"url\":\"https:\\\/\\\/vozolvapen.de\\\/wp-content\\\/uploads\\\/2025\\\/12\\\/cropped-vozovapen-logo.webp\",\"contentUrl\":\"https:\\\/\\\/vozolvapen.de\\\/wp-content\\\/uploads\\\/2025\\\/12\\\/cropped-vozovapen-logo.webp\",\"width\":470,\"height\":110,\"caption\":\"vozolvapen\"},\"image\":{\"@id\":\"https:\\\/\\\/vozolvapen.de\\\/#\\\/schema\\\/logo\\\/image\\\/\"}}]}<\/script>\n<!-- \/ Yoast SEO Premium plugin. -->","yoast_head_json":{"title":"Gummy Bear &amp; Skittles | Fumot 50k ECO 2w1 - vozolvapen","description":"Najlepsza mieszanka s\u0142odyczy! Gummy Bear &amp; Skittles Fumot 50k. 50 000 zaci\u0105gni\u0119\u0107, podw\u00f3jne zbiorniki smakowe i wy\u015bwietlacz LED. Szybka wysy\u0142ka w ci\u0105gu 1-3 dni w UE.","robots":{"index":"index","follow":"follow","max-snippet":"max-snippet:-1","max-image-preview":"max-image-preview:large","max-video-preview":"max-video-preview:-1"},"canonical":"https:\/\/vozolvapen.de\/pl\/product\/fumot-50k-eco-2in1-50000-gummy-bear-skittles\/","og_locale":"pl_PL","og_type":"article","og_title":"Fumot 50k ECO 2in1 50000 - Gummy Bear & Skittles","og_description":"The ultimate candy mix! Gummy Bear & Skittles Fumot 50k. 50,000 puffs, dual flavor tanks, and LED display. Fast 1-3 day EU shipping.","og_url":"https:\/\/vozolvapen.de\/pl\/product\/fumot-50k-eco-2in1-50000-gummy-bear-skittles\/","og_site_name":"vozolvapen","article_modified_time":"2026-02-10T10:59:12+00:00","og_image":[{"width":1200,"height":1200,"url":"https:\/\/vozolvapen.de\/wp-content\/uploads\/2025\/12\/Fumot-50k-ECO-2in1-50000-Gummy-bear-Skittles-3.webp","type":"image\/webp"}],"twitter_card":"summary_large_image","twitter_misc":{"Szacowany czas czytania":"2 minuty"},"schema":{"@context":"https:\/\/schema.org","@graph":[{"@type":"WebPage","@id":"https:\/\/vozolvapen.de\/product\/fumot-50k-eco-2in1-50000-gummy-bear-skittles\/","url":"https:\/\/vozolvapen.de\/product\/fumot-50k-eco-2in1-50000-gummy-bear-skittles\/","name":"Gummy Bear &amp; Skittles | Fumot 50k ECO 2w1 - vozolvapen","isPartOf":{"@id":"https:\/\/vozolvapen.de\/#website"},"primaryImageOfPage":{"@id":"https:\/\/vozolvapen.de\/product\/fumot-50k-eco-2in1-50000-gummy-bear-skittles\/#primaryimage"},"image":{"@id":"https:\/\/vozolvapen.de\/product\/fumot-50k-eco-2in1-50000-gummy-bear-skittles\/#primaryimage"},"thumbnailUrl":"https:\/\/vozolvapen.de\/wp-content\/uploads\/2025\/12\/Fumot-50k-ECO-2in1-50000-Gummy-bear-Skittles-3.webp","datePublished":"2025-12-29T11:22:30+00:00","dateModified":"2026-02-10T10:59:12+00:00","description":"Najlepsza mieszanka s\u0142odyczy! Gummy Bear &amp; Skittles Fumot 50k. 50 000 zaci\u0105gni\u0119\u0107, podw\u00f3jne zbiorniki smakowe i wy\u015bwietlacz LED. Szybka wysy\u0142ka w ci\u0105gu 1-3 dni w UE.","breadcrumb":{"@id":"https:\/\/vozolvapen.de\/product\/fumot-50k-eco-2in1-50000-gummy-bear-skittles\/#breadcrumb"},"inLanguage":"pl-PL","potentialAction":[{"@type":"ReadAction","target":["https:\/\/vozolvapen.de\/product\/fumot-50k-eco-2in1-50000-gummy-bear-skittles\/"]}]},{"@type":"ImageObject","inLanguage":"pl-PL","@id":"https:\/\/vozolvapen.de\/product\/fumot-50k-eco-2in1-50000-gummy-bear-skittles\/#primaryimage","url":"https:\/\/vozolvapen.de\/wp-content\/uploads\/2025\/12\/Fumot-50k-ECO-2in1-50000-Gummy-bear-Skittles-3.webp","contentUrl":"https:\/\/vozolvapen.de\/wp-content\/uploads\/2025\/12\/Fumot-50k-ECO-2in1-50000-Gummy-bear-Skittles-3.webp","width":1200,"height":1200,"caption":"Fumot 50k ECO 2in1 50000 - Gummy bear & Skittles (3)"},{"@type":"BreadcrumbList","@id":"https:\/\/vozolvapen.de\/product\/fumot-50k-eco-2in1-50000-gummy-bear-skittles\/#breadcrumb","itemListElement":[{"@type":"ListItem","position":1,"name":"Home","item":"https:\/\/vozolvapen.de\/de\/"},{"@type":"ListItem","position":2,"name":"Shop","item":"https:\/\/vozolvapen.de\/shop\/"},{"@type":"ListItem","position":3,"name":"Fumot 50k ECO 2in1 50000 &#8211; Gummy Bear &#038; Skittles"}]},{"@type":"WebSite","@id":"https:\/\/vozolvapen.de\/#website","url":"https:\/\/vozolvapen.de\/","name":"vozolvapen","description":"vozolvapen","publisher":{"@id":"https:\/\/vozolvapen.de\/#organization"},"potentialAction":[{"@type":"SearchAction","target":{"@type":"EntryPoint","urlTemplate":"https:\/\/vozolvapen.de\/?s={search_term_string}"},"query-input":{"@type":"PropertyValueSpecification","valueRequired":true,"valueName":"search_term_string"}}],"inLanguage":"pl-PL"},{"@type":"Organization","@id":"https:\/\/vozolvapen.de\/#organization","name":"vozolvapen","url":"https:\/\/vozolvapen.de\/","logo":{"@type":"ImageObject","inLanguage":"pl-PL","@id":"https:\/\/vozolvapen.de\/#\/schema\/logo\/image\/","url":"https:\/\/vozolvapen.de\/wp-content\/uploads\/2025\/12\/cropped-vozovapen-logo.webp","contentUrl":"https:\/\/vozolvapen.de\/wp-content\/uploads\/2025\/12\/cropped-vozovapen-logo.webp","width":470,"height":110,"caption":"vozolvapen"},"image":{"@id":"https:\/\/vozolvapen.de\/#\/schema\/logo\/image\/"}}]}},"tiered_pricing_type":"fixed","tiered_pricing_fixed_rules":{"30":"14.6","50":"12.6","100":"11.6","200":"11.1"},"tiered_pricing_product_settings":{"layout":"default","base_unit_name":{"singular":null,"plural":null},"default_variation":{}},"tiered_pricing_minimum_quantity":10,"tiered_pricing_roles_data":[],"tiered_pricing_percentage_rules":[],"tiered_pricing_maximum_quantity":null,"tiered_pricing_quantity_step":"10","_links":{"self":[{"href":"http:\/\/vozolvapen.de\/pl\/wp-json\/wp\/v2\/product\/47717","targetHints":{"allow":["GET"]}}],"collection":[{"href":"http:\/\/vozolvapen.de\/pl\/wp-json\/wp\/v2\/product"}],"about":[{"href":"http:\/\/vozolvapen.de\/pl\/wp-json\/wp\/v2\/types\/product"}],"replies":[{"embeddable":true,"href":"http:\/\/vozolvapen.de\/pl\/wp-json\/wp\/v2\/comments?post=47717"}],"wp:featuredmedia":[{"embeddable":true,"href":"http:\/\/vozolvapen.de\/pl\/wp-json\/wp\/v2\/media\/48155"}],"wp:attachment":[{"href":"http:\/\/vozolvapen.de\/pl\/wp-json\/wp\/v2\/media?parent=47717"}],"wp:term":[{"taxonomy":"product_brand","embeddable":true,"href":"http:\/\/vozolvapen.de\/pl\/wp-json\/wp\/v2\/product_brand?post=47717"},{"taxonomy":"product_cat","embeddable":true,"href":"http:\/\/vozolvapen.de\/pl\/wp-json\/wp\/v2\/product_cat?post=47717"},{"taxonomy":"product_tag","embeddable":true,"href":"http:\/\/vozolvapen.de\/pl\/wp-json\/wp\/v2\/product_tag?post=47717"}],"curies":[{"name":"wp","href":"https:\/\/api.w.org\/{rel}","templated":true}]}}