{"id":48022,"date":"2025-12-29T11:22:44","date_gmt":"2025-12-29T11:22:44","guid":{"rendered":"https:\/\/vozolvapen.de\/?post_type=product&#038;p=48022"},"modified":"2026-02-10T10:59:05","modified_gmt":"2026-02-10T10:59:05","slug":"fumot-50k-eco-2in1-50000-cherry-ice-blue-razz-cherry","status":"publish","type":"product","link":"http:\/\/vozolvapen.de\/pl\/product\/fumot-50k-eco-2in1-50000-cherry-ice-blue-razz-cherry\/","title":{"rendered":"Fumot 50k ECO 2w1 50000 - Cherry Ice &amp; Blue Razz Cherry"},"content":{"rendered":"<h1 data-path-to-node=\"68\"><b data-path-to-node=\"68\" data-index-in-node=\"0\">Fumot 50k ECO 2w1 50000 Puff\u00f3w: Cherry Ice &amp; Blue Razz Cherry<\/b><\/h1>\n<p data-path-to-node=\"69\"><b data-path-to-node=\"69\" data-index-in-node=\"0\">Electric Cherry Pop:<\/b> Odwa\u017cna celebracja owoc\u00f3w wi\u015bni. To <b data-path-to-node=\"69\" data-index-in-node=\"70\">fumot vape 50k<\/b> Zestaw zapewnia wi\u015bniowe wariacje 2 w 1, od prostych i sch\u0142odzonych po elektryczne i nasycone jagodami.<\/p>\n<h2 data-path-to-node=\"70\"><b data-path-to-node=\"70\" data-index-in-node=\"0\">The Electric Cherry Deep Dive<\/b><\/h2>\n<ul data-path-to-node=\"71\">\n<li>\n<p data-path-to-node=\"71,0,0\"><b data-path-to-node=\"71,0,0\" data-index-in-node=\"0\">Smak 1 - Cherry Ice:<\/b> G\u0142\u0119bokie, ciemne i s\u0142odkie czerwone wi\u015bnie zako\u0144czone ostrym arktycznym ch\u0142odem.<\/p>\n<\/li>\n<li>\n<p data-path-to-node=\"71,1,0\"><b data-path-to-node=\"71,1,0\" data-index-in-node=\"0\">Smak 2 - Blue Razz Cherry:<\/b> Wibruj\u0105ca mieszanka niebieskich malin i cierpkich wi\u015bni zapewnia \u201cneonowy\u201d smak.<\/p>\n<\/li>\n<\/ul>\n<h2 data-path-to-node=\"72\"><b data-path-to-node=\"72\" data-index-in-node=\"0\">Dla kogo przeznaczony jest ten smak?<\/b><\/h2>\n<p data-path-to-node=\"72\"><b data-path-to-node=\"72\" data-index-in-node=\"24\">The Berry Addict:<\/b> Najlepiej nadaje si\u0119 dla waper\u00f3w, kt\u00f3rzy uwielbiaj\u0105 cierpki, odwa\u017cny profil wi\u015bni i chc\u0105 intensywnych dozna\u0144 jagodowych.<\/p>\n<h2 data-path-to-node=\"60\">Specyfikacja Fumot 50k ECO 2w1 50000 Core<\/h2>\n<table data-path-to-node=\"17\">\n<thead>\n<tr>\n<td><strong>Dane \u0142a\u0144cucha dostaw<\/strong><\/td>\n<td><strong>Fumot 50000 Logistics Info<\/strong><\/td>\n<\/tr>\n<\/thead>\n<tbody>\n<tr>\n<td><span data-path-to-node=\"17,1,0,0\"><b data-path-to-node=\"17,1,0,0\" data-index-in-node=\"0\">Korzy\u015bci zwi\u0105zane z wysy\u0142k\u0105<\/b><\/span><\/td>\n<td><span data-path-to-node=\"17,1,1,0\"><b data-path-to-node=\"17,1,1,0\" data-index-in-node=\"0\">Magazyn europejski (dostawa w ci\u0105gu 1-3 dni)<\/b><\/span><\/td>\n<\/tr>\n<tr>\n<td><span data-path-to-node=\"17,2,0,0\"><b data-path-to-node=\"17,2,0,0\" data-index-in-node=\"0\">Rozmiar opakowania<\/b><\/span><\/td>\n<td><span data-path-to-node=\"17,2,1,0\">10 sztuk w pude\u0142ku ekspozycyjnym<\/span><\/td>\n<\/tr>\n<tr>\n<td><span data-path-to-node=\"17,3,0,0\"><b data-path-to-node=\"17,3,0,0\" data-index-in-node=\"0\">Pojemno\u015b\u0107 kartonu<\/b><\/span><\/td>\n<td><span data-path-to-node=\"17,3,1,0\">100 sztuk (ca\u0142kowita waga 14,5 kg)<\/span><\/td>\n<\/tr>\n<tr>\n<td><span data-path-to-node=\"17,4,0,0\"><b data-path-to-node=\"17,4,0,0\" data-index-in-node=\"0\">Wymiary pude\u0142ka<\/b><\/span><\/td>\n<td><span data-path-to-node=\"17,4,1,0\">49,4 x 35 x 27 CM<\/span><\/td>\n<\/tr>\n<tr>\n<td><span data-path-to-node=\"17,5,0,0\"><b data-path-to-node=\"17,5,0,0\" data-index-in-node=\"0\">Rynek docelowy<\/b><\/span><\/td>\n<td><span data-path-to-node=\"17,5,1,0\">Profesjonalni vaperzy i sprzeda\u017c hurtowa B2B<\/span><\/td>\n<\/tr>\n<tr>\n<td><span data-path-to-node=\"17,6,0,0\"><b data-path-to-node=\"17,6,0,0\" data-index-in-node=\"0\">Zawarto\u015b\u0107 cieczy<\/b><\/span><\/td>\n<td><span data-path-to-node=\"17,6,1,0\">Wst\u0119pnie nape\u0142nione kapsu\u0142ki o pojemno\u015bci 20 ml<\/span><\/td>\n<\/tr>\n<tr>\n<td><span data-path-to-node=\"17,7,0,0\"><b data-path-to-node=\"17,7,0,0\" data-index-in-node=\"0\">Niezawodno\u015b\u0107<\/b><\/span><\/td>\n<td><span data-path-to-node=\"17,7,1,0\">Certyfikowany zasi\u0119g 50 000 zaci\u0105gni\u0119\u0107<\/span><\/td>\n<\/tr>\n<\/tbody>\n<\/table>\n<h3 dir=\"auto\">Oto dalsze zalecenia dla Ciebie:<\/h3>\n<p dir=\"auto\">Odkryj jeszcze wi\u0119cej niesamowitych smak\u00f3w dzi\u0119ki Fumot 50k ECO 2w1 50000 Puff Vape!<\/p>\n<p dir=\"auto\"><a href=\"https:\/\/vozolvapen.de\/pl\/product-category\/fumot-vape\/fumot-50k-eco-2in1-50000-puffs\/\" target=\"_blank\" rel=\"noopener noreferrer nofollow\">Zobacz wszystkie odmiany tutaj \u2192<\/a><\/p>\n<p dir=\"auto\">Zapoznaj si\u0119 z nasz\u0105 pe\u0142n\u0105 kolekcj\u0105 i kupuj produkty najlepszych marek vape, kt\u00f3re pokochasz.<\/p>\n<p dir=\"auto\"><a href=\"https:\/\/vozolvapen.de\/pl\/product-category\/fumot-vape\/\" target=\"_blank\" rel=\"noopener noreferrer nofollow\">Przegl\u0105daj teraz wszystkie marki \u2192<\/a><\/p>\n<p dir=\"auto\">Sprawd\u017a ca\u0142\u0105 seri\u0119 Fumot Vape - ka\u017cdy smak, ka\u017cdy styl!<\/p>\n<p dir=\"auto\"><a href=\"https:\/\/vozolvapen.de\/pl\/product-category\/fumot-vape\/\" target=\"_blank\" rel=\"noopener noreferrer nofollow\">Zobacz pe\u0142n\u0105 kolekcj\u0119 Fumot Vape \u2192<\/a><\/p>","protected":false},"excerpt":{"rendered":"<p>Ostateczna kolekcja wi\u015bni. Niezale\u017cnie od tego, czy masz ochot\u0119 na czyst\u0105, sch\u0142odzon\u0105 wi\u015bni\u0119, czy te\u017c na elektryzuj\u0105cy, b\u0142\u0119kitny twist Razz. <b data-path-to-node=\"3,12,4,0\" data-index-in-node=\"108\">fumot vape 50k<\/b> zapewnia to wszystko.<\/p>","protected":false},"featured_media":48167,"comment_status":"open","ping_status":"closed","template":"","meta":{"_acf_changed":false},"product_brand":[],"product_cat":[134,102],"product_tag":[],"class_list":{"0":"post-48022","1":"product","2":"type-product","3":"status-publish","4":"has-post-thumbnail","6":"product_cat-eu-warehouse-in-stock","7":"product_cat-fumot-50k-eco-2in1-50000-puffs","9":"first","10":"instock","11":"shipping-taxable","12":"purchasable","13":"product-type-variable"},"acf":[],"yoast_head":"<!-- This site is optimized with the Yoast SEO Premium plugin v26.1 (Yoast SEO v27.5) - https:\/\/yoast.com\/product\/yoast-seo-premium-wordpress\/ -->\n<title>Cherry Ice &amp; Blue Razz Cherry | Fumot 50k - vozolvapen<\/title>\n<meta name=\"description\" content=\"Double Cherry power! Cherry Ice &amp; Blue Razz Cherry Fumot 50k. 50,000 puffs, smart display, and dual pods. 1-3 day EU delivery.\" \/>\n<meta name=\"robots\" content=\"index, follow, max-snippet:-1, max-image-preview:large, max-video-preview:-1\" \/>\n<link rel=\"canonical\" href=\"https:\/\/vozolvapen.de\/pl\/product\/fumot-50k-eco-2in1-50000-cherry-ice-blue-razz-cherry\/\" \/>\n<meta property=\"og:locale\" content=\"pl_PL\" \/>\n<meta property=\"og:type\" content=\"article\" \/>\n<meta property=\"og:title\" content=\"Fumot 50k ECO 2in1 50000 - Cherry Ice &amp; Blue Razz Cherry\" \/>\n<meta property=\"og:description\" content=\"Double Cherry power! Cherry Ice &amp; Blue Razz Cherry Fumot 50k. 50,000 puffs, smart display, and dual pods. 1-3 day EU delivery.\" \/>\n<meta property=\"og:url\" content=\"https:\/\/vozolvapen.de\/pl\/product\/fumot-50k-eco-2in1-50000-cherry-ice-blue-razz-cherry\/\" \/>\n<meta property=\"og:site_name\" content=\"vozolvapen\" \/>\n<meta property=\"article:modified_time\" content=\"2026-02-10T10:59:05+00:00\" \/>\n<meta property=\"og:image\" content=\"https:\/\/vozolvapen.de\/wp-content\/uploads\/2025\/12\/Fumot-50k-ECO-2in1-50000-Cherry-Ice-Blue-Razz-Cherry-3.webp\" \/>\n\t<meta property=\"og:image:width\" content=\"1200\" \/>\n\t<meta property=\"og:image:height\" content=\"1200\" \/>\n\t<meta property=\"og:image:type\" content=\"image\/webp\" \/>\n<meta name=\"twitter:card\" content=\"summary_large_image\" \/>\n<meta name=\"twitter:label1\" content=\"Szacowany czas czytania\" \/>\n\t<meta name=\"twitter:data1\" content=\"2 minuty\" \/>\n<script type=\"application\/ld+json\" class=\"yoast-schema-graph\">{\"@context\":\"https:\\\/\\\/schema.org\",\"@graph\":[{\"@type\":\"WebPage\",\"@id\":\"https:\\\/\\\/vozolvapen.de\\\/product\\\/fumot-50k-eco-2in1-50000-cherry-ice-blue-razz-cherry\\\/\",\"url\":\"https:\\\/\\\/vozolvapen.de\\\/product\\\/fumot-50k-eco-2in1-50000-cherry-ice-blue-razz-cherry\\\/\",\"name\":\"Cherry Ice & Blue Razz Cherry | Fumot 50k - vozolvapen\",\"isPartOf\":{\"@id\":\"https:\\\/\\\/vozolvapen.de\\\/#website\"},\"primaryImageOfPage\":{\"@id\":\"https:\\\/\\\/vozolvapen.de\\\/product\\\/fumot-50k-eco-2in1-50000-cherry-ice-blue-razz-cherry\\\/#primaryimage\"},\"image\":{\"@id\":\"https:\\\/\\\/vozolvapen.de\\\/product\\\/fumot-50k-eco-2in1-50000-cherry-ice-blue-razz-cherry\\\/#primaryimage\"},\"thumbnailUrl\":\"https:\\\/\\\/vozolvapen.de\\\/wp-content\\\/uploads\\\/2025\\\/12\\\/Fumot-50k-ECO-2in1-50000-Cherry-Ice-Blue-Razz-Cherry-3.webp\",\"datePublished\":\"2025-12-29T11:22:44+00:00\",\"dateModified\":\"2026-02-10T10:59:05+00:00\",\"description\":\"Double Cherry power! Cherry Ice & Blue Razz Cherry Fumot 50k. 50,000 puffs, smart display, and dual pods. 1-3 day EU delivery.\",\"breadcrumb\":{\"@id\":\"https:\\\/\\\/vozolvapen.de\\\/product\\\/fumot-50k-eco-2in1-50000-cherry-ice-blue-razz-cherry\\\/#breadcrumb\"},\"inLanguage\":\"pl-PL\",\"potentialAction\":[{\"@type\":\"ReadAction\",\"target\":[\"https:\\\/\\\/vozolvapen.de\\\/product\\\/fumot-50k-eco-2in1-50000-cherry-ice-blue-razz-cherry\\\/\"]}]},{\"@type\":\"ImageObject\",\"inLanguage\":\"pl-PL\",\"@id\":\"https:\\\/\\\/vozolvapen.de\\\/product\\\/fumot-50k-eco-2in1-50000-cherry-ice-blue-razz-cherry\\\/#primaryimage\",\"url\":\"https:\\\/\\\/vozolvapen.de\\\/wp-content\\\/uploads\\\/2025\\\/12\\\/Fumot-50k-ECO-2in1-50000-Cherry-Ice-Blue-Razz-Cherry-3.webp\",\"contentUrl\":\"https:\\\/\\\/vozolvapen.de\\\/wp-content\\\/uploads\\\/2025\\\/12\\\/Fumot-50k-ECO-2in1-50000-Cherry-Ice-Blue-Razz-Cherry-3.webp\",\"width\":1200,\"height\":1200,\"caption\":\"Fumot 50k ECO 2in1 50000 - Cherry Ice & Blue Razz Cherry (3)\"},{\"@type\":\"BreadcrumbList\",\"@id\":\"https:\\\/\\\/vozolvapen.de\\\/product\\\/fumot-50k-eco-2in1-50000-cherry-ice-blue-razz-cherry\\\/#breadcrumb\",\"itemListElement\":[{\"@type\":\"ListItem\",\"position\":1,\"name\":\"Home\",\"item\":\"https:\\\/\\\/vozolvapen.de\\\/de\\\/\"},{\"@type\":\"ListItem\",\"position\":2,\"name\":\"Shop\",\"item\":\"https:\\\/\\\/vozolvapen.de\\\/shop\\\/\"},{\"@type\":\"ListItem\",\"position\":3,\"name\":\"Fumot 50k ECO 2in1 50000 &#8211; Cherry Ice &#038; Blue Razz Cherry\"}]},{\"@type\":\"WebSite\",\"@id\":\"https:\\\/\\\/vozolvapen.de\\\/#website\",\"url\":\"https:\\\/\\\/vozolvapen.de\\\/\",\"name\":\"vozolvapen\",\"description\":\"vozolvapen\",\"publisher\":{\"@id\":\"https:\\\/\\\/vozolvapen.de\\\/#organization\"},\"potentialAction\":[{\"@type\":\"SearchAction\",\"target\":{\"@type\":\"EntryPoint\",\"urlTemplate\":\"https:\\\/\\\/vozolvapen.de\\\/?s={search_term_string}\"},\"query-input\":{\"@type\":\"PropertyValueSpecification\",\"valueRequired\":true,\"valueName\":\"search_term_string\"}}],\"inLanguage\":\"pl-PL\"},{\"@type\":\"Organization\",\"@id\":\"https:\\\/\\\/vozolvapen.de\\\/#organization\",\"name\":\"vozolvapen\",\"url\":\"https:\\\/\\\/vozolvapen.de\\\/\",\"logo\":{\"@type\":\"ImageObject\",\"inLanguage\":\"pl-PL\",\"@id\":\"https:\\\/\\\/vozolvapen.de\\\/#\\\/schema\\\/logo\\\/image\\\/\",\"url\":\"https:\\\/\\\/vozolvapen.de\\\/wp-content\\\/uploads\\\/2025\\\/12\\\/cropped-vozovapen-logo.webp\",\"contentUrl\":\"https:\\\/\\\/vozolvapen.de\\\/wp-content\\\/uploads\\\/2025\\\/12\\\/cropped-vozovapen-logo.webp\",\"width\":470,\"height\":110,\"caption\":\"vozolvapen\"},\"image\":{\"@id\":\"https:\\\/\\\/vozolvapen.de\\\/#\\\/schema\\\/logo\\\/image\\\/\"}}]}<\/script>\n<!-- \/ Yoast SEO Premium plugin. -->","yoast_head_json":{"title":"Cherry Ice &amp; Blue Razz Cherry | Fumot 50k - vozolvapen","description":"Podw\u00f3jna wi\u015bniowa moc! Cherry Ice &amp; Blue Razz Cherry Fumot 50k. 50 000 zaci\u0105gni\u0119\u0107, inteligentny wy\u015bwietlacz i podw\u00f3jne kapsu\u0142ki. Dostawa do UE w ci\u0105gu 1-3 dni.","robots":{"index":"index","follow":"follow","max-snippet":"max-snippet:-1","max-image-preview":"max-image-preview:large","max-video-preview":"max-video-preview:-1"},"canonical":"https:\/\/vozolvapen.de\/pl\/product\/fumot-50k-eco-2in1-50000-cherry-ice-blue-razz-cherry\/","og_locale":"pl_PL","og_type":"article","og_title":"Fumot 50k ECO 2in1 50000 - Cherry Ice & Blue Razz Cherry","og_description":"Double Cherry power! Cherry Ice & Blue Razz Cherry Fumot 50k. 50,000 puffs, smart display, and dual pods. 1-3 day EU delivery.","og_url":"https:\/\/vozolvapen.de\/pl\/product\/fumot-50k-eco-2in1-50000-cherry-ice-blue-razz-cherry\/","og_site_name":"vozolvapen","article_modified_time":"2026-02-10T10:59:05+00:00","og_image":[{"width":1200,"height":1200,"url":"https:\/\/vozolvapen.de\/wp-content\/uploads\/2025\/12\/Fumot-50k-ECO-2in1-50000-Cherry-Ice-Blue-Razz-Cherry-3.webp","type":"image\/webp"}],"twitter_card":"summary_large_image","twitter_misc":{"Szacowany czas czytania":"2 minuty"},"schema":{"@context":"https:\/\/schema.org","@graph":[{"@type":"WebPage","@id":"https:\/\/vozolvapen.de\/product\/fumot-50k-eco-2in1-50000-cherry-ice-blue-razz-cherry\/","url":"https:\/\/vozolvapen.de\/product\/fumot-50k-eco-2in1-50000-cherry-ice-blue-razz-cherry\/","name":"Cherry Ice &amp; Blue Razz Cherry | Fumot 50k - vozolvapen","isPartOf":{"@id":"https:\/\/vozolvapen.de\/#website"},"primaryImageOfPage":{"@id":"https:\/\/vozolvapen.de\/product\/fumot-50k-eco-2in1-50000-cherry-ice-blue-razz-cherry\/#primaryimage"},"image":{"@id":"https:\/\/vozolvapen.de\/product\/fumot-50k-eco-2in1-50000-cherry-ice-blue-razz-cherry\/#primaryimage"},"thumbnailUrl":"https:\/\/vozolvapen.de\/wp-content\/uploads\/2025\/12\/Fumot-50k-ECO-2in1-50000-Cherry-Ice-Blue-Razz-Cherry-3.webp","datePublished":"2025-12-29T11:22:44+00:00","dateModified":"2026-02-10T10:59:05+00:00","description":"Podw\u00f3jna wi\u015bniowa moc! Cherry Ice &amp; Blue Razz Cherry Fumot 50k. 50 000 zaci\u0105gni\u0119\u0107, inteligentny wy\u015bwietlacz i podw\u00f3jne kapsu\u0142ki. Dostawa do UE w ci\u0105gu 1-3 dni.","breadcrumb":{"@id":"https:\/\/vozolvapen.de\/product\/fumot-50k-eco-2in1-50000-cherry-ice-blue-razz-cherry\/#breadcrumb"},"inLanguage":"pl-PL","potentialAction":[{"@type":"ReadAction","target":["https:\/\/vozolvapen.de\/product\/fumot-50k-eco-2in1-50000-cherry-ice-blue-razz-cherry\/"]}]},{"@type":"ImageObject","inLanguage":"pl-PL","@id":"https:\/\/vozolvapen.de\/product\/fumot-50k-eco-2in1-50000-cherry-ice-blue-razz-cherry\/#primaryimage","url":"https:\/\/vozolvapen.de\/wp-content\/uploads\/2025\/12\/Fumot-50k-ECO-2in1-50000-Cherry-Ice-Blue-Razz-Cherry-3.webp","contentUrl":"https:\/\/vozolvapen.de\/wp-content\/uploads\/2025\/12\/Fumot-50k-ECO-2in1-50000-Cherry-Ice-Blue-Razz-Cherry-3.webp","width":1200,"height":1200,"caption":"Fumot 50k ECO 2in1 50000 - Cherry Ice & Blue Razz Cherry (3)"},{"@type":"BreadcrumbList","@id":"https:\/\/vozolvapen.de\/product\/fumot-50k-eco-2in1-50000-cherry-ice-blue-razz-cherry\/#breadcrumb","itemListElement":[{"@type":"ListItem","position":1,"name":"Home","item":"https:\/\/vozolvapen.de\/de\/"},{"@type":"ListItem","position":2,"name":"Shop","item":"https:\/\/vozolvapen.de\/shop\/"},{"@type":"ListItem","position":3,"name":"Fumot 50k ECO 2in1 50000 &#8211; Cherry Ice &#038; Blue Razz Cherry"}]},{"@type":"WebSite","@id":"https:\/\/vozolvapen.de\/#website","url":"https:\/\/vozolvapen.de\/","name":"vozolvapen","description":"vozolvapen","publisher":{"@id":"https:\/\/vozolvapen.de\/#organization"},"potentialAction":[{"@type":"SearchAction","target":{"@type":"EntryPoint","urlTemplate":"https:\/\/vozolvapen.de\/?s={search_term_string}"},"query-input":{"@type":"PropertyValueSpecification","valueRequired":true,"valueName":"search_term_string"}}],"inLanguage":"pl-PL"},{"@type":"Organization","@id":"https:\/\/vozolvapen.de\/#organization","name":"vozolvapen","url":"https:\/\/vozolvapen.de\/","logo":{"@type":"ImageObject","inLanguage":"pl-PL","@id":"https:\/\/vozolvapen.de\/#\/schema\/logo\/image\/","url":"https:\/\/vozolvapen.de\/wp-content\/uploads\/2025\/12\/cropped-vozovapen-logo.webp","contentUrl":"https:\/\/vozolvapen.de\/wp-content\/uploads\/2025\/12\/cropped-vozovapen-logo.webp","width":470,"height":110,"caption":"vozolvapen"},"image":{"@id":"https:\/\/vozolvapen.de\/#\/schema\/logo\/image\/"}}]}},"tiered_pricing_type":"fixed","tiered_pricing_fixed_rules":{"30":"14.6","50":"12.6","100":"11.6","200":"11.1"},"tiered_pricing_product_settings":{"layout":"default","base_unit_name":{"singular":null,"plural":null},"default_variation":{}},"tiered_pricing_minimum_quantity":10,"tiered_pricing_roles_data":[],"tiered_pricing_percentage_rules":[],"tiered_pricing_maximum_quantity":null,"tiered_pricing_quantity_step":"10","_links":{"self":[{"href":"http:\/\/vozolvapen.de\/pl\/wp-json\/wp\/v2\/product\/48022","targetHints":{"allow":["GET"]}}],"collection":[{"href":"http:\/\/vozolvapen.de\/pl\/wp-json\/wp\/v2\/product"}],"about":[{"href":"http:\/\/vozolvapen.de\/pl\/wp-json\/wp\/v2\/types\/product"}],"replies":[{"embeddable":true,"href":"http:\/\/vozolvapen.de\/pl\/wp-json\/wp\/v2\/comments?post=48022"}],"wp:featuredmedia":[{"embeddable":true,"href":"http:\/\/vozolvapen.de\/pl\/wp-json\/wp\/v2\/media\/48167"}],"wp:attachment":[{"href":"http:\/\/vozolvapen.de\/pl\/wp-json\/wp\/v2\/media?parent=48022"}],"wp:term":[{"taxonomy":"product_brand","embeddable":true,"href":"http:\/\/vozolvapen.de\/pl\/wp-json\/wp\/v2\/product_brand?post=48022"},{"taxonomy":"product_cat","embeddable":true,"href":"http:\/\/vozolvapen.de\/pl\/wp-json\/wp\/v2\/product_cat?post=48022"},{"taxonomy":"product_tag","embeddable":true,"href":"http:\/\/vozolvapen.de\/pl\/wp-json\/wp\/v2\/product_tag?post=48022"}],"curies":[{"name":"wp","href":"https:\/\/api.w.org\/{rel}","templated":true}]}}