{"id":48300,"date":"2025-12-30T06:06:27","date_gmt":"2025-12-30T06:06:27","guid":{"rendered":"https:\/\/vozolvapen.de\/?post_type=product&#038;p=48300"},"modified":"2026-02-10T10:58:58","modified_gmt":"2026-02-10T10:58:58","slug":"hifancy-twins-35000-strawberry-kiwi-cola-ice","status":"publish","type":"product","link":"http:\/\/vozolvapen.de\/pl\/product\/hifancy-twins-35000-strawberry-kiwi-cola-ice\/","title":{"rendered":"HIFANCY TWINS 35000 - L\u00f3d truskawkowy, kiwi i cola"},"content":{"rendered":"<h1 data-path-to-node=\"3\"><b data-path-to-node=\"3\" data-index-in-node=\"0\">Strawberry Kiwi &amp; Cola Ice: S\u0142odki i musuj\u0105cy duet<\/b><\/h1>\n<p data-path-to-node=\"4\"><b data-path-to-node=\"4\" data-index-in-node=\"0\">Idealne po\u0142\u0105czenie popu i owoc\u00f3w:<\/b> Ten zestaw jest \u201cwszechstronny\u201d w\u015br\u00f3d <b data-path-to-node=\"4\" data-index-in-node=\"72\">HIFANCY TWINS 35000<\/b> Seria. Wype\u0142nia luk\u0119 mi\u0119dzy ponadczasowym klasykiem owoc\u00f3w tropikalnych a wysokoenergetycznym napojem gazowanym. Niezale\u017cnie od tego, czy chcesz delikatnego, \u0142agodnego owocowego wdechu, czy ostrego, gazowanego kopa, to <b data-path-to-node=\"4\" data-index-in-node=\"274\">35k puff vape<\/b> Zapewnia obie te funkcje z absolutn\u0105 czysto\u015bci\u0105 dzi\u0119ki architekturze z dwoma zbiornikami.<\/p>\n<h2 data-path-to-node=\"5\"><b data-path-to-node=\"5\" data-index-in-node=\"0\">Szczeg\u00f3\u0142owy profil smakowy:<\/b><\/h2>\n<ul data-path-to-node=\"6\">\n<li>\n<p data-path-to-node=\"6,0,0\"><b data-path-to-node=\"6,0,0\" data-index-in-node=\"0\">Truskawka Kiwi:<\/b> Mistrzowska klasa r\u00f3wnowagi. S\u0142odycz dojrza\u0142ych w s\u0142o\u0144cu truskawek spotyka si\u0119 z subtelnym, pikantnym posmakiem \u015bwie\u017cego kiwi. Jest g\u0142adki, przewidywalny i niezwykle \u0142atwy do waporyzacji przez ca\u0142y dzie\u0144.<\/p>\n<\/li>\n<li>\n<p data-path-to-node=\"6,1,0\"><b data-path-to-node=\"6,1,0\" data-index-in-node=\"0\">Cola Ice:<\/b> Zaprojektowany, aby odtworzy\u0107 uczucie otwierania \u015bwie\u017cej puszki napoju gazowanego. Charakteryzuje si\u0119 g\u0142\u0119bokimi nutami karmelowymi i wyra\u017anym musowaniem, wyko\u0144czonymi grub\u0105 warstw\u0105 lodu, aby uzyska\u0107 wra\u017cenie \u201cprosto z lod\u00f3wki\u201d.<\/p>\n<\/li>\n<\/ul>\n<h3 data-path-to-node=\"7\"><b data-path-to-node=\"7\" data-index-in-node=\"0\">Przewaga technologiczna:<\/b><\/h3>\n<p data-path-to-node=\"7\">Korzystanie z <b data-path-to-node=\"7\" data-index-in-node=\"26\">Separacja rdzeni olejowych (OCS)<\/b>, lotne karmelowe aromaty Coli s\u0105 ca\u0142kowicie oddzielone od delikatnych kwas\u00f3w owocowych Strawberry Kiwi. Gwarantuje to, \u017ce nawet na puffie 35 000 cola smakuje jak cola, a owoce smakuj\u0105 jak owoce.<\/p>\n<h3 data-path-to-node=\"7\"><b data-path-to-node=\"8,0\" data-index-in-node=\"0\">Dla kogo jest przeznaczony?<\/b><\/h3>\n<p data-path-to-node=\"7\">Vaperzy, kt\u00f3rzy uwielbiaj\u0105 klimat \u201csoda shop\u201d, ale potrzebuj\u0105 niezawodnej, s\u0142odkiej owocowej opcji, aby prze\u0142\u0105czy\u0107 si\u0119 na ni\u0105 podczas d\u0142ugich sesji.<\/p>\n<h3 data-path-to-node=\"24\"><b data-path-to-node=\"24\" data-index-in-node=\"0\">HIFANCY TWINS 35000 Full Series Tabela podsumowania technicznego<\/b><\/h3>\n<table data-path-to-node=\"26\">\n<thead>\n<tr>\n<td><strong>Cecha<\/strong><\/td>\n<td><strong>HIFANCY TWINS 35K Wydajno\u015b\u0107<\/strong><\/td>\n<\/tr>\n<\/thead>\n<tbody>\n<tr>\n<td><span data-path-to-node=\"26,1,0,0\"><b data-path-to-node=\"26,1,0,0\" data-index-in-node=\"0\">Puff Count<\/b><\/span><\/td>\n<td><span data-path-to-node=\"26,1,1,0\"><b data-path-to-node=\"26,1,1,0\" data-index-in-node=\"0\">35 000 zaci\u0105gni\u0119\u0107 (system z dwoma zbiornikami)<\/b><\/span><\/td>\n<\/tr>\n<tr>\n<td><span data-path-to-node=\"26,2,0,0\"><b data-path-to-node=\"26,2,0,0\" data-index-in-node=\"0\">Obj\u0119to\u015b\u0107 p\u0142ynu E-Liquid<\/b><\/span><\/td>\n<td><span data-path-to-node=\"26,2,1,0\"><b data-path-to-node=\"26,2,1,0\" data-index-in-node=\"0\">\u0141\u0105cznie 35 ml (17,5 ml x 2)<\/b><\/span><\/td>\n<\/tr>\n<tr>\n<td><span data-path-to-node=\"26,3,0,0\"><b data-path-to-node=\"26,3,0,0\" data-index-in-node=\"0\">Freshness Tech<\/b><\/span><\/td>\n<td><span data-path-to-node=\"26,3,1,0\"><b data-path-to-node=\"26,3,1,0\" data-index-in-node=\"0\">Separacja rdzeni olejowych (OCS)<\/b><\/span><\/td>\n<\/tr>\n<tr>\n<td><span data-path-to-node=\"26,4,0,0\"><b data-path-to-node=\"26,4,0,0\" data-index-in-node=\"0\">System cewek<\/b><\/span><\/td>\n<td><span data-path-to-node=\"26,4,1,0\">Zaawansowana cewka siatkowa 1,0\u03a9<\/span><\/td>\n<\/tr>\n<tr>\n<td><span data-path-to-node=\"26,5,0,0\"><b data-path-to-node=\"26,5,0,0\" data-index-in-node=\"0\">Bateria<\/b><\/span><\/td>\n<td><span data-path-to-node=\"26,5,1,0\">650 mAh (akumulator typu C)<\/span><\/td>\n<\/tr>\n<tr>\n<td><span data-path-to-node=\"26,6,0,0\"><b data-path-to-node=\"26,6,0,0\" data-index-in-node=\"0\">Poziom nikotyny<\/b><\/span><\/td>\n<td><span data-path-to-node=\"26,6,1,0\">2% \/ 3% \/ 5% S\u0142ona nikotyna<\/span><\/td>\n<\/tr>\n<tr>\n<td><span data-path-to-node=\"26,7,0,0\"><b data-path-to-node=\"26,7,0,0\" data-index-in-node=\"0\">Dost\u0119pno\u015b\u0107<\/b><\/span><\/td>\n<td><span data-path-to-node=\"26,7,1,0\"><b data-path-to-node=\"26,7,1,0\" data-index-in-node=\"0\">Magazyn europejski (dostawa w ci\u0105gu 1-3 dni)<\/b><\/span><\/td>\n<\/tr>\n<\/tbody>\n<\/table>\n<h3 dir=\"auto\">Oto dalsze zalecenia dla Ciebie:<\/h3>\n<p dir=\"auto\">Odkryj jeszcze wi\u0119cej niesamowitych smak\u00f3w dzi\u0119ki HIFANCY TWINS 35000 Puff Vape!<\/p>\n<p dir=\"auto\"><a href=\"https:\/\/vozolvapen.de\/pl\/product-category\/hifancy-vape\/hifancy-twins-35000-puffs-vape\/\" target=\"_blank\" rel=\"noopener noreferrer nofollow\">Zobacz wszystkie odmiany tutaj \u2192<\/a><\/p>\n<p dir=\"auto\">Zapoznaj si\u0119 z nasz\u0105 pe\u0142n\u0105 kolekcj\u0105 i kupuj produkty najlepszych marek vape, kt\u00f3re pokochasz.<\/p>\n<p dir=\"auto\"><a href=\"https:\/\/vozolvapen.de\/pl\/\" target=\"_blank\" rel=\"noopener noreferrer nofollow\">Przegl\u0105daj teraz wszystkie marki \u2192<\/a><\/p>\n<p dir=\"auto\">Sprawd\u017a ca\u0142\u0105 seri\u0119 Hifancy Vape - ka\u017cdy smak, ka\u017cdy styl!<\/p>\n<p dir=\"auto\"><a href=\"https:\/\/vozolvapen.de\/pl\/product-category\/hifancy-vape\/\" target=\"_blank\" rel=\"noopener noreferrer nofollow\">Zobacz pe\u0142n\u0105 kolekcj\u0119 Hifancy Vape \u2192<\/a><\/p>","protected":false},"excerpt":{"rendered":"<p><b data-path-to-node=\"4,3,4,0\" data-index-in-node=\"0\">S\u0142odki i musuj\u0105cy duet.<\/b> Doskona\u0142e po\u0142\u0105czenie 2 w 1 klasycznych owoc\u00f3w i napoju gazowanego. 35 000 zaci\u0105gni\u0119\u0107 i pojemno\u015b\u0107 35 ml sprawiaj\u0105, \u017ce jest to idealny waporyzator na ca\u0142y dzie\u0144.<\/p>","protected":false},"featured_media":48579,"comment_status":"open","ping_status":"closed","template":"","meta":{"_acf_changed":false},"product_brand":[],"product_cat":[134,103],"product_tag":[],"class_list":{"0":"post-48300","1":"product","2":"type-product","3":"status-publish","4":"has-post-thumbnail","6":"product_cat-eu-warehouse-in-stock","7":"product_cat-hifancy-twins-35000-puffs-vape","9":"first","10":"instock","11":"shipping-taxable","12":"purchasable","13":"product-type-variable"},"acf":[],"yoast_head":"<!-- This site is optimized with the Yoast SEO Premium plugin v26.1 (Yoast SEO v27.5) - https:\/\/yoast.com\/product\/yoast-seo-premium-wordpress\/ -->\n<title>Strawberry Kiwi &amp; Cola Ice | HIFANCY TWINS 35000 - vozolvapen<\/title>\n<meta name=\"description\" content=\"Enjoy Strawberry Kiwi and Cola Ice with the 35k puff HIFANCY TWINS. Dual tank system and Type-C charging. Order now for 1-3 day EU delivery!\" \/>\n<meta name=\"robots\" content=\"index, follow, max-snippet:-1, max-image-preview:large, max-video-preview:-1\" \/>\n<link rel=\"canonical\" href=\"https:\/\/vozolvapen.de\/pl\/product\/hifancy-twins-35000-strawberry-kiwi-cola-ice\/\" \/>\n<meta property=\"og:locale\" content=\"pl_PL\" \/>\n<meta property=\"og:type\" content=\"article\" \/>\n<meta property=\"og:title\" content=\"HIFANCY TWINS 35000 - Strawberry Kiwi &amp; Cola ice\" \/>\n<meta property=\"og:description\" content=\"Enjoy Strawberry Kiwi and Cola Ice with the 35k puff HIFANCY TWINS. Dual tank system and Type-C charging. Order now for 1-3 day EU delivery!\" \/>\n<meta property=\"og:url\" content=\"https:\/\/vozolvapen.de\/pl\/product\/hifancy-twins-35000-strawberry-kiwi-cola-ice\/\" \/>\n<meta property=\"og:site_name\" content=\"vozolvapen\" \/>\n<meta property=\"article:modified_time\" content=\"2026-02-10T10:58:58+00:00\" \/>\n<meta property=\"og:image\" content=\"https:\/\/vozolvapen.de\/wp-content\/uploads\/2025\/12\/HIFANCY-TWINS-35000-Strawberry-Kiwi-Cola-ice-2.webp\" \/>\n\t<meta property=\"og:image:width\" content=\"1000\" \/>\n\t<meta property=\"og:image:height\" content=\"1000\" \/>\n\t<meta property=\"og:image:type\" content=\"image\/webp\" \/>\n<meta name=\"twitter:card\" content=\"summary_large_image\" \/>\n<meta name=\"twitter:label1\" content=\"Szacowany czas czytania\" \/>\n\t<meta name=\"twitter:data1\" content=\"2 minuty\" \/>\n<script type=\"application\/ld+json\" class=\"yoast-schema-graph\">{\"@context\":\"https:\\\/\\\/schema.org\",\"@graph\":[{\"@type\":\"WebPage\",\"@id\":\"https:\\\/\\\/vozolvapen.de\\\/product\\\/hifancy-twins-35000-strawberry-kiwi-cola-ice\\\/\",\"url\":\"https:\\\/\\\/vozolvapen.de\\\/product\\\/hifancy-twins-35000-strawberry-kiwi-cola-ice\\\/\",\"name\":\"Strawberry Kiwi & Cola Ice | HIFANCY TWINS 35000 - vozolvapen\",\"isPartOf\":{\"@id\":\"https:\\\/\\\/vozolvapen.de\\\/#website\"},\"primaryImageOfPage\":{\"@id\":\"https:\\\/\\\/vozolvapen.de\\\/product\\\/hifancy-twins-35000-strawberry-kiwi-cola-ice\\\/#primaryimage\"},\"image\":{\"@id\":\"https:\\\/\\\/vozolvapen.de\\\/product\\\/hifancy-twins-35000-strawberry-kiwi-cola-ice\\\/#primaryimage\"},\"thumbnailUrl\":\"https:\\\/\\\/vozolvapen.de\\\/wp-content\\\/uploads\\\/2025\\\/12\\\/HIFANCY-TWINS-35000-Strawberry-Kiwi-Cola-ice-2.webp\",\"datePublished\":\"2025-12-30T06:06:27+00:00\",\"dateModified\":\"2026-02-10T10:58:58+00:00\",\"description\":\"Enjoy Strawberry Kiwi and Cola Ice with the 35k puff HIFANCY TWINS. Dual tank system and Type-C charging. Order now for 1-3 day EU delivery!\",\"breadcrumb\":{\"@id\":\"https:\\\/\\\/vozolvapen.de\\\/product\\\/hifancy-twins-35000-strawberry-kiwi-cola-ice\\\/#breadcrumb\"},\"inLanguage\":\"pl-PL\",\"potentialAction\":[{\"@type\":\"ReadAction\",\"target\":[\"https:\\\/\\\/vozolvapen.de\\\/product\\\/hifancy-twins-35000-strawberry-kiwi-cola-ice\\\/\"]}]},{\"@type\":\"ImageObject\",\"inLanguage\":\"pl-PL\",\"@id\":\"https:\\\/\\\/vozolvapen.de\\\/product\\\/hifancy-twins-35000-strawberry-kiwi-cola-ice\\\/#primaryimage\",\"url\":\"https:\\\/\\\/vozolvapen.de\\\/wp-content\\\/uploads\\\/2025\\\/12\\\/HIFANCY-TWINS-35000-Strawberry-Kiwi-Cola-ice-2.webp\",\"contentUrl\":\"https:\\\/\\\/vozolvapen.de\\\/wp-content\\\/uploads\\\/2025\\\/12\\\/HIFANCY-TWINS-35000-Strawberry-Kiwi-Cola-ice-2.webp\",\"width\":1000,\"height\":1000,\"caption\":\"HIFANCY TWINS 35000 - Strawberry Kiwi & Cola ice (2)\"},{\"@type\":\"BreadcrumbList\",\"@id\":\"https:\\\/\\\/vozolvapen.de\\\/product\\\/hifancy-twins-35000-strawberry-kiwi-cola-ice\\\/#breadcrumb\",\"itemListElement\":[{\"@type\":\"ListItem\",\"position\":1,\"name\":\"Home\",\"item\":\"https:\\\/\\\/vozolvapen.de\\\/de\\\/\"},{\"@type\":\"ListItem\",\"position\":2,\"name\":\"Shop\",\"item\":\"https:\\\/\\\/vozolvapen.de\\\/shop\\\/\"},{\"@type\":\"ListItem\",\"position\":3,\"name\":\"HIFANCY TWINS 35000 &#8211; Strawberry Kiwi &#038; Cola ice\"}]},{\"@type\":\"WebSite\",\"@id\":\"https:\\\/\\\/vozolvapen.de\\\/#website\",\"url\":\"https:\\\/\\\/vozolvapen.de\\\/\",\"name\":\"vozolvapen\",\"description\":\"vozolvapen\",\"publisher\":{\"@id\":\"https:\\\/\\\/vozolvapen.de\\\/#organization\"},\"potentialAction\":[{\"@type\":\"SearchAction\",\"target\":{\"@type\":\"EntryPoint\",\"urlTemplate\":\"https:\\\/\\\/vozolvapen.de\\\/?s={search_term_string}\"},\"query-input\":{\"@type\":\"PropertyValueSpecification\",\"valueRequired\":true,\"valueName\":\"search_term_string\"}}],\"inLanguage\":\"pl-PL\"},{\"@type\":\"Organization\",\"@id\":\"https:\\\/\\\/vozolvapen.de\\\/#organization\",\"name\":\"vozolvapen\",\"url\":\"https:\\\/\\\/vozolvapen.de\\\/\",\"logo\":{\"@type\":\"ImageObject\",\"inLanguage\":\"pl-PL\",\"@id\":\"https:\\\/\\\/vozolvapen.de\\\/#\\\/schema\\\/logo\\\/image\\\/\",\"url\":\"https:\\\/\\\/vozolvapen.de\\\/wp-content\\\/uploads\\\/2025\\\/12\\\/cropped-vozovapen-logo.webp\",\"contentUrl\":\"https:\\\/\\\/vozolvapen.de\\\/wp-content\\\/uploads\\\/2025\\\/12\\\/cropped-vozovapen-logo.webp\",\"width\":470,\"height\":110,\"caption\":\"vozolvapen\"},\"image\":{\"@id\":\"https:\\\/\\\/vozolvapen.de\\\/#\\\/schema\\\/logo\\\/image\\\/\"}}]}<\/script>\n<!-- \/ Yoast SEO Premium plugin. -->","yoast_head_json":{"title":"Strawberry Kiwi &amp; Cola Ice | HIFANCY TWINS 35000 - vozolvapen","description":"Ciesz si\u0119 Strawberry Kiwi i Cola Ice dzi\u0119ki HIFANCY TWINS z 35 tys. puff\u00f3w. System podw\u00f3jnego zbiornika i \u0142adowanie typu C. Zam\u00f3w teraz z dostaw\u0105 w ci\u0105gu 1-3 dni!","robots":{"index":"index","follow":"follow","max-snippet":"max-snippet:-1","max-image-preview":"max-image-preview:large","max-video-preview":"max-video-preview:-1"},"canonical":"https:\/\/vozolvapen.de\/pl\/product\/hifancy-twins-35000-strawberry-kiwi-cola-ice\/","og_locale":"pl_PL","og_type":"article","og_title":"HIFANCY TWINS 35000 - Strawberry Kiwi & Cola ice","og_description":"Enjoy Strawberry Kiwi and Cola Ice with the 35k puff HIFANCY TWINS. Dual tank system and Type-C charging. Order now for 1-3 day EU delivery!","og_url":"https:\/\/vozolvapen.de\/pl\/product\/hifancy-twins-35000-strawberry-kiwi-cola-ice\/","og_site_name":"vozolvapen","article_modified_time":"2026-02-10T10:58:58+00:00","og_image":[{"width":1000,"height":1000,"url":"https:\/\/vozolvapen.de\/wp-content\/uploads\/2025\/12\/HIFANCY-TWINS-35000-Strawberry-Kiwi-Cola-ice-2.webp","type":"image\/webp"}],"twitter_card":"summary_large_image","twitter_misc":{"Szacowany czas czytania":"2 minuty"},"schema":{"@context":"https:\/\/schema.org","@graph":[{"@type":"WebPage","@id":"https:\/\/vozolvapen.de\/product\/hifancy-twins-35000-strawberry-kiwi-cola-ice\/","url":"https:\/\/vozolvapen.de\/product\/hifancy-twins-35000-strawberry-kiwi-cola-ice\/","name":"Strawberry Kiwi &amp; Cola Ice | HIFANCY TWINS 35000 - vozolvapen","isPartOf":{"@id":"https:\/\/vozolvapen.de\/#website"},"primaryImageOfPage":{"@id":"https:\/\/vozolvapen.de\/product\/hifancy-twins-35000-strawberry-kiwi-cola-ice\/#primaryimage"},"image":{"@id":"https:\/\/vozolvapen.de\/product\/hifancy-twins-35000-strawberry-kiwi-cola-ice\/#primaryimage"},"thumbnailUrl":"https:\/\/vozolvapen.de\/wp-content\/uploads\/2025\/12\/HIFANCY-TWINS-35000-Strawberry-Kiwi-Cola-ice-2.webp","datePublished":"2025-12-30T06:06:27+00:00","dateModified":"2026-02-10T10:58:58+00:00","description":"Ciesz si\u0119 Strawberry Kiwi i Cola Ice dzi\u0119ki HIFANCY TWINS z 35 tys. puff\u00f3w. System podw\u00f3jnego zbiornika i \u0142adowanie typu C. Zam\u00f3w teraz z dostaw\u0105 w ci\u0105gu 1-3 dni!","breadcrumb":{"@id":"https:\/\/vozolvapen.de\/product\/hifancy-twins-35000-strawberry-kiwi-cola-ice\/#breadcrumb"},"inLanguage":"pl-PL","potentialAction":[{"@type":"ReadAction","target":["https:\/\/vozolvapen.de\/product\/hifancy-twins-35000-strawberry-kiwi-cola-ice\/"]}]},{"@type":"ImageObject","inLanguage":"pl-PL","@id":"https:\/\/vozolvapen.de\/product\/hifancy-twins-35000-strawberry-kiwi-cola-ice\/#primaryimage","url":"https:\/\/vozolvapen.de\/wp-content\/uploads\/2025\/12\/HIFANCY-TWINS-35000-Strawberry-Kiwi-Cola-ice-2.webp","contentUrl":"https:\/\/vozolvapen.de\/wp-content\/uploads\/2025\/12\/HIFANCY-TWINS-35000-Strawberry-Kiwi-Cola-ice-2.webp","width":1000,"height":1000,"caption":"HIFANCY TWINS 35000 - Strawberry Kiwi & Cola ice (2)"},{"@type":"BreadcrumbList","@id":"https:\/\/vozolvapen.de\/product\/hifancy-twins-35000-strawberry-kiwi-cola-ice\/#breadcrumb","itemListElement":[{"@type":"ListItem","position":1,"name":"Home","item":"https:\/\/vozolvapen.de\/de\/"},{"@type":"ListItem","position":2,"name":"Shop","item":"https:\/\/vozolvapen.de\/shop\/"},{"@type":"ListItem","position":3,"name":"HIFANCY TWINS 35000 &#8211; Strawberry Kiwi &#038; Cola ice"}]},{"@type":"WebSite","@id":"https:\/\/vozolvapen.de\/#website","url":"https:\/\/vozolvapen.de\/","name":"vozolvapen","description":"vozolvapen","publisher":{"@id":"https:\/\/vozolvapen.de\/#organization"},"potentialAction":[{"@type":"SearchAction","target":{"@type":"EntryPoint","urlTemplate":"https:\/\/vozolvapen.de\/?s={search_term_string}"},"query-input":{"@type":"PropertyValueSpecification","valueRequired":true,"valueName":"search_term_string"}}],"inLanguage":"pl-PL"},{"@type":"Organization","@id":"https:\/\/vozolvapen.de\/#organization","name":"vozolvapen","url":"https:\/\/vozolvapen.de\/","logo":{"@type":"ImageObject","inLanguage":"pl-PL","@id":"https:\/\/vozolvapen.de\/#\/schema\/logo\/image\/","url":"https:\/\/vozolvapen.de\/wp-content\/uploads\/2025\/12\/cropped-vozovapen-logo.webp","contentUrl":"https:\/\/vozolvapen.de\/wp-content\/uploads\/2025\/12\/cropped-vozovapen-logo.webp","width":470,"height":110,"caption":"vozolvapen"},"image":{"@id":"https:\/\/vozolvapen.de\/#\/schema\/logo\/image\/"}}]}},"tiered_pricing_type":"fixed","tiered_pricing_fixed_rules":{"30":"15.19","50":"12.3","100":"10.5","200":"10"},"tiered_pricing_product_settings":{"layout":"default","base_unit_name":{"singular":null,"plural":null},"default_variation":{}},"tiered_pricing_minimum_quantity":10,"tiered_pricing_roles_data":[],"tiered_pricing_percentage_rules":[],"tiered_pricing_maximum_quantity":null,"tiered_pricing_quantity_step":"10","_links":{"self":[{"href":"http:\/\/vozolvapen.de\/pl\/wp-json\/wp\/v2\/product\/48300","targetHints":{"allow":["GET"]}}],"collection":[{"href":"http:\/\/vozolvapen.de\/pl\/wp-json\/wp\/v2\/product"}],"about":[{"href":"http:\/\/vozolvapen.de\/pl\/wp-json\/wp\/v2\/types\/product"}],"replies":[{"embeddable":true,"href":"http:\/\/vozolvapen.de\/pl\/wp-json\/wp\/v2\/comments?post=48300"}],"wp:featuredmedia":[{"embeddable":true,"href":"http:\/\/vozolvapen.de\/pl\/wp-json\/wp\/v2\/media\/48579"}],"wp:attachment":[{"href":"http:\/\/vozolvapen.de\/pl\/wp-json\/wp\/v2\/media?parent=48300"}],"wp:term":[{"taxonomy":"product_brand","embeddable":true,"href":"http:\/\/vozolvapen.de\/pl\/wp-json\/wp\/v2\/product_brand?post=48300"},{"taxonomy":"product_cat","embeddable":true,"href":"http:\/\/vozolvapen.de\/pl\/wp-json\/wp\/v2\/product_cat?post=48300"},{"taxonomy":"product_tag","embeddable":true,"href":"http:\/\/vozolvapen.de\/pl\/wp-json\/wp\/v2\/product_tag?post=48300"}],"curies":[{"name":"wp","href":"https:\/\/api.w.org\/{rel}","templated":true}]}}