{"id":48436,"date":"2025-12-30T06:06:34","date_gmt":"2025-12-30T06:06:34","guid":{"rendered":"https:\/\/vozolvapen.de\/?post_type=product&#038;p=48436"},"modified":"2026-02-10T10:58:49","modified_gmt":"2026-02-10T10:58:49","slug":"hifancy-twins-35000-banana-lce-energy-redbull","status":"publish","type":"product","link":"http:\/\/vozolvapen.de\/pl\/product\/hifancy-twins-35000-banana-lce-energy-redbull\/","title":{"rendered":"HIFANCY TWINS 35000 - Banana lce &amp; Energy Redbull"},"content":{"rendered":"<h1 data-path-to-node=\"10\"><b data-path-to-node=\"10\" data-index-in-node=\"0\">Banana Ice i Redbull Energy: Para wydajno\u015bci<\/b><\/h1>\n<p data-path-to-node=\"11\"><b data-path-to-node=\"11\" data-index-in-node=\"0\">Wysoka energia \u0142\u0105czy si\u0119 z g\u0142adkim ch\u0142odem:<\/b> Zaprojektowany dla tych, kt\u00f3rzy prowadz\u0105 aktywny tryb \u017cycia, ten <b data-path-to-node=\"11\" data-index-in-node=\"85\">HIFANCY 35k<\/b> set to przede wszystkim intensywno\u015b\u0107. Po\u0142\u0105czyli\u015bmy najg\u0119stszy profil owocowy (Banana) z najbardziej rozpoznawalnym smakiem napoju na \u015bwiecie (Energy Drink), aby stworzy\u0107 wysokowydajne doznania podczas waporyzacji.<\/p>\n<h2 data-path-to-node=\"12\"><b data-path-to-node=\"12\" data-index-in-node=\"0\">Podzia\u0142 profilu smakowego:<\/b><\/h2>\n<ul data-path-to-node=\"13\">\n<li>\n<p data-path-to-node=\"13,0,0\"><b data-path-to-node=\"13,0,0\" data-index-in-node=\"0\">Banana Ice:<\/b> G\u0119sty, kremowy krem bananowy. W przeciwie\u0144stwie do sztucznych cukierk\u00f3w, ten opiera si\u0119 na dojrza\u0142ej s\u0142odyczy banana, zwie\u0144czonej ch\u0142odz\u0105cym mentolowym powiewem.<\/p>\n<\/li>\n<li>\n<p data-path-to-node=\"13,1,0\"><b data-path-to-node=\"13,1,0\" data-index-in-node=\"0\">Energy Redbull:<\/b> Musuj\u0105ca, inspirowana tauryn\u0105 eksplozja. Ujmuje wyj\u0105tkowym \u201cgazowanym\u201d kopem napoju i s\u0142odk\u0105, lecznicz\u0105 nut\u0105 cytrusow\u0105, kt\u00f3ra natychmiast budzi zmys\u0142y.<\/p>\n<\/li>\n<\/ul>\n<h3 data-path-to-node=\"14\"><b data-path-to-node=\"14\" data-index-in-node=\"0\">Przewaga bli\u017aniak\u00f3w:<\/b><\/h3>\n<p data-path-to-node=\"14\">Z <b data-path-to-node=\"14\" data-index-in-node=\"28\">Port \u0142adowania 650 mAh typu C<\/b>, Dzi\u0119ki temu masz moc potrzebn\u0105 do utrzymania wysokiej mocy, kt\u00f3ra sprawia, \u017ce smak Energy naprawd\u0119 \u201cmusuje\u201d na j\u0119zyku. System podw\u00f3jnych zbiornik\u00f3w gwarantuje, \u017ce ci\u0119\u017ckie olejki bananowe nigdy nie zatkaj\u0105 strony napoju energetycznego.<\/p>\n<h3 data-path-to-node=\"14\"><b data-path-to-node=\"15,0\" data-index-in-node=\"0\">Dla kogo to jest?<\/b><\/h3>\n<p data-path-to-node=\"15,0\">\u201cPower Vaper\u201d, kt\u00f3ry potrzebuje odwa\u017cnych, ci\u0119\u017ckich smak\u00f3w i silnego uderzenia w gard\u0142o, aby utrzyma\u0107 je w ruchu.<\/p>\n<h3 data-path-to-node=\"24\"><b data-path-to-node=\"24\" data-index-in-node=\"0\">HIFANCY TWINS 35000 Full Series Tabela podsumowania technicznego<\/b><\/h3>\n<table data-path-to-node=\"26\">\n<thead>\n<tr>\n<td><strong>Cecha<\/strong><\/td>\n<td><strong>HIFANCY TWINS 35K Wydajno\u015b\u0107<\/strong><\/td>\n<\/tr>\n<\/thead>\n<tbody>\n<tr>\n<td><span data-path-to-node=\"26,1,0,0\"><b data-path-to-node=\"26,1,0,0\" data-index-in-node=\"0\">Puff Count<\/b><\/span><\/td>\n<td><span data-path-to-node=\"26,1,1,0\"><b data-path-to-node=\"26,1,1,0\" data-index-in-node=\"0\">35 000 zaci\u0105gni\u0119\u0107 (system z dwoma zbiornikami)<\/b><\/span><\/td>\n<\/tr>\n<tr>\n<td><span data-path-to-node=\"26,2,0,0\"><b data-path-to-node=\"26,2,0,0\" data-index-in-node=\"0\">Obj\u0119to\u015b\u0107 p\u0142ynu E-Liquid<\/b><\/span><\/td>\n<td><span data-path-to-node=\"26,2,1,0\"><b data-path-to-node=\"26,2,1,0\" data-index-in-node=\"0\">\u0141\u0105cznie 35 ml (17,5 ml x 2)<\/b><\/span><\/td>\n<\/tr>\n<tr>\n<td><span data-path-to-node=\"26,3,0,0\"><b data-path-to-node=\"26,3,0,0\" data-index-in-node=\"0\">Freshness Tech<\/b><\/span><\/td>\n<td><span data-path-to-node=\"26,3,1,0\"><b data-path-to-node=\"26,3,1,0\" data-index-in-node=\"0\">Separacja rdzeni olejowych (OCS)<\/b><\/span><\/td>\n<\/tr>\n<tr>\n<td><span data-path-to-node=\"26,4,0,0\"><b data-path-to-node=\"26,4,0,0\" data-index-in-node=\"0\">System cewek<\/b><\/span><\/td>\n<td><span data-path-to-node=\"26,4,1,0\">Zaawansowana cewka siatkowa 1,0\u03a9<\/span><\/td>\n<\/tr>\n<tr>\n<td><span data-path-to-node=\"26,5,0,0\"><b data-path-to-node=\"26,5,0,0\" data-index-in-node=\"0\">Bateria<\/b><\/span><\/td>\n<td><span data-path-to-node=\"26,5,1,0\">650 mAh (akumulator typu C)<\/span><\/td>\n<\/tr>\n<tr>\n<td><span data-path-to-node=\"26,6,0,0\"><b data-path-to-node=\"26,6,0,0\" data-index-in-node=\"0\">Poziom nikotyny<\/b><\/span><\/td>\n<td><span data-path-to-node=\"26,6,1,0\">2% \/ 3% \/ 5% S\u0142ona nikotyna<\/span><\/td>\n<\/tr>\n<tr>\n<td><span data-path-to-node=\"26,7,0,0\"><b data-path-to-node=\"26,7,0,0\" data-index-in-node=\"0\">Dost\u0119pno\u015b\u0107<\/b><\/span><\/td>\n<td><span data-path-to-node=\"26,7,1,0\"><b data-path-to-node=\"26,7,1,0\" data-index-in-node=\"0\">Magazyn europejski (dostawa w ci\u0105gu 1-3 dni)<\/b><\/span><\/td>\n<\/tr>\n<\/tbody>\n<\/table>\n<h3 dir=\"auto\">Oto dalsze zalecenia dla Ciebie:<\/h3>\n<p dir=\"auto\">Odkryj jeszcze wi\u0119cej niesamowitych smak\u00f3w dzi\u0119ki HIFANCY TWINS 35000 Puff Vape!<\/p>\n<p dir=\"auto\"><a href=\"https:\/\/vozolvapen.de\/pl\/product-category\/hifancy-vape\/hifancy-twins-35000-puffs-vape\/\" target=\"_blank\" rel=\"noopener noreferrer nofollow\">Zobacz wszystkie odmiany tutaj \u2192<\/a><\/p>\n<p dir=\"auto\">Zapoznaj si\u0119 z nasz\u0105 pe\u0142n\u0105 kolekcj\u0105 i kupuj produkty najlepszych marek vape, kt\u00f3re pokochasz.<\/p>\n<p dir=\"auto\"><a href=\"https:\/\/vozolvapen.de\/pl\/\" target=\"_blank\" rel=\"noopener noreferrer nofollow\">Przegl\u0105daj teraz wszystkie marki \u2192<\/a><\/p>\n<p dir=\"auto\">Sprawd\u017a ca\u0142\u0105 seri\u0119 Hifancy Vape - ka\u017cdy smak, ka\u017cdy styl!<\/p>\n<p dir=\"auto\"><a href=\"https:\/\/vozolvapen.de\/pl\/product-category\/hifancy-vape\/\" target=\"_blank\" rel=\"noopener noreferrer nofollow\">Zobacz pe\u0142n\u0105 kolekcj\u0119 Hifancy Vape \u2192<\/a><\/p>","protected":false},"excerpt":{"rendered":"<p><b data-path-to-node=\"4,7,4,0\" data-index-in-node=\"0\">Para wydajno\u015bci.<\/b> Intensywny Banana Ice \u0142\u0105czy si\u0119 z musuj\u0105cym Energy Drinkiem. Zaprojektowany dla vaper\u00f3w, kt\u00f3rzy chc\u0105 odwa\u017cnych smak\u00f3w i 35 000 zaci\u0105gni\u0119\u0107.<\/p>","protected":false},"featured_media":48590,"comment_status":"open","ping_status":"closed","template":"","meta":{"_acf_changed":false},"product_brand":[],"product_cat":[134,103],"product_tag":[],"class_list":{"0":"post-48436","1":"product","2":"type-product","3":"status-publish","4":"has-post-thumbnail","6":"product_cat-eu-warehouse-in-stock","7":"product_cat-hifancy-twins-35000-puffs-vape","9":"first","10":"instock","11":"shipping-taxable","12":"purchasable","13":"product-type-variable"},"acf":[],"yoast_head":"<!-- This site is optimized with the Yoast SEO Premium plugin v26.1 (Yoast SEO v27.5) - https:\/\/yoast.com\/product\/yoast-seo-premium-wordpress\/ -->\n<title>Banana Ice &amp; Energy Redbull | HIFANCY TWINS 35000 - vozolvapen<\/title>\n<meta name=\"description\" content=\"Boost your day! Banana Ice &amp; Energy Redbull 35k vape. Double oil tank, 35,000 puffs, and Type-C fast charging. Official HIFANCY VAPE stock.\" \/>\n<meta name=\"robots\" content=\"index, follow, max-snippet:-1, max-image-preview:large, max-video-preview:-1\" \/>\n<link rel=\"canonical\" href=\"https:\/\/vozolvapen.de\/pl\/product\/hifancy-twins-35000-banana-lce-energy-redbull\/\" \/>\n<meta property=\"og:locale\" content=\"pl_PL\" \/>\n<meta property=\"og:type\" content=\"article\" \/>\n<meta property=\"og:title\" content=\"HIFANCY TWINS 35000 - Banana lce &amp; Energy Redbull\" \/>\n<meta property=\"og:description\" content=\"Boost your day! Banana Ice &amp; Energy Redbull 35k vape. Double oil tank, 35,000 puffs, and Type-C fast charging. Official HIFANCY VAPE stock.\" \/>\n<meta property=\"og:url\" content=\"https:\/\/vozolvapen.de\/pl\/product\/hifancy-twins-35000-banana-lce-energy-redbull\/\" \/>\n<meta property=\"og:site_name\" content=\"vozolvapen\" \/>\n<meta property=\"article:modified_time\" content=\"2026-02-10T10:58:49+00:00\" \/>\n<meta property=\"og:image\" content=\"https:\/\/vozolvapen.de\/wp-content\/uploads\/2025\/12\/HIFANCY-TWINS-35000-Banana-lce-Energy-Redbull-2.webp\" \/>\n\t<meta property=\"og:image:width\" content=\"1000\" \/>\n\t<meta property=\"og:image:height\" content=\"1000\" \/>\n\t<meta property=\"og:image:type\" content=\"image\/webp\" \/>\n<meta name=\"twitter:card\" content=\"summary_large_image\" \/>\n<meta name=\"twitter:label1\" content=\"Szacowany czas czytania\" \/>\n\t<meta name=\"twitter:data1\" content=\"2 minuty\" \/>\n<script type=\"application\/ld+json\" class=\"yoast-schema-graph\">{\"@context\":\"https:\\\/\\\/schema.org\",\"@graph\":[{\"@type\":\"WebPage\",\"@id\":\"https:\\\/\\\/vozolvapen.de\\\/product\\\/hifancy-twins-35000-banana-lce-energy-redbull\\\/\",\"url\":\"https:\\\/\\\/vozolvapen.de\\\/product\\\/hifancy-twins-35000-banana-lce-energy-redbull\\\/\",\"name\":\"Banana Ice & Energy Redbull | HIFANCY TWINS 35000 - vozolvapen\",\"isPartOf\":{\"@id\":\"https:\\\/\\\/vozolvapen.de\\\/#website\"},\"primaryImageOfPage\":{\"@id\":\"https:\\\/\\\/vozolvapen.de\\\/product\\\/hifancy-twins-35000-banana-lce-energy-redbull\\\/#primaryimage\"},\"image\":{\"@id\":\"https:\\\/\\\/vozolvapen.de\\\/product\\\/hifancy-twins-35000-banana-lce-energy-redbull\\\/#primaryimage\"},\"thumbnailUrl\":\"https:\\\/\\\/vozolvapen.de\\\/wp-content\\\/uploads\\\/2025\\\/12\\\/HIFANCY-TWINS-35000-Banana-lce-Energy-Redbull-2.webp\",\"datePublished\":\"2025-12-30T06:06:34+00:00\",\"dateModified\":\"2026-02-10T10:58:49+00:00\",\"description\":\"Boost your day! Banana Ice & Energy Redbull 35k vape. Double oil tank, 35,000 puffs, and Type-C fast charging. Official HIFANCY VAPE stock.\",\"breadcrumb\":{\"@id\":\"https:\\\/\\\/vozolvapen.de\\\/product\\\/hifancy-twins-35000-banana-lce-energy-redbull\\\/#breadcrumb\"},\"inLanguage\":\"pl-PL\",\"potentialAction\":[{\"@type\":\"ReadAction\",\"target\":[\"https:\\\/\\\/vozolvapen.de\\\/product\\\/hifancy-twins-35000-banana-lce-energy-redbull\\\/\"]}]},{\"@type\":\"ImageObject\",\"inLanguage\":\"pl-PL\",\"@id\":\"https:\\\/\\\/vozolvapen.de\\\/product\\\/hifancy-twins-35000-banana-lce-energy-redbull\\\/#primaryimage\",\"url\":\"https:\\\/\\\/vozolvapen.de\\\/wp-content\\\/uploads\\\/2025\\\/12\\\/HIFANCY-TWINS-35000-Banana-lce-Energy-Redbull-2.webp\",\"contentUrl\":\"https:\\\/\\\/vozolvapen.de\\\/wp-content\\\/uploads\\\/2025\\\/12\\\/HIFANCY-TWINS-35000-Banana-lce-Energy-Redbull-2.webp\",\"width\":1000,\"height\":1000,\"caption\":\"HIFANCY TWINS 35000 - Banana lce & Energy Redbull (2)\"},{\"@type\":\"BreadcrumbList\",\"@id\":\"https:\\\/\\\/vozolvapen.de\\\/product\\\/hifancy-twins-35000-banana-lce-energy-redbull\\\/#breadcrumb\",\"itemListElement\":[{\"@type\":\"ListItem\",\"position\":1,\"name\":\"Home\",\"item\":\"https:\\\/\\\/vozolvapen.de\\\/de\\\/\"},{\"@type\":\"ListItem\",\"position\":2,\"name\":\"Shop\",\"item\":\"https:\\\/\\\/vozolvapen.de\\\/shop\\\/\"},{\"@type\":\"ListItem\",\"position\":3,\"name\":\"HIFANCY TWINS 35000 &#8211; Banana lce &#038; Energy Redbull\"}]},{\"@type\":\"WebSite\",\"@id\":\"https:\\\/\\\/vozolvapen.de\\\/#website\",\"url\":\"https:\\\/\\\/vozolvapen.de\\\/\",\"name\":\"vozolvapen\",\"description\":\"vozolvapen\",\"publisher\":{\"@id\":\"https:\\\/\\\/vozolvapen.de\\\/#organization\"},\"potentialAction\":[{\"@type\":\"SearchAction\",\"target\":{\"@type\":\"EntryPoint\",\"urlTemplate\":\"https:\\\/\\\/vozolvapen.de\\\/?s={search_term_string}\"},\"query-input\":{\"@type\":\"PropertyValueSpecification\",\"valueRequired\":true,\"valueName\":\"search_term_string\"}}],\"inLanguage\":\"pl-PL\"},{\"@type\":\"Organization\",\"@id\":\"https:\\\/\\\/vozolvapen.de\\\/#organization\",\"name\":\"vozolvapen\",\"url\":\"https:\\\/\\\/vozolvapen.de\\\/\",\"logo\":{\"@type\":\"ImageObject\",\"inLanguage\":\"pl-PL\",\"@id\":\"https:\\\/\\\/vozolvapen.de\\\/#\\\/schema\\\/logo\\\/image\\\/\",\"url\":\"https:\\\/\\\/vozolvapen.de\\\/wp-content\\\/uploads\\\/2025\\\/12\\\/cropped-vozovapen-logo.webp\",\"contentUrl\":\"https:\\\/\\\/vozolvapen.de\\\/wp-content\\\/uploads\\\/2025\\\/12\\\/cropped-vozovapen-logo.webp\",\"width\":470,\"height\":110,\"caption\":\"vozolvapen\"},\"image\":{\"@id\":\"https:\\\/\\\/vozolvapen.de\\\/#\\\/schema\\\/logo\\\/image\\\/\"}}]}<\/script>\n<!-- \/ Yoast SEO Premium plugin. -->","yoast_head_json":{"title":"Banana Ice &amp; Energy Redbull | HIFANCY TWINS 35000 - vozolvapen","description":"Wzmocnij sw\u00f3j dzie\u0144! Banana Ice &amp; Energy Redbull 35k vape. Podw\u00f3jny zbiornik oleju, 35 000 zaci\u0105gni\u0119\u0107 i szybkie \u0142adowanie typu C. Oficjalny zapas HIFANCY VAPE.","robots":{"index":"index","follow":"follow","max-snippet":"max-snippet:-1","max-image-preview":"max-image-preview:large","max-video-preview":"max-video-preview:-1"},"canonical":"https:\/\/vozolvapen.de\/pl\/product\/hifancy-twins-35000-banana-lce-energy-redbull\/","og_locale":"pl_PL","og_type":"article","og_title":"HIFANCY TWINS 35000 - Banana lce & Energy Redbull","og_description":"Boost your day! Banana Ice & Energy Redbull 35k vape. Double oil tank, 35,000 puffs, and Type-C fast charging. Official HIFANCY VAPE stock.","og_url":"https:\/\/vozolvapen.de\/pl\/product\/hifancy-twins-35000-banana-lce-energy-redbull\/","og_site_name":"vozolvapen","article_modified_time":"2026-02-10T10:58:49+00:00","og_image":[{"width":1000,"height":1000,"url":"https:\/\/vozolvapen.de\/wp-content\/uploads\/2025\/12\/HIFANCY-TWINS-35000-Banana-lce-Energy-Redbull-2.webp","type":"image\/webp"}],"twitter_card":"summary_large_image","twitter_misc":{"Szacowany czas czytania":"2 minuty"},"schema":{"@context":"https:\/\/schema.org","@graph":[{"@type":"WebPage","@id":"https:\/\/vozolvapen.de\/product\/hifancy-twins-35000-banana-lce-energy-redbull\/","url":"https:\/\/vozolvapen.de\/product\/hifancy-twins-35000-banana-lce-energy-redbull\/","name":"Banana Ice &amp; Energy Redbull | HIFANCY TWINS 35000 - vozolvapen","isPartOf":{"@id":"https:\/\/vozolvapen.de\/#website"},"primaryImageOfPage":{"@id":"https:\/\/vozolvapen.de\/product\/hifancy-twins-35000-banana-lce-energy-redbull\/#primaryimage"},"image":{"@id":"https:\/\/vozolvapen.de\/product\/hifancy-twins-35000-banana-lce-energy-redbull\/#primaryimage"},"thumbnailUrl":"https:\/\/vozolvapen.de\/wp-content\/uploads\/2025\/12\/HIFANCY-TWINS-35000-Banana-lce-Energy-Redbull-2.webp","datePublished":"2025-12-30T06:06:34+00:00","dateModified":"2026-02-10T10:58:49+00:00","description":"Wzmocnij sw\u00f3j dzie\u0144! Banana Ice &amp; Energy Redbull 35k vape. Podw\u00f3jny zbiornik oleju, 35 000 zaci\u0105gni\u0119\u0107 i szybkie \u0142adowanie typu C. Oficjalny zapas HIFANCY VAPE.","breadcrumb":{"@id":"https:\/\/vozolvapen.de\/product\/hifancy-twins-35000-banana-lce-energy-redbull\/#breadcrumb"},"inLanguage":"pl-PL","potentialAction":[{"@type":"ReadAction","target":["https:\/\/vozolvapen.de\/product\/hifancy-twins-35000-banana-lce-energy-redbull\/"]}]},{"@type":"ImageObject","inLanguage":"pl-PL","@id":"https:\/\/vozolvapen.de\/product\/hifancy-twins-35000-banana-lce-energy-redbull\/#primaryimage","url":"https:\/\/vozolvapen.de\/wp-content\/uploads\/2025\/12\/HIFANCY-TWINS-35000-Banana-lce-Energy-Redbull-2.webp","contentUrl":"https:\/\/vozolvapen.de\/wp-content\/uploads\/2025\/12\/HIFANCY-TWINS-35000-Banana-lce-Energy-Redbull-2.webp","width":1000,"height":1000,"caption":"HIFANCY TWINS 35000 - Banana lce & Energy Redbull (2)"},{"@type":"BreadcrumbList","@id":"https:\/\/vozolvapen.de\/product\/hifancy-twins-35000-banana-lce-energy-redbull\/#breadcrumb","itemListElement":[{"@type":"ListItem","position":1,"name":"Home","item":"https:\/\/vozolvapen.de\/de\/"},{"@type":"ListItem","position":2,"name":"Shop","item":"https:\/\/vozolvapen.de\/shop\/"},{"@type":"ListItem","position":3,"name":"HIFANCY TWINS 35000 &#8211; Banana lce &#038; Energy Redbull"}]},{"@type":"WebSite","@id":"https:\/\/vozolvapen.de\/#website","url":"https:\/\/vozolvapen.de\/","name":"vozolvapen","description":"vozolvapen","publisher":{"@id":"https:\/\/vozolvapen.de\/#organization"},"potentialAction":[{"@type":"SearchAction","target":{"@type":"EntryPoint","urlTemplate":"https:\/\/vozolvapen.de\/?s={search_term_string}"},"query-input":{"@type":"PropertyValueSpecification","valueRequired":true,"valueName":"search_term_string"}}],"inLanguage":"pl-PL"},{"@type":"Organization","@id":"https:\/\/vozolvapen.de\/#organization","name":"vozolvapen","url":"https:\/\/vozolvapen.de\/","logo":{"@type":"ImageObject","inLanguage":"pl-PL","@id":"https:\/\/vozolvapen.de\/#\/schema\/logo\/image\/","url":"https:\/\/vozolvapen.de\/wp-content\/uploads\/2025\/12\/cropped-vozovapen-logo.webp","contentUrl":"https:\/\/vozolvapen.de\/wp-content\/uploads\/2025\/12\/cropped-vozovapen-logo.webp","width":470,"height":110,"caption":"vozolvapen"},"image":{"@id":"https:\/\/vozolvapen.de\/#\/schema\/logo\/image\/"}}]}},"tiered_pricing_type":"fixed","tiered_pricing_fixed_rules":{"30":"15.19","50":"12.3","100":"10.5","200":"10"},"tiered_pricing_product_settings":{"layout":"default","base_unit_name":{"singular":null,"plural":null},"default_variation":{}},"tiered_pricing_minimum_quantity":10,"tiered_pricing_roles_data":[],"tiered_pricing_percentage_rules":[],"tiered_pricing_maximum_quantity":null,"tiered_pricing_quantity_step":"10","_links":{"self":[{"href":"http:\/\/vozolvapen.de\/pl\/wp-json\/wp\/v2\/product\/48436","targetHints":{"allow":["GET"]}}],"collection":[{"href":"http:\/\/vozolvapen.de\/pl\/wp-json\/wp\/v2\/product"}],"about":[{"href":"http:\/\/vozolvapen.de\/pl\/wp-json\/wp\/v2\/types\/product"}],"replies":[{"embeddable":true,"href":"http:\/\/vozolvapen.de\/pl\/wp-json\/wp\/v2\/comments?post=48436"}],"wp:featuredmedia":[{"embeddable":true,"href":"http:\/\/vozolvapen.de\/pl\/wp-json\/wp\/v2\/media\/48590"}],"wp:attachment":[{"href":"http:\/\/vozolvapen.de\/pl\/wp-json\/wp\/v2\/media?parent=48436"}],"wp:term":[{"taxonomy":"product_brand","embeddable":true,"href":"http:\/\/vozolvapen.de\/pl\/wp-json\/wp\/v2\/product_brand?post=48436"},{"taxonomy":"product_cat","embeddable":true,"href":"http:\/\/vozolvapen.de\/pl\/wp-json\/wp\/v2\/product_cat?post=48436"},{"taxonomy":"product_tag","embeddable":true,"href":"http:\/\/vozolvapen.de\/pl\/wp-json\/wp\/v2\/product_tag?post=48436"}],"curies":[{"name":"wp","href":"https:\/\/api.w.org\/{rel}","templated":true}]}}