{"id":48470,"date":"2025-12-30T06:06:35","date_gmt":"2025-12-30T06:06:35","guid":{"rendered":"https:\/\/vozolvapen.de\/?post_type=product&#038;p=48470"},"modified":"2026-02-10T10:58:45","modified_gmt":"2026-02-10T10:58:45","slug":"hifancy-twins-35000-skittles-mixed-berries","status":"publish","type":"product","link":"http:\/\/vozolvapen.de\/pl\/product\/hifancy-twins-35000-skittles-mixed-berries\/","title":{"rendered":"HIFANCY TWINS 35000 - Skittles &amp; Mixed Berries"},"content":{"rendered":"<h1 data-path-to-node=\"17\"><b data-path-to-node=\"17\" data-index-in-node=\"0\">8. Skittles &amp; Mixed Berries: Rainbow Berry Bowl<\/b><\/h1>\n<p data-path-to-node=\"18\"><b data-path-to-node=\"18\" data-index-in-node=\"0\">Cukrowe arcydzie\u0142o:<\/b> To jest wydanie \u201cCandy Shop\u201d z serii <b data-path-to-node=\"18\" data-index-in-node=\"67\">HIFANCY TWINS 35000<\/b>. Je\u015bli jeste\u015b prawdziwym \u0142akomczuchem, ta para oferuje 35 000 zaci\u0105gni\u0119\u0107 czystej, niezm\u0105conej owocowej rado\u015bci. Jest to profil smakowy o wysokim nasyceniu, kt\u00f3ry pozostaje jasny i s\u0142odki od pocz\u0105tku do ko\u0144ca.<\/p>\n<h2 data-path-to-node=\"19\"><b data-path-to-node=\"19\" data-index-in-node=\"0\">Podzia\u0142 profilu smakowego:<\/b><\/h2>\n<ul data-path-to-node=\"20\">\n<li>\n<p data-path-to-node=\"20,0,0\"><b data-path-to-node=\"20,0,0\" data-index-in-node=\"0\">Skittles:<\/b> Wielobarwna eksplozja nut winogron, cytryny, limonki i pomara\u0144czy. To \u201ct\u0119cza\u201d w ustach - s\u0142odka, lekko cierpka i bardzo nostalgiczna.<\/p>\n<\/li>\n<li>\n<p data-path-to-node=\"20,1,0\"><b data-path-to-node=\"20,1,0\" data-index-in-node=\"0\">Jagody mieszane:<\/b> Mieszanka dzikich le\u015bnych jag\u00f3d. Zawiera s\u0142odycz jag\u00f3d i malin oraz wyrafinowan\u0105, ciemn\u0105 cierpko\u015b\u0107 je\u017cyn, zapewniaj\u0105c zr\u00f3wnowa\u017cony smak.<\/p>\n<\/li>\n<\/ul>\n<h3 data-path-to-node=\"21\"><b data-path-to-node=\"21\" data-index-in-node=\"0\">Gwarantowana \u015bwie\u017co\u015b\u0107:<\/b><\/h3>\n<p data-path-to-node=\"21\">The <b data-path-to-node=\"21\" data-index-in-node=\"26\">Podw\u00f3jny zbiornik oleju<\/b> ma zasadnicze znaczenie dla smaku cukierk\u00f3w. Zapobiega on \u201ckarmelizacji\u201d cukr\u00f3w lub zbyt wczesnemu ciemnieniu, zapewniaj\u0105c, \u017ce smak Skittles pozostaje jasny i owocowy nawet po tygodniach u\u017cytkowania.<\/p>\n<h3 data-path-to-node=\"21\"><b data-path-to-node=\"22,0\" data-index-in-node=\"0\">Dla kogo to jest?<\/b><\/h3>\n<p data-path-to-node=\"22,0\">\u201cDessert First\u201d, kt\u00f3ry pragnie najbardziej aromatycznych i s\u0142odkich dozna\u0144 w tytoniu. <b data-path-to-node=\"22,0\" data-index-in-node=\"106\">35k vape<\/b> rynek.<\/p>\n<h3 data-path-to-node=\"24\"><b data-path-to-node=\"24\" data-index-in-node=\"0\">HIFANCY TWINS 35000 Full Series Tabela podsumowania technicznego<\/b><\/h3>\n<table data-path-to-node=\"26\">\n<thead>\n<tr>\n<td><strong>Cecha<\/strong><\/td>\n<td><strong>HIFANCY TWINS 35K Wydajno\u015b\u0107<\/strong><\/td>\n<\/tr>\n<\/thead>\n<tbody>\n<tr>\n<td><span data-path-to-node=\"26,1,0,0\"><b data-path-to-node=\"26,1,0,0\" data-index-in-node=\"0\">Puff Count<\/b><\/span><\/td>\n<td><span data-path-to-node=\"26,1,1,0\"><b data-path-to-node=\"26,1,1,0\" data-index-in-node=\"0\">35 000 zaci\u0105gni\u0119\u0107 (system z dwoma zbiornikami)<\/b><\/span><\/td>\n<\/tr>\n<tr>\n<td><span data-path-to-node=\"26,2,0,0\"><b data-path-to-node=\"26,2,0,0\" data-index-in-node=\"0\">Obj\u0119to\u015b\u0107 p\u0142ynu E-Liquid<\/b><\/span><\/td>\n<td><span data-path-to-node=\"26,2,1,0\"><b data-path-to-node=\"26,2,1,0\" data-index-in-node=\"0\">\u0141\u0105cznie 35 ml (17,5 ml x 2)<\/b><\/span><\/td>\n<\/tr>\n<tr>\n<td><span data-path-to-node=\"26,3,0,0\"><b data-path-to-node=\"26,3,0,0\" data-index-in-node=\"0\">Freshness Tech<\/b><\/span><\/td>\n<td><span data-path-to-node=\"26,3,1,0\"><b data-path-to-node=\"26,3,1,0\" data-index-in-node=\"0\">Separacja rdzeni olejowych (OCS)<\/b><\/span><\/td>\n<\/tr>\n<tr>\n<td><span data-path-to-node=\"26,4,0,0\"><b data-path-to-node=\"26,4,0,0\" data-index-in-node=\"0\">System cewek<\/b><\/span><\/td>\n<td><span data-path-to-node=\"26,4,1,0\">Zaawansowana cewka siatkowa 1,0\u03a9<\/span><\/td>\n<\/tr>\n<tr>\n<td><span data-path-to-node=\"26,5,0,0\"><b data-path-to-node=\"26,5,0,0\" data-index-in-node=\"0\">Bateria<\/b><\/span><\/td>\n<td><span data-path-to-node=\"26,5,1,0\">650 mAh (akumulator typu C)<\/span><\/td>\n<\/tr>\n<tr>\n<td><span data-path-to-node=\"26,6,0,0\"><b data-path-to-node=\"26,6,0,0\" data-index-in-node=\"0\">Poziom nikotyny<\/b><\/span><\/td>\n<td><span data-path-to-node=\"26,6,1,0\">2% \/ 3% \/ 5% S\u0142ona nikotyna<\/span><\/td>\n<\/tr>\n<tr>\n<td><span data-path-to-node=\"26,7,0,0\"><b data-path-to-node=\"26,7,0,0\" data-index-in-node=\"0\">Dost\u0119pno\u015b\u0107<\/b><\/span><\/td>\n<td><span data-path-to-node=\"26,7,1,0\"><b data-path-to-node=\"26,7,1,0\" data-index-in-node=\"0\">Magazyn europejski (dostawa w ci\u0105gu 1-3 dni)<\/b><\/span><\/td>\n<\/tr>\n<\/tbody>\n<\/table>\n<h3 dir=\"auto\">Oto dalsze zalecenia dla Ciebie:<\/h3>\n<p dir=\"auto\">Odkryj jeszcze wi\u0119cej niesamowitych smak\u00f3w dzi\u0119ki HIFANCY TWINS 35000 Puff Vape!<\/p>\n<p dir=\"auto\"><a href=\"https:\/\/vozolvapen.de\/pl\/product-category\/hifancy-vape\/hifancy-twins-35000-puffs-vape\/\" target=\"_blank\" rel=\"noopener noreferrer nofollow\">Zobacz wszystkie odmiany tutaj \u2192<\/a><\/p>\n<p dir=\"auto\">Zapoznaj si\u0119 z nasz\u0105 pe\u0142n\u0105 kolekcj\u0105 i kupuj produkty najlepszych marek vape, kt\u00f3re pokochasz.<\/p>\n<p dir=\"auto\"><a href=\"https:\/\/vozolvapen.de\/pl\/\" target=\"_blank\" rel=\"noopener noreferrer nofollow\">Przegl\u0105daj teraz wszystkie marki \u2192<\/a><\/p>\n<p dir=\"auto\">Sprawd\u017a ca\u0142\u0105 seri\u0119 Hifancy Vape - ka\u017cdy smak, ka\u017cdy styl!<\/p>\n<p dir=\"auto\"><a href=\"https:\/\/vozolvapen.de\/pl\/product-category\/hifancy-vape\/\" target=\"_blank\" rel=\"noopener noreferrer nofollow\">Zobacz pe\u0142n\u0105 kolekcj\u0119 Hifancy Vape \u2192<\/a><\/p>","protected":false},"excerpt":{"rendered":"<p><b data-path-to-node=\"4,8,4,0\" data-index-in-node=\"0\">Rainbow Berry Bowl.<\/b> Raj dla mi\u0142o\u015bnik\u00f3w s\u0142odyczy. Ten zestaw HIFANCY 35000 puff\u00f3w oferuje nuty cukru o wysokim nasyceniu i \u015bwie\u017ce mieszanki le\u015bnych jag\u00f3d.<\/p>","protected":false},"featured_media":48593,"comment_status":"open","ping_status":"closed","template":"","meta":{"_acf_changed":false},"product_brand":[],"product_cat":[134,103],"product_tag":[],"class_list":{"0":"post-48470","1":"product","2":"type-product","3":"status-publish","4":"has-post-thumbnail","6":"product_cat-eu-warehouse-in-stock","7":"product_cat-hifancy-twins-35000-puffs-vape","9":"first","10":"instock","11":"shipping-taxable","12":"purchasable","13":"product-type-variable"},"acf":[],"yoast_head":"<!-- This site is optimized with the Yoast SEO Premium plugin v26.1 (Yoast SEO v27.5) - https:\/\/yoast.com\/product\/yoast-seo-premium-wordpress\/ -->\n<title>Skittles &amp; Mixed Berries | HIFANCY TWINS 35000 - vozolvapen<\/title>\n<meta name=\"description\" content=\"Sweet rainbow candy &amp; wild berries! HIFANCY 35k TWINS with double tanks and oil-core separation. 35,000 puffs of pure sweetness. Shop now.\" \/>\n<meta name=\"robots\" content=\"index, follow, max-snippet:-1, max-image-preview:large, max-video-preview:-1\" \/>\n<link rel=\"canonical\" href=\"https:\/\/vozolvapen.de\/pl\/product\/hifancy-twins-35000-skittles-mixed-berries\/\" \/>\n<meta property=\"og:locale\" content=\"pl_PL\" \/>\n<meta property=\"og:type\" content=\"article\" \/>\n<meta property=\"og:title\" content=\"HIFANCY TWINS 35000 - Skittles &amp; Mixed Berries\" \/>\n<meta property=\"og:description\" content=\"Sweet rainbow candy &amp; wild berries! HIFANCY 35k TWINS with double tanks and oil-core separation. 35,000 puffs of pure sweetness. Shop now.\" \/>\n<meta property=\"og:url\" content=\"https:\/\/vozolvapen.de\/pl\/product\/hifancy-twins-35000-skittles-mixed-berries\/\" \/>\n<meta property=\"og:site_name\" content=\"vozolvapen\" \/>\n<meta property=\"article:modified_time\" content=\"2026-02-10T10:58:45+00:00\" \/>\n<meta property=\"og:image\" content=\"https:\/\/vozolvapen.de\/wp-content\/uploads\/2025\/12\/HIFANCY-TWINS-35000-Skittles-Mixed-Berries-2.webp\" \/>\n\t<meta property=\"og:image:width\" content=\"1000\" \/>\n\t<meta property=\"og:image:height\" content=\"1000\" \/>\n\t<meta property=\"og:image:type\" content=\"image\/webp\" \/>\n<meta name=\"twitter:card\" content=\"summary_large_image\" \/>\n<meta name=\"twitter:label1\" content=\"Szacowany czas czytania\" \/>\n\t<meta name=\"twitter:data1\" content=\"2 minuty\" \/>\n<script type=\"application\/ld+json\" class=\"yoast-schema-graph\">{\"@context\":\"https:\\\/\\\/schema.org\",\"@graph\":[{\"@type\":\"WebPage\",\"@id\":\"https:\\\/\\\/vozolvapen.de\\\/product\\\/hifancy-twins-35000-skittles-mixed-berries\\\/\",\"url\":\"https:\\\/\\\/vozolvapen.de\\\/product\\\/hifancy-twins-35000-skittles-mixed-berries\\\/\",\"name\":\"Skittles & Mixed Berries | HIFANCY TWINS 35000 - vozolvapen\",\"isPartOf\":{\"@id\":\"https:\\\/\\\/vozolvapen.de\\\/#website\"},\"primaryImageOfPage\":{\"@id\":\"https:\\\/\\\/vozolvapen.de\\\/product\\\/hifancy-twins-35000-skittles-mixed-berries\\\/#primaryimage\"},\"image\":{\"@id\":\"https:\\\/\\\/vozolvapen.de\\\/product\\\/hifancy-twins-35000-skittles-mixed-berries\\\/#primaryimage\"},\"thumbnailUrl\":\"https:\\\/\\\/vozolvapen.de\\\/wp-content\\\/uploads\\\/2025\\\/12\\\/HIFANCY-TWINS-35000-Skittles-Mixed-Berries-2.webp\",\"datePublished\":\"2025-12-30T06:06:35+00:00\",\"dateModified\":\"2026-02-10T10:58:45+00:00\",\"description\":\"Sweet rainbow candy & wild berries! HIFANCY 35k TWINS with double tanks and oil-core separation. 35,000 puffs of pure sweetness. Shop now.\",\"breadcrumb\":{\"@id\":\"https:\\\/\\\/vozolvapen.de\\\/product\\\/hifancy-twins-35000-skittles-mixed-berries\\\/#breadcrumb\"},\"inLanguage\":\"pl-PL\",\"potentialAction\":[{\"@type\":\"ReadAction\",\"target\":[\"https:\\\/\\\/vozolvapen.de\\\/product\\\/hifancy-twins-35000-skittles-mixed-berries\\\/\"]}]},{\"@type\":\"ImageObject\",\"inLanguage\":\"pl-PL\",\"@id\":\"https:\\\/\\\/vozolvapen.de\\\/product\\\/hifancy-twins-35000-skittles-mixed-berries\\\/#primaryimage\",\"url\":\"https:\\\/\\\/vozolvapen.de\\\/wp-content\\\/uploads\\\/2025\\\/12\\\/HIFANCY-TWINS-35000-Skittles-Mixed-Berries-2.webp\",\"contentUrl\":\"https:\\\/\\\/vozolvapen.de\\\/wp-content\\\/uploads\\\/2025\\\/12\\\/HIFANCY-TWINS-35000-Skittles-Mixed-Berries-2.webp\",\"width\":1000,\"height\":1000,\"caption\":\"HIFANCY TWINS 35000 - Skittles & Mixed Berries (2)\"},{\"@type\":\"BreadcrumbList\",\"@id\":\"https:\\\/\\\/vozolvapen.de\\\/product\\\/hifancy-twins-35000-skittles-mixed-berries\\\/#breadcrumb\",\"itemListElement\":[{\"@type\":\"ListItem\",\"position\":1,\"name\":\"Home\",\"item\":\"https:\\\/\\\/vozolvapen.de\\\/de\\\/\"},{\"@type\":\"ListItem\",\"position\":2,\"name\":\"Shop\",\"item\":\"https:\\\/\\\/vozolvapen.de\\\/shop\\\/\"},{\"@type\":\"ListItem\",\"position\":3,\"name\":\"HIFANCY TWINS 35000 &#8211; Skittles &#038; Mixed Berries\"}]},{\"@type\":\"WebSite\",\"@id\":\"https:\\\/\\\/vozolvapen.de\\\/#website\",\"url\":\"https:\\\/\\\/vozolvapen.de\\\/\",\"name\":\"vozolvapen\",\"description\":\"vozolvapen\",\"publisher\":{\"@id\":\"https:\\\/\\\/vozolvapen.de\\\/#organization\"},\"potentialAction\":[{\"@type\":\"SearchAction\",\"target\":{\"@type\":\"EntryPoint\",\"urlTemplate\":\"https:\\\/\\\/vozolvapen.de\\\/?s={search_term_string}\"},\"query-input\":{\"@type\":\"PropertyValueSpecification\",\"valueRequired\":true,\"valueName\":\"search_term_string\"}}],\"inLanguage\":\"pl-PL\"},{\"@type\":\"Organization\",\"@id\":\"https:\\\/\\\/vozolvapen.de\\\/#organization\",\"name\":\"vozolvapen\",\"url\":\"https:\\\/\\\/vozolvapen.de\\\/\",\"logo\":{\"@type\":\"ImageObject\",\"inLanguage\":\"pl-PL\",\"@id\":\"https:\\\/\\\/vozolvapen.de\\\/#\\\/schema\\\/logo\\\/image\\\/\",\"url\":\"https:\\\/\\\/vozolvapen.de\\\/wp-content\\\/uploads\\\/2025\\\/12\\\/cropped-vozovapen-logo.webp\",\"contentUrl\":\"https:\\\/\\\/vozolvapen.de\\\/wp-content\\\/uploads\\\/2025\\\/12\\\/cropped-vozovapen-logo.webp\",\"width\":470,\"height\":110,\"caption\":\"vozolvapen\"},\"image\":{\"@id\":\"https:\\\/\\\/vozolvapen.de\\\/#\\\/schema\\\/logo\\\/image\\\/\"}}]}<\/script>\n<!-- \/ Yoast SEO Premium plugin. -->","yoast_head_json":{"title":"Skittles &amp; Mixed Berries | HIFANCY TWINS 35000 - vozolvapen","description":"S\u0142odkie t\u0119czowe cukierki i dzikie jagody! HIFANCY 35k TWINS z podw\u00f3jnymi zbiornikami i separacj\u0105 rdzenia olejowego. 35 000 zaci\u0105gni\u0119\u0107 czystej s\u0142odyczy. Kup teraz.","robots":{"index":"index","follow":"follow","max-snippet":"max-snippet:-1","max-image-preview":"max-image-preview:large","max-video-preview":"max-video-preview:-1"},"canonical":"https:\/\/vozolvapen.de\/pl\/product\/hifancy-twins-35000-skittles-mixed-berries\/","og_locale":"pl_PL","og_type":"article","og_title":"HIFANCY TWINS 35000 - Skittles & Mixed Berries","og_description":"Sweet rainbow candy & wild berries! HIFANCY 35k TWINS with double tanks and oil-core separation. 35,000 puffs of pure sweetness. Shop now.","og_url":"https:\/\/vozolvapen.de\/pl\/product\/hifancy-twins-35000-skittles-mixed-berries\/","og_site_name":"vozolvapen","article_modified_time":"2026-02-10T10:58:45+00:00","og_image":[{"width":1000,"height":1000,"url":"https:\/\/vozolvapen.de\/wp-content\/uploads\/2025\/12\/HIFANCY-TWINS-35000-Skittles-Mixed-Berries-2.webp","type":"image\/webp"}],"twitter_card":"summary_large_image","twitter_misc":{"Szacowany czas czytania":"2 minuty"},"schema":{"@context":"https:\/\/schema.org","@graph":[{"@type":"WebPage","@id":"https:\/\/vozolvapen.de\/product\/hifancy-twins-35000-skittles-mixed-berries\/","url":"https:\/\/vozolvapen.de\/product\/hifancy-twins-35000-skittles-mixed-berries\/","name":"Skittles &amp; Mixed Berries | HIFANCY TWINS 35000 - vozolvapen","isPartOf":{"@id":"https:\/\/vozolvapen.de\/#website"},"primaryImageOfPage":{"@id":"https:\/\/vozolvapen.de\/product\/hifancy-twins-35000-skittles-mixed-berries\/#primaryimage"},"image":{"@id":"https:\/\/vozolvapen.de\/product\/hifancy-twins-35000-skittles-mixed-berries\/#primaryimage"},"thumbnailUrl":"https:\/\/vozolvapen.de\/wp-content\/uploads\/2025\/12\/HIFANCY-TWINS-35000-Skittles-Mixed-Berries-2.webp","datePublished":"2025-12-30T06:06:35+00:00","dateModified":"2026-02-10T10:58:45+00:00","description":"S\u0142odkie t\u0119czowe cukierki i dzikie jagody! HIFANCY 35k TWINS z podw\u00f3jnymi zbiornikami i separacj\u0105 rdzenia olejowego. 35 000 zaci\u0105gni\u0119\u0107 czystej s\u0142odyczy. Kup teraz.","breadcrumb":{"@id":"https:\/\/vozolvapen.de\/product\/hifancy-twins-35000-skittles-mixed-berries\/#breadcrumb"},"inLanguage":"pl-PL","potentialAction":[{"@type":"ReadAction","target":["https:\/\/vozolvapen.de\/product\/hifancy-twins-35000-skittles-mixed-berries\/"]}]},{"@type":"ImageObject","inLanguage":"pl-PL","@id":"https:\/\/vozolvapen.de\/product\/hifancy-twins-35000-skittles-mixed-berries\/#primaryimage","url":"https:\/\/vozolvapen.de\/wp-content\/uploads\/2025\/12\/HIFANCY-TWINS-35000-Skittles-Mixed-Berries-2.webp","contentUrl":"https:\/\/vozolvapen.de\/wp-content\/uploads\/2025\/12\/HIFANCY-TWINS-35000-Skittles-Mixed-Berries-2.webp","width":1000,"height":1000,"caption":"HIFANCY TWINS 35000 - Skittles & Mixed Berries (2)"},{"@type":"BreadcrumbList","@id":"https:\/\/vozolvapen.de\/product\/hifancy-twins-35000-skittles-mixed-berries\/#breadcrumb","itemListElement":[{"@type":"ListItem","position":1,"name":"Home","item":"https:\/\/vozolvapen.de\/de\/"},{"@type":"ListItem","position":2,"name":"Shop","item":"https:\/\/vozolvapen.de\/shop\/"},{"@type":"ListItem","position":3,"name":"HIFANCY TWINS 35000 &#8211; Skittles &#038; Mixed Berries"}]},{"@type":"WebSite","@id":"https:\/\/vozolvapen.de\/#website","url":"https:\/\/vozolvapen.de\/","name":"vozolvapen","description":"vozolvapen","publisher":{"@id":"https:\/\/vozolvapen.de\/#organization"},"potentialAction":[{"@type":"SearchAction","target":{"@type":"EntryPoint","urlTemplate":"https:\/\/vozolvapen.de\/?s={search_term_string}"},"query-input":{"@type":"PropertyValueSpecification","valueRequired":true,"valueName":"search_term_string"}}],"inLanguage":"pl-PL"},{"@type":"Organization","@id":"https:\/\/vozolvapen.de\/#organization","name":"vozolvapen","url":"https:\/\/vozolvapen.de\/","logo":{"@type":"ImageObject","inLanguage":"pl-PL","@id":"https:\/\/vozolvapen.de\/#\/schema\/logo\/image\/","url":"https:\/\/vozolvapen.de\/wp-content\/uploads\/2025\/12\/cropped-vozovapen-logo.webp","contentUrl":"https:\/\/vozolvapen.de\/wp-content\/uploads\/2025\/12\/cropped-vozovapen-logo.webp","width":470,"height":110,"caption":"vozolvapen"},"image":{"@id":"https:\/\/vozolvapen.de\/#\/schema\/logo\/image\/"}}]}},"tiered_pricing_type":"fixed","tiered_pricing_fixed_rules":{"30":"15.19","50":"12.3","100":"10.5","200":"10"},"tiered_pricing_product_settings":{"layout":"default","base_unit_name":{"singular":null,"plural":null},"default_variation":{}},"tiered_pricing_minimum_quantity":10,"tiered_pricing_roles_data":[],"tiered_pricing_percentage_rules":[],"tiered_pricing_maximum_quantity":null,"tiered_pricing_quantity_step":"10","_links":{"self":[{"href":"http:\/\/vozolvapen.de\/pl\/wp-json\/wp\/v2\/product\/48470","targetHints":{"allow":["GET"]}}],"collection":[{"href":"http:\/\/vozolvapen.de\/pl\/wp-json\/wp\/v2\/product"}],"about":[{"href":"http:\/\/vozolvapen.de\/pl\/wp-json\/wp\/v2\/types\/product"}],"replies":[{"embeddable":true,"href":"http:\/\/vozolvapen.de\/pl\/wp-json\/wp\/v2\/comments?post=48470"}],"wp:featuredmedia":[{"embeddable":true,"href":"http:\/\/vozolvapen.de\/pl\/wp-json\/wp\/v2\/media\/48593"}],"wp:attachment":[{"href":"http:\/\/vozolvapen.de\/pl\/wp-json\/wp\/v2\/media?parent=48470"}],"wp:term":[{"taxonomy":"product_brand","embeddable":true,"href":"http:\/\/vozolvapen.de\/pl\/wp-json\/wp\/v2\/product_brand?post=48470"},{"taxonomy":"product_cat","embeddable":true,"href":"http:\/\/vozolvapen.de\/pl\/wp-json\/wp\/v2\/product_cat?post=48470"},{"taxonomy":"product_tag","embeddable":true,"href":"http:\/\/vozolvapen.de\/pl\/wp-json\/wp\/v2\/product_tag?post=48470"}],"curies":[{"name":"wp","href":"https:\/\/api.w.org\/{rel}","templated":true}]}}