{"id":48656,"date":"2025-12-30T09:46:32","date_gmt":"2025-12-30T09:46:32","guid":{"rendered":"https:\/\/vozolvapen.de\/?post_type=product&#038;p=48656"},"modified":"2026-02-10T10:58:38","modified_gmt":"2026-02-10T10:58:38","slug":"puff-140k-bang-blaze-140000-watermelon-icestrawberry-lychee-guuty-bears","status":"publish","type":"product","link":"http:\/\/vozolvapen.de\/pl\/product\/puff-140k-bang-blaze-140000-watermelon-icestrawberry-lychee-guuty-bears\/","title":{"rendered":"Puff 140k Bang Blaze 140000 - Watermelon Ice&amp;Strawberry Lychee &amp;Guuty bears"},"content":{"rendered":"<h1 data-path-to-node=\"2\"><b data-path-to-node=\"2\" data-index-in-node=\"0\">Bang Blaze 140,000 Puffs \u2013 Watermelon Ice, Strawberry Lychee, Gummy Bears<\/b><\/h1>\n<p data-path-to-node=\"3\"><b data-path-to-node=\"3\" data-index-in-node=\"0\">The Carnival Freshness:<\/b> A vibrant journey through sweetness and frost. This set offers the hydrating chill of Watermelon Ice, the floral elegance of Strawberry Lychee, and the nostalgic candy punch of Gummy Bears. Designed for vapers who love to switch between fruit and candy throughout the day.<\/p>\n<h2 data-path-to-node=\"4\"><b data-path-to-node=\"4\" data-index-in-node=\"0\">The Carnival Combination: A Flavor Deep Dive<\/b><\/h2>\n<ul>\n<li data-path-to-node=\"5,0,0\"><b data-path-to-node=\"5,0,0\" data-index-in-node=\"0\">Watermelon Ice (Pod 1):<\/b> A crisp, juicy melon inhale followed by a massive arctic blast to keep you refreshed.<\/li>\n<li data-path-to-node=\"5,1,0\"><b data-path-to-node=\"5,1,0\" data-index-in-node=\"0\">Strawberry Lychee (Pod 2):<\/b> A sophisticated blend of sun-ripened strawberries and exotic, fragrant lychee.<\/li>\n<li data-path-to-node=\"5,2,0\"><b data-path-to-node=\"5,2,0\" data-index-in-node=\"0\">Gummy Bears (Pod 3):<\/b> A sugary, rainbow-inspired candy profile that captures the chewy essence of your favorite childhood treat.<\/li>\n<\/ul>\n<h2 data-path-to-node=\"7\"><b data-path-to-node=\"7\" data-index-in-node=\"0\">Dla kogo przeznaczony jest ten smak?<\/b><\/h2>\n<p data-path-to-node=\"7\"><b data-path-to-node=\"7\" data-index-in-node=\"24\">The Sweet Tooth Adventurer:<\/b> Perfect for vapers who want a serious sugar kick but appreciate the palate-cleansing effect of mentholated watermelon.<\/p>\n<h2><strong>Puff 140k Bang Blaze 140000 <\/strong><strong>Wideo\uff1a<\/strong><\/h2>\n<p><iframe title=\"Puff 140k Bang Blaze 140000 Puffs Disposable Vape 3 in 1 36 Flavor E-Liquid E Cigarette Vaper pen Free Shipping\" src=\"https:\/\/player.vimeo.com\/video\/1153118330?badge=0&amp;autopause=0&amp;player_id=0&amp;app_id=58479\" width=\"400\" height=\"711\" frameborder=\"0\"><\/iframe><\/p>\n<h3 data-path-to-node=\"52\"><b data-path-to-node=\"52\" data-index-in-node=\"0\">Core Parameters ( Bang Blaze 140000 Models)<\/b><\/h3>\n<table data-path-to-node=\"4\">\n<thead>\n<tr>\n<td><strong>Bang Blaze 140k Technology<\/strong><\/td>\n<td><strong>Specyfikacja techniczna<\/strong><\/td>\n<\/tr>\n<\/thead>\n<tbody>\n<tr>\n<td><span data-path-to-node=\"4,1,0,0\"><b data-path-to-node=\"4,1,0,0\" data-index-in-node=\"0\">Architektura modelu<\/b><\/span><\/td>\n<td><span data-path-to-node=\"4,1,1,0\">Bang Blaze 140000<\/span><\/td>\n<\/tr>\n<tr>\n<td><span data-path-to-node=\"4,2,0,0\"><b data-path-to-node=\"4,2,0,0\" data-index-in-node=\"0\">System rozpylania<\/b><\/span><\/td>\n<td><span data-path-to-node=\"4,2,1,0\"><b data-path-to-node=\"4,2,1,0\" data-index-in-node=\"0\">Triple 1.0\u03a9 Mesh Coil (Dedicated)<\/b><\/span><\/td>\n<\/tr>\n<tr>\n<td><span data-path-to-node=\"4,3,0,0\"><b data-path-to-node=\"4,3,0,0\" data-index-in-node=\"0\">Flavor Delivery<\/b><\/span><\/td>\n<td><span data-path-to-node=\"4,3,1,0\">3-in-1 Independent Tank System<\/span><\/td>\n<\/tr>\n<tr>\n<td><span data-path-to-node=\"4,4,0,0\"><b data-path-to-node=\"4,4,0,0\" data-index-in-node=\"0\">Maksymalna liczba zaci\u0105gni\u0119\u0107<\/b><\/span><\/td>\n<td><span data-path-to-node=\"4,4,1,0\"><b data-path-to-node=\"4,4,1,0\" data-index-in-node=\"0\">Up to 140,000 Puffs<\/b><\/span><\/td>\n<\/tr>\n<tr>\n<td><span data-path-to-node=\"4,5,0,0\"><b data-path-to-node=\"4,5,0,0\" data-index-in-node=\"0\">E-Liquid Reservoir<\/b><\/span><\/td>\n<td><span data-path-to-node=\"4,5,1,0\">45ML Total (3 x 15ML Tanks)<\/span><\/td>\n<\/tr>\n<tr>\n<td><span data-path-to-node=\"4,6,0,0\"><b data-path-to-node=\"4,6,0,0\" data-index-in-node=\"0\">Nicotine Customization<\/b><\/span><\/td>\n<td><span data-path-to-node=\"4,6,1,0\">0% \/ 2% \/ 3% \/ 5% Levels<\/span><\/td>\n<\/tr>\n<\/tbody>\n<\/table>\n<h3 dir=\"auto\">Oto dalsze zalecenia dla Ciebie:<\/h3>\n<p dir=\"auto\">Discover even more incredible flavors with the Puff 140k Bang Blaze 140000 Vape!<\/p>\n<p dir=\"auto\"><a href=\"https:\/\/vozolvapen.de\/pl\/product-category\/bang-vape\/puff-140k-bang-blaze-140000-3-in-1\/\" target=\"_blank\" rel=\"noopener noreferrer nofollow\">Zobacz wszystkie odmiany tutaj \u2192<\/a><\/p>\n<p dir=\"auto\">Zapoznaj si\u0119 z nasz\u0105 pe\u0142n\u0105 kolekcj\u0105 i kupuj produkty najlepszych marek vape, kt\u00f3re pokochasz.<\/p>\n<p dir=\"auto\"><a href=\"https:\/\/vozolvapen.de\/pl\/\" target=\"_blank\" rel=\"noopener noreferrer nofollow\">Przegl\u0105daj teraz wszystkie marki \u2192<\/a><\/p>\n<p dir=\"auto\">Sprawd\u017a ca\u0142\u0105 seri\u0119 Bang Vape - ka\u017cdy smak, ka\u017cdy styl!<\/p>\n<p dir=\"auto\"><a href=\"https:\/\/vozolvapen.de\/pl\/product-category\/bang-vape\/\" target=\"_blank\" rel=\"noopener noreferrer nofollow\">Zobacz pe\u0142n\u0105 kolekcj\u0119 Bang Vape \u2192<\/a><\/p>","protected":false},"excerpt":{"rendered":"<p><b data-path-to-node=\"4,1,4,0\" data-index-in-node=\"0\">The Carnival Freshness.<\/b> Triple the fun with the Bang Blaze 140k. Switch between icy watermelon, floral lychee, and sweet gummy bears in one 45ml powerhouse.<\/p>","protected":false},"featured_media":49363,"comment_status":"open","ping_status":"closed","template":"","meta":{"_acf_changed":false},"product_brand":[],"product_cat":[134,104],"product_tag":[],"class_list":{"0":"post-48656","1":"product","2":"type-product","3":"status-publish","4":"has-post-thumbnail","6":"product_cat-eu-warehouse-in-stock","7":"product_cat-puff-140k-bang-blaze-140000-3-in-1","9":"first","10":"instock","11":"shipping-taxable","12":"purchasable","13":"product-type-variable"},"acf":[],"yoast_head":"<!-- This site is optimized with the Yoast SEO Premium plugin v26.1 (Yoast SEO v27.5) - https:\/\/yoast.com\/product\/yoast-seo-premium-wordpress\/ -->\n<title>Watermelon Ice &amp; Gummy Bears | Bang Blaze 140000 Puffs - vozolvapen<\/title>\n<meta name=\"description\" content=\"Experience 140,000 puffs with Bang Blaze 140k. Toggle Watermelon Ice, Strawberry Lychee, and Gummy Bears. Fast 1-3 day EU shipping. Shop now!\" \/>\n<meta name=\"robots\" content=\"index, follow, max-snippet:-1, max-image-preview:large, max-video-preview:-1\" \/>\n<link rel=\"canonical\" href=\"https:\/\/vozolvapen.de\/pl\/product\/puff-140k-bang-blaze-140000-watermelon-icestrawberry-lychee-guuty-bears\/\" \/>\n<meta property=\"og:locale\" content=\"pl_PL\" \/>\n<meta property=\"og:type\" content=\"article\" \/>\n<meta property=\"og:title\" content=\"Puff 140k Bang Blaze 140000 - Watermelon ice&amp;Strawberry Lychee &amp;Guuty bears\" \/>\n<meta property=\"og:description\" content=\"Experience 140,000 puffs with Bang Blaze 140k. Toggle Watermelon Ice, Strawberry Lychee, and Gummy Bears. Fast 1-3 day EU shipping. Shop now!\" \/>\n<meta property=\"og:url\" content=\"https:\/\/vozolvapen.de\/pl\/product\/puff-140k-bang-blaze-140000-watermelon-icestrawberry-lychee-guuty-bears\/\" \/>\n<meta property=\"og:site_name\" content=\"vozolvapen\" \/>\n<meta property=\"article:modified_time\" content=\"2026-02-10T10:58:38+00:00\" \/>\n<meta property=\"og:image\" content=\"https:\/\/vozolvapen.de\/wp-content\/uploads\/2025\/12\/Puff-140k-Bang-Blaze-140000-Watermelon-iceStrawberry-Lychee-Guuty-bears.webp\" \/>\n\t<meta property=\"og:image:width\" content=\"1200\" \/>\n\t<meta property=\"og:image:height\" content=\"1200\" \/>\n\t<meta property=\"og:image:type\" content=\"image\/webp\" \/>\n<meta name=\"twitter:card\" content=\"summary_large_image\" \/>\n<meta name=\"twitter:label1\" content=\"Szacowany czas czytania\" \/>\n\t<meta name=\"twitter:data1\" content=\"2 minuty\" \/>\n<script type=\"application\/ld+json\" class=\"yoast-schema-graph\">{\"@context\":\"https:\\\/\\\/schema.org\",\"@graph\":[{\"@type\":\"WebPage\",\"@id\":\"https:\\\/\\\/vozolvapen.de\\\/product\\\/puff-140k-bang-blaze-140000-watermelon-icestrawberry-lychee-guuty-bears\\\/\",\"url\":\"https:\\\/\\\/vozolvapen.de\\\/product\\\/puff-140k-bang-blaze-140000-watermelon-icestrawberry-lychee-guuty-bears\\\/\",\"name\":\"Watermelon Ice & Gummy Bears | Bang Blaze 140000 Puffs - vozolvapen\",\"isPartOf\":{\"@id\":\"https:\\\/\\\/vozolvapen.de\\\/#website\"},\"primaryImageOfPage\":{\"@id\":\"https:\\\/\\\/vozolvapen.de\\\/product\\\/puff-140k-bang-blaze-140000-watermelon-icestrawberry-lychee-guuty-bears\\\/#primaryimage\"},\"image\":{\"@id\":\"https:\\\/\\\/vozolvapen.de\\\/product\\\/puff-140k-bang-blaze-140000-watermelon-icestrawberry-lychee-guuty-bears\\\/#primaryimage\"},\"thumbnailUrl\":\"https:\\\/\\\/vozolvapen.de\\\/wp-content\\\/uploads\\\/2025\\\/12\\\/Puff-140k-Bang-Blaze-140000-Watermelon-iceStrawberry-Lychee-Guuty-bears.webp\",\"datePublished\":\"2025-12-30T09:46:32+00:00\",\"dateModified\":\"2026-02-10T10:58:38+00:00\",\"description\":\"Experience 140,000 puffs with Bang Blaze 140k. Toggle Watermelon Ice, Strawberry Lychee, and Gummy Bears. Fast 1-3 day EU shipping. Shop now!\",\"breadcrumb\":{\"@id\":\"https:\\\/\\\/vozolvapen.de\\\/product\\\/puff-140k-bang-blaze-140000-watermelon-icestrawberry-lychee-guuty-bears\\\/#breadcrumb\"},\"inLanguage\":\"pl-PL\",\"potentialAction\":[{\"@type\":\"ReadAction\",\"target\":[\"https:\\\/\\\/vozolvapen.de\\\/product\\\/puff-140k-bang-blaze-140000-watermelon-icestrawberry-lychee-guuty-bears\\\/\"]}]},{\"@type\":\"ImageObject\",\"inLanguage\":\"pl-PL\",\"@id\":\"https:\\\/\\\/vozolvapen.de\\\/product\\\/puff-140k-bang-blaze-140000-watermelon-icestrawberry-lychee-guuty-bears\\\/#primaryimage\",\"url\":\"https:\\\/\\\/vozolvapen.de\\\/wp-content\\\/uploads\\\/2025\\\/12\\\/Puff-140k-Bang-Blaze-140000-Watermelon-iceStrawberry-Lychee-Guuty-bears.webp\",\"contentUrl\":\"https:\\\/\\\/vozolvapen.de\\\/wp-content\\\/uploads\\\/2025\\\/12\\\/Puff-140k-Bang-Blaze-140000-Watermelon-iceStrawberry-Lychee-Guuty-bears.webp\",\"width\":1200,\"height\":1200,\"caption\":\"Puff 140k Bang Blaze 140000 - Watermelon ice&Strawberry Lychee &Guuty bears\"},{\"@type\":\"BreadcrumbList\",\"@id\":\"https:\\\/\\\/vozolvapen.de\\\/product\\\/puff-140k-bang-blaze-140000-watermelon-icestrawberry-lychee-guuty-bears\\\/#breadcrumb\",\"itemListElement\":[{\"@type\":\"ListItem\",\"position\":1,\"name\":\"Home\",\"item\":\"https:\\\/\\\/vozolvapen.de\\\/de\\\/\"},{\"@type\":\"ListItem\",\"position\":2,\"name\":\"Shop\",\"item\":\"https:\\\/\\\/vozolvapen.de\\\/shop\\\/\"},{\"@type\":\"ListItem\",\"position\":3,\"name\":\"Puff 140k Bang Blaze 140000 &#8211; Watermelon ice&#038;Strawberry Lychee &#038;Guuty bears\"}]},{\"@type\":\"WebSite\",\"@id\":\"https:\\\/\\\/vozolvapen.de\\\/#website\",\"url\":\"https:\\\/\\\/vozolvapen.de\\\/\",\"name\":\"vozolvapen\",\"description\":\"vozolvapen\",\"publisher\":{\"@id\":\"https:\\\/\\\/vozolvapen.de\\\/#organization\"},\"potentialAction\":[{\"@type\":\"SearchAction\",\"target\":{\"@type\":\"EntryPoint\",\"urlTemplate\":\"https:\\\/\\\/vozolvapen.de\\\/?s={search_term_string}\"},\"query-input\":{\"@type\":\"PropertyValueSpecification\",\"valueRequired\":true,\"valueName\":\"search_term_string\"}}],\"inLanguage\":\"pl-PL\"},{\"@type\":\"Organization\",\"@id\":\"https:\\\/\\\/vozolvapen.de\\\/#organization\",\"name\":\"vozolvapen\",\"url\":\"https:\\\/\\\/vozolvapen.de\\\/\",\"logo\":{\"@type\":\"ImageObject\",\"inLanguage\":\"pl-PL\",\"@id\":\"https:\\\/\\\/vozolvapen.de\\\/#\\\/schema\\\/logo\\\/image\\\/\",\"url\":\"https:\\\/\\\/vozolvapen.de\\\/wp-content\\\/uploads\\\/2025\\\/12\\\/cropped-vozovapen-logo.webp\",\"contentUrl\":\"https:\\\/\\\/vozolvapen.de\\\/wp-content\\\/uploads\\\/2025\\\/12\\\/cropped-vozovapen-logo.webp\",\"width\":470,\"height\":110,\"caption\":\"vozolvapen\"},\"image\":{\"@id\":\"https:\\\/\\\/vozolvapen.de\\\/#\\\/schema\\\/logo\\\/image\\\/\"}}]}<\/script>\n<!-- \/ Yoast SEO Premium plugin. -->","yoast_head_json":{"title":"Watermelon Ice & Gummy Bears | Bang Blaze 140000 Puffs - vozolvapen","description":"Experience 140,000 puffs with Bang Blaze 140k. Toggle Watermelon Ice, Strawberry Lychee, and Gummy Bears. Fast 1-3 day EU shipping. Shop now!","robots":{"index":"index","follow":"follow","max-snippet":"max-snippet:-1","max-image-preview":"max-image-preview:large","max-video-preview":"max-video-preview:-1"},"canonical":"https:\/\/vozolvapen.de\/pl\/product\/puff-140k-bang-blaze-140000-watermelon-icestrawberry-lychee-guuty-bears\/","og_locale":"pl_PL","og_type":"article","og_title":"Puff 140k Bang Blaze 140000 - Watermelon ice&Strawberry Lychee &Guuty bears","og_description":"Experience 140,000 puffs with Bang Blaze 140k. Toggle Watermelon Ice, Strawberry Lychee, and Gummy Bears. Fast 1-3 day EU shipping. Shop now!","og_url":"https:\/\/vozolvapen.de\/pl\/product\/puff-140k-bang-blaze-140000-watermelon-icestrawberry-lychee-guuty-bears\/","og_site_name":"vozolvapen","article_modified_time":"2026-02-10T10:58:38+00:00","og_image":[{"width":1200,"height":1200,"url":"https:\/\/vozolvapen.de\/wp-content\/uploads\/2025\/12\/Puff-140k-Bang-Blaze-140000-Watermelon-iceStrawberry-Lychee-Guuty-bears.webp","type":"image\/webp"}],"twitter_card":"summary_large_image","twitter_misc":{"Szacowany czas czytania":"2 minuty"},"schema":{"@context":"https:\/\/schema.org","@graph":[{"@type":"WebPage","@id":"https:\/\/vozolvapen.de\/product\/puff-140k-bang-blaze-140000-watermelon-icestrawberry-lychee-guuty-bears\/","url":"https:\/\/vozolvapen.de\/product\/puff-140k-bang-blaze-140000-watermelon-icestrawberry-lychee-guuty-bears\/","name":"Watermelon Ice & Gummy Bears | Bang Blaze 140000 Puffs - vozolvapen","isPartOf":{"@id":"https:\/\/vozolvapen.de\/#website"},"primaryImageOfPage":{"@id":"https:\/\/vozolvapen.de\/product\/puff-140k-bang-blaze-140000-watermelon-icestrawberry-lychee-guuty-bears\/#primaryimage"},"image":{"@id":"https:\/\/vozolvapen.de\/product\/puff-140k-bang-blaze-140000-watermelon-icestrawberry-lychee-guuty-bears\/#primaryimage"},"thumbnailUrl":"https:\/\/vozolvapen.de\/wp-content\/uploads\/2025\/12\/Puff-140k-Bang-Blaze-140000-Watermelon-iceStrawberry-Lychee-Guuty-bears.webp","datePublished":"2025-12-30T09:46:32+00:00","dateModified":"2026-02-10T10:58:38+00:00","description":"Experience 140,000 puffs with Bang Blaze 140k. Toggle Watermelon Ice, Strawberry Lychee, and Gummy Bears. Fast 1-3 day EU shipping. Shop now!","breadcrumb":{"@id":"https:\/\/vozolvapen.de\/product\/puff-140k-bang-blaze-140000-watermelon-icestrawberry-lychee-guuty-bears\/#breadcrumb"},"inLanguage":"pl-PL","potentialAction":[{"@type":"ReadAction","target":["https:\/\/vozolvapen.de\/product\/puff-140k-bang-blaze-140000-watermelon-icestrawberry-lychee-guuty-bears\/"]}]},{"@type":"ImageObject","inLanguage":"pl-PL","@id":"https:\/\/vozolvapen.de\/product\/puff-140k-bang-blaze-140000-watermelon-icestrawberry-lychee-guuty-bears\/#primaryimage","url":"https:\/\/vozolvapen.de\/wp-content\/uploads\/2025\/12\/Puff-140k-Bang-Blaze-140000-Watermelon-iceStrawberry-Lychee-Guuty-bears.webp","contentUrl":"https:\/\/vozolvapen.de\/wp-content\/uploads\/2025\/12\/Puff-140k-Bang-Blaze-140000-Watermelon-iceStrawberry-Lychee-Guuty-bears.webp","width":1200,"height":1200,"caption":"Puff 140k Bang Blaze 140000 - Watermelon ice&Strawberry Lychee &Guuty bears"},{"@type":"BreadcrumbList","@id":"https:\/\/vozolvapen.de\/product\/puff-140k-bang-blaze-140000-watermelon-icestrawberry-lychee-guuty-bears\/#breadcrumb","itemListElement":[{"@type":"ListItem","position":1,"name":"Home","item":"https:\/\/vozolvapen.de\/de\/"},{"@type":"ListItem","position":2,"name":"Shop","item":"https:\/\/vozolvapen.de\/shop\/"},{"@type":"ListItem","position":3,"name":"Puff 140k Bang Blaze 140000 &#8211; Watermelon ice&#038;Strawberry Lychee &#038;Guuty bears"}]},{"@type":"WebSite","@id":"https:\/\/vozolvapen.de\/#website","url":"https:\/\/vozolvapen.de\/","name":"vozolvapen","description":"vozolvapen","publisher":{"@id":"https:\/\/vozolvapen.de\/#organization"},"potentialAction":[{"@type":"SearchAction","target":{"@type":"EntryPoint","urlTemplate":"https:\/\/vozolvapen.de\/?s={search_term_string}"},"query-input":{"@type":"PropertyValueSpecification","valueRequired":true,"valueName":"search_term_string"}}],"inLanguage":"pl-PL"},{"@type":"Organization","@id":"https:\/\/vozolvapen.de\/#organization","name":"vozolvapen","url":"https:\/\/vozolvapen.de\/","logo":{"@type":"ImageObject","inLanguage":"pl-PL","@id":"https:\/\/vozolvapen.de\/#\/schema\/logo\/image\/","url":"https:\/\/vozolvapen.de\/wp-content\/uploads\/2025\/12\/cropped-vozovapen-logo.webp","contentUrl":"https:\/\/vozolvapen.de\/wp-content\/uploads\/2025\/12\/cropped-vozovapen-logo.webp","width":470,"height":110,"caption":"vozolvapen"},"image":{"@id":"https:\/\/vozolvapen.de\/#\/schema\/logo\/image\/"}}]}},"tiered_pricing_type":"fixed","tiered_pricing_fixed_rules":{"30":"11.5","50":"9.5","100":"8.5","200":"8"},"tiered_pricing_product_settings":{"layout":"default","base_unit_name":{"singular":null,"plural":null},"default_variation":{}},"tiered_pricing_minimum_quantity":10,"tiered_pricing_roles_data":[],"tiered_pricing_percentage_rules":[],"tiered_pricing_maximum_quantity":null,"tiered_pricing_quantity_step":"10","_links":{"self":[{"href":"http:\/\/vozolvapen.de\/pl\/wp-json\/wp\/v2\/product\/48656","targetHints":{"allow":["GET"]}}],"collection":[{"href":"http:\/\/vozolvapen.de\/pl\/wp-json\/wp\/v2\/product"}],"about":[{"href":"http:\/\/vozolvapen.de\/pl\/wp-json\/wp\/v2\/types\/product"}],"replies":[{"embeddable":true,"href":"http:\/\/vozolvapen.de\/pl\/wp-json\/wp\/v2\/comments?post=48656"}],"wp:featuredmedia":[{"embeddable":true,"href":"http:\/\/vozolvapen.de\/pl\/wp-json\/wp\/v2\/media\/49363"}],"wp:attachment":[{"href":"http:\/\/vozolvapen.de\/pl\/wp-json\/wp\/v2\/media?parent=48656"}],"wp:term":[{"taxonomy":"product_brand","embeddable":true,"href":"http:\/\/vozolvapen.de\/pl\/wp-json\/wp\/v2\/product_brand?post=48656"},{"taxonomy":"product_cat","embeddable":true,"href":"http:\/\/vozolvapen.de\/pl\/wp-json\/wp\/v2\/product_cat?post=48656"},{"taxonomy":"product_tag","embeddable":true,"href":"http:\/\/vozolvapen.de\/pl\/wp-json\/wp\/v2\/product_tag?post=48656"}],"curies":[{"name":"wp","href":"https:\/\/api.w.org\/{rel}","templated":true}]}}