{"id":48709,"date":"2025-12-30T09:46:35","date_gmt":"2025-12-30T09:46:35","guid":{"rendered":"https:\/\/vozolvapen.de\/?post_type=product&#038;p=48709"},"modified":"2026-02-10T10:58:36","modified_gmt":"2026-02-10T10:58:36","slug":"puff-140k-bang-blaze-140000-peach-ice-blueberry-watermelon-strawberry-lemon-ice","status":"publish","type":"product","link":"http:\/\/vozolvapen.de\/pl\/product\/puff-140k-bang-blaze-140000-peach-ice-blueberry-watermelon-strawberry-lemon-ice\/","title":{"rendered":"Puff 140k Bang Blaze 140000 - L\u00f3d brzoskwiniowy &amp; Arbuz jagodowy &amp; L\u00f3d truskawkowo-cytrynowy"},"content":{"rendered":"<h1 data-path-to-node=\"9\"><b data-path-to-node=\"9\" data-index-in-node=\"0\">Bang Blaze 140,000 Puffs \u2013 Peach Ice, Blueberry Watermelon, Strawberry Lemon Ice<\/b><\/h1>\n<p data-path-to-node=\"10\"><b data-path-to-node=\"10\" data-index-in-node=\"0\">The Frosty Orchard:<\/b> A masterclass in chilled fruit blends. This combination provides the velvety smoothness of Peach Ice, the lush hydration of Blueberry Watermelon, and the zesty, tart kick of Strawberry Lemon Ice.<\/p>\n<h2 data-path-to-node=\"11\"><b data-path-to-node=\"11\" data-index-in-node=\"0\">The Frosty Orchard Combination: A Flavor Deep Dive<\/b><\/h2>\n<ul data-path-to-node=\"12\">\n<li>\n<p data-path-to-node=\"12,0,0\"><b data-path-to-node=\"12,0,0\" data-index-in-node=\"0\">Peach Ice (Pod 1):<\/b> Soft, nectar-like peaches with a crisp, cool finish.<\/p>\n<\/li>\n<li>\n<p data-path-to-node=\"12,1,0\"><b data-path-to-node=\"12,1,0\" data-index-in-node=\"0\">Blueberry Watermelon (str\u0105k 2):<\/b> A deeply hydrating mix of sweet forest blueberries and juicy watermelon.<\/p>\n<\/li>\n<li>\n<p data-path-to-node=\"12,2,0\"><b data-path-to-node=\"12,2,0\" data-index-in-node=\"0\">Strawberry Lemon Ice (Pod 3):<\/b> A bright citrus-berry fusion that balances tart lemon with sweet strawberry and frost.<\/p>\n<\/li>\n<\/ul>\n<h2 data-path-to-node=\"13\"><b data-path-to-node=\"13\" data-index-in-node=\"0\">Dla kogo przeznaczony jest ten smak?<\/b><\/h2>\n<p data-path-to-node=\"13\"><b data-path-to-node=\"13\" data-index-in-node=\"24\">Poszukiwacz orze\u017awienia:<\/b> Ideal for those who find standard fruits too heavy and prefer a light, &#8220;iced&#8221; sensation with every draw.<\/p>\n<h2><strong>Puff 140k Bang Blaze 140000 <\/strong><strong>Wideo\uff1a<\/strong><\/h2>\n<p><iframe src=\"https:\/\/player.vimeo.com\/video\/1153118330?badge=0&amp;autopause=0&amp;player_id=0&amp;app_id=58479\" width=\"400\" height=\"711\" frameborder=\"0\" allow=\"autoplay; fullscreen; picture-in-picture; clipboard-write; encrypted-media; web-share\" referrerpolicy=\"strict-origin-when-cross-origin\" title=\"Puff 140k Bang Blaze 140000 Puffs Disposable Vape 3 in 1 36 Flavor E-Liquid E Cigarette Vaper pen Free Shipping\"><\/iframe><\/p>\n<h3 data-path-to-node=\"52\"><b data-path-to-node=\"52\" data-index-in-node=\"0\">Core Parameters ( Bang Blaze 140000 Models)<\/b><\/h3>\n<table data-path-to-node=\"8\">\n<thead>\n<tr>\n<td><strong>Profil wydajno\u015bci<\/strong><\/td>\n<td><strong>Bang Blaze 140,000 Specs<\/strong><\/td>\n<\/tr>\n<\/thead>\n<tbody>\n<tr>\n<td><span data-path-to-node=\"8,1,0,0\"><b data-path-to-node=\"8,1,0,0\" data-index-in-node=\"0\">Rated Capacity<\/b><\/span><\/td>\n<td><span data-path-to-node=\"8,1,1,0\"><b data-path-to-node=\"8,1,1,0\" data-index-in-node=\"0\">140,000 Puffs (Puff 140k)<\/b><\/span><\/td>\n<\/tr>\n<tr>\n<td><span data-path-to-node=\"8,2,0,0\"><b data-path-to-node=\"8,2,0,0\" data-index-in-node=\"0\">Pre-filled Volume<\/b><\/span><\/td>\n<td><span data-path-to-node=\"8,2,1,0\"><b data-path-to-node=\"8,2,1,0\" data-index-in-node=\"0\">45ML Premium E-liquid<\/b><\/span><\/td>\n<\/tr>\n<tr>\n<td><span data-path-to-node=\"8,3,0,0\"><b data-path-to-node=\"8,3,0,0\" data-index-in-node=\"0\">Mechanizm prze\u0142\u0105czania<\/b><\/span><\/td>\n<td><span data-path-to-node=\"8,3,1,0\">Manual Flavor Toggle (3 Flavors)<\/span><\/td>\n<\/tr>\n<tr>\n<td><span data-path-to-node=\"8,4,0,0\"><b data-path-to-node=\"8,4,0,0\" data-index-in-node=\"0\">Akumulator<\/b><\/span><\/td>\n<td><span data-path-to-node=\"8,4,1,0\">650mAh Kobalt o wysokiej g\u0119sto\u015bci<\/span><\/td>\n<\/tr>\n<tr>\n<td><span data-path-to-node=\"8,5,0,0\"><b data-path-to-node=\"8,5,0,0\" data-index-in-node=\"0\">Recharging Port<\/b><\/span><\/td>\n<td><span data-path-to-node=\"8,5,1,0\">Type-C Rapid Charging<\/span><\/td>\n<\/tr>\n<tr>\n<td><span data-path-to-node=\"8,6,0,0\"><b data-path-to-node=\"8,6,0,0\" data-index-in-node=\"0\">Rdze\u0144 grzewczy<\/b><\/span><\/td>\n<td><span data-path-to-node=\"8,6,1,0\">1.0 Ohm Triple Mesh Tech<\/span><\/td>\n<\/tr>\n<\/tbody>\n<\/table>\n<h3 dir=\"auto\">Oto dalsze zalecenia dla Ciebie:<\/h3>\n<p dir=\"auto\">Discover even more incredible flavors with the Puff 140k Bang Blaze 140000 Vape!<\/p>\n<p dir=\"auto\"><a href=\"https:\/\/vozolvapen.de\/pl\/product-category\/bang-vape\/puff-140k-bang-blaze-140000-3-in-1\/\" target=\"_blank\" rel=\"noopener noreferrer nofollow\">Zobacz wszystkie odmiany tutaj \u2192<\/a><\/p>\n<p dir=\"auto\">Zapoznaj si\u0119 z nasz\u0105 pe\u0142n\u0105 kolekcj\u0105 i kupuj produkty najlepszych marek vape, kt\u00f3re pokochasz.<\/p>\n<p dir=\"auto\"><a href=\"https:\/\/vozolvapen.de\/pl\/\" target=\"_blank\" rel=\"noopener noreferrer nofollow\">Przegl\u0105daj teraz wszystkie marki \u2192<\/a><\/p>\n<p dir=\"auto\">Sprawd\u017a ca\u0142\u0105 seri\u0119 Bang Vape - ka\u017cdy smak, ka\u017cdy styl!<\/p>\n<p dir=\"auto\"><a href=\"https:\/\/vozolvapen.de\/pl\/product-category\/bang-vape\/\" target=\"_blank\" rel=\"noopener noreferrer nofollow\">Zobacz pe\u0142n\u0105 kolekcj\u0119 Bang Vape \u2192<\/a><\/p>","protected":false},"excerpt":{"rendered":"<p><b data-path-to-node=\"4,2,4,0\" data-index-in-node=\"0\">The Frosty Orchard.<\/b> The ultimate chilled experience. Enjoy 140,000 puffs of refreshing peach, blueberry melon, and zesty strawberry lemon with triple mesh coils.<\/p>","protected":false},"featured_media":49365,"comment_status":"open","ping_status":"closed","template":"","meta":{"_acf_changed":false},"product_brand":[],"product_cat":[134,104],"product_tag":[],"class_list":{"0":"post-48709","1":"product","2":"type-product","3":"status-publish","4":"has-post-thumbnail","6":"product_cat-eu-warehouse-in-stock","7":"product_cat-puff-140k-bang-blaze-140000-3-in-1","9":"first","10":"instock","11":"shipping-taxable","12":"purchasable","13":"product-type-variable"},"acf":[],"yoast_head":"<!-- This site is optimized with the Yoast SEO Premium plugin v26.1 (Yoast SEO v27.5) - https:\/\/yoast.com\/product\/yoast-seo-premium-wordpress\/ -->\n<title>Peach Ice &amp; Strawberry Lemon | Bang Blaze 140k Puffs - vozolvapen<\/title>\n<meta name=\"description\" content=\"Get the Bang Blaze 140000 with 3-in-1 flavor switching. Peach Ice, Blueberry Watermelon, and Strawberry Lemon. 140,000 puffs total. EU Warehouse.\" \/>\n<meta name=\"robots\" content=\"index, follow, max-snippet:-1, max-image-preview:large, max-video-preview:-1\" \/>\n<link rel=\"canonical\" href=\"https:\/\/vozolvapen.de\/pl\/product\/puff-140k-bang-blaze-140000-peach-ice-blueberry-watermelon-strawberry-lemon-ice\/\" \/>\n<meta property=\"og:locale\" content=\"pl_PL\" \/>\n<meta property=\"og:type\" content=\"article\" \/>\n<meta property=\"og:title\" content=\"Puff 140k Bang Blaze 140000 - Peach ice &amp;Blueberry Watermelon&amp; Strawberry Lemon ice\" \/>\n<meta property=\"og:description\" content=\"Get the Bang Blaze 140000 with 3-in-1 flavor switching. Peach Ice, Blueberry Watermelon, and Strawberry Lemon. 140,000 puffs total. EU Warehouse.\" \/>\n<meta property=\"og:url\" content=\"https:\/\/vozolvapen.de\/pl\/product\/puff-140k-bang-blaze-140000-peach-ice-blueberry-watermelon-strawberry-lemon-ice\/\" \/>\n<meta property=\"og:site_name\" content=\"vozolvapen\" \/>\n<meta property=\"article:modified_time\" content=\"2026-02-10T10:58:36+00:00\" \/>\n<meta property=\"og:image\" content=\"https:\/\/vozolvapen.de\/wp-content\/uploads\/2025\/12\/Puff-140k-Bang-Blaze-140000-Peach-ice-Blueberry-Watermelon-Strawberry-Lemon-ice-2.webp\" \/>\n\t<meta property=\"og:image:width\" content=\"1200\" \/>\n\t<meta property=\"og:image:height\" content=\"1200\" \/>\n\t<meta property=\"og:image:type\" content=\"image\/webp\" \/>\n<meta name=\"twitter:card\" content=\"summary_large_image\" \/>\n<meta name=\"twitter:label1\" content=\"Szacowany czas czytania\" \/>\n\t<meta name=\"twitter:data1\" content=\"2 minuty\" \/>\n<script type=\"application\/ld+json\" class=\"yoast-schema-graph\">{\"@context\":\"https:\\\/\\\/schema.org\",\"@graph\":[{\"@type\":\"WebPage\",\"@id\":\"https:\\\/\\\/vozolvapen.de\\\/product\\\/puff-140k-bang-blaze-140000-peach-ice-blueberry-watermelon-strawberry-lemon-ice\\\/\",\"url\":\"https:\\\/\\\/vozolvapen.de\\\/product\\\/puff-140k-bang-blaze-140000-peach-ice-blueberry-watermelon-strawberry-lemon-ice\\\/\",\"name\":\"Peach Ice & Strawberry Lemon | Bang Blaze 140k Puffs - vozolvapen\",\"isPartOf\":{\"@id\":\"https:\\\/\\\/vozolvapen.de\\\/#website\"},\"primaryImageOfPage\":{\"@id\":\"https:\\\/\\\/vozolvapen.de\\\/product\\\/puff-140k-bang-blaze-140000-peach-ice-blueberry-watermelon-strawberry-lemon-ice\\\/#primaryimage\"},\"image\":{\"@id\":\"https:\\\/\\\/vozolvapen.de\\\/product\\\/puff-140k-bang-blaze-140000-peach-ice-blueberry-watermelon-strawberry-lemon-ice\\\/#primaryimage\"},\"thumbnailUrl\":\"https:\\\/\\\/vozolvapen.de\\\/wp-content\\\/uploads\\\/2025\\\/12\\\/Puff-140k-Bang-Blaze-140000-Peach-ice-Blueberry-Watermelon-Strawberry-Lemon-ice-2.webp\",\"datePublished\":\"2025-12-30T09:46:35+00:00\",\"dateModified\":\"2026-02-10T10:58:36+00:00\",\"description\":\"Get the Bang Blaze 140000 with 3-in-1 flavor switching. Peach Ice, Blueberry Watermelon, and Strawberry Lemon. 140,000 puffs total. EU Warehouse.\",\"breadcrumb\":{\"@id\":\"https:\\\/\\\/vozolvapen.de\\\/product\\\/puff-140k-bang-blaze-140000-peach-ice-blueberry-watermelon-strawberry-lemon-ice\\\/#breadcrumb\"},\"inLanguage\":\"pl-PL\",\"potentialAction\":[{\"@type\":\"ReadAction\",\"target\":[\"https:\\\/\\\/vozolvapen.de\\\/product\\\/puff-140k-bang-blaze-140000-peach-ice-blueberry-watermelon-strawberry-lemon-ice\\\/\"]}]},{\"@type\":\"ImageObject\",\"inLanguage\":\"pl-PL\",\"@id\":\"https:\\\/\\\/vozolvapen.de\\\/product\\\/puff-140k-bang-blaze-140000-peach-ice-blueberry-watermelon-strawberry-lemon-ice\\\/#primaryimage\",\"url\":\"https:\\\/\\\/vozolvapen.de\\\/wp-content\\\/uploads\\\/2025\\\/12\\\/Puff-140k-Bang-Blaze-140000-Peach-ice-Blueberry-Watermelon-Strawberry-Lemon-ice-2.webp\",\"contentUrl\":\"https:\\\/\\\/vozolvapen.de\\\/wp-content\\\/uploads\\\/2025\\\/12\\\/Puff-140k-Bang-Blaze-140000-Peach-ice-Blueberry-Watermelon-Strawberry-Lemon-ice-2.webp\",\"width\":1200,\"height\":1200,\"caption\":\"Puff 140k Bang Blaze 140000 - Peach ice &Blueberry Watermelon& Strawberry Lemon ice (2)\"},{\"@type\":\"BreadcrumbList\",\"@id\":\"https:\\\/\\\/vozolvapen.de\\\/product\\\/puff-140k-bang-blaze-140000-peach-ice-blueberry-watermelon-strawberry-lemon-ice\\\/#breadcrumb\",\"itemListElement\":[{\"@type\":\"ListItem\",\"position\":1,\"name\":\"Home\",\"item\":\"https:\\\/\\\/vozolvapen.de\\\/de\\\/\"},{\"@type\":\"ListItem\",\"position\":2,\"name\":\"Shop\",\"item\":\"https:\\\/\\\/vozolvapen.de\\\/shop\\\/\"},{\"@type\":\"ListItem\",\"position\":3,\"name\":\"Puff 140k Bang Blaze 140000 &#8211; Peach ice &#038;Blueberry Watermelon&#038; Strawberry Lemon ice\"}]},{\"@type\":\"WebSite\",\"@id\":\"https:\\\/\\\/vozolvapen.de\\\/#website\",\"url\":\"https:\\\/\\\/vozolvapen.de\\\/\",\"name\":\"vozolvapen\",\"description\":\"vozolvapen\",\"publisher\":{\"@id\":\"https:\\\/\\\/vozolvapen.de\\\/#organization\"},\"potentialAction\":[{\"@type\":\"SearchAction\",\"target\":{\"@type\":\"EntryPoint\",\"urlTemplate\":\"https:\\\/\\\/vozolvapen.de\\\/?s={search_term_string}\"},\"query-input\":{\"@type\":\"PropertyValueSpecification\",\"valueRequired\":true,\"valueName\":\"search_term_string\"}}],\"inLanguage\":\"pl-PL\"},{\"@type\":\"Organization\",\"@id\":\"https:\\\/\\\/vozolvapen.de\\\/#organization\",\"name\":\"vozolvapen\",\"url\":\"https:\\\/\\\/vozolvapen.de\\\/\",\"logo\":{\"@type\":\"ImageObject\",\"inLanguage\":\"pl-PL\",\"@id\":\"https:\\\/\\\/vozolvapen.de\\\/#\\\/schema\\\/logo\\\/image\\\/\",\"url\":\"https:\\\/\\\/vozolvapen.de\\\/wp-content\\\/uploads\\\/2025\\\/12\\\/cropped-vozovapen-logo.webp\",\"contentUrl\":\"https:\\\/\\\/vozolvapen.de\\\/wp-content\\\/uploads\\\/2025\\\/12\\\/cropped-vozovapen-logo.webp\",\"width\":470,\"height\":110,\"caption\":\"vozolvapen\"},\"image\":{\"@id\":\"https:\\\/\\\/vozolvapen.de\\\/#\\\/schema\\\/logo\\\/image\\\/\"}}]}<\/script>\n<!-- \/ Yoast SEO Premium plugin. -->","yoast_head_json":{"title":"Peach Ice & Strawberry Lemon | Bang Blaze 140k Puffs - vozolvapen","description":"Get the Bang Blaze 140000 with 3-in-1 flavor switching. Peach Ice, Blueberry Watermelon, and Strawberry Lemon. 140,000 puffs total. EU Warehouse.","robots":{"index":"index","follow":"follow","max-snippet":"max-snippet:-1","max-image-preview":"max-image-preview:large","max-video-preview":"max-video-preview:-1"},"canonical":"https:\/\/vozolvapen.de\/pl\/product\/puff-140k-bang-blaze-140000-peach-ice-blueberry-watermelon-strawberry-lemon-ice\/","og_locale":"pl_PL","og_type":"article","og_title":"Puff 140k Bang Blaze 140000 - Peach ice &Blueberry Watermelon& Strawberry Lemon ice","og_description":"Get the Bang Blaze 140000 with 3-in-1 flavor switching. Peach Ice, Blueberry Watermelon, and Strawberry Lemon. 140,000 puffs total. EU Warehouse.","og_url":"https:\/\/vozolvapen.de\/pl\/product\/puff-140k-bang-blaze-140000-peach-ice-blueberry-watermelon-strawberry-lemon-ice\/","og_site_name":"vozolvapen","article_modified_time":"2026-02-10T10:58:36+00:00","og_image":[{"width":1200,"height":1200,"url":"https:\/\/vozolvapen.de\/wp-content\/uploads\/2025\/12\/Puff-140k-Bang-Blaze-140000-Peach-ice-Blueberry-Watermelon-Strawberry-Lemon-ice-2.webp","type":"image\/webp"}],"twitter_card":"summary_large_image","twitter_misc":{"Szacowany czas czytania":"2 minuty"},"schema":{"@context":"https:\/\/schema.org","@graph":[{"@type":"WebPage","@id":"https:\/\/vozolvapen.de\/product\/puff-140k-bang-blaze-140000-peach-ice-blueberry-watermelon-strawberry-lemon-ice\/","url":"https:\/\/vozolvapen.de\/product\/puff-140k-bang-blaze-140000-peach-ice-blueberry-watermelon-strawberry-lemon-ice\/","name":"Peach Ice & Strawberry Lemon | Bang Blaze 140k Puffs - vozolvapen","isPartOf":{"@id":"https:\/\/vozolvapen.de\/#website"},"primaryImageOfPage":{"@id":"https:\/\/vozolvapen.de\/product\/puff-140k-bang-blaze-140000-peach-ice-blueberry-watermelon-strawberry-lemon-ice\/#primaryimage"},"image":{"@id":"https:\/\/vozolvapen.de\/product\/puff-140k-bang-blaze-140000-peach-ice-blueberry-watermelon-strawberry-lemon-ice\/#primaryimage"},"thumbnailUrl":"https:\/\/vozolvapen.de\/wp-content\/uploads\/2025\/12\/Puff-140k-Bang-Blaze-140000-Peach-ice-Blueberry-Watermelon-Strawberry-Lemon-ice-2.webp","datePublished":"2025-12-30T09:46:35+00:00","dateModified":"2026-02-10T10:58:36+00:00","description":"Get the Bang Blaze 140000 with 3-in-1 flavor switching. Peach Ice, Blueberry Watermelon, and Strawberry Lemon. 140,000 puffs total. EU Warehouse.","breadcrumb":{"@id":"https:\/\/vozolvapen.de\/product\/puff-140k-bang-blaze-140000-peach-ice-blueberry-watermelon-strawberry-lemon-ice\/#breadcrumb"},"inLanguage":"pl-PL","potentialAction":[{"@type":"ReadAction","target":["https:\/\/vozolvapen.de\/product\/puff-140k-bang-blaze-140000-peach-ice-blueberry-watermelon-strawberry-lemon-ice\/"]}]},{"@type":"ImageObject","inLanguage":"pl-PL","@id":"https:\/\/vozolvapen.de\/product\/puff-140k-bang-blaze-140000-peach-ice-blueberry-watermelon-strawberry-lemon-ice\/#primaryimage","url":"https:\/\/vozolvapen.de\/wp-content\/uploads\/2025\/12\/Puff-140k-Bang-Blaze-140000-Peach-ice-Blueberry-Watermelon-Strawberry-Lemon-ice-2.webp","contentUrl":"https:\/\/vozolvapen.de\/wp-content\/uploads\/2025\/12\/Puff-140k-Bang-Blaze-140000-Peach-ice-Blueberry-Watermelon-Strawberry-Lemon-ice-2.webp","width":1200,"height":1200,"caption":"Puff 140k Bang Blaze 140000 - Peach ice &Blueberry Watermelon& Strawberry Lemon ice (2)"},{"@type":"BreadcrumbList","@id":"https:\/\/vozolvapen.de\/product\/puff-140k-bang-blaze-140000-peach-ice-blueberry-watermelon-strawberry-lemon-ice\/#breadcrumb","itemListElement":[{"@type":"ListItem","position":1,"name":"Home","item":"https:\/\/vozolvapen.de\/de\/"},{"@type":"ListItem","position":2,"name":"Shop","item":"https:\/\/vozolvapen.de\/shop\/"},{"@type":"ListItem","position":3,"name":"Puff 140k Bang Blaze 140000 &#8211; Peach ice &#038;Blueberry Watermelon&#038; Strawberry Lemon ice"}]},{"@type":"WebSite","@id":"https:\/\/vozolvapen.de\/#website","url":"https:\/\/vozolvapen.de\/","name":"vozolvapen","description":"vozolvapen","publisher":{"@id":"https:\/\/vozolvapen.de\/#organization"},"potentialAction":[{"@type":"SearchAction","target":{"@type":"EntryPoint","urlTemplate":"https:\/\/vozolvapen.de\/?s={search_term_string}"},"query-input":{"@type":"PropertyValueSpecification","valueRequired":true,"valueName":"search_term_string"}}],"inLanguage":"pl-PL"},{"@type":"Organization","@id":"https:\/\/vozolvapen.de\/#organization","name":"vozolvapen","url":"https:\/\/vozolvapen.de\/","logo":{"@type":"ImageObject","inLanguage":"pl-PL","@id":"https:\/\/vozolvapen.de\/#\/schema\/logo\/image\/","url":"https:\/\/vozolvapen.de\/wp-content\/uploads\/2025\/12\/cropped-vozovapen-logo.webp","contentUrl":"https:\/\/vozolvapen.de\/wp-content\/uploads\/2025\/12\/cropped-vozovapen-logo.webp","width":470,"height":110,"caption":"vozolvapen"},"image":{"@id":"https:\/\/vozolvapen.de\/#\/schema\/logo\/image\/"}}]}},"tiered_pricing_type":"fixed","tiered_pricing_fixed_rules":{"30":"11.5","50":"9.5","100":"8.5","200":"8"},"tiered_pricing_product_settings":{"layout":"default","base_unit_name":{"singular":null,"plural":null},"default_variation":{}},"tiered_pricing_minimum_quantity":10,"tiered_pricing_roles_data":[],"tiered_pricing_percentage_rules":[],"tiered_pricing_maximum_quantity":null,"tiered_pricing_quantity_step":"10","_links":{"self":[{"href":"http:\/\/vozolvapen.de\/pl\/wp-json\/wp\/v2\/product\/48709","targetHints":{"allow":["GET"]}}],"collection":[{"href":"http:\/\/vozolvapen.de\/pl\/wp-json\/wp\/v2\/product"}],"about":[{"href":"http:\/\/vozolvapen.de\/pl\/wp-json\/wp\/v2\/types\/product"}],"replies":[{"embeddable":true,"href":"http:\/\/vozolvapen.de\/pl\/wp-json\/wp\/v2\/comments?post=48709"}],"wp:featuredmedia":[{"embeddable":true,"href":"http:\/\/vozolvapen.de\/pl\/wp-json\/wp\/v2\/media\/49365"}],"wp:attachment":[{"href":"http:\/\/vozolvapen.de\/pl\/wp-json\/wp\/v2\/media?parent=48709"}],"wp:term":[{"taxonomy":"product_brand","embeddable":true,"href":"http:\/\/vozolvapen.de\/pl\/wp-json\/wp\/v2\/product_brand?post=48709"},{"taxonomy":"product_cat","embeddable":true,"href":"http:\/\/vozolvapen.de\/pl\/wp-json\/wp\/v2\/product_cat?post=48709"},{"taxonomy":"product_tag","embeddable":true,"href":"http:\/\/vozolvapen.de\/pl\/wp-json\/wp\/v2\/product_tag?post=48709"}],"curies":[{"name":"wp","href":"https:\/\/api.w.org\/{rel}","templated":true}]}}