{"id":49186,"date":"2025-12-30T09:47:00","date_gmt":"2025-12-30T09:47:00","guid":{"rendered":"https:\/\/vozolvapen.de\/?post_type=product&#038;p=49186"},"modified":"2026-02-10T10:58:15","modified_gmt":"2026-02-10T10:58:15","slug":"puff-140k-bang-blaze-140000-lemon-limealoe-mango-melonwatermelon-dragon-fruit","status":"publish","type":"product","link":"http:\/\/vozolvapen.de\/pl\/product\/puff-140k-bang-blaze-140000-lemon-limealoe-mango-melonwatermelon-dragon-fruit\/","title":{"rendered":"Puff 140k Bang Blaze 140000 - Lemon lime&amp;Aloe Mango Melon&amp;Watermelon dragon fruit"},"content":{"rendered":"<h1 data-path-to-node=\"63\"><b data-path-to-node=\"63\" data-index-in-node=\"0\">Bang Blaze 140,000 Puffs \u2013 Lemon Lime, Aloe Mango Melon, Watermelon Dragon Fruit<\/b><\/h1>\n<p data-path-to-node=\"64\"><b data-path-to-node=\"64\" data-index-in-node=\"0\">The Botanical Oasis:<\/b> A clean, crisp, and refreshing set that emphasizes hydration and botanical notes. Perfect as a palate cleanser or for long summer days.<\/p>\n<h2 data-path-to-node=\"65\"><b data-path-to-node=\"65\" data-index-in-node=\"0\">The Botanical Deep Dive<\/b><\/h2>\n<ul data-path-to-node=\"66\">\n<li>\n<p data-path-to-node=\"66,0,0\"><b data-path-to-node=\"66,0,0\" data-index-in-node=\"0\">Lemon Lime (str\u0105k 1):<\/b> The ultimate palate cleanser\u2014bright, acidic, and sparklingly citrus.<\/p>\n<\/li>\n<li>\n<p data-path-to-node=\"66,1,0\"><b data-path-to-node=\"66,1,0\" data-index-in-node=\"0\">Aloe Mango Melon (Pod 2):<\/b> A smooth, unique blend with soothing aloe notes and tropical sweetness.<\/p>\n<\/li>\n<li>\n<p data-path-to-node=\"66,2,0\"><b data-path-to-node=\"66,2,0\" data-index-in-node=\"0\">Watermelon Dragon Fruit (Pod 3):<\/b> Exotic dragon fruit paired with the hydrating splash of fresh watermelon.<\/p>\n<\/li>\n<\/ul>\n<h2 data-path-to-node=\"67\"><b data-path-to-node=\"67\" data-index-in-node=\"0\">Dla kogo przeznaczony jest ten smak?<\/b><\/h2>\n<p data-path-to-node=\"67\"><b data-path-to-node=\"67\" data-index-in-node=\"24\">Podniebny purysta:<\/b> Ideal for vapers who hate &#8220;cloying&#8221; sweetness and want a clean, botanical finish.<\/p>\n<h2><strong>Puff 140k Bang Blaze 140000 <\/strong><strong>Wideo\uff1a<\/strong><\/h2>\n<p><iframe src=\"https:\/\/player.vimeo.com\/video\/1153118330?badge=0&amp;autopause=0&amp;player_id=0&amp;app_id=58479\" width=\"400\" height=\"711\" frameborder=\"0\" allow=\"autoplay; fullscreen; picture-in-picture; clipboard-write; encrypted-media; web-share\" referrerpolicy=\"strict-origin-when-cross-origin\" title=\"Puff 140k Bang Blaze 140000 Puffs Disposable Vape 3 in 1 36 Flavor E-Liquid E Cigarette Vaper pen Free Shipping\"><\/iframe><\/p>\n<h3 data-path-to-node=\"52\"><b data-path-to-node=\"52\" data-index-in-node=\"0\">Core Parameters ( Bang Blaze 140000 Models)<\/b><\/h3>\n<table data-path-to-node=\"12\">\n<thead>\n<tr>\n<td><strong>Engineering Data<\/strong><\/td>\n<td><strong>Product Value<\/strong><\/td>\n<\/tr>\n<\/thead>\n<tbody>\n<tr>\n<td><span data-path-to-node=\"12,1,0,0\"><b data-path-to-node=\"12,1,0,0\" data-index-in-node=\"0\">Waga urz\u0105dzenia<\/b><\/span><\/td>\n<td><span data-path-to-node=\"12,1,1,0\">120g (Ergonomic Build)<\/span><\/td>\n<\/tr>\n<tr>\n<td><span data-path-to-node=\"12,2,0,0\"><b data-path-to-node=\"12,2,0,0\" data-index-in-node=\"0\">Coil Configuration<\/b><\/span><\/td>\n<td><span data-path-to-node=\"12,2,1,0\"><b data-path-to-node=\"12,2,1,0\" data-index-in-node=\"0\">Triple-Core Mesh Resistance (1.0\u03a9)<\/b><\/span><\/td>\n<\/tr>\n<tr>\n<td><span data-path-to-node=\"12,3,0,0\"><b data-path-to-node=\"12,3,0,0\" data-index-in-node=\"0\">Tank Setup<\/b><\/span><\/td>\n<td><span data-path-to-node=\"12,3,1,0\">3 x 15ML Separated Oil Chambers<\/span><\/td>\n<\/tr>\n<tr>\n<td><span data-path-to-node=\"12,4,0,0\"><b data-path-to-node=\"12,4,0,0\" data-index-in-node=\"0\">Aktywacja<\/b><\/span><\/td>\n<td><span data-path-to-node=\"12,4,1,0\">Czujnik o wysokiej odpowiedzi aktywowany rysowaniem<\/span><\/td>\n<\/tr>\n<tr>\n<td><span data-path-to-node=\"12,5,0,0\"><b data-path-to-node=\"12,5,0,0\" data-index-in-node=\"0\">Cykl \u017cycia puffa<\/b><\/span><\/td>\n<td><span data-path-to-node=\"12,5,1,0\">Industrial-Grade 140k Puffs<\/span><\/td>\n<\/tr>\n<tr>\n<td><span data-path-to-node=\"12,6,0,0\"><b data-path-to-node=\"12,6,0,0\" data-index-in-node=\"0\">Packaging Specs<\/b><\/span><\/td>\n<td><span data-path-to-node=\"12,6,1,0\">10 sztuk w pude\u0142ku ekspozycyjnym<\/span><\/td>\n<\/tr>\n<\/tbody>\n<\/table>\n<h3 dir=\"auto\">Oto dalsze zalecenia dla Ciebie:<\/h3>\n<p dir=\"auto\">Discover even more incredible flavors with the Puff 140k Bang Blaze 140000 Vape!<\/p>\n<p dir=\"auto\"><a href=\"https:\/\/vozolvapen.de\/pl\/product-category\/bang-vape\/puff-140k-bang-blaze-140000-3-in-1\/\" target=\"_blank\" rel=\"noopener noreferrer nofollow\">Zobacz wszystkie odmiany tutaj \u2192<\/a><\/p>\n<p dir=\"auto\">Zapoznaj si\u0119 z nasz\u0105 pe\u0142n\u0105 kolekcj\u0105 i kupuj produkty najlepszych marek vape, kt\u00f3re pokochasz.<\/p>\n<p dir=\"auto\"><a href=\"https:\/\/vozolvapen.de\/pl\/\" target=\"_blank\" rel=\"noopener noreferrer nofollow\">Przegl\u0105daj teraz wszystkie marki \u2192<\/a><\/p>\n<p dir=\"auto\">Sprawd\u017a ca\u0142\u0105 seri\u0119 Bang Vape - ka\u017cdy smak, ka\u017cdy styl!<\/p>\n<p dir=\"auto\"><a href=\"https:\/\/vozolvapen.de\/pl\/product-category\/bang-vape\/\" target=\"_blank\" rel=\"noopener noreferrer nofollow\">Zobacz pe\u0142n\u0105 kolekcj\u0119 Bang Vape \u2192<\/a><\/p>","protected":false},"excerpt":{"rendered":"<p><b data-path-to-node=\"4,11,4,0\" data-index-in-node=\"0\">The Botanical Oasis.<\/b> Clean and crisp. This Bang Blaze 140000 offers botanical aloe, zesty lemon lime, and exotic dragon fruit for a refreshing 140,000 puff session.<\/p>","protected":false},"featured_media":49383,"comment_status":"open","ping_status":"closed","template":"","meta":{"_acf_changed":false},"product_brand":[],"product_cat":[134,104],"product_tag":[],"class_list":{"0":"post-49186","1":"product","2":"type-product","3":"status-publish","4":"has-post-thumbnail","6":"product_cat-eu-warehouse-in-stock","7":"product_cat-puff-140k-bang-blaze-140000-3-in-1","9":"first","10":"instock","11":"shipping-taxable","12":"purchasable","13":"product-type-variable"},"acf":[],"yoast_head":"<!-- This site is optimized with the Yoast SEO Premium plugin v26.1 (Yoast SEO v27.5) - https:\/\/yoast.com\/product\/yoast-seo-premium-wordpress\/ -->\n<title>Lemon Lime &amp; Aloe Mango | Bang Blaze 140k | 140k Puffs - vozolvapen<\/title>\n<meta name=\"description\" content=\"Botanical refreshment! Bang Blaze 140000 with Lemon Lime, Aloe Mango Melon, and Watermelon Dragon Fruit. 140k puffs total. EU stock available.\" \/>\n<meta name=\"robots\" content=\"index, follow, max-snippet:-1, max-image-preview:large, max-video-preview:-1\" \/>\n<link rel=\"canonical\" href=\"https:\/\/vozolvapen.de\/pl\/product\/puff-140k-bang-blaze-140000-lemon-limealoe-mango-melonwatermelon-dragon-fruit\/\" \/>\n<meta property=\"og:locale\" content=\"pl_PL\" \/>\n<meta property=\"og:type\" content=\"article\" \/>\n<meta property=\"og:title\" content=\"Puff 140k Bang Blaze 140000 - Lemon lime&amp;Aloe Mango Melon&amp;Watermelon dragon fruit\" \/>\n<meta property=\"og:description\" content=\"Botanical refreshment! Bang Blaze 140000 with Lemon Lime, Aloe Mango Melon, and Watermelon Dragon Fruit. 140k puffs total. EU stock available.\" \/>\n<meta property=\"og:url\" content=\"https:\/\/vozolvapen.de\/pl\/product\/puff-140k-bang-blaze-140000-lemon-limealoe-mango-melonwatermelon-dragon-fruit\/\" \/>\n<meta property=\"og:site_name\" content=\"vozolvapen\" \/>\n<meta property=\"article:modified_time\" content=\"2026-02-10T10:58:15+00:00\" \/>\n<meta property=\"og:image\" content=\"https:\/\/vozolvapen.de\/wp-content\/uploads\/2025\/12\/Puff-140k-Bang-Blaze-140000-Lemon-limeAloe-Mango-MelonWatermelon-dragon-fruit-2.webp\" \/>\n\t<meta property=\"og:image:width\" content=\"1200\" \/>\n\t<meta property=\"og:image:height\" content=\"1200\" \/>\n\t<meta property=\"og:image:type\" content=\"image\/webp\" \/>\n<meta name=\"twitter:card\" content=\"summary_large_image\" \/>\n<meta name=\"twitter:label1\" content=\"Szacowany czas czytania\" \/>\n\t<meta name=\"twitter:data1\" content=\"2 minuty\" \/>\n<script type=\"application\/ld+json\" class=\"yoast-schema-graph\">{\"@context\":\"https:\\\/\\\/schema.org\",\"@graph\":[{\"@type\":\"WebPage\",\"@id\":\"https:\\\/\\\/vozolvapen.de\\\/product\\\/puff-140k-bang-blaze-140000-lemon-limealoe-mango-melonwatermelon-dragon-fruit\\\/\",\"url\":\"https:\\\/\\\/vozolvapen.de\\\/product\\\/puff-140k-bang-blaze-140000-lemon-limealoe-mango-melonwatermelon-dragon-fruit\\\/\",\"name\":\"Lemon Lime & Aloe Mango | Bang Blaze 140k | 140k Puffs - vozolvapen\",\"isPartOf\":{\"@id\":\"https:\\\/\\\/vozolvapen.de\\\/#website\"},\"primaryImageOfPage\":{\"@id\":\"https:\\\/\\\/vozolvapen.de\\\/product\\\/puff-140k-bang-blaze-140000-lemon-limealoe-mango-melonwatermelon-dragon-fruit\\\/#primaryimage\"},\"image\":{\"@id\":\"https:\\\/\\\/vozolvapen.de\\\/product\\\/puff-140k-bang-blaze-140000-lemon-limealoe-mango-melonwatermelon-dragon-fruit\\\/#primaryimage\"},\"thumbnailUrl\":\"https:\\\/\\\/vozolvapen.de\\\/wp-content\\\/uploads\\\/2025\\\/12\\\/Puff-140k-Bang-Blaze-140000-Lemon-limeAloe-Mango-MelonWatermelon-dragon-fruit-2.webp\",\"datePublished\":\"2025-12-30T09:47:00+00:00\",\"dateModified\":\"2026-02-10T10:58:15+00:00\",\"description\":\"Botanical refreshment! Bang Blaze 140000 with Lemon Lime, Aloe Mango Melon, and Watermelon Dragon Fruit. 140k puffs total. EU stock available.\",\"breadcrumb\":{\"@id\":\"https:\\\/\\\/vozolvapen.de\\\/product\\\/puff-140k-bang-blaze-140000-lemon-limealoe-mango-melonwatermelon-dragon-fruit\\\/#breadcrumb\"},\"inLanguage\":\"pl-PL\",\"potentialAction\":[{\"@type\":\"ReadAction\",\"target\":[\"https:\\\/\\\/vozolvapen.de\\\/product\\\/puff-140k-bang-blaze-140000-lemon-limealoe-mango-melonwatermelon-dragon-fruit\\\/\"]}]},{\"@type\":\"ImageObject\",\"inLanguage\":\"pl-PL\",\"@id\":\"https:\\\/\\\/vozolvapen.de\\\/product\\\/puff-140k-bang-blaze-140000-lemon-limealoe-mango-melonwatermelon-dragon-fruit\\\/#primaryimage\",\"url\":\"https:\\\/\\\/vozolvapen.de\\\/wp-content\\\/uploads\\\/2025\\\/12\\\/Puff-140k-Bang-Blaze-140000-Lemon-limeAloe-Mango-MelonWatermelon-dragon-fruit-2.webp\",\"contentUrl\":\"https:\\\/\\\/vozolvapen.de\\\/wp-content\\\/uploads\\\/2025\\\/12\\\/Puff-140k-Bang-Blaze-140000-Lemon-limeAloe-Mango-MelonWatermelon-dragon-fruit-2.webp\",\"width\":1200,\"height\":1200,\"caption\":\"Puff 140k Bang Blaze 140000 - Lemon lime&Aloe Mango Melon&Watermelon dragon fruit (2)\"},{\"@type\":\"BreadcrumbList\",\"@id\":\"https:\\\/\\\/vozolvapen.de\\\/product\\\/puff-140k-bang-blaze-140000-lemon-limealoe-mango-melonwatermelon-dragon-fruit\\\/#breadcrumb\",\"itemListElement\":[{\"@type\":\"ListItem\",\"position\":1,\"name\":\"Home\",\"item\":\"https:\\\/\\\/vozolvapen.de\\\/de\\\/\"},{\"@type\":\"ListItem\",\"position\":2,\"name\":\"Shop\",\"item\":\"https:\\\/\\\/vozolvapen.de\\\/shop\\\/\"},{\"@type\":\"ListItem\",\"position\":3,\"name\":\"Puff 140k Bang Blaze 140000 &#8211; Lemon lime&#038;Aloe Mango Melon&#038;Watermelon dragon fruit\"}]},{\"@type\":\"WebSite\",\"@id\":\"https:\\\/\\\/vozolvapen.de\\\/#website\",\"url\":\"https:\\\/\\\/vozolvapen.de\\\/\",\"name\":\"vozolvapen\",\"description\":\"vozolvapen\",\"publisher\":{\"@id\":\"https:\\\/\\\/vozolvapen.de\\\/#organization\"},\"potentialAction\":[{\"@type\":\"SearchAction\",\"target\":{\"@type\":\"EntryPoint\",\"urlTemplate\":\"https:\\\/\\\/vozolvapen.de\\\/?s={search_term_string}\"},\"query-input\":{\"@type\":\"PropertyValueSpecification\",\"valueRequired\":true,\"valueName\":\"search_term_string\"}}],\"inLanguage\":\"pl-PL\"},{\"@type\":\"Organization\",\"@id\":\"https:\\\/\\\/vozolvapen.de\\\/#organization\",\"name\":\"vozolvapen\",\"url\":\"https:\\\/\\\/vozolvapen.de\\\/\",\"logo\":{\"@type\":\"ImageObject\",\"inLanguage\":\"pl-PL\",\"@id\":\"https:\\\/\\\/vozolvapen.de\\\/#\\\/schema\\\/logo\\\/image\\\/\",\"url\":\"https:\\\/\\\/vozolvapen.de\\\/wp-content\\\/uploads\\\/2025\\\/12\\\/cropped-vozovapen-logo.webp\",\"contentUrl\":\"https:\\\/\\\/vozolvapen.de\\\/wp-content\\\/uploads\\\/2025\\\/12\\\/cropped-vozovapen-logo.webp\",\"width\":470,\"height\":110,\"caption\":\"vozolvapen\"},\"image\":{\"@id\":\"https:\\\/\\\/vozolvapen.de\\\/#\\\/schema\\\/logo\\\/image\\\/\"}}]}<\/script>\n<!-- \/ Yoast SEO Premium plugin. -->","yoast_head_json":{"title":"Lemon Lime & Aloe Mango | Bang Blaze 140k | 140k Puffs - vozolvapen","description":"Botanical refreshment! Bang Blaze 140000 with Lemon Lime, Aloe Mango Melon, and Watermelon Dragon Fruit. 140k puffs total. EU stock available.","robots":{"index":"index","follow":"follow","max-snippet":"max-snippet:-1","max-image-preview":"max-image-preview:large","max-video-preview":"max-video-preview:-1"},"canonical":"https:\/\/vozolvapen.de\/pl\/product\/puff-140k-bang-blaze-140000-lemon-limealoe-mango-melonwatermelon-dragon-fruit\/","og_locale":"pl_PL","og_type":"article","og_title":"Puff 140k Bang Blaze 140000 - Lemon lime&Aloe Mango Melon&Watermelon dragon fruit","og_description":"Botanical refreshment! Bang Blaze 140000 with Lemon Lime, Aloe Mango Melon, and Watermelon Dragon Fruit. 140k puffs total. EU stock available.","og_url":"https:\/\/vozolvapen.de\/pl\/product\/puff-140k-bang-blaze-140000-lemon-limealoe-mango-melonwatermelon-dragon-fruit\/","og_site_name":"vozolvapen","article_modified_time":"2026-02-10T10:58:15+00:00","og_image":[{"width":1200,"height":1200,"url":"https:\/\/vozolvapen.de\/wp-content\/uploads\/2025\/12\/Puff-140k-Bang-Blaze-140000-Lemon-limeAloe-Mango-MelonWatermelon-dragon-fruit-2.webp","type":"image\/webp"}],"twitter_card":"summary_large_image","twitter_misc":{"Szacowany czas czytania":"2 minuty"},"schema":{"@context":"https:\/\/schema.org","@graph":[{"@type":"WebPage","@id":"https:\/\/vozolvapen.de\/product\/puff-140k-bang-blaze-140000-lemon-limealoe-mango-melonwatermelon-dragon-fruit\/","url":"https:\/\/vozolvapen.de\/product\/puff-140k-bang-blaze-140000-lemon-limealoe-mango-melonwatermelon-dragon-fruit\/","name":"Lemon Lime & Aloe Mango | Bang Blaze 140k | 140k Puffs - vozolvapen","isPartOf":{"@id":"https:\/\/vozolvapen.de\/#website"},"primaryImageOfPage":{"@id":"https:\/\/vozolvapen.de\/product\/puff-140k-bang-blaze-140000-lemon-limealoe-mango-melonwatermelon-dragon-fruit\/#primaryimage"},"image":{"@id":"https:\/\/vozolvapen.de\/product\/puff-140k-bang-blaze-140000-lemon-limealoe-mango-melonwatermelon-dragon-fruit\/#primaryimage"},"thumbnailUrl":"https:\/\/vozolvapen.de\/wp-content\/uploads\/2025\/12\/Puff-140k-Bang-Blaze-140000-Lemon-limeAloe-Mango-MelonWatermelon-dragon-fruit-2.webp","datePublished":"2025-12-30T09:47:00+00:00","dateModified":"2026-02-10T10:58:15+00:00","description":"Botanical refreshment! Bang Blaze 140000 with Lemon Lime, Aloe Mango Melon, and Watermelon Dragon Fruit. 140k puffs total. EU stock available.","breadcrumb":{"@id":"https:\/\/vozolvapen.de\/product\/puff-140k-bang-blaze-140000-lemon-limealoe-mango-melonwatermelon-dragon-fruit\/#breadcrumb"},"inLanguage":"pl-PL","potentialAction":[{"@type":"ReadAction","target":["https:\/\/vozolvapen.de\/product\/puff-140k-bang-blaze-140000-lemon-limealoe-mango-melonwatermelon-dragon-fruit\/"]}]},{"@type":"ImageObject","inLanguage":"pl-PL","@id":"https:\/\/vozolvapen.de\/product\/puff-140k-bang-blaze-140000-lemon-limealoe-mango-melonwatermelon-dragon-fruit\/#primaryimage","url":"https:\/\/vozolvapen.de\/wp-content\/uploads\/2025\/12\/Puff-140k-Bang-Blaze-140000-Lemon-limeAloe-Mango-MelonWatermelon-dragon-fruit-2.webp","contentUrl":"https:\/\/vozolvapen.de\/wp-content\/uploads\/2025\/12\/Puff-140k-Bang-Blaze-140000-Lemon-limeAloe-Mango-MelonWatermelon-dragon-fruit-2.webp","width":1200,"height":1200,"caption":"Puff 140k Bang Blaze 140000 - Lemon lime&Aloe Mango Melon&Watermelon dragon fruit (2)"},{"@type":"BreadcrumbList","@id":"https:\/\/vozolvapen.de\/product\/puff-140k-bang-blaze-140000-lemon-limealoe-mango-melonwatermelon-dragon-fruit\/#breadcrumb","itemListElement":[{"@type":"ListItem","position":1,"name":"Home","item":"https:\/\/vozolvapen.de\/de\/"},{"@type":"ListItem","position":2,"name":"Shop","item":"https:\/\/vozolvapen.de\/shop\/"},{"@type":"ListItem","position":3,"name":"Puff 140k Bang Blaze 140000 &#8211; Lemon lime&#038;Aloe Mango Melon&#038;Watermelon dragon fruit"}]},{"@type":"WebSite","@id":"https:\/\/vozolvapen.de\/#website","url":"https:\/\/vozolvapen.de\/","name":"vozolvapen","description":"vozolvapen","publisher":{"@id":"https:\/\/vozolvapen.de\/#organization"},"potentialAction":[{"@type":"SearchAction","target":{"@type":"EntryPoint","urlTemplate":"https:\/\/vozolvapen.de\/?s={search_term_string}"},"query-input":{"@type":"PropertyValueSpecification","valueRequired":true,"valueName":"search_term_string"}}],"inLanguage":"pl-PL"},{"@type":"Organization","@id":"https:\/\/vozolvapen.de\/#organization","name":"vozolvapen","url":"https:\/\/vozolvapen.de\/","logo":{"@type":"ImageObject","inLanguage":"pl-PL","@id":"https:\/\/vozolvapen.de\/#\/schema\/logo\/image\/","url":"https:\/\/vozolvapen.de\/wp-content\/uploads\/2025\/12\/cropped-vozovapen-logo.webp","contentUrl":"https:\/\/vozolvapen.de\/wp-content\/uploads\/2025\/12\/cropped-vozovapen-logo.webp","width":470,"height":110,"caption":"vozolvapen"},"image":{"@id":"https:\/\/vozolvapen.de\/#\/schema\/logo\/image\/"}}]}},"tiered_pricing_type":"fixed","tiered_pricing_fixed_rules":{"30":"11.5","50":"9.5","100":"8.5","200":"8"},"tiered_pricing_product_settings":{"layout":"default","base_unit_name":{"singular":null,"plural":null},"default_variation":{}},"tiered_pricing_minimum_quantity":10,"tiered_pricing_roles_data":[],"tiered_pricing_percentage_rules":[],"tiered_pricing_maximum_quantity":null,"tiered_pricing_quantity_step":"10","_links":{"self":[{"href":"http:\/\/vozolvapen.de\/pl\/wp-json\/wp\/v2\/product\/49186","targetHints":{"allow":["GET"]}}],"collection":[{"href":"http:\/\/vozolvapen.de\/pl\/wp-json\/wp\/v2\/product"}],"about":[{"href":"http:\/\/vozolvapen.de\/pl\/wp-json\/wp\/v2\/types\/product"}],"replies":[{"embeddable":true,"href":"http:\/\/vozolvapen.de\/pl\/wp-json\/wp\/v2\/comments?post=49186"}],"wp:featuredmedia":[{"embeddable":true,"href":"http:\/\/vozolvapen.de\/pl\/wp-json\/wp\/v2\/media\/49383"}],"wp:attachment":[{"href":"http:\/\/vozolvapen.de\/pl\/wp-json\/wp\/v2\/media?parent=49186"}],"wp:term":[{"taxonomy":"product_brand","embeddable":true,"href":"http:\/\/vozolvapen.de\/pl\/wp-json\/wp\/v2\/product_brand?post=49186"},{"taxonomy":"product_cat","embeddable":true,"href":"http:\/\/vozolvapen.de\/pl\/wp-json\/wp\/v2\/product_cat?post=49186"},{"taxonomy":"product_tag","embeddable":true,"href":"http:\/\/vozolvapen.de\/pl\/wp-json\/wp\/v2\/product_tag?post=49186"}],"curies":[{"name":"wp","href":"https:\/\/api.w.org\/{rel}","templated":true}]}}