{"id":49239,"date":"2025-12-30T09:47:04","date_gmt":"2025-12-30T09:47:04","guid":{"rendered":"https:\/\/vozolvapen.de\/?post_type=product&#038;p=49239"},"modified":"2026-02-10T10:58:13","modified_gmt":"2026-02-10T10:58:13","slug":"puff-140k-bang-blaze-140000-banana-icestrawberry-ice-creamwatermelon-berry","status":"publish","type":"product","link":"http:\/\/vozolvapen.de\/pl\/product\/puff-140k-bang-blaze-140000-banana-icestrawberry-ice-creamwatermelon-berry\/","title":{"rendered":"Puff 140k Bang Blaze 140000 - Lody bananowe&amp;Lody truskawkowe&amp;Lody arbuzowo-jagodowe"},"content":{"rendered":"<h1 data-path-to-node=\"69\"><b data-path-to-node=\"69\" data-index-in-node=\"0\">Bang Blaze 140,000 Puffs \u2013 Banana Ice, Strawberry Ice Cream, Watermelon Berry<\/b><\/h1>\n<p data-path-to-node=\"70\"><b data-path-to-node=\"70\" data-index-in-node=\"0\">The Creamy Dessert Dream:<\/b> Indulge in the smooth, milky, and rich side of vaping. Toggle between creamy Banana Ice, decadent Strawberry Ice Cream, and the soft Watermelon Berry.<\/p>\n<h2 data-path-to-node=\"71\"><b data-path-to-node=\"71\" data-index-in-node=\"0\">The Dessert Deep Dive<\/b><\/h2>\n<ul data-path-to-node=\"72\">\n<li>\n<p data-path-to-node=\"72,0,0\"><b data-path-to-node=\"72,0,0\" data-index-in-node=\"0\">Banana Ice (Pod 1):<\/b> A rich banana custard flavor finished with a smooth menthol touch.<\/p>\n<\/li>\n<li>\n<p data-path-to-node=\"72,1,0\"><b data-path-to-node=\"72,1,0\" data-index-in-node=\"0\">Lody truskawkowe (Pod 2):<\/b> A classic dessert\u2014sweet strawberries swirled into thick vanilla cream.<\/p>\n<\/li>\n<li>\n<p data-path-to-node=\"72,2,0\"><b data-path-to-node=\"72,2,0\" data-index-in-node=\"0\">Watermelon Berry (Pod 3):<\/b> A soft, juicy mix that is lighter on the cream but heavy on the fruit.<\/p>\n<\/li>\n<\/ul>\n<h2 data-path-to-node=\"73\"><b data-path-to-node=\"73\" data-index-in-node=\"0\">Dla kogo przeznaczony jest ten smak?<\/b><\/h2>\n<p data-path-to-node=\"73\"><b data-path-to-node=\"73\" data-index-in-node=\"24\">Mi\u0142o\u015bnik deser\u00f3w:<\/b> Anyone who enjoys milky, smooth, and high-texture vapes that satisfy the sweet tooth.<\/p>\n<h2><strong>Puff 140k Bang Blaze 140000 <\/strong><strong>Wideo\uff1a<\/strong><\/h2>\n<p><iframe title=\"Puff 140k Bang Blaze 140000 Puffs Disposable Vape 3 in 1 36 Flavor E-Liquid E Cigarette Vaper pen Free Shipping\" src=\"https:\/\/player.vimeo.com\/video\/1153118330?badge=0&amp;autopause=0&amp;player_id=0&amp;app_id=58479\" width=\"400\" height=\"711\" frameborder=\"0\"><\/iframe><\/p>\n<h3 data-path-to-node=\"52\"><b data-path-to-node=\"52\" data-index-in-node=\"0\">Core Parameters ( Bang Blaze 140000 Models)<\/b><\/h3>\n<table data-path-to-node=\"16\">\n<thead>\n<tr>\n<td><strong>Global Supply Details<\/strong><\/td>\n<td><strong>Bang Blaze 140k Information<\/strong><\/td>\n<\/tr>\n<\/thead>\n<tbody>\n<tr>\n<td><span data-path-to-node=\"16,1,0,0\"><b data-path-to-node=\"16,1,0,0\" data-index-in-node=\"0\">Centrum wysy\u0142kowe<\/b><\/span><\/td>\n<td><span data-path-to-node=\"16,1,1,0\"><b data-path-to-node=\"16,1,1,0\" data-index-in-node=\"0\">European Warehouse (EU Stock)<\/b><\/span><\/td>\n<\/tr>\n<tr>\n<td><span data-path-to-node=\"16,2,0,0\"><b data-path-to-node=\"16,2,0,0\" data-index-in-node=\"0\">Delivery Timeline<\/b><\/span><\/td>\n<td><span data-path-to-node=\"16,2,1,0\"><b data-path-to-node=\"16,2,1,0\" data-index-in-node=\"0\">1-3 Business Days Guaranteed<\/b><\/span><\/td>\n<\/tr>\n<tr>\n<td><span data-path-to-node=\"16,3,0,0\"><b data-path-to-node=\"16,3,0,0\" data-index-in-node=\"0\">Mocne strony nikotyny<\/b><\/span><\/td>\n<td><span data-path-to-node=\"16,3,1,0\">0mg \/ 20mg \/ 30mg \/ 50mg<\/span><\/td>\n<\/tr>\n<tr>\n<td><span data-path-to-node=\"16,4,0,0\"><b data-path-to-node=\"16,4,0,0\" data-index-in-node=\"0\">Charging Type<\/b><\/span><\/td>\n<td><span data-path-to-node=\"16,4,1,0\">Type-C Universal Rechargeable<\/span><\/td>\n<\/tr>\n<tr>\n<td><span data-path-to-node=\"16,5,0,0\"><b data-path-to-node=\"16,5,0,0\" data-index-in-node=\"0\">Total Fluid Volume<\/b><\/span><\/td>\n<td><span data-path-to-node=\"16,5,1,0\">45ML (High-Capacity 3-Tank System)<\/span><\/td>\n<\/tr>\n<tr>\n<td><span data-path-to-node=\"16,6,0,0\"><b data-path-to-node=\"16,6,0,0\" data-index-in-node=\"0\">Brand Origin<\/b><\/span><\/td>\n<td><span data-path-to-node=\"16,6,1,0\">Official Bang Vape Series<\/span><\/td>\n<\/tr>\n<\/tbody>\n<\/table>\n<h3 dir=\"auto\">Oto dalsze zalecenia dla Ciebie:<\/h3>\n<p dir=\"auto\">Discover even more incredible flavors with the Puff 140k Bang Blaze 140000 Vape!<\/p>\n<p dir=\"auto\"><a href=\"https:\/\/vozolvapen.de\/pl\/product-category\/bang-vape\/puff-140k-bang-blaze-140000-3-in-1\/\" target=\"_blank\" rel=\"noopener noreferrer nofollow\">Zobacz wszystkie odmiany tutaj \u2192<\/a><\/p>\n<p dir=\"auto\">Zapoznaj si\u0119 z nasz\u0105 pe\u0142n\u0105 kolekcj\u0105 i kupuj produkty najlepszych marek vape, kt\u00f3re pokochasz.<\/p>\n<p dir=\"auto\"><a href=\"https:\/\/vozolvapen.de\/pl\/\" target=\"_blank\" rel=\"noopener noreferrer nofollow\">Przegl\u0105daj teraz wszystkie marki \u2192<\/a><\/p>\n<p dir=\"auto\">Sprawd\u017a ca\u0142\u0105 seri\u0119 Bang Vape - ka\u017cdy smak, ka\u017cdy styl!<\/p>\n<p dir=\"auto\"><a href=\"https:\/\/vozolvapen.de\/pl\/product-category\/bang-vape\/\" target=\"_blank\" rel=\"noopener noreferrer nofollow\">Zobacz pe\u0142n\u0105 kolekcj\u0119 Bang Vape \u2192<\/a><\/p>","protected":false},"excerpt":{"rendered":"<p><b data-path-to-node=\"4,12,4,0\" data-index-in-node=\"0\">The Dessert Haven.<\/b> The creamy dessert dream. Indulge in 140,000 puffs of thick banana custard, rich ice cream, and sweet watermelon berry with the Bang Blaze 140k.<\/p>","protected":false},"featured_media":49385,"comment_status":"open","ping_status":"closed","template":"","meta":{"_acf_changed":false},"product_brand":[],"product_cat":[134,104],"product_tag":[],"class_list":{"0":"post-49239","1":"product","2":"type-product","3":"status-publish","4":"has-post-thumbnail","6":"product_cat-eu-warehouse-in-stock","7":"product_cat-puff-140k-bang-blaze-140000-3-in-1","9":"first","10":"instock","11":"featured","12":"shipping-taxable","13":"purchasable","14":"product-type-variable"},"acf":[],"yoast_head":"<!-- This site is optimized with the Yoast SEO Premium plugin v26.1 (Yoast SEO v27.5) - https:\/\/yoast.com\/product\/yoast-seo-premium-wordpress\/ -->\n<title>Banana Ice &amp; Strawberry Ice Cream | Bang Blaze 140k - vozolvapen<\/title>\n<meta name=\"description\" content=\"Dessert lovers! 140,000 puffs of Banana Ice, Strawberry Ice Cream, and Watermelon Berry. Bang Blaze 140000 3-in-1. 1-3 day EU warehouse delivery.\" \/>\n<meta name=\"robots\" content=\"index, follow, max-snippet:-1, max-image-preview:large, max-video-preview:-1\" \/>\n<link rel=\"canonical\" href=\"https:\/\/vozolvapen.de\/pl\/product\/puff-140k-bang-blaze-140000-banana-icestrawberry-ice-creamwatermelon-berry\/\" \/>\n<meta property=\"og:locale\" content=\"pl_PL\" \/>\n<meta property=\"og:type\" content=\"article\" \/>\n<meta property=\"og:title\" content=\"Puff 140k Bang Blaze 140000 - Banana ice&amp;Strawberry ice cream&amp;Watermelon berry\" \/>\n<meta property=\"og:description\" content=\"Dessert lovers! 140,000 puffs of Banana Ice, Strawberry Ice Cream, and Watermelon Berry. Bang Blaze 140000 3-in-1. 1-3 day EU warehouse delivery.\" \/>\n<meta property=\"og:url\" content=\"https:\/\/vozolvapen.de\/pl\/product\/puff-140k-bang-blaze-140000-banana-icestrawberry-ice-creamwatermelon-berry\/\" \/>\n<meta property=\"og:site_name\" content=\"vozolvapen\" \/>\n<meta property=\"article:modified_time\" content=\"2026-02-10T10:58:13+00:00\" \/>\n<meta property=\"og:image\" content=\"https:\/\/vozolvapen.de\/wp-content\/uploads\/2025\/12\/Puff-140k-Bang-Blaze-140000-Banana-iceStrawberry-ice-creamWatermelon-berry.webp\" \/>\n\t<meta property=\"og:image:width\" content=\"1200\" \/>\n\t<meta property=\"og:image:height\" content=\"666\" \/>\n\t<meta property=\"og:image:type\" content=\"image\/webp\" \/>\n<meta name=\"twitter:card\" content=\"summary_large_image\" \/>\n<meta name=\"twitter:label1\" content=\"Szacowany czas czytania\" \/>\n\t<meta name=\"twitter:data1\" content=\"2 minuty\" \/>\n<script type=\"application\/ld+json\" class=\"yoast-schema-graph\">{\"@context\":\"https:\\\/\\\/schema.org\",\"@graph\":[{\"@type\":\"WebPage\",\"@id\":\"https:\\\/\\\/vozolvapen.de\\\/product\\\/puff-140k-bang-blaze-140000-banana-icestrawberry-ice-creamwatermelon-berry\\\/\",\"url\":\"https:\\\/\\\/vozolvapen.de\\\/product\\\/puff-140k-bang-blaze-140000-banana-icestrawberry-ice-creamwatermelon-berry\\\/\",\"name\":\"Banana Ice & Strawberry Ice Cream | Bang Blaze 140k - vozolvapen\",\"isPartOf\":{\"@id\":\"https:\\\/\\\/vozolvapen.de\\\/#website\"},\"primaryImageOfPage\":{\"@id\":\"https:\\\/\\\/vozolvapen.de\\\/product\\\/puff-140k-bang-blaze-140000-banana-icestrawberry-ice-creamwatermelon-berry\\\/#primaryimage\"},\"image\":{\"@id\":\"https:\\\/\\\/vozolvapen.de\\\/product\\\/puff-140k-bang-blaze-140000-banana-icestrawberry-ice-creamwatermelon-berry\\\/#primaryimage\"},\"thumbnailUrl\":\"https:\\\/\\\/vozolvapen.de\\\/wp-content\\\/uploads\\\/2025\\\/12\\\/Puff-140k-Bang-Blaze-140000-Banana-iceStrawberry-ice-creamWatermelon-berry.webp\",\"datePublished\":\"2025-12-30T09:47:04+00:00\",\"dateModified\":\"2026-02-10T10:58:13+00:00\",\"description\":\"Dessert lovers! 140,000 puffs of Banana Ice, Strawberry Ice Cream, and Watermelon Berry. Bang Blaze 140000 3-in-1. 1-3 day EU warehouse delivery.\",\"breadcrumb\":{\"@id\":\"https:\\\/\\\/vozolvapen.de\\\/product\\\/puff-140k-bang-blaze-140000-banana-icestrawberry-ice-creamwatermelon-berry\\\/#breadcrumb\"},\"inLanguage\":\"pl-PL\",\"potentialAction\":[{\"@type\":\"ReadAction\",\"target\":[\"https:\\\/\\\/vozolvapen.de\\\/product\\\/puff-140k-bang-blaze-140000-banana-icestrawberry-ice-creamwatermelon-berry\\\/\"]}]},{\"@type\":\"ImageObject\",\"inLanguage\":\"pl-PL\",\"@id\":\"https:\\\/\\\/vozolvapen.de\\\/product\\\/puff-140k-bang-blaze-140000-banana-icestrawberry-ice-creamwatermelon-berry\\\/#primaryimage\",\"url\":\"https:\\\/\\\/vozolvapen.de\\\/wp-content\\\/uploads\\\/2025\\\/12\\\/Puff-140k-Bang-Blaze-140000-Banana-iceStrawberry-ice-creamWatermelon-berry.webp\",\"contentUrl\":\"https:\\\/\\\/vozolvapen.de\\\/wp-content\\\/uploads\\\/2025\\\/12\\\/Puff-140k-Bang-Blaze-140000-Banana-iceStrawberry-ice-creamWatermelon-berry.webp\",\"width\":1200,\"height\":666,\"caption\":\"Puff 140k Bang Blaze 140000 - Banana ice&Strawberry ice cream&Watermelon berry\"},{\"@type\":\"BreadcrumbList\",\"@id\":\"https:\\\/\\\/vozolvapen.de\\\/product\\\/puff-140k-bang-blaze-140000-banana-icestrawberry-ice-creamwatermelon-berry\\\/#breadcrumb\",\"itemListElement\":[{\"@type\":\"ListItem\",\"position\":1,\"name\":\"Home\",\"item\":\"https:\\\/\\\/vozolvapen.de\\\/de\\\/\"},{\"@type\":\"ListItem\",\"position\":2,\"name\":\"Shop\",\"item\":\"https:\\\/\\\/vozolvapen.de\\\/shop\\\/\"},{\"@type\":\"ListItem\",\"position\":3,\"name\":\"Puff 140k Bang Blaze 140000 &#8211; Banana ice&#038;Strawberry ice cream&#038;Watermelon berry\"}]},{\"@type\":\"WebSite\",\"@id\":\"https:\\\/\\\/vozolvapen.de\\\/#website\",\"url\":\"https:\\\/\\\/vozolvapen.de\\\/\",\"name\":\"vozolvapen\",\"description\":\"vozolvapen\",\"publisher\":{\"@id\":\"https:\\\/\\\/vozolvapen.de\\\/#organization\"},\"potentialAction\":[{\"@type\":\"SearchAction\",\"target\":{\"@type\":\"EntryPoint\",\"urlTemplate\":\"https:\\\/\\\/vozolvapen.de\\\/?s={search_term_string}\"},\"query-input\":{\"@type\":\"PropertyValueSpecification\",\"valueRequired\":true,\"valueName\":\"search_term_string\"}}],\"inLanguage\":\"pl-PL\"},{\"@type\":\"Organization\",\"@id\":\"https:\\\/\\\/vozolvapen.de\\\/#organization\",\"name\":\"vozolvapen\",\"url\":\"https:\\\/\\\/vozolvapen.de\\\/\",\"logo\":{\"@type\":\"ImageObject\",\"inLanguage\":\"pl-PL\",\"@id\":\"https:\\\/\\\/vozolvapen.de\\\/#\\\/schema\\\/logo\\\/image\\\/\",\"url\":\"https:\\\/\\\/vozolvapen.de\\\/wp-content\\\/uploads\\\/2025\\\/12\\\/cropped-vozovapen-logo.webp\",\"contentUrl\":\"https:\\\/\\\/vozolvapen.de\\\/wp-content\\\/uploads\\\/2025\\\/12\\\/cropped-vozovapen-logo.webp\",\"width\":470,\"height\":110,\"caption\":\"vozolvapen\"},\"image\":{\"@id\":\"https:\\\/\\\/vozolvapen.de\\\/#\\\/schema\\\/logo\\\/image\\\/\"}}]}<\/script>\n<!-- \/ Yoast SEO Premium plugin. -->","yoast_head_json":{"title":"Banana Ice & Strawberry Ice Cream | Bang Blaze 140k - vozolvapen","description":"Dessert lovers! 140,000 puffs of Banana Ice, Strawberry Ice Cream, and Watermelon Berry. Bang Blaze 140000 3-in-1. 1-3 day EU warehouse delivery.","robots":{"index":"index","follow":"follow","max-snippet":"max-snippet:-1","max-image-preview":"max-image-preview:large","max-video-preview":"max-video-preview:-1"},"canonical":"https:\/\/vozolvapen.de\/pl\/product\/puff-140k-bang-blaze-140000-banana-icestrawberry-ice-creamwatermelon-berry\/","og_locale":"pl_PL","og_type":"article","og_title":"Puff 140k Bang Blaze 140000 - Banana ice&Strawberry ice cream&Watermelon berry","og_description":"Dessert lovers! 140,000 puffs of Banana Ice, Strawberry Ice Cream, and Watermelon Berry. Bang Blaze 140000 3-in-1. 1-3 day EU warehouse delivery.","og_url":"https:\/\/vozolvapen.de\/pl\/product\/puff-140k-bang-blaze-140000-banana-icestrawberry-ice-creamwatermelon-berry\/","og_site_name":"vozolvapen","article_modified_time":"2026-02-10T10:58:13+00:00","og_image":[{"width":1200,"height":666,"url":"https:\/\/vozolvapen.de\/wp-content\/uploads\/2025\/12\/Puff-140k-Bang-Blaze-140000-Banana-iceStrawberry-ice-creamWatermelon-berry.webp","type":"image\/webp"}],"twitter_card":"summary_large_image","twitter_misc":{"Szacowany czas czytania":"2 minuty"},"schema":{"@context":"https:\/\/schema.org","@graph":[{"@type":"WebPage","@id":"https:\/\/vozolvapen.de\/product\/puff-140k-bang-blaze-140000-banana-icestrawberry-ice-creamwatermelon-berry\/","url":"https:\/\/vozolvapen.de\/product\/puff-140k-bang-blaze-140000-banana-icestrawberry-ice-creamwatermelon-berry\/","name":"Banana Ice & Strawberry Ice Cream | Bang Blaze 140k - vozolvapen","isPartOf":{"@id":"https:\/\/vozolvapen.de\/#website"},"primaryImageOfPage":{"@id":"https:\/\/vozolvapen.de\/product\/puff-140k-bang-blaze-140000-banana-icestrawberry-ice-creamwatermelon-berry\/#primaryimage"},"image":{"@id":"https:\/\/vozolvapen.de\/product\/puff-140k-bang-blaze-140000-banana-icestrawberry-ice-creamwatermelon-berry\/#primaryimage"},"thumbnailUrl":"https:\/\/vozolvapen.de\/wp-content\/uploads\/2025\/12\/Puff-140k-Bang-Blaze-140000-Banana-iceStrawberry-ice-creamWatermelon-berry.webp","datePublished":"2025-12-30T09:47:04+00:00","dateModified":"2026-02-10T10:58:13+00:00","description":"Dessert lovers! 140,000 puffs of Banana Ice, Strawberry Ice Cream, and Watermelon Berry. Bang Blaze 140000 3-in-1. 1-3 day EU warehouse delivery.","breadcrumb":{"@id":"https:\/\/vozolvapen.de\/product\/puff-140k-bang-blaze-140000-banana-icestrawberry-ice-creamwatermelon-berry\/#breadcrumb"},"inLanguage":"pl-PL","potentialAction":[{"@type":"ReadAction","target":["https:\/\/vozolvapen.de\/product\/puff-140k-bang-blaze-140000-banana-icestrawberry-ice-creamwatermelon-berry\/"]}]},{"@type":"ImageObject","inLanguage":"pl-PL","@id":"https:\/\/vozolvapen.de\/product\/puff-140k-bang-blaze-140000-banana-icestrawberry-ice-creamwatermelon-berry\/#primaryimage","url":"https:\/\/vozolvapen.de\/wp-content\/uploads\/2025\/12\/Puff-140k-Bang-Blaze-140000-Banana-iceStrawberry-ice-creamWatermelon-berry.webp","contentUrl":"https:\/\/vozolvapen.de\/wp-content\/uploads\/2025\/12\/Puff-140k-Bang-Blaze-140000-Banana-iceStrawberry-ice-creamWatermelon-berry.webp","width":1200,"height":666,"caption":"Puff 140k Bang Blaze 140000 - Banana ice&Strawberry ice cream&Watermelon berry"},{"@type":"BreadcrumbList","@id":"https:\/\/vozolvapen.de\/product\/puff-140k-bang-blaze-140000-banana-icestrawberry-ice-creamwatermelon-berry\/#breadcrumb","itemListElement":[{"@type":"ListItem","position":1,"name":"Home","item":"https:\/\/vozolvapen.de\/de\/"},{"@type":"ListItem","position":2,"name":"Shop","item":"https:\/\/vozolvapen.de\/shop\/"},{"@type":"ListItem","position":3,"name":"Puff 140k Bang Blaze 140000 &#8211; Banana ice&#038;Strawberry ice cream&#038;Watermelon berry"}]},{"@type":"WebSite","@id":"https:\/\/vozolvapen.de\/#website","url":"https:\/\/vozolvapen.de\/","name":"vozolvapen","description":"vozolvapen","publisher":{"@id":"https:\/\/vozolvapen.de\/#organization"},"potentialAction":[{"@type":"SearchAction","target":{"@type":"EntryPoint","urlTemplate":"https:\/\/vozolvapen.de\/?s={search_term_string}"},"query-input":{"@type":"PropertyValueSpecification","valueRequired":true,"valueName":"search_term_string"}}],"inLanguage":"pl-PL"},{"@type":"Organization","@id":"https:\/\/vozolvapen.de\/#organization","name":"vozolvapen","url":"https:\/\/vozolvapen.de\/","logo":{"@type":"ImageObject","inLanguage":"pl-PL","@id":"https:\/\/vozolvapen.de\/#\/schema\/logo\/image\/","url":"https:\/\/vozolvapen.de\/wp-content\/uploads\/2025\/12\/cropped-vozovapen-logo.webp","contentUrl":"https:\/\/vozolvapen.de\/wp-content\/uploads\/2025\/12\/cropped-vozovapen-logo.webp","width":470,"height":110,"caption":"vozolvapen"},"image":{"@id":"https:\/\/vozolvapen.de\/#\/schema\/logo\/image\/"}}]}},"tiered_pricing_type":"fixed","tiered_pricing_fixed_rules":{"30":"11.5","50":"9.5","100":"8.5","200":"8"},"tiered_pricing_product_settings":{"layout":"default","base_unit_name":{"singular":null,"plural":null},"default_variation":{}},"tiered_pricing_minimum_quantity":10,"tiered_pricing_roles_data":[],"tiered_pricing_percentage_rules":[],"tiered_pricing_maximum_quantity":null,"tiered_pricing_quantity_step":"10","_links":{"self":[{"href":"http:\/\/vozolvapen.de\/pl\/wp-json\/wp\/v2\/product\/49239","targetHints":{"allow":["GET"]}}],"collection":[{"href":"http:\/\/vozolvapen.de\/pl\/wp-json\/wp\/v2\/product"}],"about":[{"href":"http:\/\/vozolvapen.de\/pl\/wp-json\/wp\/v2\/types\/product"}],"replies":[{"embeddable":true,"href":"http:\/\/vozolvapen.de\/pl\/wp-json\/wp\/v2\/comments?post=49239"}],"wp:featuredmedia":[{"embeddable":true,"href":"http:\/\/vozolvapen.de\/pl\/wp-json\/wp\/v2\/media\/49385"}],"wp:attachment":[{"href":"http:\/\/vozolvapen.de\/pl\/wp-json\/wp\/v2\/media?parent=49239"}],"wp:term":[{"taxonomy":"product_brand","embeddable":true,"href":"http:\/\/vozolvapen.de\/pl\/wp-json\/wp\/v2\/product_brand?post=49239"},{"taxonomy":"product_cat","embeddable":true,"href":"http:\/\/vozolvapen.de\/pl\/wp-json\/wp\/v2\/product_cat?post=49239"},{"taxonomy":"product_tag","embeddable":true,"href":"http:\/\/vozolvapen.de\/pl\/wp-json\/wp\/v2\/product_tag?post=49239"}],"curies":[{"name":"wp","href":"https:\/\/api.w.org\/{rel}","templated":true}]}}