{"id":49455,"date":"2025-12-31T02:45:38","date_gmt":"2025-12-31T02:45:38","guid":{"rendered":"https:\/\/vozolvapen.de\/?post_type=product&#038;p=49455"},"modified":"2026-02-10T10:58:06","modified_gmt":"2026-02-10T10:58:06","slug":"hifancy-space-50000-mixed-berry","status":"publish","type":"product","link":"http:\/\/vozolvapen.de\/pl\/product\/hifancy-space-50000-mixed-berry\/","title":{"rendered":"HIFANCY SPACE 50000 - Mixed Berry"},"content":{"rendered":"<h1>HIFANCY SPACE 50000 - Mixed Berry<\/h1>\n<p data-path-to-node=\"8\"><b data-path-to-node=\"8\" data-index-in-node=\"0\">Le\u015bna symfonia:<\/b> Dla tych, kt\u00f3rzy chc\u0105 uzyska\u0107 najlepsze jagodowe doznania, to <b data-path-to-node=\"8\" data-index-in-node=\"74\">HIFANCY 50000 puff\u00f3w<\/b> variant to g\u0119sta, d\u017cemowa mieszanka. Zawiera esencj\u0119 je\u017cyn, malin i truskawek w doskonale wywa\u017conych proporcjach.<\/p>\n<h2 data-path-to-node=\"9\"><b data-path-to-node=\"9\" data-index-in-node=\"0\">Dlaczego warto wybra\u0107 Mixed Berry?<\/b><\/h2>\n<ul data-path-to-node=\"10\">\n<li>\n<p data-path-to-node=\"10,0,0\"><b data-path-to-node=\"10,0,0\" data-index-in-node=\"0\">Sp\u00f3jno\u015b\u0107:<\/b> Z <b data-path-to-node=\"10,0,0\" data-index-in-node=\"18\">30 ml p\u0142ynu<\/b>, Smak ten zosta\u0142 zaprojektowany tak, aby nigdy nie wyblakn\u0105\u0107, pozostaj\u0105c \u017cywym od pierwszego do ostatniego zaci\u0105gni\u0119cia.<\/p>\n<\/li>\n<li>\n<p data-path-to-node=\"10,1,0\"><b data-path-to-node=\"10,1,0\" data-index-in-node=\"0\">G\u0142adko\u015b\u0107:<\/b> S\u0142ona nikotyna (2%\/3%\/5%) zapewnia satysfakcjonuj\u0105ce uderzenie w gard\u0142o, kt\u00f3re uzupe\u0142nia jagodow\u0105 cierpko\u015b\u0107.<\/p>\n<\/li>\n<\/ul>\n<h2 data-path-to-node=\"11\"><b data-path-to-node=\"11\" data-index-in-node=\"0\">Dla kogo to jest?<\/b><\/h2>\n<p data-path-to-node=\"11\">\u201cAll-Day Vaper\u201d, kt\u00f3ry potrzebuje niezawodnego, s\u0142odkiego i lekko cierpkiego profilu, kt\u00f3ry nigdy nie powoduje zm\u0119czenia smakiem.<\/p>\n<h2 data-path-to-node=\"21\"><b data-path-to-node=\"21\" data-index-in-node=\"0\">Podstawowe parametry:<\/b><\/h2>\n<table data-path-to-node=\"44\">\n<thead>\n<tr>\n<td><strong>Cecha<\/strong><\/td>\n<td><strong>Specyfikacja HIFANCY SPACE 50000<\/strong><\/td>\n<\/tr>\n<\/thead>\n<tbody>\n<tr>\n<td><span data-path-to-node=\"44,1,0,0\"><b data-path-to-node=\"44,1,0,0\" data-index-in-node=\"0\">Total Puffs<\/b><\/span><\/td>\n<td><span data-path-to-node=\"44,1,1,0\"><b data-path-to-node=\"44,1,1,0\" data-index-in-node=\"0\">50 000 zaci\u0105gni\u0119\u0107 (tryb wytrzyma\u0142o\u015bci)<\/b><\/span><\/td>\n<\/tr>\n<tr>\n<td><span data-path-to-node=\"44,2,0,0\"><b data-path-to-node=\"44,2,0,0\" data-index-in-node=\"0\">Pojemno\u015b\u0107 cieczy<\/b><\/span><\/td>\n<td><span data-path-to-node=\"44,2,1,0\"><b data-path-to-node=\"44,2,1,0\" data-index-in-node=\"0\">30ML ampu\u0142ka Premium Salt Nic<\/b><\/span><\/td>\n<\/tr>\n<tr>\n<td><span data-path-to-node=\"44,3,0,0\"><b data-path-to-node=\"44,3,0,0\" data-index-in-node=\"0\">Inteligentny interfejs<\/b><\/span><\/td>\n<td><span data-path-to-node=\"44,3,1,0\"><b data-path-to-node=\"44,3,1,0\" data-index-in-node=\"0\">Inteligentny ekran o wysokiej rozdzielczo\u015bci<\/b><\/span><\/td>\n<\/tr>\n<tr>\n<td><span data-path-to-node=\"44,4,0,0\"><b data-path-to-node=\"44,4,0,0\" data-index-in-node=\"0\">Si\u0142a nikotyny<\/b><\/span><\/td>\n<td><span data-path-to-node=\"44,4,1,0\">2% \/ 3% \/ 5% (s\u0142ona nikotyna)<\/span><\/td>\n<\/tr>\n<tr>\n<td><span data-path-to-node=\"44,5,0,0\"><b data-path-to-node=\"44,5,0,0\" data-index-in-node=\"0\">Specyfikacja baterii<\/b><\/span><\/td>\n<td><span data-path-to-node=\"44,5,1,0\">650 mAh (akumulator typu C)<\/span><\/td>\n<\/tr>\n<tr>\n<td><span data-path-to-node=\"44,6,0,0\"><b data-path-to-node=\"44,6,0,0\" data-index-in-node=\"0\">Rdze\u0144 rozpylacza<\/b><\/span><\/td>\n<td><span data-path-to-node=\"44,6,1,0\">Precyzyjna cewka siatkowa 1,0\u03a9<\/span><\/td>\n<\/tr>\n<\/tbody>\n<\/table>\n<h3 dir=\"auto\">Oto dalsze zalecenia dla Ciebie:<\/h3>\n<p dir=\"auto\">Odkryj jeszcze wi\u0119cej niesamowitych smak\u00f3w dzi\u0119ki HIFANCY SPACE 50000 Puff Vape!<\/p>\n<p dir=\"auto\"><a href=\"https:\/\/vozolvapen.de\/pl\/product-category\/hifancy-vape\/hifancy-space-50000-puffs-vape\/\" target=\"_blank\" rel=\"noopener noreferrer nofollow\">Zobacz wszystkie odmiany tutaj \u2192<\/a><\/p>\n<p dir=\"auto\">Zapoznaj si\u0119 z nasz\u0105 pe\u0142n\u0105 kolekcj\u0105 i kupuj produkty najlepszych marek vape, kt\u00f3re pokochasz.<\/p>\n<p dir=\"auto\"><a href=\"https:\/\/vozolvapen.de\/pl\/\" target=\"_blank\" rel=\"noopener noreferrer nofollow\">Przegl\u0105daj teraz wszystkie marki \u2192<\/a><\/p>\n<p dir=\"auto\">Sprawd\u017a ca\u0142\u0105 seri\u0119 Hifancy Vape - ka\u017cdy smak, ka\u017cdy styl!<\/p>\n<p dir=\"auto\"><a href=\"https:\/\/vozolvapen.de\/pl\/product-category\/hifancy-vape\/\" target=\"_blank\" rel=\"noopener noreferrer nofollow\">Zobacz pe\u0142n\u0105 kolekcj\u0119 Hifancy Vape \u2192<\/a><\/p>","protected":false},"excerpt":{"rendered":"<p><b data-path-to-node=\"4,2,4,0\" data-index-in-node=\"0\">The Forest Symphony.<\/b> G\u0119sta, d\u017cemowa mieszanka dzikich jag\u00f3d. Zoptymalizowany z cewk\u0105 siatkow\u0105 1,0\u03a9 dla 50 000 zaci\u0105gni\u0119\u0107 o sta\u0142ym, soczystym smaku.<\/p>","protected":false},"featured_media":49763,"comment_status":"open","ping_status":"closed","template":"","meta":{"_acf_changed":false},"product_brand":[],"product_cat":[134,105],"product_tag":[],"class_list":{"0":"post-49455","1":"product","2":"type-product","3":"status-publish","4":"has-post-thumbnail","6":"product_cat-eu-warehouse-in-stock","7":"product_cat-hifancy-space-50000-puffs-vape","9":"first","10":"instock","11":"shipping-taxable","12":"purchasable","13":"product-type-variable"},"acf":[],"yoast_head":"<!-- This site is optimized with the Yoast SEO Premium plugin v26.1 (Yoast SEO v27.5) - https:\/\/yoast.com\/product\/yoast-seo-premium-wordpress\/ -->\n<title>Mixed Berry HIFANCY SPACE 50000 | 50,000 Puffs Vape - vozolvapen<\/title>\n<meta name=\"description\" content=\"Shop Mixed Berry HIFANCY SPACE 50000. 50k puffs of sweet strawberries, raspberries, and blackberries. Full screen display &amp; 30ml liquid.\" \/>\n<meta name=\"robots\" content=\"index, follow, max-snippet:-1, max-image-preview:large, max-video-preview:-1\" \/>\n<link rel=\"canonical\" href=\"https:\/\/vozolvapen.de\/pl\/product\/hifancy-space-50000-mixed-berry\/\" \/>\n<meta property=\"og:locale\" content=\"pl_PL\" \/>\n<meta property=\"og:type\" content=\"article\" \/>\n<meta property=\"og:title\" content=\"HIFANCY SPACE 50000 - Mixed Berry\" \/>\n<meta property=\"og:description\" content=\"Shop Mixed Berry HIFANCY SPACE 50000. 50k puffs of sweet strawberries, raspberries, and blackberries. Full screen display &amp; 30ml liquid.\" \/>\n<meta property=\"og:url\" content=\"https:\/\/vozolvapen.de\/pl\/product\/hifancy-space-50000-mixed-berry\/\" \/>\n<meta property=\"og:site_name\" content=\"vozolvapen\" \/>\n<meta property=\"article:modified_time\" content=\"2026-02-10T10:58:06+00:00\" \/>\n<meta property=\"og:image\" content=\"https:\/\/vozolvapen.de\/wp-content\/uploads\/2025\/12\/HIFANCY-SPACE-50000-Mixed-Berry-2.webp\" \/>\n\t<meta property=\"og:image:width\" content=\"1000\" \/>\n\t<meta property=\"og:image:height\" content=\"1000\" \/>\n\t<meta property=\"og:image:type\" content=\"image\/webp\" \/>\n<meta name=\"twitter:card\" content=\"summary_large_image\" \/>\n<meta name=\"twitter:label1\" content=\"Szacowany czas czytania\" \/>\n\t<meta name=\"twitter:data1\" content=\"2 minuty\" \/>\n<script type=\"application\/ld+json\" class=\"yoast-schema-graph\">{\"@context\":\"https:\\\/\\\/schema.org\",\"@graph\":[{\"@type\":\"WebPage\",\"@id\":\"https:\\\/\\\/vozolvapen.de\\\/product\\\/hifancy-space-50000-mixed-berry\\\/\",\"url\":\"https:\\\/\\\/vozolvapen.de\\\/product\\\/hifancy-space-50000-mixed-berry\\\/\",\"name\":\"Mixed Berry HIFANCY SPACE 50000 | 50,000 Puffs Vape - vozolvapen\",\"isPartOf\":{\"@id\":\"https:\\\/\\\/vozolvapen.de\\\/#website\"},\"primaryImageOfPage\":{\"@id\":\"https:\\\/\\\/vozolvapen.de\\\/product\\\/hifancy-space-50000-mixed-berry\\\/#primaryimage\"},\"image\":{\"@id\":\"https:\\\/\\\/vozolvapen.de\\\/product\\\/hifancy-space-50000-mixed-berry\\\/#primaryimage\"},\"thumbnailUrl\":\"https:\\\/\\\/vozolvapen.de\\\/wp-content\\\/uploads\\\/2025\\\/12\\\/HIFANCY-SPACE-50000-Mixed-Berry-2.webp\",\"datePublished\":\"2025-12-31T02:45:38+00:00\",\"dateModified\":\"2026-02-10T10:58:06+00:00\",\"description\":\"Shop Mixed Berry HIFANCY SPACE 50000. 50k puffs of sweet strawberries, raspberries, and blackberries. Full screen display & 30ml liquid.\",\"breadcrumb\":{\"@id\":\"https:\\\/\\\/vozolvapen.de\\\/product\\\/hifancy-space-50000-mixed-berry\\\/#breadcrumb\"},\"inLanguage\":\"pl-PL\",\"potentialAction\":[{\"@type\":\"ReadAction\",\"target\":[\"https:\\\/\\\/vozolvapen.de\\\/product\\\/hifancy-space-50000-mixed-berry\\\/\"]}]},{\"@type\":\"ImageObject\",\"inLanguage\":\"pl-PL\",\"@id\":\"https:\\\/\\\/vozolvapen.de\\\/product\\\/hifancy-space-50000-mixed-berry\\\/#primaryimage\",\"url\":\"https:\\\/\\\/vozolvapen.de\\\/wp-content\\\/uploads\\\/2025\\\/12\\\/HIFANCY-SPACE-50000-Mixed-Berry-2.webp\",\"contentUrl\":\"https:\\\/\\\/vozolvapen.de\\\/wp-content\\\/uploads\\\/2025\\\/12\\\/HIFANCY-SPACE-50000-Mixed-Berry-2.webp\",\"width\":1000,\"height\":1000,\"caption\":\"HIFANCY SPACE 50000 - Mixed Berry (2)\"},{\"@type\":\"BreadcrumbList\",\"@id\":\"https:\\\/\\\/vozolvapen.de\\\/product\\\/hifancy-space-50000-mixed-berry\\\/#breadcrumb\",\"itemListElement\":[{\"@type\":\"ListItem\",\"position\":1,\"name\":\"Home\",\"item\":\"https:\\\/\\\/vozolvapen.de\\\/de\\\/\"},{\"@type\":\"ListItem\",\"position\":2,\"name\":\"Shop\",\"item\":\"https:\\\/\\\/vozolvapen.de\\\/shop\\\/\"},{\"@type\":\"ListItem\",\"position\":3,\"name\":\"HIFANCY SPACE 50000 &#8211; Mixed Berry\"}]},{\"@type\":\"WebSite\",\"@id\":\"https:\\\/\\\/vozolvapen.de\\\/#website\",\"url\":\"https:\\\/\\\/vozolvapen.de\\\/\",\"name\":\"vozolvapen\",\"description\":\"vozolvapen\",\"publisher\":{\"@id\":\"https:\\\/\\\/vozolvapen.de\\\/#organization\"},\"potentialAction\":[{\"@type\":\"SearchAction\",\"target\":{\"@type\":\"EntryPoint\",\"urlTemplate\":\"https:\\\/\\\/vozolvapen.de\\\/?s={search_term_string}\"},\"query-input\":{\"@type\":\"PropertyValueSpecification\",\"valueRequired\":true,\"valueName\":\"search_term_string\"}}],\"inLanguage\":\"pl-PL\"},{\"@type\":\"Organization\",\"@id\":\"https:\\\/\\\/vozolvapen.de\\\/#organization\",\"name\":\"vozolvapen\",\"url\":\"https:\\\/\\\/vozolvapen.de\\\/\",\"logo\":{\"@type\":\"ImageObject\",\"inLanguage\":\"pl-PL\",\"@id\":\"https:\\\/\\\/vozolvapen.de\\\/#\\\/schema\\\/logo\\\/image\\\/\",\"url\":\"https:\\\/\\\/vozolvapen.de\\\/wp-content\\\/uploads\\\/2025\\\/12\\\/cropped-vozovapen-logo.webp\",\"contentUrl\":\"https:\\\/\\\/vozolvapen.de\\\/wp-content\\\/uploads\\\/2025\\\/12\\\/cropped-vozovapen-logo.webp\",\"width\":470,\"height\":110,\"caption\":\"vozolvapen\"},\"image\":{\"@id\":\"https:\\\/\\\/vozolvapen.de\\\/#\\\/schema\\\/logo\\\/image\\\/\"}}]}<\/script>\n<!-- \/ Yoast SEO Premium plugin. -->","yoast_head_json":{"title":"Mixed Berry HIFANCY SPACE 50000 | 50,000 Puffs Vape - vozolvapen","description":"Sklep Mixed Berry HIFANCY SPACE 50000. 50 tysi\u0119cy zaci\u0105gni\u0119\u0107 s\u0142odkimi truskawkami, malinami i je\u017cynami. Pe\u0142noekranowy wy\u015bwietlacz i 30 ml p\u0142ynu.","robots":{"index":"index","follow":"follow","max-snippet":"max-snippet:-1","max-image-preview":"max-image-preview:large","max-video-preview":"max-video-preview:-1"},"canonical":"https:\/\/vozolvapen.de\/pl\/product\/hifancy-space-50000-mixed-berry\/","og_locale":"pl_PL","og_type":"article","og_title":"HIFANCY SPACE 50000 - Mixed Berry","og_description":"Shop Mixed Berry HIFANCY SPACE 50000. 50k puffs of sweet strawberries, raspberries, and blackberries. Full screen display & 30ml liquid.","og_url":"https:\/\/vozolvapen.de\/pl\/product\/hifancy-space-50000-mixed-berry\/","og_site_name":"vozolvapen","article_modified_time":"2026-02-10T10:58:06+00:00","og_image":[{"width":1000,"height":1000,"url":"https:\/\/vozolvapen.de\/wp-content\/uploads\/2025\/12\/HIFANCY-SPACE-50000-Mixed-Berry-2.webp","type":"image\/webp"}],"twitter_card":"summary_large_image","twitter_misc":{"Szacowany czas czytania":"2 minuty"},"schema":{"@context":"https:\/\/schema.org","@graph":[{"@type":"WebPage","@id":"https:\/\/vozolvapen.de\/product\/hifancy-space-50000-mixed-berry\/","url":"https:\/\/vozolvapen.de\/product\/hifancy-space-50000-mixed-berry\/","name":"Mixed Berry HIFANCY SPACE 50000 | 50,000 Puffs Vape - vozolvapen","isPartOf":{"@id":"https:\/\/vozolvapen.de\/#website"},"primaryImageOfPage":{"@id":"https:\/\/vozolvapen.de\/product\/hifancy-space-50000-mixed-berry\/#primaryimage"},"image":{"@id":"https:\/\/vozolvapen.de\/product\/hifancy-space-50000-mixed-berry\/#primaryimage"},"thumbnailUrl":"https:\/\/vozolvapen.de\/wp-content\/uploads\/2025\/12\/HIFANCY-SPACE-50000-Mixed-Berry-2.webp","datePublished":"2025-12-31T02:45:38+00:00","dateModified":"2026-02-10T10:58:06+00:00","description":"Sklep Mixed Berry HIFANCY SPACE 50000. 50 tysi\u0119cy zaci\u0105gni\u0119\u0107 s\u0142odkimi truskawkami, malinami i je\u017cynami. Pe\u0142noekranowy wy\u015bwietlacz i 30 ml p\u0142ynu.","breadcrumb":{"@id":"https:\/\/vozolvapen.de\/product\/hifancy-space-50000-mixed-berry\/#breadcrumb"},"inLanguage":"pl-PL","potentialAction":[{"@type":"ReadAction","target":["https:\/\/vozolvapen.de\/product\/hifancy-space-50000-mixed-berry\/"]}]},{"@type":"ImageObject","inLanguage":"pl-PL","@id":"https:\/\/vozolvapen.de\/product\/hifancy-space-50000-mixed-berry\/#primaryimage","url":"https:\/\/vozolvapen.de\/wp-content\/uploads\/2025\/12\/HIFANCY-SPACE-50000-Mixed-Berry-2.webp","contentUrl":"https:\/\/vozolvapen.de\/wp-content\/uploads\/2025\/12\/HIFANCY-SPACE-50000-Mixed-Berry-2.webp","width":1000,"height":1000,"caption":"HIFANCY SPACE 50000 - Mixed Berry (2)"},{"@type":"BreadcrumbList","@id":"https:\/\/vozolvapen.de\/product\/hifancy-space-50000-mixed-berry\/#breadcrumb","itemListElement":[{"@type":"ListItem","position":1,"name":"Home","item":"https:\/\/vozolvapen.de\/de\/"},{"@type":"ListItem","position":2,"name":"Shop","item":"https:\/\/vozolvapen.de\/shop\/"},{"@type":"ListItem","position":3,"name":"HIFANCY SPACE 50000 &#8211; Mixed Berry"}]},{"@type":"WebSite","@id":"https:\/\/vozolvapen.de\/#website","url":"https:\/\/vozolvapen.de\/","name":"vozolvapen","description":"vozolvapen","publisher":{"@id":"https:\/\/vozolvapen.de\/#organization"},"potentialAction":[{"@type":"SearchAction","target":{"@type":"EntryPoint","urlTemplate":"https:\/\/vozolvapen.de\/?s={search_term_string}"},"query-input":{"@type":"PropertyValueSpecification","valueRequired":true,"valueName":"search_term_string"}}],"inLanguage":"pl-PL"},{"@type":"Organization","@id":"https:\/\/vozolvapen.de\/#organization","name":"vozolvapen","url":"https:\/\/vozolvapen.de\/","logo":{"@type":"ImageObject","inLanguage":"pl-PL","@id":"https:\/\/vozolvapen.de\/#\/schema\/logo\/image\/","url":"https:\/\/vozolvapen.de\/wp-content\/uploads\/2025\/12\/cropped-vozovapen-logo.webp","contentUrl":"https:\/\/vozolvapen.de\/wp-content\/uploads\/2025\/12\/cropped-vozovapen-logo.webp","width":470,"height":110,"caption":"vozolvapen"},"image":{"@id":"https:\/\/vozolvapen.de\/#\/schema\/logo\/image\/"}}]}},"tiered_pricing_type":"fixed","tiered_pricing_fixed_rules":{"30":"14.45","50":"10.31","100":"9.81","200":"8.8"},"tiered_pricing_product_settings":{"layout":"default","base_unit_name":{"singular":null,"plural":null},"default_variation":{}},"tiered_pricing_minimum_quantity":10,"tiered_pricing_roles_data":[],"tiered_pricing_percentage_rules":[],"tiered_pricing_maximum_quantity":null,"tiered_pricing_quantity_step":"10","_links":{"self":[{"href":"http:\/\/vozolvapen.de\/pl\/wp-json\/wp\/v2\/product\/49455","targetHints":{"allow":["GET"]}}],"collection":[{"href":"http:\/\/vozolvapen.de\/pl\/wp-json\/wp\/v2\/product"}],"about":[{"href":"http:\/\/vozolvapen.de\/pl\/wp-json\/wp\/v2\/types\/product"}],"replies":[{"embeddable":true,"href":"http:\/\/vozolvapen.de\/pl\/wp-json\/wp\/v2\/comments?post=49455"}],"wp:featuredmedia":[{"embeddable":true,"href":"http:\/\/vozolvapen.de\/pl\/wp-json\/wp\/v2\/media\/49763"}],"wp:attachment":[{"href":"http:\/\/vozolvapen.de\/pl\/wp-json\/wp\/v2\/media?parent=49455"}],"wp:term":[{"taxonomy":"product_brand","embeddable":true,"href":"http:\/\/vozolvapen.de\/pl\/wp-json\/wp\/v2\/product_brand?post=49455"},{"taxonomy":"product_cat","embeddable":true,"href":"http:\/\/vozolvapen.de\/pl\/wp-json\/wp\/v2\/product_cat?post=49455"},{"taxonomy":"product_tag","embeddable":true,"href":"http:\/\/vozolvapen.de\/pl\/wp-json\/wp\/v2\/product_tag?post=49455"}],"curies":[{"name":"wp","href":"https:\/\/api.w.org\/{rel}","templated":true}]}}