{"id":49523,"date":"2025-12-31T02:45:42","date_gmt":"2025-12-31T02:45:42","guid":{"rendered":"https:\/\/vozolvapen.de\/?post_type=product&#038;p=49523"},"modified":"2026-02-10T10:58:01","modified_gmt":"2026-02-10T10:58:01","slug":"hifancy-space-50000-strawberry-kiwi","status":"publish","type":"product","link":"http:\/\/vozolvapen.de\/pl\/product\/hifancy-space-50000-strawberry-kiwi\/","title":{"rendered":"HIFANCY SPACE 50000 - Strawberry Kiwi"},"content":{"rendered":"<h1>HIFANCY SPACE 50000 - Strawberry Kiwi<\/h1>\n<p data-path-to-node=\"20\"><b data-path-to-node=\"20\" data-index-in-node=\"0\">Ponadczasowy klasyk:<\/b> Jest to \u201cz\u0142oty standard\u201d <b data-path-to-node=\"20\" data-index-in-node=\"57\">Hifancy Space 50000<\/b> seria. To nostalgiczna podr\u00f3\u017c do idealnego po\u0142\u0105czenia owoc\u00f3w - s\u0142odkiej s\u0142odyczy truskawek i szmaragdowozielonej kwasowo\u015bci kiwi.<\/p>\n<h2 data-path-to-node=\"21\"><b data-path-to-node=\"21\" data-index-in-node=\"0\">Podstawowe parametry:<\/b><\/h2>\n<table data-path-to-node=\"44\">\n<thead>\n<tr>\n<td><strong>Cecha<\/strong><\/td>\n<td><strong>Specyfikacja HIFANCY SPACE 50000<\/strong><\/td>\n<\/tr>\n<\/thead>\n<tbody>\n<tr>\n<td><span data-path-to-node=\"44,1,0,0\"><b data-path-to-node=\"44,1,0,0\" data-index-in-node=\"0\">Total Puffs<\/b><\/span><\/td>\n<td><span data-path-to-node=\"44,1,1,0\"><b data-path-to-node=\"44,1,1,0\" data-index-in-node=\"0\">50 000 zaci\u0105gni\u0119\u0107 (tryb wytrzyma\u0142o\u015bci)<\/b><\/span><\/td>\n<\/tr>\n<tr>\n<td><span data-path-to-node=\"44,2,0,0\"><b data-path-to-node=\"44,2,0,0\" data-index-in-node=\"0\">Pojemno\u015b\u0107 cieczy<\/b><\/span><\/td>\n<td><span data-path-to-node=\"44,2,1,0\"><b data-path-to-node=\"44,2,1,0\" data-index-in-node=\"0\">30ML ampu\u0142ka Premium Salt Nic<\/b><\/span><\/td>\n<\/tr>\n<tr>\n<td><span data-path-to-node=\"44,3,0,0\"><b data-path-to-node=\"44,3,0,0\" data-index-in-node=\"0\">Inteligentny interfejs<\/b><\/span><\/td>\n<td><span data-path-to-node=\"44,3,1,0\"><b data-path-to-node=\"44,3,1,0\" data-index-in-node=\"0\">Inteligentny ekran o wysokiej rozdzielczo\u015bci<\/b><\/span><\/td>\n<\/tr>\n<tr>\n<td><span data-path-to-node=\"44,4,0,0\"><b data-path-to-node=\"44,4,0,0\" data-index-in-node=\"0\">Si\u0142a nikotyny<\/b><\/span><\/td>\n<td><span data-path-to-node=\"44,4,1,0\">2% \/ 3% \/ 5% (s\u0142ona nikotyna)<\/span><\/td>\n<\/tr>\n<tr>\n<td><span data-path-to-node=\"44,5,0,0\"><b data-path-to-node=\"44,5,0,0\" data-index-in-node=\"0\">Specyfikacja baterii<\/b><\/span><\/td>\n<td><span data-path-to-node=\"44,5,1,0\">650 mAh (akumulator typu C)<\/span><\/td>\n<\/tr>\n<tr>\n<td><span data-path-to-node=\"44,6,0,0\"><b data-path-to-node=\"44,6,0,0\" data-index-in-node=\"0\">Rdze\u0144 rozpylacza<\/b><\/span><\/td>\n<td><span data-path-to-node=\"44,6,1,0\">Precyzyjna cewka siatkowa 1,0\u03a9<\/span><\/td>\n<\/tr>\n<\/tbody>\n<\/table>\n<h2 data-path-to-node=\"22\"><b data-path-to-node=\"22\" data-index-in-node=\"0\">Scenariusz:<\/b><\/h2>\n<p data-path-to-node=\"22\">Idealny na przerw\u0119 w ci\u0105gu dnia, gdy potrzebujesz znajomej, s\u0142odkiej przek\u0105ski, kt\u00f3ra zapewnia mocny, owocowy aromat.<\/p>\n<h2 data-path-to-node=\"21\"><b data-path-to-node=\"21\" data-index-in-node=\"0\">Podstawowe parametry:<\/b><\/h2>\n<table data-path-to-node=\"44\">\n<thead>\n<tr>\n<td><strong>Cecha<\/strong><\/td>\n<td><strong>Specyfikacja HIFANCY SPACE 50000<\/strong><\/td>\n<\/tr>\n<\/thead>\n<tbody>\n<tr>\n<td><span data-path-to-node=\"44,1,0,0\"><b data-path-to-node=\"44,1,0,0\" data-index-in-node=\"0\">Total Puffs<\/b><\/span><\/td>\n<td><span data-path-to-node=\"44,1,1,0\"><b data-path-to-node=\"44,1,1,0\" data-index-in-node=\"0\">50 000 zaci\u0105gni\u0119\u0107 (tryb wytrzyma\u0142o\u015bci)<\/b><\/span><\/td>\n<\/tr>\n<tr>\n<td><span data-path-to-node=\"44,2,0,0\"><b data-path-to-node=\"44,2,0,0\" data-index-in-node=\"0\">Pojemno\u015b\u0107 cieczy<\/b><\/span><\/td>\n<td><span data-path-to-node=\"44,2,1,0\"><b data-path-to-node=\"44,2,1,0\" data-index-in-node=\"0\">30ML ampu\u0142ka Premium Salt Nic<\/b><\/span><\/td>\n<\/tr>\n<tr>\n<td><span data-path-to-node=\"44,3,0,0\"><b data-path-to-node=\"44,3,0,0\" data-index-in-node=\"0\">Inteligentny interfejs<\/b><\/span><\/td>\n<td><span data-path-to-node=\"44,3,1,0\"><b data-path-to-node=\"44,3,1,0\" data-index-in-node=\"0\">Inteligentny ekran o wysokiej rozdzielczo\u015bci<\/b><\/span><\/td>\n<\/tr>\n<tr>\n<td><span data-path-to-node=\"44,4,0,0\"><b data-path-to-node=\"44,4,0,0\" data-index-in-node=\"0\">Si\u0142a nikotyny<\/b><\/span><\/td>\n<td><span data-path-to-node=\"44,4,1,0\">2% \/ 3% \/ 5% (s\u0142ona nikotyna)<\/span><\/td>\n<\/tr>\n<tr>\n<td><span data-path-to-node=\"44,5,0,0\"><b data-path-to-node=\"44,5,0,0\" data-index-in-node=\"0\">Specyfikacja baterii<\/b><\/span><\/td>\n<td><span data-path-to-node=\"44,5,1,0\">650 mAh (akumulator typu C)<\/span><\/td>\n<\/tr>\n<tr>\n<td><span data-path-to-node=\"44,6,0,0\"><b data-path-to-node=\"44,6,0,0\" data-index-in-node=\"0\">Rdze\u0144 rozpylacza<\/b><\/span><\/td>\n<td><span data-path-to-node=\"44,6,1,0\">Precyzyjna cewka siatkowa 1,0\u03a9<\/span><\/td>\n<\/tr>\n<\/tbody>\n<\/table>\n<h3 dir=\"auto\">Oto dalsze zalecenia dla Ciebie:<\/h3>\n<p dir=\"auto\">Odkryj jeszcze wi\u0119cej niesamowitych smak\u00f3w dzi\u0119ki HIFANCY SPACE 50000 Puff Vape!<\/p>\n<p dir=\"auto\"><a href=\"https:\/\/vozolvapen.de\/pl\/product-category\/hifancy-vape\/hifancy-space-50000-puffs-vape\/\" target=\"_blank\" rel=\"noopener noreferrer nofollow\">Zobacz wszystkie odmiany tutaj \u2192<\/a><\/p>\n<p dir=\"auto\">Zapoznaj si\u0119 z nasz\u0105 pe\u0142n\u0105 kolekcj\u0105 i kupuj produkty najlepszych marek vape, kt\u00f3re pokochasz.<\/p>\n<p dir=\"auto\"><a href=\"https:\/\/vozolvapen.de\/pl\/\" target=\"_blank\" rel=\"noopener noreferrer nofollow\">Przegl\u0105daj teraz wszystkie marki \u2192<\/a><\/p>\n<p dir=\"auto\">Sprawd\u017a ca\u0142\u0105 seri\u0119 Hifancy Vape - ka\u017cdy smak, ka\u017cdy styl!<\/p>\n<p dir=\"auto\"><a href=\"https:\/\/vozolvapen.de\/pl\/product-category\/hifancy-vape\/\" target=\"_blank\" rel=\"noopener noreferrer nofollow\">Zobacz pe\u0142n\u0105 kolekcj\u0119 Hifancy Vape \u2192<\/a><\/p>","protected":false},"excerpt":{"rendered":"<p><b data-path-to-node=\"4,4,4,0\" data-index-in-node=\"0\">Ponadczasowy klasyk.<\/b> Idealna r\u00f3wnowaga s\u0142odkich truskawek i pikantnego kiwi. 50 000 zaci\u0105gni\u0119\u0107 wysokiej jako\u015bci pary dostarczanej przez wysokowydajn\u0105 cewk\u0119 siatkow\u0105.<\/p>","protected":false},"featured_media":49770,"comment_status":"open","ping_status":"closed","template":"","meta":{"_acf_changed":false},"product_brand":[],"product_cat":[134,105],"product_tag":[],"class_list":{"0":"post-49523","1":"product","2":"type-product","3":"status-publish","4":"has-post-thumbnail","6":"product_cat-eu-warehouse-in-stock","7":"product_cat-hifancy-space-50000-puffs-vape","9":"first","10":"instock","11":"shipping-taxable","12":"purchasable","13":"product-type-variable"},"acf":[],"yoast_head":"<!-- This site is optimized with the Yoast SEO Premium plugin v26.1 (Yoast SEO v27.5) - https:\/\/yoast.com\/product\/yoast-seo-premium-wordpress\/ -->\n<title>Strawberry Kiwi HIFANCY SPACE 50000 | 50k Puff Vape - vozolvapen<\/title>\n<meta name=\"description\" content=\"The classic Strawberry Kiwi HIFANCY SPACE 50000. 50,000 puffs, 30ml pre-filled liquid, and smart battery\/juice screen. Order your 50k vape today.\" \/>\n<meta name=\"robots\" content=\"index, follow, max-snippet:-1, max-image-preview:large, max-video-preview:-1\" \/>\n<link rel=\"canonical\" href=\"https:\/\/vozolvapen.de\/pl\/product\/hifancy-space-50000-strawberry-kiwi\/\" \/>\n<meta property=\"og:locale\" content=\"pl_PL\" \/>\n<meta property=\"og:type\" content=\"article\" \/>\n<meta property=\"og:title\" content=\"HIFANCY SPACE 50000 - Strawberry Kiwi\" \/>\n<meta property=\"og:description\" content=\"The classic Strawberry Kiwi HIFANCY SPACE 50000. 50,000 puffs, 30ml pre-filled liquid, and smart battery\/juice screen. Order your 50k vape today.\" \/>\n<meta property=\"og:url\" content=\"https:\/\/vozolvapen.de\/pl\/product\/hifancy-space-50000-strawberry-kiwi\/\" \/>\n<meta property=\"og:site_name\" content=\"vozolvapen\" \/>\n<meta property=\"article:modified_time\" content=\"2026-02-10T10:58:01+00:00\" \/>\n<meta property=\"og:image\" content=\"https:\/\/vozolvapen.de\/wp-content\/uploads\/2025\/12\/HIFANCY-SPACE-50000-Strawberry-Kiwi-2.webp\" \/>\n\t<meta property=\"og:image:width\" content=\"1000\" \/>\n\t<meta property=\"og:image:height\" content=\"1000\" \/>\n\t<meta property=\"og:image:type\" content=\"image\/webp\" \/>\n<meta name=\"twitter:card\" content=\"summary_large_image\" \/>\n<meta name=\"twitter:label1\" content=\"Szacowany czas czytania\" \/>\n\t<meta name=\"twitter:data1\" content=\"2 minuty\" \/>\n<script type=\"application\/ld+json\" class=\"yoast-schema-graph\">{\"@context\":\"https:\\\/\\\/schema.org\",\"@graph\":[{\"@type\":\"WebPage\",\"@id\":\"https:\\\/\\\/vozolvapen.de\\\/product\\\/hifancy-space-50000-strawberry-kiwi\\\/\",\"url\":\"https:\\\/\\\/vozolvapen.de\\\/product\\\/hifancy-space-50000-strawberry-kiwi\\\/\",\"name\":\"Strawberry Kiwi HIFANCY SPACE 50000 | 50k Puff Vape - vozolvapen\",\"isPartOf\":{\"@id\":\"https:\\\/\\\/vozolvapen.de\\\/#website\"},\"primaryImageOfPage\":{\"@id\":\"https:\\\/\\\/vozolvapen.de\\\/product\\\/hifancy-space-50000-strawberry-kiwi\\\/#primaryimage\"},\"image\":{\"@id\":\"https:\\\/\\\/vozolvapen.de\\\/product\\\/hifancy-space-50000-strawberry-kiwi\\\/#primaryimage\"},\"thumbnailUrl\":\"https:\\\/\\\/vozolvapen.de\\\/wp-content\\\/uploads\\\/2025\\\/12\\\/HIFANCY-SPACE-50000-Strawberry-Kiwi-2.webp\",\"datePublished\":\"2025-12-31T02:45:42+00:00\",\"dateModified\":\"2026-02-10T10:58:01+00:00\",\"description\":\"The classic Strawberry Kiwi HIFANCY SPACE 50000. 50,000 puffs, 30ml pre-filled liquid, and smart battery\\\/juice screen. Order your 50k vape today.\",\"breadcrumb\":{\"@id\":\"https:\\\/\\\/vozolvapen.de\\\/product\\\/hifancy-space-50000-strawberry-kiwi\\\/#breadcrumb\"},\"inLanguage\":\"pl-PL\",\"potentialAction\":[{\"@type\":\"ReadAction\",\"target\":[\"https:\\\/\\\/vozolvapen.de\\\/product\\\/hifancy-space-50000-strawberry-kiwi\\\/\"]}]},{\"@type\":\"ImageObject\",\"inLanguage\":\"pl-PL\",\"@id\":\"https:\\\/\\\/vozolvapen.de\\\/product\\\/hifancy-space-50000-strawberry-kiwi\\\/#primaryimage\",\"url\":\"https:\\\/\\\/vozolvapen.de\\\/wp-content\\\/uploads\\\/2025\\\/12\\\/HIFANCY-SPACE-50000-Strawberry-Kiwi-2.webp\",\"contentUrl\":\"https:\\\/\\\/vozolvapen.de\\\/wp-content\\\/uploads\\\/2025\\\/12\\\/HIFANCY-SPACE-50000-Strawberry-Kiwi-2.webp\",\"width\":1000,\"height\":1000,\"caption\":\"HIFANCY SPACE 50000 - Strawberry Kiwi (2)\"},{\"@type\":\"BreadcrumbList\",\"@id\":\"https:\\\/\\\/vozolvapen.de\\\/product\\\/hifancy-space-50000-strawberry-kiwi\\\/#breadcrumb\",\"itemListElement\":[{\"@type\":\"ListItem\",\"position\":1,\"name\":\"Home\",\"item\":\"https:\\\/\\\/vozolvapen.de\\\/de\\\/\"},{\"@type\":\"ListItem\",\"position\":2,\"name\":\"Shop\",\"item\":\"https:\\\/\\\/vozolvapen.de\\\/shop\\\/\"},{\"@type\":\"ListItem\",\"position\":3,\"name\":\"HIFANCY SPACE 50000 &#8211; Strawberry Kiwi\"}]},{\"@type\":\"WebSite\",\"@id\":\"https:\\\/\\\/vozolvapen.de\\\/#website\",\"url\":\"https:\\\/\\\/vozolvapen.de\\\/\",\"name\":\"vozolvapen\",\"description\":\"vozolvapen\",\"publisher\":{\"@id\":\"https:\\\/\\\/vozolvapen.de\\\/#organization\"},\"potentialAction\":[{\"@type\":\"SearchAction\",\"target\":{\"@type\":\"EntryPoint\",\"urlTemplate\":\"https:\\\/\\\/vozolvapen.de\\\/?s={search_term_string}\"},\"query-input\":{\"@type\":\"PropertyValueSpecification\",\"valueRequired\":true,\"valueName\":\"search_term_string\"}}],\"inLanguage\":\"pl-PL\"},{\"@type\":\"Organization\",\"@id\":\"https:\\\/\\\/vozolvapen.de\\\/#organization\",\"name\":\"vozolvapen\",\"url\":\"https:\\\/\\\/vozolvapen.de\\\/\",\"logo\":{\"@type\":\"ImageObject\",\"inLanguage\":\"pl-PL\",\"@id\":\"https:\\\/\\\/vozolvapen.de\\\/#\\\/schema\\\/logo\\\/image\\\/\",\"url\":\"https:\\\/\\\/vozolvapen.de\\\/wp-content\\\/uploads\\\/2025\\\/12\\\/cropped-vozovapen-logo.webp\",\"contentUrl\":\"https:\\\/\\\/vozolvapen.de\\\/wp-content\\\/uploads\\\/2025\\\/12\\\/cropped-vozovapen-logo.webp\",\"width\":470,\"height\":110,\"caption\":\"vozolvapen\"},\"image\":{\"@id\":\"https:\\\/\\\/vozolvapen.de\\\/#\\\/schema\\\/logo\\\/image\\\/\"}}]}<\/script>\n<!-- \/ Yoast SEO Premium plugin. -->","yoast_head_json":{"title":"Strawberry Kiwi HIFANCY SPACE 50000 | 50k Puff Vape - vozolvapen","description":"Klasyczny Strawberry Kiwi HIFANCY SPACE 50000. 50 000 zaci\u0105gni\u0119\u0107, 30 ml wst\u0119pnie nape\u0142nionego liquidu i inteligentny ekran baterii\/soku. Zam\u00f3w sw\u00f3j 50k vape ju\u017c dzi\u015b.","robots":{"index":"index","follow":"follow","max-snippet":"max-snippet:-1","max-image-preview":"max-image-preview:large","max-video-preview":"max-video-preview:-1"},"canonical":"https:\/\/vozolvapen.de\/pl\/product\/hifancy-space-50000-strawberry-kiwi\/","og_locale":"pl_PL","og_type":"article","og_title":"HIFANCY SPACE 50000 - Strawberry Kiwi","og_description":"The classic Strawberry Kiwi HIFANCY SPACE 50000. 50,000 puffs, 30ml pre-filled liquid, and smart battery\/juice screen. Order your 50k vape today.","og_url":"https:\/\/vozolvapen.de\/pl\/product\/hifancy-space-50000-strawberry-kiwi\/","og_site_name":"vozolvapen","article_modified_time":"2026-02-10T10:58:01+00:00","og_image":[{"width":1000,"height":1000,"url":"https:\/\/vozolvapen.de\/wp-content\/uploads\/2025\/12\/HIFANCY-SPACE-50000-Strawberry-Kiwi-2.webp","type":"image\/webp"}],"twitter_card":"summary_large_image","twitter_misc":{"Szacowany czas czytania":"2 minuty"},"schema":{"@context":"https:\/\/schema.org","@graph":[{"@type":"WebPage","@id":"https:\/\/vozolvapen.de\/product\/hifancy-space-50000-strawberry-kiwi\/","url":"https:\/\/vozolvapen.de\/product\/hifancy-space-50000-strawberry-kiwi\/","name":"Strawberry Kiwi HIFANCY SPACE 50000 | 50k Puff Vape - vozolvapen","isPartOf":{"@id":"https:\/\/vozolvapen.de\/#website"},"primaryImageOfPage":{"@id":"https:\/\/vozolvapen.de\/product\/hifancy-space-50000-strawberry-kiwi\/#primaryimage"},"image":{"@id":"https:\/\/vozolvapen.de\/product\/hifancy-space-50000-strawberry-kiwi\/#primaryimage"},"thumbnailUrl":"https:\/\/vozolvapen.de\/wp-content\/uploads\/2025\/12\/HIFANCY-SPACE-50000-Strawberry-Kiwi-2.webp","datePublished":"2025-12-31T02:45:42+00:00","dateModified":"2026-02-10T10:58:01+00:00","description":"Klasyczny Strawberry Kiwi HIFANCY SPACE 50000. 50 000 zaci\u0105gni\u0119\u0107, 30 ml wst\u0119pnie nape\u0142nionego liquidu i inteligentny ekran baterii\/soku. Zam\u00f3w sw\u00f3j 50k vape ju\u017c dzi\u015b.","breadcrumb":{"@id":"https:\/\/vozolvapen.de\/product\/hifancy-space-50000-strawberry-kiwi\/#breadcrumb"},"inLanguage":"pl-PL","potentialAction":[{"@type":"ReadAction","target":["https:\/\/vozolvapen.de\/product\/hifancy-space-50000-strawberry-kiwi\/"]}]},{"@type":"ImageObject","inLanguage":"pl-PL","@id":"https:\/\/vozolvapen.de\/product\/hifancy-space-50000-strawberry-kiwi\/#primaryimage","url":"https:\/\/vozolvapen.de\/wp-content\/uploads\/2025\/12\/HIFANCY-SPACE-50000-Strawberry-Kiwi-2.webp","contentUrl":"https:\/\/vozolvapen.de\/wp-content\/uploads\/2025\/12\/HIFANCY-SPACE-50000-Strawberry-Kiwi-2.webp","width":1000,"height":1000,"caption":"HIFANCY SPACE 50000 - Strawberry Kiwi (2)"},{"@type":"BreadcrumbList","@id":"https:\/\/vozolvapen.de\/product\/hifancy-space-50000-strawberry-kiwi\/#breadcrumb","itemListElement":[{"@type":"ListItem","position":1,"name":"Home","item":"https:\/\/vozolvapen.de\/de\/"},{"@type":"ListItem","position":2,"name":"Shop","item":"https:\/\/vozolvapen.de\/shop\/"},{"@type":"ListItem","position":3,"name":"HIFANCY SPACE 50000 &#8211; Strawberry Kiwi"}]},{"@type":"WebSite","@id":"https:\/\/vozolvapen.de\/#website","url":"https:\/\/vozolvapen.de\/","name":"vozolvapen","description":"vozolvapen","publisher":{"@id":"https:\/\/vozolvapen.de\/#organization"},"potentialAction":[{"@type":"SearchAction","target":{"@type":"EntryPoint","urlTemplate":"https:\/\/vozolvapen.de\/?s={search_term_string}"},"query-input":{"@type":"PropertyValueSpecification","valueRequired":true,"valueName":"search_term_string"}}],"inLanguage":"pl-PL"},{"@type":"Organization","@id":"https:\/\/vozolvapen.de\/#organization","name":"vozolvapen","url":"https:\/\/vozolvapen.de\/","logo":{"@type":"ImageObject","inLanguage":"pl-PL","@id":"https:\/\/vozolvapen.de\/#\/schema\/logo\/image\/","url":"https:\/\/vozolvapen.de\/wp-content\/uploads\/2025\/12\/cropped-vozovapen-logo.webp","contentUrl":"https:\/\/vozolvapen.de\/wp-content\/uploads\/2025\/12\/cropped-vozovapen-logo.webp","width":470,"height":110,"caption":"vozolvapen"},"image":{"@id":"https:\/\/vozolvapen.de\/#\/schema\/logo\/image\/"}}]}},"tiered_pricing_type":"fixed","tiered_pricing_fixed_rules":{"30":"14.45","50":"10.31","100":"9.81","200":"8.8"},"tiered_pricing_product_settings":{"layout":"default","base_unit_name":{"singular":null,"plural":null},"default_variation":{}},"tiered_pricing_minimum_quantity":10,"tiered_pricing_roles_data":[],"tiered_pricing_percentage_rules":[],"tiered_pricing_maximum_quantity":null,"tiered_pricing_quantity_step":"10","_links":{"self":[{"href":"http:\/\/vozolvapen.de\/pl\/wp-json\/wp\/v2\/product\/49523","targetHints":{"allow":["GET"]}}],"collection":[{"href":"http:\/\/vozolvapen.de\/pl\/wp-json\/wp\/v2\/product"}],"about":[{"href":"http:\/\/vozolvapen.de\/pl\/wp-json\/wp\/v2\/types\/product"}],"replies":[{"embeddable":true,"href":"http:\/\/vozolvapen.de\/pl\/wp-json\/wp\/v2\/comments?post=49523"}],"wp:featuredmedia":[{"embeddable":true,"href":"http:\/\/vozolvapen.de\/pl\/wp-json\/wp\/v2\/media\/49770"}],"wp:attachment":[{"href":"http:\/\/vozolvapen.de\/pl\/wp-json\/wp\/v2\/media?parent=49523"}],"wp:term":[{"taxonomy":"product_brand","embeddable":true,"href":"http:\/\/vozolvapen.de\/pl\/wp-json\/wp\/v2\/product_brand?post=49523"},{"taxonomy":"product_cat","embeddable":true,"href":"http:\/\/vozolvapen.de\/pl\/wp-json\/wp\/v2\/product_cat?post=49523"},{"taxonomy":"product_tag","embeddable":true,"href":"http:\/\/vozolvapen.de\/pl\/wp-json\/wp\/v2\/product_tag?post=49523"}],"curies":[{"name":"wp","href":"https:\/\/api.w.org\/{rel}","templated":true}]}}