{"id":49891,"date":"2026-01-03T08:18:39","date_gmt":"2026-01-03T08:18:39","guid":{"rendered":"https:\/\/vozolvapen.de\/?post_type=product&#038;p=49891"},"modified":"2026-02-10T10:55:16","modified_gmt":"2026-02-10T10:55:16","slug":"jnr-falcon-x-18000-puff-vape-black-ice","status":"publish","type":"product","link":"http:\/\/vozolvapen.de\/pl\/product\/jnr-falcon-x-18000-puff-vape-black-ice\/","title":{"rendered":"JNR Falcon-X 18000 Puff Vape - Black Ice"},"content":{"rendered":"<h1 data-path-to-node=\"3\"><b data-path-to-node=\"3\" data-index-in-node=\"0\">JNR Falcon-X 18000 Puffs - Black Ice<\/b><\/h1>\n<p>Black Ice to ostateczny \u201ccool\u201d dla entuzjast\u00f3w jnr puff 18000. Zaczyna si\u0119 od ciemnej, tajemniczej bazy je\u017cyny i czarnej porzeczki, kt\u00f3ra zapewnia cierpki, \u015bwie\u017cy wdech. Bezpo\u015brednio po nim nast\u0119puje mro\u017c\u0105cy krew w \u017cy\u0142ach mentolowy wydech, kt\u00f3ry definiuje do\u015bwiadczenie jnr falcon 18k. Jest g\u0142\u0119boki, zimny i idealny dla tych, kt\u00f3rzy chc\u0105 odwa\u017cnego profilu owocowego bez s\u0142odkiego posmaku.<\/p>\n<h2 data-path-to-node=\"6\"><b data-path-to-node=\"6\" data-index-in-node=\"0\">In\u017cynieria stoj\u0105ca za 18k JNR<\/b><\/h2>\n<p data-path-to-node=\"7\">Co sprawia, \u017ce to urz\u0105dzenie jest ulubionym dla ka\u017cdego <b data-path-to-node=\"7\" data-index-in-node=\"42\">puff jnr 18k grossiste<\/b> to sprz\u0119t wewn\u0119trzny. W tym przypadku <b data-path-to-node=\"7\" data-index-in-node=\"95\">Dwurdzeniowy<\/b> System zapewnia, \u017ce pierwsze zaci\u0105gni\u0119cie jest tak samo mocne jak ostatnie.<\/p>\n<ul>\n<li data-path-to-node=\"8,0,0\"><b data-path-to-node=\"8,0,0\" data-index-in-node=\"0\">Dual Mesh Superiority:<\/b> Cewka 0,6\u03a9 zosta\u0142a zaprojektowana do produkcji pary \u201cPro\u201d, oferuj\u0105c g\u0119stsz\u0105 chmur\u0119 ni\u017c standardowe jednoraz\u00f3wki.<\/li>\n<li data-path-to-node=\"8,1,0\"><b data-path-to-node=\"8,1,0\" data-index-in-node=\"0\">Liquid Precision:<\/b> Z <b data-path-to-node=\"8,1,0\" data-index-in-node=\"23\">24 ml wst\u0119pnie nape\u0142nionego soku<\/b>, tw\u00f3j <b data-path-to-node=\"8,1,0\" data-index-in-node=\"54\">18k jnr<\/b> podr\u00f3\u017c jest stworzona do d\u0142ugich podr\u00f3\u017cy.<\/li>\n<li data-path-to-node=\"8,2,0\"><b data-path-to-node=\"8,2,0\" data-index-in-node=\"0\">Inteligentny interfejs u\u017cytkownika:<\/b> U\u017cyj <b data-path-to-node=\"8,2,0\" data-index-in-node=\"18\">Wy\u015bwietlacz cyfrowy<\/b> aby mie\u0107 oko na poziom na\u0142adowania baterii 960 mAh i poziom e-cieczy w czasie rzeczywistym.<\/li>\n<li data-path-to-node=\"8,3,0\"><b data-path-to-node=\"8,3,0\" data-index-in-node=\"0\">Logistyka europejska:<\/b> Wysy\u0142ane bezpo\u015brednio z naszego <b data-path-to-node=\"8,3,0\" data-index-in-node=\"46\">Magazyn UE<\/b>, zapewniaj\u0105c, \u017ce zam\u00f3wienie dotrze w ci\u0105gu 1-3 dni.<\/li>\n<\/ul>\n<h2 data-path-to-node=\"3\"><b data-path-to-node=\"3\" data-index-in-node=\"0\"> Black Ice - specyfikacja techniczna<\/b><\/h2>\n<table data-path-to-node=\"4\">\n<thead>\n<tr>\n<td><strong>Cecha<\/strong><\/td>\n<td><strong>Szczeg\u00f3\u0142y<\/strong><\/td>\n<td><strong>Indeks do\u015bwiadcze\u0144 zwi\u0105zanych z wapowaniem<\/strong><\/td>\n<\/tr>\n<\/thead>\n<tbody>\n<tr>\n<td><span data-path-to-node=\"4,1,0,0\"><b data-path-to-node=\"4,1,0,0\" data-index-in-node=\"0\">Model<\/b><\/span><\/td>\n<td><span data-path-to-node=\"4,1,1,0\">JNR Falcon-X 18000<\/span><\/td>\n<td><span data-path-to-node=\"4,1,2,0\"><b data-path-to-node=\"4,1,2,0\" data-index-in-node=\"0\">Poziom ch\u0142odzenia:<\/b> \u2744\ufe0f\u2744\ufe0f\u2744\ufe0f\u2744\ufe0f\u2744\ufe0f<\/span><\/td>\n<\/tr>\n<tr>\n<td><span data-path-to-node=\"4,2,0,0\"><b data-path-to-node=\"4,2,0,0\" data-index-in-node=\"0\">Typ cewki<\/b><\/span><\/td>\n<td><span data-path-to-node=\"4,2,1,0\">Cewka Dual Mesh 0,6\u03a9<\/span><\/td>\n<td><span data-path-to-node=\"4,2,2,0\"><b data-path-to-node=\"4,2,2,0\" data-index-in-node=\"0\">S\u0142odycz:<\/b> \ud83c\udf6c\ud83c\udf6c<\/span><\/td>\n<\/tr>\n<tr>\n<td><span data-path-to-node=\"4,3,0,0\"><b data-path-to-node=\"4,3,0,0\" data-index-in-node=\"0\">P\u0142yn\/py\u0142ki<\/b><\/span><\/td>\n<td><span data-path-to-node=\"4,3,1,0\">24ML \/ 18 000 zaci\u0105gni\u0119\u0107<\/span><\/td>\n<td><span data-path-to-node=\"4,3,2,0\"><b data-path-to-node=\"4,3,2,0\" data-index-in-node=\"0\">Intensywno\u015b\u0107 smaku:<\/b> \ud83d\udd25\ud83d\udd25\ud83d\udd25\ud83d\udd25<\/span><\/td>\n<\/tr>\n<tr>\n<td><span data-path-to-node=\"4,4,0,0\"><b data-path-to-node=\"4,4,0,0\" data-index-in-node=\"0\">Funkcja specjalna<\/b><\/span><\/td>\n<td><span data-path-to-node=\"4,4,1,0\">Regulowany przep\u0142yw powietrza<\/span><\/td>\n<td><span data-path-to-node=\"4,4,2,0\"><b data-path-to-node=\"4,4,2,0\" data-index-in-node=\"0\">Najlepszy przep\u0142yw powietrza:<\/b> Ca\u0142kowicie otwarty (maks. l\u00f3d)<\/span><\/td>\n<\/tr>\n<\/tbody>\n<\/table>\n<h2 data-path-to-node=\"9\"><strong style=\"font-size: 16px;\">JNR Falcon-X 18000 <\/strong><strong style=\"font-size: 16px;\">Wideo\uff1a<\/strong><\/h2>\n<p><iframe title=\"JNR Falcon X 18000 Puff Vape\" src=\"https:\/\/player.vimeo.com\/video\/1151536729?badge=0&amp;autopause=0&amp;player_id=0&amp;app_id=58479\" width=\"400\" height=\"711\" frameborder=\"0\"><\/iframe><\/p>\n<h3 data-path-to-node=\"63\"><b data-path-to-node=\"63\" data-index-in-node=\"0\">Dowiedz si\u0119 wi\u0119cej od JNR<\/b><\/h3>\n<p data-path-to-node=\"64\">Gotowy na ulepszenie swojej gry vaping? Zapoznaj si\u0119 z pe\u0142n\u0105 ofert\u0105 <b data-path-to-node=\"64\" data-index-in-node=\"52\">JNR Falcon-X 18000<\/b> do\u015bwiadczenie.<\/p>\n<p dir=\"auto\"><a href=\"https:\/\/vozolvapen.de\/pl\/product-category\/jnr-vape\/jnr-falcon-x-18000-puff-vape\/\" target=\"_blank\" rel=\"noopener noreferrer nofollow\">Zobacz wszystkie odmiany tutaj \u2192<\/a><\/p>\n<p data-path-to-node=\"66\">Jako wiod\u0105cy <b data-path-to-node=\"66\" data-index-in-node=\"13\">puff jnr 18k grossiste<\/b>, Oferujemy najlepsze oferty hurtowe i najszybsz\u0105 wysy\u0142k\u0119.<\/p>\n<p dir=\"auto\"><a href=\"https:\/\/vozolvapen.de\/pl\/\" target=\"_blank\" rel=\"noopener noreferrer nofollow\">Przegl\u0105daj teraz wszystkie marki \u2192<\/a><\/p>\n<p data-path-to-node=\"68\">Nie przegap najnowszych informacji <b data-path-to-node=\"68\" data-index-in-node=\"29\">nikotyna jnr 18k<\/b> opcje!<\/p>\n<p dir=\"auto\"><a href=\"https:\/\/vozolvapen.de\/pl\/product-category\/jnr-vape\/\" target=\"_blank\" rel=\"noopener noreferrer nofollow\">Zobacz pe\u0142n\u0105 kolekcj\u0119 JNR Vape \u2192<\/a><\/p>","protected":false},"excerpt":{"rendered":"<p><b data-path-to-node=\"4,1,4,0\" data-index-in-node=\"0\">The Midnight Chill.<\/b> Odwa\u017cna mieszanka ciemnych je\u017cyn z mentolowym wyko\u0144czeniem poni\u017cej zera. Technologia podw\u00f3jnej siatki 0,6\u03a9 zapewnia 18 000 intensywnych, lodowatych zaci\u0105gni\u0119\u0107.<\/p>","protected":false},"featured_media":50821,"comment_status":"open","ping_status":"closed","template":"","meta":{"_acf_changed":false},"product_brand":[],"product_cat":[134,59],"product_tag":[],"class_list":{"0":"post-49891","1":"product","2":"type-product","3":"status-publish","4":"has-post-thumbnail","6":"product_cat-eu-warehouse-in-stock","7":"product_cat-jnr-falcon-x-18000-puff-vape","9":"first","10":"instock","11":"shipping-taxable","12":"purchasable","13":"product-type-variable"},"acf":[],"yoast_head":"<!-- This site is optimized with the Yoast SEO Premium plugin v26.1 (Yoast SEO v27.5) - https:\/\/yoast.com\/product\/yoast-seo-premium-wordpress\/ -->\n<title>Black Ice JNR Falcon-X 18000 | 18k JNR Puff Dual Mesh - vozolvapen<\/title>\n<meta name=\"description\" content=\"Shop Black Ice JNR Falcon-X 18000. 18k puffs of dark berries and arctic ice. 0.6\u03a9 dual mesh, digital display &amp; fast EU shipping. Get your JNR 18k now!\" \/>\n<meta name=\"robots\" content=\"index, follow, max-snippet:-1, max-image-preview:large, max-video-preview:-1\" \/>\n<link rel=\"canonical\" href=\"https:\/\/vozolvapen.de\/pl\/product\/jnr-falcon-x-18000-puff-vape-black-ice\/\" \/>\n<meta property=\"og:locale\" content=\"pl_PL\" \/>\n<meta property=\"og:type\" content=\"article\" \/>\n<meta property=\"og:title\" content=\"JNR Falcon-X 18000 Puff Vape - Black Ice\" \/>\n<meta property=\"og:description\" content=\"Shop Black Ice JNR Falcon-X 18000. 18k puffs of dark berries and arctic ice. 0.6\u03a9 dual mesh, digital display &amp; fast EU shipping. Get your JNR 18k now!\" \/>\n<meta property=\"og:url\" content=\"https:\/\/vozolvapen.de\/pl\/product\/jnr-falcon-x-18000-puff-vape-black-ice\/\" \/>\n<meta property=\"og:site_name\" content=\"vozolvapen\" \/>\n<meta property=\"article:modified_time\" content=\"2026-02-10T10:55:16+00:00\" \/>\n<meta property=\"og:image\" content=\"https:\/\/vozolvapen.de\/wp-content\/uploads\/2026\/01\/JNR-Falcon-X-18000-18K-Puffs-Disposable-Vape-Adjustable-Airflow-EU-Warehouse-Flavors-list.webp\" \/>\n\t<meta property=\"og:image:width\" content=\"1200\" \/>\n\t<meta property=\"og:image:height\" content=\"1029\" \/>\n\t<meta property=\"og:image:type\" content=\"image\/webp\" \/>\n<meta name=\"twitter:card\" content=\"summary_large_image\" \/>\n<meta name=\"twitter:label1\" content=\"Szacowany czas czytania\" \/>\n\t<meta name=\"twitter:data1\" content=\"2 minuty\" \/>\n<script type=\"application\/ld+json\" class=\"yoast-schema-graph\">{\"@context\":\"https:\\\/\\\/schema.org\",\"@graph\":[{\"@type\":\"WebPage\",\"@id\":\"https:\\\/\\\/vozolvapen.de\\\/product\\\/jnr-falcon-x-18000-puff-vape-black-ice\\\/\",\"url\":\"https:\\\/\\\/vozolvapen.de\\\/product\\\/jnr-falcon-x-18000-puff-vape-black-ice\\\/\",\"name\":\"Black Ice JNR Falcon-X 18000 | 18k JNR Puff Dual Mesh - vozolvapen\",\"isPartOf\":{\"@id\":\"https:\\\/\\\/vozolvapen.de\\\/#website\"},\"primaryImageOfPage\":{\"@id\":\"https:\\\/\\\/vozolvapen.de\\\/product\\\/jnr-falcon-x-18000-puff-vape-black-ice\\\/#primaryimage\"},\"image\":{\"@id\":\"https:\\\/\\\/vozolvapen.de\\\/product\\\/jnr-falcon-x-18000-puff-vape-black-ice\\\/#primaryimage\"},\"thumbnailUrl\":\"https:\\\/\\\/vozolvapen.de\\\/wp-content\\\/uploads\\\/2026\\\/01\\\/JNR-Falcon-X-18000-18K-Puffs-Disposable-Vape-Adjustable-Airflow-EU-Warehouse-Flavors-list.webp\",\"datePublished\":\"2026-01-03T08:18:39+00:00\",\"dateModified\":\"2026-02-10T10:55:16+00:00\",\"description\":\"Shop Black Ice JNR Falcon-X 18000. 18k puffs of dark berries and arctic ice. 0.6\u03a9 dual mesh, digital display & fast EU shipping. Get your JNR 18k now!\",\"breadcrumb\":{\"@id\":\"https:\\\/\\\/vozolvapen.de\\\/product\\\/jnr-falcon-x-18000-puff-vape-black-ice\\\/#breadcrumb\"},\"inLanguage\":\"pl-PL\",\"potentialAction\":[{\"@type\":\"ReadAction\",\"target\":[\"https:\\\/\\\/vozolvapen.de\\\/product\\\/jnr-falcon-x-18000-puff-vape-black-ice\\\/\"]}]},{\"@type\":\"ImageObject\",\"inLanguage\":\"pl-PL\",\"@id\":\"https:\\\/\\\/vozolvapen.de\\\/product\\\/jnr-falcon-x-18000-puff-vape-black-ice\\\/#primaryimage\",\"url\":\"https:\\\/\\\/vozolvapen.de\\\/wp-content\\\/uploads\\\/2026\\\/01\\\/JNR-Falcon-X-18000-18K-Puffs-Disposable-Vape-Adjustable-Airflow-EU-Warehouse-Flavors-list.webp\",\"contentUrl\":\"https:\\\/\\\/vozolvapen.de\\\/wp-content\\\/uploads\\\/2026\\\/01\\\/JNR-Falcon-X-18000-18K-Puffs-Disposable-Vape-Adjustable-Airflow-EU-Warehouse-Flavors-list.webp\",\"width\":1200,\"height\":1029,\"caption\":\"JNR Falcon X 18000 18K Puffs Disposable Vape Adjustable Airflow EU Warehouse Flavors list\"},{\"@type\":\"BreadcrumbList\",\"@id\":\"https:\\\/\\\/vozolvapen.de\\\/product\\\/jnr-falcon-x-18000-puff-vape-black-ice\\\/#breadcrumb\",\"itemListElement\":[{\"@type\":\"ListItem\",\"position\":1,\"name\":\"Home\",\"item\":\"https:\\\/\\\/vozolvapen.de\\\/de\\\/\"},{\"@type\":\"ListItem\",\"position\":2,\"name\":\"Shop\",\"item\":\"https:\\\/\\\/vozolvapen.de\\\/shop\\\/\"},{\"@type\":\"ListItem\",\"position\":3,\"name\":\"JNR Falcon-X 18000 Puff Vape &#8211; Black Ice\"}]},{\"@type\":\"WebSite\",\"@id\":\"https:\\\/\\\/vozolvapen.de\\\/#website\",\"url\":\"https:\\\/\\\/vozolvapen.de\\\/\",\"name\":\"vozolvapen\",\"description\":\"vozolvapen\",\"publisher\":{\"@id\":\"https:\\\/\\\/vozolvapen.de\\\/#organization\"},\"potentialAction\":[{\"@type\":\"SearchAction\",\"target\":{\"@type\":\"EntryPoint\",\"urlTemplate\":\"https:\\\/\\\/vozolvapen.de\\\/?s={search_term_string}\"},\"query-input\":{\"@type\":\"PropertyValueSpecification\",\"valueRequired\":true,\"valueName\":\"search_term_string\"}}],\"inLanguage\":\"pl-PL\"},{\"@type\":\"Organization\",\"@id\":\"https:\\\/\\\/vozolvapen.de\\\/#organization\",\"name\":\"vozolvapen\",\"url\":\"https:\\\/\\\/vozolvapen.de\\\/\",\"logo\":{\"@type\":\"ImageObject\",\"inLanguage\":\"pl-PL\",\"@id\":\"https:\\\/\\\/vozolvapen.de\\\/#\\\/schema\\\/logo\\\/image\\\/\",\"url\":\"https:\\\/\\\/vozolvapen.de\\\/wp-content\\\/uploads\\\/2025\\\/12\\\/cropped-vozovapen-logo.webp\",\"contentUrl\":\"https:\\\/\\\/vozolvapen.de\\\/wp-content\\\/uploads\\\/2025\\\/12\\\/cropped-vozovapen-logo.webp\",\"width\":470,\"height\":110,\"caption\":\"vozolvapen\"},\"image\":{\"@id\":\"https:\\\/\\\/vozolvapen.de\\\/#\\\/schema\\\/logo\\\/image\\\/\"}}]}<\/script>\n<!-- \/ Yoast SEO Premium plugin. -->","yoast_head_json":{"title":"Black Ice JNR Falcon-X 18000 | 18k JNR Puff Dual Mesh - vozolvapen","description":"Sklep Black Ice JNR Falcon-X 18000. 18 tysi\u0119cy zaci\u0105gni\u0119\u0107 ciemnymi jagodami i arktycznym lodem. Podw\u00f3jna siatka 0,6\u03a9, cyfrowy wy\u015bwietlacz i szybka wysy\u0142ka do UE. Kup JNR 18k ju\u017c teraz!","robots":{"index":"index","follow":"follow","max-snippet":"max-snippet:-1","max-image-preview":"max-image-preview:large","max-video-preview":"max-video-preview:-1"},"canonical":"https:\/\/vozolvapen.de\/pl\/product\/jnr-falcon-x-18000-puff-vape-black-ice\/","og_locale":"pl_PL","og_type":"article","og_title":"JNR Falcon-X 18000 Puff Vape - Black Ice","og_description":"Shop Black Ice JNR Falcon-X 18000. 18k puffs of dark berries and arctic ice. 0.6\u03a9 dual mesh, digital display & fast EU shipping. Get your JNR 18k now!","og_url":"https:\/\/vozolvapen.de\/pl\/product\/jnr-falcon-x-18000-puff-vape-black-ice\/","og_site_name":"vozolvapen","article_modified_time":"2026-02-10T10:55:16+00:00","og_image":[{"width":1200,"height":1029,"url":"https:\/\/vozolvapen.de\/wp-content\/uploads\/2026\/01\/JNR-Falcon-X-18000-18K-Puffs-Disposable-Vape-Adjustable-Airflow-EU-Warehouse-Flavors-list.webp","type":"image\/webp"}],"twitter_card":"summary_large_image","twitter_misc":{"Szacowany czas czytania":"2 minuty"},"schema":{"@context":"https:\/\/schema.org","@graph":[{"@type":"WebPage","@id":"https:\/\/vozolvapen.de\/product\/jnr-falcon-x-18000-puff-vape-black-ice\/","url":"https:\/\/vozolvapen.de\/product\/jnr-falcon-x-18000-puff-vape-black-ice\/","name":"Black Ice JNR Falcon-X 18000 | 18k JNR Puff Dual Mesh - vozolvapen","isPartOf":{"@id":"https:\/\/vozolvapen.de\/#website"},"primaryImageOfPage":{"@id":"https:\/\/vozolvapen.de\/product\/jnr-falcon-x-18000-puff-vape-black-ice\/#primaryimage"},"image":{"@id":"https:\/\/vozolvapen.de\/product\/jnr-falcon-x-18000-puff-vape-black-ice\/#primaryimage"},"thumbnailUrl":"https:\/\/vozolvapen.de\/wp-content\/uploads\/2026\/01\/JNR-Falcon-X-18000-18K-Puffs-Disposable-Vape-Adjustable-Airflow-EU-Warehouse-Flavors-list.webp","datePublished":"2026-01-03T08:18:39+00:00","dateModified":"2026-02-10T10:55:16+00:00","description":"Sklep Black Ice JNR Falcon-X 18000. 18 tysi\u0119cy zaci\u0105gni\u0119\u0107 ciemnymi jagodami i arktycznym lodem. Podw\u00f3jna siatka 0,6\u03a9, cyfrowy wy\u015bwietlacz i szybka wysy\u0142ka do UE. Kup JNR 18k ju\u017c teraz!","breadcrumb":{"@id":"https:\/\/vozolvapen.de\/product\/jnr-falcon-x-18000-puff-vape-black-ice\/#breadcrumb"},"inLanguage":"pl-PL","potentialAction":[{"@type":"ReadAction","target":["https:\/\/vozolvapen.de\/product\/jnr-falcon-x-18000-puff-vape-black-ice\/"]}]},{"@type":"ImageObject","inLanguage":"pl-PL","@id":"https:\/\/vozolvapen.de\/product\/jnr-falcon-x-18000-puff-vape-black-ice\/#primaryimage","url":"https:\/\/vozolvapen.de\/wp-content\/uploads\/2026\/01\/JNR-Falcon-X-18000-18K-Puffs-Disposable-Vape-Adjustable-Airflow-EU-Warehouse-Flavors-list.webp","contentUrl":"https:\/\/vozolvapen.de\/wp-content\/uploads\/2026\/01\/JNR-Falcon-X-18000-18K-Puffs-Disposable-Vape-Adjustable-Airflow-EU-Warehouse-Flavors-list.webp","width":1200,"height":1029,"caption":"JNR Falcon X 18000 18K Puffs Disposable Vape Adjustable Airflow EU Warehouse Flavors list"},{"@type":"BreadcrumbList","@id":"https:\/\/vozolvapen.de\/product\/jnr-falcon-x-18000-puff-vape-black-ice\/#breadcrumb","itemListElement":[{"@type":"ListItem","position":1,"name":"Home","item":"https:\/\/vozolvapen.de\/de\/"},{"@type":"ListItem","position":2,"name":"Shop","item":"https:\/\/vozolvapen.de\/shop\/"},{"@type":"ListItem","position":3,"name":"JNR Falcon-X 18000 Puff Vape &#8211; Black Ice"}]},{"@type":"WebSite","@id":"https:\/\/vozolvapen.de\/#website","url":"https:\/\/vozolvapen.de\/","name":"vozolvapen","description":"vozolvapen","publisher":{"@id":"https:\/\/vozolvapen.de\/#organization"},"potentialAction":[{"@type":"SearchAction","target":{"@type":"EntryPoint","urlTemplate":"https:\/\/vozolvapen.de\/?s={search_term_string}"},"query-input":{"@type":"PropertyValueSpecification","valueRequired":true,"valueName":"search_term_string"}}],"inLanguage":"pl-PL"},{"@type":"Organization","@id":"https:\/\/vozolvapen.de\/#organization","name":"vozolvapen","url":"https:\/\/vozolvapen.de\/","logo":{"@type":"ImageObject","inLanguage":"pl-PL","@id":"https:\/\/vozolvapen.de\/#\/schema\/logo\/image\/","url":"https:\/\/vozolvapen.de\/wp-content\/uploads\/2025\/12\/cropped-vozovapen-logo.webp","contentUrl":"https:\/\/vozolvapen.de\/wp-content\/uploads\/2025\/12\/cropped-vozovapen-logo.webp","width":470,"height":110,"caption":"vozolvapen"},"image":{"@id":"https:\/\/vozolvapen.de\/#\/schema\/logo\/image\/"}}]}},"tiered_pricing_type":"fixed","tiered_pricing_fixed_rules":{"30":"13.86","50":"10.86","100":"9.86","200":"8.86"},"tiered_pricing_product_settings":{"layout":"default","base_unit_name":{"singular":null,"plural":null},"default_variation":{}},"tiered_pricing_minimum_quantity":10,"tiered_pricing_roles_data":[],"tiered_pricing_percentage_rules":[],"tiered_pricing_maximum_quantity":null,"tiered_pricing_quantity_step":"10","_links":{"self":[{"href":"http:\/\/vozolvapen.de\/pl\/wp-json\/wp\/v2\/product\/49891","targetHints":{"allow":["GET"]}}],"collection":[{"href":"http:\/\/vozolvapen.de\/pl\/wp-json\/wp\/v2\/product"}],"about":[{"href":"http:\/\/vozolvapen.de\/pl\/wp-json\/wp\/v2\/types\/product"}],"replies":[{"embeddable":true,"href":"http:\/\/vozolvapen.de\/pl\/wp-json\/wp\/v2\/comments?post=49891"}],"wp:featuredmedia":[{"embeddable":true,"href":"http:\/\/vozolvapen.de\/pl\/wp-json\/wp\/v2\/media\/50821"}],"wp:attachment":[{"href":"http:\/\/vozolvapen.de\/pl\/wp-json\/wp\/v2\/media?parent=49891"}],"wp:term":[{"taxonomy":"product_brand","embeddable":true,"href":"http:\/\/vozolvapen.de\/pl\/wp-json\/wp\/v2\/product_brand?post=49891"},{"taxonomy":"product_cat","embeddable":true,"href":"http:\/\/vozolvapen.de\/pl\/wp-json\/wp\/v2\/product_cat?post=49891"},{"taxonomy":"product_tag","embeddable":true,"href":"http:\/\/vozolvapen.de\/pl\/wp-json\/wp\/v2\/product_tag?post=49891"}],"curies":[{"name":"wp","href":"https:\/\/api.w.org\/{rel}","templated":true}]}}