{"id":50356,"date":"2026-01-03T08:18:56","date_gmt":"2026-01-03T08:18:56","guid":{"rendered":"https:\/\/vozolvapen.de\/?post_type=product&#038;p=50356"},"modified":"2026-02-10T10:55:05","modified_gmt":"2026-02-10T10:55:05","slug":"jnr-falcon-x-18000-puff-vape-raspberry-rhubarb","status":"publish","type":"product","link":"http:\/\/vozolvapen.de\/pl\/product\/jnr-falcon-x-18000-puff-vape-raspberry-rhubarb\/","title":{"rendered":"JNR Falcon-X 18000 Puff Vape - rabarbar malinowy"},"content":{"rendered":"<h1 data-path-to-node=\"2\"><b data-path-to-node=\"2\" data-index-in-node=\"0\">JNR Falcon-X 18000 Puffs - Raspberry Rhubarb<\/b><\/h1>\n<p data-path-to-node=\"4\"><b data-path-to-node=\"4\" data-index-in-node=\"0\"><\/b> Raspberry Rhubarb to wyrafinowany wyb\u00f3r dla waper\u00f3w, kt\u00f3rzy lubi\u0105 nietradycyjne, warstwowe profile. \u0141\u0105czy w sobie jasny, pikantny posmak \u015bwie\u017cych czerwonych malin z wyj\u0105tkowym, ziemistym \u201czingiem\u201d rabarbaru ogrodowego. Ten specyficzny <b data-path-to-node=\"4\" data-index-in-node=\"249\">18k puff jnr<\/b> Smak oferuje orze\u017awiaj\u0105ce, nie mdl\u0105ce doznania, kt\u00f3re doskonale r\u00f3wnowa\u017c\u0105 kwasowo\u015b\u0107 owoc\u00f3w z nut\u0105 naturalnej s\u0142odyczy, dzi\u0119ki czemu wyr\u00f3\u017cnia si\u0119 na rynku. <b data-path-to-node=\"4\" data-index-in-node=\"413\">jnr falcon 18k<\/b> kolekcja.<\/p>\n<h2 data-path-to-node=\"5\"><b data-path-to-node=\"5\" data-index-in-node=\"0\">Niezr\u00f3wnana wydajno\u015b\u0107 JNR Falcon-X<\/b><\/h2>\n<p data-path-to-node=\"6\">The <b data-path-to-node=\"6\" data-index-in-node=\"4\">JNR Falcon-X 18000<\/b> zosta\u0142 zaprojektowany z my\u015bl\u0105 o tych, kt\u00f3rzy oczekuj\u0105 profesjonalnego smaku w wygodnym, jednorazowym formacie.<\/p>\n<ul data-path-to-node=\"7\">\n<li>\n<p data-path-to-node=\"7,0,0\"><b data-path-to-node=\"7,0,0\" data-index-in-node=\"0\">Ekstrakcja smaku na poziomie Pro:<\/b> The <b data-path-to-node=\"7,0,0\" data-index-in-node=\"33\">Cewka Dual Mesh 0,6\u03a9<\/b> jest specjalnie dostrojony, aby podkre\u015bli\u0107 delikatn\u0105 cierpko\u015b\u0107 rabarbaru przy jednoczesnym zachowaniu s\u0142odyczy malin.<\/p>\n<\/li>\n<li>\n<p data-path-to-node=\"7,1,0\"><b data-path-to-node=\"7,1,0\" data-index-in-node=\"0\">Dwurdzeniowa stabilno\u015b\u0107:<\/b> Zasilany przez <b data-path-to-node=\"7,1,0\" data-index-in-node=\"34\">Dwurdzeniowy<\/b> system, to urz\u0105dzenie zapewnia, \u017ce <b data-path-to-node=\"7,1,0\" data-index-in-node=\"82\">nikotyna jnr 18k<\/b> Uderzenie pozostaje p\u0142ynne i mocne od pierwszego naci\u015bni\u0119cia do puff 18,000.<\/p>\n<\/li>\n<li>\n<p data-path-to-node=\"7,2,0\"><b data-path-to-node=\"7,2,0\" data-index-in-node=\"0\">Liquid Longevity:<\/b> Wst\u0119pnie wype\u0142nione <b data-path-to-node=\"7,2,0\" data-index-in-node=\"34\">24ML<\/b> cieczy premium, urz\u0105dzenie to oferuje jedn\u0105 z najwy\u017cszych pojemno\u015bci w bran\u017cy. <b data-path-to-node=\"7,2,0\" data-index-in-node=\"114\">18k jnr<\/b> rynek.<\/p>\n<\/li>\n<li>\n<p data-path-to-node=\"7,3,0\"><b data-path-to-node=\"7,3,0\" data-index-in-node=\"0\">Inteligentne monitorowanie:<\/b> Wysoka rozdzielczo\u015b\u0107 <b data-path-to-node=\"7,3,0\" data-index-in-node=\"38\">Wy\u015bwietlacz cyfrowy<\/b> pozwala \u015bledzi\u0107 zar\u00f3wno \u017cywotno\u015b\u0107 baterii, jak i poziom e-cieczy w czasie rzeczywistym.<\/p>\n<\/li>\n<li>\n<p data-path-to-node=\"7,4,0\"><b data-path-to-node=\"7,4,0\" data-index-in-node=\"0\">Szybka logistyka:<\/b> Dost\u0119pne w naszym magazynie <b data-path-to-node=\"7,4,0\" data-index-in-node=\"32\">Magazyn europejski<\/b>, Gwarantujemy 1-3 dniowy czas dostawy dla wszystkich zam\u00f3wie\u0144 lokalnych.<\/p>\n<\/li>\n<\/ul>\n<h2 data-path-to-node=\"18\"><b data-path-to-node=\"18\" data-index-in-node=\"0\">Raspberry Rhubarb - Specyfikacja techniczna<\/b><\/h2>\n<table data-path-to-node=\"19\">\n<thead>\n<tr>\n<td><strong>Cecha<\/strong><\/td>\n<td><strong>Szczeg\u00f3\u0142y<\/strong><\/td>\n<td><strong>Indeks do\u015bwiadcze\u0144 zwi\u0105zanych z wapowaniem<\/strong><\/td>\n<\/tr>\n<\/thead>\n<tbody>\n<tr>\n<td><span data-path-to-node=\"19,1,0,0\"><b data-path-to-node=\"19,1,0,0\" data-index-in-node=\"0\">Model<\/b><\/span><\/td>\n<td><span data-path-to-node=\"19,1,1,0\">JNR Falcon-X 18000<\/span><\/td>\n<td><span data-path-to-node=\"19,1,2,0\"><b data-path-to-node=\"19,1,2,0\" data-index-in-node=\"0\">Poziom ch\u0142odzenia:<\/b> \u2744\ufe0f<\/span><\/td>\n<\/tr>\n<tr>\n<td><span data-path-to-node=\"19,2,0,0\"><b data-path-to-node=\"19,2,0,0\" data-index-in-node=\"0\">Typ cewki<\/b><\/span><\/td>\n<td><span data-path-to-node=\"19,2,1,0\">Cewka Dual Mesh 0,6\u03a9<\/span><\/td>\n<td><span data-path-to-node=\"19,2,2,0\"><b data-path-to-node=\"19,2,2,0\" data-index-in-node=\"0\">Cierpko\u015b\u0107:<\/b> \ud83c\udf4b\ud83c\udf4b\ud83c\udf4b\ud83c\udf4b\ud83c\udf4b<\/span><\/td>\n<\/tr>\n<tr>\n<td><span data-path-to-node=\"19,3,0,0\"><b data-path-to-node=\"19,3,0,0\" data-index-in-node=\"0\">P\u0142yn\/py\u0142ki<\/b><\/span><\/td>\n<td><span data-path-to-node=\"19,3,1,0\">24ML \/ 18 000 zaci\u0105gni\u0119\u0107<\/span><\/td>\n<td><span data-path-to-node=\"19,3,2,0\"><b data-path-to-node=\"19,3,2,0\" data-index-in-node=\"0\">Gourmet Factor:<\/b> \ud83d\udc68\u200d\ud83c\udf73\ud83d\udc68\u200d\ud83c\udf73\ud83d\udc68\u200d\ud83c\udf73\ud83d\udc68\u200d\ud83c\udf73<\/span><\/td>\n<\/tr>\n<tr>\n<td><span data-path-to-node=\"19,4,0,0\"><b data-path-to-node=\"19,4,0,0\" data-index-in-node=\"0\">Funkcja specjalna<\/b><\/span><\/td>\n<td><span data-path-to-node=\"19,4,1,0\">Europejskie akcje<\/span><\/td>\n<td><span data-path-to-node=\"19,4,2,0\"><b data-path-to-node=\"19,4,2,0\" data-index-in-node=\"0\">Najlepszy przep\u0142yw powietrza:<\/b> Tight (Acidic Punch)<\/span><\/td>\n<\/tr>\n<\/tbody>\n<\/table>\n<h2><b style=\"font-size: 16px;\" data-path-to-node=\"10\" data-index-in-node=\"0\">Przewodnik po smakach<\/b><\/h2>\n<p data-path-to-node=\"11\"><b data-path-to-node=\"11\" data-index-in-node=\"0\">The Zesty Sophisticate:<\/b> Idealny dla waper\u00f3w, kt\u00f3rzy wol\u0105 cierpki, \u015bwie\u017cy profil od s\u0142odkich cukierk\u00f3w i chc\u0105 czystego, ca\u0142odziennego waporyzowania.<\/p>\n<h2><strong>JNR Falcon-X 18000 <\/strong><strong>Wideo\uff1a<\/strong><\/h2>\n<p><iframe title=\"JNR Falcon X 18000 Puff Vape\" src=\"https:\/\/player.vimeo.com\/video\/1151536729?badge=0&amp;autopause=0&amp;player_id=0&amp;app_id=58479\" width=\"400\" height=\"711\" frameborder=\"0\"><\/iframe><\/p>\n<h3 data-path-to-node=\"63\"><b data-path-to-node=\"63\" data-index-in-node=\"0\">Dowiedz si\u0119 wi\u0119cej od JNR<\/b><\/h3>\n<p data-path-to-node=\"64\">Gotowy na ulepszenie swojej gry vaping? Zapoznaj si\u0119 z pe\u0142n\u0105 ofert\u0105 <b data-path-to-node=\"64\" data-index-in-node=\"52\">JNR Falcon-X 18000<\/b> do\u015bwiadczenie.<\/p>\n<p dir=\"auto\"><a href=\"https:\/\/vozolvapen.de\/pl\/product-category\/jnr-vape\/jnr-falcon-x-18000-puff-vape\/\" target=\"_blank\" rel=\"noopener noreferrer nofollow\">Zobacz wszystkie odmiany tutaj \u2192<\/a><\/p>\n<p data-path-to-node=\"66\">Jako wiod\u0105cy <b data-path-to-node=\"66\" data-index-in-node=\"13\">puff jnr 18k grossiste<\/b>, Oferujemy najlepsze oferty hurtowe i najszybsz\u0105 wysy\u0142k\u0119.<\/p>\n<p dir=\"auto\"><a href=\"https:\/\/vozolvapen.de\/pl\/\" target=\"_blank\" rel=\"noopener noreferrer nofollow\">Przegl\u0105daj teraz wszystkie marki \u2192<\/a><\/p>\n<p data-path-to-node=\"68\">Nie przegap najnowszych informacji <b data-path-to-node=\"68\" data-index-in-node=\"29\">nikotyna jnr 18k<\/b> opcje!<\/p>\n<p dir=\"auto\"><a href=\"https:\/\/vozolvapen.de\/pl\/product-category\/jnr-vape\/\" target=\"_blank\" rel=\"noopener noreferrer nofollow\">Zobacz pe\u0142n\u0105 kolekcj\u0119 JNR Vape \u2192<\/a><\/p>","protected":false},"excerpt":{"rendered":"<p><b data-path-to-node=\"4,6,4,0\" data-index-in-node=\"0\">Duet Artisanal Garden.<\/b> Wyrafinowane po\u0142\u0105czenie ostrych malin i ziemistego rabarbaru. Zaprojektowany dla vaper\u00f3w poszukuj\u0105cych czystego, rzemie\u015blniczego puffa 18k jnr bez nadmiernej s\u0142odyczy.<\/p>","protected":false},"featured_media":50826,"comment_status":"open","ping_status":"closed","template":"","meta":{"_acf_changed":false},"product_brand":[],"product_cat":[134,59],"product_tag":[],"class_list":{"0":"post-50356","1":"product","2":"type-product","3":"status-publish","4":"has-post-thumbnail","6":"product_cat-eu-warehouse-in-stock","7":"product_cat-jnr-falcon-x-18000-puff-vape","9":"first","10":"instock","11":"shipping-taxable","12":"purchasable","13":"product-type-variable"},"acf":[],"yoast_head":"<!-- This site is optimized with the Yoast SEO Premium plugin v26.1 (Yoast SEO v27.5) - https:\/\/yoast.com\/product\/yoast-seo-premium-wordpress\/ -->\n<title>Raspberry Rhubarb JNR Falcon-X 18000 | 18K JNR Puff - vozolvapen<\/title>\n<meta name=\"description\" content=\"Discover Raspberry Rhubarb JNR Falcon-X 18000. 18k puffs of zesty raspberry and tart rhubarb. 24ml liquid, digital screen, and 960mAh rechargeable battery.\" \/>\n<meta name=\"robots\" content=\"index, follow, max-snippet:-1, max-image-preview:large, max-video-preview:-1\" \/>\n<link rel=\"canonical\" href=\"https:\/\/vozolvapen.de\/pl\/product\/jnr-falcon-x-18000-puff-vape-raspberry-rhubarb\/\" \/>\n<meta property=\"og:locale\" content=\"pl_PL\" \/>\n<meta property=\"og:type\" content=\"article\" \/>\n<meta property=\"og:title\" content=\"JNR Falcon-X 18000 Puff Vape - Raspberry rhubarb\" \/>\n<meta property=\"og:description\" content=\"Discover Raspberry Rhubarb JNR Falcon-X 18000. 18k puffs of zesty raspberry and tart rhubarb. 24ml liquid, digital screen, and 960mAh rechargeable battery.\" \/>\n<meta property=\"og:url\" content=\"https:\/\/vozolvapen.de\/pl\/product\/jnr-falcon-x-18000-puff-vape-raspberry-rhubarb\/\" \/>\n<meta property=\"og:site_name\" content=\"vozolvapen\" \/>\n<meta property=\"article:modified_time\" content=\"2026-02-10T10:55:05+00:00\" \/>\n<meta property=\"og:image\" content=\"https:\/\/vozolvapen.de\/wp-content\/uploads\/2026\/01\/JNR-Falcon-X-18000-Raspberry-Rhubarb.webp\" \/>\n\t<meta property=\"og:image:width\" content=\"1200\" \/>\n\t<meta property=\"og:image:height\" content=\"1200\" \/>\n\t<meta property=\"og:image:type\" content=\"image\/webp\" \/>\n<meta name=\"twitter:card\" content=\"summary_large_image\" \/>\n<meta name=\"twitter:label1\" content=\"Szacowany czas czytania\" \/>\n\t<meta name=\"twitter:data1\" content=\"2 minuty\" \/>\n<script type=\"application\/ld+json\" class=\"yoast-schema-graph\">{\"@context\":\"https:\\\/\\\/schema.org\",\"@graph\":[{\"@type\":\"WebPage\",\"@id\":\"https:\\\/\\\/vozolvapen.de\\\/product\\\/jnr-falcon-x-18000-puff-vape-raspberry-rhubarb\\\/\",\"url\":\"https:\\\/\\\/vozolvapen.de\\\/product\\\/jnr-falcon-x-18000-puff-vape-raspberry-rhubarb\\\/\",\"name\":\"Raspberry Rhubarb JNR Falcon-X 18000 | 18K JNR Puff - vozolvapen\",\"isPartOf\":{\"@id\":\"https:\\\/\\\/vozolvapen.de\\\/#website\"},\"primaryImageOfPage\":{\"@id\":\"https:\\\/\\\/vozolvapen.de\\\/product\\\/jnr-falcon-x-18000-puff-vape-raspberry-rhubarb\\\/#primaryimage\"},\"image\":{\"@id\":\"https:\\\/\\\/vozolvapen.de\\\/product\\\/jnr-falcon-x-18000-puff-vape-raspberry-rhubarb\\\/#primaryimage\"},\"thumbnailUrl\":\"https:\\\/\\\/vozolvapen.de\\\/wp-content\\\/uploads\\\/2026\\\/01\\\/JNR-Falcon-X-18000-Raspberry-Rhubarb.webp\",\"datePublished\":\"2026-01-03T08:18:56+00:00\",\"dateModified\":\"2026-02-10T10:55:05+00:00\",\"description\":\"Discover Raspberry Rhubarb JNR Falcon-X 18000. 18k puffs of zesty raspberry and tart rhubarb. 24ml liquid, digital screen, and 960mAh rechargeable battery.\",\"breadcrumb\":{\"@id\":\"https:\\\/\\\/vozolvapen.de\\\/product\\\/jnr-falcon-x-18000-puff-vape-raspberry-rhubarb\\\/#breadcrumb\"},\"inLanguage\":\"pl-PL\",\"potentialAction\":[{\"@type\":\"ReadAction\",\"target\":[\"https:\\\/\\\/vozolvapen.de\\\/product\\\/jnr-falcon-x-18000-puff-vape-raspberry-rhubarb\\\/\"]}]},{\"@type\":\"ImageObject\",\"inLanguage\":\"pl-PL\",\"@id\":\"https:\\\/\\\/vozolvapen.de\\\/product\\\/jnr-falcon-x-18000-puff-vape-raspberry-rhubarb\\\/#primaryimage\",\"url\":\"https:\\\/\\\/vozolvapen.de\\\/wp-content\\\/uploads\\\/2026\\\/01\\\/JNR-Falcon-X-18000-Raspberry-Rhubarb.webp\",\"contentUrl\":\"https:\\\/\\\/vozolvapen.de\\\/wp-content\\\/uploads\\\/2026\\\/01\\\/JNR-Falcon-X-18000-Raspberry-Rhubarb.webp\",\"width\":1200,\"height\":1200,\"caption\":\"JNR Falcon X 18000 - Raspberry Rhubarb\"},{\"@type\":\"BreadcrumbList\",\"@id\":\"https:\\\/\\\/vozolvapen.de\\\/product\\\/jnr-falcon-x-18000-puff-vape-raspberry-rhubarb\\\/#breadcrumb\",\"itemListElement\":[{\"@type\":\"ListItem\",\"position\":1,\"name\":\"Home\",\"item\":\"https:\\\/\\\/vozolvapen.de\\\/de\\\/\"},{\"@type\":\"ListItem\",\"position\":2,\"name\":\"Shop\",\"item\":\"https:\\\/\\\/vozolvapen.de\\\/shop\\\/\"},{\"@type\":\"ListItem\",\"position\":3,\"name\":\"JNR Falcon-X 18000 Puff Vape &#8211; Raspberry rhubarb\"}]},{\"@type\":\"WebSite\",\"@id\":\"https:\\\/\\\/vozolvapen.de\\\/#website\",\"url\":\"https:\\\/\\\/vozolvapen.de\\\/\",\"name\":\"vozolvapen\",\"description\":\"vozolvapen\",\"publisher\":{\"@id\":\"https:\\\/\\\/vozolvapen.de\\\/#organization\"},\"potentialAction\":[{\"@type\":\"SearchAction\",\"target\":{\"@type\":\"EntryPoint\",\"urlTemplate\":\"https:\\\/\\\/vozolvapen.de\\\/?s={search_term_string}\"},\"query-input\":{\"@type\":\"PropertyValueSpecification\",\"valueRequired\":true,\"valueName\":\"search_term_string\"}}],\"inLanguage\":\"pl-PL\"},{\"@type\":\"Organization\",\"@id\":\"https:\\\/\\\/vozolvapen.de\\\/#organization\",\"name\":\"vozolvapen\",\"url\":\"https:\\\/\\\/vozolvapen.de\\\/\",\"logo\":{\"@type\":\"ImageObject\",\"inLanguage\":\"pl-PL\",\"@id\":\"https:\\\/\\\/vozolvapen.de\\\/#\\\/schema\\\/logo\\\/image\\\/\",\"url\":\"https:\\\/\\\/vozolvapen.de\\\/wp-content\\\/uploads\\\/2025\\\/12\\\/cropped-vozovapen-logo.webp\",\"contentUrl\":\"https:\\\/\\\/vozolvapen.de\\\/wp-content\\\/uploads\\\/2025\\\/12\\\/cropped-vozovapen-logo.webp\",\"width\":470,\"height\":110,\"caption\":\"vozolvapen\"},\"image\":{\"@id\":\"https:\\\/\\\/vozolvapen.de\\\/#\\\/schema\\\/logo\\\/image\\\/\"}}]}<\/script>\n<!-- \/ Yoast SEO Premium plugin. -->","yoast_head_json":{"title":"Raspberry Rhubarb JNR Falcon-X 18000 | 18K JNR Puff - vozolvapen","description":"Odkryj Raspberry Rhubarb JNR Falcon-X 18000. 18 tys. zaci\u0105gni\u0119\u0107 smakiem malin i cierpkiego rabarbaru. 24 ml p\u0142ynu, cyfrowy ekran i akumulator 960 mAh.","robots":{"index":"index","follow":"follow","max-snippet":"max-snippet:-1","max-image-preview":"max-image-preview:large","max-video-preview":"max-video-preview:-1"},"canonical":"https:\/\/vozolvapen.de\/pl\/product\/jnr-falcon-x-18000-puff-vape-raspberry-rhubarb\/","og_locale":"pl_PL","og_type":"article","og_title":"JNR Falcon-X 18000 Puff Vape - Raspberry rhubarb","og_description":"Discover Raspberry Rhubarb JNR Falcon-X 18000. 18k puffs of zesty raspberry and tart rhubarb. 24ml liquid, digital screen, and 960mAh rechargeable battery.","og_url":"https:\/\/vozolvapen.de\/pl\/product\/jnr-falcon-x-18000-puff-vape-raspberry-rhubarb\/","og_site_name":"vozolvapen","article_modified_time":"2026-02-10T10:55:05+00:00","og_image":[{"width":1200,"height":1200,"url":"https:\/\/vozolvapen.de\/wp-content\/uploads\/2026\/01\/JNR-Falcon-X-18000-Raspberry-Rhubarb.webp","type":"image\/webp"}],"twitter_card":"summary_large_image","twitter_misc":{"Szacowany czas czytania":"2 minuty"},"schema":{"@context":"https:\/\/schema.org","@graph":[{"@type":"WebPage","@id":"https:\/\/vozolvapen.de\/product\/jnr-falcon-x-18000-puff-vape-raspberry-rhubarb\/","url":"https:\/\/vozolvapen.de\/product\/jnr-falcon-x-18000-puff-vape-raspberry-rhubarb\/","name":"Raspberry Rhubarb JNR Falcon-X 18000 | 18K JNR Puff - vozolvapen","isPartOf":{"@id":"https:\/\/vozolvapen.de\/#website"},"primaryImageOfPage":{"@id":"https:\/\/vozolvapen.de\/product\/jnr-falcon-x-18000-puff-vape-raspberry-rhubarb\/#primaryimage"},"image":{"@id":"https:\/\/vozolvapen.de\/product\/jnr-falcon-x-18000-puff-vape-raspberry-rhubarb\/#primaryimage"},"thumbnailUrl":"https:\/\/vozolvapen.de\/wp-content\/uploads\/2026\/01\/JNR-Falcon-X-18000-Raspberry-Rhubarb.webp","datePublished":"2026-01-03T08:18:56+00:00","dateModified":"2026-02-10T10:55:05+00:00","description":"Odkryj Raspberry Rhubarb JNR Falcon-X 18000. 18 tys. zaci\u0105gni\u0119\u0107 smakiem malin i cierpkiego rabarbaru. 24 ml p\u0142ynu, cyfrowy ekran i akumulator 960 mAh.","breadcrumb":{"@id":"https:\/\/vozolvapen.de\/product\/jnr-falcon-x-18000-puff-vape-raspberry-rhubarb\/#breadcrumb"},"inLanguage":"pl-PL","potentialAction":[{"@type":"ReadAction","target":["https:\/\/vozolvapen.de\/product\/jnr-falcon-x-18000-puff-vape-raspberry-rhubarb\/"]}]},{"@type":"ImageObject","inLanguage":"pl-PL","@id":"https:\/\/vozolvapen.de\/product\/jnr-falcon-x-18000-puff-vape-raspberry-rhubarb\/#primaryimage","url":"https:\/\/vozolvapen.de\/wp-content\/uploads\/2026\/01\/JNR-Falcon-X-18000-Raspberry-Rhubarb.webp","contentUrl":"https:\/\/vozolvapen.de\/wp-content\/uploads\/2026\/01\/JNR-Falcon-X-18000-Raspberry-Rhubarb.webp","width":1200,"height":1200,"caption":"JNR Falcon X 18000 - Raspberry Rhubarb"},{"@type":"BreadcrumbList","@id":"https:\/\/vozolvapen.de\/product\/jnr-falcon-x-18000-puff-vape-raspberry-rhubarb\/#breadcrumb","itemListElement":[{"@type":"ListItem","position":1,"name":"Home","item":"https:\/\/vozolvapen.de\/de\/"},{"@type":"ListItem","position":2,"name":"Shop","item":"https:\/\/vozolvapen.de\/shop\/"},{"@type":"ListItem","position":3,"name":"JNR Falcon-X 18000 Puff Vape &#8211; Raspberry rhubarb"}]},{"@type":"WebSite","@id":"https:\/\/vozolvapen.de\/#website","url":"https:\/\/vozolvapen.de\/","name":"vozolvapen","description":"vozolvapen","publisher":{"@id":"https:\/\/vozolvapen.de\/#organization"},"potentialAction":[{"@type":"SearchAction","target":{"@type":"EntryPoint","urlTemplate":"https:\/\/vozolvapen.de\/?s={search_term_string}"},"query-input":{"@type":"PropertyValueSpecification","valueRequired":true,"valueName":"search_term_string"}}],"inLanguage":"pl-PL"},{"@type":"Organization","@id":"https:\/\/vozolvapen.de\/#organization","name":"vozolvapen","url":"https:\/\/vozolvapen.de\/","logo":{"@type":"ImageObject","inLanguage":"pl-PL","@id":"https:\/\/vozolvapen.de\/#\/schema\/logo\/image\/","url":"https:\/\/vozolvapen.de\/wp-content\/uploads\/2025\/12\/cropped-vozovapen-logo.webp","contentUrl":"https:\/\/vozolvapen.de\/wp-content\/uploads\/2025\/12\/cropped-vozovapen-logo.webp","width":470,"height":110,"caption":"vozolvapen"},"image":{"@id":"https:\/\/vozolvapen.de\/#\/schema\/logo\/image\/"}}]}},"tiered_pricing_type":"fixed","tiered_pricing_fixed_rules":{"30":"13.86","50":"10.86","100":"9.86","200":"8.86"},"tiered_pricing_product_settings":{"layout":"default","base_unit_name":{"singular":null,"plural":null},"default_variation":{}},"tiered_pricing_minimum_quantity":10,"tiered_pricing_roles_data":[],"tiered_pricing_percentage_rules":[],"tiered_pricing_maximum_quantity":null,"tiered_pricing_quantity_step":"10","_links":{"self":[{"href":"http:\/\/vozolvapen.de\/pl\/wp-json\/wp\/v2\/product\/50356","targetHints":{"allow":["GET"]}}],"collection":[{"href":"http:\/\/vozolvapen.de\/pl\/wp-json\/wp\/v2\/product"}],"about":[{"href":"http:\/\/vozolvapen.de\/pl\/wp-json\/wp\/v2\/types\/product"}],"replies":[{"embeddable":true,"href":"http:\/\/vozolvapen.de\/pl\/wp-json\/wp\/v2\/comments?post=50356"}],"wp:featuredmedia":[{"embeddable":true,"href":"http:\/\/vozolvapen.de\/pl\/wp-json\/wp\/v2\/media\/50826"}],"wp:attachment":[{"href":"http:\/\/vozolvapen.de\/pl\/wp-json\/wp\/v2\/media?parent=50356"}],"wp:term":[{"taxonomy":"product_brand","embeddable":true,"href":"http:\/\/vozolvapen.de\/pl\/wp-json\/wp\/v2\/product_brand?post=50356"},{"taxonomy":"product_cat","embeddable":true,"href":"http:\/\/vozolvapen.de\/pl\/wp-json\/wp\/v2\/product_cat?post=50356"},{"taxonomy":"product_tag","embeddable":true,"href":"http:\/\/vozolvapen.de\/pl\/wp-json\/wp\/v2\/product_tag?post=50356"}],"curies":[{"name":"wp","href":"https:\/\/api.w.org\/{rel}","templated":true}]}}