{"id":50542,"date":"2026-01-03T08:19:04","date_gmt":"2026-01-03T08:19:04","guid":{"rendered":"https:\/\/vozolvapen.de\/?post_type=product&#038;p=50542"},"modified":"2026-02-10T10:55:00","modified_gmt":"2026-02-10T10:55:00","slug":"jnr-falcon-x-18000-puff-vape-blue-cherry-explosion","status":"publish","type":"product","link":"http:\/\/vozolvapen.de\/pl\/product\/jnr-falcon-x-18000-puff-vape-blue-cherry-explosion\/","title":{"rendered":"JNR Falcon-X 18000 Puff Vape - eksplozja niebieskiej wi\u015bni"},"content":{"rendered":"<h1 data-path-to-node=\"22\"><b data-path-to-node=\"22\" data-index-in-node=\"0\">JNR Falcon-X 18000 Puffs - Blue Cherry Explosion<\/b><\/h1>\n<p data-path-to-node=\"24\"><b data-path-to-node=\"24\" data-index-in-node=\"0\"><\/b> Blue Cherry Explosion to g\u0142o\u015bny, odwa\u017cny i mocny smak zaprojektowany z my\u015bl\u0105 o maksymalnym uderzeniu. \u0141\u0105czy w sobie elektryczne, cukierkowe nuty Blue Raspberry z g\u0142\u0119bok\u0105, soczyst\u0105 esencj\u0105 dojrza\u0142ych w s\u0142o\u0144cu wi\u015bni. Jest to wysokoenergetyczny <b data-path-to-node=\"24\" data-index-in-node=\"251\">18k jnr<\/b> Smak, kt\u00f3ry zapewnia ogromn\u0105 \u201ceksplozj\u0119\u201d intensywno\u015bci owoc\u00f3w przy ka\u017cdym wdechu.<\/p>\n<h2 data-path-to-node=\"25\"><b data-path-to-node=\"25\" data-index-in-node=\"0\">Niezr\u00f3wnana wydajno\u015b\u0107 JNR Falcon-X<\/b><\/h2>\n<ul data-path-to-node=\"26\">\n<li>\n<p data-path-to-node=\"26,0,0\"><b data-path-to-node=\"26,0,0\" data-index-in-node=\"0\">Chmury Sub-Ohm:<\/b> Dwurdzeniowy system i <b data-path-to-node=\"26,0,0\" data-index-in-node=\"41\">Rezystancja 0,6\u03a9<\/b> pozwalaj\u0105 na produkcj\u0119 chmury, kt\u00f3ra konkuruje z tradycyjnymi modami vape.<\/p>\n<\/li>\n<li>\n<p data-path-to-node=\"26,1,0\"><b data-path-to-node=\"26,1,0\" data-index-in-node=\"0\">Sta\u0142e dostarczanie nikotyny:<\/b> Dost\u0119pne w wersjach 2% i 5% <b data-path-to-node=\"26,1,0\" data-index-in-node=\"53\">nikotyna jnr 18k<\/b> mocne strony, zapewniaj\u0105c g\u0142adkie i satysfakcjonuj\u0105ce uderzenie w gard\u0142o.<\/p>\n<\/li>\n<li>\n<p data-path-to-node=\"26,2,0\"><b data-path-to-node=\"26,2,0\" data-index-in-node=\"0\">EU Stock:<\/b> Dost\u0119pne do natychmiastowej wysy\u0142ki z naszego <b data-path-to-node=\"26,2,0\" data-index-in-node=\"52\">Magazyn europejski<\/b>, docieraj\u0105c do Twoich drzwi w ci\u0105gu zaledwie 1-3 dni roboczych.<\/p>\n<\/li>\n<\/ul>\n<h2 data-path-to-node=\"27\"><b data-path-to-node=\"27\" data-index-in-node=\"0\">Przewodnik po smakach<\/b><\/h2>\n<p data-path-to-node=\"28\"><b data-path-to-node=\"28\" data-index-in-node=\"0\">The Bold Sweet Tooth:<\/b> Vaperzy, kt\u00f3rzy lubi\u0105 intensywne owocowe \u201ceksplozje\u201d i pragn\u0105 profilu smakowego o wysokim nasyceniu, kt\u00f3ry pozostaje silny przez 18 000 zaci\u0105gni\u0119\u0107.<\/p>\n<h2 data-path-to-node=\"24\"><b data-path-to-node=\"24\" data-index-in-node=\"0\">Blue Cherry Explosion - specyfikacja techniczna<\/b><\/h2>\n<table data-path-to-node=\"25\">\n<thead>\n<tr>\n<td><strong>Cecha<\/strong><\/td>\n<td><strong>Szczeg\u00f3\u0142y<\/strong><\/td>\n<td><strong>Indeks do\u015bwiadcze\u0144 zwi\u0105zanych z wapowaniem<\/strong><\/td>\n<\/tr>\n<\/thead>\n<tbody>\n<tr>\n<td><span data-path-to-node=\"25,1,0,0\"><b data-path-to-node=\"25,1,0,0\" data-index-in-node=\"0\">Model<\/b><\/span><\/td>\n<td><span data-path-to-node=\"25,1,1,0\">JNR Falcon-X 18000<\/span><\/td>\n<td><span data-path-to-node=\"25,1,2,0\"><b data-path-to-node=\"25,1,2,0\" data-index-in-node=\"0\">Poziom ch\u0142odzenia:<\/b> \u2744\ufe0f\u2744\ufe0f<\/span><\/td>\n<\/tr>\n<tr>\n<td><span data-path-to-node=\"25,2,0,0\"><b data-path-to-node=\"25,2,0,0\" data-index-in-node=\"0\">Typ cewki<\/b><\/span><\/td>\n<td><span data-path-to-node=\"25,2,1,0\">Cewka Dual Mesh 0,6\u03a9<\/span><\/td>\n<td><span data-path-to-node=\"25,2,2,0\"><b data-path-to-node=\"25,2,2,0\" data-index-in-node=\"0\">S\u0142odycz:<\/b> \ud83c\udf6c\ud83c\udf6c\ud83c\udf6c\ud83c\udf6c\ud83c\udf6c<\/span><\/td>\n<\/tr>\n<tr>\n<td><span data-path-to-node=\"25,3,0,0\"><b data-path-to-node=\"25,3,0,0\" data-index-in-node=\"0\">P\u0142yn\/py\u0142ki<\/b><\/span><\/td>\n<td><span data-path-to-node=\"25,3,1,0\">24ML \/ 18 000 zaci\u0105gni\u0119\u0107<\/span><\/td>\n<td><span data-path-to-node=\"25,3,2,0\"><b data-path-to-node=\"25,3,2,0\" data-index-in-node=\"0\">Punch Factor:<\/b> \ud83e\udd4a\ud83e\udd4a\ud83e\udd4a\ud83e\udd4a\ud83e\udd4a<\/span><\/td>\n<\/tr>\n<tr>\n<td><span data-path-to-node=\"25,4,0,0\"><b data-path-to-node=\"25,4,0,0\" data-index-in-node=\"0\">Funkcja specjalna<\/b><\/span><\/td>\n<td><span data-path-to-node=\"25,4,1,0\">Digital Juice Tracker<\/span><\/td>\n<td><span data-path-to-node=\"25,4,2,0\"><b data-path-to-node=\"25,4,2,0\" data-index-in-node=\"0\">Najlepszy przep\u0142yw powietrza:<\/b> Szeroki (maksymalny cukier)<\/span><\/td>\n<\/tr>\n<\/tbody>\n<\/table>\n<h2><strong>JNR Falcon-X 18000 <\/strong><strong>Wideo\uff1a<\/strong><\/h2>\n<p><iframe title=\"JNR Falcon X 18000 Puff Vape\" src=\"https:\/\/player.vimeo.com\/video\/1151536729?badge=0&amp;autopause=0&amp;player_id=0&amp;app_id=58479\" width=\"400\" height=\"711\" frameborder=\"0\"><\/iframe><\/p>\n<h3 data-path-to-node=\"63\"><b data-path-to-node=\"63\" data-index-in-node=\"0\">Dowiedz si\u0119 wi\u0119cej od JNR<\/b><\/h3>\n<p data-path-to-node=\"64\">Gotowy na ulepszenie swojej gry vaping? Zapoznaj si\u0119 z pe\u0142n\u0105 ofert\u0105 <b data-path-to-node=\"64\" data-index-in-node=\"52\">JNR Falcon-X 18000<\/b> do\u015bwiadczenie.<\/p>\n<p dir=\"auto\"><a href=\"https:\/\/vozolvapen.de\/pl\/product-category\/jnr-vape\/jnr-falcon-x-18000-puff-vape\/\" target=\"_blank\" rel=\"noopener noreferrer nofollow\">Zobacz wszystkie odmiany tutaj \u2192<\/a><\/p>\n<p data-path-to-node=\"66\">Jako wiod\u0105cy <b data-path-to-node=\"66\" data-index-in-node=\"13\">puff jnr 18k grossiste<\/b>, Oferujemy najlepsze oferty hurtowe i najszybsz\u0105 wysy\u0142k\u0119.<\/p>\n<p dir=\"auto\"><a href=\"https:\/\/vozolvapen.de\/pl\/\" target=\"_blank\" rel=\"noopener noreferrer nofollow\">Przegl\u0105daj teraz wszystkie marki \u2192<\/a><\/p>\n<p data-path-to-node=\"68\">Nie przegap najnowszych informacji <b data-path-to-node=\"68\" data-index-in-node=\"29\">nikotyna jnr 18k<\/b> opcje!<\/p>\n<p dir=\"auto\"><a href=\"https:\/\/vozolvapen.de\/pl\/product-category\/jnr-vape\/\" target=\"_blank\" rel=\"noopener noreferrer nofollow\">Zobacz pe\u0142n\u0105 kolekcj\u0119 JNR Vape \u2192<\/a><\/p>","protected":false},"excerpt":{"rendered":"<p><b data-path-to-node=\"4,8,4,0\" data-index-in-node=\"0\">Zderzenie o wysokiej intensywno\u015bci.<\/b> Elektryczna mieszanka niebieskiej maliny i soczystej ciemnej wi\u015bni. Ten puff 18k jnr jest zoptymalizowany dla waper\u00f3w, kt\u00f3rzy wymagaj\u0105 odwa\u017cnych, mocno nasyconych nut owocowych.<\/p>","protected":false},"featured_media":50828,"comment_status":"open","ping_status":"closed","template":"","meta":{"_acf_changed":false},"product_brand":[],"product_cat":[134,59],"product_tag":[],"class_list":{"0":"post-50542","1":"product","2":"type-product","3":"status-publish","4":"has-post-thumbnail","6":"product_cat-eu-warehouse-in-stock","7":"product_cat-jnr-falcon-x-18000-puff-vape","9":"first","10":"instock","11":"shipping-taxable","12":"purchasable","13":"product-type-variable"},"acf":[],"yoast_head":"<!-- This site is optimized with the Yoast SEO Premium plugin v26.1 (Yoast SEO v27.5) - https:\/\/yoast.com\/product\/yoast-seo-premium-wordpress\/ -->\n<title>Blue Cherry Explosion JNR Falcon-X 18k | JNR 18k - vozolvapen<\/title>\n<meta name=\"description\" content=\"Shop Blue Cherry Explosion JNR Falcon-X 18000. 18k puffs of blue razz and juicy cherry. Dual core tech for maximum flavor. Order from our EU warehouse today!\" \/>\n<meta name=\"robots\" content=\"index, follow, max-snippet:-1, max-image-preview:large, max-video-preview:-1\" \/>\n<link rel=\"canonical\" href=\"https:\/\/vozolvapen.de\/pl\/product\/jnr-falcon-x-18000-puff-vape-blue-cherry-explosion\/\" \/>\n<meta property=\"og:locale\" content=\"pl_PL\" \/>\n<meta property=\"og:type\" content=\"article\" \/>\n<meta property=\"og:title\" content=\"JNR Falcon-X 18000 Puff Vape - Blue cherry explosion\" \/>\n<meta property=\"og:description\" content=\"Shop Blue Cherry Explosion JNR Falcon-X 18000. 18k puffs of blue razz and juicy cherry. Dual core tech for maximum flavor. Order from our EU warehouse today!\" \/>\n<meta property=\"og:url\" content=\"https:\/\/vozolvapen.de\/pl\/product\/jnr-falcon-x-18000-puff-vape-blue-cherry-explosion\/\" \/>\n<meta property=\"og:site_name\" content=\"vozolvapen\" \/>\n<meta property=\"article:modified_time\" content=\"2026-02-10T10:55:00+00:00\" \/>\n<meta property=\"og:image\" content=\"https:\/\/vozolvapen.de\/wp-content\/uploads\/2026\/01\/JNR-Falcon-X-18000-Blue-Cherry-Explosion.webp\" \/>\n\t<meta property=\"og:image:width\" content=\"1200\" \/>\n\t<meta property=\"og:image:height\" content=\"1200\" \/>\n\t<meta property=\"og:image:type\" content=\"image\/webp\" \/>\n<meta name=\"twitter:card\" content=\"summary_large_image\" \/>\n<meta name=\"twitter:label1\" content=\"Szacowany czas czytania\" \/>\n\t<meta name=\"twitter:data1\" content=\"2 minuty\" \/>\n<script type=\"application\/ld+json\" class=\"yoast-schema-graph\">{\"@context\":\"https:\\\/\\\/schema.org\",\"@graph\":[{\"@type\":\"WebPage\",\"@id\":\"https:\\\/\\\/vozolvapen.de\\\/product\\\/jnr-falcon-x-18000-puff-vape-blue-cherry-explosion\\\/\",\"url\":\"https:\\\/\\\/vozolvapen.de\\\/product\\\/jnr-falcon-x-18000-puff-vape-blue-cherry-explosion\\\/\",\"name\":\"Blue Cherry Explosion JNR Falcon-X 18k | JNR 18k - vozolvapen\",\"isPartOf\":{\"@id\":\"https:\\\/\\\/vozolvapen.de\\\/#website\"},\"primaryImageOfPage\":{\"@id\":\"https:\\\/\\\/vozolvapen.de\\\/product\\\/jnr-falcon-x-18000-puff-vape-blue-cherry-explosion\\\/#primaryimage\"},\"image\":{\"@id\":\"https:\\\/\\\/vozolvapen.de\\\/product\\\/jnr-falcon-x-18000-puff-vape-blue-cherry-explosion\\\/#primaryimage\"},\"thumbnailUrl\":\"https:\\\/\\\/vozolvapen.de\\\/wp-content\\\/uploads\\\/2026\\\/01\\\/JNR-Falcon-X-18000-Blue-Cherry-Explosion.webp\",\"datePublished\":\"2026-01-03T08:19:04+00:00\",\"dateModified\":\"2026-02-10T10:55:00+00:00\",\"description\":\"Shop Blue Cherry Explosion JNR Falcon-X 18000. 18k puffs of blue razz and juicy cherry. Dual core tech for maximum flavor. Order from our EU warehouse today!\",\"breadcrumb\":{\"@id\":\"https:\\\/\\\/vozolvapen.de\\\/product\\\/jnr-falcon-x-18000-puff-vape-blue-cherry-explosion\\\/#breadcrumb\"},\"inLanguage\":\"pl-PL\",\"potentialAction\":[{\"@type\":\"ReadAction\",\"target\":[\"https:\\\/\\\/vozolvapen.de\\\/product\\\/jnr-falcon-x-18000-puff-vape-blue-cherry-explosion\\\/\"]}]},{\"@type\":\"ImageObject\",\"inLanguage\":\"pl-PL\",\"@id\":\"https:\\\/\\\/vozolvapen.de\\\/product\\\/jnr-falcon-x-18000-puff-vape-blue-cherry-explosion\\\/#primaryimage\",\"url\":\"https:\\\/\\\/vozolvapen.de\\\/wp-content\\\/uploads\\\/2026\\\/01\\\/JNR-Falcon-X-18000-Blue-Cherry-Explosion.webp\",\"contentUrl\":\"https:\\\/\\\/vozolvapen.de\\\/wp-content\\\/uploads\\\/2026\\\/01\\\/JNR-Falcon-X-18000-Blue-Cherry-Explosion.webp\",\"width\":1200,\"height\":1200,\"caption\":\"JNR Falcon X 18000 Blue Cherry Explosion\"},{\"@type\":\"BreadcrumbList\",\"@id\":\"https:\\\/\\\/vozolvapen.de\\\/product\\\/jnr-falcon-x-18000-puff-vape-blue-cherry-explosion\\\/#breadcrumb\",\"itemListElement\":[{\"@type\":\"ListItem\",\"position\":1,\"name\":\"Home\",\"item\":\"https:\\\/\\\/vozolvapen.de\\\/de\\\/\"},{\"@type\":\"ListItem\",\"position\":2,\"name\":\"Shop\",\"item\":\"https:\\\/\\\/vozolvapen.de\\\/shop\\\/\"},{\"@type\":\"ListItem\",\"position\":3,\"name\":\"JNR Falcon-X 18000 Puff Vape &#8211; Blue cherry explosion\"}]},{\"@type\":\"WebSite\",\"@id\":\"https:\\\/\\\/vozolvapen.de\\\/#website\",\"url\":\"https:\\\/\\\/vozolvapen.de\\\/\",\"name\":\"vozolvapen\",\"description\":\"vozolvapen\",\"publisher\":{\"@id\":\"https:\\\/\\\/vozolvapen.de\\\/#organization\"},\"potentialAction\":[{\"@type\":\"SearchAction\",\"target\":{\"@type\":\"EntryPoint\",\"urlTemplate\":\"https:\\\/\\\/vozolvapen.de\\\/?s={search_term_string}\"},\"query-input\":{\"@type\":\"PropertyValueSpecification\",\"valueRequired\":true,\"valueName\":\"search_term_string\"}}],\"inLanguage\":\"pl-PL\"},{\"@type\":\"Organization\",\"@id\":\"https:\\\/\\\/vozolvapen.de\\\/#organization\",\"name\":\"vozolvapen\",\"url\":\"https:\\\/\\\/vozolvapen.de\\\/\",\"logo\":{\"@type\":\"ImageObject\",\"inLanguage\":\"pl-PL\",\"@id\":\"https:\\\/\\\/vozolvapen.de\\\/#\\\/schema\\\/logo\\\/image\\\/\",\"url\":\"https:\\\/\\\/vozolvapen.de\\\/wp-content\\\/uploads\\\/2025\\\/12\\\/cropped-vozovapen-logo.webp\",\"contentUrl\":\"https:\\\/\\\/vozolvapen.de\\\/wp-content\\\/uploads\\\/2025\\\/12\\\/cropped-vozovapen-logo.webp\",\"width\":470,\"height\":110,\"caption\":\"vozolvapen\"},\"image\":{\"@id\":\"https:\\\/\\\/vozolvapen.de\\\/#\\\/schema\\\/logo\\\/image\\\/\"}}]}<\/script>\n<!-- \/ Yoast SEO Premium plugin. -->","yoast_head_json":{"title":"Blue Cherry Explosion JNR Falcon-X 18k | JNR 18k - vozolvapen","description":"Sklep Blue Cherry Explosion JNR Falcon-X 18000. 18 tys. zaci\u0105gni\u0119\u0107 niebieskim dymem i soczyst\u0105 wi\u015bni\u0105. Dwurdzeniowa technologia dla maksymalnego smaku. Zam\u00f3w z naszego magazynu w UE ju\u017c dzi\u015b!","robots":{"index":"index","follow":"follow","max-snippet":"max-snippet:-1","max-image-preview":"max-image-preview:large","max-video-preview":"max-video-preview:-1"},"canonical":"https:\/\/vozolvapen.de\/pl\/product\/jnr-falcon-x-18000-puff-vape-blue-cherry-explosion\/","og_locale":"pl_PL","og_type":"article","og_title":"JNR Falcon-X 18000 Puff Vape - Blue cherry explosion","og_description":"Shop Blue Cherry Explosion JNR Falcon-X 18000. 18k puffs of blue razz and juicy cherry. Dual core tech for maximum flavor. Order from our EU warehouse today!","og_url":"https:\/\/vozolvapen.de\/pl\/product\/jnr-falcon-x-18000-puff-vape-blue-cherry-explosion\/","og_site_name":"vozolvapen","article_modified_time":"2026-02-10T10:55:00+00:00","og_image":[{"width":1200,"height":1200,"url":"https:\/\/vozolvapen.de\/wp-content\/uploads\/2026\/01\/JNR-Falcon-X-18000-Blue-Cherry-Explosion.webp","type":"image\/webp"}],"twitter_card":"summary_large_image","twitter_misc":{"Szacowany czas czytania":"2 minuty"},"schema":{"@context":"https:\/\/schema.org","@graph":[{"@type":"WebPage","@id":"https:\/\/vozolvapen.de\/product\/jnr-falcon-x-18000-puff-vape-blue-cherry-explosion\/","url":"https:\/\/vozolvapen.de\/product\/jnr-falcon-x-18000-puff-vape-blue-cherry-explosion\/","name":"Blue Cherry Explosion JNR Falcon-X 18k | JNR 18k - vozolvapen","isPartOf":{"@id":"https:\/\/vozolvapen.de\/#website"},"primaryImageOfPage":{"@id":"https:\/\/vozolvapen.de\/product\/jnr-falcon-x-18000-puff-vape-blue-cherry-explosion\/#primaryimage"},"image":{"@id":"https:\/\/vozolvapen.de\/product\/jnr-falcon-x-18000-puff-vape-blue-cherry-explosion\/#primaryimage"},"thumbnailUrl":"https:\/\/vozolvapen.de\/wp-content\/uploads\/2026\/01\/JNR-Falcon-X-18000-Blue-Cherry-Explosion.webp","datePublished":"2026-01-03T08:19:04+00:00","dateModified":"2026-02-10T10:55:00+00:00","description":"Sklep Blue Cherry Explosion JNR Falcon-X 18000. 18 tys. zaci\u0105gni\u0119\u0107 niebieskim dymem i soczyst\u0105 wi\u015bni\u0105. Dwurdzeniowa technologia dla maksymalnego smaku. Zam\u00f3w z naszego magazynu w UE ju\u017c dzi\u015b!","breadcrumb":{"@id":"https:\/\/vozolvapen.de\/product\/jnr-falcon-x-18000-puff-vape-blue-cherry-explosion\/#breadcrumb"},"inLanguage":"pl-PL","potentialAction":[{"@type":"ReadAction","target":["https:\/\/vozolvapen.de\/product\/jnr-falcon-x-18000-puff-vape-blue-cherry-explosion\/"]}]},{"@type":"ImageObject","inLanguage":"pl-PL","@id":"https:\/\/vozolvapen.de\/product\/jnr-falcon-x-18000-puff-vape-blue-cherry-explosion\/#primaryimage","url":"https:\/\/vozolvapen.de\/wp-content\/uploads\/2026\/01\/JNR-Falcon-X-18000-Blue-Cherry-Explosion.webp","contentUrl":"https:\/\/vozolvapen.de\/wp-content\/uploads\/2026\/01\/JNR-Falcon-X-18000-Blue-Cherry-Explosion.webp","width":1200,"height":1200,"caption":"JNR Falcon X 18000 Blue Cherry Explosion"},{"@type":"BreadcrumbList","@id":"https:\/\/vozolvapen.de\/product\/jnr-falcon-x-18000-puff-vape-blue-cherry-explosion\/#breadcrumb","itemListElement":[{"@type":"ListItem","position":1,"name":"Home","item":"https:\/\/vozolvapen.de\/de\/"},{"@type":"ListItem","position":2,"name":"Shop","item":"https:\/\/vozolvapen.de\/shop\/"},{"@type":"ListItem","position":3,"name":"JNR Falcon-X 18000 Puff Vape &#8211; Blue cherry explosion"}]},{"@type":"WebSite","@id":"https:\/\/vozolvapen.de\/#website","url":"https:\/\/vozolvapen.de\/","name":"vozolvapen","description":"vozolvapen","publisher":{"@id":"https:\/\/vozolvapen.de\/#organization"},"potentialAction":[{"@type":"SearchAction","target":{"@type":"EntryPoint","urlTemplate":"https:\/\/vozolvapen.de\/?s={search_term_string}"},"query-input":{"@type":"PropertyValueSpecification","valueRequired":true,"valueName":"search_term_string"}}],"inLanguage":"pl-PL"},{"@type":"Organization","@id":"https:\/\/vozolvapen.de\/#organization","name":"vozolvapen","url":"https:\/\/vozolvapen.de\/","logo":{"@type":"ImageObject","inLanguage":"pl-PL","@id":"https:\/\/vozolvapen.de\/#\/schema\/logo\/image\/","url":"https:\/\/vozolvapen.de\/wp-content\/uploads\/2025\/12\/cropped-vozovapen-logo.webp","contentUrl":"https:\/\/vozolvapen.de\/wp-content\/uploads\/2025\/12\/cropped-vozovapen-logo.webp","width":470,"height":110,"caption":"vozolvapen"},"image":{"@id":"https:\/\/vozolvapen.de\/#\/schema\/logo\/image\/"}}]}},"tiered_pricing_type":"fixed","tiered_pricing_fixed_rules":{"30":"13.86","50":"10.86","100":"9.86","200":"8.86"},"tiered_pricing_product_settings":{"layout":"default","base_unit_name":{"singular":null,"plural":null},"default_variation":{}},"tiered_pricing_minimum_quantity":10,"tiered_pricing_roles_data":[],"tiered_pricing_percentage_rules":[],"tiered_pricing_maximum_quantity":null,"tiered_pricing_quantity_step":"10","_links":{"self":[{"href":"http:\/\/vozolvapen.de\/pl\/wp-json\/wp\/v2\/product\/50542","targetHints":{"allow":["GET"]}}],"collection":[{"href":"http:\/\/vozolvapen.de\/pl\/wp-json\/wp\/v2\/product"}],"about":[{"href":"http:\/\/vozolvapen.de\/pl\/wp-json\/wp\/v2\/types\/product"}],"replies":[{"embeddable":true,"href":"http:\/\/vozolvapen.de\/pl\/wp-json\/wp\/v2\/comments?post=50542"}],"wp:featuredmedia":[{"embeddable":true,"href":"http:\/\/vozolvapen.de\/pl\/wp-json\/wp\/v2\/media\/50828"}],"wp:attachment":[{"href":"http:\/\/vozolvapen.de\/pl\/wp-json\/wp\/v2\/media?parent=50542"}],"wp:term":[{"taxonomy":"product_brand","embeddable":true,"href":"http:\/\/vozolvapen.de\/pl\/wp-json\/wp\/v2\/product_brand?post=50542"},{"taxonomy":"product_cat","embeddable":true,"href":"http:\/\/vozolvapen.de\/pl\/wp-json\/wp\/v2\/product_cat?post=50542"},{"taxonomy":"product_tag","embeddable":true,"href":"http:\/\/vozolvapen.de\/pl\/wp-json\/wp\/v2\/product_tag?post=50542"}],"curies":[{"name":"wp","href":"https:\/\/api.w.org\/{rel}","templated":true}]}}