{"id":50728,"date":"2026-01-03T08:19:12","date_gmt":"2026-01-03T08:19:12","guid":{"rendered":"https:\/\/vozolvapen.de\/?post_type=product&#038;p=50728"},"modified":"2026-02-10T10:54:56","modified_gmt":"2026-02-10T10:54:56","slug":"jnr-falcon-x-18000-puff-vape-tropical-fruit","status":"publish","type":"product","link":"http:\/\/vozolvapen.de\/pl\/product\/jnr-falcon-x-18000-puff-vape-tropical-fruit\/","title":{"rendered":"JNR Falcon-X 18000 Puff Vape - owoce tropikalne"},"content":{"rendered":"<h1 data-path-to-node=\"38\"><b data-path-to-node=\"38\" data-index-in-node=\"0\">JNR Falcon-X 18000 Puffs - owoce tropikalne<\/b><\/h1>\n<p data-path-to-node=\"40\">Tropical Fruit to g\u0119sty, wielowarstwowy \u201cIsland Medley\u201d przeznaczony dla <b data-path-to-node=\"40\" data-index-in-node=\"82\">18k jnr<\/b> entuzjasta. Zawiera sekretne po\u0142\u0105czenie guawy, marakui, ananasa i odrobiny cytrus\u00f3w. Tworzy odwa\u017cny, egzotyczny aromat i mocny tropikalny smak, kt\u00f3ry przypomina \u015bwie\u017c\u0105 misk\u0119 owoc\u00f3w z wyspy.<\/p>\n<h2 data-path-to-node=\"41\"><b data-path-to-node=\"41\" data-index-in-node=\"0\">Niezr\u00f3wnana wydajno\u015b\u0107 JNR Falcon-X<\/b><\/h2>\n<ul data-path-to-node=\"42\">\n<li>\n<p data-path-to-node=\"42,0,0\"><b data-path-to-node=\"42,0,0\" data-index-in-node=\"0\">Precyzja smaku:<\/b> The <b data-path-to-node=\"42,0,0\" data-index-in-node=\"22\">Cewka z podw\u00f3jn\u0105 siatk\u0105<\/b> System zapobiega \u201czanikowi smaku\u201d, utrzymuj\u0105c z\u0142o\u017cone tropikalne nuty \u017cywe przez ca\u0142y czas. <b data-path-to-node=\"42,0,0\" data-index-in-node=\"130\">jnr puff 18000<\/b> cykl \u017cycia.<\/p>\n<\/li>\n<li>\n<p data-path-to-node=\"42,1,0\"><b data-path-to-node=\"42,1,0\" data-index-in-node=\"0\">Ogromna pojemno\u015b\u0107:<\/b> Z <b data-path-to-node=\"42,1,0\" data-index-in-node=\"23\">24 ml soku premium<\/b>, Jest to najlepszy towarzysz d\u0142ugich podr\u00f3\u017cy.<\/p>\n<\/li>\n<li>\n<p data-path-to-node=\"42,2,0\"><b data-path-to-node=\"42,2,0\" data-index-in-node=\"0\">Szybka dostawa:<\/b> Zam\u00f3w w naszym sklepie <b data-path-to-node=\"42,2,0\" data-index-in-node=\"30\">Magazyn europejski<\/b> ju\u017c dzi\u015b i ciesz si\u0119 tropikaln\u0105 ucieczk\u0105 w ci\u0105gu zaledwie 1-3 dni.<\/p>\n<\/li>\n<\/ul>\n<h2 data-path-to-node=\"43\"><b data-path-to-node=\"43\" data-index-in-node=\"0\">Przewodnik po smakach<\/b><\/h2>\n<p data-path-to-node=\"44\"><b data-path-to-node=\"44\" data-index-in-node=\"0\">The Tropical Enthusiast:<\/b> Dla tych, kt\u00f3rzy chc\u0105 pe\u0142nego spektrum egzotycznych owoc\u00f3w w jednym, wysokowydajnym urz\u0105dzeniu. <b data-path-to-node=\"44\" data-index-in-node=\"109\">jnr falcon 18k<\/b> urz\u0105dzenie.<\/p>\n<h2 data-path-to-node=\"30\"><b data-path-to-node=\"30\" data-index-in-node=\"0\">Owoce tropikalne - specyfikacja techniczna<\/b><\/h2>\n<table data-path-to-node=\"31\">\n<thead>\n<tr>\n<td><strong>Cecha<\/strong><\/td>\n<td><strong>Szczeg\u00f3\u0142y<\/strong><\/td>\n<td><strong>Indeks do\u015bwiadcze\u0144 zwi\u0105zanych z wapowaniem<\/strong><\/td>\n<\/tr>\n<\/thead>\n<tbody>\n<tr>\n<td><span data-path-to-node=\"31,1,0,0\"><b data-path-to-node=\"31,1,0,0\" data-index-in-node=\"0\">Model<\/b><\/span><\/td>\n<td><span data-path-to-node=\"31,1,1,0\">JNR Falcon-X 18000<\/span><\/td>\n<td><span data-path-to-node=\"31,1,2,0\"><b data-path-to-node=\"31,1,2,0\" data-index-in-node=\"0\">Poziom ch\u0142odzenia:<\/b> \u2744\ufe0f\u2744\ufe0f\u2744\ufe0f<\/span><\/td>\n<\/tr>\n<tr>\n<td><span data-path-to-node=\"31,2,0,0\"><b data-path-to-node=\"31,2,0,0\" data-index-in-node=\"0\">Typ cewki<\/b><\/span><\/td>\n<td><span data-path-to-node=\"31,2,1,0\">Cewka Dual Mesh 0,6\u03a9<\/span><\/td>\n<td><span data-path-to-node=\"31,2,2,0\"><b data-path-to-node=\"31,2,2,0\" data-index-in-node=\"0\">S\u0142odycz:<\/b> \ud83c\udf6c\ud83c\udf6c\ud83c\udf6c\ud83c\udf6c<\/span><\/td>\n<\/tr>\n<tr>\n<td><span data-path-to-node=\"31,3,0,0\"><b data-path-to-node=\"31,3,0,0\" data-index-in-node=\"0\">P\u0142yn\/py\u0142ki<\/b><\/span><\/td>\n<td><span data-path-to-node=\"31,3,1,0\">24ML \/ 18 000 zaci\u0105gni\u0119\u0107<\/span><\/td>\n<td><span data-path-to-node=\"31,3,2,0\"><b data-path-to-node=\"31,3,2,0\" data-index-in-node=\"0\">Soczysto\u015b\u0107:<\/b> \ud83d\udca6\ud83d\udca6\ud83d\udca6\ud83d\udca6\ud83d\udca6<\/span><\/td>\n<\/tr>\n<tr>\n<td><span data-path-to-node=\"31,4,0,0\"><b data-path-to-node=\"31,4,0,0\" data-index-in-node=\"0\">Funkcja specjalna<\/b><\/span><\/td>\n<td><span data-path-to-node=\"31,4,1,0\">Szybkie \u0142adowanie 960 mAh<\/span><\/td>\n<td><span data-path-to-node=\"31,4,2,0\"><b data-path-to-node=\"31,4,2,0\" data-index-in-node=\"0\">Najlepszy przep\u0142yw powietrza:<\/b> Wide Open (Island Burst)<\/span><\/td>\n<\/tr>\n<\/tbody>\n<\/table>\n<h2><strong>JNR Falcon-X 18000 <\/strong><strong>Wideo\uff1a<\/strong><\/h2>\n<p><iframe title=\"JNR Falcon X 18000 Puff Vape\" src=\"https:\/\/player.vimeo.com\/video\/1151536729?badge=0&amp;autopause=0&amp;player_id=0&amp;app_id=58479\" width=\"400\" height=\"711\" frameborder=\"0\"><\/iframe><\/p>\n<h3 data-path-to-node=\"63\"><b data-path-to-node=\"63\" data-index-in-node=\"0\">Dowiedz si\u0119 wi\u0119cej od JNR<\/b><\/h3>\n<p data-path-to-node=\"64\">Gotowy na ulepszenie swojej gry vaping? Zapoznaj si\u0119 z pe\u0142n\u0105 ofert\u0105 <b data-path-to-node=\"64\" data-index-in-node=\"52\">JNR Falcon-X 18000<\/b> do\u015bwiadczenie.<\/p>\n<p dir=\"auto\"><a href=\"https:\/\/vozolvapen.de\/pl\/product-category\/jnr-vape\/jnr-falcon-x-18000-puff-vape\/\" target=\"_blank\" rel=\"noopener noreferrer nofollow\">Zobacz wszystkie odmiany tutaj \u2192<\/a><\/p>\n<p data-path-to-node=\"66\">Jako wiod\u0105cy <b data-path-to-node=\"66\" data-index-in-node=\"13\">puff jnr 18k grossiste<\/b>, Oferujemy najlepsze oferty hurtowe i najszybsz\u0105 wysy\u0142k\u0119.<\/p>\n<p dir=\"auto\"><a href=\"https:\/\/vozolvapen.de\/pl\/\" target=\"_blank\" rel=\"noopener noreferrer nofollow\">Przegl\u0105daj teraz wszystkie marki \u2192<\/a><\/p>\n<p data-path-to-node=\"68\">Nie przegap najnowszych informacji <b data-path-to-node=\"68\" data-index-in-node=\"29\">nikotyna jnr 18k<\/b> opcje!<\/p>\n<p dir=\"auto\"><a href=\"https:\/\/vozolvapen.de\/pl\/product-category\/jnr-vape\/\" target=\"_blank\" rel=\"noopener noreferrer nofollow\">Zobacz pe\u0142n\u0105 kolekcj\u0119 JNR Vape \u2192<\/a><\/p>","protected":false},"excerpt":{"rendered":"<p><b data-path-to-node=\"4,10,4,0\" data-index-in-node=\"0\">The Island Medley.<\/b> G\u0119sta mieszanka ulubionych wyspiarskich aromat\u00f3w, w tym guawy, marakui i cytrus\u00f3w. Formu\u0142a JNR 18k nikotyny zapewnia p\u0142ynn\u0105, egzotyczn\u0105 ucieczk\u0119 w ka\u017cdej chmurze.<\/p>","protected":false},"featured_media":50830,"comment_status":"open","ping_status":"closed","template":"","meta":{"_acf_changed":false},"product_brand":[],"product_cat":[134,59],"product_tag":[],"class_list":{"0":"post-50728","1":"product","2":"type-product","3":"status-publish","4":"has-post-thumbnail","6":"product_cat-eu-warehouse-in-stock","7":"product_cat-jnr-falcon-x-18000-puff-vape","9":"first","10":"instock","11":"shipping-taxable","12":"purchasable","13":"product-type-variable"},"acf":[],"yoast_head":"<!-- This site is optimized with the Yoast SEO Premium plugin v26.1 (Yoast SEO v27.5) - https:\/\/yoast.com\/product\/yoast-seo-premium-wordpress\/ -->\n<title>Tropical Fruit JNR Falcon-X 18000 | 18k JNR Nicotine - vozolvapen<\/title>\n<meta name=\"description\" content=\"Tropical Fruit JNR Falcon-X 18000 now in stock. 18,000 puffs of guava, passionfruit, and pineapple. Smart digital screen &amp; 0.6\u03a9 mesh coil. Fast EU shipping.\" \/>\n<meta name=\"robots\" content=\"index, follow, max-snippet:-1, max-image-preview:large, max-video-preview:-1\" \/>\n<link rel=\"canonical\" href=\"https:\/\/vozolvapen.de\/pl\/product\/jnr-falcon-x-18000-puff-vape-tropical-fruit\/\" \/>\n<meta property=\"og:locale\" content=\"pl_PL\" \/>\n<meta property=\"og:type\" content=\"article\" \/>\n<meta property=\"og:title\" content=\"JNR Falcon-X 18000 Puff Vape - Tropical fruit\" \/>\n<meta property=\"og:description\" content=\"Tropical Fruit JNR Falcon-X 18000 now in stock. 18,000 puffs of guava, passionfruit, and pineapple. Smart digital screen &amp; 0.6\u03a9 mesh coil. Fast EU shipping.\" \/>\n<meta property=\"og:url\" content=\"https:\/\/vozolvapen.de\/pl\/product\/jnr-falcon-x-18000-puff-vape-tropical-fruit\/\" \/>\n<meta property=\"og:site_name\" content=\"vozolvapen\" \/>\n<meta property=\"article:modified_time\" content=\"2026-02-10T10:54:56+00:00\" \/>\n<meta property=\"og:image\" content=\"https:\/\/vozolvapen.de\/wp-content\/uploads\/2026\/01\/JNR-Falcon-X-18000-Tropical-Fruit.webp\" \/>\n\t<meta property=\"og:image:width\" content=\"1200\" \/>\n\t<meta property=\"og:image:height\" content=\"1200\" \/>\n\t<meta property=\"og:image:type\" content=\"image\/webp\" \/>\n<meta name=\"twitter:card\" content=\"summary_large_image\" \/>\n<meta name=\"twitter:label1\" content=\"Szacowany czas czytania\" \/>\n\t<meta name=\"twitter:data1\" content=\"2 minuty\" \/>\n<script type=\"application\/ld+json\" class=\"yoast-schema-graph\">{\"@context\":\"https:\\\/\\\/schema.org\",\"@graph\":[{\"@type\":\"WebPage\",\"@id\":\"https:\\\/\\\/vozolvapen.de\\\/product\\\/jnr-falcon-x-18000-puff-vape-tropical-fruit\\\/\",\"url\":\"https:\\\/\\\/vozolvapen.de\\\/product\\\/jnr-falcon-x-18000-puff-vape-tropical-fruit\\\/\",\"name\":\"Tropical Fruit JNR Falcon-X 18000 | 18k JNR Nicotine - vozolvapen\",\"isPartOf\":{\"@id\":\"https:\\\/\\\/vozolvapen.de\\\/#website\"},\"primaryImageOfPage\":{\"@id\":\"https:\\\/\\\/vozolvapen.de\\\/product\\\/jnr-falcon-x-18000-puff-vape-tropical-fruit\\\/#primaryimage\"},\"image\":{\"@id\":\"https:\\\/\\\/vozolvapen.de\\\/product\\\/jnr-falcon-x-18000-puff-vape-tropical-fruit\\\/#primaryimage\"},\"thumbnailUrl\":\"https:\\\/\\\/vozolvapen.de\\\/wp-content\\\/uploads\\\/2026\\\/01\\\/JNR-Falcon-X-18000-Tropical-Fruit.webp\",\"datePublished\":\"2026-01-03T08:19:12+00:00\",\"dateModified\":\"2026-02-10T10:54:56+00:00\",\"description\":\"Tropical Fruit JNR Falcon-X 18000 now in stock. 18,000 puffs of guava, passionfruit, and pineapple. Smart digital screen & 0.6\u03a9 mesh coil. Fast EU shipping.\",\"breadcrumb\":{\"@id\":\"https:\\\/\\\/vozolvapen.de\\\/product\\\/jnr-falcon-x-18000-puff-vape-tropical-fruit\\\/#breadcrumb\"},\"inLanguage\":\"pl-PL\",\"potentialAction\":[{\"@type\":\"ReadAction\",\"target\":[\"https:\\\/\\\/vozolvapen.de\\\/product\\\/jnr-falcon-x-18000-puff-vape-tropical-fruit\\\/\"]}]},{\"@type\":\"ImageObject\",\"inLanguage\":\"pl-PL\",\"@id\":\"https:\\\/\\\/vozolvapen.de\\\/product\\\/jnr-falcon-x-18000-puff-vape-tropical-fruit\\\/#primaryimage\",\"url\":\"https:\\\/\\\/vozolvapen.de\\\/wp-content\\\/uploads\\\/2026\\\/01\\\/JNR-Falcon-X-18000-Tropical-Fruit.webp\",\"contentUrl\":\"https:\\\/\\\/vozolvapen.de\\\/wp-content\\\/uploads\\\/2026\\\/01\\\/JNR-Falcon-X-18000-Tropical-Fruit.webp\",\"width\":1200,\"height\":1200,\"caption\":\"JNR Falcon X 18000 - Tropical Fruit\"},{\"@type\":\"BreadcrumbList\",\"@id\":\"https:\\\/\\\/vozolvapen.de\\\/product\\\/jnr-falcon-x-18000-puff-vape-tropical-fruit\\\/#breadcrumb\",\"itemListElement\":[{\"@type\":\"ListItem\",\"position\":1,\"name\":\"Home\",\"item\":\"https:\\\/\\\/vozolvapen.de\\\/de\\\/\"},{\"@type\":\"ListItem\",\"position\":2,\"name\":\"Shop\",\"item\":\"https:\\\/\\\/vozolvapen.de\\\/shop\\\/\"},{\"@type\":\"ListItem\",\"position\":3,\"name\":\"JNR Falcon-X 18000 Puff Vape &#8211; Tropical fruit\"}]},{\"@type\":\"WebSite\",\"@id\":\"https:\\\/\\\/vozolvapen.de\\\/#website\",\"url\":\"https:\\\/\\\/vozolvapen.de\\\/\",\"name\":\"vozolvapen\",\"description\":\"vozolvapen\",\"publisher\":{\"@id\":\"https:\\\/\\\/vozolvapen.de\\\/#organization\"},\"potentialAction\":[{\"@type\":\"SearchAction\",\"target\":{\"@type\":\"EntryPoint\",\"urlTemplate\":\"https:\\\/\\\/vozolvapen.de\\\/?s={search_term_string}\"},\"query-input\":{\"@type\":\"PropertyValueSpecification\",\"valueRequired\":true,\"valueName\":\"search_term_string\"}}],\"inLanguage\":\"pl-PL\"},{\"@type\":\"Organization\",\"@id\":\"https:\\\/\\\/vozolvapen.de\\\/#organization\",\"name\":\"vozolvapen\",\"url\":\"https:\\\/\\\/vozolvapen.de\\\/\",\"logo\":{\"@type\":\"ImageObject\",\"inLanguage\":\"pl-PL\",\"@id\":\"https:\\\/\\\/vozolvapen.de\\\/#\\\/schema\\\/logo\\\/image\\\/\",\"url\":\"https:\\\/\\\/vozolvapen.de\\\/wp-content\\\/uploads\\\/2025\\\/12\\\/cropped-vozovapen-logo.webp\",\"contentUrl\":\"https:\\\/\\\/vozolvapen.de\\\/wp-content\\\/uploads\\\/2025\\\/12\\\/cropped-vozovapen-logo.webp\",\"width\":470,\"height\":110,\"caption\":\"vozolvapen\"},\"image\":{\"@id\":\"https:\\\/\\\/vozolvapen.de\\\/#\\\/schema\\\/logo\\\/image\\\/\"}}]}<\/script>\n<!-- \/ Yoast SEO Premium plugin. -->","yoast_head_json":{"title":"Tropical Fruit JNR Falcon-X 18000 | 18k JNR Nicotine - vozolvapen","description":"Owoce tropikalne JNR Falcon-X 18000 ju\u017c w magazynie. 18 000 zaci\u0105gni\u0119\u0107 gujaw\u0105, marakuj\u0105 i ananasem. Inteligentny ekran cyfrowy i cewka siatkowa 0,6\u03a9. Szybka wysy\u0142ka na terenie UE.","robots":{"index":"index","follow":"follow","max-snippet":"max-snippet:-1","max-image-preview":"max-image-preview:large","max-video-preview":"max-video-preview:-1"},"canonical":"https:\/\/vozolvapen.de\/pl\/product\/jnr-falcon-x-18000-puff-vape-tropical-fruit\/","og_locale":"pl_PL","og_type":"article","og_title":"JNR Falcon-X 18000 Puff Vape - Tropical fruit","og_description":"Tropical Fruit JNR Falcon-X 18000 now in stock. 18,000 puffs of guava, passionfruit, and pineapple. Smart digital screen & 0.6\u03a9 mesh coil. Fast EU shipping.","og_url":"https:\/\/vozolvapen.de\/pl\/product\/jnr-falcon-x-18000-puff-vape-tropical-fruit\/","og_site_name":"vozolvapen","article_modified_time":"2026-02-10T10:54:56+00:00","og_image":[{"width":1200,"height":1200,"url":"https:\/\/vozolvapen.de\/wp-content\/uploads\/2026\/01\/JNR-Falcon-X-18000-Tropical-Fruit.webp","type":"image\/webp"}],"twitter_card":"summary_large_image","twitter_misc":{"Szacowany czas czytania":"2 minuty"},"schema":{"@context":"https:\/\/schema.org","@graph":[{"@type":"WebPage","@id":"https:\/\/vozolvapen.de\/product\/jnr-falcon-x-18000-puff-vape-tropical-fruit\/","url":"https:\/\/vozolvapen.de\/product\/jnr-falcon-x-18000-puff-vape-tropical-fruit\/","name":"Tropical Fruit JNR Falcon-X 18000 | 18k JNR Nicotine - vozolvapen","isPartOf":{"@id":"https:\/\/vozolvapen.de\/#website"},"primaryImageOfPage":{"@id":"https:\/\/vozolvapen.de\/product\/jnr-falcon-x-18000-puff-vape-tropical-fruit\/#primaryimage"},"image":{"@id":"https:\/\/vozolvapen.de\/product\/jnr-falcon-x-18000-puff-vape-tropical-fruit\/#primaryimage"},"thumbnailUrl":"https:\/\/vozolvapen.de\/wp-content\/uploads\/2026\/01\/JNR-Falcon-X-18000-Tropical-Fruit.webp","datePublished":"2026-01-03T08:19:12+00:00","dateModified":"2026-02-10T10:54:56+00:00","description":"Owoce tropikalne JNR Falcon-X 18000 ju\u017c w magazynie. 18 000 zaci\u0105gni\u0119\u0107 gujaw\u0105, marakuj\u0105 i ananasem. Inteligentny ekran cyfrowy i cewka siatkowa 0,6\u03a9. Szybka wysy\u0142ka na terenie UE.","breadcrumb":{"@id":"https:\/\/vozolvapen.de\/product\/jnr-falcon-x-18000-puff-vape-tropical-fruit\/#breadcrumb"},"inLanguage":"pl-PL","potentialAction":[{"@type":"ReadAction","target":["https:\/\/vozolvapen.de\/product\/jnr-falcon-x-18000-puff-vape-tropical-fruit\/"]}]},{"@type":"ImageObject","inLanguage":"pl-PL","@id":"https:\/\/vozolvapen.de\/product\/jnr-falcon-x-18000-puff-vape-tropical-fruit\/#primaryimage","url":"https:\/\/vozolvapen.de\/wp-content\/uploads\/2026\/01\/JNR-Falcon-X-18000-Tropical-Fruit.webp","contentUrl":"https:\/\/vozolvapen.de\/wp-content\/uploads\/2026\/01\/JNR-Falcon-X-18000-Tropical-Fruit.webp","width":1200,"height":1200,"caption":"JNR Falcon X 18000 - Tropical Fruit"},{"@type":"BreadcrumbList","@id":"https:\/\/vozolvapen.de\/product\/jnr-falcon-x-18000-puff-vape-tropical-fruit\/#breadcrumb","itemListElement":[{"@type":"ListItem","position":1,"name":"Home","item":"https:\/\/vozolvapen.de\/de\/"},{"@type":"ListItem","position":2,"name":"Shop","item":"https:\/\/vozolvapen.de\/shop\/"},{"@type":"ListItem","position":3,"name":"JNR Falcon-X 18000 Puff Vape &#8211; Tropical fruit"}]},{"@type":"WebSite","@id":"https:\/\/vozolvapen.de\/#website","url":"https:\/\/vozolvapen.de\/","name":"vozolvapen","description":"vozolvapen","publisher":{"@id":"https:\/\/vozolvapen.de\/#organization"},"potentialAction":[{"@type":"SearchAction","target":{"@type":"EntryPoint","urlTemplate":"https:\/\/vozolvapen.de\/?s={search_term_string}"},"query-input":{"@type":"PropertyValueSpecification","valueRequired":true,"valueName":"search_term_string"}}],"inLanguage":"pl-PL"},{"@type":"Organization","@id":"https:\/\/vozolvapen.de\/#organization","name":"vozolvapen","url":"https:\/\/vozolvapen.de\/","logo":{"@type":"ImageObject","inLanguage":"pl-PL","@id":"https:\/\/vozolvapen.de\/#\/schema\/logo\/image\/","url":"https:\/\/vozolvapen.de\/wp-content\/uploads\/2025\/12\/cropped-vozovapen-logo.webp","contentUrl":"https:\/\/vozolvapen.de\/wp-content\/uploads\/2025\/12\/cropped-vozovapen-logo.webp","width":470,"height":110,"caption":"vozolvapen"},"image":{"@id":"https:\/\/vozolvapen.de\/#\/schema\/logo\/image\/"}}]}},"tiered_pricing_type":"fixed","tiered_pricing_fixed_rules":{"30":"13.86","50":"10.86","100":"9.86","200":"8.86"},"tiered_pricing_product_settings":{"layout":"default","base_unit_name":{"singular":null,"plural":null},"default_variation":{}},"tiered_pricing_minimum_quantity":10,"tiered_pricing_roles_data":[],"tiered_pricing_percentage_rules":[],"tiered_pricing_maximum_quantity":null,"tiered_pricing_quantity_step":"10","_links":{"self":[{"href":"http:\/\/vozolvapen.de\/pl\/wp-json\/wp\/v2\/product\/50728","targetHints":{"allow":["GET"]}}],"collection":[{"href":"http:\/\/vozolvapen.de\/pl\/wp-json\/wp\/v2\/product"}],"about":[{"href":"http:\/\/vozolvapen.de\/pl\/wp-json\/wp\/v2\/types\/product"}],"replies":[{"embeddable":true,"href":"http:\/\/vozolvapen.de\/pl\/wp-json\/wp\/v2\/comments?post=50728"}],"wp:featuredmedia":[{"embeddable":true,"href":"http:\/\/vozolvapen.de\/pl\/wp-json\/wp\/v2\/media\/50830"}],"wp:attachment":[{"href":"http:\/\/vozolvapen.de\/pl\/wp-json\/wp\/v2\/media?parent=50728"}],"wp:term":[{"taxonomy":"product_brand","embeddable":true,"href":"http:\/\/vozolvapen.de\/pl\/wp-json\/wp\/v2\/product_brand?post=50728"},{"taxonomy":"product_cat","embeddable":true,"href":"http:\/\/vozolvapen.de\/pl\/wp-json\/wp\/v2\/product_cat?post=50728"},{"taxonomy":"product_tag","embeddable":true,"href":"http:\/\/vozolvapen.de\/pl\/wp-json\/wp\/v2\/product_tag?post=50728"}],"curies":[{"name":"wp","href":"https:\/\/api.w.org\/{rel}","templated":true}]}}