{"id":51104,"date":"2026-01-03T09:06:56","date_gmt":"2026-01-03T09:06:56","guid":{"rendered":"https:\/\/vozolvapen.de\/?post_type=product&#038;p=51104"},"modified":"2026-02-10T10:54:52","modified_gmt":"2026-02-10T10:54:52","slug":"jnr-falcon-16000-black-ice","status":"publish","type":"product","link":"http:\/\/vozolvapen.de\/pl\/product\/jnr-falcon-16000-black-ice\/","title":{"rendered":"JNR Falcon 16000 - Black Ice"},"content":{"rendered":"<hr class=\"\" data-path-to-node=\"8\" \/>\n<h1 data-path-to-node=\"9\"><b data-path-to-node=\"9\" data-index-in-node=\"0\">JNR Falcon 16000 - Black Ice<\/b><\/h1>\n<p data-path-to-node=\"10\"><b class=\"\" data-path-to-node=\"10\" data-index-in-node=\"0\">The Midnight Frost:<\/b><span class=\"\"> Wyrafinowany,<\/span><span class=\"\"> Mieszanka ciemnych jag\u00f3d stworzona dla tych, kt\u00f3rzy preferuj\u0105 odwa\u017cne smaki,<\/span><span class=\"\"> garbnikowa s\u0142odycz.<\/span><span class=\"\"> Jako najlepszy wyb\u00f3r dla ka\u017cdego <\/span><b class=\"\" data-path-to-node=\"10\" data-index-in-node=\"133\">puff jnr 16k grossiste<\/b><span class=\"\">,<\/span><span class=\"\"> Black Ice \u0142\u0105czy w sobie g\u0142\u0119bokie nuty je\u017cyn z legendarnym lodowym wyko\u0144czeniem.<\/span><span class=\"\"> To <\/span><b class=\"\" data-path-to-node=\"10\" data-index-in-node=\"232\">puff 16k jnr<\/b><span class=\"\"> Powerhouse wykorzystuje cewk\u0119 Dual Mesh, aby zapewni\u0107, \u017ce nuty ciemnych owoc\u00f3w nigdy nie zostan\u0105 przy\u0107mione przez ch\u0142\u00f3d.<\/span><\/p>\n<h2 data-path-to-node=\"11\"><b class=\"\" data-path-to-node=\"11\" data-index-in-node=\"0\">Black Ice Deep Dive<\/b><\/h2>\n<ul data-path-to-node=\"12\">\n<li>\n<p data-path-to-node=\"12,0,0\"><b class=\"\" data-path-to-node=\"12,0,0\" data-index-in-node=\"0\">Wdech:<\/b><span class=\"\"> Cierpkie i ziemiste je\u017cyny i czarne porzeczki.<\/span><\/p>\n<\/li>\n<li>\n<p data-path-to-node=\"12,1,0\"><b class=\"\" data-path-to-node=\"12,1,0\" data-index-in-node=\"0\">The Exhale:<\/b><span class=\"\"> Intensywny,<\/span><span class=\"\"> Zimowe uderzenie w gard\u0142o, kt\u00f3re utrzymuje si\u0119 z wyra\u017anym aromatem jag\u00f3d.<\/span><\/p>\n<\/li>\n<\/ul>\n<h2 data-path-to-node=\"13\"><b class=\"\" data-path-to-node=\"13\" data-index-in-node=\"0\">Dla kogo przeznaczony jest ten smak?<\/b><\/h2>\n<p data-path-to-node=\"13\"><b class=\"\" data-path-to-node=\"13\" data-index-in-node=\"24\">The Bold Vaper:<\/b><span class=\"\"> Idealny dla tych, kt\u00f3rzy chc\u0105 silnego uderzenia nikotyny (dost\u0119pny w <\/span><b class=\"\" data-path-to-node=\"13\" data-index-in-node=\"103\">nikotyna jnr 16k<\/b><span class=\"\"> 2%\/5%) w po\u0142\u0105czeniu ze smakiem, kt\u00f3ry nie jest przesadnie s\u0142odki.<\/span><\/p>\n<h2 data-path-to-node=\"6\"><b data-path-to-node=\"6\" data-index-in-node=\"0\">Black Ice - specyfikacja<\/b><\/h2>\n<table data-path-to-node=\"7\">\n<thead>\n<tr>\n<td><strong>Sprz\u0119t i wydajno\u015b\u0107<\/strong><\/td>\n<td><strong>Szczeg\u00f3\u0142y<\/strong><\/td>\n<td><strong>Indeks dozna\u0144 smakowych<\/strong><\/td>\n<\/tr>\n<\/thead>\n<tbody>\n<tr>\n<td><span data-path-to-node=\"7,1,0,0\"><b data-path-to-node=\"7,1,0,0\" data-index-in-node=\"0\">Model<\/b><\/span><\/td>\n<td><span data-path-to-node=\"7,1,1,0\">JNR Falcon 16000<\/span><\/td>\n<td><span data-path-to-node=\"7,1,2,0\"><b data-path-to-node=\"7,1,2,0\" data-index-in-node=\"0\">Intensywno\u015b\u0107 ch\u0142odzenia:<\/b> \u2744\ufe0f\u2744\ufe0f\u2744\ufe0f\u2744\ufe0f\u2744\ufe0f<\/span><\/td>\n<\/tr>\n<tr>\n<td><span data-path-to-node=\"7,2,0,0\"><b data-path-to-node=\"7,2,0,0\" data-index-in-node=\"0\">Poziom nikotyny<\/b><\/span><\/td>\n<td><span data-path-to-node=\"7,2,1,0\">2% \/ 5% <b data-path-to-node=\"7,2,1,0\" data-index-in-node=\"8\">nikotyna jnr 16k<\/b><\/span><\/td>\n<td><span data-path-to-node=\"7,2,2,0\"><b data-path-to-node=\"7,2,2,0\" data-index-in-node=\"0\">Poziom s\u0142odyczy:<\/b> \ud83c\udf6c\ud83c\udf6c<\/span><\/td>\n<\/tr>\n<tr>\n<td><span data-path-to-node=\"7,3,0,0\"><b data-path-to-node=\"7,3,0,0\" data-index-in-node=\"0\">Puff Count<\/b><\/span><\/td>\n<td><span data-path-to-node=\"7,3,1,0\">Do 16 000 zaci\u0105gni\u0119\u0107<\/span><\/td>\n<td><span data-path-to-node=\"7,3,2,0\"><b data-path-to-node=\"7,3,2,0\" data-index-in-node=\"0\">Uderzenie w gard\u0142o:<\/b> \u26a1\u26a1\u26a1\u26a1\u26a1<\/span><\/td>\n<\/tr>\n<tr>\n<td><span data-path-to-node=\"7,4,0,0\"><b data-path-to-node=\"7,4,0,0\" data-index-in-node=\"0\">Wysy\u0142ka<\/b><\/span><\/td>\n<td><span data-path-to-node=\"7,4,1,0\">Magazyn UE (1-3 dni)<\/span><\/td>\n<td><span data-path-to-node=\"7,4,2,0\"><b data-path-to-node=\"7,4,2,0\" data-index-in-node=\"0\">Najlepszy przep\u0142yw powietrza:<\/b> P\u00f3\u0142otwarty (Crisp Hit)<\/span><\/td>\n<\/tr>\n<\/tbody>\n<\/table>\n<h3 class=\"\" data-path-to-node=\"57\"><b data-path-to-node=\"57\" data-index-in-node=\"0\">Nawigacja wewn\u0119trzna i linki<\/b><\/h3>\n<p data-path-to-node=\"58\"><span class=\"\">Odkryj jeszcze wi\u0119cej niesamowitych smak\u00f3w dzi\u0119ki <\/span><b class=\"\" data-path-to-node=\"58\" data-index-in-node=\"47\">JNR Falcon 16000 Puff Vape<\/b><span class=\"\">!<\/span><\/p>\n<p data-path-to-node=\"59\"><a class=\"ng-star-inserted\" href=\"https:\/\/vozolvapen.de\/pl\/product-category\/jnr-vape\/jnr-falcon-16000-puff-vape\/\" target=\"_blank\" rel=\"noopener noreferrer nofollow\" data-hveid=\"0\" data-ved=\"0CAAQ_4QMahgKEwiSjOaG9-6RAxUAAAAAHQAAAAAQsAQ\">Zobacz wszystkie odmiany tutaj \u2192<\/a><\/p>\n<p data-path-to-node=\"60\"><span class=\"\">Zapoznaj si\u0119 z nasz\u0105 pe\u0142n\u0105 kolekcj\u0105 i kupuj produkty najlepszych marek vape, kt\u00f3re pokochasz.<\/span><\/p>\n<p data-path-to-node=\"61\"><a class=\"ng-star-inserted\" href=\"https:\/\/vozolvapen.de\/pl\/\" target=\"_blank\" rel=\"noopener noreferrer nofollow\" data-hveid=\"0\" data-ved=\"0CAAQ_4QMahgKEwiSjOaG9-6RAxUAAAAAHQAAAAAQsQQ\">Przegl\u0105daj teraz wszystkie marki \u2192<\/a><\/p>\n<p data-path-to-node=\"62\"><span class=\"\">Sprawd\u017a ca\u0142o\u015b\u0107 <\/span><b class=\"\" data-path-to-node=\"62\" data-index-in-node=\"23\">JNR Vape<\/b><span class=\"\"> seria - ka\u017cdy smak,<\/span><span class=\"\"> ka\u017cdy styl!<\/span><\/p>\n<p data-path-to-node=\"63\"><a class=\"ng-star-inserted\" href=\"https:\/\/vozolvapen.de\/pl\/product-category\/jnr-vape\/\" target=\"_blank\" rel=\"noopener noreferrer nofollow\" data-hveid=\"0\" data-ved=\"0CAAQ_4QMahgKEwiSjOaG9-6RAxUAAAAAHQAAAAAQsgQ\">Zobacz pe\u0142n\u0105 kolekcj\u0119 JNR Vape \u2192<\/a><\/p>\n<h3 data-path-to-node=\"64\"><b class=\"\" data-path-to-node=\"64\" data-index-in-node=\"0\">Szukasz puff jnr 16k grossiste?<\/b><\/h3>\n<p data-path-to-node=\"64\"><span class=\"\">Oferujemy ceny hurtowe na wszystkie <\/span><b class=\"\" data-path-to-node=\"64\" data-index-in-node=\"67\">jnr falcon 16k<\/b><span class=\"\"> modele.<\/span><span class=\"\"> Korzystaj z op\u0142aconej wysy\u0142ki z naszego <\/span><b class=\"\" data-path-to-node=\"64\" data-index-in-node=\"124\">Magazyn europejski<\/b><span class=\"\"> z dostaw\u0105 w ci\u0105gu zaledwie 1-3 dni.<\/span><span class=\"\"> Skontaktuj si\u0119 z nami, aby uzyska\u0107 ceny hurtowe na 10 opakowa\u0144.<\/span><\/p>","protected":false},"excerpt":{"rendered":"<p><b data-path-to-node=\"4,2,4,0\" data-index-in-node=\"0\">The Midnight Frost.<\/b> Wyrafinowana mieszanka ciemnych jag\u00f3d z mro\u017c\u0105cym krew w \u017cy\u0142ach mentolowym wydechem. Idealny dla tych, kt\u00f3rzy szukaj\u0105 mocnego, rze\u015bkiego puffa 16k jnr.<\/p>","protected":false},"featured_media":51832,"comment_status":"open","ping_status":"closed","template":"","meta":{"_acf_changed":false},"product_brand":[],"product_cat":[134,60],"product_tag":[],"class_list":{"0":"post-51104","1":"product","2":"type-product","3":"status-publish","4":"has-post-thumbnail","6":"product_cat-eu-warehouse-in-stock","7":"product_cat-jnr-falcon-16000-puff-vape","9":"first","10":"instock","11":"shipping-taxable","12":"purchasable","13":"product-type-variable"},"acf":[],"yoast_head":"<!-- This site is optimized with the Yoast SEO Premium plugin v26.1 (Yoast SEO v27.5) - https:\/\/yoast.com\/product\/yoast-seo-premium-wordpress\/ -->\n<title>Black Ice JNR Falcon 16k | 16000 Puff JNR Vape - vozolvapen<\/title>\n<meta name=\"description\" content=\"Bold Black Ice JNR Falcon 16k. Intense blackberries with an icy kick. 16,000 puffs, jnr rechargeable battery. Fast shipping from our European warehouse.\" \/>\n<meta name=\"robots\" content=\"index, follow, max-snippet:-1, max-image-preview:large, max-video-preview:-1\" \/>\n<link rel=\"canonical\" href=\"https:\/\/vozolvapen.de\/pl\/product\/jnr-falcon-16000-black-ice\/\" \/>\n<meta property=\"og:locale\" content=\"pl_PL\" \/>\n<meta property=\"og:type\" content=\"article\" \/>\n<meta property=\"og:title\" content=\"JNR Falcon 16000 - Black Ice\" \/>\n<meta property=\"og:description\" content=\"Bold Black Ice JNR Falcon 16k. Intense blackberries with an icy kick. 16,000 puffs, jnr rechargeable battery. Fast shipping from our European warehouse.\" \/>\n<meta property=\"og:url\" content=\"https:\/\/vozolvapen.de\/pl\/product\/jnr-falcon-16000-black-ice\/\" \/>\n<meta property=\"og:site_name\" content=\"vozolvapen\" \/>\n<meta property=\"article:modified_time\" content=\"2026-02-10T10:54:52+00:00\" \/>\n<meta property=\"og:image\" content=\"https:\/\/vozolvapen.de\/wp-content\/uploads\/2026\/01\/JNR-FALON-16000-16K-Puffs-Disposable-Vape-Adjustable-Airflow-EU-Warehouse.webp\" \/>\n\t<meta property=\"og:image:width\" content=\"1080\" \/>\n\t<meta property=\"og:image:height\" content=\"1080\" \/>\n\t<meta property=\"og:image:type\" content=\"image\/webp\" \/>\n<meta name=\"twitter:card\" content=\"summary_large_image\" \/>\n<meta name=\"twitter:label1\" content=\"Szacowany czas czytania\" \/>\n\t<meta name=\"twitter:data1\" content=\"2 minuty\" \/>\n<script type=\"application\/ld+json\" class=\"yoast-schema-graph\">{\"@context\":\"https:\\\/\\\/schema.org\",\"@graph\":[{\"@type\":\"WebPage\",\"@id\":\"https:\\\/\\\/vozolvapen.de\\\/product\\\/jnr-falcon-16000-black-ice\\\/\",\"url\":\"https:\\\/\\\/vozolvapen.de\\\/product\\\/jnr-falcon-16000-black-ice\\\/\",\"name\":\"Black Ice JNR Falcon 16k | 16000 Puff JNR Vape - vozolvapen\",\"isPartOf\":{\"@id\":\"https:\\\/\\\/vozolvapen.de\\\/#website\"},\"primaryImageOfPage\":{\"@id\":\"https:\\\/\\\/vozolvapen.de\\\/product\\\/jnr-falcon-16000-black-ice\\\/#primaryimage\"},\"image\":{\"@id\":\"https:\\\/\\\/vozolvapen.de\\\/product\\\/jnr-falcon-16000-black-ice\\\/#primaryimage\"},\"thumbnailUrl\":\"https:\\\/\\\/vozolvapen.de\\\/wp-content\\\/uploads\\\/2026\\\/01\\\/JNR-FALON-16000-16K-Puffs-Disposable-Vape-Adjustable-Airflow-EU-Warehouse.webp\",\"datePublished\":\"2026-01-03T09:06:56+00:00\",\"dateModified\":\"2026-02-10T10:54:52+00:00\",\"description\":\"Bold Black Ice JNR Falcon 16k. Intense blackberries with an icy kick. 16,000 puffs, jnr rechargeable battery. Fast shipping from our European warehouse.\",\"breadcrumb\":{\"@id\":\"https:\\\/\\\/vozolvapen.de\\\/product\\\/jnr-falcon-16000-black-ice\\\/#breadcrumb\"},\"inLanguage\":\"pl-PL\",\"potentialAction\":[{\"@type\":\"ReadAction\",\"target\":[\"https:\\\/\\\/vozolvapen.de\\\/product\\\/jnr-falcon-16000-black-ice\\\/\"]}]},{\"@type\":\"ImageObject\",\"inLanguage\":\"pl-PL\",\"@id\":\"https:\\\/\\\/vozolvapen.de\\\/product\\\/jnr-falcon-16000-black-ice\\\/#primaryimage\",\"url\":\"https:\\\/\\\/vozolvapen.de\\\/wp-content\\\/uploads\\\/2026\\\/01\\\/JNR-FALON-16000-16K-Puffs-Disposable-Vape-Adjustable-Airflow-EU-Warehouse.webp\",\"contentUrl\":\"https:\\\/\\\/vozolvapen.de\\\/wp-content\\\/uploads\\\/2026\\\/01\\\/JNR-FALON-16000-16K-Puffs-Disposable-Vape-Adjustable-Airflow-EU-Warehouse.webp\",\"width\":1080,\"height\":1080,\"caption\":\"JNR FALON 16000 16K Puffs Disposable Vape Adjustable Airflow EU Warehouse\"},{\"@type\":\"BreadcrumbList\",\"@id\":\"https:\\\/\\\/vozolvapen.de\\\/product\\\/jnr-falcon-16000-black-ice\\\/#breadcrumb\",\"itemListElement\":[{\"@type\":\"ListItem\",\"position\":1,\"name\":\"Home\",\"item\":\"https:\\\/\\\/vozolvapen.de\\\/de\\\/\"},{\"@type\":\"ListItem\",\"position\":2,\"name\":\"Shop\",\"item\":\"https:\\\/\\\/vozolvapen.de\\\/shop\\\/\"},{\"@type\":\"ListItem\",\"position\":3,\"name\":\"JNR Falcon 16000 &#8211; Black Ice\"}]},{\"@type\":\"WebSite\",\"@id\":\"https:\\\/\\\/vozolvapen.de\\\/#website\",\"url\":\"https:\\\/\\\/vozolvapen.de\\\/\",\"name\":\"vozolvapen\",\"description\":\"vozolvapen\",\"publisher\":{\"@id\":\"https:\\\/\\\/vozolvapen.de\\\/#organization\"},\"potentialAction\":[{\"@type\":\"SearchAction\",\"target\":{\"@type\":\"EntryPoint\",\"urlTemplate\":\"https:\\\/\\\/vozolvapen.de\\\/?s={search_term_string}\"},\"query-input\":{\"@type\":\"PropertyValueSpecification\",\"valueRequired\":true,\"valueName\":\"search_term_string\"}}],\"inLanguage\":\"pl-PL\"},{\"@type\":\"Organization\",\"@id\":\"https:\\\/\\\/vozolvapen.de\\\/#organization\",\"name\":\"vozolvapen\",\"url\":\"https:\\\/\\\/vozolvapen.de\\\/\",\"logo\":{\"@type\":\"ImageObject\",\"inLanguage\":\"pl-PL\",\"@id\":\"https:\\\/\\\/vozolvapen.de\\\/#\\\/schema\\\/logo\\\/image\\\/\",\"url\":\"https:\\\/\\\/vozolvapen.de\\\/wp-content\\\/uploads\\\/2025\\\/12\\\/cropped-vozovapen-logo.webp\",\"contentUrl\":\"https:\\\/\\\/vozolvapen.de\\\/wp-content\\\/uploads\\\/2025\\\/12\\\/cropped-vozovapen-logo.webp\",\"width\":470,\"height\":110,\"caption\":\"vozolvapen\"},\"image\":{\"@id\":\"https:\\\/\\\/vozolvapen.de\\\/#\\\/schema\\\/logo\\\/image\\\/\"}}]}<\/script>\n<!-- \/ Yoast SEO Premium plugin. -->","yoast_head_json":{"title":"Black Ice JNR Falcon 16k | 16000 Puff JNR Vape - vozolvapen","description":"Bold Black Ice JNR Falcon 16k. Intensywne je\u017cyny z lodow\u0105 nut\u0105. 16 000 zaci\u0105gni\u0119\u0107, akumulator JNR. Szybka wysy\u0142ka z naszego europejskiego magazynu.","robots":{"index":"index","follow":"follow","max-snippet":"max-snippet:-1","max-image-preview":"max-image-preview:large","max-video-preview":"max-video-preview:-1"},"canonical":"https:\/\/vozolvapen.de\/pl\/product\/jnr-falcon-16000-black-ice\/","og_locale":"pl_PL","og_type":"article","og_title":"JNR Falcon 16000 - Black Ice","og_description":"Bold Black Ice JNR Falcon 16k. Intense blackberries with an icy kick. 16,000 puffs, jnr rechargeable battery. Fast shipping from our European warehouse.","og_url":"https:\/\/vozolvapen.de\/pl\/product\/jnr-falcon-16000-black-ice\/","og_site_name":"vozolvapen","article_modified_time":"2026-02-10T10:54:52+00:00","og_image":[{"width":1080,"height":1080,"url":"https:\/\/vozolvapen.de\/wp-content\/uploads\/2026\/01\/JNR-FALON-16000-16K-Puffs-Disposable-Vape-Adjustable-Airflow-EU-Warehouse.webp","type":"image\/webp"}],"twitter_card":"summary_large_image","twitter_misc":{"Szacowany czas czytania":"2 minuty"},"schema":{"@context":"https:\/\/schema.org","@graph":[{"@type":"WebPage","@id":"https:\/\/vozolvapen.de\/product\/jnr-falcon-16000-black-ice\/","url":"https:\/\/vozolvapen.de\/product\/jnr-falcon-16000-black-ice\/","name":"Black Ice JNR Falcon 16k | 16000 Puff JNR Vape - vozolvapen","isPartOf":{"@id":"https:\/\/vozolvapen.de\/#website"},"primaryImageOfPage":{"@id":"https:\/\/vozolvapen.de\/product\/jnr-falcon-16000-black-ice\/#primaryimage"},"image":{"@id":"https:\/\/vozolvapen.de\/product\/jnr-falcon-16000-black-ice\/#primaryimage"},"thumbnailUrl":"https:\/\/vozolvapen.de\/wp-content\/uploads\/2026\/01\/JNR-FALON-16000-16K-Puffs-Disposable-Vape-Adjustable-Airflow-EU-Warehouse.webp","datePublished":"2026-01-03T09:06:56+00:00","dateModified":"2026-02-10T10:54:52+00:00","description":"Bold Black Ice JNR Falcon 16k. Intensywne je\u017cyny z lodow\u0105 nut\u0105. 16 000 zaci\u0105gni\u0119\u0107, akumulator JNR. Szybka wysy\u0142ka z naszego europejskiego magazynu.","breadcrumb":{"@id":"https:\/\/vozolvapen.de\/product\/jnr-falcon-16000-black-ice\/#breadcrumb"},"inLanguage":"pl-PL","potentialAction":[{"@type":"ReadAction","target":["https:\/\/vozolvapen.de\/product\/jnr-falcon-16000-black-ice\/"]}]},{"@type":"ImageObject","inLanguage":"pl-PL","@id":"https:\/\/vozolvapen.de\/product\/jnr-falcon-16000-black-ice\/#primaryimage","url":"https:\/\/vozolvapen.de\/wp-content\/uploads\/2026\/01\/JNR-FALON-16000-16K-Puffs-Disposable-Vape-Adjustable-Airflow-EU-Warehouse.webp","contentUrl":"https:\/\/vozolvapen.de\/wp-content\/uploads\/2026\/01\/JNR-FALON-16000-16K-Puffs-Disposable-Vape-Adjustable-Airflow-EU-Warehouse.webp","width":1080,"height":1080,"caption":"JNR FALON 16000 16K Puffs Disposable Vape Adjustable Airflow EU Warehouse"},{"@type":"BreadcrumbList","@id":"https:\/\/vozolvapen.de\/product\/jnr-falcon-16000-black-ice\/#breadcrumb","itemListElement":[{"@type":"ListItem","position":1,"name":"Home","item":"https:\/\/vozolvapen.de\/de\/"},{"@type":"ListItem","position":2,"name":"Shop","item":"https:\/\/vozolvapen.de\/shop\/"},{"@type":"ListItem","position":3,"name":"JNR Falcon 16000 &#8211; Black Ice"}]},{"@type":"WebSite","@id":"https:\/\/vozolvapen.de\/#website","url":"https:\/\/vozolvapen.de\/","name":"vozolvapen","description":"vozolvapen","publisher":{"@id":"https:\/\/vozolvapen.de\/#organization"},"potentialAction":[{"@type":"SearchAction","target":{"@type":"EntryPoint","urlTemplate":"https:\/\/vozolvapen.de\/?s={search_term_string}"},"query-input":{"@type":"PropertyValueSpecification","valueRequired":true,"valueName":"search_term_string"}}],"inLanguage":"pl-PL"},{"@type":"Organization","@id":"https:\/\/vozolvapen.de\/#organization","name":"vozolvapen","url":"https:\/\/vozolvapen.de\/","logo":{"@type":"ImageObject","inLanguage":"pl-PL","@id":"https:\/\/vozolvapen.de\/#\/schema\/logo\/image\/","url":"https:\/\/vozolvapen.de\/wp-content\/uploads\/2025\/12\/cropped-vozovapen-logo.webp","contentUrl":"https:\/\/vozolvapen.de\/wp-content\/uploads\/2025\/12\/cropped-vozovapen-logo.webp","width":470,"height":110,"caption":"vozolvapen"},"image":{"@id":"https:\/\/vozolvapen.de\/#\/schema\/logo\/image\/"}}]}},"tiered_pricing_type":"fixed","tiered_pricing_fixed_rules":{"30":"13.63","50":"10.63","100":"9.63","200":"8.63"},"tiered_pricing_product_settings":{"layout":"default","base_unit_name":{"singular":null,"plural":null},"default_variation":{}},"tiered_pricing_minimum_quantity":10,"tiered_pricing_roles_data":[],"tiered_pricing_percentage_rules":[],"tiered_pricing_maximum_quantity":null,"tiered_pricing_quantity_step":"10","_links":{"self":[{"href":"http:\/\/vozolvapen.de\/pl\/wp-json\/wp\/v2\/product\/51104","targetHints":{"allow":["GET"]}}],"collection":[{"href":"http:\/\/vozolvapen.de\/pl\/wp-json\/wp\/v2\/product"}],"about":[{"href":"http:\/\/vozolvapen.de\/pl\/wp-json\/wp\/v2\/types\/product"}],"replies":[{"embeddable":true,"href":"http:\/\/vozolvapen.de\/pl\/wp-json\/wp\/v2\/comments?post=51104"}],"wp:featuredmedia":[{"embeddable":true,"href":"http:\/\/vozolvapen.de\/pl\/wp-json\/wp\/v2\/media\/51832"}],"wp:attachment":[{"href":"http:\/\/vozolvapen.de\/pl\/wp-json\/wp\/v2\/media?parent=51104"}],"wp:term":[{"taxonomy":"product_brand","embeddable":true,"href":"http:\/\/vozolvapen.de\/pl\/wp-json\/wp\/v2\/product_brand?post=51104"},{"taxonomy":"product_cat","embeddable":true,"href":"http:\/\/vozolvapen.de\/pl\/wp-json\/wp\/v2\/product_cat?post=51104"},{"taxonomy":"product_tag","embeddable":true,"href":"http:\/\/vozolvapen.de\/pl\/wp-json\/wp\/v2\/product_tag?post=51104"}],"curies":[{"name":"wp","href":"https:\/\/api.w.org\/{rel}","templated":true}]}}