{"id":51559,"date":"2026-01-03T09:07:15","date_gmt":"2026-01-03T09:07:15","guid":{"rendered":"https:\/\/vozolvapen.de\/?post_type=product&#038;p=51559"},"modified":"2026-02-10T10:54:40","modified_gmt":"2026-02-10T10:54:40","slug":"jnr-falcon-16000-mi-amor","status":"publish","type":"product","link":"http:\/\/vozolvapen.de\/pl\/product\/jnr-falcon-16000-mi-amor\/","title":{"rendered":"JNR Falcon 16000 - Mi Amor"},"content":{"rendered":"<h1 data-path-to-node=\"39\"><b data-path-to-node=\"39\" data-index-in-node=\"0\">JNR Falcon 16000 - Mi Amor<\/b><\/h1>\n<p data-path-to-node=\"40\"><b class=\"\" data-path-to-node=\"40\" data-index-in-node=\"0\">\u015ar\u00f3dziemnomorski romans:<\/b><span class=\"\"> Unikalna mieszanka inspirowana shish\u0105, kt\u00f3ra zdoby\u0142a popularno\u015b\u0107 na ca\u0142ym \u015bwiecie. <\/span><b class=\"\" data-path-to-node=\"40\" data-index-in-node=\"77\">jnr falcon 16k<\/b><span class=\"\"> seria szturmem.<\/span><span class=\"\"> Mi Amor \u0142\u0105czy aksamitn\u0105 kremowo\u015b\u0107 dojrza\u0142ych banan\u00f3w z ostrym smakiem,<\/span><span class=\"\"> kwa\u015bny posmak \u015bwie\u017cego ananasa.<\/span><span class=\"\"> To jest s\u0142odkie,<\/span><span class=\"\"> g\u0142adka,<\/span><span class=\"\"> i ch\u0142odz\u0105cy romans dla kubk\u00f3w smakowych.<\/span><\/p>\n<h2 data-path-to-node=\"41\"><b class=\"\" data-path-to-node=\"41\" data-index-in-node=\"0\">Mi Amor Deep Dive<\/b><\/h2>\n<ul data-path-to-node=\"42\">\n<li>\n<p data-path-to-node=\"42,0,0\"><b class=\"\" data-path-to-node=\"42,0,0\" data-index-in-node=\"0\">Wdech:<\/b><span class=\"\"> Dojrza\u0142y,<\/span><span class=\"\"> ma\u015blana s\u0142odycz banana.<\/span><\/p>\n<\/li>\n<li>\n<p data-path-to-node=\"42,1,0\"><b class=\"\" data-path-to-node=\"42,1,0\" data-index-in-node=\"0\">The Exhale:<\/b><span class=\"\"> Pikantny ananas i delikatny mentolowy powiew, kt\u00f3ry \u0142agodzi kremow\u0105 nut\u0119.<\/span><\/p>\n<\/li>\n<\/ul>\n<h2 data-path-to-node=\"43\"><b class=\"\" data-path-to-node=\"43\" data-index-in-node=\"0\">Dla kogo przeznaczony jest ten smak?<\/b><\/h2>\n<p data-path-to-node=\"43\"><b class=\"\" data-path-to-node=\"43\" data-index-in-node=\"24\">Koneser:<\/b><span class=\"\"> Dla tych, kt\u00f3rzy szukaj\u0105 \u201cg\u0119stego\u201d odczucia w ustach i kontrastu smakowego, kt\u00f3ry jest zar\u00f3wno kremowy, jak i cierpki.<\/span><\/p>\n<h2 data-path-to-node=\"21\"><b data-path-to-node=\"21\" data-index-in-node=\"0\">Mi Amor - Specyfikacja<\/b><\/h2>\n<table data-path-to-node=\"22\">\n<thead>\n<tr>\n<td><strong>Sprz\u0119t i wydajno\u015b\u0107<\/strong><\/td>\n<td><strong>Szczeg\u00f3\u0142y<\/strong><\/td>\n<td><strong>Indeks dozna\u0144 smakowych<\/strong><\/td>\n<\/tr>\n<\/thead>\n<tbody>\n<tr>\n<td><span data-path-to-node=\"22,1,0,0\"><b data-path-to-node=\"22,1,0,0\" data-index-in-node=\"0\">Model<\/b><\/span><\/td>\n<td><span data-path-to-node=\"22,1,1,0\">JNR Falcon 16000<\/span><\/td>\n<td><span data-path-to-node=\"22,1,2,0\"><b data-path-to-node=\"22,1,2,0\" data-index-in-node=\"0\">Intensywno\u015b\u0107 ch\u0142odzenia:<\/b> \u2744\ufe0f\u2744\ufe0f<\/span><\/td>\n<\/tr>\n<tr>\n<td><span data-path-to-node=\"22,2,0,0\"><b data-path-to-node=\"22,2,0,0\" data-index-in-node=\"0\">Typ przep\u0142ywu powietrza<\/b><\/span><\/td>\n<td><span data-path-to-node=\"22,2,1,0\">Regulowany d\u00f3\u0142<\/span><\/td>\n<td><span data-path-to-node=\"22,2,2,0\"><b data-path-to-node=\"22,2,2,0\" data-index-in-node=\"0\">Kremowa konsystencja:<\/b> \ud83c\udf66\ud83c\udf66\ud83c\udf66\ud83c\udf66<\/span><\/td>\n<\/tr>\n<tr>\n<td><span data-path-to-node=\"22,3,0,0\"><b data-path-to-node=\"22,3,0,0\" data-index-in-node=\"0\">Coil Tech<\/b><\/span><\/td>\n<td><span data-path-to-node=\"22,3,1,0\">Podw\u00f3jna optymalizacja smaku<\/span><\/td>\n<td><span data-path-to-node=\"22,3,2,0\"><b data-path-to-node=\"22,3,2,0\" data-index-in-node=\"0\">Fruit Balance:<\/b> \ud83c\udf4c\ud83c\udf4d\u2728<\/span><\/td>\n<\/tr>\n<tr>\n<td><span data-path-to-node=\"22,4,0,0\"><b data-path-to-node=\"22,4,0,0\" data-index-in-node=\"0\">\u0141adowanie<\/b><\/span><\/td>\n<td><span data-path-to-node=\"22,4,1,0\">Type-C i Lightning<\/span><\/td>\n<td><span data-path-to-node=\"22,4,2,0\"><b data-path-to-node=\"22,4,2,0\" data-index-in-node=\"0\">Najlepszy przep\u0142yw powietrza:<\/b> \u015aredni (p\u0142ynne rysowanie)<\/span><\/td>\n<\/tr>\n<\/tbody>\n<\/table>\n<h3 class=\"\" data-path-to-node=\"57\"><b data-path-to-node=\"57\" data-index-in-node=\"0\">Nawigacja wewn\u0119trzna i linki<\/b><\/h3>\n<p data-path-to-node=\"58\"><span class=\"\">Odkryj jeszcze wi\u0119cej niesamowitych smak\u00f3w dzi\u0119ki <\/span><b class=\"\" data-path-to-node=\"58\" data-index-in-node=\"47\">JNR Falcon 16000 Puff Vape<\/b><span class=\"\">!<\/span><\/p>\n<p data-path-to-node=\"59\"><a class=\"ng-star-inserted\" href=\"https:\/\/vozolvapen.de\/pl\/product-category\/jnr-vape\/jnr-falcon-16000-puff-vape\/\" target=\"_blank\" rel=\"noopener noreferrer nofollow\" data-hveid=\"0\" data-ved=\"0CAAQ_4QMahgKEwiSjOaG9-6RAxUAAAAAHQAAAAAQsAQ\">Zobacz wszystkie odmiany tutaj \u2192<\/a><\/p>\n<p data-path-to-node=\"60\"><span class=\"\">Zapoznaj si\u0119 z nasz\u0105 pe\u0142n\u0105 kolekcj\u0105 i kupuj produkty najlepszych marek vape, kt\u00f3re pokochasz.<\/span><\/p>\n<p data-path-to-node=\"61\"><a class=\"ng-star-inserted\" href=\"https:\/\/vozolvapen.de\/pl\/\" target=\"_blank\" rel=\"noopener noreferrer nofollow\" data-hveid=\"0\" data-ved=\"0CAAQ_4QMahgKEwiSjOaG9-6RAxUAAAAAHQAAAAAQsQQ\">Przegl\u0105daj teraz wszystkie marki \u2192<\/a><\/p>\n<p data-path-to-node=\"62\"><span class=\"\">Sprawd\u017a ca\u0142o\u015b\u0107 <\/span><b class=\"\" data-path-to-node=\"62\" data-index-in-node=\"23\">JNR Vape<\/b><span class=\"\"> seria - ka\u017cdy smak,<\/span><span class=\"\"> ka\u017cdy styl!<\/span><\/p>\n<p data-path-to-node=\"63\"><a class=\"ng-star-inserted\" href=\"https:\/\/vozolvapen.de\/pl\/product-category\/jnr-vape\/\" target=\"_blank\" rel=\"noopener noreferrer nofollow\" data-hveid=\"0\" data-ved=\"0CAAQ_4QMahgKEwiSjOaG9-6RAxUAAAAAHQAAAAAQsgQ\">Zobacz pe\u0142n\u0105 kolekcj\u0119 JNR Vape \u2192<\/a><\/p>\n<h3 data-path-to-node=\"64\"><b class=\"\" data-path-to-node=\"64\" data-index-in-node=\"0\">Szukasz puff jnr 16k grossiste?<\/b><\/h3>\n<p data-path-to-node=\"64\"><span class=\"\">Oferujemy ceny hurtowe na wszystkie <\/span><b class=\"\" data-path-to-node=\"64\" data-index-in-node=\"67\">jnr falcon 16k<\/b><span class=\"\"> modele.<\/span><span class=\"\"> Korzystaj z op\u0142aconej wysy\u0142ki z naszego <\/span><b class=\"\" data-path-to-node=\"64\" data-index-in-node=\"124\">Magazyn europejski<\/b><span class=\"\"> z dostaw\u0105 w ci\u0105gu zaledwie 1-3 dni.<\/span><span class=\"\"> Skontaktuj si\u0119 z nami, aby uzyska\u0107 ceny hurtowe na 10 opakowa\u0144.<\/span><\/p>","protected":false},"excerpt":{"rendered":"<p><b data-path-to-node=\"4,7,4,0\" data-index-in-node=\"0\">\u015ar\u00f3dziemnomorski romans.<\/b> Aksamitna mieszanka dojrza\u0142ego banana i pikantnego ananasa. G\u0142adki, kremowy i egzotyczny - stworzony dla vaper\u00f3w wymagaj\u0105cych wyrafinowanego smaku.<\/p>","protected":false},"featured_media":51836,"comment_status":"open","ping_status":"closed","template":"","meta":{"_acf_changed":false},"product_brand":[],"product_cat":[134,60],"product_tag":[],"class_list":{"0":"post-51559","1":"product","2":"type-product","3":"status-publish","4":"has-post-thumbnail","6":"product_cat-eu-warehouse-in-stock","7":"product_cat-jnr-falcon-16000-puff-vape","9":"first","10":"instock","11":"shipping-taxable","12":"purchasable","13":"product-type-variable"},"acf":[],"yoast_head":"<!-- This site is optimized with the Yoast SEO Premium plugin v26.1 (Yoast SEO v27.5) - https:\/\/yoast.com\/product\/yoast-seo-premium-wordpress\/ -->\n<title>Mi Amor JNR Falcon 16k | Banana &amp; Pineapple 16k - vozolvapen<\/title>\n<meta name=\"description\" content=\"Discover Mi Amor JNR Falcon 16k. Unique banana and pineapple blend with 16,000 puffs. Adjustable airflow and dual charging. Fast 1-3 day EU delivery.\" \/>\n<meta name=\"robots\" content=\"index, follow, max-snippet:-1, max-image-preview:large, max-video-preview:-1\" \/>\n<link rel=\"canonical\" href=\"https:\/\/vozolvapen.de\/pl\/product\/jnr-falcon-16000-mi-amor\/\" \/>\n<meta property=\"og:locale\" content=\"pl_PL\" \/>\n<meta property=\"og:type\" content=\"article\" \/>\n<meta property=\"og:title\" content=\"JNR Falcon 16000 - Mi Amor\" \/>\n<meta property=\"og:description\" content=\"Discover Mi Amor JNR Falcon 16k. Unique banana and pineapple blend with 16,000 puffs. Adjustable airflow and dual charging. Fast 1-3 day EU delivery.\" \/>\n<meta property=\"og:url\" content=\"https:\/\/vozolvapen.de\/pl\/product\/jnr-falcon-16000-mi-amor\/\" \/>\n<meta property=\"og:site_name\" content=\"vozolvapen\" \/>\n<meta property=\"article:modified_time\" content=\"2026-02-10T10:54:40+00:00\" \/>\n<meta property=\"og:image\" content=\"https:\/\/vozolvapen.de\/wp-content\/uploads\/2026\/01\/JNR-Falcon-X-18000-Mi-Amor-1.webp\" \/>\n\t<meta property=\"og:image:width\" content=\"1200\" \/>\n\t<meta property=\"og:image:height\" content=\"1200\" \/>\n\t<meta property=\"og:image:type\" content=\"image\/webp\" \/>\n<meta name=\"twitter:card\" content=\"summary_large_image\" \/>\n<meta name=\"twitter:label1\" content=\"Szacowany czas czytania\" \/>\n\t<meta name=\"twitter:data1\" content=\"2 minuty\" \/>\n<script type=\"application\/ld+json\" class=\"yoast-schema-graph\">{\"@context\":\"https:\\\/\\\/schema.org\",\"@graph\":[{\"@type\":\"WebPage\",\"@id\":\"https:\\\/\\\/vozolvapen.de\\\/product\\\/jnr-falcon-16000-mi-amor\\\/\",\"url\":\"https:\\\/\\\/vozolvapen.de\\\/product\\\/jnr-falcon-16000-mi-amor\\\/\",\"name\":\"Mi Amor JNR Falcon 16k | Banana & Pineapple 16k - vozolvapen\",\"isPartOf\":{\"@id\":\"https:\\\/\\\/vozolvapen.de\\\/#website\"},\"primaryImageOfPage\":{\"@id\":\"https:\\\/\\\/vozolvapen.de\\\/product\\\/jnr-falcon-16000-mi-amor\\\/#primaryimage\"},\"image\":{\"@id\":\"https:\\\/\\\/vozolvapen.de\\\/product\\\/jnr-falcon-16000-mi-amor\\\/#primaryimage\"},\"thumbnailUrl\":\"https:\\\/\\\/vozolvapen.de\\\/wp-content\\\/uploads\\\/2026\\\/01\\\/JNR-Falcon-X-18000-Mi-Amor-1.webp\",\"datePublished\":\"2026-01-03T09:07:15+00:00\",\"dateModified\":\"2026-02-10T10:54:40+00:00\",\"description\":\"Discover Mi Amor JNR Falcon 16k. Unique banana and pineapple blend with 16,000 puffs. Adjustable airflow and dual charging. Fast 1-3 day EU delivery.\",\"breadcrumb\":{\"@id\":\"https:\\\/\\\/vozolvapen.de\\\/product\\\/jnr-falcon-16000-mi-amor\\\/#breadcrumb\"},\"inLanguage\":\"pl-PL\",\"potentialAction\":[{\"@type\":\"ReadAction\",\"target\":[\"https:\\\/\\\/vozolvapen.de\\\/product\\\/jnr-falcon-16000-mi-amor\\\/\"]}]},{\"@type\":\"ImageObject\",\"inLanguage\":\"pl-PL\",\"@id\":\"https:\\\/\\\/vozolvapen.de\\\/product\\\/jnr-falcon-16000-mi-amor\\\/#primaryimage\",\"url\":\"https:\\\/\\\/vozolvapen.de\\\/wp-content\\\/uploads\\\/2026\\\/01\\\/JNR-Falcon-X-18000-Mi-Amor-1.webp\",\"contentUrl\":\"https:\\\/\\\/vozolvapen.de\\\/wp-content\\\/uploads\\\/2026\\\/01\\\/JNR-Falcon-X-18000-Mi-Amor-1.webp\",\"width\":1200,\"height\":1200,\"caption\":\"JNR Falcon X 18000 - Mi Amor\"},{\"@type\":\"BreadcrumbList\",\"@id\":\"https:\\\/\\\/vozolvapen.de\\\/product\\\/jnr-falcon-16000-mi-amor\\\/#breadcrumb\",\"itemListElement\":[{\"@type\":\"ListItem\",\"position\":1,\"name\":\"Home\",\"item\":\"https:\\\/\\\/vozolvapen.de\\\/de\\\/\"},{\"@type\":\"ListItem\",\"position\":2,\"name\":\"Shop\",\"item\":\"https:\\\/\\\/vozolvapen.de\\\/shop\\\/\"},{\"@type\":\"ListItem\",\"position\":3,\"name\":\"JNR Falcon 16000 &#8211; Mi Amor\"}]},{\"@type\":\"WebSite\",\"@id\":\"https:\\\/\\\/vozolvapen.de\\\/#website\",\"url\":\"https:\\\/\\\/vozolvapen.de\\\/\",\"name\":\"vozolvapen\",\"description\":\"vozolvapen\",\"publisher\":{\"@id\":\"https:\\\/\\\/vozolvapen.de\\\/#organization\"},\"potentialAction\":[{\"@type\":\"SearchAction\",\"target\":{\"@type\":\"EntryPoint\",\"urlTemplate\":\"https:\\\/\\\/vozolvapen.de\\\/?s={search_term_string}\"},\"query-input\":{\"@type\":\"PropertyValueSpecification\",\"valueRequired\":true,\"valueName\":\"search_term_string\"}}],\"inLanguage\":\"pl-PL\"},{\"@type\":\"Organization\",\"@id\":\"https:\\\/\\\/vozolvapen.de\\\/#organization\",\"name\":\"vozolvapen\",\"url\":\"https:\\\/\\\/vozolvapen.de\\\/\",\"logo\":{\"@type\":\"ImageObject\",\"inLanguage\":\"pl-PL\",\"@id\":\"https:\\\/\\\/vozolvapen.de\\\/#\\\/schema\\\/logo\\\/image\\\/\",\"url\":\"https:\\\/\\\/vozolvapen.de\\\/wp-content\\\/uploads\\\/2025\\\/12\\\/cropped-vozovapen-logo.webp\",\"contentUrl\":\"https:\\\/\\\/vozolvapen.de\\\/wp-content\\\/uploads\\\/2025\\\/12\\\/cropped-vozovapen-logo.webp\",\"width\":470,\"height\":110,\"caption\":\"vozolvapen\"},\"image\":{\"@id\":\"https:\\\/\\\/vozolvapen.de\\\/#\\\/schema\\\/logo\\\/image\\\/\"}}]}<\/script>\n<!-- \/ Yoast SEO Premium plugin. -->","yoast_head_json":{"title":"Mi Amor JNR Falcon 16k | Banana &amp; Pineapple 16k - vozolvapen","description":"Odkryj Mi Amor JNR Falcon 16k. Unikalna mieszanka banan\u00f3w i ananas\u00f3w z 16 000 zaci\u0105gni\u0119\u0107. Regulowany przep\u0142yw powietrza i podw\u00f3jne \u0142adowanie. Szybka dostawa w ci\u0105gu 1-3 dni w UE.","robots":{"index":"index","follow":"follow","max-snippet":"max-snippet:-1","max-image-preview":"max-image-preview:large","max-video-preview":"max-video-preview:-1"},"canonical":"https:\/\/vozolvapen.de\/pl\/product\/jnr-falcon-16000-mi-amor\/","og_locale":"pl_PL","og_type":"article","og_title":"JNR Falcon 16000 - Mi Amor","og_description":"Discover Mi Amor JNR Falcon 16k. Unique banana and pineapple blend with 16,000 puffs. Adjustable airflow and dual charging. Fast 1-3 day EU delivery.","og_url":"https:\/\/vozolvapen.de\/pl\/product\/jnr-falcon-16000-mi-amor\/","og_site_name":"vozolvapen","article_modified_time":"2026-02-10T10:54:40+00:00","og_image":[{"width":1200,"height":1200,"url":"https:\/\/vozolvapen.de\/wp-content\/uploads\/2026\/01\/JNR-Falcon-X-18000-Mi-Amor-1.webp","type":"image\/webp"}],"twitter_card":"summary_large_image","twitter_misc":{"Szacowany czas czytania":"2 minuty"},"schema":{"@context":"https:\/\/schema.org","@graph":[{"@type":"WebPage","@id":"https:\/\/vozolvapen.de\/product\/jnr-falcon-16000-mi-amor\/","url":"https:\/\/vozolvapen.de\/product\/jnr-falcon-16000-mi-amor\/","name":"Mi Amor JNR Falcon 16k | Banana &amp; Pineapple 16k - vozolvapen","isPartOf":{"@id":"https:\/\/vozolvapen.de\/#website"},"primaryImageOfPage":{"@id":"https:\/\/vozolvapen.de\/product\/jnr-falcon-16000-mi-amor\/#primaryimage"},"image":{"@id":"https:\/\/vozolvapen.de\/product\/jnr-falcon-16000-mi-amor\/#primaryimage"},"thumbnailUrl":"https:\/\/vozolvapen.de\/wp-content\/uploads\/2026\/01\/JNR-Falcon-X-18000-Mi-Amor-1.webp","datePublished":"2026-01-03T09:07:15+00:00","dateModified":"2026-02-10T10:54:40+00:00","description":"Odkryj Mi Amor JNR Falcon 16k. Unikalna mieszanka banan\u00f3w i ananas\u00f3w z 16 000 zaci\u0105gni\u0119\u0107. Regulowany przep\u0142yw powietrza i podw\u00f3jne \u0142adowanie. Szybka dostawa w ci\u0105gu 1-3 dni w UE.","breadcrumb":{"@id":"https:\/\/vozolvapen.de\/product\/jnr-falcon-16000-mi-amor\/#breadcrumb"},"inLanguage":"pl-PL","potentialAction":[{"@type":"ReadAction","target":["https:\/\/vozolvapen.de\/product\/jnr-falcon-16000-mi-amor\/"]}]},{"@type":"ImageObject","inLanguage":"pl-PL","@id":"https:\/\/vozolvapen.de\/product\/jnr-falcon-16000-mi-amor\/#primaryimage","url":"https:\/\/vozolvapen.de\/wp-content\/uploads\/2026\/01\/JNR-Falcon-X-18000-Mi-Amor-1.webp","contentUrl":"https:\/\/vozolvapen.de\/wp-content\/uploads\/2026\/01\/JNR-Falcon-X-18000-Mi-Amor-1.webp","width":1200,"height":1200,"caption":"JNR Falcon X 18000 - Mi Amor"},{"@type":"BreadcrumbList","@id":"https:\/\/vozolvapen.de\/product\/jnr-falcon-16000-mi-amor\/#breadcrumb","itemListElement":[{"@type":"ListItem","position":1,"name":"Home","item":"https:\/\/vozolvapen.de\/de\/"},{"@type":"ListItem","position":2,"name":"Shop","item":"https:\/\/vozolvapen.de\/shop\/"},{"@type":"ListItem","position":3,"name":"JNR Falcon 16000 &#8211; Mi Amor"}]},{"@type":"WebSite","@id":"https:\/\/vozolvapen.de\/#website","url":"https:\/\/vozolvapen.de\/","name":"vozolvapen","description":"vozolvapen","publisher":{"@id":"https:\/\/vozolvapen.de\/#organization"},"potentialAction":[{"@type":"SearchAction","target":{"@type":"EntryPoint","urlTemplate":"https:\/\/vozolvapen.de\/?s={search_term_string}"},"query-input":{"@type":"PropertyValueSpecification","valueRequired":true,"valueName":"search_term_string"}}],"inLanguage":"pl-PL"},{"@type":"Organization","@id":"https:\/\/vozolvapen.de\/#organization","name":"vozolvapen","url":"https:\/\/vozolvapen.de\/","logo":{"@type":"ImageObject","inLanguage":"pl-PL","@id":"https:\/\/vozolvapen.de\/#\/schema\/logo\/image\/","url":"https:\/\/vozolvapen.de\/wp-content\/uploads\/2025\/12\/cropped-vozovapen-logo.webp","contentUrl":"https:\/\/vozolvapen.de\/wp-content\/uploads\/2025\/12\/cropped-vozovapen-logo.webp","width":470,"height":110,"caption":"vozolvapen"},"image":{"@id":"https:\/\/vozolvapen.de\/#\/schema\/logo\/image\/"}}]}},"tiered_pricing_type":"fixed","tiered_pricing_fixed_rules":{"30":"13.63","50":"10.63","100":"9.63","200":"8.63"},"tiered_pricing_product_settings":{"layout":"default","base_unit_name":{"singular":null,"plural":null},"default_variation":{}},"tiered_pricing_minimum_quantity":10,"tiered_pricing_roles_data":[],"tiered_pricing_percentage_rules":[],"tiered_pricing_maximum_quantity":null,"tiered_pricing_quantity_step":"10","_links":{"self":[{"href":"http:\/\/vozolvapen.de\/pl\/wp-json\/wp\/v2\/product\/51559","targetHints":{"allow":["GET"]}}],"collection":[{"href":"http:\/\/vozolvapen.de\/pl\/wp-json\/wp\/v2\/product"}],"about":[{"href":"http:\/\/vozolvapen.de\/pl\/wp-json\/wp\/v2\/types\/product"}],"replies":[{"embeddable":true,"href":"http:\/\/vozolvapen.de\/pl\/wp-json\/wp\/v2\/comments?post=51559"}],"wp:featuredmedia":[{"embeddable":true,"href":"http:\/\/vozolvapen.de\/pl\/wp-json\/wp\/v2\/media\/51836"}],"wp:attachment":[{"href":"http:\/\/vozolvapen.de\/pl\/wp-json\/wp\/v2\/media?parent=51559"}],"wp:term":[{"taxonomy":"product_brand","embeddable":true,"href":"http:\/\/vozolvapen.de\/pl\/wp-json\/wp\/v2\/product_brand?post=51559"},{"taxonomy":"product_cat","embeddable":true,"href":"http:\/\/vozolvapen.de\/pl\/wp-json\/wp\/v2\/product_cat?post=51559"},{"taxonomy":"product_tag","embeddable":true,"href":"http:\/\/vozolvapen.de\/pl\/wp-json\/wp\/v2\/product_tag?post=51559"}],"curies":[{"name":"wp","href":"https:\/\/api.w.org\/{rel}","templated":true}]}}