{"id":51650,"date":"2026-01-03T09:07:18","date_gmt":"2026-01-03T09:07:18","guid":{"rendered":"https:\/\/vozolvapen.de\/?post_type=product&#038;p=51650"},"modified":"2026-02-10T10:54:38","modified_gmt":"2026-02-10T10:54:38","slug":"jnr-falcon-16000-strawberry-red-bull","status":"publish","type":"product","link":"http:\/\/vozolvapen.de\/pl\/product\/jnr-falcon-16000-strawberry-red-bull\/","title":{"rendered":"JNR Falcon 16000 - Truskawkowy Red Bull"},"content":{"rendered":"<h1 data-path-to-node=\"45\"><b data-path-to-node=\"45\" data-index-in-node=\"0\">JNR Falcon 16000 - Truskawkowy Red Bull<\/b><\/h1>\n<p data-path-to-node=\"46\"><b class=\"\" data-path-to-node=\"46\" data-index-in-node=\"0\">The Energy Surge:<\/b><span class=\"\"> Elektryzuj\u0105ca mieszanka letnich truskawek i znanego na ca\u0142ym \u015bwiecie napoju energetycznego \u201czing\".<\/span><span class=\"\">\u201d Ten wysokowydajny <\/span><b class=\"\" data-path-to-node=\"46\" data-index-in-node=\"127\">jnr falcon 16k<\/b><span class=\"\"> Smak zosta\u0142 zaprojektowany tak, aby by\u0142 r\u00f3wnie energetyzuj\u0105cy jak <\/span><b class=\"\" data-path-to-node=\"46\" data-index-in-node=\"188\">akumulator jnr<\/b><span class=\"\"> Port Lightning jest szybki.<\/span><span class=\"\"> Jest ostry,<\/span><span class=\"\"> s\u0142odki,<\/span><span class=\"\"> i nasycony dwutlenkiem w\u0119gla.<\/span><\/p>\n<h2 data-path-to-node=\"47\"><b class=\"\" data-path-to-node=\"47\" data-index-in-node=\"0\">Strawberry Red Bull Deep Dive<\/b><\/h2>\n<ul data-path-to-node=\"48\">\n<li>\n<p data-path-to-node=\"48,0,0\"><b class=\"\" data-path-to-node=\"48,0,0\" data-index-in-node=\"0\">Wdech:<\/b><span class=\"\"> S\u0142odki,<\/span><span class=\"\"> kandyzowane truskawki.<\/span><\/p>\n<\/li>\n<li>\n<p data-path-to-node=\"48,1,0\"><b class=\"\" data-path-to-node=\"48,1,0\" data-index-in-node=\"0\">The Exhale:<\/b><span class=\"\"> Niepodwa\u017calne,<\/span><span class=\"\"> tarta,<\/span><span class=\"\"> i b\u0105belkowy smak klasycznego napoju energetycznego.<\/span><\/p>\n<\/li>\n<\/ul>\n<h2 data-path-to-node=\"49\"><b class=\"\" data-path-to-node=\"49\" data-index-in-node=\"0\">Dla kogo przeznaczony jest ten smak?<\/b><\/h2>\n<p data-path-to-node=\"49\"><b class=\"\" data-path-to-node=\"49\" data-index-in-node=\"24\">Vaper o wysokiej energii:<\/b><span class=\"\"> Idealny dla tych, kt\u00f3rzy kochaj\u0105 \u201cnapojowe\u201d smaki i chc\u0105 mocnego uderzenia,<\/span><span class=\"\"> s\u0142odki,<\/span><span class=\"\"> i pikantny smak.<\/span><\/p>\n<h2 data-path-to-node=\"24\"><b data-path-to-node=\"24\" data-index-in-node=\"0\">Truskawkowy Red Bull - Specyfikacja<\/b><\/h2>\n<table data-path-to-node=\"25\">\n<thead>\n<tr>\n<td><strong>Sprz\u0119t i wydajno\u015b\u0107<\/strong><\/td>\n<td><strong>Szczeg\u00f3\u0142y<\/strong><\/td>\n<td><strong>Indeks dozna\u0144 smakowych<\/strong><\/td>\n<\/tr>\n<\/thead>\n<tbody>\n<tr>\n<td><span data-path-to-node=\"25,1,0,0\"><b data-path-to-node=\"25,1,0,0\" data-index-in-node=\"0\">Model<\/b><\/span><\/td>\n<td><span data-path-to-node=\"25,1,1,0\">JNR Falcon 16000<\/span><\/td>\n<td><span data-path-to-node=\"25,1,2,0\"><b data-path-to-node=\"25,1,2,0\" data-index-in-node=\"0\">Intensywno\u015b\u0107 ch\u0142odzenia:<\/b> \u2744\ufe0f\u2744\ufe0f\u2744\ufe0f<\/span><\/td>\n<\/tr>\n<tr>\n<td><span data-path-to-node=\"25,2,0,0\"><b data-path-to-node=\"25,2,0,0\" data-index-in-node=\"0\">Seria urz\u0105dze\u0144<\/b><\/span><\/td>\n<td><span data-path-to-node=\"25,2,1,0\"><b data-path-to-node=\"25,2,1,0\" data-index-in-node=\"0\">jnr falcon 16k<\/b><\/span><\/td>\n<td><span data-path-to-node=\"25,2,2,0\"><b data-path-to-node=\"25,2,2,0\" data-index-in-node=\"0\">Energy Kick:<\/b> \u26a1\u26a1\u26a1\u26a1\u26a1<\/span><\/td>\n<\/tr>\n<tr>\n<td><span data-path-to-node=\"25,3,0,0\"><b data-path-to-node=\"25,3,0,0\" data-index-in-node=\"0\">E-Liquid<\/b><\/span><\/td>\n<td><span data-path-to-node=\"25,3,1,0\">22 ml soku premium<\/span><\/td>\n<td><span data-path-to-node=\"25,3,2,0\"><b data-path-to-node=\"25,3,2,0\" data-index-in-node=\"0\">S\u0142odycz:<\/b> \ud83c\udf6c\ud83c\udf6c\ud83c\udf6c\ud83c\udf6c<\/span><\/td>\n<\/tr>\n<tr>\n<td><span data-path-to-node=\"25,4,0,0\"><b data-path-to-node=\"25,4,0,0\" data-index-in-node=\"0\">Waga<\/b><\/span><\/td>\n<td><span data-path-to-node=\"25,4,1,0\">110g<\/span><\/td>\n<td><span data-path-to-node=\"25,4,2,0\"><b data-path-to-node=\"25,4,2,0\" data-index-in-node=\"0\">Najlepszy przep\u0142yw powietrza:<\/b> Szeroki (Fizzy Sensation)<\/span><\/td>\n<\/tr>\n<\/tbody>\n<\/table>\n<h3 class=\"\" data-path-to-node=\"57\"><b data-path-to-node=\"57\" data-index-in-node=\"0\">Nawigacja wewn\u0119trzna i linki<\/b><\/h3>\n<p data-path-to-node=\"58\"><span class=\"\">Odkryj jeszcze wi\u0119cej niesamowitych smak\u00f3w dzi\u0119ki <\/span><b class=\"\" data-path-to-node=\"58\" data-index-in-node=\"47\">JNR Falcon 16000 Puff Vape<\/b><span class=\"\">!<\/span><\/p>\n<p data-path-to-node=\"59\"><a class=\"ng-star-inserted\" href=\"https:\/\/vozolvapen.de\/pl\/product-category\/jnr-vape\/jnr-falcon-16000-puff-vape\/\" target=\"_blank\" rel=\"noopener noreferrer nofollow\" data-hveid=\"0\" data-ved=\"0CAAQ_4QMahgKEwiSjOaG9-6RAxUAAAAAHQAAAAAQsAQ\">Zobacz wszystkie odmiany tutaj \u2192<\/a><\/p>\n<p data-path-to-node=\"60\"><span class=\"\">Zapoznaj si\u0119 z nasz\u0105 pe\u0142n\u0105 kolekcj\u0105 i kupuj produkty najlepszych marek vape, kt\u00f3re pokochasz.<\/span><\/p>\n<p data-path-to-node=\"61\"><a class=\"ng-star-inserted\" href=\"https:\/\/vozolvapen.de\/pl\/\" target=\"_blank\" rel=\"noopener noreferrer nofollow\" data-hveid=\"0\" data-ved=\"0CAAQ_4QMahgKEwiSjOaG9-6RAxUAAAAAHQAAAAAQsQQ\">Przegl\u0105daj teraz wszystkie marki \u2192<\/a><\/p>\n<p data-path-to-node=\"62\"><span class=\"\">Sprawd\u017a ca\u0142o\u015b\u0107 <\/span><b class=\"\" data-path-to-node=\"62\" data-index-in-node=\"23\">JNR Vape<\/b><span class=\"\"> seria - ka\u017cdy smak,<\/span><span class=\"\"> ka\u017cdy styl!<\/span><\/p>\n<p data-path-to-node=\"63\"><a class=\"ng-star-inserted\" href=\"https:\/\/vozolvapen.de\/pl\/product-category\/jnr-vape\/\" target=\"_blank\" rel=\"noopener noreferrer nofollow\" data-hveid=\"0\" data-ved=\"0CAAQ_4QMahgKEwiSjOaG9-6RAxUAAAAAHQAAAAAQsgQ\">Zobacz pe\u0142n\u0105 kolekcj\u0119 JNR Vape \u2192<\/a><\/p>\n<h3 data-path-to-node=\"64\"><b class=\"\" data-path-to-node=\"64\" data-index-in-node=\"0\">Szukasz puff jnr 16k grossiste?<\/b><\/h3>\n<p data-path-to-node=\"64\"><span class=\"\">Oferujemy ceny hurtowe na wszystkie <\/span><b class=\"\" data-path-to-node=\"64\" data-index-in-node=\"67\">jnr falcon 16k<\/b><span class=\"\"> modele.<\/span><span class=\"\"> Korzystaj z op\u0142aconej wysy\u0142ki z naszego <\/span><b class=\"\" data-path-to-node=\"64\" data-index-in-node=\"124\">Magazyn europejski<\/b><span class=\"\"> z dostaw\u0105 w ci\u0105gu zaledwie 1-3 dni.<\/span><span class=\"\"> Skontaktuj si\u0119 z nami, aby uzyska\u0107 ceny hurtowe na 10 opakowa\u0144.<\/span><\/p>","protected":false},"excerpt":{"rendered":"<p><b data-path-to-node=\"4,8,4,0\" data-index-in-node=\"0\">The Energy Surge.<\/b> Wysokooktanowa mieszanka s\u0142odkich truskawek i charakterystycznego \u201czing\u201d napoju energetycznego. Ostry, musuj\u0105cy i zoptymalizowany pod k\u0105tem maksymalnego efektu.<\/p>","protected":false},"featured_media":51835,"comment_status":"open","ping_status":"closed","template":"","meta":{"_acf_changed":false},"product_brand":[],"product_cat":[134,60],"product_tag":[],"class_list":{"0":"post-51650","1":"product","2":"type-product","3":"status-publish","4":"has-post-thumbnail","6":"product_cat-eu-warehouse-in-stock","7":"product_cat-jnr-falcon-16000-puff-vape","9":"first","10":"instock","11":"shipping-taxable","12":"purchasable","13":"product-type-variable"},"acf":[],"yoast_head":"<!-- This site is optimized with the Yoast SEO Premium plugin v26.1 (Yoast SEO v27.5) - https:\/\/yoast.com\/product\/yoast-seo-premium-wordpress\/ -->\n<title>Strawberry Red Bull JNR Falcon 16k | 16000 Puffs - vozolvapen<\/title>\n<meta name=\"description\" content=\"Energizing Strawberry Red Bull JNR Falcon 16k. 16k puffs of berry and energy drink zing. Lightning charging &amp; EU stock. Shop the best jnr falcon 16k.\" \/>\n<meta name=\"robots\" content=\"index, follow, max-snippet:-1, max-image-preview:large, max-video-preview:-1\" \/>\n<link rel=\"canonical\" href=\"https:\/\/vozolvapen.de\/pl\/product\/jnr-falcon-16000-strawberry-red-bull\/\" \/>\n<meta property=\"og:locale\" content=\"pl_PL\" \/>\n<meta property=\"og:type\" content=\"article\" \/>\n<meta property=\"og:title\" content=\"JNR Falcon 16000 - Strawberry Red Bull\" \/>\n<meta property=\"og:description\" content=\"Energizing Strawberry Red Bull JNR Falcon 16k. 16k puffs of berry and energy drink zing. Lightning charging &amp; EU stock. Shop the best jnr falcon 16k.\" \/>\n<meta property=\"og:url\" content=\"https:\/\/vozolvapen.de\/pl\/product\/jnr-falcon-16000-strawberry-red-bull\/\" \/>\n<meta property=\"og:site_name\" content=\"vozolvapen\" \/>\n<meta property=\"article:modified_time\" content=\"2026-02-10T10:54:38+00:00\" \/>\n<meta property=\"og:image\" content=\"https:\/\/vozolvapen.de\/wp-content\/uploads\/2026\/01\/JNR-Falon-16000-Puffs-Disposable-Vape-1.webp\" \/>\n\t<meta property=\"og:image:width\" content=\"1000\" \/>\n\t<meta property=\"og:image:height\" content=\"1000\" \/>\n\t<meta property=\"og:image:type\" content=\"image\/webp\" \/>\n<meta name=\"twitter:card\" content=\"summary_large_image\" \/>\n<meta name=\"twitter:label1\" content=\"Szacowany czas czytania\" \/>\n\t<meta name=\"twitter:data1\" content=\"2 minuty\" \/>\n<script type=\"application\/ld+json\" class=\"yoast-schema-graph\">{\"@context\":\"https:\\\/\\\/schema.org\",\"@graph\":[{\"@type\":\"WebPage\",\"@id\":\"https:\\\/\\\/vozolvapen.de\\\/product\\\/jnr-falcon-16000-strawberry-red-bull\\\/\",\"url\":\"https:\\\/\\\/vozolvapen.de\\\/product\\\/jnr-falcon-16000-strawberry-red-bull\\\/\",\"name\":\"Strawberry Red Bull JNR Falcon 16k | 16000 Puffs - vozolvapen\",\"isPartOf\":{\"@id\":\"https:\\\/\\\/vozolvapen.de\\\/#website\"},\"primaryImageOfPage\":{\"@id\":\"https:\\\/\\\/vozolvapen.de\\\/product\\\/jnr-falcon-16000-strawberry-red-bull\\\/#primaryimage\"},\"image\":{\"@id\":\"https:\\\/\\\/vozolvapen.de\\\/product\\\/jnr-falcon-16000-strawberry-red-bull\\\/#primaryimage\"},\"thumbnailUrl\":\"https:\\\/\\\/vozolvapen.de\\\/wp-content\\\/uploads\\\/2026\\\/01\\\/JNR-Falon-16000-Puffs-Disposable-Vape-1.webp\",\"datePublished\":\"2026-01-03T09:07:18+00:00\",\"dateModified\":\"2026-02-10T10:54:38+00:00\",\"description\":\"Energizing Strawberry Red Bull JNR Falcon 16k. 16k puffs of berry and energy drink zing. Lightning charging & EU stock. Shop the best jnr falcon 16k.\",\"breadcrumb\":{\"@id\":\"https:\\\/\\\/vozolvapen.de\\\/product\\\/jnr-falcon-16000-strawberry-red-bull\\\/#breadcrumb\"},\"inLanguage\":\"pl-PL\",\"potentialAction\":[{\"@type\":\"ReadAction\",\"target\":[\"https:\\\/\\\/vozolvapen.de\\\/product\\\/jnr-falcon-16000-strawberry-red-bull\\\/\"]}]},{\"@type\":\"ImageObject\",\"inLanguage\":\"pl-PL\",\"@id\":\"https:\\\/\\\/vozolvapen.de\\\/product\\\/jnr-falcon-16000-strawberry-red-bull\\\/#primaryimage\",\"url\":\"https:\\\/\\\/vozolvapen.de\\\/wp-content\\\/uploads\\\/2026\\\/01\\\/JNR-Falon-16000-Puffs-Disposable-Vape-1.webp\",\"contentUrl\":\"https:\\\/\\\/vozolvapen.de\\\/wp-content\\\/uploads\\\/2026\\\/01\\\/JNR-Falon-16000-Puffs-Disposable-Vape-1.webp\",\"width\":1000,\"height\":1000,\"caption\":\"JNR Falon 16000 Puffs Disposable Vape #1\"},{\"@type\":\"BreadcrumbList\",\"@id\":\"https:\\\/\\\/vozolvapen.de\\\/product\\\/jnr-falcon-16000-strawberry-red-bull\\\/#breadcrumb\",\"itemListElement\":[{\"@type\":\"ListItem\",\"position\":1,\"name\":\"Home\",\"item\":\"https:\\\/\\\/vozolvapen.de\\\/de\\\/\"},{\"@type\":\"ListItem\",\"position\":2,\"name\":\"Shop\",\"item\":\"https:\\\/\\\/vozolvapen.de\\\/shop\\\/\"},{\"@type\":\"ListItem\",\"position\":3,\"name\":\"JNR Falcon 16000 &#8211; Strawberry Red Bull\"}]},{\"@type\":\"WebSite\",\"@id\":\"https:\\\/\\\/vozolvapen.de\\\/#website\",\"url\":\"https:\\\/\\\/vozolvapen.de\\\/\",\"name\":\"vozolvapen\",\"description\":\"vozolvapen\",\"publisher\":{\"@id\":\"https:\\\/\\\/vozolvapen.de\\\/#organization\"},\"potentialAction\":[{\"@type\":\"SearchAction\",\"target\":{\"@type\":\"EntryPoint\",\"urlTemplate\":\"https:\\\/\\\/vozolvapen.de\\\/?s={search_term_string}\"},\"query-input\":{\"@type\":\"PropertyValueSpecification\",\"valueRequired\":true,\"valueName\":\"search_term_string\"}}],\"inLanguage\":\"pl-PL\"},{\"@type\":\"Organization\",\"@id\":\"https:\\\/\\\/vozolvapen.de\\\/#organization\",\"name\":\"vozolvapen\",\"url\":\"https:\\\/\\\/vozolvapen.de\\\/\",\"logo\":{\"@type\":\"ImageObject\",\"inLanguage\":\"pl-PL\",\"@id\":\"https:\\\/\\\/vozolvapen.de\\\/#\\\/schema\\\/logo\\\/image\\\/\",\"url\":\"https:\\\/\\\/vozolvapen.de\\\/wp-content\\\/uploads\\\/2025\\\/12\\\/cropped-vozovapen-logo.webp\",\"contentUrl\":\"https:\\\/\\\/vozolvapen.de\\\/wp-content\\\/uploads\\\/2025\\\/12\\\/cropped-vozovapen-logo.webp\",\"width\":470,\"height\":110,\"caption\":\"vozolvapen\"},\"image\":{\"@id\":\"https:\\\/\\\/vozolvapen.de\\\/#\\\/schema\\\/logo\\\/image\\\/\"}}]}<\/script>\n<!-- \/ Yoast SEO Premium plugin. -->","yoast_head_json":{"title":"Strawberry Red Bull JNR Falcon 16k | 16000 Puff\u00f3w - vozolvapen","description":"Energetyzuj\u0105cy Red Bull Strawberry JNR Falcon 16k. 16 tysi\u0119cy zaci\u0105gni\u0119\u0107 jagodami i napojem energetycznym. B\u0142yskawiczne \u0142adowanie i magazyn w UE. Kupuj najlepiej jnr falcon 16k.","robots":{"index":"index","follow":"follow","max-snippet":"max-snippet:-1","max-image-preview":"max-image-preview:large","max-video-preview":"max-video-preview:-1"},"canonical":"https:\/\/vozolvapen.de\/pl\/product\/jnr-falcon-16000-strawberry-red-bull\/","og_locale":"pl_PL","og_type":"article","og_title":"JNR Falcon 16000 - Strawberry Red Bull","og_description":"Energizing Strawberry Red Bull JNR Falcon 16k. 16k puffs of berry and energy drink zing. Lightning charging & EU stock. Shop the best jnr falcon 16k.","og_url":"https:\/\/vozolvapen.de\/pl\/product\/jnr-falcon-16000-strawberry-red-bull\/","og_site_name":"vozolvapen","article_modified_time":"2026-02-10T10:54:38+00:00","og_image":[{"width":1000,"height":1000,"url":"https:\/\/vozolvapen.de\/wp-content\/uploads\/2026\/01\/JNR-Falon-16000-Puffs-Disposable-Vape-1.webp","type":"image\/webp"}],"twitter_card":"summary_large_image","twitter_misc":{"Szacowany czas czytania":"2 minuty"},"schema":{"@context":"https:\/\/schema.org","@graph":[{"@type":"WebPage","@id":"https:\/\/vozolvapen.de\/product\/jnr-falcon-16000-strawberry-red-bull\/","url":"https:\/\/vozolvapen.de\/product\/jnr-falcon-16000-strawberry-red-bull\/","name":"Strawberry Red Bull JNR Falcon 16k | 16000 Puff\u00f3w - vozolvapen","isPartOf":{"@id":"https:\/\/vozolvapen.de\/#website"},"primaryImageOfPage":{"@id":"https:\/\/vozolvapen.de\/product\/jnr-falcon-16000-strawberry-red-bull\/#primaryimage"},"image":{"@id":"https:\/\/vozolvapen.de\/product\/jnr-falcon-16000-strawberry-red-bull\/#primaryimage"},"thumbnailUrl":"https:\/\/vozolvapen.de\/wp-content\/uploads\/2026\/01\/JNR-Falon-16000-Puffs-Disposable-Vape-1.webp","datePublished":"2026-01-03T09:07:18+00:00","dateModified":"2026-02-10T10:54:38+00:00","description":"Energetyzuj\u0105cy Red Bull Strawberry JNR Falcon 16k. 16 tysi\u0119cy zaci\u0105gni\u0119\u0107 jagodami i napojem energetycznym. B\u0142yskawiczne \u0142adowanie i magazyn w UE. Kupuj najlepiej jnr falcon 16k.","breadcrumb":{"@id":"https:\/\/vozolvapen.de\/product\/jnr-falcon-16000-strawberry-red-bull\/#breadcrumb"},"inLanguage":"pl-PL","potentialAction":[{"@type":"ReadAction","target":["https:\/\/vozolvapen.de\/product\/jnr-falcon-16000-strawberry-red-bull\/"]}]},{"@type":"ImageObject","inLanguage":"pl-PL","@id":"https:\/\/vozolvapen.de\/product\/jnr-falcon-16000-strawberry-red-bull\/#primaryimage","url":"https:\/\/vozolvapen.de\/wp-content\/uploads\/2026\/01\/JNR-Falon-16000-Puffs-Disposable-Vape-1.webp","contentUrl":"https:\/\/vozolvapen.de\/wp-content\/uploads\/2026\/01\/JNR-Falon-16000-Puffs-Disposable-Vape-1.webp","width":1000,"height":1000,"caption":"JNR Falon 16000 Puffs Disposable Vape #1"},{"@type":"BreadcrumbList","@id":"https:\/\/vozolvapen.de\/product\/jnr-falcon-16000-strawberry-red-bull\/#breadcrumb","itemListElement":[{"@type":"ListItem","position":1,"name":"Home","item":"https:\/\/vozolvapen.de\/de\/"},{"@type":"ListItem","position":2,"name":"Shop","item":"https:\/\/vozolvapen.de\/shop\/"},{"@type":"ListItem","position":3,"name":"JNR Falcon 16000 &#8211; Strawberry Red Bull"}]},{"@type":"WebSite","@id":"https:\/\/vozolvapen.de\/#website","url":"https:\/\/vozolvapen.de\/","name":"vozolvapen","description":"vozolvapen","publisher":{"@id":"https:\/\/vozolvapen.de\/#organization"},"potentialAction":[{"@type":"SearchAction","target":{"@type":"EntryPoint","urlTemplate":"https:\/\/vozolvapen.de\/?s={search_term_string}"},"query-input":{"@type":"PropertyValueSpecification","valueRequired":true,"valueName":"search_term_string"}}],"inLanguage":"pl-PL"},{"@type":"Organization","@id":"https:\/\/vozolvapen.de\/#organization","name":"vozolvapen","url":"https:\/\/vozolvapen.de\/","logo":{"@type":"ImageObject","inLanguage":"pl-PL","@id":"https:\/\/vozolvapen.de\/#\/schema\/logo\/image\/","url":"https:\/\/vozolvapen.de\/wp-content\/uploads\/2025\/12\/cropped-vozovapen-logo.webp","contentUrl":"https:\/\/vozolvapen.de\/wp-content\/uploads\/2025\/12\/cropped-vozovapen-logo.webp","width":470,"height":110,"caption":"vozolvapen"},"image":{"@id":"https:\/\/vozolvapen.de\/#\/schema\/logo\/image\/"}}]}},"tiered_pricing_type":"fixed","tiered_pricing_fixed_rules":{"30":"13.63","50":"10.63","100":"9.63","200":"8.63"},"tiered_pricing_product_settings":{"layout":"default","base_unit_name":{"singular":null,"plural":null},"default_variation":{}},"tiered_pricing_minimum_quantity":10,"tiered_pricing_roles_data":[],"tiered_pricing_percentage_rules":[],"tiered_pricing_maximum_quantity":null,"tiered_pricing_quantity_step":"10","_links":{"self":[{"href":"http:\/\/vozolvapen.de\/pl\/wp-json\/wp\/v2\/product\/51650","targetHints":{"allow":["GET"]}}],"collection":[{"href":"http:\/\/vozolvapen.de\/pl\/wp-json\/wp\/v2\/product"}],"about":[{"href":"http:\/\/vozolvapen.de\/pl\/wp-json\/wp\/v2\/types\/product"}],"replies":[{"embeddable":true,"href":"http:\/\/vozolvapen.de\/pl\/wp-json\/wp\/v2\/comments?post=51650"}],"wp:featuredmedia":[{"embeddable":true,"href":"http:\/\/vozolvapen.de\/pl\/wp-json\/wp\/v2\/media\/51835"}],"wp:attachment":[{"href":"http:\/\/vozolvapen.de\/pl\/wp-json\/wp\/v2\/media?parent=51650"}],"wp:term":[{"taxonomy":"product_brand","embeddable":true,"href":"http:\/\/vozolvapen.de\/pl\/wp-json\/wp\/v2\/product_brand?post=51650"},{"taxonomy":"product_cat","embeddable":true,"href":"http:\/\/vozolvapen.de\/pl\/wp-json\/wp\/v2\/product_cat?post=51650"},{"taxonomy":"product_tag","embeddable":true,"href":"http:\/\/vozolvapen.de\/pl\/wp-json\/wp\/v2\/product_tag?post=51650"}],"curies":[{"name":"wp","href":"https:\/\/api.w.org\/{rel}","templated":true}]}}