{"id":51885,"date":"2026-01-04T03:49:23","date_gmt":"2026-01-04T03:49:23","guid":{"rendered":"https:\/\/vozolvapen.de\/?post_type=product&#038;p=51885"},"modified":"2026-02-10T10:54:34","modified_gmt":"2026-02-10T10:54:34","slug":"100k-vape-waspe-aiviou-100k-summer-splash-series","status":"publish","type":"product","link":"http:\/\/vozolvapen.de\/pl\/product\/100k-vape-waspe-aiviou-100k-summer-splash-series\/","title":{"rendered":"100k Vape Waspe Aiviou 100k - seria Summer Splash"},"content":{"rendered":"<h1>100k Vape Waspe Aiviou 100k Puffs - seria Summer Splash<\/h1>\n<p data-path-to-node=\"3\"><b data-path-to-node=\"3\" data-index-in-node=\"0\">Letnie orze\u017awienie:<\/b> Stworzony dla waper\u00f3w, kt\u00f3rzy uwielbiaj\u0105 rze\u015bkie, nawil\u017caj\u0105ce doznania. To <b data-path-to-node=\"3\" data-index-in-node=\"92\">100k Vape<\/b> Zestaw \u0142\u0105czy ch\u0142odz\u0105c\u0105 moc arbuza ze smakiem cytryny i kiwi. <span class=\"citation-42\">Z <\/span><b data-path-to-node=\"3\" data-index-in-node=\"191\"><span class=\"citation-42\">56 ml olejku do papieros\u00f3w elektronicznych<\/span><\/b><span class=\"citation-42\">, w <\/span><b data-path-to-node=\"3\" data-index-in-node=\"229\"><span class=\"citation-42\">Waspe 100k<\/span><\/b><span class=\"citation-42 citation-end-42\"> zapewnia od\u015bwie\u017cenie dzi\u0119ki czterem r\u00f3\u017cnym przej\u015bciom.<\/span><\/p>\n<h2 data-path-to-node=\"4\"><b data-path-to-node=\"4\" data-index-in-node=\"0\">The Orchard Refreshment Deep Dive<\/b><\/h2>\n<ul data-path-to-node=\"5\">\n<li>\n<p data-path-to-node=\"5,0,0\"><b data-path-to-node=\"5,0,0\" data-index-in-node=\"0\">Tryb A - Watermelon Ice:<\/b> Soczysta, mro\u017cona wersja ulubionego letniego owocu.<\/p>\n<\/li>\n<li>\n<p data-path-to-node=\"5,1,0\"><b data-path-to-node=\"5,1,0\" data-index-in-node=\"0\">Mode B - Strawberry Kiwi:<\/b> Klasyczny s\u0142odko-cierpki duet zapewnia p\u0142ynn\u0105, ca\u0142odzienn\u0105 inhalacj\u0119.<\/p>\n<\/li>\n<li>\n<p data-path-to-node=\"5,2,0\"><b data-path-to-node=\"5,2,0\" data-index-in-node=\"0\">Mode C - Raspberry Watermelon:<\/b> Bogaty jagodowy akcent na bazie chrupi\u0105cego arbuza.<\/p>\n<\/li>\n<li>\n<p data-path-to-node=\"5,3,0\"><b data-path-to-node=\"5,3,0\" data-index-in-node=\"0\">Mode D - Lemon Lime:<\/b> Ostra, cytrusowa eksplozja, kt\u00f3ra oczyszcza podniebienie.<\/p>\n<\/li>\n<\/ul>\n<h2 data-path-to-node=\"6\"><b data-path-to-node=\"6\" data-index-in-node=\"0\">Dla kogo przeznaczony jest ten smak?<\/b><\/h2>\n<p data-path-to-node=\"6\"><b data-path-to-node=\"6\" data-index-in-node=\"24\">Daily Hydrator:<\/b> Idealny dla tych, kt\u00f3rzy szukaj\u0105 <b data-path-to-node=\"6\" data-index-in-node=\"76\">vaper 100k zaci\u0105gni\u0119\u0107<\/b> lekki, owocowy i nigdy nie przyt\u0142aczaj\u0105cy. Dost\u0119pny jako <b data-path-to-node=\"6\" data-index-in-node=\"166\">vaper sin nicotina<\/b> dla mi\u0142o\u015bnik\u00f3w czystego smaku.<\/p>\n<h3 data-path-to-node=\"2\"><b data-path-to-node=\"2\" data-index-in-node=\"0\">Seria Summer Splash - specyfikacja<\/b><\/h3>\n<table data-path-to-node=\"3\">\n<thead>\n<tr>\n<td><strong>Profil wydajno\u015bci<\/strong><\/td>\n<td><strong>Dane techniczne Waspe 100k<\/strong><\/td>\n<td><strong>Indeks dozna\u0144 smakowych<\/strong><\/td>\n<\/tr>\n<\/thead>\n<tbody>\n<tr>\n<td><span data-path-to-node=\"3,1,0,0\"><b data-path-to-node=\"3,1,0,0\" data-index-in-node=\"0\">Pojemno\u015b\u0107 dmuchawy<\/b><\/span><\/td>\n<td><span data-path-to-node=\"3,1,1,0\">Do 100 000 zaci\u0105gni\u0119\u0107<\/span><\/td>\n<td><span data-path-to-node=\"3,1,2,0\"><b data-path-to-node=\"3,1,2,0\" data-index-in-node=\"0\">Intensywno\u015b\u0107 ch\u0142odzenia:<\/b> \u2744\ufe0f\u2744\ufe0f\u2744\ufe0f\u2744\ufe0f<\/span><\/td>\n<\/tr>\n<tr>\n<td><span data-path-to-node=\"3,2,0,0\"><b data-path-to-node=\"3,2,0,0\" data-index-in-node=\"0\">Rodzaj nikotyny<\/b><\/span><\/td>\n<td><span data-path-to-node=\"3,2,1,0\"><b data-path-to-node=\"3,2,1,0\" data-index-in-node=\"0\">vaper sin nicotina<\/b> \/ 2% \/ 5%<\/span><\/td>\n<td><span data-path-to-node=\"3,2,2,0\"><b data-path-to-node=\"3,2,2,0\" data-index-in-node=\"0\">Poziom s\u0142odyczy:<\/b> \ud83c\udf6c\ud83c\udf6c<\/span><\/td>\n<\/tr>\n<tr>\n<td><span data-path-to-node=\"3,3,0,0\"><b data-path-to-node=\"3,3,0,0\" data-index-in-node=\"0\">Pod System<\/b><\/span><\/td>\n<td><span data-path-to-node=\"3,3,1,0\">Obrotowe kapsu\u0142y 4 w 1<\/span><\/td>\n<td><span data-path-to-node=\"3,3,2,0\"><b data-path-to-node=\"3,3,2,0\" data-index-in-node=\"0\">Sk\u00f3rka cytrusowa:<\/b> \ud83c\udf4b\ud83c\udf4b\ud83c\udf4b\ud83c\udf4b\ud83c\udf4b<\/span><\/td>\n<\/tr>\n<tr>\n<td><span data-path-to-node=\"3,4,0,0\"><b data-path-to-node=\"3,4,0,0\" data-index-in-node=\"0\">Obj\u0119to\u015b\u0107 cieczy<\/b><\/span><\/td>\n<td><span data-path-to-node=\"3,4,1,0\">56ML (14ml x 4)<\/span><\/td>\n<td><span data-path-to-node=\"3,4,2,0\"><b data-path-to-node=\"3,4,2,0\" data-index-in-node=\"0\">Najlepszy przep\u0142yw powietrza:<\/b> Szeroko otwarte (maks. od\u015bwie\u017canie)<\/span><\/td>\n<\/tr>\n<\/tbody>\n<\/table>\n<h3>Przewodnik po mocy nikotyny<\/h3>\n<p data-path-to-node=\"8,0\"><b data-path-to-node=\"8,0\" data-index-in-node=\"0\">Wybierz sw\u00f3j hit: 0% | 2% | 5%<\/b><\/p>\n<ul data-path-to-node=\"8,1\">\n<li>\n<p data-path-to-node=\"8,1,0,0\"><b data-path-to-node=\"8,1,0,0\" data-index-in-node=\"0\">0% (bez nikotyny):<\/b> Najlepszy dla puryst\u00f3w smakowych i tych, kt\u00f3rzy odstawili nikotyn\u0119, ale uwielbiaj\u0105 doznania zwi\u0105zane z gonitw\u0105 za chmurk\u0105 (<b data-path-to-node=\"8,1,0,0\" data-index-in-node=\"116\">vaper sin nicotina<\/b>).<\/p>\n<\/li>\n<li>\n<p data-path-to-node=\"8,1,1,0\"><b data-path-to-node=\"8,1,1,0\" data-index-in-node=\"0\">2% (niska zawarto\u015b\u0107 nikotyny):<\/b> Idealny dla vaper\u00f3w towarzyskich lub tych, kt\u00f3rzy przechodz\u0105 z lekkich papieros\u00f3w.<\/p>\n<\/li>\n<li>\n<p data-path-to-node=\"8,1,2,0\"><b data-path-to-node=\"8,1,2,0\" data-index-in-node=\"0\">5% (wysoka zawarto\u015b\u0107 nikotyny):<\/b> Zaprojektowany dla ci\u0119\u017ckich waper\u00f3w poszukuj\u0105cych mocnego, satysfakcjonuj\u0105cego uderzenia w gard\u0142o przy ka\u017cdym zaci\u0105gni\u0119ciu.<\/p>\n<\/li>\n<\/ul>\n<h3 data-path-to-node=\"77\"><b data-path-to-node=\"77\" data-index-in-node=\"0\">Dalsze zalecenia:<\/b><\/h3>\n<p data-path-to-node=\"78\">Odkryj jeszcze wi\u0119cej niesamowitych smak\u00f3w dzi\u0119ki <b data-path-to-node=\"78\" data-index-in-node=\"47\">Waspe 4 w 1 100K Vape<\/b>!<\/p>\n<p data-path-to-node=\"79\"><a class=\"ng-star-inserted\" href=\"https:\/\/vozolvapen.de\/pl\/product-category\/waspe-vape\/100k-vape-waspe-aiviou-100k-4-in-1\/\" target=\"_blank\" rel=\"noopener noreferrer nofollow\" data-hveid=\"0\" data-ved=\"0CAAQ_4QMahgKEwjxyYqx9_CRAxUAAAAAHQAAAAAQ9wE\">Zobacz wszystkie odmiany tutaj \u2192<\/a><\/p>\n<p data-path-to-node=\"80\">Zapoznaj si\u0119 z nasz\u0105 pe\u0142n\u0105 kolekcj\u0105 i kupuj produkty najlepszych marek vape, kt\u00f3re pokochasz.<\/p>\n<p data-path-to-node=\"81\"><a class=\"ng-star-inserted\" href=\"https:\/\/vozolvapen.de\/pl\/\" target=\"_blank\" rel=\"noopener noreferrer nofollow\" data-hveid=\"0\" data-ved=\"0CAAQ_4QMahgKEwjxyYqx9_CRAxUAAAAAHQAAAAAQ-AE\">Przegl\u0105daj teraz wszystkie marki \u2192<\/a><\/p>\n<p data-path-to-node=\"82\">Sprawd\u017a ca\u0142o\u015b\u0107 <b data-path-to-node=\"82\" data-index-in-node=\"23\">Waspe Aiviou<\/b> Seria - ka\u017cdy smak, ka\u017cdy styl!<\/p>\n<p data-path-to-node=\"83\"><a class=\"ng-star-inserted\" href=\"https:\/\/vozolvapen.de\/pl\/product-category\/waspe-vape\/\" target=\"_blank\" rel=\"noopener noreferrer nofollow\" data-hveid=\"0\" data-ved=\"0CAAQ_4QMahgKEwjxyYqx9_CRAxUAAAAAHQAAAAAQ-QE\">Zobacz pe\u0142n\u0105 kolekcj\u0119 Waspe \u2192<\/a><\/p>","protected":false},"excerpt":{"rendered":"<p><b data-path-to-node=\"3,1,4,0\" data-index-in-node=\"0\">Ostateczne orze\u017awienie.<\/b> Pikantna mieszanka 4 w 1 arbuza, kiwi i cytryny. To <b data-path-to-node=\"3,1,4,0\" data-index-in-node=\"82\">Waspe 100k<\/b> zapewnia och\u0142od\u0119 dzi\u0119ki 100 000 puff\u00f3w arktycznej owocowej rozkoszy.<\/p>","protected":false},"featured_media":52367,"comment_status":"open","ping_status":"closed","template":"","meta":{"_acf_changed":false},"product_brand":[],"product_cat":[107,134],"product_tag":[],"class_list":{"0":"post-51885","1":"product","2":"type-product","3":"status-publish","4":"has-post-thumbnail","6":"product_cat-100k-vape-waspe-aiviou-100k-4-in-1","7":"product_cat-eu-warehouse-in-stock","9":"first","10":"instock","11":"shipping-taxable","12":"purchasable","13":"product-type-variable"},"acf":[],"yoast_head":"<!-- This site is optimized with the Yoast SEO Premium plugin v26.1 (Yoast SEO v27.5) - https:\/\/yoast.com\/product\/yoast-seo-premium-wordpress\/ -->\n<title>Summer Splash Waspe 100k | Refreshing 4-in-1 Vape - vozolvapen<\/title>\n<meta name=\"description\" content=\"Experience the Summer Splash Waspe 100k. 4-in-1 fruit pods, 56ml oil, and vaper sin nicotina options. Enjoy 100k vape puffs with 1-3 day EU delivery.\" \/>\n<meta name=\"robots\" content=\"index, follow, max-snippet:-1, max-image-preview:large, max-video-preview:-1\" \/>\n<link rel=\"canonical\" href=\"https:\/\/vozolvapen.de\/pl\/product\/100k-vape-waspe-aiviou-100k-summer-splash-series\/\" \/>\n<meta property=\"og:locale\" content=\"pl_PL\" \/>\n<meta property=\"og:type\" content=\"article\" \/>\n<meta property=\"og:title\" content=\"100k Vape Waspe Aiviou 100k - Summer Splash Series\" \/>\n<meta property=\"og:description\" content=\"Experience the Summer Splash Waspe 100k. 4-in-1 fruit pods, 56ml oil, and vaper sin nicotina options. Enjoy 100k vape puffs with 1-3 day EU delivery.\" \/>\n<meta property=\"og:url\" content=\"https:\/\/vozolvapen.de\/pl\/product\/100k-vape-waspe-aiviou-100k-summer-splash-series\/\" \/>\n<meta property=\"og:site_name\" content=\"vozolvapen\" \/>\n<meta property=\"article:modified_time\" content=\"2026-02-10T10:54:34+00:00\" \/>\n<meta property=\"og:image\" content=\"https:\/\/vozolvapen.de\/wp-content\/uploads\/2026\/01\/waspe-100k-Watermelon-lceStrawberry-kiwiRaspberry-WatermelonLemon-Lime.webp\" \/>\n\t<meta property=\"og:image:width\" content=\"1200\" \/>\n\t<meta property=\"og:image:height\" content=\"1200\" \/>\n\t<meta property=\"og:image:type\" content=\"image\/webp\" \/>\n<meta name=\"twitter:card\" content=\"summary_large_image\" \/>\n<meta name=\"twitter:label1\" content=\"Szacowany czas czytania\" \/>\n\t<meta name=\"twitter:data1\" content=\"2 minuty\" \/>\n<script type=\"application\/ld+json\" class=\"yoast-schema-graph\">{\"@context\":\"https:\\\/\\\/schema.org\",\"@graph\":[{\"@type\":\"WebPage\",\"@id\":\"https:\\\/\\\/vozolvapen.de\\\/product\\\/100k-vape-waspe-aiviou-100k-summer-splash-series\\\/\",\"url\":\"https:\\\/\\\/vozolvapen.de\\\/product\\\/100k-vape-waspe-aiviou-100k-summer-splash-series\\\/\",\"name\":\"Summer Splash Waspe 100k | Refreshing 4-in-1 Vape - vozolvapen\",\"isPartOf\":{\"@id\":\"https:\\\/\\\/vozolvapen.de\\\/#website\"},\"primaryImageOfPage\":{\"@id\":\"https:\\\/\\\/vozolvapen.de\\\/product\\\/100k-vape-waspe-aiviou-100k-summer-splash-series\\\/#primaryimage\"},\"image\":{\"@id\":\"https:\\\/\\\/vozolvapen.de\\\/product\\\/100k-vape-waspe-aiviou-100k-summer-splash-series\\\/#primaryimage\"},\"thumbnailUrl\":\"https:\\\/\\\/vozolvapen.de\\\/wp-content\\\/uploads\\\/2026\\\/01\\\/waspe-100k-Watermelon-lceStrawberry-kiwiRaspberry-WatermelonLemon-Lime.webp\",\"datePublished\":\"2026-01-04T03:49:23+00:00\",\"dateModified\":\"2026-02-10T10:54:34+00:00\",\"description\":\"Experience the Summer Splash Waspe 100k. 4-in-1 fruit pods, 56ml oil, and vaper sin nicotina options. Enjoy 100k vape puffs with 1-3 day EU delivery.\",\"breadcrumb\":{\"@id\":\"https:\\\/\\\/vozolvapen.de\\\/product\\\/100k-vape-waspe-aiviou-100k-summer-splash-series\\\/#breadcrumb\"},\"inLanguage\":\"pl-PL\",\"potentialAction\":[{\"@type\":\"ReadAction\",\"target\":[\"https:\\\/\\\/vozolvapen.de\\\/product\\\/100k-vape-waspe-aiviou-100k-summer-splash-series\\\/\"]}]},{\"@type\":\"ImageObject\",\"inLanguage\":\"pl-PL\",\"@id\":\"https:\\\/\\\/vozolvapen.de\\\/product\\\/100k-vape-waspe-aiviou-100k-summer-splash-series\\\/#primaryimage\",\"url\":\"https:\\\/\\\/vozolvapen.de\\\/wp-content\\\/uploads\\\/2026\\\/01\\\/waspe-100k-Watermelon-lceStrawberry-kiwiRaspberry-WatermelonLemon-Lime.webp\",\"contentUrl\":\"https:\\\/\\\/vozolvapen.de\\\/wp-content\\\/uploads\\\/2026\\\/01\\\/waspe-100k-Watermelon-lceStrawberry-kiwiRaspberry-WatermelonLemon-Lime.webp\",\"width\":1200,\"height\":1200,\"caption\":\"waspe 100k - Watermelon lce+Strawberry kiwi+Raspberry Watermelon+Lemon Lime\"},{\"@type\":\"BreadcrumbList\",\"@id\":\"https:\\\/\\\/vozolvapen.de\\\/product\\\/100k-vape-waspe-aiviou-100k-summer-splash-series\\\/#breadcrumb\",\"itemListElement\":[{\"@type\":\"ListItem\",\"position\":1,\"name\":\"Home\",\"item\":\"https:\\\/\\\/vozolvapen.de\\\/de\\\/\"},{\"@type\":\"ListItem\",\"position\":2,\"name\":\"Shop\",\"item\":\"https:\\\/\\\/vozolvapen.de\\\/shop\\\/\"},{\"@type\":\"ListItem\",\"position\":3,\"name\":\"100k Vape Waspe Aiviou 100k &#8211; Summer Splash Series\"}]},{\"@type\":\"WebSite\",\"@id\":\"https:\\\/\\\/vozolvapen.de\\\/#website\",\"url\":\"https:\\\/\\\/vozolvapen.de\\\/\",\"name\":\"vozolvapen\",\"description\":\"vozolvapen\",\"publisher\":{\"@id\":\"https:\\\/\\\/vozolvapen.de\\\/#organization\"},\"potentialAction\":[{\"@type\":\"SearchAction\",\"target\":{\"@type\":\"EntryPoint\",\"urlTemplate\":\"https:\\\/\\\/vozolvapen.de\\\/?s={search_term_string}\"},\"query-input\":{\"@type\":\"PropertyValueSpecification\",\"valueRequired\":true,\"valueName\":\"search_term_string\"}}],\"inLanguage\":\"pl-PL\"},{\"@type\":\"Organization\",\"@id\":\"https:\\\/\\\/vozolvapen.de\\\/#organization\",\"name\":\"vozolvapen\",\"url\":\"https:\\\/\\\/vozolvapen.de\\\/\",\"logo\":{\"@type\":\"ImageObject\",\"inLanguage\":\"pl-PL\",\"@id\":\"https:\\\/\\\/vozolvapen.de\\\/#\\\/schema\\\/logo\\\/image\\\/\",\"url\":\"https:\\\/\\\/vozolvapen.de\\\/wp-content\\\/uploads\\\/2025\\\/12\\\/cropped-vozovapen-logo.webp\",\"contentUrl\":\"https:\\\/\\\/vozolvapen.de\\\/wp-content\\\/uploads\\\/2025\\\/12\\\/cropped-vozovapen-logo.webp\",\"width\":470,\"height\":110,\"caption\":\"vozolvapen\"},\"image\":{\"@id\":\"https:\\\/\\\/vozolvapen.de\\\/#\\\/schema\\\/logo\\\/image\\\/\"}}]}<\/script>\n<!-- \/ Yoast SEO Premium plugin. -->","yoast_head_json":{"title":"Summer Splash Waspe 100k | Orze\u017awiaj\u0105ce 4 w 1 Vape - vozolvapen","description":"Poznaj Summer Splash Waspe 100k. Owocowe kapsu\u0142ki 4 w 1, 56 ml oleju i opcje vaper sin nicotina. Ciesz si\u0119 100 tys. vape puff\u00f3w z dostaw\u0105 w ci\u0105gu 1-3 dni w UE.","robots":{"index":"index","follow":"follow","max-snippet":"max-snippet:-1","max-image-preview":"max-image-preview:large","max-video-preview":"max-video-preview:-1"},"canonical":"https:\/\/vozolvapen.de\/pl\/product\/100k-vape-waspe-aiviou-100k-summer-splash-series\/","og_locale":"pl_PL","og_type":"article","og_title":"100k Vape Waspe Aiviou 100k - Summer Splash Series","og_description":"Experience the Summer Splash Waspe 100k. 4-in-1 fruit pods, 56ml oil, and vaper sin nicotina options. Enjoy 100k vape puffs with 1-3 day EU delivery.","og_url":"https:\/\/vozolvapen.de\/pl\/product\/100k-vape-waspe-aiviou-100k-summer-splash-series\/","og_site_name":"vozolvapen","article_modified_time":"2026-02-10T10:54:34+00:00","og_image":[{"width":1200,"height":1200,"url":"https:\/\/vozolvapen.de\/wp-content\/uploads\/2026\/01\/waspe-100k-Watermelon-lceStrawberry-kiwiRaspberry-WatermelonLemon-Lime.webp","type":"image\/webp"}],"twitter_card":"summary_large_image","twitter_misc":{"Szacowany czas czytania":"2 minuty"},"schema":{"@context":"https:\/\/schema.org","@graph":[{"@type":"WebPage","@id":"https:\/\/vozolvapen.de\/product\/100k-vape-waspe-aiviou-100k-summer-splash-series\/","url":"https:\/\/vozolvapen.de\/product\/100k-vape-waspe-aiviou-100k-summer-splash-series\/","name":"Summer Splash Waspe 100k | Orze\u017awiaj\u0105ce 4 w 1 Vape - vozolvapen","isPartOf":{"@id":"https:\/\/vozolvapen.de\/#website"},"primaryImageOfPage":{"@id":"https:\/\/vozolvapen.de\/product\/100k-vape-waspe-aiviou-100k-summer-splash-series\/#primaryimage"},"image":{"@id":"https:\/\/vozolvapen.de\/product\/100k-vape-waspe-aiviou-100k-summer-splash-series\/#primaryimage"},"thumbnailUrl":"https:\/\/vozolvapen.de\/wp-content\/uploads\/2026\/01\/waspe-100k-Watermelon-lceStrawberry-kiwiRaspberry-WatermelonLemon-Lime.webp","datePublished":"2026-01-04T03:49:23+00:00","dateModified":"2026-02-10T10:54:34+00:00","description":"Poznaj Summer Splash Waspe 100k. Owocowe kapsu\u0142ki 4 w 1, 56 ml oleju i opcje vaper sin nicotina. Ciesz si\u0119 100 tys. vape puff\u00f3w z dostaw\u0105 w ci\u0105gu 1-3 dni w UE.","breadcrumb":{"@id":"https:\/\/vozolvapen.de\/product\/100k-vape-waspe-aiviou-100k-summer-splash-series\/#breadcrumb"},"inLanguage":"pl-PL","potentialAction":[{"@type":"ReadAction","target":["https:\/\/vozolvapen.de\/product\/100k-vape-waspe-aiviou-100k-summer-splash-series\/"]}]},{"@type":"ImageObject","inLanguage":"pl-PL","@id":"https:\/\/vozolvapen.de\/product\/100k-vape-waspe-aiviou-100k-summer-splash-series\/#primaryimage","url":"https:\/\/vozolvapen.de\/wp-content\/uploads\/2026\/01\/waspe-100k-Watermelon-lceStrawberry-kiwiRaspberry-WatermelonLemon-Lime.webp","contentUrl":"https:\/\/vozolvapen.de\/wp-content\/uploads\/2026\/01\/waspe-100k-Watermelon-lceStrawberry-kiwiRaspberry-WatermelonLemon-Lime.webp","width":1200,"height":1200,"caption":"waspe 100k - Watermelon lce+Strawberry kiwi+Raspberry Watermelon+Lemon Lime"},{"@type":"BreadcrumbList","@id":"https:\/\/vozolvapen.de\/product\/100k-vape-waspe-aiviou-100k-summer-splash-series\/#breadcrumb","itemListElement":[{"@type":"ListItem","position":1,"name":"Home","item":"https:\/\/vozolvapen.de\/de\/"},{"@type":"ListItem","position":2,"name":"Shop","item":"https:\/\/vozolvapen.de\/shop\/"},{"@type":"ListItem","position":3,"name":"100k Vape Waspe Aiviou 100k &#8211; Summer Splash Series"}]},{"@type":"WebSite","@id":"https:\/\/vozolvapen.de\/#website","url":"https:\/\/vozolvapen.de\/","name":"vozolvapen","description":"vozolvapen","publisher":{"@id":"https:\/\/vozolvapen.de\/#organization"},"potentialAction":[{"@type":"SearchAction","target":{"@type":"EntryPoint","urlTemplate":"https:\/\/vozolvapen.de\/?s={search_term_string}"},"query-input":{"@type":"PropertyValueSpecification","valueRequired":true,"valueName":"search_term_string"}}],"inLanguage":"pl-PL"},{"@type":"Organization","@id":"https:\/\/vozolvapen.de\/#organization","name":"vozolvapen","url":"https:\/\/vozolvapen.de\/","logo":{"@type":"ImageObject","inLanguage":"pl-PL","@id":"https:\/\/vozolvapen.de\/#\/schema\/logo\/image\/","url":"https:\/\/vozolvapen.de\/wp-content\/uploads\/2025\/12\/cropped-vozovapen-logo.webp","contentUrl":"https:\/\/vozolvapen.de\/wp-content\/uploads\/2025\/12\/cropped-vozovapen-logo.webp","width":470,"height":110,"caption":"vozolvapen"},"image":{"@id":"https:\/\/vozolvapen.de\/#\/schema\/logo\/image\/"}}]}},"tiered_pricing_type":"fixed","tiered_pricing_fixed_rules":{"30":"13.57","50":"11.57","100":"10.57","200":"10.07"},"tiered_pricing_product_settings":{"layout":"default","base_unit_name":{"singular":null,"plural":null},"default_variation":{}},"tiered_pricing_minimum_quantity":10,"tiered_pricing_roles_data":[],"tiered_pricing_percentage_rules":[],"tiered_pricing_maximum_quantity":null,"tiered_pricing_quantity_step":"10","_links":{"self":[{"href":"http:\/\/vozolvapen.de\/pl\/wp-json\/wp\/v2\/product\/51885","targetHints":{"allow":["GET"]}}],"collection":[{"href":"http:\/\/vozolvapen.de\/pl\/wp-json\/wp\/v2\/product"}],"about":[{"href":"http:\/\/vozolvapen.de\/pl\/wp-json\/wp\/v2\/types\/product"}],"replies":[{"embeddable":true,"href":"http:\/\/vozolvapen.de\/pl\/wp-json\/wp\/v2\/comments?post=51885"}],"wp:featuredmedia":[{"embeddable":true,"href":"http:\/\/vozolvapen.de\/pl\/wp-json\/wp\/v2\/media\/52367"}],"wp:attachment":[{"href":"http:\/\/vozolvapen.de\/pl\/wp-json\/wp\/v2\/media?parent=51885"}],"wp:term":[{"taxonomy":"product_brand","embeddable":true,"href":"http:\/\/vozolvapen.de\/pl\/wp-json\/wp\/v2\/product_brand?post=51885"},{"taxonomy":"product_cat","embeddable":true,"href":"http:\/\/vozolvapen.de\/pl\/wp-json\/wp\/v2\/product_cat?post=51885"},{"taxonomy":"product_tag","embeddable":true,"href":"http:\/\/vozolvapen.de\/pl\/wp-json\/wp\/v2\/product_tag?post=51885"}],"curies":[{"name":"wp","href":"https:\/\/api.w.org\/{rel}","templated":true}]}}