{"id":51925,"date":"2026-01-04T03:49:24","date_gmt":"2026-01-04T03:49:24","guid":{"rendered":"https:\/\/vozolvapen.de\/?post_type=product&#038;p=51925"},"modified":"2026-02-10T10:54:31","modified_gmt":"2026-02-10T10:54:31","slug":"100k-vape-waspe-aiviou-100k-candy-berry-series","status":"publish","type":"product","link":"http:\/\/vozolvapen.de\/pl\/product\/100k-vape-waspe-aiviou-100k-candy-berry-series\/","title":{"rendered":"100k Vape Waspe Aiviou 100k - seria Candy Berry"},"content":{"rendered":"<h1>100k Vape Waspe Aiviou 100k Puffs - seria Candy Berry<\/h1>\n<p data-path-to-node=\"9\"><b data-path-to-node=\"9\" data-index-in-node=\"0\">Berry Candy Fusion:<\/b> Zaprojektowany dla mi\u0142o\u015bnik\u00f3w s\u0142odyczy, kt\u00f3rzy wymagaj\u0105 r\u00f3\u017cnorodno\u015bci. To <b data-path-to-node=\"9\" data-index-in-node=\"79\">Waspe Aiviou 100k<\/b> kombinacja przechodzi przez nostalgiczne nuty cukierk\u00f3w i g\u0142\u0119bokie mieszanki jag\u00f3d. System cewek o 4 oczkach zapewnia, \u017ce ka\u017cde ze 100 000 zaci\u0105gni\u0119\u0107 pozostaje nasycone intensywnym smakiem.<\/p>\n<h2 data-path-to-node=\"10\"><b data-path-to-node=\"10\" data-index-in-node=\"0\">The Sweet &amp; Berry Deep Dive<\/b><\/h2>\n<ul data-path-to-node=\"11\">\n<li>\n<p data-path-to-node=\"11,0,0\"><b data-path-to-node=\"11,0,0\" data-index-in-node=\"0\">Mode A - Strawberry Watermelon:<\/b> Kwintesencja s\u0142odkiej owocowej fuzji.<\/p>\n<\/li>\n<li>\n<p data-path-to-node=\"11,1,0\"><b data-path-to-node=\"11,1,0\" data-index-in-node=\"0\">Mode B - Mr. Blue:<\/b> Tajemnicza i ch\u0142odz\u0105ca mieszanka niebieskich malin i je\u017cyn.<\/p>\n<\/li>\n<li>\n<p data-path-to-node=\"11,2,0\"><b data-path-to-node=\"11,2,0\" data-index-in-node=\"0\">Tryb C - Grape Ice:<\/b> S\u0142odkie fioletowe winogrona z mocnym mentolowym finiszem.<\/p>\n<\/li>\n<li>\n<p data-path-to-node=\"11,3,0\"><b data-path-to-node=\"11,3,0\" data-index-in-node=\"0\">Mode D - Rainbow Candy:<\/b> S\u0142odka, wieloowocowa eksplozja przypominaj\u0105ca sklepow\u0105 p\u00f3\u0142k\u0119 z przek\u0105skami.<\/p>\n<\/li>\n<\/ul>\n<h2 data-path-to-node=\"12\"><b data-path-to-node=\"12\" data-index-in-node=\"0\">Dla kogo przeznaczony jest ten smak?<\/b><\/h2>\n<p data-path-to-node=\"12\"><b data-path-to-node=\"12\" data-index-in-node=\"24\">The Sweet Seeker:<\/b> Idealny dla vaper\u00f3w, kt\u00f3rzy chc\u0105 du\u017cej pojemno\u015bci <b data-path-to-node=\"12\" data-index-in-node=\"84\">Vaper 100k<\/b> kt\u00f3ry smakuje jak wycieczka do sklepu ze s\u0142odyczami.<\/p>\n<h3 data-path-to-node=\"5\"><b data-path-to-node=\"5\" data-index-in-node=\"0\">Seria Candy Berry - specyfikacja<\/b><\/h3>\n<table data-path-to-node=\"6\">\n<thead>\n<tr>\n<td><strong>Profil wydajno\u015bci<\/strong><\/td>\n<td><strong>Dane techniczne Waspe 100k<\/strong><\/td>\n<td><strong>Indeks dozna\u0144 smakowych<\/strong><\/td>\n<\/tr>\n<\/thead>\n<tbody>\n<tr>\n<td><span data-path-to-node=\"6,1,0,0\"><b data-path-to-node=\"6,1,0,0\" data-index-in-node=\"0\">Model<\/b><\/span><\/td>\n<td><span data-path-to-node=\"6,1,1,0\"><b data-path-to-node=\"6,1,1,0\" data-index-in-node=\"0\">Waspe Aiviou 100k<\/b><\/span><\/td>\n<td><span data-path-to-node=\"6,1,2,0\"><b data-path-to-node=\"6,1,2,0\" data-index-in-node=\"0\">Intensywno\u015b\u0107 ch\u0142odzenia:<\/b> \u2744\ufe0f\u2744\ufe0f<\/span><\/td>\n<\/tr>\n<tr>\n<td><span data-path-to-node=\"6,2,0,0\"><b data-path-to-node=\"6,2,0,0\" data-index-in-node=\"0\">Waga<\/b><\/span><\/td>\n<td><span data-path-to-node=\"6,2,1,0\">142g Ergonomiczna konstrukcja<\/span><\/td>\n<td><span data-path-to-node=\"6,2,2,0\"><b data-path-to-node=\"6,2,2,0\" data-index-in-node=\"0\">Poziom s\u0142odyczy:<\/b> \ud83c\udf6c\ud83c\udf6c\ud83c\udf6c\ud83c\udf6c\ud83c\udf6c<\/span><\/td>\n<\/tr>\n<tr>\n<td><span data-path-to-node=\"6,3,0,0\"><b data-path-to-node=\"6,3,0,0\" data-index-in-node=\"0\">\u0141adowanie<\/b><\/span><\/td>\n<td><span data-path-to-node=\"6,3,1,0\">Szybkie \u0142adowanie typu C<\/span><\/td>\n<td><span data-path-to-node=\"6,3,2,0\"><b data-path-to-node=\"6,3,2,0\" data-index-in-node=\"0\">Cukierkowa tekstura:<\/b> \ud83c\udf6d\ud83c\udf6d\ud83c\udf6d\ud83c\udf6d\ud83c\udf6d<\/span><\/td>\n<\/tr>\n<tr>\n<td><span data-path-to-node=\"6,4,0,0\"><b data-path-to-node=\"6,4,0,0\" data-index-in-node=\"0\">Coil Tech<\/b><\/span><\/td>\n<td><span data-path-to-node=\"6,4,1,0\">4 cewki siatkowe 1,0\u03a9<\/span><\/td>\n<td><span data-path-to-node=\"6,4,2,0\"><b data-path-to-node=\"6,4,2,0\" data-index-in-node=\"0\">Najlepszy przep\u0142yw powietrza:<\/b> \u015aredni (Flavor Pop)<\/span><\/td>\n<\/tr>\n<\/tbody>\n<\/table>\n<h3 data-path-to-node=\"9,0\"><b data-path-to-node=\"9,0\" data-index-in-node=\"0\">Kiedy zasili\u0107 Waspe 100k?<\/b><\/h3>\n<p data-path-to-node=\"9,1\">The <b data-path-to-node=\"9,1\" data-index-in-node=\"4\">Waspe 4 in 1 100K<\/b> to najlepsze akcesorium lifestylowe, stworzone dla tych, kt\u00f3rzy nigdy nie chc\u0105 zosta\u0107 przy\u0142apani z martwym urz\u0105dzeniem.<\/p>\n<ul data-path-to-node=\"9,2\">\n<li>\n<p data-path-to-node=\"9,2,0,0\"><b data-path-to-node=\"9,2,0,0\" data-index-in-node=\"0\">Poranny start:<\/b> Prze\u0142\u0105cz si\u0119 na tryb Energy, aby rozpocz\u0105\u0107 dzie\u0144 od ostrego, kofeinowego smaku.<\/p>\n<\/li>\n<li>\n<p data-path-to-node=\"9,2,1,0\"><b data-path-to-node=\"9,2,1,0\" data-index-in-node=\"0\">The Long Haul:<\/b> Planujesz wycieczk\u0119 samochodow\u0105? To <b data-path-to-node=\"9,2,1,0\" data-index-in-node=\"42\">vaper 100k<\/b> Gigant zapewnia tygodnie smaku bez konieczno\u015bci tworzenia kopii zapasowej.<\/p>\n<\/li>\n<li>\n<p data-path-to-node=\"9,2,2,0\"><b data-path-to-node=\"9,2,2,0\" data-index-in-node=\"0\">Nocne spotkania towarzyskie:<\/b> Prze\u0142\u0105cz si\u0119 na tryb \u201cIcy\u201d, aby uzyska\u0107 wyra\u017an\u0105, aromatyczn\u0105 chmur\u0119, kt\u00f3ra wyr\u00f3\u017cnia si\u0119 w ka\u017cdym t\u0142umie.<\/p>\n<\/li>\n<\/ul>\n<p data-path-to-node=\"9,3\"><b data-path-to-node=\"9,3\" data-index-in-node=\"0\">Pro Tip:<\/b> Jako urz\u0105dzenie o du\u017cej pojemno\u015bci <b data-path-to-node=\"9,3\" data-index-in-node=\"28\">Vaper 100k<\/b>, u\u017cyj portu Type-C, aby do\u0142adowa\u0107 bateri\u0119 podczas porannej kawy i cieszy\u0107 si\u0119 nieprzerwan\u0105 prac\u0105 przez ca\u0142y dzie\u0144. <b data-path-to-node=\"9,3\" data-index-in-node=\"142\">vaper 100k zaci\u0105gni\u0119\u0107<\/b>.<\/p>\n<h3 data-path-to-node=\"77\"><b data-path-to-node=\"77\" data-index-in-node=\"0\">Dalsze zalecenia:<\/b><\/h3>\n<p data-path-to-node=\"78\">Odkryj jeszcze wi\u0119cej niesamowitych smak\u00f3w dzi\u0119ki <b data-path-to-node=\"78\" data-index-in-node=\"47\">Waspe 4 w 1 100K Vape<\/b>!<\/p>\n<p data-path-to-node=\"79\"><a class=\"ng-star-inserted\" href=\"https:\/\/vozolvapen.de\/pl\/product-category\/waspe-vape\/100k-vape-waspe-aiviou-100k-4-in-1\/\" target=\"_blank\" rel=\"noopener noreferrer nofollow\" data-hveid=\"0\" data-ved=\"0CAAQ_4QMahgKEwjxyYqx9_CRAxUAAAAAHQAAAAAQ9wE\">Zobacz wszystkie odmiany tutaj \u2192<\/a><\/p>\n<p data-path-to-node=\"80\">Zapoznaj si\u0119 z nasz\u0105 pe\u0142n\u0105 kolekcj\u0105 i kupuj produkty najlepszych marek vape, kt\u00f3re pokochasz.<\/p>\n<p data-path-to-node=\"81\"><a class=\"ng-star-inserted\" href=\"https:\/\/vozolvapen.de\/pl\/\" target=\"_blank\" rel=\"noopener noreferrer nofollow\" data-hveid=\"0\" data-ved=\"0CAAQ_4QMahgKEwjxyYqx9_CRAxUAAAAAHQAAAAAQ-AE\">Przegl\u0105daj teraz wszystkie marki \u2192<\/a><\/p>\n<p data-path-to-node=\"82\">Sprawd\u017a ca\u0142o\u015b\u0107 <b data-path-to-node=\"82\" data-index-in-node=\"23\">Waspe Aiviou<\/b> Seria - ka\u017cdy smak, ka\u017cdy styl!<\/p>\n<p data-path-to-node=\"83\"><a class=\"ng-star-inserted\" href=\"https:\/\/vozolvapen.de\/pl\/product-category\/waspe-vape\/\" target=\"_blank\" rel=\"noopener noreferrer nofollow\" data-hveid=\"0\" data-ved=\"0CAAQ_4QMahgKEwjxyYqx9_CRAxUAAAAAHQAAAAAQ-QE\">Zobacz pe\u0142n\u0105 kolekcj\u0119 Waspe \u2192<\/a><\/p>","protected":false},"excerpt":{"rendered":"<p><b data-path-to-node=\"3,2,4,0\" data-index-in-node=\"0\">Najs\u0142odszy maraton.<\/b> Prze\u0142\u0105czaj mi\u0119dzy czterema nostalgicznymi kapsu\u0142kami z cukierkami i jagodami. Du\u017ca pojemno\u015b\u0107 <b data-path-to-node=\"3,2,4,0\" data-index-in-node=\"91\">vaper 100k zaci\u0105gni\u0119\u0107<\/b> Gigant zaprojektowany dla prawdziwych \u0142akomczuch\u00f3w.<\/p>","protected":false},"featured_media":52370,"comment_status":"open","ping_status":"closed","template":"","meta":{"_acf_changed":false},"product_brand":[],"product_cat":[107,134],"product_tag":[],"class_list":{"0":"post-51925","1":"product","2":"type-product","3":"status-publish","4":"has-post-thumbnail","6":"product_cat-100k-vape-waspe-aiviou-100k-4-in-1","7":"product_cat-eu-warehouse-in-stock","9":"first","10":"instock","11":"shipping-taxable","12":"purchasable","13":"product-type-variable"},"acf":[],"yoast_head":"<!-- This site is optimized with the Yoast SEO Premium plugin v26.1 (Yoast SEO v27.5) - https:\/\/yoast.com\/product\/yoast-seo-premium-wordpress\/ -->\n<title>Candy Berry Waspe Aiviou 100k | 100k Vape Candy Mix - vozolvapen<\/title>\n<meta name=\"description\" content=\"Shop Candy Berry Waspe Aiviou 100k. A sweet 4-in-1 blend of Grape, Mr. Blue, and Candy. The perfect vaper 100k for those seeking a sugary, long-lasting hit.\" \/>\n<meta name=\"robots\" content=\"index, follow, max-snippet:-1, max-image-preview:large, max-video-preview:-1\" \/>\n<link rel=\"canonical\" href=\"https:\/\/vozolvapen.de\/pl\/product\/100k-vape-waspe-aiviou-100k-candy-berry-series\/\" \/>\n<meta property=\"og:locale\" content=\"pl_PL\" \/>\n<meta property=\"og:type\" content=\"article\" \/>\n<meta property=\"og:title\" content=\"100k Vape Waspe Aiviou 100k - Candy Berry Series\" \/>\n<meta property=\"og:description\" content=\"Shop Candy Berry Waspe Aiviou 100k. A sweet 4-in-1 blend of Grape, Mr. Blue, and Candy. The perfect vaper 100k for those seeking a sugary, long-lasting hit.\" \/>\n<meta property=\"og:url\" content=\"https:\/\/vozolvapen.de\/pl\/product\/100k-vape-waspe-aiviou-100k-candy-berry-series\/\" \/>\n<meta property=\"og:site_name\" content=\"vozolvapen\" \/>\n<meta property=\"article:modified_time\" content=\"2026-02-10T10:54:31+00:00\" \/>\n<meta property=\"og:image\" content=\"https:\/\/vozolvapen.de\/wp-content\/uploads\/2026\/01\/waspe-100k-Strawberry-WatermelonMr.BlueGrape-lceRainbow-Candy.webp\" \/>\n\t<meta property=\"og:image:width\" content=\"1200\" \/>\n\t<meta property=\"og:image:height\" content=\"1200\" \/>\n\t<meta property=\"og:image:type\" content=\"image\/webp\" \/>\n<meta name=\"twitter:card\" content=\"summary_large_image\" \/>\n<meta name=\"twitter:label1\" content=\"Szacowany czas czytania\" \/>\n\t<meta name=\"twitter:data1\" content=\"2 minuty\" \/>\n<script type=\"application\/ld+json\" class=\"yoast-schema-graph\">{\"@context\":\"https:\\\/\\\/schema.org\",\"@graph\":[{\"@type\":\"WebPage\",\"@id\":\"https:\\\/\\\/vozolvapen.de\\\/product\\\/100k-vape-waspe-aiviou-100k-candy-berry-series\\\/\",\"url\":\"https:\\\/\\\/vozolvapen.de\\\/product\\\/100k-vape-waspe-aiviou-100k-candy-berry-series\\\/\",\"name\":\"Candy Berry Waspe Aiviou 100k | 100k Vape Candy Mix - vozolvapen\",\"isPartOf\":{\"@id\":\"https:\\\/\\\/vozolvapen.de\\\/#website\"},\"primaryImageOfPage\":{\"@id\":\"https:\\\/\\\/vozolvapen.de\\\/product\\\/100k-vape-waspe-aiviou-100k-candy-berry-series\\\/#primaryimage\"},\"image\":{\"@id\":\"https:\\\/\\\/vozolvapen.de\\\/product\\\/100k-vape-waspe-aiviou-100k-candy-berry-series\\\/#primaryimage\"},\"thumbnailUrl\":\"https:\\\/\\\/vozolvapen.de\\\/wp-content\\\/uploads\\\/2026\\\/01\\\/waspe-100k-Strawberry-WatermelonMr.BlueGrape-lceRainbow-Candy.webp\",\"datePublished\":\"2026-01-04T03:49:24+00:00\",\"dateModified\":\"2026-02-10T10:54:31+00:00\",\"description\":\"Shop Candy Berry Waspe Aiviou 100k. A sweet 4-in-1 blend of Grape, Mr. Blue, and Candy. The perfect vaper 100k for those seeking a sugary, long-lasting hit.\",\"breadcrumb\":{\"@id\":\"https:\\\/\\\/vozolvapen.de\\\/product\\\/100k-vape-waspe-aiviou-100k-candy-berry-series\\\/#breadcrumb\"},\"inLanguage\":\"pl-PL\",\"potentialAction\":[{\"@type\":\"ReadAction\",\"target\":[\"https:\\\/\\\/vozolvapen.de\\\/product\\\/100k-vape-waspe-aiviou-100k-candy-berry-series\\\/\"]}]},{\"@type\":\"ImageObject\",\"inLanguage\":\"pl-PL\",\"@id\":\"https:\\\/\\\/vozolvapen.de\\\/product\\\/100k-vape-waspe-aiviou-100k-candy-berry-series\\\/#primaryimage\",\"url\":\"https:\\\/\\\/vozolvapen.de\\\/wp-content\\\/uploads\\\/2026\\\/01\\\/waspe-100k-Strawberry-WatermelonMr.BlueGrape-lceRainbow-Candy.webp\",\"contentUrl\":\"https:\\\/\\\/vozolvapen.de\\\/wp-content\\\/uploads\\\/2026\\\/01\\\/waspe-100k-Strawberry-WatermelonMr.BlueGrape-lceRainbow-Candy.webp\",\"width\":1200,\"height\":1200,\"caption\":\"waspe 100k - Strawberry Watermelon+Mr.Blue+Grape lce+Rainbow Candy\"},{\"@type\":\"BreadcrumbList\",\"@id\":\"https:\\\/\\\/vozolvapen.de\\\/product\\\/100k-vape-waspe-aiviou-100k-candy-berry-series\\\/#breadcrumb\",\"itemListElement\":[{\"@type\":\"ListItem\",\"position\":1,\"name\":\"Home\",\"item\":\"https:\\\/\\\/vozolvapen.de\\\/de\\\/\"},{\"@type\":\"ListItem\",\"position\":2,\"name\":\"Shop\",\"item\":\"https:\\\/\\\/vozolvapen.de\\\/shop\\\/\"},{\"@type\":\"ListItem\",\"position\":3,\"name\":\"100k Vape Waspe Aiviou 100k &#8211; Candy Berry Series\"}]},{\"@type\":\"WebSite\",\"@id\":\"https:\\\/\\\/vozolvapen.de\\\/#website\",\"url\":\"https:\\\/\\\/vozolvapen.de\\\/\",\"name\":\"vozolvapen\",\"description\":\"vozolvapen\",\"publisher\":{\"@id\":\"https:\\\/\\\/vozolvapen.de\\\/#organization\"},\"potentialAction\":[{\"@type\":\"SearchAction\",\"target\":{\"@type\":\"EntryPoint\",\"urlTemplate\":\"https:\\\/\\\/vozolvapen.de\\\/?s={search_term_string}\"},\"query-input\":{\"@type\":\"PropertyValueSpecification\",\"valueRequired\":true,\"valueName\":\"search_term_string\"}}],\"inLanguage\":\"pl-PL\"},{\"@type\":\"Organization\",\"@id\":\"https:\\\/\\\/vozolvapen.de\\\/#organization\",\"name\":\"vozolvapen\",\"url\":\"https:\\\/\\\/vozolvapen.de\\\/\",\"logo\":{\"@type\":\"ImageObject\",\"inLanguage\":\"pl-PL\",\"@id\":\"https:\\\/\\\/vozolvapen.de\\\/#\\\/schema\\\/logo\\\/image\\\/\",\"url\":\"https:\\\/\\\/vozolvapen.de\\\/wp-content\\\/uploads\\\/2025\\\/12\\\/cropped-vozovapen-logo.webp\",\"contentUrl\":\"https:\\\/\\\/vozolvapen.de\\\/wp-content\\\/uploads\\\/2025\\\/12\\\/cropped-vozovapen-logo.webp\",\"width\":470,\"height\":110,\"caption\":\"vozolvapen\"},\"image\":{\"@id\":\"https:\\\/\\\/vozolvapen.de\\\/#\\\/schema\\\/logo\\\/image\\\/\"}}]}<\/script>\n<!-- \/ Yoast SEO Premium plugin. -->","yoast_head_json":{"title":"Candy Berry Waspe Aiviou 100k | 100k Vape Candy Mix - vozolvapen","description":"Sklep Candy Berry Waspe Aiviou 100k. S\u0142odka mieszanka 4 w 1: Grape, Mr. Blue i Candy. Idealny vaper 100k dla tych, kt\u00f3rzy szukaj\u0105 s\u0142odkiego, d\u0142ugotrwa\u0142ego uderzenia.","robots":{"index":"index","follow":"follow","max-snippet":"max-snippet:-1","max-image-preview":"max-image-preview:large","max-video-preview":"max-video-preview:-1"},"canonical":"https:\/\/vozolvapen.de\/pl\/product\/100k-vape-waspe-aiviou-100k-candy-berry-series\/","og_locale":"pl_PL","og_type":"article","og_title":"100k Vape Waspe Aiviou 100k - Candy Berry Series","og_description":"Shop Candy Berry Waspe Aiviou 100k. A sweet 4-in-1 blend of Grape, Mr. Blue, and Candy. The perfect vaper 100k for those seeking a sugary, long-lasting hit.","og_url":"https:\/\/vozolvapen.de\/pl\/product\/100k-vape-waspe-aiviou-100k-candy-berry-series\/","og_site_name":"vozolvapen","article_modified_time":"2026-02-10T10:54:31+00:00","og_image":[{"width":1200,"height":1200,"url":"https:\/\/vozolvapen.de\/wp-content\/uploads\/2026\/01\/waspe-100k-Strawberry-WatermelonMr.BlueGrape-lceRainbow-Candy.webp","type":"image\/webp"}],"twitter_card":"summary_large_image","twitter_misc":{"Szacowany czas czytania":"2 minuty"},"schema":{"@context":"https:\/\/schema.org","@graph":[{"@type":"WebPage","@id":"https:\/\/vozolvapen.de\/product\/100k-vape-waspe-aiviou-100k-candy-berry-series\/","url":"https:\/\/vozolvapen.de\/product\/100k-vape-waspe-aiviou-100k-candy-berry-series\/","name":"Candy Berry Waspe Aiviou 100k | 100k Vape Candy Mix - vozolvapen","isPartOf":{"@id":"https:\/\/vozolvapen.de\/#website"},"primaryImageOfPage":{"@id":"https:\/\/vozolvapen.de\/product\/100k-vape-waspe-aiviou-100k-candy-berry-series\/#primaryimage"},"image":{"@id":"https:\/\/vozolvapen.de\/product\/100k-vape-waspe-aiviou-100k-candy-berry-series\/#primaryimage"},"thumbnailUrl":"https:\/\/vozolvapen.de\/wp-content\/uploads\/2026\/01\/waspe-100k-Strawberry-WatermelonMr.BlueGrape-lceRainbow-Candy.webp","datePublished":"2026-01-04T03:49:24+00:00","dateModified":"2026-02-10T10:54:31+00:00","description":"Sklep Candy Berry Waspe Aiviou 100k. S\u0142odka mieszanka 4 w 1: Grape, Mr. Blue i Candy. Idealny vaper 100k dla tych, kt\u00f3rzy szukaj\u0105 s\u0142odkiego, d\u0142ugotrwa\u0142ego uderzenia.","breadcrumb":{"@id":"https:\/\/vozolvapen.de\/product\/100k-vape-waspe-aiviou-100k-candy-berry-series\/#breadcrumb"},"inLanguage":"pl-PL","potentialAction":[{"@type":"ReadAction","target":["https:\/\/vozolvapen.de\/product\/100k-vape-waspe-aiviou-100k-candy-berry-series\/"]}]},{"@type":"ImageObject","inLanguage":"pl-PL","@id":"https:\/\/vozolvapen.de\/product\/100k-vape-waspe-aiviou-100k-candy-berry-series\/#primaryimage","url":"https:\/\/vozolvapen.de\/wp-content\/uploads\/2026\/01\/waspe-100k-Strawberry-WatermelonMr.BlueGrape-lceRainbow-Candy.webp","contentUrl":"https:\/\/vozolvapen.de\/wp-content\/uploads\/2026\/01\/waspe-100k-Strawberry-WatermelonMr.BlueGrape-lceRainbow-Candy.webp","width":1200,"height":1200,"caption":"waspe 100k - Strawberry Watermelon+Mr.Blue+Grape lce+Rainbow Candy"},{"@type":"BreadcrumbList","@id":"https:\/\/vozolvapen.de\/product\/100k-vape-waspe-aiviou-100k-candy-berry-series\/#breadcrumb","itemListElement":[{"@type":"ListItem","position":1,"name":"Home","item":"https:\/\/vozolvapen.de\/de\/"},{"@type":"ListItem","position":2,"name":"Shop","item":"https:\/\/vozolvapen.de\/shop\/"},{"@type":"ListItem","position":3,"name":"100k Vape Waspe Aiviou 100k &#8211; Candy Berry Series"}]},{"@type":"WebSite","@id":"https:\/\/vozolvapen.de\/#website","url":"https:\/\/vozolvapen.de\/","name":"vozolvapen","description":"vozolvapen","publisher":{"@id":"https:\/\/vozolvapen.de\/#organization"},"potentialAction":[{"@type":"SearchAction","target":{"@type":"EntryPoint","urlTemplate":"https:\/\/vozolvapen.de\/?s={search_term_string}"},"query-input":{"@type":"PropertyValueSpecification","valueRequired":true,"valueName":"search_term_string"}}],"inLanguage":"pl-PL"},{"@type":"Organization","@id":"https:\/\/vozolvapen.de\/#organization","name":"vozolvapen","url":"https:\/\/vozolvapen.de\/","logo":{"@type":"ImageObject","inLanguage":"pl-PL","@id":"https:\/\/vozolvapen.de\/#\/schema\/logo\/image\/","url":"https:\/\/vozolvapen.de\/wp-content\/uploads\/2025\/12\/cropped-vozovapen-logo.webp","contentUrl":"https:\/\/vozolvapen.de\/wp-content\/uploads\/2025\/12\/cropped-vozovapen-logo.webp","width":470,"height":110,"caption":"vozolvapen"},"image":{"@id":"https:\/\/vozolvapen.de\/#\/schema\/logo\/image\/"}}]}},"tiered_pricing_type":"fixed","tiered_pricing_fixed_rules":{"30":"13.57","50":"11.57","100":"10.57","200":"10.07"},"tiered_pricing_product_settings":{"layout":"default","base_unit_name":{"singular":null,"plural":null},"default_variation":{}},"tiered_pricing_minimum_quantity":10,"tiered_pricing_roles_data":[],"tiered_pricing_percentage_rules":[],"tiered_pricing_maximum_quantity":null,"tiered_pricing_quantity_step":"10","_links":{"self":[{"href":"http:\/\/vozolvapen.de\/pl\/wp-json\/wp\/v2\/product\/51925","targetHints":{"allow":["GET"]}}],"collection":[{"href":"http:\/\/vozolvapen.de\/pl\/wp-json\/wp\/v2\/product"}],"about":[{"href":"http:\/\/vozolvapen.de\/pl\/wp-json\/wp\/v2\/types\/product"}],"replies":[{"embeddable":true,"href":"http:\/\/vozolvapen.de\/pl\/wp-json\/wp\/v2\/comments?post=51925"}],"wp:featuredmedia":[{"embeddable":true,"href":"http:\/\/vozolvapen.de\/pl\/wp-json\/wp\/v2\/media\/52370"}],"wp:attachment":[{"href":"http:\/\/vozolvapen.de\/pl\/wp-json\/wp\/v2\/media?parent=51925"}],"wp:term":[{"taxonomy":"product_brand","embeddable":true,"href":"http:\/\/vozolvapen.de\/pl\/wp-json\/wp\/v2\/product_brand?post=51925"},{"taxonomy":"product_cat","embeddable":true,"href":"http:\/\/vozolvapen.de\/pl\/wp-json\/wp\/v2\/product_cat?post=51925"},{"taxonomy":"product_tag","embeddable":true,"href":"http:\/\/vozolvapen.de\/pl\/wp-json\/wp\/v2\/product_tag?post=51925"}],"curies":[{"name":"wp","href":"https:\/\/api.w.org\/{rel}","templated":true}]}}