{"id":51965,"date":"2026-01-04T03:49:26","date_gmt":"2026-01-04T03:49:26","guid":{"rendered":"https:\/\/vozolvapen.de\/?post_type=product&#038;p=51965"},"modified":"2026-02-10T10:54:29","modified_gmt":"2026-02-10T10:54:29","slug":"100k-vape-waspe-aiviou-100k-tropical-energy-series","status":"publish","type":"product","link":"http:\/\/vozolvapen.de\/pl\/product\/100k-vape-waspe-aiviou-100k-tropical-energy-series\/","title":{"rendered":"100k Vape Waspe Aiviou 100k - seria Tropical Energy"},"content":{"rendered":"<h1>100k Vape Waspe Aiviou 100k Puffs - seria Tropical Energy<\/h1>\n<p data-path-to-node=\"15\"><b data-path-to-node=\"15\" data-index-in-node=\"0\">Tropikalny przyp\u0142yw energii:<\/b> Dla tych, kt\u00f3rzy potrzebuj\u0105 wysokooktanowego profilu smakowego. To <b data-path-to-node=\"15\" data-index-in-node=\"81\">100k Vape<\/b> \u0142\u0105czy w sobie \u201czing\u201d napoj\u00f3w energetycznych z kremow\u0105, sch\u0142odzon\u0105 konsystencj\u0105 wyspiarskich owoc\u00f3w. Bateria o pojemno\u015bci 650 mAh zapewnia sta\u0142\u0105 energi\u0119 pasuj\u0105c\u0105 do tych odwa\u017cnych smak\u00f3w.<\/p>\n<h2 data-path-to-node=\"16\"><b data-path-to-node=\"16\" data-index-in-node=\"0\">G\u0142\u0119bokie zanurzenie w egzotycznej energii<\/b><\/h2>\n<ul data-path-to-node=\"17\">\n<li>\n<p data-path-to-node=\"17,0,0\"><b data-path-to-node=\"17,0,0\" data-index-in-node=\"0\">Tryb A - Red Bull Ice:<\/b> Cierpki, b\u0105belkowy smak napoju energetycznego z mro\u017anym wydechem.<\/p>\n<\/li>\n<li>\n<p data-path-to-node=\"17,1,0\"><b data-path-to-node=\"17,1,0\" data-index-in-node=\"0\">Tryb B - Banana Ice:<\/b> Kremowy, g\u0142adki banan z orze\u017awiaj\u0105cym lodowym akcentem.<\/p>\n<\/li>\n<li>\n<p data-path-to-node=\"17,2,0\"><b data-path-to-node=\"17,2,0\" data-index-in-node=\"0\">Spos\u00f3b C - L\u00f3d ananasowo-kokosowy:<\/b> Tropikalne odosobnienie w stylu \u201cPina Colada\u201d.<\/p>\n<\/li>\n<li>\n<p data-path-to-node=\"17,3,0\"><b data-path-to-node=\"17,3,0\" data-index-in-node=\"0\">Mode D - Triple Mango Ice:<\/b> Trzy warstwy g\u0142\u0119bi mango wyko\u0144czone zimnym podmuchem.<\/p>\n<\/li>\n<\/ul>\n<h2 data-path-to-node=\"18\"><b data-path-to-node=\"18\" data-index-in-node=\"0\">Dla kogo przeznaczony jest ten smak?<\/b><\/h2>\n<p data-path-to-node=\"18\"><b data-path-to-node=\"18\" data-index-in-node=\"24\">Poszukiwacz przyg\u00f3d o wysokiej energii:<\/b> Najlepsze dla u\u017cytkownik\u00f3w, kt\u00f3rzy chc\u0105 <b data-path-to-node=\"18\" data-index-in-node=\"82\">vaper 100k<\/b> by\u0107 odwa\u017cne, lodowate i egzotyczne.<\/p>\n<h3 data-path-to-node=\"8\"><b data-path-to-node=\"8\" data-index-in-node=\"0\">Seria Tropical Energy - specyfikacja<\/b><\/h3>\n<table data-path-to-node=\"9\">\n<thead>\n<tr>\n<td><strong>Profil wydajno\u015bci<\/strong><\/td>\n<td><strong>Dane techniczne Waspe 100k<\/strong><\/td>\n<td><strong>Indeks dozna\u0144 smakowych<\/strong><\/td>\n<\/tr>\n<\/thead>\n<tbody>\n<tr>\n<td><span data-path-to-node=\"9,1,0,0\"><b data-path-to-node=\"9,1,0,0\" data-index-in-node=\"0\">Typ produktu<\/b><\/span><\/td>\n<td><span data-path-to-node=\"9,1,1,0\"><b data-path-to-node=\"9,1,1,0\" data-index-in-node=\"0\">100k Vape<\/b> Okr\u0119t flagowy<\/span><\/td>\n<td><span data-path-to-node=\"9,1,2,0\"><b data-path-to-node=\"9,1,2,0\" data-index-in-node=\"0\">Energy Kick:<\/b> \u26a1\u26a1\u26a1\u26a1\u26a1<\/span><\/td>\n<\/tr>\n<tr>\n<td><span data-path-to-node=\"9,2,0,0\"><b data-path-to-node=\"9,2,0,0\" data-index-in-node=\"0\">Bateria<\/b><\/span><\/td>\n<td><span data-path-to-node=\"9,2,1,0\">650mAh o wysokiej g\u0119sto\u015bci<\/span><\/td>\n<td><span data-path-to-node=\"9,2,2,0\"><b data-path-to-node=\"9,2,2,0\" data-index-in-node=\"0\">Tropikalne bogactwo:<\/b> \ud83c\udfdd\ufe0f\ud83c\udfdd\ufe0f\ud83c\udfdd\ufe0f\ud83c\udfdd\ufe0f<\/span><\/td>\n<\/tr>\n<tr>\n<td><span data-path-to-node=\"9,3,0,0\"><b data-path-to-node=\"9,3,0,0\" data-index-in-node=\"0\">Odporno\u015b\u0107 cewki<\/b><\/span><\/td>\n<td><span data-path-to-node=\"9,3,1,0\">1.0 Ohm Precision Mesh<\/span><\/td>\n<td><span data-path-to-node=\"9,3,2,0\"><b data-path-to-node=\"9,3,2,0\" data-index-in-node=\"0\">Lodowe wyko\u0144czenie:<\/b> \u2744\ufe0f\u2744\ufe0f\u2744\ufe0f\u2744\ufe0f<\/span><\/td>\n<\/tr>\n<tr>\n<td><span data-path-to-node=\"9,4,0,0\"><b data-path-to-node=\"9,4,0,0\" data-index-in-node=\"0\">Wy\u015bwietlacz<\/b><\/span><\/td>\n<td><span data-path-to-node=\"9,4,1,0\">Smart LED Juice\/Power<\/span><\/td>\n<td><span data-path-to-node=\"9,4,2,0\"><b data-path-to-node=\"9,4,2,0\" data-index-in-node=\"0\">Najlepszy przep\u0142yw powietrza:<\/b> Ca\u0142kowite otwarcie (podmuch energii)<\/span><\/td>\n<\/tr>\n<\/tbody>\n<\/table>\n<h3 data-path-to-node=\"9,0\"><b data-path-to-node=\"9,0\" data-index-in-node=\"0\">Kiedy zasili\u0107 Waspe 100k?<\/b><\/h3>\n<p data-path-to-node=\"9,1\">The <b data-path-to-node=\"9,1\" data-index-in-node=\"4\">Waspe 4 in 1 100K<\/b> to najlepsze akcesorium lifestylowe, stworzone dla tych, kt\u00f3rzy nigdy nie chc\u0105 zosta\u0107 przy\u0142apani z martwym urz\u0105dzeniem.<\/p>\n<ul data-path-to-node=\"9,2\">\n<li>\n<p data-path-to-node=\"9,2,0,0\"><b data-path-to-node=\"9,2,0,0\" data-index-in-node=\"0\">Poranny start:<\/b> Prze\u0142\u0105cz si\u0119 na tryb Energy, aby rozpocz\u0105\u0107 dzie\u0144 od ostrego, kofeinowego smaku.<\/p>\n<\/li>\n<li>\n<p data-path-to-node=\"9,2,1,0\"><b data-path-to-node=\"9,2,1,0\" data-index-in-node=\"0\">The Long Haul:<\/b> Planujesz wycieczk\u0119 samochodow\u0105? To <b data-path-to-node=\"9,2,1,0\" data-index-in-node=\"42\">vaper 100k<\/b> Gigant zapewnia tygodnie smaku bez konieczno\u015bci tworzenia kopii zapasowej.<\/p>\n<\/li>\n<li>\n<p data-path-to-node=\"9,2,2,0\"><b data-path-to-node=\"9,2,2,0\" data-index-in-node=\"0\">Nocne spotkania towarzyskie:<\/b> Prze\u0142\u0105cz si\u0119 na tryb \u201cIcy\u201d, aby uzyska\u0107 wyra\u017an\u0105, aromatyczn\u0105 chmur\u0119, kt\u00f3ra wyr\u00f3\u017cnia si\u0119 w ka\u017cdym t\u0142umie.<\/p>\n<\/li>\n<\/ul>\n<p data-path-to-node=\"9,3\"><b data-path-to-node=\"9,3\" data-index-in-node=\"0\">Pro Tip:<\/b> Jako urz\u0105dzenie o du\u017cej pojemno\u015bci <b data-path-to-node=\"9,3\" data-index-in-node=\"28\">Vaper 100k<\/b>, u\u017cyj portu Type-C, aby do\u0142adowa\u0107 bateri\u0119 podczas porannej kawy i cieszy\u0107 si\u0119 nieprzerwan\u0105 prac\u0105 przez ca\u0142y dzie\u0144. <b data-path-to-node=\"9,3\" data-index-in-node=\"142\">vaper 100k zaci\u0105gni\u0119\u0107<\/b>.<\/p>\n<h3 data-path-to-node=\"77\"><b data-path-to-node=\"77\" data-index-in-node=\"0\">Dalsze zalecenia:<\/b><\/h3>\n<p data-path-to-node=\"78\">Odkryj jeszcze wi\u0119cej niesamowitych smak\u00f3w dzi\u0119ki <b data-path-to-node=\"78\" data-index-in-node=\"47\">Waspe 4 w 1 100K Vape<\/b>!<\/p>\n<p data-path-to-node=\"79\"><a class=\"ng-star-inserted\" href=\"https:\/\/vozolvapen.de\/pl\/product-category\/waspe-vape\/100k-vape-waspe-aiviou-100k-4-in-1\/\" target=\"_blank\" rel=\"noopener noreferrer nofollow\" data-hveid=\"0\" data-ved=\"0CAAQ_4QMahgKEwjxyYqx9_CRAxUAAAAAHQAAAAAQ9wE\">Zobacz wszystkie odmiany tutaj \u2192<\/a><\/p>\n<p data-path-to-node=\"80\">Zapoznaj si\u0119 z nasz\u0105 pe\u0142n\u0105 kolekcj\u0105 i kupuj produkty najlepszych marek vape, kt\u00f3re pokochasz.<\/p>\n<p data-path-to-node=\"81\"><a class=\"ng-star-inserted\" href=\"https:\/\/vozolvapen.de\/pl\/\" target=\"_blank\" rel=\"noopener noreferrer nofollow\" data-hveid=\"0\" data-ved=\"0CAAQ_4QMahgKEwjxyYqx9_CRAxUAAAAAHQAAAAAQ-AE\">Przegl\u0105daj teraz wszystkie marki \u2192<\/a><\/p>\n<p data-path-to-node=\"82\">Sprawd\u017a ca\u0142o\u015b\u0107 <b data-path-to-node=\"82\" data-index-in-node=\"23\">Waspe Aiviou<\/b> Seria - ka\u017cdy smak, ka\u017cdy styl!<\/p>\n<p data-path-to-node=\"83\"><a class=\"ng-star-inserted\" href=\"https:\/\/vozolvapen.de\/pl\/product-category\/waspe-vape\/\" target=\"_blank\" rel=\"noopener noreferrer nofollow\" data-hveid=\"0\" data-ved=\"0CAAQ_4QMahgKEwjxyYqx9_CRAxUAAAAAHQAAAAAQ-QE\">Zobacz pe\u0142n\u0105 kolekcj\u0119 Waspe \u2192<\/a><\/p>","protected":false},"excerpt":{"rendered":"<p><b data-path-to-node=\"3,3,4,0\" data-index-in-node=\"0\">Energia w ka\u017cdym zaci\u0105gni\u0119ciu.<\/b> Odwa\u017cne po\u0142\u0105czenie Red Bulla i owoc\u00f3w tropikalnych. The <b data-path-to-node=\"3,3,4,0\" data-index-in-node=\"73\">Waspe Aiviou 100k<\/b> Seria Energy zosta\u0142a stworzona z my\u015bl\u0105 o wysokowydajnej waporyzacji.<\/p>","protected":false},"featured_media":52373,"comment_status":"open","ping_status":"closed","template":"","meta":{"_acf_changed":false},"product_brand":[],"product_cat":[107,134],"product_tag":[],"class_list":{"0":"post-51965","1":"product","2":"type-product","3":"status-publish","4":"has-post-thumbnail","6":"product_cat-100k-vape-waspe-aiviou-100k-4-in-1","7":"product_cat-eu-warehouse-in-stock","9":"first","10":"instock","11":"shipping-taxable","12":"purchasable","13":"product-type-variable"},"acf":[],"yoast_head":"<!-- This site is optimized with the Yoast SEO Premium plugin v26.1 (Yoast SEO v27.5) - https:\/\/yoast.com\/product\/yoast-seo-premium-wordpress\/ -->\n<title>Tropical Energy Waspe 100k | 100,000 Puffs Energy - vozolvapen<\/title>\n<meta name=\"description\" content=\"Get an energy boost with the Tropical Energy Waspe 100k. 4-in-1 pods featuring Red Bull, Mango, and Banana. Your high-octane 100k vape choice.\" \/>\n<meta name=\"robots\" content=\"index, follow, max-snippet:-1, max-image-preview:large, max-video-preview:-1\" \/>\n<link rel=\"canonical\" href=\"https:\/\/vozolvapen.de\/pl\/product\/100k-vape-waspe-aiviou-100k-tropical-energy-series\/\" \/>\n<meta property=\"og:locale\" content=\"pl_PL\" \/>\n<meta property=\"og:type\" content=\"article\" \/>\n<meta property=\"og:title\" content=\"100k Vape Waspe Aiviou 100k - Tropical Energy Series\" \/>\n<meta property=\"og:description\" content=\"Get an energy boost with the Tropical Energy Waspe 100k. 4-in-1 pods featuring Red Bull, Mango, and Banana. Your high-octane 100k vape choice.\" \/>\n<meta property=\"og:url\" content=\"https:\/\/vozolvapen.de\/pl\/product\/100k-vape-waspe-aiviou-100k-tropical-energy-series\/\" \/>\n<meta property=\"og:site_name\" content=\"vozolvapen\" \/>\n<meta property=\"article:modified_time\" content=\"2026-02-10T10:54:29+00:00\" \/>\n<meta property=\"og:image\" content=\"https:\/\/vozolvapen.de\/wp-content\/uploads\/2026\/01\/waspe-100k-Red-Bull-lceBanana-lcePineappleCoconut-lceTriple-Mango-lce.webp\" \/>\n\t<meta property=\"og:image:width\" content=\"1200\" \/>\n\t<meta property=\"og:image:height\" content=\"1200\" \/>\n\t<meta property=\"og:image:type\" content=\"image\/webp\" \/>\n<meta name=\"twitter:card\" content=\"summary_large_image\" \/>\n<meta name=\"twitter:label1\" content=\"Szacowany czas czytania\" \/>\n\t<meta name=\"twitter:data1\" content=\"2 minuty\" \/>\n<script type=\"application\/ld+json\" class=\"yoast-schema-graph\">{\"@context\":\"https:\\\/\\\/schema.org\",\"@graph\":[{\"@type\":\"WebPage\",\"@id\":\"https:\\\/\\\/vozolvapen.de\\\/product\\\/100k-vape-waspe-aiviou-100k-tropical-energy-series\\\/\",\"url\":\"https:\\\/\\\/vozolvapen.de\\\/product\\\/100k-vape-waspe-aiviou-100k-tropical-energy-series\\\/\",\"name\":\"Tropical Energy Waspe 100k | 100,000 Puffs Energy - vozolvapen\",\"isPartOf\":{\"@id\":\"https:\\\/\\\/vozolvapen.de\\\/#website\"},\"primaryImageOfPage\":{\"@id\":\"https:\\\/\\\/vozolvapen.de\\\/product\\\/100k-vape-waspe-aiviou-100k-tropical-energy-series\\\/#primaryimage\"},\"image\":{\"@id\":\"https:\\\/\\\/vozolvapen.de\\\/product\\\/100k-vape-waspe-aiviou-100k-tropical-energy-series\\\/#primaryimage\"},\"thumbnailUrl\":\"https:\\\/\\\/vozolvapen.de\\\/wp-content\\\/uploads\\\/2026\\\/01\\\/waspe-100k-Red-Bull-lceBanana-lcePineappleCoconut-lceTriple-Mango-lce.webp\",\"datePublished\":\"2026-01-04T03:49:26+00:00\",\"dateModified\":\"2026-02-10T10:54:29+00:00\",\"description\":\"Get an energy boost with the Tropical Energy Waspe 100k. 4-in-1 pods featuring Red Bull, Mango, and Banana. Your high-octane 100k vape choice.\",\"breadcrumb\":{\"@id\":\"https:\\\/\\\/vozolvapen.de\\\/product\\\/100k-vape-waspe-aiviou-100k-tropical-energy-series\\\/#breadcrumb\"},\"inLanguage\":\"pl-PL\",\"potentialAction\":[{\"@type\":\"ReadAction\",\"target\":[\"https:\\\/\\\/vozolvapen.de\\\/product\\\/100k-vape-waspe-aiviou-100k-tropical-energy-series\\\/\"]}]},{\"@type\":\"ImageObject\",\"inLanguage\":\"pl-PL\",\"@id\":\"https:\\\/\\\/vozolvapen.de\\\/product\\\/100k-vape-waspe-aiviou-100k-tropical-energy-series\\\/#primaryimage\",\"url\":\"https:\\\/\\\/vozolvapen.de\\\/wp-content\\\/uploads\\\/2026\\\/01\\\/waspe-100k-Red-Bull-lceBanana-lcePineappleCoconut-lceTriple-Mango-lce.webp\",\"contentUrl\":\"https:\\\/\\\/vozolvapen.de\\\/wp-content\\\/uploads\\\/2026\\\/01\\\/waspe-100k-Red-Bull-lceBanana-lcePineappleCoconut-lceTriple-Mango-lce.webp\",\"width\":1200,\"height\":1200,\"caption\":\"waspe 100k - Red Bull lce+Banana lce+Pineapple+Coconut lce+Triple Mango lce\"},{\"@type\":\"BreadcrumbList\",\"@id\":\"https:\\\/\\\/vozolvapen.de\\\/product\\\/100k-vape-waspe-aiviou-100k-tropical-energy-series\\\/#breadcrumb\",\"itemListElement\":[{\"@type\":\"ListItem\",\"position\":1,\"name\":\"Home\",\"item\":\"https:\\\/\\\/vozolvapen.de\\\/de\\\/\"},{\"@type\":\"ListItem\",\"position\":2,\"name\":\"Shop\",\"item\":\"https:\\\/\\\/vozolvapen.de\\\/shop\\\/\"},{\"@type\":\"ListItem\",\"position\":3,\"name\":\"100k Vape Waspe Aiviou 100k &#8211; Tropical Energy Series\"}]},{\"@type\":\"WebSite\",\"@id\":\"https:\\\/\\\/vozolvapen.de\\\/#website\",\"url\":\"https:\\\/\\\/vozolvapen.de\\\/\",\"name\":\"vozolvapen\",\"description\":\"vozolvapen\",\"publisher\":{\"@id\":\"https:\\\/\\\/vozolvapen.de\\\/#organization\"},\"potentialAction\":[{\"@type\":\"SearchAction\",\"target\":{\"@type\":\"EntryPoint\",\"urlTemplate\":\"https:\\\/\\\/vozolvapen.de\\\/?s={search_term_string}\"},\"query-input\":{\"@type\":\"PropertyValueSpecification\",\"valueRequired\":true,\"valueName\":\"search_term_string\"}}],\"inLanguage\":\"pl-PL\"},{\"@type\":\"Organization\",\"@id\":\"https:\\\/\\\/vozolvapen.de\\\/#organization\",\"name\":\"vozolvapen\",\"url\":\"https:\\\/\\\/vozolvapen.de\\\/\",\"logo\":{\"@type\":\"ImageObject\",\"inLanguage\":\"pl-PL\",\"@id\":\"https:\\\/\\\/vozolvapen.de\\\/#\\\/schema\\\/logo\\\/image\\\/\",\"url\":\"https:\\\/\\\/vozolvapen.de\\\/wp-content\\\/uploads\\\/2025\\\/12\\\/cropped-vozovapen-logo.webp\",\"contentUrl\":\"https:\\\/\\\/vozolvapen.de\\\/wp-content\\\/uploads\\\/2025\\\/12\\\/cropped-vozovapen-logo.webp\",\"width\":470,\"height\":110,\"caption\":\"vozolvapen\"},\"image\":{\"@id\":\"https:\\\/\\\/vozolvapen.de\\\/#\\\/schema\\\/logo\\\/image\\\/\"}}]}<\/script>\n<!-- \/ Yoast SEO Premium plugin. -->","yoast_head_json":{"title":"Tropical Energy Waspe 100k | 100,000 Puffs Energy - vozolvapen","description":"Uzyskaj zastrzyk energii dzi\u0119ki Tropical Energy Waspe 100k. Saszetki 4 w 1 zawieraj\u0105ce Red Bulla, mango i banana. Tw\u00f3j wysokooktanowy wyb\u00f3r vape 100k.","robots":{"index":"index","follow":"follow","max-snippet":"max-snippet:-1","max-image-preview":"max-image-preview:large","max-video-preview":"max-video-preview:-1"},"canonical":"https:\/\/vozolvapen.de\/pl\/product\/100k-vape-waspe-aiviou-100k-tropical-energy-series\/","og_locale":"pl_PL","og_type":"article","og_title":"100k Vape Waspe Aiviou 100k - Tropical Energy Series","og_description":"Get an energy boost with the Tropical Energy Waspe 100k. 4-in-1 pods featuring Red Bull, Mango, and Banana. Your high-octane 100k vape choice.","og_url":"https:\/\/vozolvapen.de\/pl\/product\/100k-vape-waspe-aiviou-100k-tropical-energy-series\/","og_site_name":"vozolvapen","article_modified_time":"2026-02-10T10:54:29+00:00","og_image":[{"width":1200,"height":1200,"url":"https:\/\/vozolvapen.de\/wp-content\/uploads\/2026\/01\/waspe-100k-Red-Bull-lceBanana-lcePineappleCoconut-lceTriple-Mango-lce.webp","type":"image\/webp"}],"twitter_card":"summary_large_image","twitter_misc":{"Szacowany czas czytania":"2 minuty"},"schema":{"@context":"https:\/\/schema.org","@graph":[{"@type":"WebPage","@id":"https:\/\/vozolvapen.de\/product\/100k-vape-waspe-aiviou-100k-tropical-energy-series\/","url":"https:\/\/vozolvapen.de\/product\/100k-vape-waspe-aiviou-100k-tropical-energy-series\/","name":"Tropical Energy Waspe 100k | 100,000 Puffs Energy - vozolvapen","isPartOf":{"@id":"https:\/\/vozolvapen.de\/#website"},"primaryImageOfPage":{"@id":"https:\/\/vozolvapen.de\/product\/100k-vape-waspe-aiviou-100k-tropical-energy-series\/#primaryimage"},"image":{"@id":"https:\/\/vozolvapen.de\/product\/100k-vape-waspe-aiviou-100k-tropical-energy-series\/#primaryimage"},"thumbnailUrl":"https:\/\/vozolvapen.de\/wp-content\/uploads\/2026\/01\/waspe-100k-Red-Bull-lceBanana-lcePineappleCoconut-lceTriple-Mango-lce.webp","datePublished":"2026-01-04T03:49:26+00:00","dateModified":"2026-02-10T10:54:29+00:00","description":"Uzyskaj zastrzyk energii dzi\u0119ki Tropical Energy Waspe 100k. Saszetki 4 w 1 zawieraj\u0105ce Red Bulla, mango i banana. Tw\u00f3j wysokooktanowy wyb\u00f3r vape 100k.","breadcrumb":{"@id":"https:\/\/vozolvapen.de\/product\/100k-vape-waspe-aiviou-100k-tropical-energy-series\/#breadcrumb"},"inLanguage":"pl-PL","potentialAction":[{"@type":"ReadAction","target":["https:\/\/vozolvapen.de\/product\/100k-vape-waspe-aiviou-100k-tropical-energy-series\/"]}]},{"@type":"ImageObject","inLanguage":"pl-PL","@id":"https:\/\/vozolvapen.de\/product\/100k-vape-waspe-aiviou-100k-tropical-energy-series\/#primaryimage","url":"https:\/\/vozolvapen.de\/wp-content\/uploads\/2026\/01\/waspe-100k-Red-Bull-lceBanana-lcePineappleCoconut-lceTriple-Mango-lce.webp","contentUrl":"https:\/\/vozolvapen.de\/wp-content\/uploads\/2026\/01\/waspe-100k-Red-Bull-lceBanana-lcePineappleCoconut-lceTriple-Mango-lce.webp","width":1200,"height":1200,"caption":"waspe 100k - Red Bull lce+Banana lce+Pineapple+Coconut lce+Triple Mango lce"},{"@type":"BreadcrumbList","@id":"https:\/\/vozolvapen.de\/product\/100k-vape-waspe-aiviou-100k-tropical-energy-series\/#breadcrumb","itemListElement":[{"@type":"ListItem","position":1,"name":"Home","item":"https:\/\/vozolvapen.de\/de\/"},{"@type":"ListItem","position":2,"name":"Shop","item":"https:\/\/vozolvapen.de\/shop\/"},{"@type":"ListItem","position":3,"name":"100k Vape Waspe Aiviou 100k &#8211; Tropical Energy Series"}]},{"@type":"WebSite","@id":"https:\/\/vozolvapen.de\/#website","url":"https:\/\/vozolvapen.de\/","name":"vozolvapen","description":"vozolvapen","publisher":{"@id":"https:\/\/vozolvapen.de\/#organization"},"potentialAction":[{"@type":"SearchAction","target":{"@type":"EntryPoint","urlTemplate":"https:\/\/vozolvapen.de\/?s={search_term_string}"},"query-input":{"@type":"PropertyValueSpecification","valueRequired":true,"valueName":"search_term_string"}}],"inLanguage":"pl-PL"},{"@type":"Organization","@id":"https:\/\/vozolvapen.de\/#organization","name":"vozolvapen","url":"https:\/\/vozolvapen.de\/","logo":{"@type":"ImageObject","inLanguage":"pl-PL","@id":"https:\/\/vozolvapen.de\/#\/schema\/logo\/image\/","url":"https:\/\/vozolvapen.de\/wp-content\/uploads\/2025\/12\/cropped-vozovapen-logo.webp","contentUrl":"https:\/\/vozolvapen.de\/wp-content\/uploads\/2025\/12\/cropped-vozovapen-logo.webp","width":470,"height":110,"caption":"vozolvapen"},"image":{"@id":"https:\/\/vozolvapen.de\/#\/schema\/logo\/image\/"}}]}},"tiered_pricing_type":"fixed","tiered_pricing_fixed_rules":{"30":"13.57","50":"11.57","100":"10.57","200":"10.07"},"tiered_pricing_product_settings":{"layout":"default","base_unit_name":{"singular":null,"plural":null},"default_variation":{}},"tiered_pricing_minimum_quantity":10,"tiered_pricing_roles_data":[],"tiered_pricing_percentage_rules":[],"tiered_pricing_maximum_quantity":null,"tiered_pricing_quantity_step":"10","_links":{"self":[{"href":"http:\/\/vozolvapen.de\/pl\/wp-json\/wp\/v2\/product\/51965","targetHints":{"allow":["GET"]}}],"collection":[{"href":"http:\/\/vozolvapen.de\/pl\/wp-json\/wp\/v2\/product"}],"about":[{"href":"http:\/\/vozolvapen.de\/pl\/wp-json\/wp\/v2\/types\/product"}],"replies":[{"embeddable":true,"href":"http:\/\/vozolvapen.de\/pl\/wp-json\/wp\/v2\/comments?post=51965"}],"wp:featuredmedia":[{"embeddable":true,"href":"http:\/\/vozolvapen.de\/pl\/wp-json\/wp\/v2\/media\/52373"}],"wp:attachment":[{"href":"http:\/\/vozolvapen.de\/pl\/wp-json\/wp\/v2\/media?parent=51965"}],"wp:term":[{"taxonomy":"product_brand","embeddable":true,"href":"http:\/\/vozolvapen.de\/pl\/wp-json\/wp\/v2\/product_brand?post=51965"},{"taxonomy":"product_cat","embeddable":true,"href":"http:\/\/vozolvapen.de\/pl\/wp-json\/wp\/v2\/product_cat?post=51965"},{"taxonomy":"product_tag","embeddable":true,"href":"http:\/\/vozolvapen.de\/pl\/wp-json\/wp\/v2\/product_tag?post=51965"}],"curies":[{"name":"wp","href":"https:\/\/api.w.org\/{rel}","templated":true}]}}