{"id":52005,"date":"2026-01-04T03:49:28","date_gmt":"2026-01-04T03:49:28","guid":{"rendered":"https:\/\/vozolvapen.de\/?post_type=product&#038;p=52005"},"modified":"2026-02-10T10:54:28","modified_gmt":"2026-02-10T10:54:28","slug":"100k-vape-waspe-aiviou-100k-cherry-soda-series","status":"publish","type":"product","link":"http:\/\/vozolvapen.de\/pl\/product\/100k-vape-waspe-aiviou-100k-cherry-soda-series\/","title":{"rendered":"100k Vape Waspe Aiviou 100k - seria Cherry Soda"},"content":{"rendered":"<h1>100k Vape Waspe Aiviou 100k Puffs - seria Cherry Soda<\/h1>\n<p data-path-to-node=\"21\"><b data-path-to-node=\"21\" data-index-in-node=\"0\">Cherry &amp; Soda Blast:<\/b> Wyrafinowany zestaw dla koneser\u00f3w wi\u015bni. To <b data-path-to-node=\"21\" data-index-in-node=\"75\">Waspe 100k<\/b> Wariant koncentruje si\u0119 na r\u00f3\u017cnych wymiarach wi\u015bni w po\u0142\u0105czeniu z musuj\u0105cym wyko\u0144czeniem coli. Wy\u015bwietlacz LED pozwala \u015bledzi\u0107 post\u0119py w tym wi\u015bniowym maratonie o pojemno\u015bci 56 ml.<\/p>\n<h2 data-path-to-node=\"22\"><b data-path-to-node=\"22\" data-index-in-node=\"0\">Deep Red Deep Dive<\/b><\/h2>\n<ul data-path-to-node=\"23\">\n<li>\n<p data-path-to-node=\"23,0,0\"><b data-path-to-node=\"23,0,0\" data-index-in-node=\"0\">Mode A - Strawberry Raspberry Cherry:<\/b> Z\u0142o\u017cona mieszanka potr\u00f3jnych jag\u00f3d.<\/p>\n<\/li>\n<li>\n<p data-path-to-node=\"23,1,0\"><b data-path-to-node=\"23,1,0\" data-index-in-node=\"0\">Mode B - Crazy Cherry Ice:<\/b> Intensywne, bezpo\u015brednie uderzenie wi\u015bni z wysokim mrozem.<\/p>\n<\/li>\n<li>\n<p data-path-to-node=\"23,2,0\"><b data-path-to-node=\"23,2,0\" data-index-in-node=\"0\">Mode C - Blue Cherry Ice:<\/b> Wyj\u0105tkowe po\u0142\u0105czenie cierpkich niebieskich malin i wi\u015bni.<\/p>\n<\/li>\n<li>\n<p data-path-to-node=\"23,3,0\"><b data-path-to-node=\"23,3,0\" data-index-in-node=\"0\">Tryb D - Cola Ice:<\/b> Klasyczna musuj\u0105ca cola z finiszem poni\u017cej zera.<\/p>\n<\/li>\n<\/ul>\n<h2 data-path-to-node=\"24\"><b data-path-to-node=\"24\" data-index-in-node=\"0\">Dla kogo przeznaczony jest ten smak?<\/b><\/h2>\n<p data-path-to-node=\"24\"><b data-path-to-node=\"24\" data-index-in-node=\"24\">Fanatyk napoj\u00f3w gazowanych:<\/b> Idealny dla tych, kt\u00f3rzy kochaj\u0105 \u201cmusowanie\u201d i g\u0142\u0119bok\u0105 s\u0142odycz owoc\u00f3w pestkowych w ich <b data-path-to-node=\"24\" data-index-in-node=\"128\">vaper 100k zaci\u0105gni\u0119\u0107<\/b>.<\/p>\n<h3 data-path-to-node=\"11\"><b data-path-to-node=\"11\" data-index-in-node=\"0\">Seria Cherry Soda - specyfikacja<\/b><\/h3>\n<table data-path-to-node=\"12\">\n<thead>\n<tr>\n<td><strong>Profil wydajno\u015bci<\/strong><\/td>\n<td><strong>Dane techniczne Waspe 100k<\/strong><\/td>\n<td><strong>Indeks dozna\u0144 smakowych<\/strong><\/td>\n<\/tr>\n<\/thead>\n<tbody>\n<tr>\n<td><span data-path-to-node=\"12,1,0,0\"><b data-path-to-node=\"12,1,0,0\" data-index-in-node=\"0\">Seria<\/b><\/span><\/td>\n<td><span data-path-to-node=\"12,1,1,0\"><b data-path-to-node=\"12,1,1,0\" data-index-in-node=\"0\">Vaper 100k<\/b> Edycja specjalna<\/span><\/td>\n<td><span data-path-to-node=\"12,1,2,0\"><b data-path-to-node=\"12,1,2,0\" data-index-in-node=\"0\">Fizzy Sensation:<\/b> \ud83e\udd64\ud83e\udd64\ud83e\udd64\ud83e\udd64\ud83e\udd64<\/span><\/td>\n<\/tr>\n<tr>\n<td><span data-path-to-node=\"12,2,0,0\"><b data-path-to-node=\"12,2,0,0\" data-index-in-node=\"0\">Magazynowanie oleju<\/b><\/span><\/td>\n<td><span data-path-to-node=\"12,2,1,0\">56ML Premium E-Liquid<\/span><\/td>\n<td><span data-path-to-node=\"12,2,2,0\"><b data-path-to-node=\"12,2,2,0\" data-index-in-node=\"0\">G\u0142\u0119boko\u015b\u0107 wi\u015bni:<\/b> \ud83c\udf52\ud83c\udf52\ud83c\udf52\ud83c\udf52\ud83c\udf52<\/span><\/td>\n<\/tr>\n<tr>\n<td><span data-path-to-node=\"12,3,0,0\"><b data-path-to-node=\"12,3,0,0\" data-index-in-node=\"0\">Wymiary<\/b><\/span><\/td>\n<td><span data-path-to-node=\"12,3,1,0\">47<i data-path-to-node=\"12,3,1,0\" data-index-in-node=\"2\">47<\/i>118 mm<\/span><\/td>\n<td><span data-path-to-node=\"12,3,2,0\"><b data-path-to-node=\"12,3,2,0\" data-index-in-node=\"0\">Intensywno\u015b\u0107 ch\u0142odzenia:<\/b> \u2744\ufe0f\u2744\ufe0f\u2744\ufe0f<\/span><\/td>\n<\/tr>\n<tr>\n<td><span data-path-to-node=\"12,4,0,0\"><b data-path-to-node=\"12,4,0,0\" data-index-in-node=\"0\">Poziom nikotyny<\/b><\/span><\/td>\n<td><span data-path-to-node=\"12,4,1,0\">0% \/ 2% \/ 5% Wytrzyma\u0142o\u015b\u0107<\/span><\/td>\n<td><span data-path-to-node=\"12,4,2,0\"><b data-path-to-node=\"12,4,2,0\" data-index-in-node=\"0\">Najlepszy przep\u0142yw powietrza:<\/b> Tight (Soda Bubbles)<\/span><\/td>\n<\/tr>\n<\/tbody>\n<\/table>\n<h2 data-path-to-node=\"8,0\"><b data-path-to-node=\"8,0\" data-index-in-node=\"0\">Zaawansowana technologia dla Vaper 100k Puffs Era<\/b><\/h2>\n<p data-path-to-node=\"8,0\">Niezawodno\u015b\u0107 jest podstaw\u0105 <b data-path-to-node=\"8,0\" data-index-in-node=\"74\">Waspe Aiviou 100k<\/b>. Nigdy nie musisz zgadywa\u0107, kiedy Twoje urz\u0105dzenie si\u0119 wyczerpie.<\/p>\n<ul data-path-to-node=\"8,1\">\n<li>\n<p data-path-to-node=\"8,1,0,0\"><b data-path-to-node=\"8,1,0,0\" data-index-in-node=\"0\">Informacje LED w czasie rzeczywistym:<\/b> Zintegrowany inteligentny ekran wy\u015bwietla dok\u0142adny procent baterii i poziomy e-cieczy dla wszystkich 4 kapsu\u0142ek.<\/p>\n<\/li>\n<li>\n<p data-path-to-node=\"8,1,1,0\"><b data-path-to-node=\"8,1,1,0\" data-index-in-node=\"0\">Szybkie odzyskiwanie:<\/b> U\u017cyj portu szybkiego \u0142adowania typu C, aby na\u0142adowa\u0107 bateri\u0119 o wysokiej g\u0119sto\u015bci 650 mAh. Zosta\u0142a ona zaprojektowana tak, aby wspiera\u0107 u\u017cytkownika przez ca\u0142y czas pracy. <b data-path-to-node=\"8,1,1,0\" data-index-in-node=\"143\">vaper 100k<\/b> podr\u00f3\u017c bez utraty smaku.<\/p>\n<\/li>\n<li>\n<p data-path-to-node=\"8,1,2,0\"><b data-path-to-node=\"8,1,2,0\" data-index-in-node=\"0\">Sta\u0142e napi\u0119cie wyj\u015bciowe:<\/b> Nawet gdy bateria si\u0119 wyczerpie, wewn\u0119trzny chipset zapewnia sta\u0142\u0105 aktywacj\u0119 siatki 1,0ohm dla idealnego dzia\u0142ania. <b data-path-to-node=\"8,1,2,0\" data-index-in-node=\"132\">100k vape<\/b> chmury za ka\u017cdym razem.<\/p>\n<\/li>\n<\/ul>\n<h3 data-path-to-node=\"77\"><b data-path-to-node=\"77\" data-index-in-node=\"0\">Dalsze zalecenia:<\/b><\/h3>\n<p data-path-to-node=\"78\">Odkryj jeszcze wi\u0119cej niesamowitych smak\u00f3w dzi\u0119ki <b data-path-to-node=\"78\" data-index-in-node=\"47\">Waspe 4 w 1 100K Vape<\/b>!<\/p>\n<p data-path-to-node=\"79\"><a class=\"ng-star-inserted\" href=\"https:\/\/vozolvapen.de\/pl\/product-category\/waspe-vape\/100k-vape-waspe-aiviou-100k-4-in-1\/\" target=\"_blank\" rel=\"noopener noreferrer nofollow\" data-hveid=\"0\" data-ved=\"0CAAQ_4QMahgKEwjxyYqx9_CRAxUAAAAAHQAAAAAQ9wE\">Zobacz wszystkie odmiany tutaj \u2192<\/a><\/p>\n<p data-path-to-node=\"80\">Zapoznaj si\u0119 z nasz\u0105 pe\u0142n\u0105 kolekcj\u0105 i kupuj produkty najlepszych marek vape, kt\u00f3re pokochasz.<\/p>\n<p data-path-to-node=\"81\"><a class=\"ng-star-inserted\" href=\"https:\/\/vozolvapen.de\/pl\/\" target=\"_blank\" rel=\"noopener noreferrer nofollow\" data-hveid=\"0\" data-ved=\"0CAAQ_4QMahgKEwjxyYqx9_CRAxUAAAAAHQAAAAAQ-AE\">Przegl\u0105daj teraz wszystkie marki \u2192<\/a><\/p>\n<p data-path-to-node=\"82\">Sprawd\u017a ca\u0142o\u015b\u0107 <b data-path-to-node=\"82\" data-index-in-node=\"23\">Waspe Aiviou<\/b> Seria - ka\u017cdy smak, ka\u017cdy styl!<\/p>\n<p data-path-to-node=\"83\"><a class=\"ng-star-inserted\" href=\"https:\/\/vozolvapen.de\/pl\/product-category\/waspe-vape\/\" target=\"_blank\" rel=\"noopener noreferrer nofollow\" data-hveid=\"0\" data-ved=\"0CAAQ_4QMahgKEwjxyYqx9_CRAxUAAAAAHQAAAAAQ-QE\">Zobacz pe\u0142n\u0105 kolekcj\u0119 Waspe \u2192<\/a><\/p>","protected":false},"excerpt":{"rendered":"<p><b data-path-to-node=\"3,4,4,0\" data-index-in-node=\"0\">Fizzy Red Mix.<\/b> Musuj\u0105ca cola \u0142\u0105czy si\u0119 z g\u0142\u0119bok\u0105 s\u0142odycz\u0105 wi\u015bni. To <b data-path-to-node=\"3,4,4,0\" data-index-in-node=\"68\">Waspe 100k<\/b> oferuje orze\u017awiaj\u0105ce, gazowane doznania w 4 r\u00f3\u017cnych str\u0105kach.<\/p>","protected":false},"featured_media":52376,"comment_status":"open","ping_status":"closed","template":"","meta":{"_acf_changed":false},"product_brand":[],"product_cat":[107,134],"product_tag":[],"class_list":{"0":"post-52005","1":"product","2":"type-product","3":"status-publish","4":"has-post-thumbnail","6":"product_cat-100k-vape-waspe-aiviou-100k-4-in-1","7":"product_cat-eu-warehouse-in-stock","9":"first","10":"instock","11":"shipping-taxable","12":"purchasable","13":"product-type-variable"},"acf":[],"yoast_head":"<!-- This site is optimized with the Yoast SEO Premium plugin v26.1 (Yoast SEO v27.5) - https:\/\/yoast.com\/product\/yoast-seo-premium-wordpress\/ -->\n<title>Cherry Soda Waspe 100k | 4-in-1 Fizzy 100k Vape - vozolvapen<\/title>\n<meta name=\"description\" content=\"Discover the Cherry Soda Waspe 100k. 4 pods of Cherry, Cola, and Raspberry. Smart LED display and 56ml juice. Best vaper 100k puffs for soda lovers.\" \/>\n<meta name=\"robots\" content=\"index, follow, max-snippet:-1, max-image-preview:large, max-video-preview:-1\" \/>\n<link rel=\"canonical\" href=\"https:\/\/vozolvapen.de\/pl\/product\/100k-vape-waspe-aiviou-100k-cherry-soda-series\/\" \/>\n<meta property=\"og:locale\" content=\"pl_PL\" \/>\n<meta property=\"og:type\" content=\"article\" \/>\n<meta property=\"og:title\" content=\"100k Vape Waspe Aiviou 100k - Cherry Soda Series\" \/>\n<meta property=\"og:description\" content=\"Discover the Cherry Soda Waspe 100k. 4 pods of Cherry, Cola, and Raspberry. Smart LED display and 56ml juice. Best vaper 100k puffs for soda lovers.\" \/>\n<meta property=\"og:url\" content=\"https:\/\/vozolvapen.de\/pl\/product\/100k-vape-waspe-aiviou-100k-cherry-soda-series\/\" \/>\n<meta property=\"og:site_name\" content=\"vozolvapen\" \/>\n<meta property=\"article:modified_time\" content=\"2026-02-10T10:54:28+00:00\" \/>\n<meta property=\"og:image\" content=\"https:\/\/vozolvapen.de\/wp-content\/uploads\/2026\/01\/waspe-100k-StrawberryRaspberryCherryCrazy-Cherry-lceBlue-Cherry-lceCola-lce.webp\" \/>\n\t<meta property=\"og:image:width\" content=\"1200\" \/>\n\t<meta property=\"og:image:height\" content=\"1200\" \/>\n\t<meta property=\"og:image:type\" content=\"image\/webp\" \/>\n<meta name=\"twitter:card\" content=\"summary_large_image\" \/>\n<meta name=\"twitter:label1\" content=\"Szacowany czas czytania\" \/>\n\t<meta name=\"twitter:data1\" content=\"2 minuty\" \/>\n<script type=\"application\/ld+json\" class=\"yoast-schema-graph\">{\"@context\":\"https:\\\/\\\/schema.org\",\"@graph\":[{\"@type\":\"WebPage\",\"@id\":\"https:\\\/\\\/vozolvapen.de\\\/product\\\/100k-vape-waspe-aiviou-100k-cherry-soda-series\\\/\",\"url\":\"https:\\\/\\\/vozolvapen.de\\\/product\\\/100k-vape-waspe-aiviou-100k-cherry-soda-series\\\/\",\"name\":\"Cherry Soda Waspe 100k | 4-in-1 Fizzy 100k Vape - vozolvapen\",\"isPartOf\":{\"@id\":\"https:\\\/\\\/vozolvapen.de\\\/#website\"},\"primaryImageOfPage\":{\"@id\":\"https:\\\/\\\/vozolvapen.de\\\/product\\\/100k-vape-waspe-aiviou-100k-cherry-soda-series\\\/#primaryimage\"},\"image\":{\"@id\":\"https:\\\/\\\/vozolvapen.de\\\/product\\\/100k-vape-waspe-aiviou-100k-cherry-soda-series\\\/#primaryimage\"},\"thumbnailUrl\":\"https:\\\/\\\/vozolvapen.de\\\/wp-content\\\/uploads\\\/2026\\\/01\\\/waspe-100k-StrawberryRaspberryCherryCrazy-Cherry-lceBlue-Cherry-lceCola-lce.webp\",\"datePublished\":\"2026-01-04T03:49:28+00:00\",\"dateModified\":\"2026-02-10T10:54:28+00:00\",\"description\":\"Discover the Cherry Soda Waspe 100k. 4 pods of Cherry, Cola, and Raspberry. Smart LED display and 56ml juice. Best vaper 100k puffs for soda lovers.\",\"breadcrumb\":{\"@id\":\"https:\\\/\\\/vozolvapen.de\\\/product\\\/100k-vape-waspe-aiviou-100k-cherry-soda-series\\\/#breadcrumb\"},\"inLanguage\":\"pl-PL\",\"potentialAction\":[{\"@type\":\"ReadAction\",\"target\":[\"https:\\\/\\\/vozolvapen.de\\\/product\\\/100k-vape-waspe-aiviou-100k-cherry-soda-series\\\/\"]}]},{\"@type\":\"ImageObject\",\"inLanguage\":\"pl-PL\",\"@id\":\"https:\\\/\\\/vozolvapen.de\\\/product\\\/100k-vape-waspe-aiviou-100k-cherry-soda-series\\\/#primaryimage\",\"url\":\"https:\\\/\\\/vozolvapen.de\\\/wp-content\\\/uploads\\\/2026\\\/01\\\/waspe-100k-StrawberryRaspberryCherryCrazy-Cherry-lceBlue-Cherry-lceCola-lce.webp\",\"contentUrl\":\"https:\\\/\\\/vozolvapen.de\\\/wp-content\\\/uploads\\\/2026\\\/01\\\/waspe-100k-StrawberryRaspberryCherryCrazy-Cherry-lceBlue-Cherry-lceCola-lce.webp\",\"width\":1200,\"height\":1200,\"caption\":\"waspe 100k - StrawberryRaspberryCherry+Crazy Cherry lce+Blue Cherry lce+Cola lce\"},{\"@type\":\"BreadcrumbList\",\"@id\":\"https:\\\/\\\/vozolvapen.de\\\/product\\\/100k-vape-waspe-aiviou-100k-cherry-soda-series\\\/#breadcrumb\",\"itemListElement\":[{\"@type\":\"ListItem\",\"position\":1,\"name\":\"Home\",\"item\":\"https:\\\/\\\/vozolvapen.de\\\/de\\\/\"},{\"@type\":\"ListItem\",\"position\":2,\"name\":\"Shop\",\"item\":\"https:\\\/\\\/vozolvapen.de\\\/shop\\\/\"},{\"@type\":\"ListItem\",\"position\":3,\"name\":\"100k Vape Waspe Aiviou 100k &#8211; Cherry Soda Series\"}]},{\"@type\":\"WebSite\",\"@id\":\"https:\\\/\\\/vozolvapen.de\\\/#website\",\"url\":\"https:\\\/\\\/vozolvapen.de\\\/\",\"name\":\"vozolvapen\",\"description\":\"vozolvapen\",\"publisher\":{\"@id\":\"https:\\\/\\\/vozolvapen.de\\\/#organization\"},\"potentialAction\":[{\"@type\":\"SearchAction\",\"target\":{\"@type\":\"EntryPoint\",\"urlTemplate\":\"https:\\\/\\\/vozolvapen.de\\\/?s={search_term_string}\"},\"query-input\":{\"@type\":\"PropertyValueSpecification\",\"valueRequired\":true,\"valueName\":\"search_term_string\"}}],\"inLanguage\":\"pl-PL\"},{\"@type\":\"Organization\",\"@id\":\"https:\\\/\\\/vozolvapen.de\\\/#organization\",\"name\":\"vozolvapen\",\"url\":\"https:\\\/\\\/vozolvapen.de\\\/\",\"logo\":{\"@type\":\"ImageObject\",\"inLanguage\":\"pl-PL\",\"@id\":\"https:\\\/\\\/vozolvapen.de\\\/#\\\/schema\\\/logo\\\/image\\\/\",\"url\":\"https:\\\/\\\/vozolvapen.de\\\/wp-content\\\/uploads\\\/2025\\\/12\\\/cropped-vozovapen-logo.webp\",\"contentUrl\":\"https:\\\/\\\/vozolvapen.de\\\/wp-content\\\/uploads\\\/2025\\\/12\\\/cropped-vozovapen-logo.webp\",\"width\":470,\"height\":110,\"caption\":\"vozolvapen\"},\"image\":{\"@id\":\"https:\\\/\\\/vozolvapen.de\\\/#\\\/schema\\\/logo\\\/image\\\/\"}}]}<\/script>\n<!-- \/ Yoast SEO Premium plugin. -->","yoast_head_json":{"title":"Cherry Soda Waspe 100k | 4 w 1 Fizzy 100k Vape - vozolvapen","description":"Odkryj Cherry Soda Waspe 100k. 4 kapsu\u0142ki Cherry, Cola i Raspberry. Inteligentny wy\u015bwietlacz LED i 56 ml soku. Najlepszy vaper 100k puffs dla mi\u0142o\u015bnik\u00f3w napoj\u00f3w gazowanych.","robots":{"index":"index","follow":"follow","max-snippet":"max-snippet:-1","max-image-preview":"max-image-preview:large","max-video-preview":"max-video-preview:-1"},"canonical":"https:\/\/vozolvapen.de\/pl\/product\/100k-vape-waspe-aiviou-100k-cherry-soda-series\/","og_locale":"pl_PL","og_type":"article","og_title":"100k Vape Waspe Aiviou 100k - Cherry Soda Series","og_description":"Discover the Cherry Soda Waspe 100k. 4 pods of Cherry, Cola, and Raspberry. Smart LED display and 56ml juice. Best vaper 100k puffs for soda lovers.","og_url":"https:\/\/vozolvapen.de\/pl\/product\/100k-vape-waspe-aiviou-100k-cherry-soda-series\/","og_site_name":"vozolvapen","article_modified_time":"2026-02-10T10:54:28+00:00","og_image":[{"width":1200,"height":1200,"url":"https:\/\/vozolvapen.de\/wp-content\/uploads\/2026\/01\/waspe-100k-StrawberryRaspberryCherryCrazy-Cherry-lceBlue-Cherry-lceCola-lce.webp","type":"image\/webp"}],"twitter_card":"summary_large_image","twitter_misc":{"Szacowany czas czytania":"2 minuty"},"schema":{"@context":"https:\/\/schema.org","@graph":[{"@type":"WebPage","@id":"https:\/\/vozolvapen.de\/product\/100k-vape-waspe-aiviou-100k-cherry-soda-series\/","url":"https:\/\/vozolvapen.de\/product\/100k-vape-waspe-aiviou-100k-cherry-soda-series\/","name":"Cherry Soda Waspe 100k | 4 w 1 Fizzy 100k Vape - vozolvapen","isPartOf":{"@id":"https:\/\/vozolvapen.de\/#website"},"primaryImageOfPage":{"@id":"https:\/\/vozolvapen.de\/product\/100k-vape-waspe-aiviou-100k-cherry-soda-series\/#primaryimage"},"image":{"@id":"https:\/\/vozolvapen.de\/product\/100k-vape-waspe-aiviou-100k-cherry-soda-series\/#primaryimage"},"thumbnailUrl":"https:\/\/vozolvapen.de\/wp-content\/uploads\/2026\/01\/waspe-100k-StrawberryRaspberryCherryCrazy-Cherry-lceBlue-Cherry-lceCola-lce.webp","datePublished":"2026-01-04T03:49:28+00:00","dateModified":"2026-02-10T10:54:28+00:00","description":"Odkryj Cherry Soda Waspe 100k. 4 kapsu\u0142ki Cherry, Cola i Raspberry. Inteligentny wy\u015bwietlacz LED i 56 ml soku. Najlepszy vaper 100k puffs dla mi\u0142o\u015bnik\u00f3w napoj\u00f3w gazowanych.","breadcrumb":{"@id":"https:\/\/vozolvapen.de\/product\/100k-vape-waspe-aiviou-100k-cherry-soda-series\/#breadcrumb"},"inLanguage":"pl-PL","potentialAction":[{"@type":"ReadAction","target":["https:\/\/vozolvapen.de\/product\/100k-vape-waspe-aiviou-100k-cherry-soda-series\/"]}]},{"@type":"ImageObject","inLanguage":"pl-PL","@id":"https:\/\/vozolvapen.de\/product\/100k-vape-waspe-aiviou-100k-cherry-soda-series\/#primaryimage","url":"https:\/\/vozolvapen.de\/wp-content\/uploads\/2026\/01\/waspe-100k-StrawberryRaspberryCherryCrazy-Cherry-lceBlue-Cherry-lceCola-lce.webp","contentUrl":"https:\/\/vozolvapen.de\/wp-content\/uploads\/2026\/01\/waspe-100k-StrawberryRaspberryCherryCrazy-Cherry-lceBlue-Cherry-lceCola-lce.webp","width":1200,"height":1200,"caption":"waspe 100k - StrawberryRaspberryCherry+Crazy Cherry lce+Blue Cherry lce+Cola lce"},{"@type":"BreadcrumbList","@id":"https:\/\/vozolvapen.de\/product\/100k-vape-waspe-aiviou-100k-cherry-soda-series\/#breadcrumb","itemListElement":[{"@type":"ListItem","position":1,"name":"Home","item":"https:\/\/vozolvapen.de\/de\/"},{"@type":"ListItem","position":2,"name":"Shop","item":"https:\/\/vozolvapen.de\/shop\/"},{"@type":"ListItem","position":3,"name":"100k Vape Waspe Aiviou 100k &#8211; Cherry Soda Series"}]},{"@type":"WebSite","@id":"https:\/\/vozolvapen.de\/#website","url":"https:\/\/vozolvapen.de\/","name":"vozolvapen","description":"vozolvapen","publisher":{"@id":"https:\/\/vozolvapen.de\/#organization"},"potentialAction":[{"@type":"SearchAction","target":{"@type":"EntryPoint","urlTemplate":"https:\/\/vozolvapen.de\/?s={search_term_string}"},"query-input":{"@type":"PropertyValueSpecification","valueRequired":true,"valueName":"search_term_string"}}],"inLanguage":"pl-PL"},{"@type":"Organization","@id":"https:\/\/vozolvapen.de\/#organization","name":"vozolvapen","url":"https:\/\/vozolvapen.de\/","logo":{"@type":"ImageObject","inLanguage":"pl-PL","@id":"https:\/\/vozolvapen.de\/#\/schema\/logo\/image\/","url":"https:\/\/vozolvapen.de\/wp-content\/uploads\/2025\/12\/cropped-vozovapen-logo.webp","contentUrl":"https:\/\/vozolvapen.de\/wp-content\/uploads\/2025\/12\/cropped-vozovapen-logo.webp","width":470,"height":110,"caption":"vozolvapen"},"image":{"@id":"https:\/\/vozolvapen.de\/#\/schema\/logo\/image\/"}}]}},"tiered_pricing_type":"fixed","tiered_pricing_fixed_rules":{"30":"13.57","50":"11.57","100":"10.57","200":"10.07"},"tiered_pricing_product_settings":{"layout":"default","base_unit_name":{"singular":null,"plural":null},"default_variation":{}},"tiered_pricing_minimum_quantity":10,"tiered_pricing_roles_data":[],"tiered_pricing_percentage_rules":[],"tiered_pricing_maximum_quantity":null,"tiered_pricing_quantity_step":"10","_links":{"self":[{"href":"http:\/\/vozolvapen.de\/pl\/wp-json\/wp\/v2\/product\/52005","targetHints":{"allow":["GET"]}}],"collection":[{"href":"http:\/\/vozolvapen.de\/pl\/wp-json\/wp\/v2\/product"}],"about":[{"href":"http:\/\/vozolvapen.de\/pl\/wp-json\/wp\/v2\/types\/product"}],"replies":[{"embeddable":true,"href":"http:\/\/vozolvapen.de\/pl\/wp-json\/wp\/v2\/comments?post=52005"}],"wp:featuredmedia":[{"embeddable":true,"href":"http:\/\/vozolvapen.de\/pl\/wp-json\/wp\/v2\/media\/52376"}],"wp:attachment":[{"href":"http:\/\/vozolvapen.de\/pl\/wp-json\/wp\/v2\/media?parent=52005"}],"wp:term":[{"taxonomy":"product_brand","embeddable":true,"href":"http:\/\/vozolvapen.de\/pl\/wp-json\/wp\/v2\/product_brand?post=52005"},{"taxonomy":"product_cat","embeddable":true,"href":"http:\/\/vozolvapen.de\/pl\/wp-json\/wp\/v2\/product_cat?post=52005"},{"taxonomy":"product_tag","embeddable":true,"href":"http:\/\/vozolvapen.de\/pl\/wp-json\/wp\/v2\/product_tag?post=52005"}],"curies":[{"name":"wp","href":"https:\/\/api.w.org\/{rel}","templated":true}]}}