{"id":52085,"date":"2026-01-04T03:49:32","date_gmt":"2026-01-04T03:49:32","guid":{"rendered":"https:\/\/vozolvapen.de\/?post_type=product&#038;p=52085"},"modified":"2026-02-10T10:54:23","modified_gmt":"2026-02-10T10:54:23","slug":"100k-vape-waspe-aiviou-100k-midnight-berry-series","status":"publish","type":"product","link":"http:\/\/vozolvapen.de\/pl\/product\/100k-vape-waspe-aiviou-100k-midnight-berry-series\/","title":{"rendered":"100k Vape Waspe Aiviou 100k - seria Midnight Berry"},"content":{"rendered":"<h1>100k Vape Waspe Aiviou 100k Puffs - seria Midnight Berry<\/h1>\n<p data-path-to-node=\"33\"><b data-path-to-node=\"33\" data-index-in-node=\"0\">Tajemnica lodu i jag\u00f3d:<\/b> Kolekcja ch\u0142odz\u0105ca o tajemniczym smaku \u201cBlack Knight\u201d. To <b data-path-to-node=\"33\" data-index-in-node=\"99\">vaper 100k zaci\u0105gni\u0119\u0107<\/b> Urz\u0105dzenie utrzymuje smaki idealnie odizolowane w 4 zwojach siatki, zapobiegaj\u0105c zanieczyszczeniu krzy\u017cowemu.<\/p>\n<h2 data-path-to-node=\"34\"><b data-path-to-node=\"34\" data-index-in-node=\"0\">G\u0142\u0119bokie zanurzenie w Dark Berry<\/b><\/h2>\n<ul data-path-to-node=\"35\">\n<li>\n<p data-path-to-node=\"35,0,0\"><b data-path-to-node=\"35,0,0\" data-index-in-node=\"0\">Spos\u00f3b A - Blueberry Ice:<\/b> Sch\u0142odzone, pulchne jagody.<\/p>\n<\/li>\n<li>\n<p data-path-to-node=\"35,1,0\"><b data-path-to-node=\"35,1,0\" data-index-in-node=\"0\">Tryb B - Czarny Rycerz:<\/b> Ciemna, tajemnicza mieszanka jag\u00f3d z nutami kwiatowymi i korzennymi.<\/p>\n<\/li>\n<li>\n<p data-path-to-node=\"35,2,0\"><b data-path-to-node=\"35,2,0\" data-index-in-node=\"0\">Mode C - Strawberry Ice:<\/b> Czyste truskawki zamro\u017cone do perfekcji.<\/p>\n<\/li>\n<li>\n<p data-path-to-node=\"35,3,0\"><b data-path-to-node=\"35,3,0\" data-index-in-node=\"0\">Mode D - Strawberry Watermelon:<\/b> Zr\u00f3wnowa\u017cony, nawil\u017caj\u0105cy duet owoc\u00f3w.<\/p>\n<\/li>\n<\/ul>\n<h2 data-path-to-node=\"36\"><b data-path-to-node=\"36\" data-index-in-node=\"0\">Dla kogo przeznaczony jest ten smak?<\/b><\/h2>\n<p data-path-to-node=\"36\"><b data-path-to-node=\"36\" data-index-in-node=\"24\">The Mystery Chaser:<\/b> Idealny dla waper\u00f3w, kt\u00f3rzy lubi\u0105 mieszank\u0119 znanych owoc\u00f3w i egzotycznych niespodzianek w swoich produktach. <b data-path-to-node=\"36\" data-index-in-node=\"127\">Vaper 100k<\/b>.<\/p>\n<h3 data-path-to-node=\"17\"><b data-path-to-node=\"17\" data-index-in-node=\"0\">Seria Midnight Berry - specyfikacja<\/b><\/h3>\n<table data-path-to-node=\"18\">\n<thead>\n<tr>\n<td><strong>Profil wydajno\u015bci<\/strong><\/td>\n<td><strong>Dane techniczne Waspe 100k<\/strong><\/td>\n<td><strong>Indeks dozna\u0144 smakowych<\/strong><\/td>\n<\/tr>\n<\/thead>\n<tbody>\n<tr>\n<td><span data-path-to-node=\"18,1,0,0\"><b data-path-to-node=\"18,1,0,0\" data-index-in-node=\"0\">Model<\/b><\/span><\/td>\n<td><span data-path-to-node=\"18,1,1,0\"><b data-path-to-node=\"18,1,1,0\" data-index-in-node=\"0\">Waspe 100k<\/b> Elita<\/span><\/td>\n<td><span data-path-to-node=\"18,1,2,0\"><b data-path-to-node=\"18,1,2,0\" data-index-in-node=\"0\">Tajemniczy aromat:<\/b> \ud83d\udd2e\ud83d\udd2e\ud83d\udd2e\ud83d\udd2e<\/span><\/td>\n<\/tr>\n<tr>\n<td><span data-path-to-node=\"18,2,0,0\"><b data-path-to-node=\"18,2,0,0\" data-index-in-node=\"0\">St\u0119\u017cenie nikotyny<\/b><\/span><\/td>\n<td><span data-path-to-node=\"18,2,1,0\">0%, 2%, 5% Opcje<\/span><\/td>\n<td><span data-path-to-node=\"18,2,2,0\"><b data-path-to-node=\"18,2,2,0\" data-index-in-node=\"0\">Intensywno\u015b\u0107 ch\u0142odzenia:<\/b> \u2744\ufe0f\u2744\ufe0f\u2744\ufe0f\u2744\ufe0f\u2744\ufe0f<\/span><\/td>\n<\/tr>\n<tr>\n<td><span data-path-to-node=\"18,3,0,0\"><b data-path-to-node=\"18,3,0,0\" data-index-in-node=\"0\">Pojemno\u015b\u0107<\/b><\/span><\/td>\n<td><span data-path-to-node=\"18,3,1,0\">56 ml oleju og\u00f3\u0142em<\/span><\/td>\n<td><span data-path-to-node=\"18,3,2,0\"><b data-path-to-node=\"18,3,2,0\" data-index-in-node=\"0\">Uderzenie w gard\u0142o:<\/b> \u26a1\u26a1\u26a1\u26a1<\/span><\/td>\n<\/tr>\n<tr>\n<td><span data-path-to-node=\"18,4,0,0\"><b data-path-to-node=\"18,4,0,0\" data-index-in-node=\"0\">Monitor<\/b><\/span><\/td>\n<td><span data-path-to-node=\"18,4,1,0\">Informacje o baterii LED w czasie rzeczywistym<\/span><\/td>\n<td><span data-path-to-node=\"18,4,2,0\"><b data-path-to-node=\"18,4,2,0\" data-index-in-node=\"0\">Najlepszy przep\u0142yw powietrza:<\/b> P\u00f3\u0142otwarty (g\u0142\u0119bokie uderzenie)<\/span><\/td>\n<\/tr>\n<\/tbody>\n<\/table>\n<h2><b data-path-to-node=\"13,0\" data-index-in-node=\"0\">Nauka Waspe Aiviou 100k Pods<\/b><\/h2>\n<p data-path-to-node=\"13,1\">Po co zadowala\u0107 si\u0119 jednym smakiem, skoro mo\u017cna do\u015bwiadczy\u0107 \u201cmiksologii\u201d? To <b data-path-to-node=\"13,1\" data-index-in-node=\"74\">Waspe 100k<\/b> Seria umo\u017cliwia prze\u0142\u0105czanie mi\u0119dzy czterema kapsu\u0142kami, aby zapobiec \u201cj\u0119zykowi Vapera\u201d.\u201d<\/p>\n<ul data-path-to-node=\"13,2\">\n<li>\n<p data-path-to-node=\"13,2,0,0\"><b data-path-to-node=\"13,2,0,0\" data-index-in-node=\"0\">Reset palety:<\/b> Zacznij od s\u0142odkich <b data-path-to-node=\"13,2,0,0\" data-index-in-node=\"41\">Cukierki<\/b> notatki, a nast\u0119pnie prze\u0142\u0105czy\u0107 si\u0119 na <b data-path-to-node=\"13,2,0,0\" data-index-in-node=\"71\">Zesty<\/b> pod, aby zresetowa\u0107 receptory smaku.<\/p>\n<\/li>\n<li>\n<p data-path-to-node=\"13,2,1,0\"><b data-path-to-node=\"13,2,1,0\" data-index-in-node=\"0\">Niezale\u017cne cewki:<\/b> Ka\u017cda kapsu\u0142ka ma w\u0142asn\u0105 cewk\u0119 siatkow\u0105 1,0\u03a9. Oznacza to, \u017ce <b data-path-to-node=\"13,2,1,0\" data-index-in-node=\"72\">Truskawka<\/b> smak nigdy nie smakuje jak tw\u00f3j <b data-path-to-node=\"13,2,1,0\" data-index-in-node=\"113\">Cola<\/b> smak, nawet po 50 000 zaci\u0105gni\u0119\u0107.<\/p>\n<\/li>\n<li>\n<p data-path-to-node=\"13,2,2,0\"><b data-path-to-node=\"13,2,2,0\" data-index-in-node=\"0\">Niestandardowa si\u0142a:<\/b> Niezale\u017cnie od tego, czy u\u017cywasz <b data-path-to-node=\"13,2,2,0\" data-index-in-node=\"41\">vaper sin nicotina<\/b> na nocne zachcianki lub 5% na poranne uderzenie, integralno\u015b\u0107 smaku pozostaje elitarna.<\/p>\n<\/li>\n<\/ul>\n<h3 data-path-to-node=\"77\"><b data-path-to-node=\"77\" data-index-in-node=\"0\">Dalsze zalecenia:<\/b><\/h3>\n<p data-path-to-node=\"78\">Odkryj jeszcze wi\u0119cej niesamowitych smak\u00f3w dzi\u0119ki <b data-path-to-node=\"78\" data-index-in-node=\"47\">Waspe 4 w 1 100K Vape<\/b>!<\/p>\n<p data-path-to-node=\"79\"><a class=\"ng-star-inserted\" href=\"https:\/\/vozolvapen.de\/pl\/product-category\/waspe-vape\/100k-vape-waspe-aiviou-100k-4-in-1\/\" target=\"_blank\" rel=\"noopener noreferrer nofollow\" data-hveid=\"0\" data-ved=\"0CAAQ_4QMahgKEwjxyYqx9_CRAxUAAAAAHQAAAAAQ9wE\">Zobacz wszystkie odmiany tutaj \u2192<\/a><\/p>\n<p data-path-to-node=\"80\">Zapoznaj si\u0119 z nasz\u0105 pe\u0142n\u0105 kolekcj\u0105 i kupuj produkty najlepszych marek vape, kt\u00f3re pokochasz.<\/p>\n<p data-path-to-node=\"81\"><a class=\"ng-star-inserted\" href=\"https:\/\/vozolvapen.de\/pl\/\" target=\"_blank\" rel=\"noopener noreferrer nofollow\" data-hveid=\"0\" data-ved=\"0CAAQ_4QMahgKEwjxyYqx9_CRAxUAAAAAHQAAAAAQ-AE\">Przegl\u0105daj teraz wszystkie marki \u2192<\/a><\/p>\n<p data-path-to-node=\"82\">Sprawd\u017a ca\u0142o\u015b\u0107 <b data-path-to-node=\"82\" data-index-in-node=\"23\">Waspe Aiviou<\/b> Seria - ka\u017cdy smak, ka\u017cdy styl!<\/p>\n<p data-path-to-node=\"83\"><a class=\"ng-star-inserted\" href=\"https:\/\/vozolvapen.de\/pl\/product-category\/waspe-vape\/\" target=\"_blank\" rel=\"noopener noreferrer nofollow\" data-hveid=\"0\" data-ved=\"0CAAQ_4QMahgKEwjxyYqx9_CRAxUAAAAAHQAAAAAQ-QE\">Zobacz pe\u0142n\u0105 kolekcj\u0119 Waspe \u2192<\/a><\/p>","protected":false},"excerpt":{"rendered":"<p><b data-path-to-node=\"3,6,4,0\" data-index-in-node=\"0\">Tajemnica nocy.<\/b> Odkryj ciemne, lodowe nuty jagodowe i sekretny smak \u201cBlack Knight\u201d. Wyrafinowany <b data-path-to-node=\"3,6,4,0\" data-index-in-node=\"110\">100k vape<\/b> dla \u017c\u0105dnych przyg\u00f3d podniebie\u0144.<\/p>","protected":false},"featured_media":52382,"comment_status":"open","ping_status":"closed","template":"","meta":{"_acf_changed":false},"product_brand":[],"product_cat":[107,134],"product_tag":[],"class_list":{"0":"post-52085","1":"product","2":"type-product","3":"status-publish","4":"has-post-thumbnail","6":"product_cat-100k-vape-waspe-aiviou-100k-4-in-1","7":"product_cat-eu-warehouse-in-stock","9":"first","10":"instock","11":"shipping-taxable","12":"purchasable","13":"product-type-variable"},"acf":[],"yoast_head":"<!-- This site is optimized with the Yoast SEO Premium plugin v26.1 (Yoast SEO v27.5) - https:\/\/yoast.com\/product\/yoast-seo-premium-wordpress\/ -->\n<title>Midnight Berry Waspe 100k | Dark Fruit 100k Vape - vozolvapen<\/title>\n<meta name=\"description\" content=\"Experience Midnight Berry Waspe 100k. Featuring the Black Knight and Blueberry Ice. A mysterious 4-in-1 vaper 100k with smart LED monitoring.\" \/>\n<meta name=\"robots\" content=\"index, follow, max-snippet:-1, max-image-preview:large, max-video-preview:-1\" \/>\n<link rel=\"canonical\" href=\"https:\/\/vozolvapen.de\/pl\/product\/100k-vape-waspe-aiviou-100k-midnight-berry-series\/\" \/>\n<meta property=\"og:locale\" content=\"pl_PL\" \/>\n<meta property=\"og:type\" content=\"article\" \/>\n<meta property=\"og:title\" content=\"100k Vape Waspe Aiviou 100k - Midnight Berry Series\" \/>\n<meta property=\"og:description\" content=\"Experience Midnight Berry Waspe 100k. Featuring the Black Knight and Blueberry Ice. A mysterious 4-in-1 vaper 100k with smart LED monitoring.\" \/>\n<meta property=\"og:url\" content=\"https:\/\/vozolvapen.de\/pl\/product\/100k-vape-waspe-aiviou-100k-midnight-berry-series\/\" \/>\n<meta property=\"og:site_name\" content=\"vozolvapen\" \/>\n<meta property=\"article:modified_time\" content=\"2026-02-10T10:54:23+00:00\" \/>\n<meta property=\"og:image\" content=\"https:\/\/vozolvapen.de\/wp-content\/uploads\/2026\/01\/waspe-100k-Blueberry-lceBlack-KnightStrawberry-lceStrawberry-Watermelon.webp\" \/>\n\t<meta property=\"og:image:width\" content=\"1200\" \/>\n\t<meta property=\"og:image:height\" content=\"1200\" \/>\n\t<meta property=\"og:image:type\" content=\"image\/webp\" \/>\n<meta name=\"twitter:card\" content=\"summary_large_image\" \/>\n<meta name=\"twitter:label1\" content=\"Szacowany czas czytania\" \/>\n\t<meta name=\"twitter:data1\" content=\"2 minuty\" \/>\n<script type=\"application\/ld+json\" class=\"yoast-schema-graph\">{\"@context\":\"https:\\\/\\\/schema.org\",\"@graph\":[{\"@type\":\"WebPage\",\"@id\":\"https:\\\/\\\/vozolvapen.de\\\/product\\\/100k-vape-waspe-aiviou-100k-midnight-berry-series\\\/\",\"url\":\"https:\\\/\\\/vozolvapen.de\\\/product\\\/100k-vape-waspe-aiviou-100k-midnight-berry-series\\\/\",\"name\":\"Midnight Berry Waspe 100k | Dark Fruit 100k Vape - vozolvapen\",\"isPartOf\":{\"@id\":\"https:\\\/\\\/vozolvapen.de\\\/#website\"},\"primaryImageOfPage\":{\"@id\":\"https:\\\/\\\/vozolvapen.de\\\/product\\\/100k-vape-waspe-aiviou-100k-midnight-berry-series\\\/#primaryimage\"},\"image\":{\"@id\":\"https:\\\/\\\/vozolvapen.de\\\/product\\\/100k-vape-waspe-aiviou-100k-midnight-berry-series\\\/#primaryimage\"},\"thumbnailUrl\":\"https:\\\/\\\/vozolvapen.de\\\/wp-content\\\/uploads\\\/2026\\\/01\\\/waspe-100k-Blueberry-lceBlack-KnightStrawberry-lceStrawberry-Watermelon.webp\",\"datePublished\":\"2026-01-04T03:49:32+00:00\",\"dateModified\":\"2026-02-10T10:54:23+00:00\",\"description\":\"Experience Midnight Berry Waspe 100k. Featuring the Black Knight and Blueberry Ice. A mysterious 4-in-1 vaper 100k with smart LED monitoring.\",\"breadcrumb\":{\"@id\":\"https:\\\/\\\/vozolvapen.de\\\/product\\\/100k-vape-waspe-aiviou-100k-midnight-berry-series\\\/#breadcrumb\"},\"inLanguage\":\"pl-PL\",\"potentialAction\":[{\"@type\":\"ReadAction\",\"target\":[\"https:\\\/\\\/vozolvapen.de\\\/product\\\/100k-vape-waspe-aiviou-100k-midnight-berry-series\\\/\"]}]},{\"@type\":\"ImageObject\",\"inLanguage\":\"pl-PL\",\"@id\":\"https:\\\/\\\/vozolvapen.de\\\/product\\\/100k-vape-waspe-aiviou-100k-midnight-berry-series\\\/#primaryimage\",\"url\":\"https:\\\/\\\/vozolvapen.de\\\/wp-content\\\/uploads\\\/2026\\\/01\\\/waspe-100k-Blueberry-lceBlack-KnightStrawberry-lceStrawberry-Watermelon.webp\",\"contentUrl\":\"https:\\\/\\\/vozolvapen.de\\\/wp-content\\\/uploads\\\/2026\\\/01\\\/waspe-100k-Blueberry-lceBlack-KnightStrawberry-lceStrawberry-Watermelon.webp\",\"width\":1200,\"height\":1200,\"caption\":\"waspe 100k - Blueberry lce+Black Knight+Strawberry lce+Strawberry Watermelon\"},{\"@type\":\"BreadcrumbList\",\"@id\":\"https:\\\/\\\/vozolvapen.de\\\/product\\\/100k-vape-waspe-aiviou-100k-midnight-berry-series\\\/#breadcrumb\",\"itemListElement\":[{\"@type\":\"ListItem\",\"position\":1,\"name\":\"Home\",\"item\":\"https:\\\/\\\/vozolvapen.de\\\/de\\\/\"},{\"@type\":\"ListItem\",\"position\":2,\"name\":\"Shop\",\"item\":\"https:\\\/\\\/vozolvapen.de\\\/shop\\\/\"},{\"@type\":\"ListItem\",\"position\":3,\"name\":\"100k Vape Waspe Aiviou 100k &#8211; Midnight Berry Series\"}]},{\"@type\":\"WebSite\",\"@id\":\"https:\\\/\\\/vozolvapen.de\\\/#website\",\"url\":\"https:\\\/\\\/vozolvapen.de\\\/\",\"name\":\"vozolvapen\",\"description\":\"vozolvapen\",\"publisher\":{\"@id\":\"https:\\\/\\\/vozolvapen.de\\\/#organization\"},\"potentialAction\":[{\"@type\":\"SearchAction\",\"target\":{\"@type\":\"EntryPoint\",\"urlTemplate\":\"https:\\\/\\\/vozolvapen.de\\\/?s={search_term_string}\"},\"query-input\":{\"@type\":\"PropertyValueSpecification\",\"valueRequired\":true,\"valueName\":\"search_term_string\"}}],\"inLanguage\":\"pl-PL\"},{\"@type\":\"Organization\",\"@id\":\"https:\\\/\\\/vozolvapen.de\\\/#organization\",\"name\":\"vozolvapen\",\"url\":\"https:\\\/\\\/vozolvapen.de\\\/\",\"logo\":{\"@type\":\"ImageObject\",\"inLanguage\":\"pl-PL\",\"@id\":\"https:\\\/\\\/vozolvapen.de\\\/#\\\/schema\\\/logo\\\/image\\\/\",\"url\":\"https:\\\/\\\/vozolvapen.de\\\/wp-content\\\/uploads\\\/2025\\\/12\\\/cropped-vozovapen-logo.webp\",\"contentUrl\":\"https:\\\/\\\/vozolvapen.de\\\/wp-content\\\/uploads\\\/2025\\\/12\\\/cropped-vozovapen-logo.webp\",\"width\":470,\"height\":110,\"caption\":\"vozolvapen\"},\"image\":{\"@id\":\"https:\\\/\\\/vozolvapen.de\\\/#\\\/schema\\\/logo\\\/image\\\/\"}}]}<\/script>\n<!-- \/ Yoast SEO Premium plugin. -->","yoast_head_json":{"title":"Midnight Berry Waspe 100k | Dark Fruit 100k Vape - vozolvapen","description":"Prze\u017cyj Midnight Berry Waspe 100k. Zawiera Black Knight i Blueberry Ice. Tajemniczy vaper 100k 4 w 1 z inteligentnym monitorowaniem LED.","robots":{"index":"index","follow":"follow","max-snippet":"max-snippet:-1","max-image-preview":"max-image-preview:large","max-video-preview":"max-video-preview:-1"},"canonical":"https:\/\/vozolvapen.de\/pl\/product\/100k-vape-waspe-aiviou-100k-midnight-berry-series\/","og_locale":"pl_PL","og_type":"article","og_title":"100k Vape Waspe Aiviou 100k - Midnight Berry Series","og_description":"Experience Midnight Berry Waspe 100k. Featuring the Black Knight and Blueberry Ice. A mysterious 4-in-1 vaper 100k with smart LED monitoring.","og_url":"https:\/\/vozolvapen.de\/pl\/product\/100k-vape-waspe-aiviou-100k-midnight-berry-series\/","og_site_name":"vozolvapen","article_modified_time":"2026-02-10T10:54:23+00:00","og_image":[{"width":1200,"height":1200,"url":"https:\/\/vozolvapen.de\/wp-content\/uploads\/2026\/01\/waspe-100k-Blueberry-lceBlack-KnightStrawberry-lceStrawberry-Watermelon.webp","type":"image\/webp"}],"twitter_card":"summary_large_image","twitter_misc":{"Szacowany czas czytania":"2 minuty"},"schema":{"@context":"https:\/\/schema.org","@graph":[{"@type":"WebPage","@id":"https:\/\/vozolvapen.de\/product\/100k-vape-waspe-aiviou-100k-midnight-berry-series\/","url":"https:\/\/vozolvapen.de\/product\/100k-vape-waspe-aiviou-100k-midnight-berry-series\/","name":"Midnight Berry Waspe 100k | Dark Fruit 100k Vape - vozolvapen","isPartOf":{"@id":"https:\/\/vozolvapen.de\/#website"},"primaryImageOfPage":{"@id":"https:\/\/vozolvapen.de\/product\/100k-vape-waspe-aiviou-100k-midnight-berry-series\/#primaryimage"},"image":{"@id":"https:\/\/vozolvapen.de\/product\/100k-vape-waspe-aiviou-100k-midnight-berry-series\/#primaryimage"},"thumbnailUrl":"https:\/\/vozolvapen.de\/wp-content\/uploads\/2026\/01\/waspe-100k-Blueberry-lceBlack-KnightStrawberry-lceStrawberry-Watermelon.webp","datePublished":"2026-01-04T03:49:32+00:00","dateModified":"2026-02-10T10:54:23+00:00","description":"Prze\u017cyj Midnight Berry Waspe 100k. Zawiera Black Knight i Blueberry Ice. Tajemniczy vaper 100k 4 w 1 z inteligentnym monitorowaniem LED.","breadcrumb":{"@id":"https:\/\/vozolvapen.de\/product\/100k-vape-waspe-aiviou-100k-midnight-berry-series\/#breadcrumb"},"inLanguage":"pl-PL","potentialAction":[{"@type":"ReadAction","target":["https:\/\/vozolvapen.de\/product\/100k-vape-waspe-aiviou-100k-midnight-berry-series\/"]}]},{"@type":"ImageObject","inLanguage":"pl-PL","@id":"https:\/\/vozolvapen.de\/product\/100k-vape-waspe-aiviou-100k-midnight-berry-series\/#primaryimage","url":"https:\/\/vozolvapen.de\/wp-content\/uploads\/2026\/01\/waspe-100k-Blueberry-lceBlack-KnightStrawberry-lceStrawberry-Watermelon.webp","contentUrl":"https:\/\/vozolvapen.de\/wp-content\/uploads\/2026\/01\/waspe-100k-Blueberry-lceBlack-KnightStrawberry-lceStrawberry-Watermelon.webp","width":1200,"height":1200,"caption":"waspe 100k - Blueberry lce+Black Knight+Strawberry lce+Strawberry Watermelon"},{"@type":"BreadcrumbList","@id":"https:\/\/vozolvapen.de\/product\/100k-vape-waspe-aiviou-100k-midnight-berry-series\/#breadcrumb","itemListElement":[{"@type":"ListItem","position":1,"name":"Home","item":"https:\/\/vozolvapen.de\/de\/"},{"@type":"ListItem","position":2,"name":"Shop","item":"https:\/\/vozolvapen.de\/shop\/"},{"@type":"ListItem","position":3,"name":"100k Vape Waspe Aiviou 100k &#8211; Midnight Berry Series"}]},{"@type":"WebSite","@id":"https:\/\/vozolvapen.de\/#website","url":"https:\/\/vozolvapen.de\/","name":"vozolvapen","description":"vozolvapen","publisher":{"@id":"https:\/\/vozolvapen.de\/#organization"},"potentialAction":[{"@type":"SearchAction","target":{"@type":"EntryPoint","urlTemplate":"https:\/\/vozolvapen.de\/?s={search_term_string}"},"query-input":{"@type":"PropertyValueSpecification","valueRequired":true,"valueName":"search_term_string"}}],"inLanguage":"pl-PL"},{"@type":"Organization","@id":"https:\/\/vozolvapen.de\/#organization","name":"vozolvapen","url":"https:\/\/vozolvapen.de\/","logo":{"@type":"ImageObject","inLanguage":"pl-PL","@id":"https:\/\/vozolvapen.de\/#\/schema\/logo\/image\/","url":"https:\/\/vozolvapen.de\/wp-content\/uploads\/2025\/12\/cropped-vozovapen-logo.webp","contentUrl":"https:\/\/vozolvapen.de\/wp-content\/uploads\/2025\/12\/cropped-vozovapen-logo.webp","width":470,"height":110,"caption":"vozolvapen"},"image":{"@id":"https:\/\/vozolvapen.de\/#\/schema\/logo\/image\/"}}]}},"tiered_pricing_type":"fixed","tiered_pricing_fixed_rules":{"30":"13.57","50":"11.57","100":"10.57","200":"10.07"},"tiered_pricing_product_settings":{"layout":"default","base_unit_name":{"singular":null,"plural":null},"default_variation":{}},"tiered_pricing_minimum_quantity":10,"tiered_pricing_roles_data":[],"tiered_pricing_percentage_rules":[],"tiered_pricing_maximum_quantity":null,"tiered_pricing_quantity_step":"10","_links":{"self":[{"href":"http:\/\/vozolvapen.de\/pl\/wp-json\/wp\/v2\/product\/52085","targetHints":{"allow":["GET"]}}],"collection":[{"href":"http:\/\/vozolvapen.de\/pl\/wp-json\/wp\/v2\/product"}],"about":[{"href":"http:\/\/vozolvapen.de\/pl\/wp-json\/wp\/v2\/types\/product"}],"replies":[{"embeddable":true,"href":"http:\/\/vozolvapen.de\/pl\/wp-json\/wp\/v2\/comments?post=52085"}],"wp:featuredmedia":[{"embeddable":true,"href":"http:\/\/vozolvapen.de\/pl\/wp-json\/wp\/v2\/media\/52382"}],"wp:attachment":[{"href":"http:\/\/vozolvapen.de\/pl\/wp-json\/wp\/v2\/media?parent=52085"}],"wp:term":[{"taxonomy":"product_brand","embeddable":true,"href":"http:\/\/vozolvapen.de\/pl\/wp-json\/wp\/v2\/product_brand?post=52085"},{"taxonomy":"product_cat","embeddable":true,"href":"http:\/\/vozolvapen.de\/pl\/wp-json\/wp\/v2\/product_cat?post=52085"},{"taxonomy":"product_tag","embeddable":true,"href":"http:\/\/vozolvapen.de\/pl\/wp-json\/wp\/v2\/product_tag?post=52085"}],"curies":[{"name":"wp","href":"https:\/\/api.w.org\/{rel}","templated":true}]}}